{"id":29112,"date":"2024-08-18T18:18:53","date_gmt":"2024-08-18T16:18:53","guid":{"rendered":"https:\/\/wifi.se\/?page_id=29112"},"modified":"2024-10-08T15:15:51","modified_gmt":"2024-10-08T13:15:51","slug":"schnellstartanleitung","status":"publish","type":"page","link":"https:\/\/wifi.se\/pl\/schnellstartanleitung\/","title":{"rendered":"Schnellstartanleitung"},"content":{"rendered":"\n\n\t<section class=\"section\" id=\"section_992247368\">\n\t\t<div class=\"section-bg fill\" >\n\t\t\t\t\t\t\t\t\t\n\t\t\t\n\n\t\t<\/div>\n\n\t\t\n\n\t\t<div class=\"section-content relative\">\n\t\t\t\n\n<div class=\"row\"  id=\"row-968549712\">\n\n\n\t<div id=\"col-176905694\" class=\"col small-12 large-12\"  >\n\t\t\t\t<div class=\"col-inner\"  >\n\t\t\t\n\t\t\t\n\n<div class=\"container section-title-container guide_title\" ><h1 class=\"section-title section-title-center\"><b aria-hidden=\"true\"><\/b><span class=\"section-title-main\" >Schnellstartanleitung<\/span><b aria-hidden=\"true\"><\/b><\/h1><\/div>\n\n\n\t\t<\/div>\n\t\t\t\t\t<\/div>\n\n\t\n\n<\/div>\n<div class=\"row\"  id=\"row-1906226308\">\n\n\n\t<div id=\"col-363786404\" class=\"col small-12 large-12\"  >\n\t\t\t\t<div class=\"col-inner\"  >\n\t\t\t\n\t\t\t\n\n\n\n<meta charset=\"UTF-8\">\n    <meta name=\"viewport\" content=\"width=device-width, initial-scale=1.0\">\n    <title>Button Styles<\/title>\n    <style>\n        \n    <\/style>\n\n\n\n    <!-- Button with Link -->\n    <a href=\"\/hurtigstartveiledning\/\" class=\"link-button\">\n        Dansk\n    <\/a>\n<a href=\"\/schnellstartanleitung\/\" class=\"link-button-active\">\n        Deutsch\n    <\/a>\n <a href=\"\/quick-start-guide\/\" class=\"link-button\">\n         English\n    <\/a>\n <a href=\"\/guia-de-inicio-rapido\/\" class=\"link-button\">\n         Espa\u00f1ol\n    <\/a>\n <a href=\"\/guide-de-demarrage-rapide\/\" class=\"link-button\">\n        Fran\u00e7ais\n    <\/a>\n <a href=\"\/guida-rapida\/\" class=\"link-button\">\n        Italiano\n    <\/a>\n <a href=\"\/snelstartgids\/\" class=\"link-button\">\n        Nederlands\n    <\/a> <a href=\"\/hurtigstartvejledning\/\" class=\"link-button\">\n        Norsk\n    <\/a>\n\n<a href=\"\/pikaopas\/\" class=\"link-button\">\n        Suomen kielt\u00e4\n    <\/a>\n<a href=\"\/snabbstartsguide\/\" class=\"link-button\">\n        Svenska\n    <\/a>\n<a href=\"\/przewodnik-szybkiego-startu\/\" class=\"link-button\">\n        Polski\n    <\/a>\n\n\n\t\t<\/div>\n\t\t\t\t\t<\/div>\n\n\t\n\n<\/div>\n\n\t\t<\/div>\n\n\t\t\n<style>\n#section_992247368 {\n  padding-top: 30px;\n  padding-bottom: 30px;\n}\n<\/style>\n\t<\/section>\n\t\n\n\t<section class=\"section\" id=\"section_2037334648\">\n\t\t<div class=\"section-bg fill\" >\n\t\t\t\t\t\t\t\t\t\n\t\t\t\n\n\t\t<\/div>\n\n\t\t\n\n\t\t<div class=\"section-content relative\">\n\t\t\t\n\n<div class=\"row align-center\"  id=\"row-232990445\">\n\n\n\t<div id=\"col-1089167452\" class=\"col medium-8 small-12 large-8\"  >\n\t\t\t\t<div class=\"col-inner\"  >\n\t\t\t\n\t\t\t\n\n\t<div class=\"img has-hover x md-x lg-x y md-y lg-y\" id=\"image_171441277\">\n\t\t\t\t\t\t\t\t<div class=\"img-inner dark\" >\n\t\t\t<img loading=\"lazy\" decoding=\"async\" width=\"800\" height=\"800\" src=\"https:\/\/wifi.se\/pl\/wp-content\/uploads\/sites\/9\/2024\/08\/hybrid32.jpg\" class=\"attachment-original size-original\" alt=\"Hybrid Traveller\" srcset=\"https:\/\/wifi.se\/pl\/wp-content\/uploads\/sites\/9\/2024\/08\/hybrid32.jpg 800w, https:\/\/wifi.se\/pl\/wp-content\/uploads\/sites\/9\/2024\/08\/hybrid32-300x300.jpg 300w, https:\/\/wifi.se\/pl\/wp-content\/uploads\/sites\/9\/2024\/08\/hybrid32-100x100.jpg 100w, https:\/\/wifi.se\/pl\/wp-content\/uploads\/sites\/9\/2024\/08\/hybrid32-510x510.jpg 510w, https:\/\/wifi.se\/pl\/wp-content\/uploads\/sites\/9\/2024\/08\/hybrid32-64x64.jpg 64w, https:\/\/wifi.se\/pl\/wp-content\/uploads\/sites\/9\/2024\/08\/hybrid32-150x150.jpg 150w, https:\/\/wifi.se\/pl\/wp-content\/uploads\/sites\/9\/2024\/08\/hybrid32-768x768.jpg 768w, https:\/\/wifi.se\/pl\/wp-content\/uploads\/sites\/9\/2024\/08\/hybrid32-66x66.jpg 66w, https:\/\/wifi.se\/pl\/wp-content\/uploads\/sites\/9\/2024\/08\/hybrid32-200x200.jpg 200w, https:\/\/wifi.se\/pl\/wp-content\/uploads\/sites\/9\/2024\/08\/hybrid32-400x400.jpg 400w, https:\/\/wifi.se\/pl\/wp-content\/uploads\/sites\/9\/2024\/08\/hybrid32-600x600.jpg 600w, https:\/\/wifi.se\/pl\/wp-content\/uploads\/sites\/9\/2024\/08\/hybrid32-50x50.jpg 50w\" sizes=\"auto, (max-width: 800px) 100vw, 800px\" \/>\t\t\t\t\t\t\n\t\t\t\t\t<\/div>\n\t\t\t\t\t\t\t\t\n<style>\n#image_171441277 {\n  width: 100%;\n}\n<\/style>\n\t<\/div>\n\t\n\n\n\t\t<\/div>\n\t\t\t\t\t<\/div>\n\n\t\n\n<\/div>\n\n\t\t<\/div>\n\n\t\t\n<style>\n#section_2037334648 {\n  padding-top: 30px;\n  padding-bottom: 30px;\n}\n<\/style>\n\t<\/section>\n\t\n<div class=\"row\"  id=\"row-1595152065\">\n\n\n\t<div id=\"col-1193213885\" class=\"col small-12 large-12\"  >\n\t\t\t\t<div class=\"col-inner\"  >\n\t\t\t\n\t\t\t\n\n<p>Dieser Router funktioniert in jedem Land gut, da er nicht f\u00fcr Roaming gesperrt ist. Sie k\u00f6nnen jede SIM-Karte von jedem Anbieter verwenden. Der Router kann an 12V, 110V oder 230V angeschlossen werden oder \u00fcber das USB-Stromkabel betrieben werden. Dies macht den Router sowohl f\u00fcr den Heim- als auch f\u00fcr den Reisegebrauch geeignet.<\/p>\n<p><strong>5G-Router HybridTraveller<\/strong><\/p>\n<p>Dieser Router unterst\u00fctzt Nano-SIM-Karten und ist auch f\u00fcr zuk\u00fcnftige eSIM-Funktionalit\u00e4t vorbereitet. Sie k\u00f6nnen eine SIM-Karte bei uns oder bei jedem anderen Anbieter erwerben. Unser Router ist an keinen Anbieter gebunden, sodass Sie jede SIM-Karte verwenden k\u00f6nnen. Stellen Sie sicher, dass die SIM-Karte keine PIN hat.<\/p>\n<p><strong>LED-Anzeigen<\/strong><\/p>\n<ul>\n<li>DC-Strom<\/li>\n<li>LAN-Anschluss<\/li>\n<li>USB-C-Anschluss (nur f\u00fcr Herstellungsservice, nicht zum Laden)<\/li>\n<li>SIM-Steckplatz<\/li>\n<li>Reset-Taste<\/li>\n<li>WPS-Taste<\/li>\n<li>Ein-\/Ausschalter<\/li>\n<\/ul>\n<p><strong>Installation<\/strong><\/p>\n<p>Seien Sie vorsichtig beim Einsetzen der SIM-Karte, um sicherzustellen, dass sie richtig ausgerichtet und vorsichtig eingesetzt wird. Verwenden Sie keine Gewalt beim Einsetzen der SIM-Karte, da sie stecken bleiben k\u00f6nnte. Beachten Sie das Bild auf dem Router f\u00fcr die korrekte SIM-Karteninstallation. Die abgeschr\u00e4gte Ecke der SIM-Karte sollte nach unten zeigen. Sie kann nur in einer Richtung eingesetzt werden.<\/p>\n<p>Verwenden Sie die richtige SIM-Karte: Nano-SIM (die kleinste SIM-Karte). Setzen Sie die SIM-Karte vorsichtig in den SIM-Steckplatz ein, bis sie einrastet.<\/p>\n<p>Um die SIM-Karte zu entfernen, dr\u00fccken Sie die SIM-Karte vorsichtig, bis sie einrastet und automatisch herausspringt. Setzen oder entfernen Sie die SIM-Karte nicht, wenn der Router eingeschaltet ist. Dies kann die Leistung beeintr\u00e4chtigen und die SIM-Karte besch\u00e4digen.<\/p>\n<p>Schlie\u00dfen Sie das Netzteil oder das USB-Kabel an den Router an. Dr\u00fccken Sie den Ein-\/Ausschalter l\u00e4nger als 3 Sekunden, bis die Kontrollleuchte zu blinken beginnt und der Router startet. Wenn die Kontrollleuchte aufh\u00f6rt zu blinken, hat der Router die Initialisierung abgeschlossen und beginnt zu arbeiten.<\/p>\n<div class=\"table-1\">\n<table style=\"height: 184px;\" width=\"1152\">\n<thead>\n<tr>\n<th align=\"left\">Anzeige<\/th>\n<th align=\"left\">Beschreibung<\/th>\n<th align=\"left\">Farbe<\/th>\n<\/tr>\n<\/thead>\n<tbody>\n<tr>\n<td align=\"left\">5G-Netzwerkstatus:<\/td>\n<td align=\"left\">5G-Netzwerk verbunden<\/td>\n<td align=\"left\">Gr\u00fcn<\/td>\n<\/tr>\n<tr>\n<td align=\"left\">&nbsp;<\/td>\n<td align=\"left\">5G-Netzwerk nicht verbunden<\/td>\n<td align=\"left\">Aus<\/td>\n<\/tr>\n<tr>\n<td align=\"left\">Wi-Fi-Status:<\/td>\n<td align=\"left\">Wi-Fi funktioniert<\/td>\n<td align=\"left\">Gr\u00fcn<\/td>\n<\/tr>\n<tr>\n<td align=\"left\">&nbsp;<\/td>\n<td align=\"left\">Wi-Fi ist aus<\/td>\n<td align=\"left\">Aus<\/td>\n<\/tr>\n<tr>\n<td align=\"left\">&nbsp;<\/td>\n<td align=\"left\">WPS-Funktion aktiv<\/td>\n<td align=\"left\">Blinkendes Gr\u00fcn<\/td>\n<\/tr>\n<tr>\n<td align=\"left\">LAN-Anschlussstatus:<\/td>\n<td align=\"left\">LAN-Anschluss funktioniert<\/td>\n<td align=\"left\">Gr\u00fcn<\/td>\n<\/tr>\n<tr>\n<td align=\"left\">&nbsp;<\/td>\n<td align=\"left\">LAN-Anschluss nicht verbunden<\/td>\n<td align=\"left\">Aus<\/td>\n<\/tr>\n<tr>\n<td align=\"left\">Stromversorgung:<\/td>\n<td align=\"left\">Router ist online<\/td>\n<td align=\"left\">Gr\u00fcn<\/td>\n<\/tr>\n<tr>\n<td align=\"left\">&nbsp;<\/td>\n<td align=\"left\">Router ist ausgeschaltet<\/td>\n<td align=\"left\">Aus<\/td>\n<\/tr>\n<\/tbody>\n<\/table>\n<\/div>\n<p><strong>Knappfunktioner<\/strong><\/p>\n<ul>\n<li>Str\u00f6mknapp<br \/>* Tryck p\u00e5 knappen i 3 sekunder: Routern sl\u00e5s p\u00e5<br \/>*Tryck p\u00e5 knappen i 3 sekunder igen: Routern sl\u00e5s av<\/li>\n<li>\u00c5terst\u00e4llningsknapp<br \/>*Tryck p\u00e5 knappen i 3 sekunder: Routern b\u00f6rjar \u00e5terst\u00e4llas<br \/>WPS-knapp<br \/>Tryck p\u00e5 knappen i 3 sekunder: WPS-funktionen b\u00f6rjar fungera<\/li>\n<\/ul>\n<p><strong>Anslutning till routern<\/strong><\/p>\n<p><strong>Anslut via Wi-Fi<\/strong><\/p>\n<p>Anslut din mobiltelefon eller dator till routerns Wi-Fi. (Se etiketten p\u00e5 undersidan av routern f\u00f6r Wi-Fi SSID och l\u00f6senord). Du kan ocks\u00e5 hitta samma etikett under batteriet.<\/p>\n<p><strong>Anslut via Ethernet<\/strong><\/p>\n<p>Anslut din dator till routern med en Ethernet-kabel f\u00f6r att f\u00e5 \u00e5tkomst till Internet.<\/p>\n<p><strong>Routeradmin-konfiguration \u2013 Endast f\u00f6r avancerade anv\u00e4ndare!<\/strong><\/p>\n<ol>\n<li>Anslut din mobiltelefon eller dator till routern med en Ethernet-kabel eller via Wi-Fi.<\/li>\n<li>Skriv 192.168.8.1 i din webbl\u00e4sare. Anv\u00e4nd standardanv\u00e4ndarnamnet och l\u00f6senordet. Anv\u00e4ndarnamnet \u00e4r admin och l\u00f6senordet \u00e4r admin.<\/li>\n<li>D\u00e5 kan du \u00e4ndra inst\u00e4llningarna i routerns admin-gr\u00e4nssnitt. Vi rekommenderar att du beh\u00e5ller standardinst\u00e4llningarna.<\/li>\n<\/ol>\n<p><strong>Vanliga fr\u00e5gor<\/strong><\/p>\n<p><strong>Hur \u00e5terst\u00e4ller jag fabriksinst\u00e4llningarna?<\/strong><\/p>\n<p>N\u00e4r routern \u00e4r p\u00e5slagen, tryck p\u00e5 \u00e5terst\u00e4llningsknappen i 3 sekunder tills indikatorn b\u00f6rjar blinka. Efter cirka 60 sekunder slutar indikatorn blinka vilket betyder att routern har slutf\u00f6rt \u00e5terst\u00e4llningen.<\/p>\n<p><strong>Vad ska jag g\u00f6ra om jag gl\u00f6mde Wi-Fi-l\u00f6senordet eller inloggningsl\u00f6senordet?<\/strong><\/p>\n<p>\u00c5terst\u00e4ll routern till fabriksinst\u00e4llningar och anv\u00e4nd standard-Wi-Fi-l\u00f6senordet och inloggningsuppgifterna.<\/p>\n<p><strong>Vad ska jag g\u00f6ra om routern inte kan ansluta till Internet?<\/strong><\/p>\n<ul>\n<li>Se till att SIM-kortet \u00e4r korrekt isatt.<\/li>\n<li>Kontrollera att ditt SIM-kort \u00e4r aktivt.<\/li>\n<li>Se till att routern \u00e4r p\u00e5slagen.<\/li>\n<li>Kontrollera att str\u00f6mlampan lyser p\u00e5 routern.<\/li>\n<\/ul>\n<p><strong>Vad ska jag g\u00f6ra om routern inte kan ansluta till 5G-n\u00e4tverket?<\/strong><\/p>\n<ul>\n<li>Kontrollera om ditt SIM-kort \u00e4r aktivt.<\/li>\n<li>Se till att det finns mobilt\u00e4ckning i ditt omr\u00e5de.<\/li>\n<\/ul>\n<p><strong>Hur vet jag att routern \u00e4r ansluten till ett 5G-n\u00e4tverk?<\/strong><\/p>\n<p>Om 5G-lampan \u00e4r gr\u00f6n \u00e4r 5G-n\u00e4tverket anslutet.<\/p>\n<p><strong>Vad ska jag g\u00f6ra om jag inte kan komma \u00e5t Router Admin Interface?<\/strong><\/p>\n<ul>\n<li>Se till att din dator \u00e4r ansluten till routern via en Ethernet-kabel eller Wi-Fi.<\/li>\n<li>Se till att din dator \u00e4r inst\u00e4lld p\u00e5 att automatiskt erh\u00e5lla en IP-adress och DNS-serveradress.<\/li>\n<li>Starta om din webbl\u00e4sare eller prova en annan webbl\u00e4sare.<\/li>\n<li>Om problemet kvarst\u00e5r, \u00e5terst\u00e4ll routern till fabriksinst\u00e4llningar.<\/li>\n<li>Starta om din dator.<\/li>\n<\/ul>\n\n\t\t<\/div>\n\t\t\t\t\t<\/div>\n\n\t\n\n<\/div>\n\n","protected":false},"excerpt":{"rendered":"","protected":false},"author":153,"featured_media":0,"parent":0,"menu_order":0,"comment_status":"closed","ping_status":"closed","template":"","meta":{"_acf_changed":false,"footnotes":""},"class_list":["post-29112","page","type-page","status-publish","hentry"],"acf":[],"yoast_head":"<!-- This site is optimized with the Yoast SEO plugin v27.1.1 - https:\/\/yoast.com\/product\/yoast-seo-wordpress\/ -->\n<title>Schnellstartanleitung - WIFI.SE\/PL<\/title>\n<meta name=\"robots\" content=\"noindex, follow, max-snippet:-1, max-image-preview:large, max-video-preview:-1\" \/>\n<meta property=\"og:locale\" content=\"pl_PL\" \/>\n<meta property=\"og:type\" content=\"article\" \/>\n<meta property=\"og:title\" content=\"Schnellstartanleitung - WIFI.SE\/PL\" \/>\n<meta property=\"og:url\" content=\"https:\/\/wifi.se\/pl\/schnellstartanleitung\/\" \/>\n<meta property=\"og:site_name\" content=\"WIFI.SE\/PL\" \/>\n<meta property=\"article:modified_time\" content=\"2024-10-08T13:15:51+00:00\" \/>\n<meta name=\"twitter:card\" content=\"summary_large_image\" \/>\n<meta name=\"twitter:label1\" content=\"Szacowany czas czytania\" \/>\n\t<meta name=\"twitter:data1\" content=\"4 minuty\" \/>\n<script type=\"application\/ld+json\" class=\"yoast-schema-graph\">{\"@context\":\"https:\/\/schema.org\",\"@graph\":[{\"@type\":\"WebPage\",\"@id\":\"https:\/\/wifi.se\/pl\/schnellstartanleitung\/\",\"url\":\"https:\/\/wifi.se\/pl\/schnellstartanleitung\/\",\"name\":\"Schnellstartanleitung - WIFI.SE\/PL\",\"isPartOf\":{\"@id\":\"https:\/\/wifi.se\/pl\/#website\"},\"datePublished\":\"2024-08-18T16:18:53+00:00\",\"dateModified\":\"2024-10-08T13:15:51+00:00\",\"breadcrumb\":{\"@id\":\"https:\/\/wifi.se\/pl\/schnellstartanleitung\/#breadcrumb\"},\"inLanguage\":\"pl-PL\",\"potentialAction\":[{\"@type\":\"ReadAction\",\"target\":[\"https:\/\/wifi.se\/pl\/schnellstartanleitung\/\"]}]},{\"@type\":\"BreadcrumbList\",\"@id\":\"https:\/\/wifi.se\/pl\/schnellstartanleitung\/#breadcrumb\",\"itemListElement\":[{\"@type\":\"ListItem\",\"position\":1,\"name\":\"Hem\",\"item\":\"https:\/\/wifi.se\/pl\/\"},{\"@type\":\"ListItem\",\"position\":2,\"name\":\"Schnellstartanleitung\"}]},{\"@type\":\"WebSite\",\"@id\":\"https:\/\/wifi.se\/pl\/#website\",\"url\":\"https:\/\/wifi.se\/pl\/\",\"name\":\"WIFI.SE\/PL\",\"description\":\"INTERNET \u00d6VERALLT\",\"potentialAction\":[{\"@type\":\"SearchAction\",\"target\":{\"@type\":\"EntryPoint\",\"urlTemplate\":\"https:\/\/wifi.se\/pl\/?s={search_term_string}\"},\"query-input\":{\"@type\":\"PropertyValueSpecification\",\"valueRequired\":true,\"valueName\":\"search_term_string\"}}],\"inLanguage\":\"pl-PL\"}]}<\/script>\n<!-- \/ Yoast SEO plugin. -->","yoast_head_json":{"title":"Schnellstartanleitung - WIFI.SE\/PL","robots":{"index":"noindex","follow":"follow","max-snippet":"max-snippet:-1","max-image-preview":"max-image-preview:large","max-video-preview":"max-video-preview:-1"},"og_locale":"pl_PL","og_type":"article","og_title":"Schnellstartanleitung - WIFI.SE\/PL","og_url":"https:\/\/wifi.se\/pl\/schnellstartanleitung\/","og_site_name":"WIFI.SE\/PL","article_modified_time":"2024-10-08T13:15:51+00:00","twitter_card":"summary_large_image","twitter_misc":{"Szacowany czas czytania":"4 minuty"},"schema":{"@context":"https:\/\/schema.org","@graph":[{"@type":"WebPage","@id":"https:\/\/wifi.se\/pl\/schnellstartanleitung\/","url":"https:\/\/wifi.se\/pl\/schnellstartanleitung\/","name":"Schnellstartanleitung - WIFI.SE\/PL","isPartOf":{"@id":"https:\/\/wifi.se\/pl\/#website"},"datePublished":"2024-08-18T16:18:53+00:00","dateModified":"2024-10-08T13:15:51+00:00","breadcrumb":{"@id":"https:\/\/wifi.se\/pl\/schnellstartanleitung\/#breadcrumb"},"inLanguage":"pl-PL","potentialAction":[{"@type":"ReadAction","target":["https:\/\/wifi.se\/pl\/schnellstartanleitung\/"]}]},{"@type":"BreadcrumbList","@id":"https:\/\/wifi.se\/pl\/schnellstartanleitung\/#breadcrumb","itemListElement":[{"@type":"ListItem","position":1,"name":"Hem","item":"https:\/\/wifi.se\/pl\/"},{"@type":"ListItem","position":2,"name":"Schnellstartanleitung"}]},{"@type":"WebSite","@id":"https:\/\/wifi.se\/pl\/#website","url":"https:\/\/wifi.se\/pl\/","name":"WIFI.SE\/PL","description":"INTERNET \u00d6VERALLT","potentialAction":[{"@type":"SearchAction","target":{"@type":"EntryPoint","urlTemplate":"https:\/\/wifi.se\/pl\/?s={search_term_string}"},"query-input":{"@type":"PropertyValueSpecification","valueRequired":true,"valueName":"search_term_string"}}],"inLanguage":"pl-PL"}]}},"_links":{"self":[{"href":"https:\/\/wifi.se\/pl\/wp-json\/wp\/v2\/pages\/29112","targetHints":{"allow":["GET"]}}],"collection":[{"href":"https:\/\/wifi.se\/pl\/wp-json\/wp\/v2\/pages"}],"about":[{"href":"https:\/\/wifi.se\/pl\/wp-json\/wp\/v2\/types\/page"}],"author":[{"embeddable":true,"href":"https:\/\/wifi.se\/pl\/wp-json\/wp\/v2\/users\/153"}],"replies":[{"embeddable":true,"href":"https:\/\/wifi.se\/pl\/wp-json\/wp\/v2\/comments?post=29112"}],"version-history":[{"count":2,"href":"https:\/\/wifi.se\/pl\/wp-json\/wp\/v2\/pages\/29112\/revisions"}],"predecessor-version":[{"id":30535,"href":"https:\/\/wifi.se\/pl\/wp-json\/wp\/v2\/pages\/29112\/revisions\/30535"}],"wp:attachment":[{"href":"https:\/\/wifi.se\/pl\/wp-json\/wp\/v2\/media?parent=29112"}],"curies":[{"name":"wp","href":"https:\/\/api.w.org\/{rel}","templated":true}]}}