{"id":29110,"date":"2024-08-18T18:17:27","date_gmt":"2024-08-18T16:17:27","guid":{"rendered":"https:\/\/wifi.se\/?page_id=29110"},"modified":"2024-10-08T15:27:38","modified_gmt":"2024-10-08T13:27:38","slug":"przewodnik-szybkiego-startu","status":"publish","type":"page","link":"https:\/\/wifi.se\/pl\/przewodnik-szybkiego-startu\/","title":{"rendered":"Przewodnik szybkiego startu"},"content":{"rendered":"\n\n\t<section class=\"section\" id=\"section_1929703387\">\n\t\t<div class=\"section-bg fill\" >\n\t\t\t\t\t\t\t\t\t\n\t\t\t\n\n\t\t<\/div>\n\n\t\t\n\n\t\t<div class=\"section-content relative\">\n\t\t\t\n\n<div class=\"row\"  id=\"row-1668110594\">\n\n\n\t<div id=\"col-1283804133\" class=\"col small-12 large-12\"  >\n\t\t\t\t<div class=\"col-inner\"  >\n\t\t\t\n\t\t\t\n\n<div class=\"container section-title-container guide_title\" ><h1 class=\"section-title section-title-center\"><b aria-hidden=\"true\"><\/b><span class=\"section-title-main\" >Przewodnik szybkiego startu<\/span><b aria-hidden=\"true\"><\/b><\/h1><\/div>\n\n\n\t\t<\/div>\n\t\t\t\t\t<\/div>\n\n\t\n\n<\/div>\n<div class=\"row\"  id=\"row-815873057\">\n\n\n\t<div id=\"col-885821836\" class=\"col small-12 large-12\"  >\n\t\t\t\t<div class=\"col-inner\"  >\n\t\t\t\n\t\t\t\n\n\n\n<meta charset=\"UTF-8\">\n    <meta name=\"viewport\" content=\"width=device-width, initial-scale=1.0\">\n    <title>Button Styles<\/title>\n    <style>\n        \n    <\/style>\n\n\n\n    <!-- Button with Link -->\n    <a href=\"\/hurtigstartveiledning\/\" class=\"link-button\">\n        Dansk\n    <\/a>\n<a href=\"\/schnellstartanleitung\/\" class=\"link-button\">\n        Deutsch\n    <\/a>\n <a href=\"\/quick-start-guide\/\" class=\"link-button\">\n         English\n    <\/a>\n <a href=\"\/guia-de-inicio-rapido\/\" class=\"link-button\">\n         Espa\u00f1ol\n    <\/a>\n <a href=\"\/guide-de-demarrage-rapide\/\" class=\"link-button\">\n        Fran\u00e7ais\n    <\/a>\n <a href=\"\/guida-rapida\/\" class=\"link-button\">\n        Italiano\n    <\/a>\n <a href=\"\/snelstartgids\/\" class=\"link-button\">\n        Nederlands\n    <\/a> <a href=\"\/hurtigstartvejledning\/\" class=\"link-button\">\n        Norsk\n    <\/a>\n\n<a href=\"\/pikaopas\/\" class=\"link-button\">\n        Suomen kielt\u00e4\n    <\/a>\n<a href=\"\/snabbstartsguide\/\" class=\"link-button\">\n        Svenska\n    <\/a>\n<a href=\"\/przewodnik-szybkiego-startu\/\" class=\"link-button-active\">\n        Polski\n    <\/a>\n\n\n\t\t<\/div>\n\t\t\t\t\t<\/div>\n\n\t\n\n<\/div>\n\n\t\t<\/div>\n\n\t\t\n<style>\n#section_1929703387 {\n  padding-top: 30px;\n  padding-bottom: 30px;\n}\n<\/style>\n\t<\/section>\n\t\n\n\t<section class=\"section\" id=\"section_2065259674\">\n\t\t<div class=\"section-bg fill\" >\n\t\t\t\t\t\t\t\t\t\n\t\t\t\n\n\t\t<\/div>\n\n\t\t\n\n\t\t<div class=\"section-content relative\">\n\t\t\t\n\n<div class=\"row align-center\"  id=\"row-2107889905\">\n\n\n\t<div id=\"col-1094221581\" class=\"col medium-8 small-12 large-8\"  >\n\t\t\t\t<div class=\"col-inner\"  >\n\t\t\t\n\t\t\t\n\n\t<div class=\"img has-hover x md-x lg-x y md-y lg-y\" id=\"image_892996718\">\n\t\t\t\t\t\t\t\t<div class=\"img-inner dark\" >\n\t\t\t<img loading=\"lazy\" decoding=\"async\" width=\"800\" height=\"800\" src=\"https:\/\/wifi.se\/pl\/wp-content\/uploads\/sites\/9\/2024\/08\/hybrid32.jpg\" class=\"attachment-original size-original\" alt=\"Hybrid Traveller\" srcset=\"https:\/\/wifi.se\/pl\/wp-content\/uploads\/sites\/9\/2024\/08\/hybrid32.jpg 800w, https:\/\/wifi.se\/pl\/wp-content\/uploads\/sites\/9\/2024\/08\/hybrid32-300x300.jpg 300w, https:\/\/wifi.se\/pl\/wp-content\/uploads\/sites\/9\/2024\/08\/hybrid32-100x100.jpg 100w, https:\/\/wifi.se\/pl\/wp-content\/uploads\/sites\/9\/2024\/08\/hybrid32-510x510.jpg 510w, https:\/\/wifi.se\/pl\/wp-content\/uploads\/sites\/9\/2024\/08\/hybrid32-64x64.jpg 64w, https:\/\/wifi.se\/pl\/wp-content\/uploads\/sites\/9\/2024\/08\/hybrid32-150x150.jpg 150w, https:\/\/wifi.se\/pl\/wp-content\/uploads\/sites\/9\/2024\/08\/hybrid32-768x768.jpg 768w, https:\/\/wifi.se\/pl\/wp-content\/uploads\/sites\/9\/2024\/08\/hybrid32-66x66.jpg 66w, https:\/\/wifi.se\/pl\/wp-content\/uploads\/sites\/9\/2024\/08\/hybrid32-200x200.jpg 200w, https:\/\/wifi.se\/pl\/wp-content\/uploads\/sites\/9\/2024\/08\/hybrid32-400x400.jpg 400w, https:\/\/wifi.se\/pl\/wp-content\/uploads\/sites\/9\/2024\/08\/hybrid32-600x600.jpg 600w, https:\/\/wifi.se\/pl\/wp-content\/uploads\/sites\/9\/2024\/08\/hybrid32-50x50.jpg 50w\" sizes=\"auto, (max-width: 800px) 100vw, 800px\" \/>\t\t\t\t\t\t\n\t\t\t\t\t<\/div>\n\t\t\t\t\t\t\t\t\n<style>\n#image_892996718 {\n  width: 100%;\n}\n<\/style>\n\t<\/div>\n\t\n\n\n\t\t<\/div>\n\t\t\t\t\t<\/div>\n\n\t\n\n<\/div>\n\n\t\t<\/div>\n\n\t\t\n<style>\n#section_2065259674 {\n  padding-top: 30px;\n  padding-bottom: 30px;\n}\n<\/style>\n\t<\/section>\n\t\n<div class=\"row\"  id=\"row-48022727\">\n\n\n\t<div id=\"col-1984221494\" class=\"col small-12 large-12\"  >\n\t\t\t\t<div class=\"col-inner\"  >\n\t\t\t\n\t\t\t\n\n<p>Ten router dzia\u0142a dobrze w ka\u017cdym kraju, poniewa\u017c nie jest zablokowany do roamingu. Mo\u017cesz u\u017cywa\u0107 dowolnej karty SIM od dowolnego operatora. Router mo\u017cna pod\u0142\u0105czy\u0107 do 12V, 110V lub 230V, lub za pomoc\u0105 kabla zasilaj\u0105cego USB. Dzi\u0119ki temu router nadaje si\u0119 zar\u00f3wno do u\u017cytku domowego, jak i podr\u00f3\u017cnego.<\/p>\n<p><strong>Router 5G HybridTraveller<\/strong><\/p>\n<p>Ten router obs\u0142uguje karty Nano-SIM i jest r\u00f3wnie\u017c przygotowany na przysz\u0142\u0105 funkcjonalno\u015b\u0107 eSIM. Mo\u017cesz kupi\u0107 kart\u0119 SIM od nas lub od dowolnego innego operatora. Nasz router nie jest zablokowany do \u017cadnego operatora, co pozwala na u\u017cycie dowolnej karty SIM. Upewnij si\u0119, \u017ce karta SIM nie ma kodu PIN.<\/p>\n<p><strong>Wska\u017aniki LED<\/strong><\/p>\n<ul>\n<li>Zasilanie DC<\/li>\n<li>Port LAN<\/li>\n<li>Port USB-C (tylko do u\u017cytku serwisowego, nie do \u0142adowania)<\/li>\n<li>Gniazdo SIM<\/li>\n<li>Przycisk resetowania<\/li>\n<li>Przycisk WPS<\/li>\n<li>Przycisk zasilania<\/li>\n<\/ul>\n<p><strong>Instalacja<\/strong><\/p>\n<p>B\u0105d\u017a ostro\u017cny przy wk\u0142adaniu karty SIM, aby upewni\u0107 si\u0119, \u017ce jest prawid\u0142owo wyr\u00f3wnana i wk\u0142adana delikatnie. Nie u\u017cywaj si\u0142y przy wk\u0142adaniu karty SIM, poniewa\u017c mo\u017ce si\u0119 zaci\u0105\u0107. Zobacz obrazek na routerze, aby prawid\u0142owo w\u0142o\u017cy\u0107 kart\u0119 SIM. Przyci\u0119ty naro\u017cnik karty SIM powinien by\u0107 skierowany w d\u00f3\u0142. Karta mo\u017ce by\u0107 wk\u0142adana tylko w jeden spos\u00f3b.<\/p>\n<p>U\u017cywaj prawid\u0142owej karty SIM: Nano-SIM (najmniejsza karta SIM). Wk\u0142adaj kart\u0119 SIM delikatnie do gniazda SIM, a\u017c zaskoczy na miejsce.<\/p>\n<p>Aby wyj\u0105\u0107 kart\u0119 SIM, naci\u015bnij j\u0105 delikatnie, a\u017c zaskoczy i karta wyskoczy automatycznie. Nie wk\u0142adaj ani nie wyjmuj karty SIM, gdy router jest w\u0142\u0105czony. Mo\u017ce to wp\u0142yn\u0105\u0107 na wydajno\u015b\u0107 i uszkodzi\u0107 kart\u0119 SIM.<\/p>\n<p>Pod\u0142\u0105cz adapter zasilania lub kabel USB do routera. Naci\u015bnij przycisk zasilania przez ponad 3 sekundy, a\u017c wska\u017anik zacznie miga\u0107 i router si\u0119 uruchomi. Gdy wska\u017anik przestanie miga\u0107, router zako\u0144czy\u0142 inicjalizacj\u0119 i zaczyna dzia\u0142a\u0107.<\/p>\n<div class=\"table-1\">\n<table style=\"height: 184px;\" width=\"1152\">\n<thead>\n<tr>\n<th align=\"left\">Wska\u017anik<\/th>\n<th align=\"left\">Opis<\/th>\n<th align=\"left\">Farg<\/th>\n<\/tr>\n<\/thead>\n<tbody>\n<tr>\n<td align=\"left\">Stan sieci 5G:<\/td>\n<td align=\"left\">Sie\u0107 5G po\u0142\u0105czona<\/td>\n<td align=\"left\">Zielony<\/td>\n<\/tr>\n<tr>\n<td align=\"left\">&nbsp;<\/td>\n<td align=\"left\">Sie\u0107 5G niepo\u0142\u0105czona<\/td>\n<td align=\"left\">Wy\u0142\u0105czony<\/td>\n<\/tr>\n<tr>\n<td align=\"left\">Stan Wi-Fi:<\/td>\n<td align=\"left\">Wi-Fi dzia\u0142a<\/td>\n<td align=\"left\">Zielony<\/td>\n<\/tr>\n<tr>\n<td align=\"left\">&nbsp;<\/td>\n<td align=\"left\">Wi-Fi wy\u0142\u0105czone<\/td>\n<td align=\"left\">Wy\u0142\u0105czony<\/td>\n<\/tr>\n<tr>\n<td align=\"left\">&nbsp;<\/td>\n<td align=\"left\">Funkcja WPS aktywna<\/td>\n<td align=\"left\">Migaj\u0105cy zielony<\/td>\n<\/tr>\n<tr>\n<td align=\"left\">Stan portu LAN:<\/td>\n<td align=\"left\">Port LAN dzia\u0142a<\/td>\n<td align=\"left\">Zielony<\/td>\n<\/tr>\n<tr>\n<td align=\"left\">&nbsp;<\/td>\n<td align=\"left\">Port LAN niepo\u0142\u0105czony<\/td>\n<td align=\"left\">Wy\u0142\u0105czony<\/td>\n<\/tr>\n<tr>\n<td align=\"left\">Zasilanie:<\/td>\n<td align=\"left\">Router online<\/td>\n<td align=\"left\">Zielony<\/td>\n<\/tr>\n<tr>\n<td align=\"left\">&nbsp;<\/td>\n<td align=\"left\">Router wy\u0142\u0105czony<\/td>\n<td align=\"left\">Wy\u0142\u0105czony<\/td>\n<\/tr>\n<\/tbody>\n<\/table>\n<\/div>\n<p><strong>Funkcje przycisk\u00f3w<\/strong><\/p>\n<ul>\n<li>Przycisk zasilania<br \/>* Naci\u015bnij przycisk przez 3 sekundy: Router w\u0142\u0105cza si\u0119<br \/>* Naci\u015bnij przycisk ponownie przez 3 sekundy: Router wy\u0142\u0105cza si\u0119<\/li>\n<li>Przycisk resetowania<br \/>* Naci\u015bnij przycisk przez 3 sekundy: Router zaczyna si\u0119 resetowa\u0107<\/li>\n<li>Przycisk WPS<br \/>* Naci\u015bnij przycisk przez 3 sekundy: Funkcja WPS zaczyna dzia\u0142a\u0107<\/li>\n<\/ul>\n<p><strong>Po\u0142\u0105czenie z routerem<\/strong><\/p>\n<p><strong>Po\u0142\u0105czenie przez Wi-Fi<\/strong><\/p>\n<p>Po\u0142\u0105cz sw\u00f3j telefon kom\u00f3rkowy lub komputer z Wi-Fi routera. (Zobacz etykiet\u0119 na spodzie routera, aby znale\u017a\u0107 SSID Wi-Fi i has\u0142o). Mo\u017cesz r\u00f3wnie\u017c znale\u017a\u0107 t\u0119 sam\u0105 etykiet\u0119 pod bateri\u0105.<\/p>\n<p><strong>Po\u0142\u0105czenie przez Ethernet<\/strong><\/p>\n<p>Po\u0142\u0105cz sw\u00f3j komputer z routerem za pomoc\u0105 kabla Ethernet, aby uzyska\u0107 dost\u0119p do Internetu.<\/p>\n<p><strong>Konfiguracja administracyjna routera \u2013 Tylko dla zaawansowanych u\u017cytkownik\u00f3w!<\/strong><\/p>\n<ol>\n<li>Po\u0142\u0105cz sw\u00f3j telefon kom\u00f3rkowy lub komputer z routerem za pomoc\u0105 kabla Ethernet lub przez Wi-Fi.<\/li>\n<li>Wpisz 192.168.8.1 w przegl\u0105darce. U\u017cyj domy\u015blnej nazwy u\u017cytkownika i has\u0142a. Nazwa u\u017cytkownika to admin, a has\u0142o to admin.<\/li>\n<li>Nast\u0119pnie mo\u017cesz zmieni\u0107 ustawienia w interfejsie administracyjnym routera. Zalecamy pozostawienie ustawie\u0144 domy\u015blnych.<\/li>\n<\/ol>\n<p><strong>Najcz\u0119\u015bciej zadawane pytania<\/strong><\/p>\n<p><strong>Jak przywr\u00f3ci\u0107 ustawienia fabryczne?<\/strong><\/p>\n<p>Gdy router jest w\u0142\u0105czony, naci\u015bnij przycisk resetowania przez 3 sekundy, a\u017c wska\u017anik zacznie miga\u0107. Po oko\u0142o 60 sekundach wska\u017anik przestanie miga\u0107, co oznacza, \u017ce router zako\u0144czy\u0142 resetowanie.<\/p>\n<p><strong>Co zrobi\u0107, je\u015bli zapomnia\u0142em has\u0142a do Wi-Fi lub has\u0142a logowania?<\/strong><\/p>\n<p>Przywr\u00f3\u0107 router do ustawie\u0144 fabrycznych i u\u017cyj domy\u015blnego has\u0142a do Wi-Fi oraz danych logowania.<\/p>\n<p><strong>Co zrobi\u0107, je\u015bli router nie mo\u017ce po\u0142\u0105czy\u0107 si\u0119 z Internetem?<\/strong><\/p>\n<ul>\n<li>Upewnij si\u0119, \u017ce karta SIM jest prawid\u0142owo w\u0142o\u017cona.<\/li>\n<li>Sprawd\u017a, czy Twoja karta SIM jest aktywna.<\/li>\n<li>Upewnij si\u0119, \u017ce router jest w\u0142\u0105czony.<\/li>\n<li>Sprawd\u017a, czy wska\u017anik zasilania \u015bwieci si\u0119 na routerze.<\/li>\n<\/ul>\n<p><strong>Co zrobi\u0107, je\u015bli router nie mo\u017ce po\u0142\u0105czy\u0107 si\u0119 z sieci\u0105 5G?<\/strong><\/p>\n<ul>\n<li>Sprawd\u017a, czy Twoja karta SIM jest aktywna.<\/li>\n<li>Upewnij si\u0119, \u017ce w Twojej okolicy jest zasi\u0119g sieci kom\u00f3rkowej.<\/li>\n<\/ul>\n<p><strong>Jak mog\u0119 sprawdzi\u0107, czy router jest po\u0142\u0105czony z sieci\u0105 5G?<\/strong><\/p>\n<p>Je\u015bli wska\u017anik 5G jest zielony, sie\u0107 5G jest po\u0142\u0105czona.<\/p>\n<p><strong>Co zrobi\u0107, je\u015bli nie mog\u0119 uzyska\u0107 dost\u0119pu do interfejsu administracyjnego routera?<\/strong><\/p>\n<ul>\n<li>Upewnij si\u0119, \u017ce Tw\u00f3j komputer jest pod\u0142\u0105czony do routera za pomoc\u0105 kabla Ethernet lub Wi-Fi.<\/li>\n<li>Upewnij si\u0119, \u017ce Tw\u00f3j komputer jest ustawiony na automatyczne uzyskiwanie adresu IP i adresu serwera DNS.<\/li>\n<li>Uruchom ponownie przegl\u0105dark\u0119 lub spr\u00f3buj innej przegl\u0105darki.<\/li>\n<li>Je\u015bli problem nadal wyst\u0119puje, przywr\u00f3\u0107 router do ustawie\u0144 fabrycznych.<\/li>\n<li>Uruchom ponownie komputer.<!--\n<br \/--><br \/>\n\n\t\t<\/div>\n\t\t\t\t\t<\/div>\n\n\t\n\n<\/div>\n<\/li>\n<\/ul>\n\n","protected":false},"excerpt":{"rendered":"","protected":false},"author":153,"featured_media":0,"parent":0,"menu_order":0,"comment_status":"closed","ping_status":"closed","template":"","meta":{"_acf_changed":false,"footnotes":""},"class_list":["post-29110","page","type-page","status-publish","hentry"],"acf":[],"yoast_head":"<!-- This site is optimized with the Yoast SEO plugin v27.1.1 - https:\/\/yoast.com\/product\/yoast-seo-wordpress\/ -->\n<title>Przewodnik szybkiego startu - WIFI.SE\/PL<\/title>\n<meta name=\"robots\" content=\"noindex, follow, max-snippet:-1, max-image-preview:large, max-video-preview:-1\" \/>\n<meta property=\"og:locale\" content=\"pl_PL\" \/>\n<meta property=\"og:type\" content=\"article\" \/>\n<meta property=\"og:title\" content=\"Przewodnik szybkiego startu - WIFI.SE\/PL\" \/>\n<meta property=\"og:url\" content=\"https:\/\/wifi.se\/pl\/przewodnik-szybkiego-startu\/\" \/>\n<meta property=\"og:site_name\" content=\"WIFI.SE\/PL\" \/>\n<meta property=\"article:modified_time\" content=\"2024-10-08T13:27:38+00:00\" \/>\n<meta name=\"twitter:card\" content=\"summary_large_image\" \/>\n<script type=\"application\/ld+json\" class=\"yoast-schema-graph\">{\"@context\":\"https:\/\/schema.org\",\"@graph\":[{\"@type\":\"WebPage\",\"@id\":\"https:\/\/wifi.se\/pl\/przewodnik-szybkiego-startu\/\",\"url\":\"https:\/\/wifi.se\/pl\/przewodnik-szybkiego-startu\/\",\"name\":\"Przewodnik szybkiego startu - WIFI.SE\/PL\",\"isPartOf\":{\"@id\":\"https:\/\/wifi.se\/pl\/#website\"},\"datePublished\":\"2024-08-18T16:17:27+00:00\",\"dateModified\":\"2024-10-08T13:27:38+00:00\",\"breadcrumb\":{\"@id\":\"https:\/\/wifi.se\/pl\/przewodnik-szybkiego-startu\/#breadcrumb\"},\"inLanguage\":\"pl-PL\",\"potentialAction\":[{\"@type\":\"ReadAction\",\"target\":[\"https:\/\/wifi.se\/pl\/przewodnik-szybkiego-startu\/\"]}]},{\"@type\":\"BreadcrumbList\",\"@id\":\"https:\/\/wifi.se\/pl\/przewodnik-szybkiego-startu\/#breadcrumb\",\"itemListElement\":[{\"@type\":\"ListItem\",\"position\":1,\"name\":\"Hem\",\"item\":\"https:\/\/wifi.se\/pl\/\"},{\"@type\":\"ListItem\",\"position\":2,\"name\":\"Przewodnik szybkiego startu\"}]},{\"@type\":\"WebSite\",\"@id\":\"https:\/\/wifi.se\/pl\/#website\",\"url\":\"https:\/\/wifi.se\/pl\/\",\"name\":\"WIFI.SE\/PL\",\"description\":\"INTERNET \u00d6VERALLT\",\"potentialAction\":[{\"@type\":\"SearchAction\",\"target\":{\"@type\":\"EntryPoint\",\"urlTemplate\":\"https:\/\/wifi.se\/pl\/?s={search_term_string}\"},\"query-input\":{\"@type\":\"PropertyValueSpecification\",\"valueRequired\":true,\"valueName\":\"search_term_string\"}}],\"inLanguage\":\"pl-PL\"}]}<\/script>\n<!-- \/ Yoast SEO plugin. -->","yoast_head_json":{"title":"Przewodnik szybkiego startu - WIFI.SE\/PL","robots":{"index":"noindex","follow":"follow","max-snippet":"max-snippet:-1","max-image-preview":"max-image-preview:large","max-video-preview":"max-video-preview:-1"},"og_locale":"pl_PL","og_type":"article","og_title":"Przewodnik szybkiego startu - WIFI.SE\/PL","og_url":"https:\/\/wifi.se\/pl\/przewodnik-szybkiego-startu\/","og_site_name":"WIFI.SE\/PL","article_modified_time":"2024-10-08T13:27:38+00:00","twitter_card":"summary_large_image","schema":{"@context":"https:\/\/schema.org","@graph":[{"@type":"WebPage","@id":"https:\/\/wifi.se\/pl\/przewodnik-szybkiego-startu\/","url":"https:\/\/wifi.se\/pl\/przewodnik-szybkiego-startu\/","name":"Przewodnik szybkiego startu - WIFI.SE\/PL","isPartOf":{"@id":"https:\/\/wifi.se\/pl\/#website"},"datePublished":"2024-08-18T16:17:27+00:00","dateModified":"2024-10-08T13:27:38+00:00","breadcrumb":{"@id":"https:\/\/wifi.se\/pl\/przewodnik-szybkiego-startu\/#breadcrumb"},"inLanguage":"pl-PL","potentialAction":[{"@type":"ReadAction","target":["https:\/\/wifi.se\/pl\/przewodnik-szybkiego-startu\/"]}]},{"@type":"BreadcrumbList","@id":"https:\/\/wifi.se\/pl\/przewodnik-szybkiego-startu\/#breadcrumb","itemListElement":[{"@type":"ListItem","position":1,"name":"Hem","item":"https:\/\/wifi.se\/pl\/"},{"@type":"ListItem","position":2,"name":"Przewodnik szybkiego startu"}]},{"@type":"WebSite","@id":"https:\/\/wifi.se\/pl\/#website","url":"https:\/\/wifi.se\/pl\/","name":"WIFI.SE\/PL","description":"INTERNET \u00d6VERALLT","potentialAction":[{"@type":"SearchAction","target":{"@type":"EntryPoint","urlTemplate":"https:\/\/wifi.se\/pl\/?s={search_term_string}"},"query-input":{"@type":"PropertyValueSpecification","valueRequired":true,"valueName":"search_term_string"}}],"inLanguage":"pl-PL"}]}},"_links":{"self":[{"href":"https:\/\/wifi.se\/pl\/wp-json\/wp\/v2\/pages\/29110","targetHints":{"allow":["GET"]}}],"collection":[{"href":"https:\/\/wifi.se\/pl\/wp-json\/wp\/v2\/pages"}],"about":[{"href":"https:\/\/wifi.se\/pl\/wp-json\/wp\/v2\/types\/page"}],"author":[{"embeddable":true,"href":"https:\/\/wifi.se\/pl\/wp-json\/wp\/v2\/users\/153"}],"replies":[{"embeddable":true,"href":"https:\/\/wifi.se\/pl\/wp-json\/wp\/v2\/comments?post=29110"}],"version-history":[{"count":2,"href":"https:\/\/wifi.se\/pl\/wp-json\/wp\/v2\/pages\/29110\/revisions"}],"predecessor-version":[{"id":30553,"href":"https:\/\/wifi.se\/pl\/wp-json\/wp\/v2\/pages\/29110\/revisions\/30553"}],"wp:attachment":[{"href":"https:\/\/wifi.se\/pl\/wp-json\/wp\/v2\/media?parent=29110"}],"curies":[{"name":"wp","href":"https:\/\/api.w.org\/{rel}","templated":true}]}}