{"id":29108,"date":"2024-08-18T18:15:48","date_gmt":"2024-08-18T16:15:48","guid":{"rendered":"https:\/\/wifi.se\/?page_id=29108"},"modified":"2024-10-08T15:24:09","modified_gmt":"2024-10-08T13:24:09","slug":"hurtigstartvejledning","status":"publish","type":"page","link":"https:\/\/wifi.se\/pl\/hurtigstartvejledning\/","title":{"rendered":"Hurtigstartvejledning"},"content":{"rendered":"\n\n\t<section class=\"section\" id=\"section_1834432183\">\n\t\t<div class=\"section-bg fill\" >\n\t\t\t\t\t\t\t\t\t\n\t\t\t\n\n\t\t<\/div>\n\n\t\t\n\n\t\t<div class=\"section-content relative\">\n\t\t\t\n\n<div class=\"row\"  id=\"row-837650691\">\n\n\n\t<div id=\"col-1527918653\" class=\"col small-12 large-12\"  >\n\t\t\t\t<div class=\"col-inner\"  >\n\t\t\t\n\t\t\t\n\n<div class=\"container section-title-container guide_title\" ><h1 class=\"section-title section-title-center\"><b aria-hidden=\"true\"><\/b><span class=\"section-title-main\" >Hurtigstartvejledning<\/span><b aria-hidden=\"true\"><\/b><\/h1><\/div>\n\n\n\t\t<\/div>\n\t\t\t\t\t<\/div>\n\n\t\n\n<\/div>\n<div class=\"row\"  id=\"row-1547749043\">\n\n\n\t<div id=\"col-1272552654\" class=\"col small-12 large-12\"  >\n\t\t\t\t<div class=\"col-inner\"  >\n\t\t\t\n\t\t\t\n\n\n\n<meta charset=\"UTF-8\">\n    <meta name=\"viewport\" content=\"width=device-width, initial-scale=1.0\">\n    <title>Button Styles<\/title>\n    <style>\n        \n    <\/style>\n\n\n\n    <!-- Button with Link -->\n    <a href=\"\/hurtigstartveiledning\/\" class=\"link-button\">\n        Dansk\n    <\/a>\n<a href=\"\/schnellstartanleitung\/\" class=\"link-button\">\n        Deutsch\n    <\/a>\n <a href=\"\/quick-start-guide\/\" class=\"link-button\">\n         English\n    <\/a>\n <a href=\"\/guia-de-inicio-rapido\/\" class=\"link-button\">\n         Espa\u00f1ol\n    <\/a>\n <a href=\"\/guide-de-demarrage-rapide\/\" class=\"link-button\">\n        Fran\u00e7ais\n    <\/a>\n <a href=\"\/guida-rapida\/\" class=\"link-button\">\n        Italiano\n    <\/a>\n <a href=\"\/snelstartgids\/\" class=\"link-button\">\n        Nederlands\n    <\/a> <a href=\"\/hurtigstartvejledning\/\" class=\"link-button-active\">\n        Norsk\n    <\/a>\n\n<a href=\"\/pikaopas\/\" class=\"link-button\">\n        Suomen kielt\u00e4\n    <\/a>\n<a href=\"\/snabbstartsguide\/\" class=\"link-button\">\n        Svenska\n    <\/a>\n<a href=\"\/przewodnik-szybkiego-startu\/\" class=\"link-button\">\n        Polski\n    <\/a>\n\n\n\t\t<\/div>\n\t\t\t\t\t<\/div>\n\n\t\n\n<\/div>\n\n\t\t<\/div>\n\n\t\t\n<style>\n#section_1834432183 {\n  padding-top: 30px;\n  padding-bottom: 30px;\n}\n<\/style>\n\t<\/section>\n\t\n\n\t<section class=\"section\" id=\"section_1347288365\">\n\t\t<div class=\"section-bg fill\" >\n\t\t\t\t\t\t\t\t\t\n\t\t\t\n\n\t\t<\/div>\n\n\t\t\n\n\t\t<div class=\"section-content relative\">\n\t\t\t\n\n<div class=\"row align-center\"  id=\"row-440761344\">\n\n\n\t<div id=\"col-1174103518\" class=\"col medium-8 small-12 large-8\"  >\n\t\t\t\t<div class=\"col-inner\"  >\n\t\t\t\n\t\t\t\n\n\t<div class=\"img has-hover x md-x lg-x y md-y lg-y\" id=\"image_984079734\">\n\t\t\t\t\t\t\t\t<div class=\"img-inner dark\" >\n\t\t\t<img loading=\"lazy\" decoding=\"async\" width=\"800\" height=\"800\" src=\"https:\/\/wifi.se\/pl\/wp-content\/uploads\/sites\/9\/2024\/08\/hybrid32.jpg\" class=\"attachment-original size-original\" alt=\"Hybrid Traveller\" srcset=\"https:\/\/wifi.se\/pl\/wp-content\/uploads\/sites\/9\/2024\/08\/hybrid32.jpg 800w, https:\/\/wifi.se\/pl\/wp-content\/uploads\/sites\/9\/2024\/08\/hybrid32-300x300.jpg 300w, https:\/\/wifi.se\/pl\/wp-content\/uploads\/sites\/9\/2024\/08\/hybrid32-100x100.jpg 100w, https:\/\/wifi.se\/pl\/wp-content\/uploads\/sites\/9\/2024\/08\/hybrid32-510x510.jpg 510w, https:\/\/wifi.se\/pl\/wp-content\/uploads\/sites\/9\/2024\/08\/hybrid32-64x64.jpg 64w, https:\/\/wifi.se\/pl\/wp-content\/uploads\/sites\/9\/2024\/08\/hybrid32-150x150.jpg 150w, https:\/\/wifi.se\/pl\/wp-content\/uploads\/sites\/9\/2024\/08\/hybrid32-768x768.jpg 768w, https:\/\/wifi.se\/pl\/wp-content\/uploads\/sites\/9\/2024\/08\/hybrid32-66x66.jpg 66w, https:\/\/wifi.se\/pl\/wp-content\/uploads\/sites\/9\/2024\/08\/hybrid32-200x200.jpg 200w, https:\/\/wifi.se\/pl\/wp-content\/uploads\/sites\/9\/2024\/08\/hybrid32-400x400.jpg 400w, https:\/\/wifi.se\/pl\/wp-content\/uploads\/sites\/9\/2024\/08\/hybrid32-600x600.jpg 600w, https:\/\/wifi.se\/pl\/wp-content\/uploads\/sites\/9\/2024\/08\/hybrid32-50x50.jpg 50w\" sizes=\"auto, (max-width: 800px) 100vw, 800px\" \/>\t\t\t\t\t\t\n\t\t\t\t\t<\/div>\n\t\t\t\t\t\t\t\t\n<style>\n#image_984079734 {\n  width: 100%;\n}\n<\/style>\n\t<\/div>\n\t\n\n\n\t\t<\/div>\n\t\t\t\t\t<\/div>\n\n\t\n\n<\/div>\n\n\t\t<\/div>\n\n\t\t\n<style>\n#section_1347288365 {\n  padding-top: 30px;\n  padding-bottom: 30px;\n}\n<\/style>\n\t<\/section>\n\t\n<div class=\"row\"  id=\"row-829390015\">\n\n\n\t<div id=\"col-1505103184\" class=\"col small-12 large-12\"  >\n\t\t\t\t<div class=\"col-inner\"  >\n\t\t\t\n\t\t\t\n\n<p>Denne router fungerer godt i alle lande, da den ikke er l\u00e5st til roaming. Du kan bruge ethvert SIM-kort fra enhver operat\u00f8r. Routeren kan tilsluttes 12V, 110V eller 230V, eller via USB-str\u00f8mkablet. Dette g\u00f8r routeren velegnet til b\u00e5de hjemme- og rejsebrug.<\/p>\n<p><strong>5G-router HybridTraveller<\/strong><\/p>\n<p>Denne router underst\u00f8tter Nano-SIM-kort og er ogs\u00e5 forberedt til fremtidig eSIM-funktionalitet. Du kan k\u00f8be et SIM-kort fra os eller fra enhver anden operat\u00f8r. Vores router er ikke l\u00e5st til nogen operat\u00f8r, hvilket betyder, at du kan bruge ethvert SIM-kort. S\u00f8rg for, at SIM-kortet ikke har en PIN-kode.<\/p>\n<p><strong>LED-indikatorer<\/strong><\/p>\n<ul>\n<li>DC-str\u00f8m<\/li>\n<li>LAN-port<\/li>\n<li>USB-C-port (kun til fremstillingsservice, ikke til opladning)<\/li>\n<li>SIM-slot<\/li>\n<li>Nulstillingsknap<\/li>\n<li>WPS-knap<\/li>\n<li>T\u00e6nd\/sluk-knap<\/li>\n<\/ul>\n<p><strong>Installation<\/strong><\/p>\n<p>V\u00e6r forsigtig, n\u00e5r du inds\u00e6tter SIM-kortet, for at sikre, at det er korrekt justeret og inds\u00e6ttes forsigtigt. Brug ikke kraft til at inds\u00e6tte SIM-kortet, da det kan sidde fast. Se billedet p\u00e5 routeren for korrekt SIM-kortinds\u00e6ttelse. Det afsk\u00e5rne hj\u00f8rne p\u00e5 SIM-kortet skal vende nedad. Det kan kun inds\u00e6ttes p\u00e5 \u00e9n m\u00e5de.<\/p>\n<p>Brug det korrekte SIM-kort: Nano-SIM (det mindste SIM-kort). Inds\u00e6t SIM-kortet forsigtigt i SIM-slotten, indtil det klikker p\u00e5 plads.<\/p>\n<p>For at fjerne SIM-kortet, tryk forsigtigt p\u00e5 SIM-kortet, indtil det klikker, og kortet springer automatisk ud. Inds\u00e6t eller fjern ikke SIM-kortet, mens routeren er t\u00e6ndt. Dette kan p\u00e5virke ydeevnen og beskadige SIM-kortet.<\/p>\n<p>Tilslut str\u00f8madapteren eller USB-kablet til routeren. Tryk p\u00e5 t\u00e6nd\/sluk-knappen i mere end 3 sekunder, indtil indikatorlyset begynder at blinke, og routeren starter. N\u00e5r indikatorlyset stopper med at blinke, har routeren fuldf\u00f8rt initialiseringen og begynder at fungere.<\/p>\n<div class=\"table-1\">\n<table style=\"height: 184px;\" width=\"1152\">\n<thead>\n<tr>\n<th align=\"left\">Indikator<\/th>\n<th align=\"left\">Beskrivelse<\/th>\n<th align=\"left\">Farve<\/th>\n<\/tr>\n<\/thead>\n<tbody>\n<tr>\n<td align=\"left\">5G-netv\u00e6rksstatus:<\/td>\n<td align=\"left\">5G-netv\u00e6rk tilsluttet<\/td>\n<td align=\"left\">Gr\u00f8n<\/td>\n<\/tr>\n<tr>\n<td align=\"left\">&nbsp;<\/td>\n<td align=\"left\">5G-netv\u00e6rk ikke tilsluttet<\/td>\n<td align=\"left\">Slukket<\/td>\n<\/tr>\n<tr>\n<td align=\"left\">Wi-Fi-status:<\/td>\n<td align=\"left\">Wi-Fi fungerer<\/td>\n<td align=\"left\">Gr\u00f8n<\/td>\n<\/tr>\n<tr>\n<td align=\"left\">&nbsp;<\/td>\n<td align=\"left\">Wi-Fi er slukket<\/td>\n<td align=\"left\">Slukket<\/td>\n<\/tr>\n<tr>\n<td align=\"left\">&nbsp;<\/td>\n<td align=\"left\">WPS-funktion fungerer<\/td>\n<td align=\"left\">Blinkende gr\u00f8n<\/td>\n<\/tr>\n<tr>\n<td align=\"left\">LAN-portstatus:<\/td>\n<td align=\"left\">LAN-port fungerer<\/td>\n<td align=\"left\">Gr\u00f8n<\/td>\n<\/tr>\n<tr>\n<td align=\"left\">&nbsp;<\/td>\n<td align=\"left\">LAN-port ikke tilsluttet<\/td>\n<td align=\"left\">Slukket<\/td>\n<\/tr>\n<tr>\n<td align=\"left\">Str\u00f8m:<\/td>\n<td align=\"left\">Router online<\/td>\n<td align=\"left\">Gr\u00f8n<\/td>\n<\/tr>\n<tr>\n<td align=\"left\">&nbsp;<\/td>\n<td align=\"left\">Router slukket<\/td>\n<td align=\"left\">Slukket<\/td>\n<\/tr>\n<\/tbody>\n<\/table>\n<\/div>\n<p><strong>Knapfunktioner<\/strong><\/p>\n<ul>\n<li>T\u00e6nd\/sluk-knap<br \/>* Tryk p\u00e5 knappen i 3 sekunder: Routeren t\u00e6ndes<br \/>* Tryk p\u00e5 knappen i 3 sekunder igen: Routeren slukkes<\/li>\n<li>Nulstillingsknap<br \/>* Tryk p\u00e5 knappen i 3 sekunder: Routeren begynder at nulstille<\/li>\n<li>WPS-knap<br \/>* Tryk p\u00e5 knappen i 3 sekunder: WPS-funktionen begynder at fungere<\/li>\n<\/ul>\n<p><strong>Tilslutning til routeren<\/strong><\/p>\n<p><strong>Tilslutning via Wi-Fi<\/strong><\/p>\n<p>Tilslut din mobiltelefon eller computer til routerens Wi-Fi. (Se etiketten p\u00e5 undersiden af routeren for Wi-Fi SSID og adgangskode). Du kan ogs\u00e5 finde den samme etiket under batteriet.<\/p>\n<p><strong>Tilslutning via Ethernet<\/strong><\/p>\n<p>Tilslut din computer til routeren med et Ethernet-kabel for at f\u00e5 adgang til internettet.<\/p>\n<p><strong>Routeradministrationskonfiguration \u2013 Kun for avancerede brugere!<\/strong><\/p>\n<ol>\n<li>Tilslut din mobiltelefon eller computer til routeren med et Ethernet-kabel eller via Wi-Fi.<\/li>\n<li>Indtast 192.168.8.1 i din browser. Brug standard brugernavn og adgangskode. Brugernavnet er admin, og adgangskoden er admin.<\/li>\n<li>Derefter kan du \u00e6ndre indstillingerne i routerens administrationsgr\u00e6nseflade. Vi anbefaler at beholde standardindstillingerne.<\/li>\n<\/ol>\n<p><strong>FAQ<\/strong><\/p>\n<p><strong>Hvordan gendanner jeg fabriksindstillingerne?<\/strong><\/p>\n<p>N\u00e5r routeren er t\u00e6ndt, skal du trykke p\u00e5 nulstillingsknappen i 3 sekunder, indtil indikatorlyset begynder at blinke. Efter cirka 60 sekunder stopper indikatorlyset med at blinke, hvilket betyder, at routeren har fuldf\u00f8rt nulstillingen.<\/p>\n<p><strong>Hvad skal jeg g\u00f8re, hvis jeg har glemt Wi-Fi-adgangskoden eller loginadgangskoden?<\/strong><\/p>\n<p>Nulstil routeren til fabriksindstillingerne, og brug standard Wi-Fi-adgangskoden og loginoplysningerne.<\/p>\n<p><strong>Hvad skal jeg g\u00f8re, hvis routeren ikke kan oprette forbindelse til internettet?<\/strong><\/p>\n<ul>\n<li>S\u00f8rg for, at SIM-kortet er isat korrekt.<\/li>\n<li>Kontroller, at dit SIM-kort er aktivt.<\/li>\n<li>S\u00f8rg for, at routeren er t\u00e6ndt.<\/li>\n<li>Kontroller, at str\u00f8mindikatoren lyser p\u00e5 routeren.<\/li>\n<\/ul>\n<p><strong>Hvad skal jeg g\u00f8re, hvis routeren ikke kan oprette forbindelse til 5G-netv\u00e6rket?<\/strong><\/p>\n<ul>\n<li>Kontroller, om dit SIM-kort er aktivt.<\/li>\n<li>S\u00f8rg for, at der er mobild\u00e6kning i dit omr\u00e5de.<\/li>\n<\/ul>\n<p><strong>Hvordan ved jeg, at routeren er tilsluttet et 5G-netv\u00e6rk?<\/strong><\/p>\n<p>Hvis 5G-indikatoren er gr\u00f8n, er 5G-netv\u00e6rket tilsluttet.<\/p>\n<p><strong>Hvad skal jeg g\u00f8re, hvis jeg ikke kan f\u00e5 adgang til routerens administrationsgr\u00e6nseflade?<\/strong><\/p>\n<ul>\n<li>S\u00f8rg for, at din computer er tilsluttet routeren via et Ethernet-kabel eller Wi-Fi.<\/li>\n<li>S\u00f8rg for, at din computer er indstillet til automatisk at f\u00e5 en IP-adresse og DNS-serveradresse.<\/li>\n<li>Genstart din browser, eller pr\u00f8v en anden browser.<\/li>\n<li>Hvis problemet forts\u00e6tter, skal du nulstille routeren til fabriksindstillingerne.<\/li>\n<li>Genstart din computer.<\/li>\n<\/ul>\n\n\t\t<\/div>\n\t\t\t\t\t<\/div>\n\n\t\n\n<\/div>\n<p>Denne router fungerer godt i alle lande, da den ikke er l\u00e5st til roaming. Du kan bruge ethvert SIM-kort fra enhver operat\u00f8r. Routeren kan tilsluttes 12V, 110V eller 230V, eller via USB-str\u00f8mkablet. Dette g\u00f8r routeren velegnet til b\u00e5de hjemme- og rejsebrug.<\/p>\n<p><strong>5G-router HybridTraveller<\/strong><\/p>\n<p>Denne router underst\u00f8tter Nano-SIM-kort og er ogs\u00e5 forberedt til fremtidig eSIM-funktionalitet. Du kan k\u00f8be et SIM-kort fra os eller fra enhver anden operat\u00f8r. Vores router er ikke l\u00e5st til nogen operat\u00f8r, hvilket betyder, at du kan bruge ethvert SIM-kort. S\u00f8rg for, at SIM-kortet ikke har en PIN-kode.<\/p>\n<p><strong>LED-indikatorer<\/strong><\/p>\n<ul>\n<li>DC-str\u00f8m<\/li>\n<li>LAN-port<\/li>\n<li>USB-C-port (kun til fremstillingsservice, ikke til opladning)<\/li>\n<li>SIM-slot<\/li>\n<li>Nulstillingsknap<\/li>\n<li>WPS-knap<\/li>\n<li>T\u00e6nd\/sluk-knap<\/li>\n<\/ul>\n<p><strong>Installation<\/strong><\/p>\n<p>V\u00e6r forsigtig, n\u00e5r du inds\u00e6tter SIM-kortet, for at sikre, at det er korrekt justeret og inds\u00e6ttes forsigtigt. Brug ikke kraft til at inds\u00e6tte SIM-kortet, da det kan sidde fast. Se billedet p\u00e5 routeren for korrekt SIM-kortinds\u00e6ttelse. Det afsk\u00e5rne hj\u00f8rne p\u00e5 SIM-kortet skal vende nedad. Det kan kun inds\u00e6ttes p\u00e5 \u00e9n m\u00e5de.<\/p>\n<p>Brug det korrekte SIM-kort: Nano-SIM (det mindste SIM-kort). Inds\u00e6t SIM-kortet forsigtigt i SIM-slotten, indtil det klikker p\u00e5 plads.<\/p>\n<p>For at fjerne SIM-kortet, tryk forsigtigt p\u00e5 SIM-kortet, indtil det klikker, og kortet springer automatisk ud. Inds\u00e6t eller fjern ikke SIM-kortet, mens routeren er t\u00e6ndt. Dette kan p\u00e5virke ydeevnen og beskadige SIM-kortet.<\/p>\n<p>Tilslut str\u00f8madapteren eller USB-kablet til routeren. Tryk p\u00e5 t\u00e6nd\/sluk-knappen i mere end 3 sekunder, indtil indikatorlyset begynder at blinke, og routeren starter. N\u00e5r indikatorlyset stopper med at blinke, har routeren fuldf\u00f8rt initialiseringen og begynder at fungere.<\/p>\n<p><strong>Beskrivelse af indikatorerne<\/strong><\/p>\n[\/fusion_text][fusion_text columns=&#8221;&#8221; column_min_width=&#8221;&#8221; column_spacing=&#8221;&#8221; rule_style=&#8221;&#8221; rule_size=&#8221;&#8221; rule_color=&#8221;&#8221; hue=&#8221;&#8221; saturation=&#8221;&#8221; lightness=&#8221;&#8221; alpha=&#8221;&#8221; user_select=&#8221;&#8221; content_alignment_medium=&#8221;&#8221; content_alignment_small=&#8221;&#8221; content_alignment=&#8221;&#8221; hide_on_mobile=&#8221;small-visibility,medium-visibility,large-visibility&#8221; sticky_display=&#8221;normal,sticky&#8221; class=&#8221;&#8221; id=&#8221;&#8221; margin_top=&#8221;&#8221; margin_right=&#8221;&#8221; margin_bottom=&#8221;&#8221; margin_left=&#8221;&#8221; fusion_font_family_text_font=&#8221;&#8221; fusion_font_variant_text_font=&#8221;&#8221; font_size=&#8221;&#8221; line_height=&#8221;&#8221; letter_spacing=&#8221;&#8221; text_transform=&#8221;&#8221; text_color=&#8221;#000000&#8243; animation_type=&#8221;&#8221; animation_direction=&#8221;left&#8221; animation_color=&#8221;&#8221; animation_speed=&#8221;0.3&#8243; animation_delay=&#8221;0&#8243; animation_offset=&#8221;&#8221; logics=&#8221;&#8221;]\n<div class=\"table-1\">\n<table style=\"height: 184px;\" width=\"1152\">\n<thead>\n<tr>\n<th align=\"left\">Indikator<\/th>\n<th align=\"left\">Beskrivelse<\/th>\n<th align=\"left\">Farve<\/th>\n<\/tr>\n<\/thead>\n<tbody>\n<tr>\n<td align=\"left\">5G-netv\u00e6rksstatus:<\/td>\n<td align=\"left\">5G-netv\u00e6rk tilsluttet<\/td>\n<td align=\"left\">Gr\u00f8n<\/td>\n<\/tr>\n<tr>\n<td align=\"left\"><\/td>\n<td align=\"left\">5G-netv\u00e6rk ikke tilsluttet<\/td>\n<td align=\"left\">Slukket<\/td>\n<\/tr>\n<tr>\n<td align=\"left\">Wi-Fi-status:<\/td>\n<td align=\"left\">Wi-Fi fungerer<\/td>\n<td align=\"left\">Gr\u00f8n<\/td>\n<\/tr>\n<tr>\n<td align=\"left\"><\/td>\n<td align=\"left\">Wi-Fi er slukket<\/td>\n<td align=\"left\">Slukket<\/td>\n<\/tr>\n<tr>\n<td align=\"left\"><\/td>\n<td align=\"left\">WPS-funktion fungerer<\/td>\n<td align=\"left\">Blinkende gr\u00f8n<\/td>\n<\/tr>\n<tr>\n<td align=\"left\">LAN-portstatus:<\/td>\n<td align=\"left\">LAN-port fungerer<\/td>\n<td align=\"left\">Gr\u00f8n<\/td>\n<\/tr>\n<tr>\n<td align=\"left\"><\/td>\n<td align=\"left\">LAN-port ikke tilsluttet<\/td>\n<td align=\"left\">Slukket<\/td>\n<\/tr>\n<tr>\n<td align=\"left\">Str\u00f8m:<\/td>\n<td align=\"left\">Router online<\/td>\n<td align=\"left\">Gr\u00f8n<\/td>\n<\/tr>\n<tr>\n<td align=\"left\"><\/td>\n<td align=\"left\">Router slukket<\/td>\n<td align=\"left\">Slukket<\/td>\n<\/tr>\n<\/tbody>\n<\/table>\n<\/div>\n[\/fusion_text][fusion_text columns=&#8221;&#8221; column_min_width=&#8221;&#8221; column_spacing=&#8221;&#8221; rule_style=&#8221;&#8221; rule_size=&#8221;&#8221; rule_color=&#8221;&#8221; hue=&#8221;&#8221; saturation=&#8221;&#8221; lightness=&#8221;&#8221; alpha=&#8221;&#8221; user_select=&#8221;&#8221; content_alignment_medium=&#8221;&#8221; content_alignment_small=&#8221;&#8221; content_alignment=&#8221;&#8221; hide_on_mobile=&#8221;small-visibility,medium-visibility,large-visibility&#8221; sticky_display=&#8221;normal,sticky&#8221; class=&#8221;&#8221; id=&#8221;&#8221; margin_top=&#8221;&#8221; margin_right=&#8221;&#8221; margin_bottom=&#8221;&#8221; margin_left=&#8221;&#8221; fusion_font_family_text_font=&#8221;Roboto&#8221; fusion_font_variant_text_font=&#8221;400&#8243; font_size=&#8221;&#8221; line_height=&#8221;&#8221; letter_spacing=&#8221;&#8221; text_transform=&#8221;&#8221; text_color=&#8221;#111111&#8243; animation_type=&#8221;&#8221; animation_direction=&#8221;left&#8221; animation_color=&#8221;&#8221; animation_speed=&#8221;0.3&#8243; animation_delay=&#8221;0&#8243; animation_offset=&#8221;&#8221; logics=&#8221;&#8221;]\n<p><strong><br \/>Knapfunktioner<\/strong><\/p>\n<ul>\n<li><strong>T\u00e6nd\/sluk-knap<\/strong>\n<ul>\n<li>Tryk p\u00e5 knappen i 3 sekunder: Routeren t\u00e6ndes<\/li>\n<li>Tryk p\u00e5 knappen i 3 sekunder igen: Routeren slukkes<\/li>\n<\/ul>\n<\/li>\n<li><strong>Nulstillingsknap<\/strong>\n<ul>\n<li>Tryk p\u00e5 knappen i 3 sekunder: Routeren begynder at nulstille<\/li>\n<\/ul>\n<\/li>\n<li><strong>WPS-knap<\/strong>\n<ul>\n<li>Tryk p\u00e5 knappen i 3 sekunder: WPS-funktionen begynder at fungere<\/li>\n<\/ul>\n<\/li>\n<\/ul>\n<p><strong>Tilslutning til routeren<\/strong><\/p>\n<p><strong>Tilslutning via Wi-Fi<\/strong><\/p>\n<p>Tilslut din mobiltelefon eller computer til routerens Wi-Fi. (Se etiketten p\u00e5 undersiden af routeren for Wi-Fi SSID og adgangskode). Du kan ogs\u00e5 finde den samme etiket under batteriet.<\/p>\n<p><strong>Tilslutning via Ethernet<\/strong><\/p>\n<p>Tilslut din computer til routeren med et Ethernet-kabel for at f\u00e5 adgang til internettet.<\/p>\n<p><strong>Routeradministrationskonfiguration &#8211; Kun for avancerede brugere!<\/strong><\/p>\n<ol>\n<li>Tilslut din mobiltelefon eller computer til routeren med et Ethernet-kabel eller via Wi-Fi.<\/li>\n<li>Indtast 192.168.8.1 i din browser. Brug standard brugernavn og adgangskode. Brugernavnet er admin, og adgangskoden er admin.<\/li>\n<li>Derefter kan du \u00e6ndre indstillingerne i routerens administrationsgr\u00e6nseflade. Vi anbefaler at beholde standardindstillingerne.<\/li>\n<\/ol>\n<p><strong>FAQ<\/strong><\/p>\n<p><strong>Hvordan gendanner jeg fabriksindstillingerne?<\/strong><\/p>\n<p>N\u00e5r routeren er t\u00e6ndt, skal du trykke p\u00e5 nulstillingsknappen i 3 sekunder, indtil indikatorlyset begynder at blinke. Efter cirka 60 sekunder stopper indikatorlyset med at blinke, hvilket betyder, at routeren har fuldf\u00f8rt nulstillingen.<\/p>\n<p><strong>Hvad skal jeg g\u00f8re, hvis jeg har glemt Wi-Fi-adgangskoden eller loginadgangskoden?<\/strong><\/p>\n<p>Nulstil routeren til fabriksindstillingerne, og brug standard Wi-Fi-adgangskoden og loginoplysningerne.<\/p>\n<p><strong>Hvad skal jeg g\u00f8re, hvis routeren ikke kan oprette forbindelse til internettet?<\/strong><\/p>\n<ul>\n<li>S\u00f8rg for, at SIM-kortet er isat korrekt.<\/li>\n<li>Kontroller, at dit SIM-kort er aktivt.<\/li>\n<li>S\u00f8rg for, at routeren er t\u00e6ndt.<\/li>\n<li>Kontroller, at str\u00f8mindikatoren lyser p\u00e5 routeren.<\/li>\n<\/ul>\n<p><strong>Hvad skal jeg g\u00f8re, hvis routeren ikke kan oprette forbindelse til 5G-netv\u00e6rket?<\/strong><\/p>\n<ul>\n<li>Kontroller, om dit SIM-kort er aktivt.<\/li>\n<li>S\u00f8rg for, at der er mobild\u00e6kning i dit omr\u00e5de.<\/li>\n<\/ul>\n<p><strong>Hvordan ved jeg, at routeren er tilsluttet et 5G-netv\u00e6rk?<\/strong><\/p>\n<p>Hvis 5G-indikatoren er gr\u00f8n, er 5G-netv\u00e6rket tilsluttet.<\/p>\n<p><strong>Hvad skal jeg g\u00f8re, hvis jeg ikke kan f\u00e5 adgang til routerens administrationsgr\u00e6nseflade?<\/strong><\/p>\n<ul>\n<li>S\u00f8rg for, at din computer er tilsluttet routeren via et Ethernet-kabel eller Wi-Fi.<\/li>\n<li>S\u00f8rg for, at din computer er indstillet til automatisk at f\u00e5 en IP-adresse og DNS-serveradresse.<\/li>\n<li>Genstart din browser, eller pr\u00f8v en anden browser.<\/li>\n<li>Hvis problemet forts\u00e6tter, skal du nulstille routeren til fabriksindstillingerne.<\/li>\n<li>Genstart din computer.<\/li>\n<\/ul>\n[\/fusion_text][\/fusion_builder_column][\/fusion_builder_row][\/fusion_builder_container]\n\n","protected":false},"excerpt":{"rendered":"","protected":false},"author":153,"featured_media":0,"parent":0,"menu_order":0,"comment_status":"closed","ping_status":"closed","template":"","meta":{"_acf_changed":false,"footnotes":""},"class_list":["post-29108","page","type-page","status-publish","hentry"],"acf":[],"yoast_head":"<!-- This site is optimized with the Yoast SEO plugin v27.1.1 - https:\/\/yoast.com\/product\/yoast-seo-wordpress\/ -->\n<title>Hurtigstartvejledning - WIFI.SE\/PL<\/title>\n<meta name=\"robots\" content=\"noindex, follow, max-snippet:-1, max-image-preview:large, max-video-preview:-1\" \/>\n<meta property=\"og:locale\" content=\"pl_PL\" \/>\n<meta property=\"og:type\" content=\"article\" \/>\n<meta property=\"og:title\" content=\"Hurtigstartvejledning - WIFI.SE\/PL\" \/>\n<meta property=\"og:url\" content=\"https:\/\/wifi.se\/pl\/hurtigstartvejledning\/\" \/>\n<meta property=\"og:site_name\" content=\"WIFI.SE\/PL\" \/>\n<meta property=\"article:modified_time\" content=\"2024-10-08T13:24:09+00:00\" \/>\n<meta name=\"twitter:card\" content=\"summary_large_image\" \/>\n<meta name=\"twitter:label1\" content=\"Szacowany czas czytania\" \/>\n\t<meta name=\"twitter:data1\" content=\"7 minut\" \/>\n<script type=\"application\/ld+json\" class=\"yoast-schema-graph\">{\"@context\":\"https:\/\/schema.org\",\"@graph\":[{\"@type\":\"WebPage\",\"@id\":\"https:\/\/wifi.se\/pl\/hurtigstartvejledning\/\",\"url\":\"https:\/\/wifi.se\/pl\/hurtigstartvejledning\/\",\"name\":\"Hurtigstartvejledning - WIFI.SE\/PL\",\"isPartOf\":{\"@id\":\"https:\/\/wifi.se\/pl\/#website\"},\"datePublished\":\"2024-08-18T16:15:48+00:00\",\"dateModified\":\"2024-10-08T13:24:09+00:00\",\"breadcrumb\":{\"@id\":\"https:\/\/wifi.se\/pl\/hurtigstartvejledning\/#breadcrumb\"},\"inLanguage\":\"pl-PL\",\"potentialAction\":[{\"@type\":\"ReadAction\",\"target\":[\"https:\/\/wifi.se\/pl\/hurtigstartvejledning\/\"]}]},{\"@type\":\"BreadcrumbList\",\"@id\":\"https:\/\/wifi.se\/pl\/hurtigstartvejledning\/#breadcrumb\",\"itemListElement\":[{\"@type\":\"ListItem\",\"position\":1,\"name\":\"Hem\",\"item\":\"https:\/\/wifi.se\/pl\/\"},{\"@type\":\"ListItem\",\"position\":2,\"name\":\"Hurtigstartvejledning\"}]},{\"@type\":\"WebSite\",\"@id\":\"https:\/\/wifi.se\/pl\/#website\",\"url\":\"https:\/\/wifi.se\/pl\/\",\"name\":\"WIFI.SE\/PL\",\"description\":\"INTERNET \u00d6VERALLT\",\"potentialAction\":[{\"@type\":\"SearchAction\",\"target\":{\"@type\":\"EntryPoint\",\"urlTemplate\":\"https:\/\/wifi.se\/pl\/?s={search_term_string}\"},\"query-input\":{\"@type\":\"PropertyValueSpecification\",\"valueRequired\":true,\"valueName\":\"search_term_string\"}}],\"inLanguage\":\"pl-PL\"}]}<\/script>\n<!-- \/ Yoast SEO plugin. -->","yoast_head_json":{"title":"Hurtigstartvejledning - WIFI.SE\/PL","robots":{"index":"noindex","follow":"follow","max-snippet":"max-snippet:-1","max-image-preview":"max-image-preview:large","max-video-preview":"max-video-preview:-1"},"og_locale":"pl_PL","og_type":"article","og_title":"Hurtigstartvejledning - WIFI.SE\/PL","og_url":"https:\/\/wifi.se\/pl\/hurtigstartvejledning\/","og_site_name":"WIFI.SE\/PL","article_modified_time":"2024-10-08T13:24:09+00:00","twitter_card":"summary_large_image","twitter_misc":{"Szacowany czas czytania":"7 minut"},"schema":{"@context":"https:\/\/schema.org","@graph":[{"@type":"WebPage","@id":"https:\/\/wifi.se\/pl\/hurtigstartvejledning\/","url":"https:\/\/wifi.se\/pl\/hurtigstartvejledning\/","name":"Hurtigstartvejledning - WIFI.SE\/PL","isPartOf":{"@id":"https:\/\/wifi.se\/pl\/#website"},"datePublished":"2024-08-18T16:15:48+00:00","dateModified":"2024-10-08T13:24:09+00:00","breadcrumb":{"@id":"https:\/\/wifi.se\/pl\/hurtigstartvejledning\/#breadcrumb"},"inLanguage":"pl-PL","potentialAction":[{"@type":"ReadAction","target":["https:\/\/wifi.se\/pl\/hurtigstartvejledning\/"]}]},{"@type":"BreadcrumbList","@id":"https:\/\/wifi.se\/pl\/hurtigstartvejledning\/#breadcrumb","itemListElement":[{"@type":"ListItem","position":1,"name":"Hem","item":"https:\/\/wifi.se\/pl\/"},{"@type":"ListItem","position":2,"name":"Hurtigstartvejledning"}]},{"@type":"WebSite","@id":"https:\/\/wifi.se\/pl\/#website","url":"https:\/\/wifi.se\/pl\/","name":"WIFI.SE\/PL","description":"INTERNET \u00d6VERALLT","potentialAction":[{"@type":"SearchAction","target":{"@type":"EntryPoint","urlTemplate":"https:\/\/wifi.se\/pl\/?s={search_term_string}"},"query-input":{"@type":"PropertyValueSpecification","valueRequired":true,"valueName":"search_term_string"}}],"inLanguage":"pl-PL"}]}},"_links":{"self":[{"href":"https:\/\/wifi.se\/pl\/wp-json\/wp\/v2\/pages\/29108","targetHints":{"allow":["GET"]}}],"collection":[{"href":"https:\/\/wifi.se\/pl\/wp-json\/wp\/v2\/pages"}],"about":[{"href":"https:\/\/wifi.se\/pl\/wp-json\/wp\/v2\/types\/page"}],"author":[{"embeddable":true,"href":"https:\/\/wifi.se\/pl\/wp-json\/wp\/v2\/users\/153"}],"replies":[{"embeddable":true,"href":"https:\/\/wifi.se\/pl\/wp-json\/wp\/v2\/comments?post=29108"}],"version-history":[{"count":2,"href":"https:\/\/wifi.se\/pl\/wp-json\/wp\/v2\/pages\/29108\/revisions"}],"predecessor-version":[{"id":30547,"href":"https:\/\/wifi.se\/pl\/wp-json\/wp\/v2\/pages\/29108\/revisions\/30547"}],"wp:attachment":[{"href":"https:\/\/wifi.se\/pl\/wp-json\/wp\/v2\/media?parent=29108"}],"curies":[{"name":"wp","href":"https:\/\/api.w.org\/{rel}","templated":true}]}}