{"id":29101,"date":"2024-08-18T18:10:54","date_gmt":"2024-08-18T16:10:54","guid":{"rendered":"https:\/\/wifi.se\/?page_id=29101"},"modified":"2024-10-08T15:19:03","modified_gmt":"2024-10-08T13:19:03","slug":"guide-de-demarrage-rapide","status":"publish","type":"page","link":"https:\/\/wifi.se\/pl\/guide-de-demarrage-rapide\/","title":{"rendered":"Guide de d\u00e9marrage rapide"},"content":{"rendered":"\n\n\t<section class=\"section\" id=\"section_1948786792\">\n\t\t<div class=\"section-bg fill\" >\n\t\t\t\t\t\t\t\t\t\n\t\t\t\n\n\t\t<\/div>\n\n\t\t\n\n\t\t<div class=\"section-content relative\">\n\t\t\t\n\n<div class=\"row\"  id=\"row-476579678\">\n\n\n\t<div id=\"col-570632204\" class=\"col small-12 large-12\"  >\n\t\t\t\t<div class=\"col-inner\"  >\n\t\t\t\n\t\t\t\n\n<div class=\"container section-title-container guide_title\" ><h1 class=\"section-title section-title-center\"><b aria-hidden=\"true\"><\/b><span class=\"section-title-main\" >Guide de d\u00e9marrage rapide<\/span><b aria-hidden=\"true\"><\/b><\/h1><\/div>\n\n\n\t\t<\/div>\n\t\t\t\t\t<\/div>\n\n\t\n\n<\/div>\n<div class=\"row\"  id=\"row-1774921748\">\n\n\n\t<div id=\"col-2129132605\" class=\"col small-12 large-12\"  >\n\t\t\t\t<div class=\"col-inner\"  >\n\t\t\t\n\t\t\t\n\n\n\n<meta charset=\"UTF-8\">\n    <meta name=\"viewport\" content=\"width=device-width, initial-scale=1.0\">\n    <title>Button Styles<\/title>\n    <style>\n        \n    <\/style>\n\n\n\n    <!-- Button with Link -->\n    <a href=\"\/hurtigstartveiledning\/\" class=\"link-button\">\n        Dansk\n    <\/a>\n<a href=\"\/schnellstartanleitung\/\" class=\"link-button\">\n        Deutsch\n    <\/a>\n <a href=\"\/quick-start-guide\/\" class=\"link-button\">\n         English\n    <\/a>\n <a href=\"\/guia-de-inicio-rapido\/\" class=\"link-button\">\n         Espa\u00f1ol\n    <\/a>\n <a href=\"\/guide-de-demarrage-rapide\/\" class=\"link-button-active\">\n        Fran\u00e7ais\n    <\/a>\n <a href=\"\/guida-rapida\/\" class=\"link-button\">\n        Italiano\n    <\/a>\n <a href=\"\/snelstartgids\/\" class=\"link-button\">\n        Nederlands\n    <\/a> <a href=\"\/hurtigstartvejledning\/\" class=\"link-button\">\n        Norsk\n    <\/a>\n\n<a href=\"\/pikaopas\/\" class=\"link-button\">\n        Suomen kielt\u00e4\n    <\/a>\n<a href=\"\/snabbstartsguide\/\" class=\"link-button\">\n        Svenska\n    <\/a>\n<a href=\"\/przewodnik-szybkiego-startu\/\" class=\"link-button\">\n        Polski\n    <\/a>\n\n\n\t\t<\/div>\n\t\t\t\t\t<\/div>\n\n\t\n\n<\/div>\n\n\t\t<\/div>\n\n\t\t\n<style>\n#section_1948786792 {\n  padding-top: 30px;\n  padding-bottom: 30px;\n}\n<\/style>\n\t<\/section>\n\t\n\n\t<section class=\"section\" id=\"section_1989895340\">\n\t\t<div class=\"section-bg fill\" >\n\t\t\t\t\t\t\t\t\t\n\t\t\t\n\n\t\t<\/div>\n\n\t\t\n\n\t\t<div class=\"section-content relative\">\n\t\t\t\n\n<div class=\"row align-center\"  id=\"row-1639896116\">\n\n\n\t<div id=\"col-1209453559\" class=\"col medium-8 small-12 large-8\"  >\n\t\t\t\t<div class=\"col-inner\"  >\n\t\t\t\n\t\t\t\n\n\t<div class=\"img has-hover x md-x lg-x y md-y lg-y\" id=\"image_816442501\">\n\t\t\t\t\t\t\t\t<div class=\"img-inner dark\" >\n\t\t\t<img loading=\"lazy\" decoding=\"async\" width=\"800\" height=\"800\" src=\"https:\/\/wifi.se\/pl\/wp-content\/uploads\/sites\/9\/2024\/08\/hybrid32.jpg\" class=\"attachment-original size-original\" alt=\"Hybrid Traveller\" srcset=\"https:\/\/wifi.se\/pl\/wp-content\/uploads\/sites\/9\/2024\/08\/hybrid32.jpg 800w, https:\/\/wifi.se\/pl\/wp-content\/uploads\/sites\/9\/2024\/08\/hybrid32-300x300.jpg 300w, https:\/\/wifi.se\/pl\/wp-content\/uploads\/sites\/9\/2024\/08\/hybrid32-100x100.jpg 100w, https:\/\/wifi.se\/pl\/wp-content\/uploads\/sites\/9\/2024\/08\/hybrid32-510x510.jpg 510w, https:\/\/wifi.se\/pl\/wp-content\/uploads\/sites\/9\/2024\/08\/hybrid32-64x64.jpg 64w, https:\/\/wifi.se\/pl\/wp-content\/uploads\/sites\/9\/2024\/08\/hybrid32-150x150.jpg 150w, https:\/\/wifi.se\/pl\/wp-content\/uploads\/sites\/9\/2024\/08\/hybrid32-768x768.jpg 768w, https:\/\/wifi.se\/pl\/wp-content\/uploads\/sites\/9\/2024\/08\/hybrid32-66x66.jpg 66w, https:\/\/wifi.se\/pl\/wp-content\/uploads\/sites\/9\/2024\/08\/hybrid32-200x200.jpg 200w, https:\/\/wifi.se\/pl\/wp-content\/uploads\/sites\/9\/2024\/08\/hybrid32-400x400.jpg 400w, https:\/\/wifi.se\/pl\/wp-content\/uploads\/sites\/9\/2024\/08\/hybrid32-600x600.jpg 600w, https:\/\/wifi.se\/pl\/wp-content\/uploads\/sites\/9\/2024\/08\/hybrid32-50x50.jpg 50w\" sizes=\"auto, (max-width: 800px) 100vw, 800px\" \/>\t\t\t\t\t\t\n\t\t\t\t\t<\/div>\n\t\t\t\t\t\t\t\t\n<style>\n#image_816442501 {\n  width: 100%;\n}\n<\/style>\n\t<\/div>\n\t\n\n\n\t\t<\/div>\n\t\t\t\t\t<\/div>\n\n\t\n\n<\/div>\n\n\t\t<\/div>\n\n\t\t\n<style>\n#section_1989895340 {\n  padding-top: 30px;\n  padding-bottom: 30px;\n}\n<\/style>\n\t<\/section>\n\t\n<div class=\"row\"  id=\"row-1458226551\">\n\n\n\t<div id=\"col-1507327754\" class=\"col small-12 large-12\"  >\n\t\t\t\t<div class=\"col-inner\"  >\n\t\t\t\n\t\t\t\n\n<p>Ce routeur fonctionne bien dans tous les pays car il n\u2019est pas verrouill\u00e9 pour l\u2019itin\u00e9rance. Vous pouvez utiliser n\u2019importe quelle carte SIM de n\u2019importe quel op\u00e9rateur. Le routeur peut \u00eatre branch\u00e9 sur 12V, 110V ou 230V, ou via le c\u00e2ble d\u2019alimentation USB. Cela rend le routeur adapt\u00e9 \u00e0 une utilisation \u00e0 domicile et en voyage.<\/p>\n<p><strong>Routeur 5G HybridTraveller<\/strong><\/p>\n<p>Ce routeur prend en charge les cartes Nano-SIM et est \u00e9galement pr\u00eat pour la fonctionnalit\u00e9 eSIM future. Vous pouvez acheter une carte SIM chez nous ou chez n\u2019importe quel autre op\u00e9rateur. Notre routeur n\u2019est verrouill\u00e9 \u00e0 aucun op\u00e9rateur, ce qui vous permet d\u2019utiliser n\u2019importe quelle carte SIM. Assurez-vous que la carte SIM n\u2019a pas de code PIN.<\/p>\n<p><strong>Indicateurs LED<\/strong><\/p>\n<ul>\n<li>Alimentation DC<\/li>\n<li>Port LAN<\/li>\n<li>Port USB-C (uniquement pour usage de service de fabrication, pas pour la charge)<\/li>\n<li>Emplacement SIM<\/li>\n<li>Bouton de r\u00e9initialisation<\/li>\n<li>Bouton WPS<\/li>\n<li>Bouton d\u2019alimentation<\/li>\n<\/ul>\n<p><strong>Installation<\/strong><\/p>\n<p>Soyez prudent lors de l\u2019insertion de la carte SIM pour vous assurer qu\u2019elle est correctement align\u00e9e et ins\u00e9r\u00e9e doucement. N\u2019utilisez pas de force pour ins\u00e9rer la carte SIM car elle pourrait se coincer. Reportez-vous \u00e0 l\u2019image sur le routeur pour une insertion correcte de la carte SIM. L\u2019angle coup\u00e9 de la carte SIM doit \u00eatre orient\u00e9 vers le bas. Elle ne peut \u00eatre ins\u00e9r\u00e9e que dans un seul sens.<\/p>\n<p>Utilisez la carte SIM correcte : Nano-SIM (la plus petite carte SIM). Ins\u00e9rez doucement la carte SIM dans l\u2019emplacement jusqu\u2019\u00e0 ce qu\u2019elle s\u2019enclenche.<\/p>\n<p>Pour retirer la carte SIM, appuyez doucement sur la carte SIM jusqu\u2019\u00e0 ce qu\u2019elle s\u2019enclenche et la carte sortira automatiquement. N\u2019ins\u00e9rez ou ne retirez pas la carte SIM lorsque le routeur est allum\u00e9. Cela peut affecter les performances et endommager la carte SIM.<\/p>\n<p>Connectez l\u2019adaptateur secteur ou le c\u00e2ble USB au routeur. Appuyez sur le bouton d\u2019alimentation pendant plus de 3 secondes jusqu\u2019\u00e0 ce que le voyant commence \u00e0 clignoter et que le routeur d\u00e9marre. Lorsque le voyant cesse de clignoter, le routeur a termin\u00e9 l\u2019initialisation et commence \u00e0 fonctionner.<\/p>\n<div class=\"table-1\">\n<table style=\"height: 184px;\" width=\"1152\">\n<thead>\n<tr>\n<th align=\"left\">Indicateur<\/th>\n<th align=\"left\">Description<\/th>\n<th align=\"left\">Couleur<\/th>\n<\/tr>\n<\/thead>\n<tbody>\n<tr>\n<td align=\"left\">Statut du r\u00e9seau 5G:<\/td>\n<td align=\"left\">R\u00e9seau 5G connect\u00e9<\/td>\n<td align=\"left\">Vert<\/td>\n<\/tr>\n<tr>\n<td align=\"left\">&nbsp;<\/td>\n<td align=\"left\">R\u00e9seau 5G non connect\u00e9<\/td>\n<td align=\"left\">\u00c9teint<\/td>\n<\/tr>\n<tr>\n<td align=\"left\">Statut Wi-Fi:<\/td>\n<td align=\"left\">Wi-Fi en fonctionnement<\/td>\n<td align=\"left\">Vert<\/td>\n<\/tr>\n<tr>\n<td align=\"left\">&nbsp;<\/td>\n<td align=\"left\">Wi-Fi \u00e9teint<\/td>\n<td align=\"left\">\u00c9teint<\/td>\n<\/tr>\n<tr>\n<td align=\"left\">&nbsp;<\/td>\n<td align=\"left\">Fonction WPS en cours<\/td>\n<td align=\"left\">Clignotant vert<\/td>\n<\/tr>\n<tr>\n<td align=\"left\">Statut du port LAN:<\/td>\n<td align=\"left\">Port LAN en fonctionnement<\/td>\n<td align=\"left\">Vert<\/td>\n<\/tr>\n<tr>\n<td align=\"left\">&nbsp;<\/td>\n<td align=\"left\">Port LAN non connect\u00e9<\/td>\n<td align=\"left\">\u00c9teint<\/td>\n<\/tr>\n<tr>\n<td align=\"left\">Alimentation:<\/td>\n<td align=\"left\">Routeur en ligne<\/td>\n<td align=\"left\">Vert<\/td>\n<\/tr>\n<tr>\n<td align=\"left\">&nbsp;<\/td>\n<td align=\"left\">Routeur \u00e9teint<\/td>\n<td align=\"left\">\u00c9teint<\/td>\n<\/tr>\n<\/tbody>\n<\/table>\n<\/div>\n<p><strong>Fonctions des boutons<\/strong><\/p>\n<ul>\n<li>Bouton d\u2019alimentation<br \/>* Appuyez sur le bouton pendant 3 secondes : Le routeur s\u2019allume<br \/>* Appuyez sur le bouton pendant 3 secondes \u00e0 nouveau : Le routeur s\u2019\u00e9teint<\/li>\n<li>Bouton de r\u00e9initialisation<br \/>* Appuyez sur le bouton pendant 3 secondes : Le routeur commence \u00e0 se r\u00e9initialiser<\/li>\n<li>Bouton WPS<br \/>* Appuyez sur le bouton pendant 3 secondes : La fonction WPS commence \u00e0 fonctionner<\/li>\n<\/ul>\n<p><strong>Connexion au routeur<\/strong><\/p>\n<p><strong>Connexion via Wi-Fi<\/strong><\/p>\n<p>Connectez votre t\u00e9l\u00e9phone mobile ou votre ordinateur au Wi-Fi du routeur. (R\u00e9f\u00e9rez-vous \u00e0 l\u2019\u00e9tiquette au bas du routeur pour conna\u00eetre le SSID Wi-Fi et le mot de passe). Vous pouvez \u00e9galement trouver la m\u00eame \u00e9tiquette sous la batterie.<\/p>\n<p><strong>Connexion via Ethernet<\/strong><\/p>\n<p>Connectez votre ordinateur au routeur avec un c\u00e2ble Ethernet pour acc\u00e9der \u00e0 Internet.<\/p>\n<p><strong>Configuration de l\u2019administration du routeur \u2013 R\u00e9serv\u00e9 aux utilisateurs avanc\u00e9s !<\/strong><\/p>\n<ol>\n<li>Connectez votre t\u00e9l\u00e9phone mobile ou votre ordinateur au routeur avec un c\u00e2ble Ethernet ou via Wi-Fi.<\/li>\n<li>Tapez 192.168.8.1 dans votre navigateur. Utilisez le nom d\u2019utilisateur et le mot de passe par d\u00e9faut. Le nom d\u2019utilisateur est admin et le mot de passe est admin.<\/li>\n<li>Vous pouvez alors modifier les param\u00e8tres dans l\u2019interface d\u2019administration du routeur. Nous conseillons de conserver les param\u00e8tres par d\u00e9faut.<\/li>\n<\/ol>\n<p><strong>FAQ<\/strong><\/p>\n<p><strong>Comment r\u00e9initialiser les param\u00e8tres d\u2019usine ?<\/strong><\/p>\n<p>Lorsque le routeur est allum\u00e9, appuyez sur le bouton de r\u00e9initialisation pendant 3 secondes jusqu\u2019\u00e0 ce que le voyant commence \u00e0 clignoter. Apr\u00e8s environ 60 secondes, le voyant cesse de clignoter, ce qui signifie que le routeur a termin\u00e9 la r\u00e9initialisation.<\/p>\n<p><strong>Que faire si j\u2019ai oubli\u00e9 le mot de passe Wi-Fi ou le mot de passe de connexion ?<\/strong><\/p>\n<p>R\u00e9initialisez le routeur aux param\u00e8tres d\u2019usine et utilisez le mot de passe Wi-Fi par d\u00e9faut et les informations de connexion par d\u00e9faut.<\/p>\n<p><strong>Que faire si le routeur ne peut pas se connecter \u00e0 Internet ?<\/strong><\/p>\n<ul>\n<li>Assurez-vous que la carte SIM est ins\u00e9r\u00e9e correctement.<\/li>\n<li>V\u00e9rifiez que votre carte SIM est active.<\/li>\n<li>Assurez-vous que le routeur est allum\u00e9.<\/li>\n<li>V\u00e9rifiez que le voyant d\u2019alimentation est allum\u00e9 sur le routeur.<\/li>\n<\/ul>\n<p><strong>Que faire si le routeur ne peut pas se connecter au r\u00e9seau 5G ?<\/strong><\/p>\n<ul>\n<li>V\u00e9rifiez si votre carte SIM est active.<\/li>\n<li>Assurez-vous qu\u2019il y a une couverture mobile dans votre r\u00e9gion.<\/li>\n<\/ul>\n<p><strong>Comment savoir si le routeur est connect\u00e9 \u00e0 un r\u00e9seau 5G ?<\/strong><\/p>\n<p>Si le voyant 5G est vert, le r\u00e9seau 5G est connect\u00e9.<\/p>\n<p><strong>Que faire si je ne peux pas acc\u00e9der \u00e0 l\u2019interface d\u2019administration du routeur ?<\/strong><\/p>\n<ul>\n<li>Assurez-vous que votre ordinateur est connect\u00e9 au routeur via un c\u00e2ble Ethernet ou Wi-Fi.<\/li>\n<li>Assurez-vous que votre ordinateur est configur\u00e9 pour obtenir automatiquement une adresse IP et une adresse de serveur DNS.<\/li>\n<li>Red\u00e9marrez votre navigateur ou essayez un autre navigateur.<\/li>\n<li>Si le probl\u00e8me persiste, r\u00e9initialisez le routeur aux param\u00e8tres d\u2019usine.<\/li>\n<li>Red\u00e9marrez votre ordinateur.<\/li>\n<\/ul>\n\n\t\t<\/div>\n\t\t\t\t\t<\/div>\n\n\t\n\n<\/div>\n\n","protected":false},"excerpt":{"rendered":"","protected":false},"author":153,"featured_media":0,"parent":0,"menu_order":0,"comment_status":"closed","ping_status":"closed","template":"","meta":{"_acf_changed":false,"footnotes":""},"class_list":["post-29101","page","type-page","status-publish","hentry"],"acf":[],"yoast_head":"<!-- This site is optimized with the Yoast SEO plugin v27.1.1 - https:\/\/yoast.com\/product\/yoast-seo-wordpress\/ -->\n<title>Guide de d\u00e9marrage rapide - WIFI.SE\/PL<\/title>\n<meta name=\"robots\" content=\"noindex, follow, max-snippet:-1, max-image-preview:large, max-video-preview:-1\" \/>\n<meta property=\"og:locale\" content=\"pl_PL\" \/>\n<meta property=\"og:type\" content=\"article\" \/>\n<meta property=\"og:title\" content=\"Guide de d\u00e9marrage rapide - WIFI.SE\/PL\" \/>\n<meta property=\"og:url\" content=\"https:\/\/wifi.se\/pl\/guide-de-demarrage-rapide\/\" \/>\n<meta property=\"og:site_name\" content=\"WIFI.SE\/PL\" \/>\n<meta property=\"article:modified_time\" content=\"2024-10-08T13:19:03+00:00\" \/>\n<meta name=\"twitter:card\" content=\"summary_large_image\" \/>\n<meta name=\"twitter:label1\" content=\"Szacowany czas czytania\" \/>\n\t<meta name=\"twitter:data1\" content=\"5 minut\" \/>\n<script type=\"application\/ld+json\" class=\"yoast-schema-graph\">{\"@context\":\"https:\/\/schema.org\",\"@graph\":[{\"@type\":\"WebPage\",\"@id\":\"https:\/\/wifi.se\/pl\/guide-de-demarrage-rapide\/\",\"url\":\"https:\/\/wifi.se\/pl\/guide-de-demarrage-rapide\/\",\"name\":\"Guide de d\u00e9marrage rapide - WIFI.SE\/PL\",\"isPartOf\":{\"@id\":\"https:\/\/wifi.se\/pl\/#website\"},\"datePublished\":\"2024-08-18T16:10:54+00:00\",\"dateModified\":\"2024-10-08T13:19:03+00:00\",\"breadcrumb\":{\"@id\":\"https:\/\/wifi.se\/pl\/guide-de-demarrage-rapide\/#breadcrumb\"},\"inLanguage\":\"pl-PL\",\"potentialAction\":[{\"@type\":\"ReadAction\",\"target\":[\"https:\/\/wifi.se\/pl\/guide-de-demarrage-rapide\/\"]}]},{\"@type\":\"BreadcrumbList\",\"@id\":\"https:\/\/wifi.se\/pl\/guide-de-demarrage-rapide\/#breadcrumb\",\"itemListElement\":[{\"@type\":\"ListItem\",\"position\":1,\"name\":\"Hem\",\"item\":\"https:\/\/wifi.se\/pl\/\"},{\"@type\":\"ListItem\",\"position\":2,\"name\":\"Guide de d\u00e9marrage rapide\"}]},{\"@type\":\"WebSite\",\"@id\":\"https:\/\/wifi.se\/pl\/#website\",\"url\":\"https:\/\/wifi.se\/pl\/\",\"name\":\"WIFI.SE\/PL\",\"description\":\"INTERNET \u00d6VERALLT\",\"potentialAction\":[{\"@type\":\"SearchAction\",\"target\":{\"@type\":\"EntryPoint\",\"urlTemplate\":\"https:\/\/wifi.se\/pl\/?s={search_term_string}\"},\"query-input\":{\"@type\":\"PropertyValueSpecification\",\"valueRequired\":true,\"valueName\":\"search_term_string\"}}],\"inLanguage\":\"pl-PL\"}]}<\/script>\n<!-- \/ Yoast SEO plugin. -->","yoast_head_json":{"title":"Guide de d\u00e9marrage rapide - WIFI.SE\/PL","robots":{"index":"noindex","follow":"follow","max-snippet":"max-snippet:-1","max-image-preview":"max-image-preview:large","max-video-preview":"max-video-preview:-1"},"og_locale":"pl_PL","og_type":"article","og_title":"Guide de d\u00e9marrage rapide - WIFI.SE\/PL","og_url":"https:\/\/wifi.se\/pl\/guide-de-demarrage-rapide\/","og_site_name":"WIFI.SE\/PL","article_modified_time":"2024-10-08T13:19:03+00:00","twitter_card":"summary_large_image","twitter_misc":{"Szacowany czas czytania":"5 minut"},"schema":{"@context":"https:\/\/schema.org","@graph":[{"@type":"WebPage","@id":"https:\/\/wifi.se\/pl\/guide-de-demarrage-rapide\/","url":"https:\/\/wifi.se\/pl\/guide-de-demarrage-rapide\/","name":"Guide de d\u00e9marrage rapide - WIFI.SE\/PL","isPartOf":{"@id":"https:\/\/wifi.se\/pl\/#website"},"datePublished":"2024-08-18T16:10:54+00:00","dateModified":"2024-10-08T13:19:03+00:00","breadcrumb":{"@id":"https:\/\/wifi.se\/pl\/guide-de-demarrage-rapide\/#breadcrumb"},"inLanguage":"pl-PL","potentialAction":[{"@type":"ReadAction","target":["https:\/\/wifi.se\/pl\/guide-de-demarrage-rapide\/"]}]},{"@type":"BreadcrumbList","@id":"https:\/\/wifi.se\/pl\/guide-de-demarrage-rapide\/#breadcrumb","itemListElement":[{"@type":"ListItem","position":1,"name":"Hem","item":"https:\/\/wifi.se\/pl\/"},{"@type":"ListItem","position":2,"name":"Guide de d\u00e9marrage rapide"}]},{"@type":"WebSite","@id":"https:\/\/wifi.se\/pl\/#website","url":"https:\/\/wifi.se\/pl\/","name":"WIFI.SE\/PL","description":"INTERNET \u00d6VERALLT","potentialAction":[{"@type":"SearchAction","target":{"@type":"EntryPoint","urlTemplate":"https:\/\/wifi.se\/pl\/?s={search_term_string}"},"query-input":{"@type":"PropertyValueSpecification","valueRequired":true,"valueName":"search_term_string"}}],"inLanguage":"pl-PL"}]}},"_links":{"self":[{"href":"https:\/\/wifi.se\/pl\/wp-json\/wp\/v2\/pages\/29101","targetHints":{"allow":["GET"]}}],"collection":[{"href":"https:\/\/wifi.se\/pl\/wp-json\/wp\/v2\/pages"}],"about":[{"href":"https:\/\/wifi.se\/pl\/wp-json\/wp\/v2\/types\/page"}],"author":[{"embeddable":true,"href":"https:\/\/wifi.se\/pl\/wp-json\/wp\/v2\/users\/153"}],"replies":[{"embeddable":true,"href":"https:\/\/wifi.se\/pl\/wp-json\/wp\/v2\/comments?post=29101"}],"version-history":[{"count":2,"href":"https:\/\/wifi.se\/pl\/wp-json\/wp\/v2\/pages\/29101\/revisions"}],"predecessor-version":[{"id":30541,"href":"https:\/\/wifi.se\/pl\/wp-json\/wp\/v2\/pages\/29101\/revisions\/30541"}],"wp:attachment":[{"href":"https:\/\/wifi.se\/pl\/wp-json\/wp\/v2\/media?parent=29101"}],"curies":[{"name":"wp","href":"https:\/\/api.w.org\/{rel}","templated":true}]}}