{"id":29087,"date":"2024-08-18T17:56:55","date_gmt":"2024-08-18T15:56:55","guid":{"rendered":"https:\/\/wifi.se\/?page_id=29087"},"modified":"2024-10-08T15:21:18","modified_gmt":"2024-10-08T13:21:18","slug":"snelstartgids","status":"publish","type":"page","link":"https:\/\/wifi.se\/pl\/snelstartgids\/","title":{"rendered":"Snelstartgids"},"content":{"rendered":"\n\n\t<section class=\"section\" id=\"section_1872399260\">\n\t\t<div class=\"section-bg fill\" >\n\t\t\t\t\t\t\t\t\t\n\t\t\t\n\n\t\t<\/div>\n\n\t\t\n\n\t\t<div class=\"section-content relative\">\n\t\t\t\n\n<div class=\"row\"  id=\"row-335670648\">\n\n\n\t<div id=\"col-1725255112\" class=\"col small-12 large-12\"  >\n\t\t\t\t<div class=\"col-inner\"  >\n\t\t\t\n\t\t\t\n\n<div class=\"container section-title-container guide_title\" ><h1 class=\"section-title section-title-center\"><b aria-hidden=\"true\"><\/b><span class=\"section-title-main\" >Snelstartgids<\/span><b aria-hidden=\"true\"><\/b><\/h1><\/div>\n\n\n\t\t<\/div>\n\t\t\t\t\t<\/div>\n\n\t\n\n<\/div>\n<div class=\"row\"  id=\"row-1133858464\">\n\n\n\t<div id=\"col-693525340\" class=\"col small-12 large-12\"  >\n\t\t\t\t<div class=\"col-inner\"  >\n\t\t\t\n\t\t\t\n\n\n\n<meta charset=\"UTF-8\">\n    <meta name=\"viewport\" content=\"width=device-width, initial-scale=1.0\">\n    <title>Button Styles<\/title>\n    <style>\n        \n    <\/style>\n\n\n\n    <!-- Button with Link -->\n    <a href=\"\/hurtigstartveiledning\/\" class=\"link-button\">\n        Dansk\n    <\/a>\n<a href=\"\/schnellstartanleitung\/\" class=\"link-button\">\n        Deutsch\n    <\/a>\n <a href=\"\/quick-start-guide\/\" class=\"link-button\">\n         English\n    <\/a>\n <a href=\"\/guia-de-inicio-rapido\/\" class=\"link-button\">\n         Espa\u00f1ol\n    <\/a>\n <a href=\"\/guide-de-demarrage-rapide\/\" class=\"link-button\">\n        Fran\u00e7ais\n    <\/a>\n <a href=\"\/guida-rapida\/\" class=\"link-button\">\n        Italiano\n    <\/a>\n <a href=\"\/snelstartgids\/\" class=\"link-button-active\">\n        Nederlands\n    <\/a> <a href=\"\/hurtigstartvejledning\/\" class=\"link-button\">\n        Norsk\n    <\/a>\n\n<a href=\"\/pikaopas\/\" class=\"link-button\">\n        Suomen kielt\u00e4\n    <\/a>\n<a href=\"\/snabbstartsguide\/\" class=\"link-button\">\n        Svenska\n    <\/a>\n<a href=\"\/przewodnik-szybkiego-startu\/\" class=\"link-button\">\n        Polski\n    <\/a>\n\n\n\t\t<\/div>\n\t\t\t\t\t<\/div>\n\n\t\n\n<\/div>\n\n\t\t<\/div>\n\n\t\t\n<style>\n#section_1872399260 {\n  padding-top: 30px;\n  padding-bottom: 30px;\n}\n<\/style>\n\t<\/section>\n\t\n\n\t<section class=\"section\" id=\"section_1939201235\">\n\t\t<div class=\"section-bg fill\" >\n\t\t\t\t\t\t\t\t\t\n\t\t\t\n\n\t\t<\/div>\n\n\t\t\n\n\t\t<div class=\"section-content relative\">\n\t\t\t\n\n<div class=\"row align-center\"  id=\"row-1084204823\">\n\n\n\t<div id=\"col-1774309281\" class=\"col medium-8 small-12 large-8\"  >\n\t\t\t\t<div class=\"col-inner\"  >\n\t\t\t\n\t\t\t\n\n\t<div class=\"img has-hover x md-x lg-x y md-y lg-y\" id=\"image_1585442097\">\n\t\t\t\t\t\t\t\t<div class=\"img-inner dark\" >\n\t\t\t<img loading=\"lazy\" decoding=\"async\" width=\"800\" height=\"800\" src=\"https:\/\/wifi.se\/pl\/wp-content\/uploads\/sites\/9\/2024\/08\/hybrid32.jpg\" class=\"attachment-original size-original\" alt=\"Hybrid Traveller\" srcset=\"https:\/\/wifi.se\/pl\/wp-content\/uploads\/sites\/9\/2024\/08\/hybrid32.jpg 800w, https:\/\/wifi.se\/pl\/wp-content\/uploads\/sites\/9\/2024\/08\/hybrid32-300x300.jpg 300w, https:\/\/wifi.se\/pl\/wp-content\/uploads\/sites\/9\/2024\/08\/hybrid32-100x100.jpg 100w, https:\/\/wifi.se\/pl\/wp-content\/uploads\/sites\/9\/2024\/08\/hybrid32-510x510.jpg 510w, https:\/\/wifi.se\/pl\/wp-content\/uploads\/sites\/9\/2024\/08\/hybrid32-64x64.jpg 64w, https:\/\/wifi.se\/pl\/wp-content\/uploads\/sites\/9\/2024\/08\/hybrid32-150x150.jpg 150w, https:\/\/wifi.se\/pl\/wp-content\/uploads\/sites\/9\/2024\/08\/hybrid32-768x768.jpg 768w, https:\/\/wifi.se\/pl\/wp-content\/uploads\/sites\/9\/2024\/08\/hybrid32-66x66.jpg 66w, https:\/\/wifi.se\/pl\/wp-content\/uploads\/sites\/9\/2024\/08\/hybrid32-200x200.jpg 200w, https:\/\/wifi.se\/pl\/wp-content\/uploads\/sites\/9\/2024\/08\/hybrid32-400x400.jpg 400w, https:\/\/wifi.se\/pl\/wp-content\/uploads\/sites\/9\/2024\/08\/hybrid32-600x600.jpg 600w, https:\/\/wifi.se\/pl\/wp-content\/uploads\/sites\/9\/2024\/08\/hybrid32-50x50.jpg 50w\" sizes=\"auto, (max-width: 800px) 100vw, 800px\" \/>\t\t\t\t\t\t\n\t\t\t\t\t<\/div>\n\t\t\t\t\t\t\t\t\n<style>\n#image_1585442097 {\n  width: 100%;\n}\n<\/style>\n\t<\/div>\n\t\n\n\n\t\t<\/div>\n\t\t\t\t\t<\/div>\n\n\t\n\n<\/div>\n\n\t\t<\/div>\n\n\t\t\n<style>\n#section_1939201235 {\n  padding-top: 30px;\n  padding-bottom: 30px;\n}\n<\/style>\n\t<\/section>\n\t\n<div class=\"row\"  id=\"row-202651627\">\n\n\n\t<div id=\"col-991681101\" class=\"col small-12 large-12\"  >\n\t\t\t\t<div class=\"col-inner\"  >\n\t\t\t\n\t\t\t\n\n<p>Deze router werkt goed in elk land omdat hij niet is vergrendeld voor roaming. U kunt elke SIM-kaart van elke aanbieder gebruiken. De router kan worden aangesloten op 12V, 110V of 230V, of via de USB-stroomkabel. Dit maakt de router geschikt voor zowel thuis- als reisgebruik.<\/p>\n<p><strong>5G Router HybridTraveller<\/strong><\/p>\n<p>Deze router ondersteunt Nano-SIM-kaarten en is ook voorbereid op toekomstige eSIM-functionaliteit. U kunt een SIM-kaart bij ons kopen of bij elke andere aanbieder. Onze router is niet vergrendeld voor een specifieke aanbieder, zodat u elke SIM-kaart kunt gebruiken. Zorg ervoor dat de SIM-kaart geen PIN-code heeft.<\/p>\n<p><strong>LED-indicatoren<\/strong><\/p>\n<ul>\n<li>DC-stroom<\/li>\n<li>LAN-poort<\/li>\n<li>USB-C-poort (alleen voor productiegebruik, niet voor opladen)<\/li>\n<li>SIM-kaartsleuf<\/li>\n<li>Resetknop<\/li>\n<li>WPS-knop<\/li>\n<li>Aan\/uit-knop<\/li>\n<\/ul>\n<p><strong>Installatie<\/strong><\/p>\n<p>Wees voorzichtig bij het plaatsen van de SIM-kaart om ervoor te zorgen dat deze correct is uitgelijnd en voorzichtig wordt geplaatst. Gebruik geen kracht bij het plaatsen van de SIM-kaart omdat deze vast kan komen te zitten. Raadpleeg de afbeelding op de router voor de juiste plaatsing van de SIM-kaart. De afgesneden hoek van de SIM-kaart moet naar beneden wijzen. Het kan maar op \u00e9\u00e9n manier worden geplaatst.<\/p>\n<p>Gebruik de juiste SIM-kaart: Nano-SIM (de kleinste SIM-kaart). Plaats de SIM-kaart voorzichtig in de SIM-kaartsleuf totdat deze vastklikt.<\/p>\n<p>Om de SIM-kaart te verwijderen, drukt u voorzichtig op de SIM-kaart totdat deze vastklikt en de kaart automatisch wordt uitgeworpen. Plaats of verwijder de SIM-kaart niet terwijl de router is ingeschakeld. Dit kan de prestaties be\u00efnvloeden en de SIM-kaart beschadigen.<\/p>\n<p>Sluit de voedingsadapter of USB-kabel aan op de router. Druk langer dan 3 seconden op de aan\/uit-knop totdat het indicatielampje begint te knipperen en de router opstart. Wanneer het indicatielampje stopt met knipperen, heeft de router de initialisatie voltooid en begint te werken.<\/p>\n<div class=\"table-1\">\n<table style=\"height: 184px;\" width=\"1152\">\n<thead>\n<tr>\n<th align=\"left\">Indicator<\/th>\n<th align=\"left\">Beschrijving<\/th>\n<th align=\"left\">Kleur<\/th>\n<\/tr>\n<\/thead>\n<tbody>\n<tr>\n<td align=\"left\">Status 5G-netwerk:<\/td>\n<td align=\"left\">5G-netwerk verbonden<\/td>\n<td align=\"left\">Groen<\/td>\n<\/tr>\n<tr>\n<td align=\"left\">&nbsp;<\/td>\n<td align=\"left\">5G-netwerk niet verbonden<\/td>\n<td align=\"left\">Uit<\/td>\n<\/tr>\n<tr>\n<td align=\"left\">Wi-Fi-status:<\/td>\n<td align=\"left\">Wi-Fi werkt<\/td>\n<td align=\"left\">Groen<\/td>\n<\/tr>\n<tr>\n<td align=\"left\">&nbsp;<\/td>\n<td align=\"left\">Wi-Fi uit<\/td>\n<td align=\"left\">Uit<\/td>\n<\/tr>\n<tr>\n<td align=\"left\">&nbsp;<\/td>\n<td align=\"left\">WPS-functie actief<\/td>\n<td align=\"left\">Knipperend groen<\/td>\n<\/tr>\n<tr>\n<td align=\"left\">LAN-poortstatus:<\/td>\n<td align=\"left\">LAN-poort werkt<\/td>\n<td align=\"left\">Groen<\/td>\n<\/tr>\n<tr>\n<td align=\"left\">&nbsp;<\/td>\n<td align=\"left\">LAN-poort niet verbonden<\/td>\n<td align=\"left\">Uit<\/td>\n<\/tr>\n<tr>\n<td align=\"left\">Voeding:<\/td>\n<td align=\"left\">Router online<\/td>\n<td align=\"left\">Groen<\/td>\n<\/tr>\n<tr>\n<td align=\"left\">&nbsp;<\/td>\n<td align=\"left\">Router uitgeschakeld<\/td>\n<td align=\"left\">Uit<\/td>\n<\/tr>\n<\/tbody>\n<\/table>\n<\/div>\n<p><strong>Funksjoner for knappene<\/strong><\/p>\n<ul>\n<li>Str\u00f8mknapp<br \/>* Trykk p\u00e5 knappen i 3 sekunder: Ruteren sl\u00e5r seg p\u00e5<br \/>* Trykk p\u00e5 knappen i 3 sekunder igjen: Ruteren sl\u00e5r seg av<\/li>\n<li>Tilbakestillingsknapp<br \/>* Trykk p\u00e5 knappen i 3 sekunder: Ruteren begynner \u00e5 tilbakestille<\/li>\n<li>WPS-knapp<br \/>* Trykk p\u00e5 knappen i 3 sekunder: WPS-funksjonen begynner \u00e5 fungere<\/li>\n<\/ul>\n<p><strong>Tilkobling til ruteren<\/strong><\/p>\n<p><strong>Tilkobling via Wi-Fi<\/strong><\/p>\n<p>Koble mobiltelefonen eller datamaskinen din til ruterens Wi-Fi. (Se etiketten p\u00e5 bunnen av ruteren for Wi-Fi SSID og passord). Du kan ogs\u00e5 finne den samme etiketten under batteriet.<\/p>\n<p><strong>Tilkobling via Ethernet<\/strong><\/p>\n<p>Koble datamaskinen din til ruteren med en Ethernet-kabel for \u00e5 f\u00e5 tilgang til Internett.<\/p>\n<p><strong>Ruteradministrasjonskonfigurasjon \u2013 Kun for avanserte brukere!<\/strong><\/p>\n<ol>\n<li>Koble mobiltelefonen eller datamaskinen din til ruteren med en Ethernet-kabel eller via Wi-Fi.<\/li>\n<li>Skriv 192.168.8.1 i nettleseren din. Bruk standard brukernavn og passord. Brukernavnet er admin og passordet er admin.<\/li>\n<li>Deretter kan du endre innstillingene i ruterens administrasjonsgrensesnitt. Vi anbefaler \u00e5 beholde standardinnstillingene.<\/li>\n<\/ol>\n<p><strong>FAQ<\/strong><\/p>\n<p><strong>Hvordan tilbakestiller jeg fabrikkinnstillingene?<\/strong><\/p>\n<p>N\u00e5r ruteren er p\u00e5, trykk p\u00e5 tilbakestillingsknappen i 3 sekunder til indikatorlampen begynner \u00e5 blinke. Etter omtrent 60 sekunder slutter indikatorlampen \u00e5 blinke, noe som betyr at ruteren har fullf\u00f8rt tilbakestillingen.<\/p>\n<p><strong>Hva skal jeg gj\u00f8re hvis jeg har glemt Wi-Fi-passordet eller p\u00e5loggingspassordet?<\/strong><\/p>\n<p>Tilbakestill ruteren til fabrikkinnstillinger og bruk standard Wi-Fi-passord og p\u00e5loggingsinformasjon.<\/p>\n<p><strong>Hva skal jeg gj\u00f8re hvis ruteren ikke kan koble til Internett?<\/strong><\/p>\n<ul>\n<li>S\u00f8rg for at SIM-kortet er satt inn riktig.<\/li>\n<li>Sjekk at SIM-kortet ditt er aktivt.<\/li>\n<li>S\u00f8rg for at ruteren er p\u00e5.<\/li>\n<li>Sjekk at str\u00f8mlampen lyser p\u00e5 ruteren.<\/li>\n<\/ul>\n<p><strong>Hva skal jeg gj\u00f8re hvis ruteren ikke kan koble til 5G-nettverket?<\/strong><\/p>\n<ul>\n<li>Sjekk om SIM-kortet ditt er aktivt.<\/li>\n<li>S\u00f8rg for at det er mobildekning i omr\u00e5det ditt.<\/li>\n<\/ul>\n<p><strong>Hvordan vet jeg at ruteren er tilkoblet et 5G-nettverk?<\/strong><\/p>\n<p>Hvis 5G-lampen er gr\u00f8nn, er 5G-nettverket tilkoblet.<\/p>\n<p><strong>Hva skal jeg gj\u00f8re hvis jeg ikke f\u00e5r tilgang til ruterens administrasjonsgrensesnitt?<\/strong><\/p>\n<ul>\n<li>S\u00f8rg for at datamaskinen din er tilkoblet ruteren via en Ethernet-kabel eller Wi-Fi.<\/li>\n<li>S\u00f8rg for at datamaskinen din er konfigurert til \u00e5 automatisk motta en IP-adresse og DNS-serveradresse.<\/li>\n<li>Start nettleseren p\u00e5 nytt eller pr\u00f8v en annen nettleser.<\/li>\n<li>Hvis problemet vedvarer, tilbakestill ruteren til fabrikkinnstillinger.<\/li>\n<li>Start datamaskinen p\u00e5 nytt.<\/li>\n<\/ul>\n\n\t\t<\/div>\n\t\t\t\t\t<\/div>\n\n\t\n\n<\/div>\n\n","protected":false},"excerpt":{"rendered":"","protected":false},"author":153,"featured_media":0,"parent":0,"menu_order":0,"comment_status":"closed","ping_status":"closed","template":"","meta":{"_acf_changed":false,"footnotes":""},"class_list":["post-29087","page","type-page","status-publish","hentry"],"acf":[],"yoast_head":"<!-- This site is optimized with the Yoast SEO plugin v27.1.1 - https:\/\/yoast.com\/product\/yoast-seo-wordpress\/ -->\n<title>Snelstartgids - WIFI.SE\/PL<\/title>\n<meta name=\"robots\" content=\"noindex, follow, max-snippet:-1, max-image-preview:large, max-video-preview:-1\" \/>\n<meta property=\"og:locale\" content=\"pl_PL\" \/>\n<meta property=\"og:type\" content=\"article\" \/>\n<meta property=\"og:title\" content=\"Snelstartgids - WIFI.SE\/PL\" \/>\n<meta property=\"og:url\" content=\"https:\/\/wifi.se\/pl\/snelstartgids\/\" \/>\n<meta property=\"og:site_name\" content=\"WIFI.SE\/PL\" \/>\n<meta property=\"article:modified_time\" content=\"2024-10-08T13:21:18+00:00\" \/>\n<meta name=\"twitter:card\" content=\"summary_large_image\" \/>\n<meta name=\"twitter:label1\" content=\"Szacowany czas czytania\" \/>\n\t<meta name=\"twitter:data1\" content=\"4 minuty\" \/>\n<script type=\"application\/ld+json\" class=\"yoast-schema-graph\">{\"@context\":\"https:\/\/schema.org\",\"@graph\":[{\"@type\":\"WebPage\",\"@id\":\"https:\/\/wifi.se\/pl\/snelstartgids\/\",\"url\":\"https:\/\/wifi.se\/pl\/snelstartgids\/\",\"name\":\"Snelstartgids - WIFI.SE\/PL\",\"isPartOf\":{\"@id\":\"https:\/\/wifi.se\/pl\/#website\"},\"datePublished\":\"2024-08-18T15:56:55+00:00\",\"dateModified\":\"2024-10-08T13:21:18+00:00\",\"breadcrumb\":{\"@id\":\"https:\/\/wifi.se\/pl\/snelstartgids\/#breadcrumb\"},\"inLanguage\":\"pl-PL\",\"potentialAction\":[{\"@type\":\"ReadAction\",\"target\":[\"https:\/\/wifi.se\/pl\/snelstartgids\/\"]}]},{\"@type\":\"BreadcrumbList\",\"@id\":\"https:\/\/wifi.se\/pl\/snelstartgids\/#breadcrumb\",\"itemListElement\":[{\"@type\":\"ListItem\",\"position\":1,\"name\":\"Hem\",\"item\":\"https:\/\/wifi.se\/pl\/\"},{\"@type\":\"ListItem\",\"position\":2,\"name\":\"Snelstartgids\"}]},{\"@type\":\"WebSite\",\"@id\":\"https:\/\/wifi.se\/pl\/#website\",\"url\":\"https:\/\/wifi.se\/pl\/\",\"name\":\"WIFI.SE\/PL\",\"description\":\"INTERNET \u00d6VERALLT\",\"potentialAction\":[{\"@type\":\"SearchAction\",\"target\":{\"@type\":\"EntryPoint\",\"urlTemplate\":\"https:\/\/wifi.se\/pl\/?s={search_term_string}\"},\"query-input\":{\"@type\":\"PropertyValueSpecification\",\"valueRequired\":true,\"valueName\":\"search_term_string\"}}],\"inLanguage\":\"pl-PL\"}]}<\/script>\n<!-- \/ Yoast SEO plugin. -->","yoast_head_json":{"title":"Snelstartgids - WIFI.SE\/PL","robots":{"index":"noindex","follow":"follow","max-snippet":"max-snippet:-1","max-image-preview":"max-image-preview:large","max-video-preview":"max-video-preview:-1"},"og_locale":"pl_PL","og_type":"article","og_title":"Snelstartgids - WIFI.SE\/PL","og_url":"https:\/\/wifi.se\/pl\/snelstartgids\/","og_site_name":"WIFI.SE\/PL","article_modified_time":"2024-10-08T13:21:18+00:00","twitter_card":"summary_large_image","twitter_misc":{"Szacowany czas czytania":"4 minuty"},"schema":{"@context":"https:\/\/schema.org","@graph":[{"@type":"WebPage","@id":"https:\/\/wifi.se\/pl\/snelstartgids\/","url":"https:\/\/wifi.se\/pl\/snelstartgids\/","name":"Snelstartgids - WIFI.SE\/PL","isPartOf":{"@id":"https:\/\/wifi.se\/pl\/#website"},"datePublished":"2024-08-18T15:56:55+00:00","dateModified":"2024-10-08T13:21:18+00:00","breadcrumb":{"@id":"https:\/\/wifi.se\/pl\/snelstartgids\/#breadcrumb"},"inLanguage":"pl-PL","potentialAction":[{"@type":"ReadAction","target":["https:\/\/wifi.se\/pl\/snelstartgids\/"]}]},{"@type":"BreadcrumbList","@id":"https:\/\/wifi.se\/pl\/snelstartgids\/#breadcrumb","itemListElement":[{"@type":"ListItem","position":1,"name":"Hem","item":"https:\/\/wifi.se\/pl\/"},{"@type":"ListItem","position":2,"name":"Snelstartgids"}]},{"@type":"WebSite","@id":"https:\/\/wifi.se\/pl\/#website","url":"https:\/\/wifi.se\/pl\/","name":"WIFI.SE\/PL","description":"INTERNET \u00d6VERALLT","potentialAction":[{"@type":"SearchAction","target":{"@type":"EntryPoint","urlTemplate":"https:\/\/wifi.se\/pl\/?s={search_term_string}"},"query-input":{"@type":"PropertyValueSpecification","valueRequired":true,"valueName":"search_term_string"}}],"inLanguage":"pl-PL"}]}},"_links":{"self":[{"href":"https:\/\/wifi.se\/pl\/wp-json\/wp\/v2\/pages\/29087","targetHints":{"allow":["GET"]}}],"collection":[{"href":"https:\/\/wifi.se\/pl\/wp-json\/wp\/v2\/pages"}],"about":[{"href":"https:\/\/wifi.se\/pl\/wp-json\/wp\/v2\/types\/page"}],"author":[{"embeddable":true,"href":"https:\/\/wifi.se\/pl\/wp-json\/wp\/v2\/users\/153"}],"replies":[{"embeddable":true,"href":"https:\/\/wifi.se\/pl\/wp-json\/wp\/v2\/comments?post=29087"}],"version-history":[{"count":2,"href":"https:\/\/wifi.se\/pl\/wp-json\/wp\/v2\/pages\/29087\/revisions"}],"predecessor-version":[{"id":30545,"href":"https:\/\/wifi.se\/pl\/wp-json\/wp\/v2\/pages\/29087\/revisions\/30545"}],"wp:attachment":[{"href":"https:\/\/wifi.se\/pl\/wp-json\/wp\/v2\/media?parent=29087"}],"curies":[{"name":"wp","href":"https:\/\/api.w.org\/{rel}","templated":true}]}}