{"id":29074,"date":"2024-08-18T17:41:47","date_gmt":"2024-08-18T15:41:47","guid":{"rendered":"https:\/\/wifi.se\/?page_id=29074"},"modified":"2024-10-08T15:13:24","modified_gmt":"2024-10-08T13:13:24","slug":"hurtigstartveiledning","status":"publish","type":"page","link":"https:\/\/wifi.se\/pl\/hurtigstartveiledning\/","title":{"rendered":"Hurtigstartveiledning"},"content":{"rendered":"\n\n\t<section class=\"section\" id=\"section_649285449\">\n\t\t<div class=\"section-bg fill\" >\n\t\t\t\t\t\t\t\t\t\n\t\t\t\n\n\t\t<\/div>\n\n\t\t\n\n\t\t<div class=\"section-content relative\">\n\t\t\t\n\n<div class=\"row\"  id=\"row-1962245160\">\n\n\n\t<div id=\"col-1649855032\" class=\"col small-12 large-12\"  >\n\t\t\t\t<div class=\"col-inner\"  >\n\t\t\t\n\t\t\t\n\n<div class=\"container section-title-container guide_title\" ><h1 class=\"section-title section-title-center\"><b aria-hidden=\"true\"><\/b><span class=\"section-title-main\" >Hurtigstartveiledning<\/span><b aria-hidden=\"true\"><\/b><\/h1><\/div>\n\n\n\t\t<\/div>\n\t\t\t\t\t<\/div>\n\n\t\n\n<\/div>\n<div class=\"row\"  id=\"row-2095448543\">\n\n\n\t<div id=\"col-1101216793\" class=\"col small-12 large-12\"  >\n\t\t\t\t<div class=\"col-inner\"  >\n\t\t\t\n\t\t\t\n\n\n\n<meta charset=\"UTF-8\">\n    <meta name=\"viewport\" content=\"width=device-width, initial-scale=1.0\">\n    <title>Button Styles<\/title>\n    <style>\n        \n    <\/style>\n\n\n\n    <!-- Button with Link -->\n    <a href=\"\/hurtigstartveiledning\/\" class=\"link-button-active\">\n        Dansk\n    <\/a>\n<a href=\"\/schnellstartanleitung\/\" class=\"link-button\">\n        Deutsch\n    <\/a>\n <a href=\"\/quick-start-guide\/\" class=\"link-button\">\n         English\n    <\/a>\n <a href=\"\/guia-de-inicio-rapido\/\" class=\"link-button\">\n         Espa\u00f1ol\n    <\/a>\n <a href=\"\/guide-de-demarrage-rapide\/\" class=\"link-button\">\n        Fran\u00e7ais\n    <\/a>\n <a href=\"\/guida-rapida\/\" class=\"link-button\">\n        Italiano\n    <\/a>\n <a href=\"\/snelstartgids\/\" class=\"link-button\">\n        Nederlands\n    <\/a> <a href=\"\/hurtigstartvejledning\/\" class=\"link-button\">\n        Norsk\n    <\/a>\n\n<a href=\"\/pikaopas\/\" class=\"link-button\">\n        Suomen kielt\u00e4\n    <\/a>\n<a href=\"\/snabbstartsguide\/\" class=\"link-button\">\n        Svenska\n    <\/a>\n<a href=\"\/przewodnik-szybkiego-startu\/\" class=\"link-button\">\n        Polski\n    <\/a>\n\n\n\t\t<\/div>\n\t\t\t\t\t<\/div>\n\n\t\n\n<\/div>\n\n\t\t<\/div>\n\n\t\t\n<style>\n#section_649285449 {\n  padding-top: 30px;\n  padding-bottom: 30px;\n}\n<\/style>\n\t<\/section>\n\t\n\n\t<section class=\"section\" id=\"section_774845068\">\n\t\t<div class=\"section-bg fill\" >\n\t\t\t\t\t\t\t\t\t\n\t\t\t\n\n\t\t<\/div>\n\n\t\t\n\n\t\t<div class=\"section-content relative\">\n\t\t\t\n\n<div class=\"row align-center\"  id=\"row-1569646430\">\n\n\n\t<div id=\"col-11514317\" class=\"col medium-8 small-12 large-8\"  >\n\t\t\t\t<div class=\"col-inner\"  >\n\t\t\t\n\t\t\t\n\n\t<div class=\"img has-hover x md-x lg-x y md-y lg-y\" id=\"image_613654821\">\n\t\t\t\t\t\t\t\t<div class=\"img-inner dark\" >\n\t\t\t<img loading=\"lazy\" decoding=\"async\" width=\"800\" height=\"600\" src=\"https:\/\/wifi.se\/pl\/wp-content\/uploads\/sites\/9\/2024\/08\/01.png\" class=\"attachment-original size-original\" alt=\"\" srcset=\"https:\/\/wifi.se\/pl\/wp-content\/uploads\/sites\/9\/2024\/08\/01.png 800w, https:\/\/wifi.se\/pl\/wp-content\/uploads\/sites\/9\/2024\/08\/01-510x383.png 510w, https:\/\/wifi.se\/pl\/wp-content\/uploads\/sites\/9\/2024\/08\/01-64x48.png 64w, https:\/\/wifi.se\/pl\/wp-content\/uploads\/sites\/9\/2024\/08\/01-300x225.png 300w, https:\/\/wifi.se\/pl\/wp-content\/uploads\/sites\/9\/2024\/08\/01-768x576.png 768w, https:\/\/wifi.se\/pl\/wp-content\/uploads\/sites\/9\/2024\/08\/01-200x150.png 200w, https:\/\/wifi.se\/pl\/wp-content\/uploads\/sites\/9\/2024\/08\/01-400x300.png 400w, https:\/\/wifi.se\/pl\/wp-content\/uploads\/sites\/9\/2024\/08\/01-600x450.png 600w\" sizes=\"auto, (max-width: 800px) 100vw, 800px\" \/>\t\t\t\t\t\t\n\t\t\t\t\t<\/div>\n\t\t\t\t\t\t\t\t\n<style>\n#image_613654821 {\n  width: 100%;\n}\n<\/style>\n\t<\/div>\n\t\n\n\n\t\t<\/div>\n\t\t\t\t\t<\/div>\n\n\t\n\n<\/div>\n\n\t\t<\/div>\n\n\t\t\n<style>\n#section_774845068 {\n  padding-top: 30px;\n  padding-bottom: 30px;\n}\n<\/style>\n\t<\/section>\n\t\n<div class=\"row\"  id=\"row-770127111\">\n\n\n\t<div id=\"col-395977831\" class=\"col small-12 large-12\"  >\n\t\t\t\t<div class=\"col-inner\"  >\n\t\t\t\n\t\t\t\n\n<p>Denne ruteren fungerer bra i alle land da den ikke er l\u00e5st for roaming. Du kan bruke hvilket som helst SIM-kort fra hvilken som helst operat\u00f8r. Ruteren kan kobles til 12V, 110V eller 230V, eller via USB-str\u00f8mkabelen. Dette gj\u00f8r ruteren egnet b\u00e5de for hjemme- og reisebruk.<\/p>\n<p><strong>5G-ruter HybridTraveller<\/strong><\/p>\n<p>Denne ruteren st\u00f8tter Nano-SIM-kort og er ogs\u00e5 forberedt for fremtidig eSIM-funksjonalitet. Du kan kj\u00f8pe et SIM-kort fra oss eller fra hvilken som helst annen operat\u00f8r. V\u00e5r ruter er ikke l\u00e5st til noen operat\u00f8r, slik at du kan bruke hvilket som helst SIM-kort. S\u00f8rg for at SIM-kortet ikke har PIN-kode.<\/p>\n<p><strong>LED-indikatorer<\/strong><\/p>\n<ul>\n<li>DC-str\u00f8m<\/li>\n<li>LAN-port<\/li>\n<li>USB-C-port (kun for produksjonstjenester, ikke for lading)<\/li>\n<li>SIM-kortspor<\/li>\n<li>Tilbakestillingsknapp<\/li>\n<li>WPS-knapp<\/li>\n<li>Str\u00f8mknapp<\/li>\n<\/ul>\n<p><strong>Installasjon<\/strong><\/p>\n<p>V\u00e6r forsiktig n\u00e5r du setter inn SIM-kortet for \u00e5 sikre at det er riktig justert og satt inn forsiktig. Ikke bruk makt for \u00e5 sette inn SIM-kortet da det kan sette seg fast. Se bildet p\u00e5 ruteren for korrekt innsetting av SIM-kortet. Det avkuttede hj\u00f8rnet p\u00e5 SIM-kortet skal vende nedover. Det kan bare settes inn p\u00e5 \u00e9n m\u00e5te.<\/p>\n<p>Bruk riktig SIM-kort: Nano-SIM (det minste SIM-kortet). Sett SIM-kortet forsiktig inn i SIM-kortsporet til det klikker p\u00e5 plass.<\/p>\n<p>For \u00e5 fjerne SIM-kortet, trykk forsiktig p\u00e5 SIM-kortet til det klikker og kortet vil automatisk sprette ut. Ikke sett inn eller fjern SIM-kortet mens ruteren er p\u00e5sl\u00e5tt. Dette kan p\u00e5virke ytelsen og skade SIM-kortet.<\/p>\n<p>Koble str\u00f8madapteren eller USB-kabelen til ruteren. Trykk p\u00e5 str\u00f8mknappen i mer enn 3 sekunder til indikatorlampen begynner \u00e5 blinke og ruteren starter. N\u00e5r indikatorlampen slutter \u00e5 blinke, har ruteren fullf\u00f8rt initialiseringen og begynner \u00e5 fungere.<\/p>\n<div class=\"table-1\">\n<table style=\"height: 184px;\" width=\"1152\">\n<thead>\n<tr>\n<th align=\"left\">Indikator<\/th>\n<th align=\"left\">Besskrivelse<\/th>\n<th align=\"left\">Farge<\/th>\n<\/tr>\n<\/thead>\n<tbody>\n<tr>\n<td align=\"left\">5Wi-Fi-status:<\/td>\n<td align=\"left\">5G netv\u00e6rk tilsluttet<\/td>\n<td align=\"left\">Gr\u00f8nn<\/td>\n<\/tr>\n<tr>\n<td align=\"left\">&nbsp;<\/td>\n<td align=\"left\">5G-nettverk ikke tilkoblet<\/td>\n<td align=\"left\">Av<\/td>\n<\/tr>\n<tr>\n<td align=\"left\">Wi-Fi-status:<\/td>\n<td align=\"left\">Wi-Fi fungerer<\/td>\n<td align=\"left\">Gr\u00f8nn<\/td>\n<\/tr>\n<tr>\n<td align=\"left\">&nbsp;<\/td>\n<td align=\"left\">Wi-Fi er av<\/td>\n<td align=\"left\">Av<\/td>\n<\/tr>\n<tr>\n<td align=\"left\">&nbsp;<\/td>\n<td align=\"left\">WPS-funksjon aktiv<\/td>\n<td align=\"left\">Blinkende gr\u00f8nn<\/td>\n<\/tr>\n<tr>\n<td align=\"left\">LAN-portstatus:<\/td>\n<td align=\"left\">LAN-port fungerer<\/td>\n<td align=\"left\">Gr\u00f8nn<\/td>\n<\/tr>\n<tr>\n<td align=\"left\">&nbsp;<\/td>\n<td align=\"left\">LAN-port ikke tilkoblet<\/td>\n<td align=\"left\">Av<\/td>\n<\/tr>\n<tr>\n<td align=\"left\">Str\u00f8m:<\/td>\n<td align=\"left\">Ruter er online<\/td>\n<td align=\"left\">Gr\u00f8nn<\/td>\n<\/tr>\n<tr>\n<td align=\"left\">&nbsp;<\/td>\n<td align=\"left\">Ruter er av<\/td>\n<td align=\"left\">Av<\/td>\n<\/tr>\n<\/tbody>\n<\/table>\n<\/div>\n<p><strong>Funksjoner for knappene<\/strong><\/p>\n<ul>\n<li>Str\u00f8mknapp<br \/>* Trykk p\u00e5 knappen i 3 sekunder: Ruteren sl\u00e5r seg p\u00e5<br \/>*Trykk p\u00e5 knappen i 3 sekunder igjen: Ruteren sl\u00e5r seg av<\/li>\n<li>Tilbakestillingsknapp<br \/>*Trykk p\u00e5 knappen i 3 sekunder: Ruteren begynner \u00e5 tilbakestille<br \/>WPS-knapp<br \/>Trykk p\u00e5 knappen i 3 sekunder: WPS-funksjonen begynner \u00e5 fungere<\/li>\n<\/ul>\n<p><strong>Tilkobling til ruteren<\/strong><\/p>\n<p><strong>Tilkobling via Wi-Fi<\/strong><\/p>\n<p>Koble mobiltelefonen eller datamaskinen din til ruterens Wi-Fi. (Se etiketten p\u00e5 bunnen av ruteren for Wi-Fi SSID og passord). Du kan ogs\u00e5 finne den samme etiketten under batteriet.<\/p>\n<p><strong>Tilkobling via Ethernet<\/strong><\/p>\n<p>Koble datamaskinen din til ruteren med en Ethernet-kabel for \u00e5 f\u00e5 tilgang til Internett.<\/p>\n<p><strong>Ruteradministrasjonskonfigurasjon \u2013 Kun for avanserte brukere!<\/strong><\/p>\n<ol>\n<li>Koble mobiltelefonen eller datamaskinen din til ruteren med en Ethernet-kabel eller via Wi-Fi.<\/li>\n<li>Skriv 192.168.8.1 i nettleseren din. Bruk standard brukernavn og passord. Brukernavnet er admin og passordet er admin.<\/li>\n<li>Deretter kan du endre innstillingene i ruterens administrasjonsgrensesnitt. Vi anbefaler \u00e5 beholde standardinnstillingene.<\/li>\n<\/ol>\n<p><strong>FAQ<\/strong><\/p>\n<p><strong>Hvordan tilbakestiller jeg fabrikkinnstillingene?<\/strong><\/p>\n<p>N\u00e5r ruteren er p\u00e5, trykk p\u00e5 tilbakestillingsknappen i 3 sekunder til indikatorlampen begynner \u00e5 blinke. Etter omtrent 60 sekunder slutter indikatorlampen \u00e5 blinke, noe som betyr at ruteren har fullf\u00f8rt tilbakestillingen.<\/p>\n<p><strong>Hva skal jeg gj\u00f8re hvis jeg har glemt Wi-Fi-passordet eller p\u00e5loggingspassordet?<\/strong><\/p>\n<p>Tilbakestill ruteren til fabrikkinnstillinger og bruk standard Wi-Fi-passord og p\u00e5loggingsinformasjon.<\/p>\n<p><strong>Hva skal jeg gj\u00f8re hvis ruteren ikke kan koble til Internett?<\/strong><\/p>\n<ul>\n<li>S\u00f8rg for at SIM-kortet er satt inn riktig.<\/li>\n<li>Sjekk at SIM-kortet ditt er aktivt.<\/li>\n<li>S\u00f8rg for at ruteren er p\u00e5.<\/li>\n<li>Sjekk at str\u00f8mlampen lyser p\u00e5 ruteren.<\/li>\n<\/ul>\n<p><strong>Hva skal jeg gj\u00f8re hvis ruteren ikke kan koble til 5G-nettverket?<\/strong><\/p>\n<ul>\n<li>Sjekk om SIM-kortet ditt er aktivt.<\/li>\n<li>S\u00f8rg for at det er mobildekning i omr\u00e5det ditt.<\/li>\n<\/ul>\n<p><strong>Hvordan vet jeg at ruteren er tilkoblet et 5G-nettverk?<\/strong><\/p>\n<p>Hvis 5G-lampen er gr\u00f8nn, er 5G-nettverket tilkoblet.<\/p>\n<p><strong>Hva skal jeg gj\u00f8re hvis jeg ikke f\u00e5r tilgang til ruterens administrasjonsgrensesnitt?<\/strong><\/p>\n<ul>\n<li>S\u00f8rg for at datamaskinen din er tilkoblet ruteren via en Ethernet-kabel eller Wi-Fi.<\/li>\n<li>S\u00f8rg for at datamaskinen din er konfigurert til \u00e5 automatisk motta en IP-adresse og DNS-serveradresse.<\/li>\n<li>Start nettleseren p\u00e5 nytt eller pr\u00f8v en annen nettleser.<\/li>\n<li>Hvis problemet vedvarer, tilbakestill ruteren til fabrikkinnstillinger.<\/li>\n<li>Start datamaskinen p\u00e5 nytt.<\/li>\n<\/ul>\n<div class=\"row\"  id=\"row-318880243\">\n\n\n\t<div id=\"col-1268289573\" class=\"col small-12 large-12\"  >\n\t\t\t\t<div class=\"col-inner\"  >\n\t\t\t\n\t\t\t\n\n\n\t\t<\/div>\n\t\t\t\t\t<\/div>\n\n\t\n\n<\/div>\n\n\t\t<\/div>\n\t\t\t\t\t<\/div>\n\n\t\n\n<\/div>\n\n","protected":false},"excerpt":{"rendered":"","protected":false},"author":153,"featured_media":0,"parent":0,"menu_order":0,"comment_status":"closed","ping_status":"closed","template":"","meta":{"_acf_changed":false,"footnotes":""},"class_list":["post-29074","page","type-page","status-publish","hentry"],"acf":[],"yoast_head":"<!-- This site is optimized with the Yoast SEO plugin v27.1.1 - https:\/\/yoast.com\/product\/yoast-seo-wordpress\/ -->\n<title>Hurtigstartveiledning - WIFI.SE\/PL<\/title>\n<meta name=\"robots\" content=\"noindex, follow, max-snippet:-1, max-image-preview:large, max-video-preview:-1\" \/>\n<meta property=\"og:locale\" content=\"pl_PL\" \/>\n<meta property=\"og:type\" content=\"article\" \/>\n<meta property=\"og:title\" content=\"Hurtigstartveiledning - WIFI.SE\/PL\" \/>\n<meta property=\"og:url\" content=\"https:\/\/wifi.se\/pl\/hurtigstartveiledning\/\" \/>\n<meta property=\"og:site_name\" content=\"WIFI.SE\/PL\" \/>\n<meta property=\"article:modified_time\" content=\"2024-10-08T13:13:24+00:00\" \/>\n<meta name=\"twitter:card\" content=\"summary_large_image\" \/>\n<meta name=\"twitter:label1\" content=\"Szacowany czas czytania\" \/>\n\t<meta name=\"twitter:data1\" content=\"4 minuty\" \/>\n<script type=\"application\/ld+json\" class=\"yoast-schema-graph\">{\"@context\":\"https:\/\/schema.org\",\"@graph\":[{\"@type\":\"WebPage\",\"@id\":\"https:\/\/wifi.se\/pl\/hurtigstartveiledning\/\",\"url\":\"https:\/\/wifi.se\/pl\/hurtigstartveiledning\/\",\"name\":\"Hurtigstartveiledning - WIFI.SE\/PL\",\"isPartOf\":{\"@id\":\"https:\/\/wifi.se\/pl\/#website\"},\"datePublished\":\"2024-08-18T15:41:47+00:00\",\"dateModified\":\"2024-10-08T13:13:24+00:00\",\"breadcrumb\":{\"@id\":\"https:\/\/wifi.se\/pl\/hurtigstartveiledning\/#breadcrumb\"},\"inLanguage\":\"pl-PL\",\"potentialAction\":[{\"@type\":\"ReadAction\",\"target\":[\"https:\/\/wifi.se\/pl\/hurtigstartveiledning\/\"]}]},{\"@type\":\"BreadcrumbList\",\"@id\":\"https:\/\/wifi.se\/pl\/hurtigstartveiledning\/#breadcrumb\",\"itemListElement\":[{\"@type\":\"ListItem\",\"position\":1,\"name\":\"Hem\",\"item\":\"https:\/\/wifi.se\/pl\/\"},{\"@type\":\"ListItem\",\"position\":2,\"name\":\"Hurtigstartveiledning\"}]},{\"@type\":\"WebSite\",\"@id\":\"https:\/\/wifi.se\/pl\/#website\",\"url\":\"https:\/\/wifi.se\/pl\/\",\"name\":\"WIFI.SE\/PL\",\"description\":\"INTERNET \u00d6VERALLT\",\"potentialAction\":[{\"@type\":\"SearchAction\",\"target\":{\"@type\":\"EntryPoint\",\"urlTemplate\":\"https:\/\/wifi.se\/pl\/?s={search_term_string}\"},\"query-input\":{\"@type\":\"PropertyValueSpecification\",\"valueRequired\":true,\"valueName\":\"search_term_string\"}}],\"inLanguage\":\"pl-PL\"}]}<\/script>\n<!-- \/ Yoast SEO plugin. -->","yoast_head_json":{"title":"Hurtigstartveiledning - WIFI.SE\/PL","robots":{"index":"noindex","follow":"follow","max-snippet":"max-snippet:-1","max-image-preview":"max-image-preview:large","max-video-preview":"max-video-preview:-1"},"og_locale":"pl_PL","og_type":"article","og_title":"Hurtigstartveiledning - WIFI.SE\/PL","og_url":"https:\/\/wifi.se\/pl\/hurtigstartveiledning\/","og_site_name":"WIFI.SE\/PL","article_modified_time":"2024-10-08T13:13:24+00:00","twitter_card":"summary_large_image","twitter_misc":{"Szacowany czas czytania":"4 minuty"},"schema":{"@context":"https:\/\/schema.org","@graph":[{"@type":"WebPage","@id":"https:\/\/wifi.se\/pl\/hurtigstartveiledning\/","url":"https:\/\/wifi.se\/pl\/hurtigstartveiledning\/","name":"Hurtigstartveiledning - WIFI.SE\/PL","isPartOf":{"@id":"https:\/\/wifi.se\/pl\/#website"},"datePublished":"2024-08-18T15:41:47+00:00","dateModified":"2024-10-08T13:13:24+00:00","breadcrumb":{"@id":"https:\/\/wifi.se\/pl\/hurtigstartveiledning\/#breadcrumb"},"inLanguage":"pl-PL","potentialAction":[{"@type":"ReadAction","target":["https:\/\/wifi.se\/pl\/hurtigstartveiledning\/"]}]},{"@type":"BreadcrumbList","@id":"https:\/\/wifi.se\/pl\/hurtigstartveiledning\/#breadcrumb","itemListElement":[{"@type":"ListItem","position":1,"name":"Hem","item":"https:\/\/wifi.se\/pl\/"},{"@type":"ListItem","position":2,"name":"Hurtigstartveiledning"}]},{"@type":"WebSite","@id":"https:\/\/wifi.se\/pl\/#website","url":"https:\/\/wifi.se\/pl\/","name":"WIFI.SE\/PL","description":"INTERNET \u00d6VERALLT","potentialAction":[{"@type":"SearchAction","target":{"@type":"EntryPoint","urlTemplate":"https:\/\/wifi.se\/pl\/?s={search_term_string}"},"query-input":{"@type":"PropertyValueSpecification","valueRequired":true,"valueName":"search_term_string"}}],"inLanguage":"pl-PL"}]}},"_links":{"self":[{"href":"https:\/\/wifi.se\/pl\/wp-json\/wp\/v2\/pages\/29074","targetHints":{"allow":["GET"]}}],"collection":[{"href":"https:\/\/wifi.se\/pl\/wp-json\/wp\/v2\/pages"}],"about":[{"href":"https:\/\/wifi.se\/pl\/wp-json\/wp\/v2\/types\/page"}],"author":[{"embeddable":true,"href":"https:\/\/wifi.se\/pl\/wp-json\/wp\/v2\/users\/153"}],"replies":[{"embeddable":true,"href":"https:\/\/wifi.se\/pl\/wp-json\/wp\/v2\/comments?post=29074"}],"version-history":[{"count":5,"href":"https:\/\/wifi.se\/pl\/wp-json\/wp\/v2\/pages\/29074\/revisions"}],"predecessor-version":[{"id":30533,"href":"https:\/\/wifi.se\/pl\/wp-json\/wp\/v2\/pages\/29074\/revisions\/30533"}],"wp:attachment":[{"href":"https:\/\/wifi.se\/pl\/wp-json\/wp\/v2\/media?parent=29074"}],"curies":[{"name":"wp","href":"https:\/\/api.w.org\/{rel}","templated":true}]}}