{"id":29053,"date":"2024-08-18T13:43:31","date_gmt":"2024-08-18T11:43:31","guid":{"rendered":"https:\/\/wifi.se\/?page_id=29053"},"modified":"2024-12-13T11:29:05","modified_gmt":"2024-12-13T09:29:05","slug":"snabbstartsguide","status":"publish","type":"page","link":"https:\/\/wifi.se\/pl\/snabbstartsguide\/","title":{"rendered":"Snabbstartsguide"},"content":{"rendered":"\n\t<section class=\"section\" id=\"section_101162766\">\n\t\t<div class=\"section-bg fill\" >\n\t\t\t\t\t\t\t\t\t\n\t\t\t\n\n\t\t<\/div>\n\n\t\t\n\n\t\t<div class=\"section-content relative\">\n\t\t\t\n<div class=\"row\"  id=\"row-1690992608\">\n\n\t<div id=\"col-1710720512\" class=\"col small-12 large-12\"  >\n\t\t\t\t<div class=\"col-inner\"  >\n\t\t\t\n\t\t\t\n<div class=\"container section-title-container guide_title\" ><h1 class=\"section-title section-title-center\"><b aria-hidden=\"true\"><\/b><span class=\"section-title-main\" >Snabbstartsguide<\/span><b aria-hidden=\"true\"><\/b><\/h1><\/div>\n\t\t<\/div>\n\t\t\t\t\t<\/div>\n\n\t\n<\/div>\n<div class=\"row\"  id=\"row-544506984\">\n\n\t<div id=\"col-730841660\" class=\"col small-12 large-12\"  >\n\t\t\t\t<div class=\"col-inner\"  >\n\t\t\t\n\t\t\t\n\n<p><meta charset=\"UTF-8\"><br \/>\n    <meta name=\"viewport\" content=\"width=device-width, initial-scale=1.0\"><br \/>\n    <title>Button Styles<\/title><\/p>\n<style>\n<\/style>\n<p>    <!-- Button with Link --><br \/>\n    <a href=\"\/hurtigstartveiledning\/\" class=\"link-button\"><br \/>\n        Dansk<br \/>\n    <\/a><br \/>\n<a href=\"\/schnellstartanleitung\/\" class=\"link-button\"><br \/>\n        Deutsch<br \/>\n    <\/a><br \/>\n <a href=\"\/quick-start-guide\/\" class=\"link-button\"><br \/>\n         English<br \/>\n    <\/a><br \/>\n <a href=\"\/guia-de-inicio-rapido\/\" class=\"link-button\"><br \/>\n         Espa\u00f1ol<br \/>\n    <\/a><br \/>\n <a href=\"\/guide-de-demarrage-rapide\/\" class=\"link-button\"><br \/>\n        Fran\u00e7ais<br \/>\n    <\/a><br \/>\n <a href=\"\/guida-rapida\/\" class=\"link-button\"><br \/>\n        Italiano<br \/>\n    <\/a><br \/>\n <a href=\"\/snelstartgids\/\" class=\"link-button\"><br \/>\n        Nederlands<br \/>\n    <\/a> <a href=\"\/hurtigstartvejledning\/\" class=\"link-button\"><br \/>\n        Norsk<br \/>\n    <\/a><\/p>\n<p><a href=\"\/pikaopas\/\" class=\"link-button\"><br \/>\n        Suomen kielt\u00e4<br \/>\n    <\/a><br \/>\n<a href=\"\/snabbstartsguide\/\" class=\"link-button-active\"><br \/>\n        Svenska<br \/>\n    <\/a><br \/>\n<a href=\"\/przewodnik-szybkiego-startu\/\" class=\"link-button\"><br \/>\n        Polski<br \/>\n    <\/a><br \/>\n\n\t\t<\/div>\n\t\t\t\t\t<\/div>\n\n\t\n<\/div>\n\t\t<\/div>\n\n\t\t\n<style>\n#section_101162766 {\n  padding-top: 30px;\n  padding-bottom: 30px;\n}\n<\/style>\n\t<\/section>\n\t\n\n\t<section class=\"section\" id=\"section_780113156\">\n\t\t<div class=\"section-bg fill\" >\n\t\t\t\t\t\t\t\t\t\n\t\t\t\n\n\t\t<\/div>\n\n\t\t\n\n\t\t<div class=\"section-content relative\">\n\t\t\t\n<div class=\"row align-center\"  id=\"row-1438321503\">\n\n\t<div id=\"col-779455117\" class=\"col medium-8 small-12 large-8\"  >\n\t\t\t\t<div class=\"col-inner\"  >\n\t\t\t\n\t\t\t\n\t<div class=\"img has-hover x md-x lg-x y md-y lg-y\" id=\"image_781926893\">\n\t\t\t\t\t\t\t\t<div class=\"img-inner dark\" >\n\t\t\t<img loading=\"lazy\" decoding=\"async\" width=\"800\" height=\"800\" src=\"https:\/\/wifi.se\/pl\/wp-content\/uploads\/sites\/9\/2024\/08\/hybrid32.jpg\" class=\"attachment-original size-original\" alt=\"Hybrid Traveller\" srcset=\"https:\/\/wifi.se\/pl\/wp-content\/uploads\/sites\/9\/2024\/08\/hybrid32.jpg 800w, https:\/\/wifi.se\/pl\/wp-content\/uploads\/sites\/9\/2024\/08\/hybrid32-300x300.jpg 300w, https:\/\/wifi.se\/pl\/wp-content\/uploads\/sites\/9\/2024\/08\/hybrid32-100x100.jpg 100w, https:\/\/wifi.se\/pl\/wp-content\/uploads\/sites\/9\/2024\/08\/hybrid32-510x510.jpg 510w, https:\/\/wifi.se\/pl\/wp-content\/uploads\/sites\/9\/2024\/08\/hybrid32-64x64.jpg 64w, https:\/\/wifi.se\/pl\/wp-content\/uploads\/sites\/9\/2024\/08\/hybrid32-150x150.jpg 150w, https:\/\/wifi.se\/pl\/wp-content\/uploads\/sites\/9\/2024\/08\/hybrid32-768x768.jpg 768w, https:\/\/wifi.se\/pl\/wp-content\/uploads\/sites\/9\/2024\/08\/hybrid32-66x66.jpg 66w, https:\/\/wifi.se\/pl\/wp-content\/uploads\/sites\/9\/2024\/08\/hybrid32-200x200.jpg 200w, https:\/\/wifi.se\/pl\/wp-content\/uploads\/sites\/9\/2024\/08\/hybrid32-400x400.jpg 400w, https:\/\/wifi.se\/pl\/wp-content\/uploads\/sites\/9\/2024\/08\/hybrid32-600x600.jpg 600w, https:\/\/wifi.se\/pl\/wp-content\/uploads\/sites\/9\/2024\/08\/hybrid32-50x50.jpg 50w\" sizes=\"auto, (max-width: 800px) 100vw, 800px\" \/>\t\t\t\t\t\t\n\t\t\t\t\t<\/div>\n\t\t\t\t\t\t\t\t\n<style>\n#image_781926893 {\n  width: 100%;\n}\n<\/style>\n\t<\/div>\n\t\n\t\t<\/div>\n\t\t\t\t\t<\/div>\n\n\t\n<\/div>\n\t\t<\/div>\n\n\t\t\n<style>\n#section_780113156 {\n  padding-top: 30px;\n  padding-bottom: 30px;\n}\n<\/style>\n\t<\/section>\n\t\n<div class=\"row\"  id=\"row-1580076222\">\n\n\t<div id=\"col-152407591\" class=\"col small-12 large-12\"  >\n\t\t\t\t<div class=\"col-inner\"  >\n\t\t\t\n\t\t\t\n<p><strong>5G Router HybridTraveller<\/strong><\/p>\n<p>Denna router fungerar bra i alla l\u00e4nder eftersom den inte \u00e4r l\u00e5st f\u00f6r roaming. Du kan anv\u00e4nda vilket SIM-kort som helst fr\u00e5n vilken operat\u00f6r som helst. Routern kan anslutas till 12V, 110V eller 230V, eller via USB-str\u00f6mkabel. Detta g\u00f6r routern l\u00e4mplig b\u00e5de f\u00f6r hem- och resebruk.<\/p>\n<p><strong>5G Router HybridTraveller<\/strong><\/p>\n<p>Denna router st\u00f6der Nano-SIM-kort och \u00e4r ocks\u00e5 f\u00f6rberedd f\u00f6r framtida eSIM-funktionalitet. Du kan k\u00f6pa ett SIM-kort fr\u00e5n oss eller n\u00e5gon annan operat\u00f6r. V\u00e5r router \u00e4r inte l\u00e5st till n\u00e5gon operat\u00f6r, vilket g\u00f6r att du kan anv\u00e4nda vilket SIM-kort som helst. Se till att SIM-kortet inte har n\u00e5gon PIN-kod.<\/p>\n<p><strong>LED-indikatorer<\/strong><\/p>\n<ul>\n<li>DC-str\u00f6m<\/li>\n<li>LAN-port<\/li>\n<li>USB-C-port (endast f\u00f6r tillverkningsservice, inte f\u00f6r laddning)<\/li>\n<li>SIM-kortplats<\/li>\n<li>\u00c5terst\u00e4llningsknapp<\/li>\n<li>WPS-knapp<\/li>\n<li>Str\u00f6mknapp<\/li>\n<\/ul>\n<p><strong>Installation<\/strong><\/p>\n<p>Var f\u00f6rsiktig n\u00e4r du s\u00e4tter in SIM-kortet f\u00f6r att s\u00e4kerst\u00e4lla att det \u00e4r korrekt inriktat och s\u00e4tts in f\u00f6rsiktigt. Anv\u00e4nd inte kraft f\u00f6r att s\u00e4tta in SIM-kortet eftersom det kan fastna. Se bilden p\u00e5 routern f\u00f6r korrekt SIM-kortsinsertion. Den sneda h\u00f6rnet p\u00e5 SIM-kortet ska vara ned\u00e5t. Det kan endast s\u00e4ttas in p\u00e5 ett s\u00e4tt.<\/p>\n<p>Anv\u00e4nd r\u00e4tt SIM-kort: Nano-SIM (det minsta SIM-kortet). S\u00e4tt f\u00f6rsiktigt in SIM-kortet i SIM-kortplatsen tills det klickar.<\/p>\n<p>F\u00f6r att ta bort SIM-kortet, tryck f\u00f6rsiktigt p\u00e5 SIM-kortet tills det klickar och kortet poppar ut automatiskt. S\u00e4tt inte in eller ta bort SIM-kortet medan routern \u00e4r p\u00e5slagen. Detta kan p\u00e5verka prestandan och skada SIM-kortet.<\/p>\n<p>Anslut str\u00f6madaptern eller USB-kabeln till routern. Tryck p\u00e5 str\u00f6mknappen i mer \u00e4n 3 sekunder tills indikatorlampan b\u00f6rjar blinka och routern startar. N\u00e4r indikatorlampan slutar blinka har routern slutf\u00f6rt initieringen och b\u00f6rjar fungera.<\/p>\n<div class=\"table-1\">\n<table style=\"height: 184px;\" width=\"1152\">\n<thead>\n<tr>\n<th align=\"left\">Indikator<\/th>\n<th align=\"left\">Beskrivning<\/th>\n<th align=\"left\">F\u00e4rg<\/th>\n<\/tr>\n<\/thead>\n<tbody>\n<tr>\n<td align=\"left\">5G-n\u00e4tverksstatus:<\/td>\n<td align=\"left\">5G-n\u00e4tverk anslutet<\/td>\n<td align=\"left\">Gr\u00f6n<\/td>\n<\/tr>\n<tr>\n<td align=\"left\">&nbsp;<\/td>\n<td align=\"left\">5G-n\u00e4tverk ej anslutet<\/td>\n<td align=\"left\">Av<\/td>\n<\/tr>\n<tr>\n<td align=\"left\">Wi-Fi-status:<\/td>\n<td align=\"left\">Wi-Fi fungerar<\/td>\n<td align=\"left\">Gr\u00f6n<\/td>\n<\/tr>\n<tr>\n<td align=\"left\">&nbsp;<\/td>\n<td align=\"left\">Wi-Fi \u00e4r avst\u00e4ngd<\/td>\n<td align=\"left\">Av<\/td>\n<\/tr>\n<tr>\n<td align=\"left\">&nbsp;<\/td>\n<td align=\"left\">WPS-funktion fungerar<\/td>\n<td align=\"left\">Blinkande gr\u00f6n<\/td>\n<\/tr>\n<tr>\n<td align=\"left\">LAN-portstatus:<\/td>\n<td align=\"left\">LAN-port fungerar<\/td>\n<td align=\"left\">Gr\u00f6n<\/td>\n<\/tr>\n<tr>\n<td align=\"left\">&nbsp;<\/td>\n<td align=\"left\">LAN-port ej ansluten<\/td>\n<td align=\"left\">Av<\/td>\n<\/tr>\n<tr>\n<td align=\"left\">Str\u00f6m:<\/td>\n<td align=\"left\">Router \u00e4r online<\/td>\n<td align=\"left\">Gr\u00f6n<\/td>\n<\/tr>\n<tr>\n<td align=\"left\">&nbsp;<\/td>\n<td align=\"left\">Router \u00e4r avst\u00e4ngd<\/td>\n<td align=\"left\">Av<\/td>\n<\/tr>\n<\/tbody>\n<\/table>\n<\/div>\n<p><strong>Knappfunktioner<\/strong><\/p>\n<ul>\n<li>Str\u00f6mknapp<br \/>* Tryck p\u00e5 knappen i 3 sekunder: Routern sl\u00e5s p\u00e5<br \/>* Tryck p\u00e5 knappen i 3 sekunder igen: Routern sl\u00e5s av<\/li>\n<li>\u00c5terst\u00e4llningsknapp<br \/>* Tryck p\u00e5 knappen i 3 sekunder: Routern b\u00f6rjar \u00e5terst\u00e4llas<\/li>\n<li>WPS-knapp<br \/>* Tryck p\u00e5 knappen i 3 sekunder: WPS-funktionen b\u00f6rjar fungera<\/li>\n<\/ul>\n<p><strong>Anslutning till routern<\/strong><\/p>\n<p><strong>Anslut via Wi-Fi<\/strong><\/p>\n<p>Anslut din mobiltelefon eller dator till routerns Wi-Fi. (Se etiketten p\u00e5 undersidan av routern f\u00f6r Wi-Fi SSID och l\u00f6senord). Du kan ocks\u00e5 hitta samma etikett under batteriet.<\/p>\n<p><strong>Anslut via Ethernet<\/strong><\/p>\n<p>Anslut din dator till routern med en Ethernet-kabel f\u00f6r att f\u00e5 \u00e5tkomst till Internet.<\/p>\n<p><strong>Routeradmin-konfiguration \u2013 Endast f\u00f6r avancerade anv\u00e4ndare!<\/strong><\/p>\n<ol>\n<li>Anslut din mobiltelefon eller dator till routern med en Ethernet-kabel eller via Wi-Fi.<\/li>\n<li>Skriv 192.168.8.1 i din webbl\u00e4sare. Anv\u00e4nd standardanv\u00e4ndarnamnet och l\u00f6senordet. Anv\u00e4ndarnamnet \u00e4r admin och l\u00f6senordet \u00e4r admin.<\/li>\n<li>D\u00e5 kan du \u00e4ndra inst\u00e4llningarna i routerns admin-gr\u00e4nssnitt. Vi rekommenderar att du beh\u00e5ller standardinst\u00e4llningarna.<\/li>\n<\/ol>\n<p><strong>Vanliga fr\u00e5gor<\/strong><\/p>\n<p><strong>Hur \u00e5terst\u00e4ller jag fabriksinst\u00e4llningarna?<\/strong><\/p>\n<p>N\u00e4r routern \u00e4r p\u00e5slagen, tryck p\u00e5 \u00e5terst\u00e4llningsknappen i 3 sekunder tills indikatorn b\u00f6rjar blinka. Efter cirka 60 sekunder slutar indikatorn blinka vilket betyder att routern har slutf\u00f6rt \u00e5terst\u00e4llningen.<\/p>\n<p><strong>Vad ska jag g\u00f6ra om jag gl\u00f6mde Wi-Fi-l\u00f6senordet eller inloggningsl\u00f6senordet?<\/strong><\/p>\n<p>\u00c5terst\u00e4ll routern till fabriksinst\u00e4llningar och anv\u00e4nd standard-Wi-Fi-l\u00f6senordet och inloggningsuppgifterna.<\/p>\n<p><strong>Vad ska jag g\u00f6ra om routern inte kan ansluta till Internet?<\/strong><\/p>\n<ul>\n<li>Se till att SIM-kortet \u00e4r korrekt isatt.<\/li>\n<li>Kontrollera att ditt SIM-kort \u00e4r aktivt.<\/li>\n<li>Se till att routern \u00e4r p\u00e5slagen.<\/li>\n<li>Kontrollera att str\u00f6mlampan lyser p\u00e5 routern.<\/li>\n<\/ul>\n<p><strong>Vad ska jag g\u00f6ra om routern inte kan ansluta till ett mobilt n\u00e4tverk?<\/strong><\/p>\n<ul>\n<li>Kontrollera om ditt SIM-kort \u00e4r aktivt.<\/li>\n<li>Se till att det finns mobilt\u00e4ckning i ditt omr\u00e5de.<\/li>\n<\/ul>\n<p><strong>Hur vet jag att routern \u00e4r ansluten till ett 5G-n\u00e4tverk?<\/strong><\/p>\n<p>Om 5G-lampan \u00e4r gr\u00f6n \u00e4r 5G-n\u00e4tverket anslutet.<\/p>\n<p><strong>Vad ska jag g\u00f6ra om jag inte kan komma \u00e5t Router Admin Interface?<\/strong><\/p>\n<ul>\n<li>Se till att din dator \u00e4r ansluten till routern via en Ethernet-kabel eller Wi-Fi.<\/li>\n<li>Se till att din dator \u00e4r inst\u00e4lld p\u00e5 att automatiskt erh\u00e5lla en IP-adress och DNS-serveradress.<\/li>\n<li>Starta om din webbl\u00e4sare eller prova en annan webbl\u00e4sare.<\/li>\n<li>Om problemet kvarst\u00e5r, \u00e5terst\u00e4ll routern till fabriksinst\u00e4llningar.<\/li>\n<li>Starta om din dator.<\/li>\n<\/ul>\n\t\t<\/div>\n\t\t\t\t\t<\/div>\n\n\t\n<\/div>\n","protected":false},"excerpt":{"rendered":"","protected":false},"author":153,"featured_media":0,"parent":0,"menu_order":0,"comment_status":"closed","ping_status":"closed","template":"","meta":{"_acf_changed":false,"footnotes":""},"class_list":["post-29053","page","type-page","status-publish","hentry"],"acf":[],"yoast_head":"<!-- This site is optimized with the Yoast SEO plugin v27.1.1 - https:\/\/yoast.com\/product\/yoast-seo-wordpress\/ -->\n<title>Snabbstartsguide - WIFI.SE\/PL<\/title>\n<meta name=\"robots\" content=\"noindex, follow, max-snippet:-1, max-image-preview:large, max-video-preview:-1\" \/>\n<meta property=\"og:locale\" content=\"pl_PL\" \/>\n<meta property=\"og:type\" content=\"article\" \/>\n<meta property=\"og:title\" content=\"Snabbstartsguide - WIFI.SE\/PL\" \/>\n<meta property=\"og:url\" content=\"https:\/\/wifi.se\/pl\/snabbstartsguide\/\" \/>\n<meta property=\"og:site_name\" content=\"WIFI.SE\/PL\" \/>\n<meta property=\"article:modified_time\" content=\"2024-12-13T09:29:05+00:00\" \/>\n<meta name=\"twitter:card\" content=\"summary_large_image\" \/>\n<script type=\"application\/ld+json\" class=\"yoast-schema-graph\">{\"@context\":\"https:\/\/schema.org\",\"@graph\":[{\"@type\":\"WebPage\",\"@id\":\"https:\/\/wifi.se\/pl\/snabbstartsguide\/\",\"url\":\"https:\/\/wifi.se\/pl\/snabbstartsguide\/\",\"name\":\"Snabbstartsguide - WIFI.SE\/PL\",\"isPartOf\":{\"@id\":\"https:\/\/wifi.se\/pl\/#website\"},\"datePublished\":\"2024-08-18T11:43:31+00:00\",\"dateModified\":\"2024-12-13T09:29:05+00:00\",\"breadcrumb\":{\"@id\":\"https:\/\/wifi.se\/pl\/snabbstartsguide\/#breadcrumb\"},\"inLanguage\":\"pl-PL\",\"potentialAction\":[{\"@type\":\"ReadAction\",\"target\":[\"https:\/\/wifi.se\/pl\/snabbstartsguide\/\"]}]},{\"@type\":\"BreadcrumbList\",\"@id\":\"https:\/\/wifi.se\/pl\/snabbstartsguide\/#breadcrumb\",\"itemListElement\":[{\"@type\":\"ListItem\",\"position\":1,\"name\":\"Hem\",\"item\":\"https:\/\/wifi.se\/pl\/\"},{\"@type\":\"ListItem\",\"position\":2,\"name\":\"Snabbstartsguide\"}]},{\"@type\":\"WebSite\",\"@id\":\"https:\/\/wifi.se\/pl\/#website\",\"url\":\"https:\/\/wifi.se\/pl\/\",\"name\":\"WIFI.SE\/PL\",\"description\":\"INTERNET \u00d6VERALLT\",\"potentialAction\":[{\"@type\":\"SearchAction\",\"target\":{\"@type\":\"EntryPoint\",\"urlTemplate\":\"https:\/\/wifi.se\/pl\/?s={search_term_string}\"},\"query-input\":{\"@type\":\"PropertyValueSpecification\",\"valueRequired\":true,\"valueName\":\"search_term_string\"}}],\"inLanguage\":\"pl-PL\"}]}<\/script>\n<!-- \/ Yoast SEO plugin. -->","yoast_head_json":{"title":"Snabbstartsguide - WIFI.SE\/PL","robots":{"index":"noindex","follow":"follow","max-snippet":"max-snippet:-1","max-image-preview":"max-image-preview:large","max-video-preview":"max-video-preview:-1"},"og_locale":"pl_PL","og_type":"article","og_title":"Snabbstartsguide - WIFI.SE\/PL","og_url":"https:\/\/wifi.se\/pl\/snabbstartsguide\/","og_site_name":"WIFI.SE\/PL","article_modified_time":"2024-12-13T09:29:05+00:00","twitter_card":"summary_large_image","schema":{"@context":"https:\/\/schema.org","@graph":[{"@type":"WebPage","@id":"https:\/\/wifi.se\/pl\/snabbstartsguide\/","url":"https:\/\/wifi.se\/pl\/snabbstartsguide\/","name":"Snabbstartsguide - WIFI.SE\/PL","isPartOf":{"@id":"https:\/\/wifi.se\/pl\/#website"},"datePublished":"2024-08-18T11:43:31+00:00","dateModified":"2024-12-13T09:29:05+00:00","breadcrumb":{"@id":"https:\/\/wifi.se\/pl\/snabbstartsguide\/#breadcrumb"},"inLanguage":"pl-PL","potentialAction":[{"@type":"ReadAction","target":["https:\/\/wifi.se\/pl\/snabbstartsguide\/"]}]},{"@type":"BreadcrumbList","@id":"https:\/\/wifi.se\/pl\/snabbstartsguide\/#breadcrumb","itemListElement":[{"@type":"ListItem","position":1,"name":"Hem","item":"https:\/\/wifi.se\/pl\/"},{"@type":"ListItem","position":2,"name":"Snabbstartsguide"}]},{"@type":"WebSite","@id":"https:\/\/wifi.se\/pl\/#website","url":"https:\/\/wifi.se\/pl\/","name":"WIFI.SE\/PL","description":"INTERNET \u00d6VERALLT","potentialAction":[{"@type":"SearchAction","target":{"@type":"EntryPoint","urlTemplate":"https:\/\/wifi.se\/pl\/?s={search_term_string}"},"query-input":{"@type":"PropertyValueSpecification","valueRequired":true,"valueName":"search_term_string"}}],"inLanguage":"pl-PL"}]}},"_links":{"self":[{"href":"https:\/\/wifi.se\/pl\/wp-json\/wp\/v2\/pages\/29053","targetHints":{"allow":["GET"]}}],"collection":[{"href":"https:\/\/wifi.se\/pl\/wp-json\/wp\/v2\/pages"}],"about":[{"href":"https:\/\/wifi.se\/pl\/wp-json\/wp\/v2\/types\/page"}],"author":[{"embeddable":true,"href":"https:\/\/wifi.se\/pl\/wp-json\/wp\/v2\/users\/153"}],"replies":[{"embeddable":true,"href":"https:\/\/wifi.se\/pl\/wp-json\/wp\/v2\/comments?post=29053"}],"version-history":[{"count":4,"href":"https:\/\/wifi.se\/pl\/wp-json\/wp\/v2\/pages\/29053\/revisions"}],"predecessor-version":[{"id":31829,"href":"https:\/\/wifi.se\/pl\/wp-json\/wp\/v2\/pages\/29053\/revisions\/31829"}],"wp:attachment":[{"href":"https:\/\/wifi.se\/pl\/wp-json\/wp\/v2\/media?parent=29053"}],"curies":[{"name":"wp","href":"https:\/\/api.w.org\/{rel}","templated":true}]}}