{"id":9757,"date":"2020-08-10T14:41:18","date_gmt":"2020-08-10T12:41:18","guid":{"rendered":"https:\/\/wifi.se\/?post_type=product&#038;p=9757"},"modified":"2025-04-09T08:12:14","modified_gmt":"2025-04-09T06:12:14","slug":"antenna-cable-low-loss-cable-with-sma-connectors-15m","status":"publish","type":"product","link":"https:\/\/wifi.se\/fr\/product\/antenna-cable-low-loss-cable-with-sma-connectors-15m\/","title":{"rendered":"C\u00e2ble d&#8217;antenne (c\u00e2ble \u00e0 faible perte) avec connecteurs SMA &#8211; 15 m"},"content":{"rendered":"<p>C\u00e2ble d&#8217;antenne LFK (c\u00e2ble \u00e0 faible perte) avec connecteurs SMA m\u00e2le et SMA femelle. Ce c\u00e2ble \u00e0 faible perte est recommand\u00e9 pour connecter un routeur 3G, un routeur 4G ou un modem GSM. Ce mod\u00e8le est con\u00e7u pour \u00eatre mont\u00e9 entre le routeur\/modem et une antenne externe. Il peut \u00e9galement servir de rallonge \u00e0 un c\u00e2ble existant. Toutes les jonctions sont scell\u00e9es par une gaine thermor\u00e9tractable.<\/p>\n","protected":false},"excerpt":{"rendered":"<p>C\u00e2ble d&#8217;antenne LFK (c\u00e2ble \u00e0 faible perte) avec connecteurs SMA m\u00e2le et SMA femelle &#8211; 15 m\u00e8tres<\/p>\n","protected":false},"featured_media":30242,"template":"","meta":{"_acf_changed":false},"product_brand":[],"product_cat":[201],"product_tag":[239],"class_list":{"0":"post-9757","1":"product","2":"type-product","3":"status-publish","4":"has-post-thumbnail","6":"product_cat-kabel","7":"product_tag-antennkabel","8":"product_shipping_class-sim-kort-med-router","10":"first","11":"instock","12":"taxable","13":"shipping-taxable","14":"purchasable","15":"product-type-simple"},"bundled_by":[],"bundle_stock_status":"instock","bundle_stock_quantity":null,"bundle_virtual":false,"bundle_layout":"","bundle_add_to_cart_form_location":"","bundle_editable_in_cart":false,"bundle_sold_individually_context":"","bundle_item_grouping":"","bundle_min_size":"","bundle_max_size":"","bundle_price":[],"bundled_items":[],"bundle_sell_ids":[],"acf":{"accounting_number":"1940","accounting_number_kopiera2":"2611","accounting_number_kopiera3":"3015","accounting_number_kopiera4":"3520","accounting_number_kopiera5":"1510","accounting_number_kopiera6":"1511"},"yoast_head":"<!-- This site is optimized with the Yoast SEO plugin v27.1.1 - https:\/\/yoast.com\/product\/yoast-seo-wordpress\/ -->\n<title>Antenna cable (low-loss cable) with SMA connectors - 15m<\/title>\n<meta name=\"description\" content=\"LFK antenna cable (low-loss cable) with SMA Male and SMA Female connectors, a low-loss antenna cable we recommend for connecting a 3G router, 4G router, or GSM modem. This model is designed to be mounted between the router\/modem and an external antenna. The cable can also be used to extend an existing cable. All joints are sealed with heat shrink tubing.\" \/>\n<meta name=\"robots\" content=\"index, follow, max-snippet:-1, max-image-preview:large, max-video-preview:-1\" \/>\n<link rel=\"canonical\" href=\"https:\/\/wifi.se\/fr\/product\/antenna-cable-low-loss-cable-with-sma-connectors-15m\/\" \/>\n<meta property=\"og:locale\" content=\"fr_FR\" \/>\n<meta property=\"og:type\" content=\"article\" \/>\n<meta property=\"og:title\" content=\"Antenna cable (low-loss cable) with SMA connectors - 15m\" \/>\n<meta property=\"og:description\" content=\"LFK antenna cable (low-loss cable) with SMA Male and SMA Female connectors, a low-loss antenna cable we recommend for connecting a 3G router, 4G router, or GSM modem. This model is designed to be mounted between the router\/modem and an external antenna. The cable can also be used to extend an existing cable. All joints are sealed with heat shrink tubing.\" \/>\n<meta property=\"og:url\" content=\"https:\/\/wifi.se\/fr\/product\/antenna-cable-low-loss-cable-with-sma-connectors-15m\/\" \/>\n<meta property=\"og:site_name\" content=\"WIFI.SE\/FR\" \/>\n<meta property=\"article:modified_time\" content=\"2025-04-09T06:12:14+00:00\" \/>\n<meta property=\"og:image\" content=\"https:\/\/wifi.se\/fr\/wp-content\/uploads\/sites\/8\/2020\/08\/15.jpg\" \/>\n\t<meta property=\"og:image:width\" content=\"800\" \/>\n\t<meta property=\"og:image:height\" content=\"800\" \/>\n\t<meta property=\"og:image:type\" content=\"image\/jpeg\" \/>\n<meta name=\"twitter:card\" content=\"summary_large_image\" \/>\n<meta name=\"twitter:label1\" content=\"Dur\u00e9e de lecture estim\u00e9e\" \/>\n\t<meta name=\"twitter:data1\" content=\"1 minute\" \/>\n<script type=\"application\/ld+json\" class=\"yoast-schema-graph\">{\"@context\":\"https:\/\/schema.org\",\"@graph\":[{\"@type\":\"WebPage\",\"@id\":\"https:\/\/wifi.se\/fr\/product\/antenna-cable-low-loss-cable-with-sma-connectors-15m\/\",\"url\":\"https:\/\/wifi.se\/fr\/product\/antenna-cable-low-loss-cable-with-sma-connectors-15m\/\",\"name\":\"Antenna cable (low-loss cable) with SMA connectors - 15m\",\"isPartOf\":{\"@id\":\"https:\/\/wifi.se\/fr\/#website\"},\"primaryImageOfPage\":{\"@id\":\"https:\/\/wifi.se\/fr\/product\/antenna-cable-low-loss-cable-with-sma-connectors-15m\/#primaryimage\"},\"image\":{\"@id\":\"https:\/\/wifi.se\/fr\/product\/antenna-cable-low-loss-cable-with-sma-connectors-15m\/#primaryimage\"},\"thumbnailUrl\":\"https:\/\/wifi.se\/fr\/wp-content\/uploads\/sites\/8\/2020\/08\/15.jpg\",\"datePublished\":\"2020-08-10T12:41:18+00:00\",\"dateModified\":\"2025-04-09T06:12:14+00:00\",\"description\":\"LFK antenna cable (low-loss cable) with SMA Male and SMA Female connectors, a low-loss antenna cable we recommend for connecting a 3G router, 4G router, or GSM modem. This model is designed to be mounted between the router\/modem and an external antenna. The cable can also be used to extend an existing cable. All joints are sealed with heat shrink tubing.\",\"breadcrumb\":{\"@id\":\"https:\/\/wifi.se\/fr\/product\/antenna-cable-low-loss-cable-with-sma-connectors-15m\/#breadcrumb\"},\"inLanguage\":\"fr-FR\",\"potentialAction\":[{\"@type\":\"ReadAction\",\"target\":[\"https:\/\/wifi.se\/fr\/product\/antenna-cable-low-loss-cable-with-sma-connectors-15m\/\"]}]},{\"@type\":\"ImageObject\",\"inLanguage\":\"fr-FR\",\"@id\":\"https:\/\/wifi.se\/fr\/product\/antenna-cable-low-loss-cable-with-sma-connectors-15m\/#primaryimage\",\"url\":\"https:\/\/wifi.se\/fr\/wp-content\/uploads\/sites\/8\/2020\/08\/15.jpg\",\"contentUrl\":\"https:\/\/wifi.se\/fr\/wp-content\/uploads\/sites\/8\/2020\/08\/15.jpg\",\"width\":800,\"height\":800,\"caption\":\"Antennkabel (L\u00e5gf\u00f6rlustkabel) med SMA-kontakter - 15m\"},{\"@type\":\"BreadcrumbList\",\"@id\":\"https:\/\/wifi.se\/fr\/product\/antenna-cable-low-loss-cable-with-sma-connectors-15m\/#breadcrumb\",\"itemListElement\":[{\"@type\":\"ListItem\",\"position\":1,\"name\":\"Hem\",\"item\":\"https:\/\/wifi.se\/fr\/\"},{\"@type\":\"ListItem\",\"position\":2,\"name\":\"BOUTIQUE\",\"item\":\"https:\/\/wifi.se\/fr\/butik\/\"},{\"@type\":\"ListItem\",\"position\":3,\"name\":\"C\u00e2ble d&#8217;antenne (c\u00e2ble \u00e0 faible perte) avec connecteurs SMA &#8211; 15 m\"}]},{\"@type\":\"WebSite\",\"@id\":\"https:\/\/wifi.se\/fr\/#website\",\"url\":\"https:\/\/wifi.se\/fr\/\",\"name\":\"WIFI.SE\/FR\",\"description\":\"INTERNET PARTOUT\",\"potentialAction\":[{\"@type\":\"SearchAction\",\"target\":{\"@type\":\"EntryPoint\",\"urlTemplate\":\"https:\/\/wifi.se\/fr\/?s={search_term_string}\"},\"query-input\":{\"@type\":\"PropertyValueSpecification\",\"valueRequired\":true,\"valueName\":\"search_term_string\"}}],\"inLanguage\":\"fr-FR\"}]}<\/script>\n<!-- \/ Yoast SEO plugin. -->","yoast_head_json":{"title":"Antenna cable (low-loss cable) with SMA connectors - 15m","description":"LFK antenna cable (low-loss cable) with SMA Male and SMA Female connectors, a low-loss antenna cable we recommend for connecting a 3G router, 4G router, or GSM modem. This model is designed to be mounted between the router\/modem and an external antenna. The cable can also be used to extend an existing cable. All joints are sealed with heat shrink tubing.","robots":{"index":"index","follow":"follow","max-snippet":"max-snippet:-1","max-image-preview":"max-image-preview:large","max-video-preview":"max-video-preview:-1"},"canonical":"https:\/\/wifi.se\/fr\/product\/antenna-cable-low-loss-cable-with-sma-connectors-15m\/","og_locale":"fr_FR","og_type":"article","og_title":"Antenna cable (low-loss cable) with SMA connectors - 15m","og_description":"LFK antenna cable (low-loss cable) with SMA Male and SMA Female connectors, a low-loss antenna cable we recommend for connecting a 3G router, 4G router, or GSM modem. This model is designed to be mounted between the router\/modem and an external antenna. The cable can also be used to extend an existing cable. All joints are sealed with heat shrink tubing.","og_url":"https:\/\/wifi.se\/fr\/product\/antenna-cable-low-loss-cable-with-sma-connectors-15m\/","og_site_name":"WIFI.SE\/FR","article_modified_time":"2025-04-09T06:12:14+00:00","og_image":[{"width":800,"height":800,"url":"https:\/\/wifi.se\/fr\/wp-content\/uploads\/sites\/8\/2020\/08\/15.jpg","type":"image\/jpeg"}],"twitter_card":"summary_large_image","twitter_misc":{"Dur\u00e9e de lecture estim\u00e9e":"1 minute"},"schema":{"@context":"https:\/\/schema.org","@graph":[{"@type":"WebPage","@id":"https:\/\/wifi.se\/fr\/product\/antenna-cable-low-loss-cable-with-sma-connectors-15m\/","url":"https:\/\/wifi.se\/fr\/product\/antenna-cable-low-loss-cable-with-sma-connectors-15m\/","name":"Antenna cable (low-loss cable) with SMA connectors - 15m","isPartOf":{"@id":"https:\/\/wifi.se\/fr\/#website"},"primaryImageOfPage":{"@id":"https:\/\/wifi.se\/fr\/product\/antenna-cable-low-loss-cable-with-sma-connectors-15m\/#primaryimage"},"image":{"@id":"https:\/\/wifi.se\/fr\/product\/antenna-cable-low-loss-cable-with-sma-connectors-15m\/#primaryimage"},"thumbnailUrl":"https:\/\/wifi.se\/fr\/wp-content\/uploads\/sites\/8\/2020\/08\/15.jpg","datePublished":"2020-08-10T12:41:18+00:00","dateModified":"2025-04-09T06:12:14+00:00","description":"LFK antenna cable (low-loss cable) with SMA Male and SMA Female connectors, a low-loss antenna cable we recommend for connecting a 3G router, 4G router, or GSM modem. This model is designed to be mounted between the router\/modem and an external antenna. The cable can also be used to extend an existing cable. All joints are sealed with heat shrink tubing.","breadcrumb":{"@id":"https:\/\/wifi.se\/fr\/product\/antenna-cable-low-loss-cable-with-sma-connectors-15m\/#breadcrumb"},"inLanguage":"fr-FR","potentialAction":[{"@type":"ReadAction","target":["https:\/\/wifi.se\/fr\/product\/antenna-cable-low-loss-cable-with-sma-connectors-15m\/"]}]},{"@type":"ImageObject","inLanguage":"fr-FR","@id":"https:\/\/wifi.se\/fr\/product\/antenna-cable-low-loss-cable-with-sma-connectors-15m\/#primaryimage","url":"https:\/\/wifi.se\/fr\/wp-content\/uploads\/sites\/8\/2020\/08\/15.jpg","contentUrl":"https:\/\/wifi.se\/fr\/wp-content\/uploads\/sites\/8\/2020\/08\/15.jpg","width":800,"height":800,"caption":"Antennkabel (L\u00e5gf\u00f6rlustkabel) med SMA-kontakter - 15m"},{"@type":"BreadcrumbList","@id":"https:\/\/wifi.se\/fr\/product\/antenna-cable-low-loss-cable-with-sma-connectors-15m\/#breadcrumb","itemListElement":[{"@type":"ListItem","position":1,"name":"Hem","item":"https:\/\/wifi.se\/fr\/"},{"@type":"ListItem","position":2,"name":"BOUTIQUE","item":"https:\/\/wifi.se\/fr\/butik\/"},{"@type":"ListItem","position":3,"name":"C\u00e2ble d&#8217;antenne (c\u00e2ble \u00e0 faible perte) avec connecteurs SMA &#8211; 15 m"}]},{"@type":"WebSite","@id":"https:\/\/wifi.se\/fr\/#website","url":"https:\/\/wifi.se\/fr\/","name":"WIFI.SE\/FR","description":"INTERNET PARTOUT","potentialAction":[{"@type":"SearchAction","target":{"@type":"EntryPoint","urlTemplate":"https:\/\/wifi.se\/fr\/?s={search_term_string}"},"query-input":{"@type":"PropertyValueSpecification","valueRequired":true,"valueName":"search_term_string"}}],"inLanguage":"fr-FR"}]}},"_links":{"self":[{"href":"https:\/\/wifi.se\/fr\/wp-json\/wp\/v2\/product\/9757","targetHints":{"allow":["GET"]}}],"collection":[{"href":"https:\/\/wifi.se\/fr\/wp-json\/wp\/v2\/product"}],"about":[{"href":"https:\/\/wifi.se\/fr\/wp-json\/wp\/v2\/types\/product"}],"wp:featuredmedia":[{"embeddable":true,"href":"https:\/\/wifi.se\/fr\/wp-json\/wp\/v2\/media\/30242"}],"wp:attachment":[{"href":"https:\/\/wifi.se\/fr\/wp-json\/wp\/v2\/media?parent=9757"}],"wp:term":[{"taxonomy":"product_brand","embeddable":true,"href":"https:\/\/wifi.se\/fr\/wp-json\/wp\/v2\/product_brand?post=9757"},{"taxonomy":"product_cat","embeddable":true,"href":"https:\/\/wifi.se\/fr\/wp-json\/wp\/v2\/product_cat?post=9757"},{"taxonomy":"product_tag","embeddable":true,"href":"https:\/\/wifi.se\/fr\/wp-json\/wp\/v2\/product_tag?post=9757"}],"curies":[{"name":"wp","href":"https:\/\/api.w.org\/{rel}","templated":true}]}}