{"id":8910,"date":"2021-04-28T15:45:14","date_gmt":"2021-04-28T13:45:14","guid":{"rendered":"https:\/\/wifi.se\/?post_type=product&#038;p=8910"},"modified":"2025-04-09T08:05:06","modified_gmt":"2025-04-09T06:05:06","slug":"self-adhesive-antenna-patch-antenna-fakra","status":"publish","type":"product","link":"https:\/\/wifi.se\/fr\/product\/self-adhesive-antenna-patch-antenna-fakra\/","title":{"rendered":"Antenne autocollante \/ antenne patch fakra"},"content":{"rendered":"<p>ANTENNE AUTOCOLLANTE AVEC C\u00c2BLE DE 2,5 M<br \/>\nUne antenne autocollante tr\u00e8s discr\u00e8te, dot\u00e9e d&#8217;un c\u00e2ble de 2,5 m\u00e8tres et d&#8217;une connexion Fakra. Elle prend en charge sept bandes de fr\u00e9quences et fonctionne avec tous les r\u00e9seaux\u00a0: GSM, GPRS, 3G, Wi-Fi et 4G. L&#8217;antenne peut \u00eatre install\u00e9e \u00e0 l&#8217;int\u00e9rieur comme \u00e0 l&#8217;ext\u00e9rieur, adh\u00e9rant rapidement \u00e0 la surface et offrant une installation discr\u00e8te. Il est conseill\u00e9 de la fixer d&#8217;abord sans serrer pour obtenir l&#8217;effet souhait\u00e9 avant de la fixer d\u00e9finitivement.<\/p>\n<p>L&#8217;antenne a re\u00e7u le prix \u00ab\u00a0Best in Test\u00a0\u00bb lors du test d&#8217;antennes 4G de \u00ab\u00a0PC f\u00f6r alla\u00a0\u00bb.<\/p>\n<p>Nous recommandons ce type d&#8217;antenne 3G et 4G pour tous les routeurs \u00e9quip\u00e9s d&#8217;une connexion Fakra.<\/p>\n<p>N&#8217;h\u00e9sitez pas \u00e0 me contacter si vous avez besoin d&#8217;autres informations\u00a0!<\/p>\n<p>Antennen fick utm\u00e4rkelsen \u201db\u00e4st i test\u201d n\u00e4r &#8220;PC f\u00f6r alla&#8221; testade 4G antenner.<\/p>\n<p>Nous vous recommandons de choisir une antenne 3G ou 4G jusqu&#8217;\u00e0 ce que le routeur soit une r\u00e9ponse Fakra.<\/p>\n","protected":false},"excerpt":{"rendered":"<p>Antenne autocollante prim\u00e9e pour r\u00e9seaux mobiles et Wi-Fi. Elle se fixe sur la plupart des surfaces. Elle est fournie avec un c\u00e2ble de 2,5 m\u00e8tres et une connexion Fakra. Cette antenne a remport\u00e9 le prix \u00ab Meilleure antenne du test \u00bb lors du test des antennes 4G par \u00ab PC f\u00f6r alla \u00bb. Facile \u00e0 dissimuler, elle est recommand\u00e9e pour les v\u00e9hicules et les bateaux.<\/p>\n","protected":false},"featured_media":30278,"template":"","meta":{"_acf_changed":false},"product_brand":[],"product_cat":[165,258],"product_tag":[167,243,352],"class_list":{"0":"post-8910","1":"product","2":"type-product","3":"status-publish","4":"has-post-thumbnail","6":"product_cat-antenner","7":"product_cat-patchantenn","8":"product_tag-antenn","9":"product_tag-patchantenn","10":"product_tag-white_week","11":"product_shipping_class-antenner","13":"first","14":"instock","15":"taxable","16":"shipping-taxable","17":"purchasable","18":"product-type-simple"},"bundled_by":[],"bundle_stock_status":"instock","bundle_stock_quantity":null,"bundle_virtual":false,"bundle_layout":"","bundle_add_to_cart_form_location":"","bundle_editable_in_cart":false,"bundle_sold_individually_context":"","bundle_item_grouping":"","bundle_min_size":"","bundle_max_size":"","bundle_price":[],"bundled_items":[],"bundle_sell_ids":[],"acf":{"accounting_number":"1940","accounting_number_kopiera2":"2611","accounting_number_kopiera3":"3014","accounting_number_kopiera4":"3520","accounting_number_kopiera5":"1510","accounting_number_kopiera6":"1511"},"yoast_head":"<!-- This site is optimized with the Yoast SEO plugin v27.1.1 - https:\/\/yoast.com\/product\/yoast-seo-wordpress\/ -->\n<title>SELF-ADHESIVE ANTENNA \/ PATCH ANTENNA FAKRA<\/title>\n<meta name=\"description\" content=\"A self-adhesive, award-winning antenna with a Fakra connection. This antenna won &quot;Best in Test&quot; when &quot;PC f\u00f6r alla&quot; tested 4G antennas.\" \/>\n<meta name=\"robots\" content=\"index, follow, max-snippet:-1, max-image-preview:large, max-video-preview:-1\" \/>\n<link rel=\"canonical\" href=\"https:\/\/wifi.se\/fr\/product\/self-adhesive-antenna-patch-antenna-fakra\/\" \/>\n<meta property=\"og:locale\" content=\"fr_FR\" \/>\n<meta property=\"og:type\" content=\"article\" \/>\n<meta property=\"og:title\" content=\"SELF-ADHESIVE ANTENNA \/ PATCH ANTENNA FAKRA\" \/>\n<meta property=\"og:description\" content=\"A self-adhesive, award-winning antenna with a Fakra connection. This antenna won &quot;Best in Test&quot; when &quot;PC f\u00f6r alla&quot; tested 4G antennas.\" \/>\n<meta property=\"og:url\" content=\"https:\/\/wifi.se\/fr\/product\/self-adhesive-antenna-patch-antenna-fakra\/\" \/>\n<meta property=\"og:site_name\" content=\"WIFI.SE\/FR\" \/>\n<meta property=\"article:modified_time\" content=\"2025-04-09T06:05:06+00:00\" \/>\n<meta property=\"og:image\" content=\"https:\/\/wifi.se\/fr\/wp-content\/uploads\/sites\/8\/2021\/04\/patch_fakra2.jpg\" \/>\n\t<meta property=\"og:image:width\" content=\"800\" \/>\n\t<meta property=\"og:image:height\" content=\"800\" \/>\n\t<meta property=\"og:image:type\" content=\"image\/jpeg\" \/>\n<meta name=\"twitter:card\" content=\"summary_large_image\" \/>\n<meta name=\"twitter:label1\" content=\"Dur\u00e9e de lecture estim\u00e9e\" \/>\n\t<meta name=\"twitter:data1\" content=\"1 minute\" \/>\n<script type=\"application\/ld+json\" class=\"yoast-schema-graph\">{\"@context\":\"https:\/\/schema.org\",\"@graph\":[{\"@type\":\"WebPage\",\"@id\":\"https:\/\/wifi.se\/fr\/product\/self-adhesive-antenna-patch-antenna-fakra\/\",\"url\":\"https:\/\/wifi.se\/fr\/product\/self-adhesive-antenna-patch-antenna-fakra\/\",\"name\":\"SELF-ADHESIVE ANTENNA \/ PATCH ANTENNA FAKRA\",\"isPartOf\":{\"@id\":\"https:\/\/wifi.se\/fr\/#website\"},\"primaryImageOfPage\":{\"@id\":\"https:\/\/wifi.se\/fr\/product\/self-adhesive-antenna-patch-antenna-fakra\/#primaryimage\"},\"image\":{\"@id\":\"https:\/\/wifi.se\/fr\/product\/self-adhesive-antenna-patch-antenna-fakra\/#primaryimage\"},\"thumbnailUrl\":\"https:\/\/wifi.se\/fr\/wp-content\/uploads\/sites\/8\/2021\/04\/patch_fakra2.jpg\",\"datePublished\":\"2021-04-28T13:45:14+00:00\",\"dateModified\":\"2025-04-09T06:05:06+00:00\",\"description\":\"A self-adhesive, award-winning antenna with a Fakra connection. This antenna won \\\"Best in Test\\\" when \\\"PC f\u00f6r alla\\\" tested 4G antennas.\",\"breadcrumb\":{\"@id\":\"https:\/\/wifi.se\/fr\/product\/self-adhesive-antenna-patch-antenna-fakra\/#breadcrumb\"},\"inLanguage\":\"fr-FR\",\"potentialAction\":[{\"@type\":\"ReadAction\",\"target\":[\"https:\/\/wifi.se\/fr\/product\/self-adhesive-antenna-patch-antenna-fakra\/\"]}]},{\"@type\":\"ImageObject\",\"inLanguage\":\"fr-FR\",\"@id\":\"https:\/\/wifi.se\/fr\/product\/self-adhesive-antenna-patch-antenna-fakra\/#primaryimage\",\"url\":\"https:\/\/wifi.se\/fr\/wp-content\/uploads\/sites\/8\/2021\/04\/patch_fakra2.jpg\",\"contentUrl\":\"https:\/\/wifi.se\/fr\/wp-content\/uploads\/sites\/8\/2021\/04\/patch_fakra2.jpg\",\"width\":800,\"height\":800,\"caption\":\"SJ\u00c4LVH\u00c4FTANDE ANTENN \/ PATCHANTENN FAKRA\"},{\"@type\":\"BreadcrumbList\",\"@id\":\"https:\/\/wifi.se\/fr\/product\/self-adhesive-antenna-patch-antenna-fakra\/#breadcrumb\",\"itemListElement\":[{\"@type\":\"ListItem\",\"position\":1,\"name\":\"Hem\",\"item\":\"https:\/\/wifi.se\/fr\/\"},{\"@type\":\"ListItem\",\"position\":2,\"name\":\"BOUTIQUE\",\"item\":\"https:\/\/wifi.se\/fr\/butik\/\"},{\"@type\":\"ListItem\",\"position\":3,\"name\":\"Antenne autocollante \/ antenne patch fakra\"}]},{\"@type\":\"WebSite\",\"@id\":\"https:\/\/wifi.se\/fr\/#website\",\"url\":\"https:\/\/wifi.se\/fr\/\",\"name\":\"WIFI.SE\/FR\",\"description\":\"INTERNET PARTOUT\",\"potentialAction\":[{\"@type\":\"SearchAction\",\"target\":{\"@type\":\"EntryPoint\",\"urlTemplate\":\"https:\/\/wifi.se\/fr\/?s={search_term_string}\"},\"query-input\":{\"@type\":\"PropertyValueSpecification\",\"valueRequired\":true,\"valueName\":\"search_term_string\"}}],\"inLanguage\":\"fr-FR\"}]}<\/script>\n<!-- \/ Yoast SEO plugin. -->","yoast_head_json":{"title":"SELF-ADHESIVE ANTENNA \/ PATCH ANTENNA FAKRA","description":"A self-adhesive, award-winning antenna with a Fakra connection. This antenna won \"Best in Test\" when \"PC f\u00f6r alla\" tested 4G antennas.","robots":{"index":"index","follow":"follow","max-snippet":"max-snippet:-1","max-image-preview":"max-image-preview:large","max-video-preview":"max-video-preview:-1"},"canonical":"https:\/\/wifi.se\/fr\/product\/self-adhesive-antenna-patch-antenna-fakra\/","og_locale":"fr_FR","og_type":"article","og_title":"SELF-ADHESIVE ANTENNA \/ PATCH ANTENNA FAKRA","og_description":"A self-adhesive, award-winning antenna with a Fakra connection. This antenna won \"Best in Test\" when \"PC f\u00f6r alla\" tested 4G antennas.","og_url":"https:\/\/wifi.se\/fr\/product\/self-adhesive-antenna-patch-antenna-fakra\/","og_site_name":"WIFI.SE\/FR","article_modified_time":"2025-04-09T06:05:06+00:00","og_image":[{"width":800,"height":800,"url":"https:\/\/wifi.se\/fr\/wp-content\/uploads\/sites\/8\/2021\/04\/patch_fakra2.jpg","type":"image\/jpeg"}],"twitter_card":"summary_large_image","twitter_misc":{"Dur\u00e9e de lecture estim\u00e9e":"1 minute"},"schema":{"@context":"https:\/\/schema.org","@graph":[{"@type":"WebPage","@id":"https:\/\/wifi.se\/fr\/product\/self-adhesive-antenna-patch-antenna-fakra\/","url":"https:\/\/wifi.se\/fr\/product\/self-adhesive-antenna-patch-antenna-fakra\/","name":"SELF-ADHESIVE ANTENNA \/ PATCH ANTENNA FAKRA","isPartOf":{"@id":"https:\/\/wifi.se\/fr\/#website"},"primaryImageOfPage":{"@id":"https:\/\/wifi.se\/fr\/product\/self-adhesive-antenna-patch-antenna-fakra\/#primaryimage"},"image":{"@id":"https:\/\/wifi.se\/fr\/product\/self-adhesive-antenna-patch-antenna-fakra\/#primaryimage"},"thumbnailUrl":"https:\/\/wifi.se\/fr\/wp-content\/uploads\/sites\/8\/2021\/04\/patch_fakra2.jpg","datePublished":"2021-04-28T13:45:14+00:00","dateModified":"2025-04-09T06:05:06+00:00","description":"A self-adhesive, award-winning antenna with a Fakra connection. This antenna won \"Best in Test\" when \"PC f\u00f6r alla\" tested 4G antennas.","breadcrumb":{"@id":"https:\/\/wifi.se\/fr\/product\/self-adhesive-antenna-patch-antenna-fakra\/#breadcrumb"},"inLanguage":"fr-FR","potentialAction":[{"@type":"ReadAction","target":["https:\/\/wifi.se\/fr\/product\/self-adhesive-antenna-patch-antenna-fakra\/"]}]},{"@type":"ImageObject","inLanguage":"fr-FR","@id":"https:\/\/wifi.se\/fr\/product\/self-adhesive-antenna-patch-antenna-fakra\/#primaryimage","url":"https:\/\/wifi.se\/fr\/wp-content\/uploads\/sites\/8\/2021\/04\/patch_fakra2.jpg","contentUrl":"https:\/\/wifi.se\/fr\/wp-content\/uploads\/sites\/8\/2021\/04\/patch_fakra2.jpg","width":800,"height":800,"caption":"SJ\u00c4LVH\u00c4FTANDE ANTENN \/ PATCHANTENN FAKRA"},{"@type":"BreadcrumbList","@id":"https:\/\/wifi.se\/fr\/product\/self-adhesive-antenna-patch-antenna-fakra\/#breadcrumb","itemListElement":[{"@type":"ListItem","position":1,"name":"Hem","item":"https:\/\/wifi.se\/fr\/"},{"@type":"ListItem","position":2,"name":"BOUTIQUE","item":"https:\/\/wifi.se\/fr\/butik\/"},{"@type":"ListItem","position":3,"name":"Antenne autocollante \/ antenne patch fakra"}]},{"@type":"WebSite","@id":"https:\/\/wifi.se\/fr\/#website","url":"https:\/\/wifi.se\/fr\/","name":"WIFI.SE\/FR","description":"INTERNET PARTOUT","potentialAction":[{"@type":"SearchAction","target":{"@type":"EntryPoint","urlTemplate":"https:\/\/wifi.se\/fr\/?s={search_term_string}"},"query-input":{"@type":"PropertyValueSpecification","valueRequired":true,"valueName":"search_term_string"}}],"inLanguage":"fr-FR"}]}},"_links":{"self":[{"href":"https:\/\/wifi.se\/fr\/wp-json\/wp\/v2\/product\/8910","targetHints":{"allow":["GET"]}}],"collection":[{"href":"https:\/\/wifi.se\/fr\/wp-json\/wp\/v2\/product"}],"about":[{"href":"https:\/\/wifi.se\/fr\/wp-json\/wp\/v2\/types\/product"}],"wp:featuredmedia":[{"embeddable":true,"href":"https:\/\/wifi.se\/fr\/wp-json\/wp\/v2\/media\/30278"}],"wp:attachment":[{"href":"https:\/\/wifi.se\/fr\/wp-json\/wp\/v2\/media?parent=8910"}],"wp:term":[{"taxonomy":"product_brand","embeddable":true,"href":"https:\/\/wifi.se\/fr\/wp-json\/wp\/v2\/product_brand?post=8910"},{"taxonomy":"product_cat","embeddable":true,"href":"https:\/\/wifi.se\/fr\/wp-json\/wp\/v2\/product_cat?post=8910"},{"taxonomy":"product_tag","embeddable":true,"href":"https:\/\/wifi.se\/fr\/wp-json\/wp\/v2\/product_tag?post=8910"}],"curies":[{"name":"wp","href":"https:\/\/api.w.org\/{rel}","templated":true}]}}