{"id":32581,"date":"2026-01-20T11:01:47","date_gmt":"2026-01-20T09:01:47","guid":{"rendered":"https:\/\/wifi.se\/fr\/?post_type=product&#038;p=32581"},"modified":"2026-01-20T11:04:20","modified_gmt":"2026-01-20T09:04:20","slug":"sim-de-roaming-europe-avec-100-go-de-donnees-5g-a-pleine-vitesse-sans-limites-quotidiennes-activez-quand-vous-le-souhaitez","status":"publish","type":"product","link":"https:\/\/wifi.se\/fr\/product\/sim-de-roaming-europe-avec-100-go-de-donnees-5g-a-pleine-vitesse-sans-limites-quotidiennes-activez-quand-vous-le-souhaitez\/","title":{"rendered":"SIM de roaming Europe avec 100 Go de donn\u00e9es. 5G \u00e0 pleine vitesse, sans limites quotidiennes, activez quand vous le souhaitez."},"content":{"rendered":"<p data-start=\"0\" data-end=\"177\">Lorsque vous commandez notre <strong data-start=\"29\" data-end=\"56\">SIM de roaming physique<\/strong>, vous recevez <strong data-start=\"71\" data-end=\"90\">deux cartes SIM<\/strong> envoy\u00e9es \u00e0 votre adresse, afin d\u2019avoir toujours une carte de secours en cas de besoin.<\/p>\n<p data-start=\"179\" data-end=\"365\">Aucun forfait de donn\u00e9es n\u2019est inclus lors de la commande. Cela vous permet de ne pas vous engager \u00e0 l\u2019avance et d\u2019activer la connexion uniquement lorsque vous en avez r\u00e9ellement besoin.<\/p>\n<p data-start=\"367\" data-end=\"566\">Vous choisissez le forfait de donn\u00e9es et la dur\u00e9e de validit\u00e9, entre <strong data-start=\"436\" data-end=\"451\">1 et 6 mois<\/strong>, via <strong data-start=\"457\" data-end=\"469\">My Pages<\/strong>, votre espace client personnel. Vous y g\u00e9rez l\u2019activation et le choix du forfait \u00e0 votre rythme.<\/p>\n<p data-start=\"568\" data-end=\"738\">Une fois le forfait s\u00e9lectionn\u00e9 et pay\u00e9, la carte SIM est <strong data-start=\"626\" data-end=\"650\">activ\u00e9e le jour m\u00eame<\/strong> et pr\u00eate \u00e0 \u00eatre utilis\u00e9e imm\u00e9diatement dans l\u2019UE ainsi qu\u2019au Royaume-Uni et en Norv\u00e8ge.<\/p>\n<p data-start=\"740\" data-end=\"765\"><strong data-start=\"740\" data-end=\"765\">Comment \u00e7a fonctionne<\/strong><\/p>\n<ul>\n<li data-start=\"767\" data-end=\"796\">Commander la SIM de roaming<\/li>\n<li data-start=\"767\" data-end=\"796\">Se connecter \u00e0 My Pages<\/li>\n<li data-start=\"767\" data-end=\"796\">Choisir le forfait de donn\u00e9es et payer<\/li>\n<li data-start=\"767\" data-end=\"796\">La carte est activ\u00e9e le jour m\u00eame et pr\u00eate \u00e0 l\u2019utilisation.<\/li>\n<\/ul>\n","protected":false},"excerpt":{"rendered":"<p data-start=\"64\" data-end=\"183\">SIM de roaming pour ceux qui souhaitent une connexion rapide et stable dans l\u2019UE ainsi qu\u2019au Royaume-Uni et en Norv\u00e8ge.<\/p>\n<p data-start=\"185\" data-end=\"332\">Offre la 5G \u00e0 pleine vitesse sans limites quotidiennes et convient aux voyages, au streaming, au travail \u00e0 distance et aux s\u00e9jours de longue dur\u00e9e.<\/p>\n<p data-start=\"334\" data-end=\"590\" data-is-last-node=\"\" data-is-only-node=\"\">En payant <strong data-start=\"344\" data-end=\"352\">10 \u20ac<\/strong>, vous recevez deux cartes SIM de roaming et \u00eates enregistr\u00e9 comme client chez nous, avec acc\u00e8s \u00e0 <strong data-start=\"450\" data-end=\"462\">My Pages<\/strong>, votre espace personnel.<br data-start=\"487\" data-end=\"490\" \/>Le forfait de donn\u00e9es et la dur\u00e9e de validit\u00e9 sont choisis et pay\u00e9s uniquement lors de l\u2019activation.<\/p>\n","protected":false},"featured_media":32582,"template":"","meta":{"_acf_changed":false},"product_brand":[],"product_cat":[463,472],"product_tag":[290,484],"class_list":{"0":"post-32581","1":"product","2":"type-product","3":"status-publish","4":"has-post-thumbnail","6":"product_cat-sim-kort","7":"product_cat-sim-roaming-europa","8":"product_tag-100-gb","9":"product_tag-sim-de-roaming","10":"product_shipping_class-sim-kort","12":"first","13":"instock","14":"taxable","15":"shipping-taxable","16":"purchasable","17":"product-type-simple"},"bundled_by":[],"bundle_stock_status":"instock","bundle_stock_quantity":null,"bundle_virtual":false,"bundle_layout":"","bundle_add_to_cart_form_location":"","bundle_editable_in_cart":false,"bundle_sold_individually_context":"","bundle_item_grouping":"","bundle_min_size":"","bundle_max_size":"","bundle_price":[],"bundled_items":[],"bundle_sell_ids":[],"acf":{"accounting_number":"","accounting_number_kopiera2":"","accounting_number_kopiera3":"","accounting_number_kopiera4":"","accounting_number_kopiera5":"","accounting_number_kopiera6":""},"yoast_head":"<!-- This site is optimized with the Yoast SEO plugin v27.1.1 - https:\/\/yoast.com\/product\/yoast-seo-wordpress\/ -->\n<title>SIM de roaming Europe avec 100 Go de donn\u00e9es. 5G \u00e0 pleine vitesse, sans limites quotidiennes, activez quand vous le souhaitez. - WIFI.SE\/FR<\/title>\n<meta name=\"description\" content=\"Carte SIM Roaming non activ\u00e9e \u2013 Activez-la uniquement lorsque vous en avez besoin.Parfaite \u00e0 emporter en voyage. Vous n\u2019aurez plus jamais \u00e0 vous inqui\u00e9ter de manquer de donn\u00e9es en Europe.\" \/>\n<meta name=\"robots\" content=\"index, follow, max-snippet:-1, max-image-preview:large, max-video-preview:-1\" \/>\n<link rel=\"canonical\" href=\"https:\/\/wifi.se\/fr\/product\/sim-de-roaming-europe-avec-100-go-de-donnees-5g-a-pleine-vitesse-sans-limites-quotidiennes-activez-quand-vous-le-souhaitez\/\" \/>\n<meta property=\"og:locale\" content=\"fr_FR\" \/>\n<meta property=\"og:type\" content=\"article\" \/>\n<meta property=\"og:title\" content=\"SIM de roaming Europe avec 100 Go de donn\u00e9es. 5G \u00e0 pleine vitesse, sans limites quotidiennes, activez quand vous le souhaitez. - WIFI.SE\/FR\" \/>\n<meta property=\"og:description\" content=\"Carte SIM Roaming non activ\u00e9e \u2013 Activez-la uniquement lorsque vous en avez besoin.Parfaite \u00e0 emporter en voyage. Vous n\u2019aurez plus jamais \u00e0 vous inqui\u00e9ter de manquer de donn\u00e9es en Europe.\" \/>\n<meta property=\"og:url\" content=\"https:\/\/wifi.se\/fr\/product\/sim-de-roaming-europe-avec-100-go-de-donnees-5g-a-pleine-vitesse-sans-limites-quotidiennes-activez-quand-vous-le-souhaitez\/\" \/>\n<meta property=\"og:site_name\" content=\"WIFI.SE\/FR\" \/>\n<meta property=\"article:modified_time\" content=\"2026-01-20T09:04:20+00:00\" \/>\n<meta property=\"og:image\" content=\"https:\/\/wifi.se\/fr\/wp-content\/uploads\/sites\/8\/2026\/01\/100GB_FR.png\" \/>\n\t<meta property=\"og:image:width\" content=\"800\" \/>\n\t<meta property=\"og:image:height\" content=\"709\" \/>\n\t<meta property=\"og:image:type\" content=\"image\/png\" \/>\n<meta name=\"twitter:card\" content=\"summary_large_image\" \/>\n<meta name=\"twitter:label1\" content=\"Dur\u00e9e de lecture estim\u00e9e\" \/>\n\t<meta name=\"twitter:data1\" content=\"1 minute\" \/>\n<script type=\"application\/ld+json\" class=\"yoast-schema-graph\">{\"@context\":\"https:\/\/schema.org\",\"@graph\":[{\"@type\":\"WebPage\",\"@id\":\"https:\/\/wifi.se\/fr\/product\/sim-de-roaming-europe-avec-100-go-de-donnees-5g-a-pleine-vitesse-sans-limites-quotidiennes-activez-quand-vous-le-souhaitez\/\",\"url\":\"https:\/\/wifi.se\/fr\/product\/sim-de-roaming-europe-avec-100-go-de-donnees-5g-a-pleine-vitesse-sans-limites-quotidiennes-activez-quand-vous-le-souhaitez\/\",\"name\":\"SIM de roaming Europe avec 100 Go de donn\u00e9es. 5G \u00e0 pleine vitesse, sans limites quotidiennes, activez quand vous le souhaitez. - WIFI.SE\/FR\",\"isPartOf\":{\"@id\":\"https:\/\/wifi.se\/fr\/#website\"},\"primaryImageOfPage\":{\"@id\":\"https:\/\/wifi.se\/fr\/product\/sim-de-roaming-europe-avec-100-go-de-donnees-5g-a-pleine-vitesse-sans-limites-quotidiennes-activez-quand-vous-le-souhaitez\/#primaryimage\"},\"image\":{\"@id\":\"https:\/\/wifi.se\/fr\/product\/sim-de-roaming-europe-avec-100-go-de-donnees-5g-a-pleine-vitesse-sans-limites-quotidiennes-activez-quand-vous-le-souhaitez\/#primaryimage\"},\"thumbnailUrl\":\"https:\/\/wifi.se\/fr\/wp-content\/uploads\/sites\/8\/2026\/01\/100GB_FR.png\",\"datePublished\":\"2026-01-20T09:01:47+00:00\",\"dateModified\":\"2026-01-20T09:04:20+00:00\",\"description\":\"Carte SIM Roaming non activ\u00e9e \u2013 Activez-la uniquement lorsque vous en avez besoin.Parfaite \u00e0 emporter en voyage. Vous n\u2019aurez plus jamais \u00e0 vous inqui\u00e9ter de manquer de donn\u00e9es en Europe.\",\"breadcrumb\":{\"@id\":\"https:\/\/wifi.se\/fr\/product\/sim-de-roaming-europe-avec-100-go-de-donnees-5g-a-pleine-vitesse-sans-limites-quotidiennes-activez-quand-vous-le-souhaitez\/#breadcrumb\"},\"inLanguage\":\"fr-FR\",\"potentialAction\":[{\"@type\":\"ReadAction\",\"target\":[\"https:\/\/wifi.se\/fr\/product\/sim-de-roaming-europe-avec-100-go-de-donnees-5g-a-pleine-vitesse-sans-limites-quotidiennes-activez-quand-vous-le-souhaitez\/\"]}]},{\"@type\":\"ImageObject\",\"inLanguage\":\"fr-FR\",\"@id\":\"https:\/\/wifi.se\/fr\/product\/sim-de-roaming-europe-avec-100-go-de-donnees-5g-a-pleine-vitesse-sans-limites-quotidiennes-activez-quand-vous-le-souhaitez\/#primaryimage\",\"url\":\"https:\/\/wifi.se\/fr\/wp-content\/uploads\/sites\/8\/2026\/01\/100GB_FR.png\",\"contentUrl\":\"https:\/\/wifi.se\/fr\/wp-content\/uploads\/sites\/8\/2026\/01\/100GB_FR.png\",\"width\":800,\"height\":709,\"caption\":\"100 GB\"},{\"@type\":\"BreadcrumbList\",\"@id\":\"https:\/\/wifi.se\/fr\/product\/sim-de-roaming-europe-avec-100-go-de-donnees-5g-a-pleine-vitesse-sans-limites-quotidiennes-activez-quand-vous-le-souhaitez\/#breadcrumb\",\"itemListElement\":[{\"@type\":\"ListItem\",\"position\":1,\"name\":\"Hem\",\"item\":\"https:\/\/wifi.se\/fr\/\"},{\"@type\":\"ListItem\",\"position\":2,\"name\":\"BOUTIQUE\",\"item\":\"https:\/\/wifi.se\/fr\/butik\/\"},{\"@type\":\"ListItem\",\"position\":3,\"name\":\"SIM de roaming Europe avec 100 Go de donn\u00e9es. 5G \u00e0 pleine vitesse, sans limites quotidiennes, activez quand vous le souhaitez.\"}]},{\"@type\":\"WebSite\",\"@id\":\"https:\/\/wifi.se\/fr\/#website\",\"url\":\"https:\/\/wifi.se\/fr\/\",\"name\":\"WIFI.SE\/FR\",\"description\":\"INTERNET PARTOUT\",\"potentialAction\":[{\"@type\":\"SearchAction\",\"target\":{\"@type\":\"EntryPoint\",\"urlTemplate\":\"https:\/\/wifi.se\/fr\/?s={search_term_string}\"},\"query-input\":{\"@type\":\"PropertyValueSpecification\",\"valueRequired\":true,\"valueName\":\"search_term_string\"}}],\"inLanguage\":\"fr-FR\"}]}<\/script>\n<!-- \/ Yoast SEO plugin. -->","yoast_head_json":{"title":"SIM de roaming Europe avec 100 Go de donn\u00e9es. 5G \u00e0 pleine vitesse, sans limites quotidiennes, activez quand vous le souhaitez. - WIFI.SE\/FR","description":"Carte SIM Roaming non activ\u00e9e \u2013 Activez-la uniquement lorsque vous en avez besoin.Parfaite \u00e0 emporter en voyage. Vous n\u2019aurez plus jamais \u00e0 vous inqui\u00e9ter de manquer de donn\u00e9es en Europe.","robots":{"index":"index","follow":"follow","max-snippet":"max-snippet:-1","max-image-preview":"max-image-preview:large","max-video-preview":"max-video-preview:-1"},"canonical":"https:\/\/wifi.se\/fr\/product\/sim-de-roaming-europe-avec-100-go-de-donnees-5g-a-pleine-vitesse-sans-limites-quotidiennes-activez-quand-vous-le-souhaitez\/","og_locale":"fr_FR","og_type":"article","og_title":"SIM de roaming Europe avec 100 Go de donn\u00e9es. 5G \u00e0 pleine vitesse, sans limites quotidiennes, activez quand vous le souhaitez. - WIFI.SE\/FR","og_description":"Carte SIM Roaming non activ\u00e9e \u2013 Activez-la uniquement lorsque vous en avez besoin.Parfaite \u00e0 emporter en voyage. Vous n\u2019aurez plus jamais \u00e0 vous inqui\u00e9ter de manquer de donn\u00e9es en Europe.","og_url":"https:\/\/wifi.se\/fr\/product\/sim-de-roaming-europe-avec-100-go-de-donnees-5g-a-pleine-vitesse-sans-limites-quotidiennes-activez-quand-vous-le-souhaitez\/","og_site_name":"WIFI.SE\/FR","article_modified_time":"2026-01-20T09:04:20+00:00","og_image":[{"width":800,"height":709,"url":"https:\/\/wifi.se\/fr\/wp-content\/uploads\/sites\/8\/2026\/01\/100GB_FR.png","type":"image\/png"}],"twitter_card":"summary_large_image","twitter_misc":{"Dur\u00e9e de lecture estim\u00e9e":"1 minute"},"schema":{"@context":"https:\/\/schema.org","@graph":[{"@type":"WebPage","@id":"https:\/\/wifi.se\/fr\/product\/sim-de-roaming-europe-avec-100-go-de-donnees-5g-a-pleine-vitesse-sans-limites-quotidiennes-activez-quand-vous-le-souhaitez\/","url":"https:\/\/wifi.se\/fr\/product\/sim-de-roaming-europe-avec-100-go-de-donnees-5g-a-pleine-vitesse-sans-limites-quotidiennes-activez-quand-vous-le-souhaitez\/","name":"SIM de roaming Europe avec 100 Go de donn\u00e9es. 5G \u00e0 pleine vitesse, sans limites quotidiennes, activez quand vous le souhaitez. - WIFI.SE\/FR","isPartOf":{"@id":"https:\/\/wifi.se\/fr\/#website"},"primaryImageOfPage":{"@id":"https:\/\/wifi.se\/fr\/product\/sim-de-roaming-europe-avec-100-go-de-donnees-5g-a-pleine-vitesse-sans-limites-quotidiennes-activez-quand-vous-le-souhaitez\/#primaryimage"},"image":{"@id":"https:\/\/wifi.se\/fr\/product\/sim-de-roaming-europe-avec-100-go-de-donnees-5g-a-pleine-vitesse-sans-limites-quotidiennes-activez-quand-vous-le-souhaitez\/#primaryimage"},"thumbnailUrl":"https:\/\/wifi.se\/fr\/wp-content\/uploads\/sites\/8\/2026\/01\/100GB_FR.png","datePublished":"2026-01-20T09:01:47+00:00","dateModified":"2026-01-20T09:04:20+00:00","description":"Carte SIM Roaming non activ\u00e9e \u2013 Activez-la uniquement lorsque vous en avez besoin.Parfaite \u00e0 emporter en voyage. Vous n\u2019aurez plus jamais \u00e0 vous inqui\u00e9ter de manquer de donn\u00e9es en Europe.","breadcrumb":{"@id":"https:\/\/wifi.se\/fr\/product\/sim-de-roaming-europe-avec-100-go-de-donnees-5g-a-pleine-vitesse-sans-limites-quotidiennes-activez-quand-vous-le-souhaitez\/#breadcrumb"},"inLanguage":"fr-FR","potentialAction":[{"@type":"ReadAction","target":["https:\/\/wifi.se\/fr\/product\/sim-de-roaming-europe-avec-100-go-de-donnees-5g-a-pleine-vitesse-sans-limites-quotidiennes-activez-quand-vous-le-souhaitez\/"]}]},{"@type":"ImageObject","inLanguage":"fr-FR","@id":"https:\/\/wifi.se\/fr\/product\/sim-de-roaming-europe-avec-100-go-de-donnees-5g-a-pleine-vitesse-sans-limites-quotidiennes-activez-quand-vous-le-souhaitez\/#primaryimage","url":"https:\/\/wifi.se\/fr\/wp-content\/uploads\/sites\/8\/2026\/01\/100GB_FR.png","contentUrl":"https:\/\/wifi.se\/fr\/wp-content\/uploads\/sites\/8\/2026\/01\/100GB_FR.png","width":800,"height":709,"caption":"100 GB"},{"@type":"BreadcrumbList","@id":"https:\/\/wifi.se\/fr\/product\/sim-de-roaming-europe-avec-100-go-de-donnees-5g-a-pleine-vitesse-sans-limites-quotidiennes-activez-quand-vous-le-souhaitez\/#breadcrumb","itemListElement":[{"@type":"ListItem","position":1,"name":"Hem","item":"https:\/\/wifi.se\/fr\/"},{"@type":"ListItem","position":2,"name":"BOUTIQUE","item":"https:\/\/wifi.se\/fr\/butik\/"},{"@type":"ListItem","position":3,"name":"SIM de roaming Europe avec 100 Go de donn\u00e9es. 5G \u00e0 pleine vitesse, sans limites quotidiennes, activez quand vous le souhaitez."}]},{"@type":"WebSite","@id":"https:\/\/wifi.se\/fr\/#website","url":"https:\/\/wifi.se\/fr\/","name":"WIFI.SE\/FR","description":"INTERNET PARTOUT","potentialAction":[{"@type":"SearchAction","target":{"@type":"EntryPoint","urlTemplate":"https:\/\/wifi.se\/fr\/?s={search_term_string}"},"query-input":{"@type":"PropertyValueSpecification","valueRequired":true,"valueName":"search_term_string"}}],"inLanguage":"fr-FR"}]}},"_links":{"self":[{"href":"https:\/\/wifi.se\/fr\/wp-json\/wp\/v2\/product\/32581","targetHints":{"allow":["GET"]}}],"collection":[{"href":"https:\/\/wifi.se\/fr\/wp-json\/wp\/v2\/product"}],"about":[{"href":"https:\/\/wifi.se\/fr\/wp-json\/wp\/v2\/types\/product"}],"wp:featuredmedia":[{"embeddable":true,"href":"https:\/\/wifi.se\/fr\/wp-json\/wp\/v2\/media\/32582"}],"wp:attachment":[{"href":"https:\/\/wifi.se\/fr\/wp-json\/wp\/v2\/media?parent=32581"}],"wp:term":[{"taxonomy":"product_brand","embeddable":true,"href":"https:\/\/wifi.se\/fr\/wp-json\/wp\/v2\/product_brand?post=32581"},{"taxonomy":"product_cat","embeddable":true,"href":"https:\/\/wifi.se\/fr\/wp-json\/wp\/v2\/product_cat?post=32581"},{"taxonomy":"product_tag","embeddable":true,"href":"https:\/\/wifi.se\/fr\/wp-json\/wp\/v2\/product_tag?post=32581"}],"curies":[{"name":"wp","href":"https:\/\/api.w.org\/{rel}","templated":true}]}}