{"id":32563,"date":"2026-01-15T15:52:39","date_gmt":"2026-01-15T13:52:39","guid":{"rendered":"https:\/\/wifi.se\/fr\/?post_type=product&#038;p=32563"},"modified":"2026-02-12T12:50:43","modified_gmt":"2026-02-12T10:50:43","slug":"sim-special-espagne-choisissez-entre-1-et-6-mois-sim-totale-400-go-dont-100-go-pour-leurope-et-300-go-en-espagne","status":"publish","type":"product","link":"https:\/\/wifi.se\/fr\/product\/sim-special-espagne-choisissez-entre-1-et-6-mois-sim-totale-400-go-dont-100-go-pour-leurope-et-300-go-en-espagne\/","title":{"rendered":"Sim sp\u00e9cial espagne choisissez entre 1 et 6 mois \u2013 sim totale 400 go, dont 100 go pour l\u2019europe et 300 go en espagne"},"content":{"rendered":"<p data-start=\"25\" data-end=\"322\">Wifi.se propose une carte sim unique con\u00e7ue pour les clients qui passent une longue p\u00e9riode en espagne tout en voyageant \u00e0 travers l\u2019europe. la carte sim comprend 100 go utilisables dans toute l\u2019europe ainsi que 300 go exclusivement pour l\u2019espagne, ce qui vous donne un total de 400 go de donn\u00e9es.<\/p>\n<p data-start=\"324\" data-end=\"581\">vous pouvez utiliser la carte sim pendant votre voyage en europe et disposer encore de nombreuses donn\u00e9es \u00e0 votre arriv\u00e9e en espagne. si vous n\u2019utilisez pas de donn\u00e9es pendant le trajet, les 300 go complets resteront r\u00e9serv\u00e9s pour l\u2019espagne \u00e0 votre arriv\u00e9e.<\/p>\n<p data-start=\"583\" data-end=\"777\">la carte sim fonctionne sur une base pr\u00e9pay\u00e9e. vous pouvez choisir une p\u00e9riode d\u2019activation de 1 \u00e0 6 mois. la carte sim n\u2019est pas activ\u00e9e lors de l\u2019exp\u00e9dition \u2014 vous d\u00e9cidez quand elle commence.<\/p>\n<p data-start=\"779\" data-end=\"1002\">apr\u00e8s la commande, vous aurez acc\u00e8s \u00e0 \u00ab mes pages \u00bb, o\u00f9 vous s\u00e9lectionnez votre forfait de donn\u00e9es et la p\u00e9riode d\u2019activation. une fois le forfait pay\u00e9, votre carte sim sera activ\u00e9e et valable 30 jours par mois s\u00e9lectionn\u00e9.<\/p>\n<p data-start=\"1004\" data-end=\"1052\" data-is-last-node=\"\" data-is-only-node=\"\">les prix commencent \u00e0 partir de 79 eur par mois.<\/p>\n","protected":false},"excerpt":{"rendered":"<p data-start=\"0\" data-end=\"185\">100 go par mois en europe + 300 go par mois en espagne \u2013 total 400 go<\/p>\n","protected":false},"featured_media":32565,"template":"","meta":{"_acf_changed":false},"product_brand":[],"product_cat":[463,472],"product_tag":[485,483],"class_list":{"0":"post-32563","1":"product","2":"type-product","3":"status-publish","4":"has-post-thumbnail","6":"product_cat-sim-kort","7":"product_cat-sim-roaming-europa","8":"product_tag-400gbspain","9":"product_tag-special-espagne","10":"product_shipping_class-sim-kort","12":"first","13":"instock","14":"taxable","15":"shipping-taxable","16":"purchasable","17":"product-type-simple"},"bundled_by":[],"bundle_stock_status":"instock","bundle_stock_quantity":null,"bundle_virtual":false,"bundle_layout":"","bundle_add_to_cart_form_location":"","bundle_editable_in_cart":false,"bundle_sold_individually_context":"","bundle_item_grouping":"","bundle_min_size":"","bundle_max_size":"","bundle_price":[],"bundled_items":[],"bundle_sell_ids":[],"acf":{"accounting_number":"","accounting_number_kopiera2":"","accounting_number_kopiera3":"","accounting_number_kopiera4":"","accounting_number_kopiera5":"","accounting_number_kopiera6":""},"yoast_head":"<!-- This site is optimized with the Yoast SEO plugin v27.1.1 - https:\/\/yoast.com\/product\/yoast-seo-wordpress\/ -->\n<title>Sim sp\u00e9cial espagne choisissez entre 1 et 6 mois \u2013 sim totale 400 go, dont 100 go pour l\u2019europe et 300 go en espagne - WIFI.SE\/FR<\/title>\n<meta name=\"description\" content=\"Carte SIM Roaming non activ\u00e9e \u2013 Activez-la uniquement lorsque vous en avez besoin.Parfaite \u00e0 emporter en voyage. Vous n\u2019aurez plus jamais \u00e0 vous inqui\u00e9ter de manquer de donn\u00e9es en Europe.\" \/>\n<meta name=\"robots\" content=\"index, follow, max-snippet:-1, max-image-preview:large, max-video-preview:-1\" \/>\n<link rel=\"canonical\" href=\"https:\/\/wifi.se\/fr\/product\/sim-special-espagne-choisissez-entre-1-et-6-mois-sim-totale-400-go-dont-100-go-pour-leurope-et-300-go-en-espagne\/\" \/>\n<meta property=\"og:locale\" content=\"fr_FR\" \/>\n<meta property=\"og:type\" content=\"article\" \/>\n<meta property=\"og:title\" content=\"Sim sp\u00e9cial espagne choisissez entre 1 et 6 mois \u2013 sim totale 400 go, dont 100 go pour l\u2019europe et 300 go en espagne - WIFI.SE\/FR\" \/>\n<meta property=\"og:description\" content=\"Carte SIM Roaming non activ\u00e9e \u2013 Activez-la uniquement lorsque vous en avez besoin.Parfaite \u00e0 emporter en voyage. Vous n\u2019aurez plus jamais \u00e0 vous inqui\u00e9ter de manquer de donn\u00e9es en Europe.\" \/>\n<meta property=\"og:url\" content=\"https:\/\/wifi.se\/fr\/product\/sim-special-espagne-choisissez-entre-1-et-6-mois-sim-totale-400-go-dont-100-go-pour-leurope-et-300-go-en-espagne\/\" \/>\n<meta property=\"og:site_name\" content=\"WIFI.SE\/FR\" \/>\n<meta property=\"article:modified_time\" content=\"2026-02-12T10:50:43+00:00\" \/>\n<meta property=\"og:image\" content=\"https:\/\/wifi.se\/fr\/wp-content\/uploads\/sites\/8\/2026\/01\/SPAIN_FR02-1.png\" \/>\n\t<meta property=\"og:image:width\" content=\"800\" \/>\n\t<meta property=\"og:image:height\" content=\"800\" \/>\n\t<meta property=\"og:image:type\" content=\"image\/png\" \/>\n<meta name=\"twitter:card\" content=\"summary_large_image\" \/>\n<meta name=\"twitter:label1\" content=\"Dur\u00e9e de lecture estim\u00e9e\" \/>\n\t<meta name=\"twitter:data1\" content=\"2 minutes\" \/>\n<script type=\"application\/ld+json\" class=\"yoast-schema-graph\">{\"@context\":\"https:\/\/schema.org\",\"@graph\":[{\"@type\":\"WebPage\",\"@id\":\"https:\/\/wifi.se\/fr\/product\/sim-special-espagne-choisissez-entre-1-et-6-mois-sim-totale-400-go-dont-100-go-pour-leurope-et-300-go-en-espagne\/\",\"url\":\"https:\/\/wifi.se\/fr\/product\/sim-special-espagne-choisissez-entre-1-et-6-mois-sim-totale-400-go-dont-100-go-pour-leurope-et-300-go-en-espagne\/\",\"name\":\"Sim sp\u00e9cial espagne choisissez entre 1 et 6 mois \u2013 sim totale 400 go, dont 100 go pour l\u2019europe et 300 go en espagne - WIFI.SE\/FR\",\"isPartOf\":{\"@id\":\"https:\/\/wifi.se\/fr\/#website\"},\"primaryImageOfPage\":{\"@id\":\"https:\/\/wifi.se\/fr\/product\/sim-special-espagne-choisissez-entre-1-et-6-mois-sim-totale-400-go-dont-100-go-pour-leurope-et-300-go-en-espagne\/#primaryimage\"},\"image\":{\"@id\":\"https:\/\/wifi.se\/fr\/product\/sim-special-espagne-choisissez-entre-1-et-6-mois-sim-totale-400-go-dont-100-go-pour-leurope-et-300-go-en-espagne\/#primaryimage\"},\"thumbnailUrl\":\"https:\/\/wifi.se\/fr\/wp-content\/uploads\/sites\/8\/2026\/01\/SPAIN_FR02-1.png\",\"datePublished\":\"2026-01-15T13:52:39+00:00\",\"dateModified\":\"2026-02-12T10:50:43+00:00\",\"description\":\"Carte SIM Roaming non activ\u00e9e \u2013 Activez-la uniquement lorsque vous en avez besoin.Parfaite \u00e0 emporter en voyage. Vous n\u2019aurez plus jamais \u00e0 vous inqui\u00e9ter de manquer de donn\u00e9es en Europe.\",\"breadcrumb\":{\"@id\":\"https:\/\/wifi.se\/fr\/product\/sim-special-espagne-choisissez-entre-1-et-6-mois-sim-totale-400-go-dont-100-go-pour-leurope-et-300-go-en-espagne\/#breadcrumb\"},\"inLanguage\":\"fr-FR\",\"potentialAction\":[{\"@type\":\"ReadAction\",\"target\":[\"https:\/\/wifi.se\/fr\/product\/sim-special-espagne-choisissez-entre-1-et-6-mois-sim-totale-400-go-dont-100-go-pour-leurope-et-300-go-en-espagne\/\"]}]},{\"@type\":\"ImageObject\",\"inLanguage\":\"fr-FR\",\"@id\":\"https:\/\/wifi.se\/fr\/product\/sim-special-espagne-choisissez-entre-1-et-6-mois-sim-totale-400-go-dont-100-go-pour-leurope-et-300-go-en-espagne\/#primaryimage\",\"url\":\"https:\/\/wifi.se\/fr\/wp-content\/uploads\/sites\/8\/2026\/01\/SPAIN_FR02-1.png\",\"contentUrl\":\"https:\/\/wifi.se\/fr\/wp-content\/uploads\/sites\/8\/2026\/01\/SPAIN_FR02-1.png\",\"width\":800,\"height\":800},{\"@type\":\"BreadcrumbList\",\"@id\":\"https:\/\/wifi.se\/fr\/product\/sim-special-espagne-choisissez-entre-1-et-6-mois-sim-totale-400-go-dont-100-go-pour-leurope-et-300-go-en-espagne\/#breadcrumb\",\"itemListElement\":[{\"@type\":\"ListItem\",\"position\":1,\"name\":\"Hem\",\"item\":\"https:\/\/wifi.se\/fr\/\"},{\"@type\":\"ListItem\",\"position\":2,\"name\":\"BOUTIQUE\",\"item\":\"https:\/\/wifi.se\/fr\/butik\/\"},{\"@type\":\"ListItem\",\"position\":3,\"name\":\"Sim sp\u00e9cial espagne choisissez entre 1 et 6 mois \u2013 sim totale 400 go, dont 100 go pour l\u2019europe et 300 go en espagne\"}]},{\"@type\":\"WebSite\",\"@id\":\"https:\/\/wifi.se\/fr\/#website\",\"url\":\"https:\/\/wifi.se\/fr\/\",\"name\":\"WIFI.SE\/FR\",\"description\":\"INTERNET PARTOUT\",\"potentialAction\":[{\"@type\":\"SearchAction\",\"target\":{\"@type\":\"EntryPoint\",\"urlTemplate\":\"https:\/\/wifi.se\/fr\/?s={search_term_string}\"},\"query-input\":{\"@type\":\"PropertyValueSpecification\",\"valueRequired\":true,\"valueName\":\"search_term_string\"}}],\"inLanguage\":\"fr-FR\"}]}<\/script>\n<!-- \/ Yoast SEO plugin. -->","yoast_head_json":{"title":"Sim sp\u00e9cial espagne choisissez entre 1 et 6 mois \u2013 sim totale 400 go, dont 100 go pour l\u2019europe et 300 go en espagne - WIFI.SE\/FR","description":"Carte SIM Roaming non activ\u00e9e \u2013 Activez-la uniquement lorsque vous en avez besoin.Parfaite \u00e0 emporter en voyage. Vous n\u2019aurez plus jamais \u00e0 vous inqui\u00e9ter de manquer de donn\u00e9es en Europe.","robots":{"index":"index","follow":"follow","max-snippet":"max-snippet:-1","max-image-preview":"max-image-preview:large","max-video-preview":"max-video-preview:-1"},"canonical":"https:\/\/wifi.se\/fr\/product\/sim-special-espagne-choisissez-entre-1-et-6-mois-sim-totale-400-go-dont-100-go-pour-leurope-et-300-go-en-espagne\/","og_locale":"fr_FR","og_type":"article","og_title":"Sim sp\u00e9cial espagne choisissez entre 1 et 6 mois \u2013 sim totale 400 go, dont 100 go pour l\u2019europe et 300 go en espagne - WIFI.SE\/FR","og_description":"Carte SIM Roaming non activ\u00e9e \u2013 Activez-la uniquement lorsque vous en avez besoin.Parfaite \u00e0 emporter en voyage. Vous n\u2019aurez plus jamais \u00e0 vous inqui\u00e9ter de manquer de donn\u00e9es en Europe.","og_url":"https:\/\/wifi.se\/fr\/product\/sim-special-espagne-choisissez-entre-1-et-6-mois-sim-totale-400-go-dont-100-go-pour-leurope-et-300-go-en-espagne\/","og_site_name":"WIFI.SE\/FR","article_modified_time":"2026-02-12T10:50:43+00:00","og_image":[{"width":800,"height":800,"url":"https:\/\/wifi.se\/fr\/wp-content\/uploads\/sites\/8\/2026\/01\/SPAIN_FR02-1.png","type":"image\/png"}],"twitter_card":"summary_large_image","twitter_misc":{"Dur\u00e9e de lecture estim\u00e9e":"2 minutes"},"schema":{"@context":"https:\/\/schema.org","@graph":[{"@type":"WebPage","@id":"https:\/\/wifi.se\/fr\/product\/sim-special-espagne-choisissez-entre-1-et-6-mois-sim-totale-400-go-dont-100-go-pour-leurope-et-300-go-en-espagne\/","url":"https:\/\/wifi.se\/fr\/product\/sim-special-espagne-choisissez-entre-1-et-6-mois-sim-totale-400-go-dont-100-go-pour-leurope-et-300-go-en-espagne\/","name":"Sim sp\u00e9cial espagne choisissez entre 1 et 6 mois \u2013 sim totale 400 go, dont 100 go pour l\u2019europe et 300 go en espagne - WIFI.SE\/FR","isPartOf":{"@id":"https:\/\/wifi.se\/fr\/#website"},"primaryImageOfPage":{"@id":"https:\/\/wifi.se\/fr\/product\/sim-special-espagne-choisissez-entre-1-et-6-mois-sim-totale-400-go-dont-100-go-pour-leurope-et-300-go-en-espagne\/#primaryimage"},"image":{"@id":"https:\/\/wifi.se\/fr\/product\/sim-special-espagne-choisissez-entre-1-et-6-mois-sim-totale-400-go-dont-100-go-pour-leurope-et-300-go-en-espagne\/#primaryimage"},"thumbnailUrl":"https:\/\/wifi.se\/fr\/wp-content\/uploads\/sites\/8\/2026\/01\/SPAIN_FR02-1.png","datePublished":"2026-01-15T13:52:39+00:00","dateModified":"2026-02-12T10:50:43+00:00","description":"Carte SIM Roaming non activ\u00e9e \u2013 Activez-la uniquement lorsque vous en avez besoin.Parfaite \u00e0 emporter en voyage. Vous n\u2019aurez plus jamais \u00e0 vous inqui\u00e9ter de manquer de donn\u00e9es en Europe.","breadcrumb":{"@id":"https:\/\/wifi.se\/fr\/product\/sim-special-espagne-choisissez-entre-1-et-6-mois-sim-totale-400-go-dont-100-go-pour-leurope-et-300-go-en-espagne\/#breadcrumb"},"inLanguage":"fr-FR","potentialAction":[{"@type":"ReadAction","target":["https:\/\/wifi.se\/fr\/product\/sim-special-espagne-choisissez-entre-1-et-6-mois-sim-totale-400-go-dont-100-go-pour-leurope-et-300-go-en-espagne\/"]}]},{"@type":"ImageObject","inLanguage":"fr-FR","@id":"https:\/\/wifi.se\/fr\/product\/sim-special-espagne-choisissez-entre-1-et-6-mois-sim-totale-400-go-dont-100-go-pour-leurope-et-300-go-en-espagne\/#primaryimage","url":"https:\/\/wifi.se\/fr\/wp-content\/uploads\/sites\/8\/2026\/01\/SPAIN_FR02-1.png","contentUrl":"https:\/\/wifi.se\/fr\/wp-content\/uploads\/sites\/8\/2026\/01\/SPAIN_FR02-1.png","width":800,"height":800},{"@type":"BreadcrumbList","@id":"https:\/\/wifi.se\/fr\/product\/sim-special-espagne-choisissez-entre-1-et-6-mois-sim-totale-400-go-dont-100-go-pour-leurope-et-300-go-en-espagne\/#breadcrumb","itemListElement":[{"@type":"ListItem","position":1,"name":"Hem","item":"https:\/\/wifi.se\/fr\/"},{"@type":"ListItem","position":2,"name":"BOUTIQUE","item":"https:\/\/wifi.se\/fr\/butik\/"},{"@type":"ListItem","position":3,"name":"Sim sp\u00e9cial espagne choisissez entre 1 et 6 mois \u2013 sim totale 400 go, dont 100 go pour l\u2019europe et 300 go en espagne"}]},{"@type":"WebSite","@id":"https:\/\/wifi.se\/fr\/#website","url":"https:\/\/wifi.se\/fr\/","name":"WIFI.SE\/FR","description":"INTERNET PARTOUT","potentialAction":[{"@type":"SearchAction","target":{"@type":"EntryPoint","urlTemplate":"https:\/\/wifi.se\/fr\/?s={search_term_string}"},"query-input":{"@type":"PropertyValueSpecification","valueRequired":true,"valueName":"search_term_string"}}],"inLanguage":"fr-FR"}]}},"_links":{"self":[{"href":"https:\/\/wifi.se\/fr\/wp-json\/wp\/v2\/product\/32563","targetHints":{"allow":["GET"]}}],"collection":[{"href":"https:\/\/wifi.se\/fr\/wp-json\/wp\/v2\/product"}],"about":[{"href":"https:\/\/wifi.se\/fr\/wp-json\/wp\/v2\/types\/product"}],"wp:featuredmedia":[{"embeddable":true,"href":"https:\/\/wifi.se\/fr\/wp-json\/wp\/v2\/media\/32565"}],"wp:attachment":[{"href":"https:\/\/wifi.se\/fr\/wp-json\/wp\/v2\/media?parent=32563"}],"wp:term":[{"taxonomy":"product_brand","embeddable":true,"href":"https:\/\/wifi.se\/fr\/wp-json\/wp\/v2\/product_brand?post=32563"},{"taxonomy":"product_cat","embeddable":true,"href":"https:\/\/wifi.se\/fr\/wp-json\/wp\/v2\/product_cat?post=32563"},{"taxonomy":"product_tag","embeddable":true,"href":"https:\/\/wifi.se\/fr\/wp-json\/wp\/v2\/product_tag?post=32563"}],"curies":[{"name":"wp","href":"https:\/\/api.w.org\/{rel}","templated":true}]}}