{"id":31077,"date":"2024-02-13T12:49:15","date_gmt":"2024-02-13T10:49:15","guid":{"rendered":"https:\/\/wifi.se\/?post_type=product&#038;p=31077"},"modified":"2026-01-20T11:01:33","modified_gmt":"2026-01-20T09:01:33","slug":"esim-de-roaming-europe-avec-400-go-de-donnees-5g-a-pleine-vitesse-sans-limites-quotidiennes-activez-quand-vous-le-souhaitez","status":"publish","type":"product","link":"https:\/\/wifi.se\/fr\/product\/esim-de-roaming-europe-avec-400-go-de-donnees-5g-a-pleine-vitesse-sans-limites-quotidiennes-activez-quand-vous-le-souhaitez\/","title":{"rendered":"eSIM de roaming Europe avec 400 Go de donn\u00e9es. 5G \u00e0 pleine vitesse, sans limites quotidiennes, activez quand vous le souhaitez."},"content":{"rendered":"<p data-start=\"0\" data-end=\"254\">Wifi.se propose une eSIM Europe performante, con\u00e7ue pour les clients qui voyagent dans plusieurs pays et ont besoin d\u2019une grande quantit\u00e9 de donn\u00e9es. L\u2019eSIM inclut 400 Go de donn\u00e9es utilisables dans toute l\u2019Europe, y compris la Norv\u00e8ge et le Royaume-Uni.<\/p>\n<p data-start=\"256\" data-end=\"484\">Vous pouvez utiliser l\u2019eSIM partout en Europe avec une connexion rapide et stable, ce qui la rend id\u00e9ale pour les longs s\u00e9jours, le travail en d\u00e9placement, le streaming, la navigation et pour rester en contact o\u00f9 que vous soyez.<\/p>\n<p data-start=\"486\" data-end=\"668\">L\u2019eSIM fonctionne sur une base pr\u00e9pay\u00e9e. Vous pouvez choisir une p\u00e9riode d\u2019activation de 1 \u00e0 6 mois. L\u2019eSIM n\u2019est pas activ\u00e9e lors de la livraison \u2014 vous d\u00e9cidez quand elle commence.<\/p>\n<p data-start=\"670\" data-end=\"1011\">Apr\u00e8s la commande, vous aurez acc\u00e8s \u00e0 \u00ab Mes pages \u00bb, o\u00f9 vous s\u00e9lectionnez votre forfait de donn\u00e9es et la p\u00e9riode d\u2019activation. Une fois le forfait pay\u00e9, vous recevrez un code QR. Scannez ce code QR sur votre smartphone ou sur un routeur compatible eSIM pour installer et activer l\u2019eSIM. Chaque code QR ne peut \u00eatre utilis\u00e9 qu\u2019une seule fois.<\/p>\n<p data-start=\"1013\" data-end=\"1113\" data-is-last-node=\"\" data-is-only-node=\"\">L\u2019eSIM est valable 30 jours par mois s\u00e9lectionn\u00e9.<br data-start=\"1062\" data-end=\"1065\" \/>Les prix commencent \u00e0 partir de 89 EUR par mois.<\/p>\n","protected":false},"excerpt":{"rendered":"<p data-start=\"63\" data-end=\"197\">eSIM de roaming digital pour ceux qui souhaitent une connexion rapide et stable au sein de l\u2019UE ainsi qu\u2019au Royaume-Uni et en Norv\u00e8ge.<\/p>\n<p data-start=\"199\" data-end=\"346\">Offre la 5G \u00e0 pleine vitesse sans limites quotidiennes et convient aux voyages, au streaming, au travail \u00e0 distance et aux s\u00e9jours de longue dur\u00e9e.<\/p>\n<p data-start=\"348\" data-end=\"579\">En payant <strong data-start=\"358\" data-end=\"365\">5 \u20ac<\/strong>, vous \u00eates enregistr\u00e9 comme client chez nous et obtenez l\u2019acc\u00e8s \u00e0 <strong data-start=\"432\" data-end=\"444\">My Pages<\/strong>, votre espace client personnel.<br data-start=\"476\" data-end=\"479\" \/>Le forfait de donn\u00e9es et la dur\u00e9e de validit\u00e9 sont choisis et pay\u00e9s uniquement lors de l\u2019activation.<\/p>\n<p data-start=\"581\" data-end=\"673\" data-is-last-node=\"\" data-is-only-node=\"\">Sans engagement et sans renouvellement automatique.<br data-start=\"632\" data-end=\"635\" \/>N\u00e9cessite un appareil compatible eSIM.<\/p>\n","protected":false},"featured_media":32567,"template":"","meta":{"_acf_changed":false},"product_brand":[],"product_cat":[472,446],"product_tag":[380,450],"class_list":{"0":"post-31077","1":"product","2":"type-product","3":"status-publish","4":"has-post-thumbnail","6":"product_cat-sim-roaming-europa","7":"product_cat-esim","8":"product_tag-400-gb","9":"product_tag-esim","11":"first","12":"instock","13":"virtual","14":"taxable","15":"purchasable","16":"product-type-simple"},"bundled_by":[],"bundle_stock_status":"instock","bundle_stock_quantity":null,"bundle_virtual":false,"bundle_layout":"","bundle_add_to_cart_form_location":"","bundle_editable_in_cart":false,"bundle_sold_individually_context":"","bundle_item_grouping":"","bundle_min_size":"","bundle_max_size":"","bundle_price":[],"bundled_items":[],"bundle_sell_ids":[],"acf":{"accounting_number":"","accounting_number_kopiera2":"","accounting_number_kopiera3":"","accounting_number_kopiera4":"","accounting_number_kopiera5":"","accounting_number_kopiera6":""},"yoast_head":"<!-- This site is optimized with the Yoast SEO plugin v27.1.1 - https:\/\/yoast.com\/product\/yoast-seo-wordpress\/ -->\n<title>eSIM de roaming Europe avec 400 Go de donn\u00e9es. 5G \u00e0 pleine vitesse, sans limites quotidiennes, activez quand vous le souhaitez. - WIFI.SE\/FR<\/title>\n<meta name=\"robots\" content=\"index, follow, max-snippet:-1, max-image-preview:large, max-video-preview:-1\" \/>\n<link rel=\"canonical\" href=\"https:\/\/wifi.se\/fr\/product\/esim-de-roaming-europe-avec-400-go-de-donnees-5g-a-pleine-vitesse-sans-limites-quotidiennes-activez-quand-vous-le-souhaitez\/\" \/>\n<meta property=\"og:locale\" content=\"fr_FR\" \/>\n<meta property=\"og:type\" content=\"article\" \/>\n<meta property=\"og:title\" content=\"eSIM de roaming Europe avec 400 Go de donn\u00e9es. 5G \u00e0 pleine vitesse, sans limites quotidiennes, activez quand vous le souhaitez. - WIFI.SE\/FR\" \/>\n<meta property=\"og:description\" content=\"eSIM de roaming digital pour ceux qui souhaitent une connexion rapide et stable au sein de l\u2019UE ainsi qu\u2019au Royaume-Uni et en Norv\u00e8ge. Offre la 5G \u00e0 pleine vitesse sans limites quotidiennes et convient aux voyages, au streaming, au travail \u00e0 distance et aux s\u00e9jours de longue dur\u00e9e. En payant 5 \u20ac, vous \u00eates enregistr\u00e9 comme client chez nous et obtenez l\u2019acc\u00e8s \u00e0 My Pages, votre espace client personnel.Le forfait de donn\u00e9es et la dur\u00e9e de validit\u00e9 sont choisis et pay\u00e9s uniquement lors de l\u2019activation. Sans engagement et sans renouvellement automatique.N\u00e9cessite un appareil compatible eSIM.\" \/>\n<meta property=\"og:url\" content=\"https:\/\/wifi.se\/fr\/product\/esim-de-roaming-europe-avec-400-go-de-donnees-5g-a-pleine-vitesse-sans-limites-quotidiennes-activez-quand-vous-le-souhaitez\/\" \/>\n<meta property=\"og:site_name\" content=\"WIFI.SE\/FR\" \/>\n<meta property=\"article:modified_time\" content=\"2026-01-20T09:01:33+00:00\" \/>\n<meta property=\"og:image\" content=\"https:\/\/wifi.se\/fr\/wp-content\/uploads\/sites\/8\/2024\/02\/eSim_400_FR.png\" \/>\n\t<meta property=\"og:image:width\" content=\"800\" \/>\n\t<meta property=\"og:image:height\" content=\"800\" \/>\n\t<meta property=\"og:image:type\" content=\"image\/png\" \/>\n<meta name=\"twitter:card\" content=\"summary_large_image\" \/>\n<meta name=\"twitter:label1\" content=\"Dur\u00e9e de lecture estim\u00e9e\" \/>\n\t<meta name=\"twitter:data1\" content=\"2 minutes\" \/>\n<script type=\"application\/ld+json\" class=\"yoast-schema-graph\">{\"@context\":\"https:\/\/schema.org\",\"@graph\":[{\"@type\":\"WebPage\",\"@id\":\"https:\/\/wifi.se\/fr\/product\/esim-de-roaming-europe-avec-400-go-de-donnees-5g-a-pleine-vitesse-sans-limites-quotidiennes-activez-quand-vous-le-souhaitez\/\",\"url\":\"https:\/\/wifi.se\/fr\/product\/esim-de-roaming-europe-avec-400-go-de-donnees-5g-a-pleine-vitesse-sans-limites-quotidiennes-activez-quand-vous-le-souhaitez\/\",\"name\":\"eSIM de roaming Europe avec 400 Go de donn\u00e9es. 5G \u00e0 pleine vitesse, sans limites quotidiennes, activez quand vous le souhaitez. - WIFI.SE\/FR\",\"isPartOf\":{\"@id\":\"https:\/\/wifi.se\/fr\/#website\"},\"primaryImageOfPage\":{\"@id\":\"https:\/\/wifi.se\/fr\/product\/esim-de-roaming-europe-avec-400-go-de-donnees-5g-a-pleine-vitesse-sans-limites-quotidiennes-activez-quand-vous-le-souhaitez\/#primaryimage\"},\"image\":{\"@id\":\"https:\/\/wifi.se\/fr\/product\/esim-de-roaming-europe-avec-400-go-de-donnees-5g-a-pleine-vitesse-sans-limites-quotidiennes-activez-quand-vous-le-souhaitez\/#primaryimage\"},\"thumbnailUrl\":\"https:\/\/wifi.se\/fr\/wp-content\/uploads\/sites\/8\/2024\/02\/eSim_400_FR.png\",\"datePublished\":\"2024-02-13T10:49:15+00:00\",\"dateModified\":\"2026-01-20T09:01:33+00:00\",\"breadcrumb\":{\"@id\":\"https:\/\/wifi.se\/fr\/product\/esim-de-roaming-europe-avec-400-go-de-donnees-5g-a-pleine-vitesse-sans-limites-quotidiennes-activez-quand-vous-le-souhaitez\/#breadcrumb\"},\"inLanguage\":\"fr-FR\",\"potentialAction\":[{\"@type\":\"ReadAction\",\"target\":[\"https:\/\/wifi.se\/fr\/product\/esim-de-roaming-europe-avec-400-go-de-donnees-5g-a-pleine-vitesse-sans-limites-quotidiennes-activez-quand-vous-le-souhaitez\/\"]}]},{\"@type\":\"ImageObject\",\"inLanguage\":\"fr-FR\",\"@id\":\"https:\/\/wifi.se\/fr\/product\/esim-de-roaming-europe-avec-400-go-de-donnees-5g-a-pleine-vitesse-sans-limites-quotidiennes-activez-quand-vous-le-souhaitez\/#primaryimage\",\"url\":\"https:\/\/wifi.se\/fr\/wp-content\/uploads\/sites\/8\/2024\/02\/eSim_400_FR.png\",\"contentUrl\":\"https:\/\/wifi.se\/fr\/wp-content\/uploads\/sites\/8\/2024\/02\/eSim_400_FR.png\",\"width\":800,\"height\":800},{\"@type\":\"BreadcrumbList\",\"@id\":\"https:\/\/wifi.se\/fr\/product\/esim-de-roaming-europe-avec-400-go-de-donnees-5g-a-pleine-vitesse-sans-limites-quotidiennes-activez-quand-vous-le-souhaitez\/#breadcrumb\",\"itemListElement\":[{\"@type\":\"ListItem\",\"position\":1,\"name\":\"Hem\",\"item\":\"https:\/\/wifi.se\/fr\/\"},{\"@type\":\"ListItem\",\"position\":2,\"name\":\"BOUTIQUE\",\"item\":\"https:\/\/wifi.se\/fr\/butik\/\"},{\"@type\":\"ListItem\",\"position\":3,\"name\":\"eSIM de roaming Europe avec 400 Go de donn\u00e9es. 5G \u00e0 pleine vitesse, sans limites quotidiennes, activez quand vous le souhaitez.\"}]},{\"@type\":\"WebSite\",\"@id\":\"https:\/\/wifi.se\/fr\/#website\",\"url\":\"https:\/\/wifi.se\/fr\/\",\"name\":\"WIFI.SE\/FR\",\"description\":\"INTERNET PARTOUT\",\"potentialAction\":[{\"@type\":\"SearchAction\",\"target\":{\"@type\":\"EntryPoint\",\"urlTemplate\":\"https:\/\/wifi.se\/fr\/?s={search_term_string}\"},\"query-input\":{\"@type\":\"PropertyValueSpecification\",\"valueRequired\":true,\"valueName\":\"search_term_string\"}}],\"inLanguage\":\"fr-FR\"}]}<\/script>\n<!-- \/ Yoast SEO plugin. -->","yoast_head_json":{"title":"eSIM de roaming Europe avec 400 Go de donn\u00e9es. 5G \u00e0 pleine vitesse, sans limites quotidiennes, activez quand vous le souhaitez. - WIFI.SE\/FR","robots":{"index":"index","follow":"follow","max-snippet":"max-snippet:-1","max-image-preview":"max-image-preview:large","max-video-preview":"max-video-preview:-1"},"canonical":"https:\/\/wifi.se\/fr\/product\/esim-de-roaming-europe-avec-400-go-de-donnees-5g-a-pleine-vitesse-sans-limites-quotidiennes-activez-quand-vous-le-souhaitez\/","og_locale":"fr_FR","og_type":"article","og_title":"eSIM de roaming Europe avec 400 Go de donn\u00e9es. 5G \u00e0 pleine vitesse, sans limites quotidiennes, activez quand vous le souhaitez. - WIFI.SE\/FR","og_description":"eSIM de roaming digital pour ceux qui souhaitent une connexion rapide et stable au sein de l\u2019UE ainsi qu\u2019au Royaume-Uni et en Norv\u00e8ge. Offre la 5G \u00e0 pleine vitesse sans limites quotidiennes et convient aux voyages, au streaming, au travail \u00e0 distance et aux s\u00e9jours de longue dur\u00e9e. En payant 5 \u20ac, vous \u00eates enregistr\u00e9 comme client chez nous et obtenez l\u2019acc\u00e8s \u00e0 My Pages, votre espace client personnel.Le forfait de donn\u00e9es et la dur\u00e9e de validit\u00e9 sont choisis et pay\u00e9s uniquement lors de l\u2019activation. Sans engagement et sans renouvellement automatique.N\u00e9cessite un appareil compatible eSIM.","og_url":"https:\/\/wifi.se\/fr\/product\/esim-de-roaming-europe-avec-400-go-de-donnees-5g-a-pleine-vitesse-sans-limites-quotidiennes-activez-quand-vous-le-souhaitez\/","og_site_name":"WIFI.SE\/FR","article_modified_time":"2026-01-20T09:01:33+00:00","og_image":[{"width":800,"height":800,"url":"https:\/\/wifi.se\/fr\/wp-content\/uploads\/sites\/8\/2024\/02\/eSim_400_FR.png","type":"image\/png"}],"twitter_card":"summary_large_image","twitter_misc":{"Dur\u00e9e de lecture estim\u00e9e":"2 minutes"},"schema":{"@context":"https:\/\/schema.org","@graph":[{"@type":"WebPage","@id":"https:\/\/wifi.se\/fr\/product\/esim-de-roaming-europe-avec-400-go-de-donnees-5g-a-pleine-vitesse-sans-limites-quotidiennes-activez-quand-vous-le-souhaitez\/","url":"https:\/\/wifi.se\/fr\/product\/esim-de-roaming-europe-avec-400-go-de-donnees-5g-a-pleine-vitesse-sans-limites-quotidiennes-activez-quand-vous-le-souhaitez\/","name":"eSIM de roaming Europe avec 400 Go de donn\u00e9es. 5G \u00e0 pleine vitesse, sans limites quotidiennes, activez quand vous le souhaitez. - WIFI.SE\/FR","isPartOf":{"@id":"https:\/\/wifi.se\/fr\/#website"},"primaryImageOfPage":{"@id":"https:\/\/wifi.se\/fr\/product\/esim-de-roaming-europe-avec-400-go-de-donnees-5g-a-pleine-vitesse-sans-limites-quotidiennes-activez-quand-vous-le-souhaitez\/#primaryimage"},"image":{"@id":"https:\/\/wifi.se\/fr\/product\/esim-de-roaming-europe-avec-400-go-de-donnees-5g-a-pleine-vitesse-sans-limites-quotidiennes-activez-quand-vous-le-souhaitez\/#primaryimage"},"thumbnailUrl":"https:\/\/wifi.se\/fr\/wp-content\/uploads\/sites\/8\/2024\/02\/eSim_400_FR.png","datePublished":"2024-02-13T10:49:15+00:00","dateModified":"2026-01-20T09:01:33+00:00","breadcrumb":{"@id":"https:\/\/wifi.se\/fr\/product\/esim-de-roaming-europe-avec-400-go-de-donnees-5g-a-pleine-vitesse-sans-limites-quotidiennes-activez-quand-vous-le-souhaitez\/#breadcrumb"},"inLanguage":"fr-FR","potentialAction":[{"@type":"ReadAction","target":["https:\/\/wifi.se\/fr\/product\/esim-de-roaming-europe-avec-400-go-de-donnees-5g-a-pleine-vitesse-sans-limites-quotidiennes-activez-quand-vous-le-souhaitez\/"]}]},{"@type":"ImageObject","inLanguage":"fr-FR","@id":"https:\/\/wifi.se\/fr\/product\/esim-de-roaming-europe-avec-400-go-de-donnees-5g-a-pleine-vitesse-sans-limites-quotidiennes-activez-quand-vous-le-souhaitez\/#primaryimage","url":"https:\/\/wifi.se\/fr\/wp-content\/uploads\/sites\/8\/2024\/02\/eSim_400_FR.png","contentUrl":"https:\/\/wifi.se\/fr\/wp-content\/uploads\/sites\/8\/2024\/02\/eSim_400_FR.png","width":800,"height":800},{"@type":"BreadcrumbList","@id":"https:\/\/wifi.se\/fr\/product\/esim-de-roaming-europe-avec-400-go-de-donnees-5g-a-pleine-vitesse-sans-limites-quotidiennes-activez-quand-vous-le-souhaitez\/#breadcrumb","itemListElement":[{"@type":"ListItem","position":1,"name":"Hem","item":"https:\/\/wifi.se\/fr\/"},{"@type":"ListItem","position":2,"name":"BOUTIQUE","item":"https:\/\/wifi.se\/fr\/butik\/"},{"@type":"ListItem","position":3,"name":"eSIM de roaming Europe avec 400 Go de donn\u00e9es. 5G \u00e0 pleine vitesse, sans limites quotidiennes, activez quand vous le souhaitez."}]},{"@type":"WebSite","@id":"https:\/\/wifi.se\/fr\/#website","url":"https:\/\/wifi.se\/fr\/","name":"WIFI.SE\/FR","description":"INTERNET PARTOUT","potentialAction":[{"@type":"SearchAction","target":{"@type":"EntryPoint","urlTemplate":"https:\/\/wifi.se\/fr\/?s={search_term_string}"},"query-input":{"@type":"PropertyValueSpecification","valueRequired":true,"valueName":"search_term_string"}}],"inLanguage":"fr-FR"}]}},"_links":{"self":[{"href":"https:\/\/wifi.se\/fr\/wp-json\/wp\/v2\/product\/31077","targetHints":{"allow":["GET"]}}],"collection":[{"href":"https:\/\/wifi.se\/fr\/wp-json\/wp\/v2\/product"}],"about":[{"href":"https:\/\/wifi.se\/fr\/wp-json\/wp\/v2\/types\/product"}],"wp:featuredmedia":[{"embeddable":true,"href":"https:\/\/wifi.se\/fr\/wp-json\/wp\/v2\/media\/32567"}],"wp:attachment":[{"href":"https:\/\/wifi.se\/fr\/wp-json\/wp\/v2\/media?parent=31077"}],"wp:term":[{"taxonomy":"product_brand","embeddable":true,"href":"https:\/\/wifi.se\/fr\/wp-json\/wp\/v2\/product_brand?post=31077"},{"taxonomy":"product_cat","embeddable":true,"href":"https:\/\/wifi.se\/fr\/wp-json\/wp\/v2\/product_cat?post=31077"},{"taxonomy":"product_tag","embeddable":true,"href":"https:\/\/wifi.se\/fr\/wp-json\/wp\/v2\/product_tag?post=31077"}],"curies":[{"name":"wp","href":"https:\/\/api.w.org\/{rel}","templated":true}]}}