{"id":28920,"date":"2024-08-10T16:36:23","date_gmt":"2024-08-10T14:36:23","guid":{"rendered":"https:\/\/wifi.se\/?post_type=product&#038;p=28920"},"modified":"2025-05-05T16:22:21","modified_gmt":"2025-05-05T14:22:21","slug":"hybrid-traveller-portable-5g-router","status":"publish","type":"product","link":"https:\/\/wifi.se\/fr\/product\/hybrid-traveller-portable-5g-router\/","title":{"rendered":"Hybrid Traveller &#8211; Routeur 5G portable avec batterie de secours pour plus de 6 heures"},"content":{"rendered":"<div class=\"moz-text-html\" lang=\"x-unicode\">\n<div class=\"\">\n<div class=\"\"><\/div>\n<div class=\"\">\n<h3 class=\"\">Routeur 5G Hybrid Traveller \u2013 Pour tous les foyers et tous les voyageurs<\/h3>\n<p class=\"\"><strong class=\"\">Que vous soyez \u00e0 la maison, dans votre camping-car, dans votre maison de vacances, en d\u00e9placement ou en mer, le 5G Hybrid Traveller est la solution id\u00e9ale pour une connectivit\u00e9 rapide et stable.<\/strong><br class=\"\" \/>Ce routeur est con\u00e7u pour r\u00e9pondre \u00e0 tous vos besoins de connectivit\u00e9, o\u00f9 que vous soyez. Gr\u00e2ce \u00e0 sa technologie 5G polyvalente, il vous garantit une connexion permanente, que vous travailliez, regardiez du contenu en streaming ou restiez simplement en contact.<\/p>\n<hr class=\"\" \/>\n<h3 class=\"\">Un routeur 5G puissant pour une installation portable ou fixe<\/h3>\n<p class=\"\">Le 5G Hybrid Traveller est un routeur portable dot\u00e9 d&#8217;un atout majeur\u00a0: sa puissance lui permet \u00e9galement d&#8217;\u00eatre utilis\u00e9 comme appareil fixe. Gr\u00e2ce \u00e0 sa conception compacte et robuste et \u00e0 sa batterie int\u00e9gr\u00e9e offrant 8\u00a0heures d&#8217;autonomie, vous pouvez facilement le d\u00e9placer d&#8217;un endroit \u00e0 l&#8217;autre, ce qui le rend suffisamment polyvalent pour s&#8217;adapter \u00e0 toutes les situations.<\/p>\n<hr class=\"\" \/>\n<h3 class=\"\">Des antennes incroyablement robustes \u2013 pour ceux qui ne souhaitent pas d&#8217;antenne de toit<\/h3>\n<p style=\"font-weight: 400;\">L&#8217;un des principaux atouts du 5G Hybrid Traveller r\u00e9side dans ses puissantes antennes int\u00e9gr\u00e9es. Ces antennes sont si robustes que, dans la plupart des cas, vous n&#8217;aurez pas besoin d&#8217;antenne de toit. Ce routeur, l\u00e9g\u00e8rement plus grand que les mod\u00e8les portables classiques, offre une puissance de signal sup\u00e9rieure et une connectivit\u00e9 stable, m\u00eame dans les zones \u00e0 faible couverture. Sa conception unique le rend id\u00e9al pour les voyageurs qui ne souhaitent faire aucun compromis sur la vitesse ou la stabilit\u00e9, o\u00f9 qu&#8217;ils soient.<\/p>\n<h3><span style=\"font-size: 20.16px; color: #333333;\">Connexion 5G ultra-rapide, o\u00f9 que vous soyez<\/span><\/h3>\n<p class=\"\">Avec le 5G Hybrid Traveller, acc\u00e9dez \u00e0 la derni\u00e8re technologie 5G et profitez de vitesses ultra-rapides pour naviguer, regarder du contenu en streaming et travailler en ligne. Regardez des films en streaming haute qualit\u00e9, organisez des visioconf\u00e9rences d&#8217;une clart\u00e9 exceptionnelle et t\u00e9l\u00e9chargez des fichiers volumineux instantan\u00e9ment, m\u00eame \u00e0 distance.<\/p>\n<p class=\"p1\"><b>Fabriqu\u00e9 avec fiert\u00e9 par nos soins<\/b><\/p>\n<p class=\"p2\">Le 5G Hybrid Traveller est le fruit de notre engagement envers la qualit\u00e9 et l&#8217;innovation. Con\u00e7u et fabriqu\u00e9 en interne, ce routeur t\u00e9moigne de notre engagement \u00e0 fournir une technologie de pointe r\u00e9pondant aux besoins uniques de nos clients. Faites confiance \u00e0 un produit con\u00e7u avec soin, expertise et une compr\u00e9hension approfondie des besoins des voyageurs.<\/p>\n<\/div>\n<\/div>\n<\/div>\n","protected":false},"excerpt":{"rendered":"<p>5G Hybrid Traveller, la derni\u00e8re innovation en mati\u00e8re de connectivit\u00e9 mobile, con\u00e7ue et fabriqu\u00e9e par nos soins pour r\u00e9pondre aux exigences des voyageurs modernes. Que vous soyez chez vous, en d\u00e9placement dans votre camping-car, ou en train d\u2019explorer de nouvelles destinations avec votre caravane, ce routeur 5G vous garantit une connexion constante, o\u00f9 que votre voyage vous m\u00e8ne.<\/p>\n","protected":false},"featured_media":30248,"template":"","meta":{"_acf_changed":false},"product_brand":[],"product_cat":[464,448],"product_tag":[290,452],"class_list":{"0":"post-28920","1":"product","2":"type-product","3":"status-publish","4":"has-post-thumbnail","6":"product_cat-router","7":"product_cat-hybrid-traveller-5g-router","8":"product_tag-100-gb","9":"product_tag-hybrid-traveller","10":"product_shipping_class-antenner","11":"product_shipping_class-fri-frakt","12":"product_shipping_class-pafyllning","13":"product_shipping_class-sim-kort","14":"product_shipping_class-sim-kort-med-router","15":"product_shipping_class-stor-antenn","16":"product_shipping_class-tillbehor","18":"first","19":"instock","20":"taxable","21":"shipping-taxable","22":"purchasable","23":"product-type-simple"},"bundled_by":[],"bundle_stock_status":"instock","bundle_stock_quantity":null,"bundle_virtual":false,"bundle_layout":"","bundle_add_to_cart_form_location":"","bundle_editable_in_cart":false,"bundle_sold_individually_context":"","bundle_item_grouping":"","bundle_min_size":"","bundle_max_size":"","bundle_price":[],"bundled_items":[],"bundle_sell_ids":[],"acf":{"accounting_number":"","accounting_number_kopiera2":"","accounting_number_kopiera3":"","accounting_number_kopiera4":"","accounting_number_kopiera5":"","accounting_number_kopiera6":""},"yoast_head":"<!-- This site is optimized with the Yoast SEO plugin v27.1.1 - https:\/\/yoast.com\/product\/yoast-seo-wordpress\/ -->\n<title>Hybrid Traveller - Routeur 5G portable avec batterie de secours pour plus de 6 heures - WIFI.SE\/FR<\/title>\n<meta name=\"robots\" content=\"index, follow, max-snippet:-1, max-image-preview:large, max-video-preview:-1\" \/>\n<link rel=\"canonical\" href=\"https:\/\/wifi.se\/fr\/product\/hybrid-traveller-portable-5g-router\/\" \/>\n<meta property=\"og:locale\" content=\"fr_FR\" \/>\n<meta property=\"og:type\" content=\"article\" \/>\n<meta property=\"og:title\" content=\"Hybrid Traveller - Routeur 5G portable avec batterie de secours pour plus de 6 heures - WIFI.SE\/FR\" \/>\n<meta property=\"og:description\" content=\"5G Hybrid Traveller, la derni\u00e8re innovation en mati\u00e8re de connectivit\u00e9 mobile, con\u00e7ue et fabriqu\u00e9e par nos soins pour r\u00e9pondre aux exigences des voyageurs modernes. Que vous soyez chez vous, en d\u00e9placement dans votre camping-car, ou en train d\u2019explorer de nouvelles destinations avec votre caravane, ce routeur 5G vous garantit une connexion constante, o\u00f9 que votre voyage vous m\u00e8ne.\" \/>\n<meta property=\"og:url\" content=\"https:\/\/wifi.se\/fr\/product\/hybrid-traveller-portable-5g-router\/\" \/>\n<meta property=\"og:site_name\" content=\"WIFI.SE\/FR\" \/>\n<meta property=\"article:modified_time\" content=\"2025-05-05T14:22:21+00:00\" \/>\n<meta property=\"og:image\" content=\"https:\/\/wifi.se\/fr\/wp-content\/uploads\/sites\/8\/2024\/08\/hybrid32.jpg\" \/>\n\t<meta property=\"og:image:width\" content=\"800\" \/>\n\t<meta property=\"og:image:height\" content=\"800\" \/>\n\t<meta property=\"og:image:type\" content=\"image\/jpeg\" \/>\n<meta name=\"twitter:card\" content=\"summary_large_image\" \/>\n<meta name=\"twitter:label1\" content=\"Dur\u00e9e de lecture estim\u00e9e\" \/>\n\t<meta name=\"twitter:data1\" content=\"3 minutes\" \/>\n<script type=\"application\/ld+json\" class=\"yoast-schema-graph\">{\"@context\":\"https:\/\/schema.org\",\"@graph\":[{\"@type\":\"WebPage\",\"@id\":\"https:\/\/wifi.se\/fr\/product\/hybrid-traveller-portable-5g-router\/\",\"url\":\"https:\/\/wifi.se\/fr\/product\/hybrid-traveller-portable-5g-router\/\",\"name\":\"Hybrid Traveller - Routeur 5G portable avec batterie de secours pour plus de 6 heures - WIFI.SE\/FR\",\"isPartOf\":{\"@id\":\"https:\/\/wifi.se\/fr\/#website\"},\"primaryImageOfPage\":{\"@id\":\"https:\/\/wifi.se\/fr\/product\/hybrid-traveller-portable-5g-router\/#primaryimage\"},\"image\":{\"@id\":\"https:\/\/wifi.se\/fr\/product\/hybrid-traveller-portable-5g-router\/#primaryimage\"},\"thumbnailUrl\":\"https:\/\/wifi.se\/fr\/wp-content\/uploads\/sites\/8\/2024\/08\/hybrid32.jpg\",\"datePublished\":\"2024-08-10T14:36:23+00:00\",\"dateModified\":\"2025-05-05T14:22:21+00:00\",\"breadcrumb\":{\"@id\":\"https:\/\/wifi.se\/fr\/product\/hybrid-traveller-portable-5g-router\/#breadcrumb\"},\"inLanguage\":\"fr-FR\",\"potentialAction\":[{\"@type\":\"ReadAction\",\"target\":[\"https:\/\/wifi.se\/fr\/product\/hybrid-traveller-portable-5g-router\/\"]}]},{\"@type\":\"ImageObject\",\"inLanguage\":\"fr-FR\",\"@id\":\"https:\/\/wifi.se\/fr\/product\/hybrid-traveller-portable-5g-router\/#primaryimage\",\"url\":\"https:\/\/wifi.se\/fr\/wp-content\/uploads\/sites\/8\/2024\/08\/hybrid32.jpg\",\"contentUrl\":\"https:\/\/wifi.se\/fr\/wp-content\/uploads\/sites\/8\/2024\/08\/hybrid32.jpg\",\"width\":800,\"height\":800,\"caption\":\"Hybrid Traveller\"},{\"@type\":\"BreadcrumbList\",\"@id\":\"https:\/\/wifi.se\/fr\/product\/hybrid-traveller-portable-5g-router\/#breadcrumb\",\"itemListElement\":[{\"@type\":\"ListItem\",\"position\":1,\"name\":\"Hem\",\"item\":\"https:\/\/wifi.se\/fr\/\"},{\"@type\":\"ListItem\",\"position\":2,\"name\":\"BOUTIQUE\",\"item\":\"https:\/\/wifi.se\/fr\/butik\/\"},{\"@type\":\"ListItem\",\"position\":3,\"name\":\"Hybrid Traveller &#8211; Routeur 5G portable avec batterie de secours pour plus de 6 heures\"}]},{\"@type\":\"WebSite\",\"@id\":\"https:\/\/wifi.se\/fr\/#website\",\"url\":\"https:\/\/wifi.se\/fr\/\",\"name\":\"WIFI.SE\/FR\",\"description\":\"INTERNET PARTOUT\",\"potentialAction\":[{\"@type\":\"SearchAction\",\"target\":{\"@type\":\"EntryPoint\",\"urlTemplate\":\"https:\/\/wifi.se\/fr\/?s={search_term_string}\"},\"query-input\":{\"@type\":\"PropertyValueSpecification\",\"valueRequired\":true,\"valueName\":\"search_term_string\"}}],\"inLanguage\":\"fr-FR\"}]}<\/script>\n<!-- \/ Yoast SEO plugin. -->","yoast_head_json":{"title":"Hybrid Traveller - Routeur 5G portable avec batterie de secours pour plus de 6 heures - WIFI.SE\/FR","robots":{"index":"index","follow":"follow","max-snippet":"max-snippet:-1","max-image-preview":"max-image-preview:large","max-video-preview":"max-video-preview:-1"},"canonical":"https:\/\/wifi.se\/fr\/product\/hybrid-traveller-portable-5g-router\/","og_locale":"fr_FR","og_type":"article","og_title":"Hybrid Traveller - Routeur 5G portable avec batterie de secours pour plus de 6 heures - WIFI.SE\/FR","og_description":"5G Hybrid Traveller, la derni\u00e8re innovation en mati\u00e8re de connectivit\u00e9 mobile, con\u00e7ue et fabriqu\u00e9e par nos soins pour r\u00e9pondre aux exigences des voyageurs modernes. Que vous soyez chez vous, en d\u00e9placement dans votre camping-car, ou en train d\u2019explorer de nouvelles destinations avec votre caravane, ce routeur 5G vous garantit une connexion constante, o\u00f9 que votre voyage vous m\u00e8ne.","og_url":"https:\/\/wifi.se\/fr\/product\/hybrid-traveller-portable-5g-router\/","og_site_name":"WIFI.SE\/FR","article_modified_time":"2025-05-05T14:22:21+00:00","og_image":[{"width":800,"height":800,"url":"https:\/\/wifi.se\/fr\/wp-content\/uploads\/sites\/8\/2024\/08\/hybrid32.jpg","type":"image\/jpeg"}],"twitter_card":"summary_large_image","twitter_misc":{"Dur\u00e9e de lecture estim\u00e9e":"3 minutes"},"schema":{"@context":"https:\/\/schema.org","@graph":[{"@type":"WebPage","@id":"https:\/\/wifi.se\/fr\/product\/hybrid-traveller-portable-5g-router\/","url":"https:\/\/wifi.se\/fr\/product\/hybrid-traveller-portable-5g-router\/","name":"Hybrid Traveller - Routeur 5G portable avec batterie de secours pour plus de 6 heures - WIFI.SE\/FR","isPartOf":{"@id":"https:\/\/wifi.se\/fr\/#website"},"primaryImageOfPage":{"@id":"https:\/\/wifi.se\/fr\/product\/hybrid-traveller-portable-5g-router\/#primaryimage"},"image":{"@id":"https:\/\/wifi.se\/fr\/product\/hybrid-traveller-portable-5g-router\/#primaryimage"},"thumbnailUrl":"https:\/\/wifi.se\/fr\/wp-content\/uploads\/sites\/8\/2024\/08\/hybrid32.jpg","datePublished":"2024-08-10T14:36:23+00:00","dateModified":"2025-05-05T14:22:21+00:00","breadcrumb":{"@id":"https:\/\/wifi.se\/fr\/product\/hybrid-traveller-portable-5g-router\/#breadcrumb"},"inLanguage":"fr-FR","potentialAction":[{"@type":"ReadAction","target":["https:\/\/wifi.se\/fr\/product\/hybrid-traveller-portable-5g-router\/"]}]},{"@type":"ImageObject","inLanguage":"fr-FR","@id":"https:\/\/wifi.se\/fr\/product\/hybrid-traveller-portable-5g-router\/#primaryimage","url":"https:\/\/wifi.se\/fr\/wp-content\/uploads\/sites\/8\/2024\/08\/hybrid32.jpg","contentUrl":"https:\/\/wifi.se\/fr\/wp-content\/uploads\/sites\/8\/2024\/08\/hybrid32.jpg","width":800,"height":800,"caption":"Hybrid Traveller"},{"@type":"BreadcrumbList","@id":"https:\/\/wifi.se\/fr\/product\/hybrid-traveller-portable-5g-router\/#breadcrumb","itemListElement":[{"@type":"ListItem","position":1,"name":"Hem","item":"https:\/\/wifi.se\/fr\/"},{"@type":"ListItem","position":2,"name":"BOUTIQUE","item":"https:\/\/wifi.se\/fr\/butik\/"},{"@type":"ListItem","position":3,"name":"Hybrid Traveller &#8211; Routeur 5G portable avec batterie de secours pour plus de 6 heures"}]},{"@type":"WebSite","@id":"https:\/\/wifi.se\/fr\/#website","url":"https:\/\/wifi.se\/fr\/","name":"WIFI.SE\/FR","description":"INTERNET PARTOUT","potentialAction":[{"@type":"SearchAction","target":{"@type":"EntryPoint","urlTemplate":"https:\/\/wifi.se\/fr\/?s={search_term_string}"},"query-input":{"@type":"PropertyValueSpecification","valueRequired":true,"valueName":"search_term_string"}}],"inLanguage":"fr-FR"}]}},"_links":{"self":[{"href":"https:\/\/wifi.se\/fr\/wp-json\/wp\/v2\/product\/28920","targetHints":{"allow":["GET"]}}],"collection":[{"href":"https:\/\/wifi.se\/fr\/wp-json\/wp\/v2\/product"}],"about":[{"href":"https:\/\/wifi.se\/fr\/wp-json\/wp\/v2\/types\/product"}],"wp:featuredmedia":[{"embeddable":true,"href":"https:\/\/wifi.se\/fr\/wp-json\/wp\/v2\/media\/30248"}],"wp:attachment":[{"href":"https:\/\/wifi.se\/fr\/wp-json\/wp\/v2\/media?parent=28920"}],"wp:term":[{"taxonomy":"product_brand","embeddable":true,"href":"https:\/\/wifi.se\/fr\/wp-json\/wp\/v2\/product_brand?post=28920"},{"taxonomy":"product_cat","embeddable":true,"href":"https:\/\/wifi.se\/fr\/wp-json\/wp\/v2\/product_cat?post=28920"},{"taxonomy":"product_tag","embeddable":true,"href":"https:\/\/wifi.se\/fr\/wp-json\/wp\/v2\/product_tag?post=28920"}],"curies":[{"name":"wp","href":"https:\/\/api.w.org\/{rel}","templated":true}]}}