{"id":24324,"date":"2024-02-13T15:23:52","date_gmt":"2024-02-13T13:23:52","guid":{"rendered":"https:\/\/wifi.se\/?post_type=product&#038;p=24324"},"modified":"2025-09-27T00:46:59","modified_gmt":"2025-09-26T22:46:59","slug":"100-gb-sim-mobile-broadband-5g-for-sweden-valid-for-12-months","status":"publish","type":"product","link":"https:\/\/wifi.se\/fr\/product\/100-gb-sim-mobile-broadband-5g-for-sweden-valid-for-12-months\/","title":{"rendered":"CARTE SIM 100 Go 5G HAUT D\u00c9BIT MOBILE POUR LA SU\u00c8DE \u2013 VALABLE 12 MOIS"},"content":{"rendered":"<p><strong>Rapide, abordable et simple. Sans engagement ni frais d&#8217;annulation. Un choix judicieux pour votre camping-car, votre caravane, votre maison de vacances ou votre domicile. Emportez-le avec vous pour surfer en Su\u00e8de.<\/strong><\/p>\n<ul>\n<li>Valable dans toute la Su\u00e8de<\/li>\n<li>Utilisez vos donn\u00e9es comme vous le souhaitez pendant 12 mois<\/li>\n<li>Aucun frais mensuel<\/li>\n<li>Sans abonnement ni engagement. Aucun autre frais n&#8217;est \u00e0 pr\u00e9voir.<\/li>\n<li>Toujours le m\u00eame prix bas pour vos recharges.<\/li>\n<li>Vous conservez la m\u00eame carte SIM pour vos recharges.<\/li>\n<li>Id\u00e9al pour regarder la t\u00e9l\u00e9vision en streaming et connecter toute la famille simultan\u00e9ment.<\/li>\n<li>Vous ne payez que pour le temps de connexion.<\/li>\n<li>Nos cartes SIM n&#8217;ont pas de limite mensuelle.<\/li>\n<li>Facile \u00e0 utiliser.<\/li>\n<li>D\u00e9sactivation automatique hors Su\u00e8de.<\/li>\n<li>Vous ne serez jamais factur\u00e9 apr\u00e8s coup.<\/li>\n<\/ul>\n","protected":false},"excerpt":{"rendered":"<p>Internet mobile 5G. 100 Go de donn\u00e9es valables en Su\u00e8de. Utilisez vos donn\u00e9es comme vous le souhaitez pendant 12 mois. Aucun abonnement, engagement ou frais suppl\u00e9mentaires ne s&#8217;appliquent.<\/p>\n","protected":false},"featured_media":26335,"template":"","meta":{"_acf_changed":false},"product_brand":[],"product_cat":[463,471],"product_tag":[290,421,40],"class_list":{"0":"post-24324","1":"product","2":"type-product","3":"status-publish","4":"has-post-thumbnail","6":"product_cat-sim-kort","7":"product_cat-sim-sweden-365-days","8":"product_tag-100-gb","9":"product_tag-sim","10":"product_tag-wifi","11":"product_shipping_class-pafyllning","13":"first","14":"instock","15":"taxable","16":"shipping-taxable","17":"purchasable","18":"product-type-variable"},"bundled_by":[],"bundle_stock_status":"instock","bundle_stock_quantity":null,"bundle_virtual":false,"bundle_layout":"","bundle_add_to_cart_form_location":"","bundle_editable_in_cart":false,"bundle_sold_individually_context":"","bundle_item_grouping":"","bundle_min_size":"","bundle_max_size":"","bundle_price":[],"bundled_items":[],"bundle_sell_ids":[],"acf":{"accounting_number":"1940","accounting_number_kopiera2":"2611","accounting_number_kopiera3":"3012","accounting_number_kopiera4":"3520","accounting_number_kopiera5":"1510","accounting_number_kopiera6":"1511"},"yoast_head":"<!-- This site is optimized with the Yoast SEO plugin v27.1.1 - https:\/\/yoast.com\/product\/yoast-seo-wordpress\/ -->\n<title>100 GB SIM MOBILT BREDBAND 5G F\u00d6R SVERIGE-G\u00c4LLER I 12 M\u00c5NADER<\/title>\n<meta name=\"description\" content=\"Mobilt 5G internet utan bindningstid eller upps\u00e4gningstid. Smart val till husbilen, husvagnen, fritidshuset eller hemma. Spara all surf i 12 m\u00e5nader Hos oss f\u00e5r du alltid mycket surf f\u00f6r pengarna. Enkelt, s\u00e4kert och billigt.\" \/>\n<meta name=\"robots\" content=\"index, follow, max-snippet:-1, max-image-preview:large, max-video-preview:-1\" \/>\n<link rel=\"canonical\" href=\"https:\/\/wifi.se\/fr\/product\/100-gb-sim-mobile-broadband-5g-for-sweden-valid-for-12-months\/\" \/>\n<meta property=\"og:locale\" content=\"fr_FR\" \/>\n<meta property=\"og:type\" content=\"article\" \/>\n<meta property=\"og:title\" content=\"100 GB SIM MOBILT BREDBAND 5G F\u00d6R SVERIGE-G\u00c4LLER I 12 M\u00c5NADER\" \/>\n<meta property=\"og:description\" content=\"Mobilt 5G internet utan bindningstid eller upps\u00e4gningstid. Smart val till husbilen, husvagnen, fritidshuset eller hemma. Spara all surf i 12 m\u00e5nader Hos oss f\u00e5r du alltid mycket surf f\u00f6r pengarna. Enkelt, s\u00e4kert och billigt.\" \/>\n<meta property=\"og:url\" content=\"https:\/\/wifi.se\/fr\/product\/100-gb-sim-mobile-broadband-5g-for-sweden-valid-for-12-months\/\" \/>\n<meta property=\"og:site_name\" content=\"WIFI.SE\/FR\" \/>\n<meta property=\"article:modified_time\" content=\"2025-09-26T22:46:59+00:00\" \/>\n<meta property=\"og:image\" content=\"https:\/\/wifi.se\/fr\/wp-content\/uploads\/sites\/8\/2024\/02\/Sverige100GB.png\" \/>\n\t<meta property=\"og:image:width\" content=\"1024\" \/>\n\t<meta property=\"og:image:height\" content=\"768\" \/>\n\t<meta property=\"og:image:type\" content=\"image\/png\" \/>\n<meta name=\"twitter:card\" content=\"summary_large_image\" \/>\n<meta name=\"twitter:label1\" content=\"Dur\u00e9e de lecture estim\u00e9e\" \/>\n\t<meta name=\"twitter:data1\" content=\"1 minute\" \/>\n<script type=\"application\/ld+json\" class=\"yoast-schema-graph\">{\"@context\":\"https:\/\/schema.org\",\"@graph\":[{\"@type\":\"WebPage\",\"@id\":\"https:\/\/wifi.se\/fr\/product\/100-gb-sim-mobile-broadband-5g-for-sweden-valid-for-12-months\/\",\"url\":\"https:\/\/wifi.se\/fr\/product\/100-gb-sim-mobile-broadband-5g-for-sweden-valid-for-12-months\/\",\"name\":\"100 GB SIM MOBILT BREDBAND 5G F\u00d6R SVERIGE-G\u00c4LLER I 12 M\u00c5NADER\",\"isPartOf\":{\"@id\":\"https:\/\/wifi.se\/fr\/#website\"},\"primaryImageOfPage\":{\"@id\":\"https:\/\/wifi.se\/fr\/product\/100-gb-sim-mobile-broadband-5g-for-sweden-valid-for-12-months\/#primaryimage\"},\"image\":{\"@id\":\"https:\/\/wifi.se\/fr\/product\/100-gb-sim-mobile-broadband-5g-for-sweden-valid-for-12-months\/#primaryimage\"},\"thumbnailUrl\":\"https:\/\/wifi.se\/fr\/wp-content\/uploads\/sites\/8\/2024\/02\/Sverige100GB.png\",\"datePublished\":\"2024-02-13T13:23:52+00:00\",\"dateModified\":\"2025-09-26T22:46:59+00:00\",\"description\":\"Mobilt 5G internet utan bindningstid eller upps\u00e4gningstid. Smart val till husbilen, husvagnen, fritidshuset eller hemma. Spara all surf i 12 m\u00e5nader Hos oss f\u00e5r du alltid mycket surf f\u00f6r pengarna. Enkelt, s\u00e4kert och billigt.\",\"breadcrumb\":{\"@id\":\"https:\/\/wifi.se\/fr\/product\/100-gb-sim-mobile-broadband-5g-for-sweden-valid-for-12-months\/#breadcrumb\"},\"inLanguage\":\"fr-FR\",\"potentialAction\":[{\"@type\":\"ReadAction\",\"target\":[\"https:\/\/wifi.se\/fr\/product\/100-gb-sim-mobile-broadband-5g-for-sweden-valid-for-12-months\/\"]}]},{\"@type\":\"ImageObject\",\"inLanguage\":\"fr-FR\",\"@id\":\"https:\/\/wifi.se\/fr\/product\/100-gb-sim-mobile-broadband-5g-for-sweden-valid-for-12-months\/#primaryimage\",\"url\":\"https:\/\/wifi.se\/fr\/wp-content\/uploads\/sites\/8\/2024\/02\/Sverige100GB.png\",\"contentUrl\":\"https:\/\/wifi.se\/fr\/wp-content\/uploads\/sites\/8\/2024\/02\/Sverige100GB.png\",\"width\":1024,\"height\":768},{\"@type\":\"BreadcrumbList\",\"@id\":\"https:\/\/wifi.se\/fr\/product\/100-gb-sim-mobile-broadband-5g-for-sweden-valid-for-12-months\/#breadcrumb\",\"itemListElement\":[{\"@type\":\"ListItem\",\"position\":1,\"name\":\"Hem\",\"item\":\"https:\/\/wifi.se\/fr\/\"},{\"@type\":\"ListItem\",\"position\":2,\"name\":\"BOUTIQUE\",\"item\":\"https:\/\/wifi.se\/fr\/butik\/\"},{\"@type\":\"ListItem\",\"position\":3,\"name\":\"CARTE SIM 100 Go 5G HAUT D\u00c9BIT MOBILE POUR LA SU\u00c8DE \u2013 VALABLE 12 MOIS\"}]},{\"@type\":\"WebSite\",\"@id\":\"https:\/\/wifi.se\/fr\/#website\",\"url\":\"https:\/\/wifi.se\/fr\/\",\"name\":\"WIFI.SE\/FR\",\"description\":\"INTERNET PARTOUT\",\"potentialAction\":[{\"@type\":\"SearchAction\",\"target\":{\"@type\":\"EntryPoint\",\"urlTemplate\":\"https:\/\/wifi.se\/fr\/?s={search_term_string}\"},\"query-input\":{\"@type\":\"PropertyValueSpecification\",\"valueRequired\":true,\"valueName\":\"search_term_string\"}}],\"inLanguage\":\"fr-FR\"}]}<\/script>\n<!-- \/ Yoast SEO plugin. -->","yoast_head_json":{"title":"100 GB SIM MOBILT BREDBAND 5G F\u00d6R SVERIGE-G\u00c4LLER I 12 M\u00c5NADER","description":"Mobilt 5G internet utan bindningstid eller upps\u00e4gningstid. Smart val till husbilen, husvagnen, fritidshuset eller hemma. Spara all surf i 12 m\u00e5nader Hos oss f\u00e5r du alltid mycket surf f\u00f6r pengarna. Enkelt, s\u00e4kert och billigt.","robots":{"index":"index","follow":"follow","max-snippet":"max-snippet:-1","max-image-preview":"max-image-preview:large","max-video-preview":"max-video-preview:-1"},"canonical":"https:\/\/wifi.se\/fr\/product\/100-gb-sim-mobile-broadband-5g-for-sweden-valid-for-12-months\/","og_locale":"fr_FR","og_type":"article","og_title":"100 GB SIM MOBILT BREDBAND 5G F\u00d6R SVERIGE-G\u00c4LLER I 12 M\u00c5NADER","og_description":"Mobilt 5G internet utan bindningstid eller upps\u00e4gningstid. Smart val till husbilen, husvagnen, fritidshuset eller hemma. Spara all surf i 12 m\u00e5nader Hos oss f\u00e5r du alltid mycket surf f\u00f6r pengarna. Enkelt, s\u00e4kert och billigt.","og_url":"https:\/\/wifi.se\/fr\/product\/100-gb-sim-mobile-broadband-5g-for-sweden-valid-for-12-months\/","og_site_name":"WIFI.SE\/FR","article_modified_time":"2025-09-26T22:46:59+00:00","og_image":[{"width":1024,"height":768,"url":"https:\/\/wifi.se\/fr\/wp-content\/uploads\/sites\/8\/2024\/02\/Sverige100GB.png","type":"image\/png"}],"twitter_card":"summary_large_image","twitter_misc":{"Dur\u00e9e de lecture estim\u00e9e":"1 minute"},"schema":{"@context":"https:\/\/schema.org","@graph":[{"@type":"WebPage","@id":"https:\/\/wifi.se\/fr\/product\/100-gb-sim-mobile-broadband-5g-for-sweden-valid-for-12-months\/","url":"https:\/\/wifi.se\/fr\/product\/100-gb-sim-mobile-broadband-5g-for-sweden-valid-for-12-months\/","name":"100 GB SIM MOBILT BREDBAND 5G F\u00d6R SVERIGE-G\u00c4LLER I 12 M\u00c5NADER","isPartOf":{"@id":"https:\/\/wifi.se\/fr\/#website"},"primaryImageOfPage":{"@id":"https:\/\/wifi.se\/fr\/product\/100-gb-sim-mobile-broadband-5g-for-sweden-valid-for-12-months\/#primaryimage"},"image":{"@id":"https:\/\/wifi.se\/fr\/product\/100-gb-sim-mobile-broadband-5g-for-sweden-valid-for-12-months\/#primaryimage"},"thumbnailUrl":"https:\/\/wifi.se\/fr\/wp-content\/uploads\/sites\/8\/2024\/02\/Sverige100GB.png","datePublished":"2024-02-13T13:23:52+00:00","dateModified":"2025-09-26T22:46:59+00:00","description":"Mobilt 5G internet utan bindningstid eller upps\u00e4gningstid. Smart val till husbilen, husvagnen, fritidshuset eller hemma. Spara all surf i 12 m\u00e5nader Hos oss f\u00e5r du alltid mycket surf f\u00f6r pengarna. Enkelt, s\u00e4kert och billigt.","breadcrumb":{"@id":"https:\/\/wifi.se\/fr\/product\/100-gb-sim-mobile-broadband-5g-for-sweden-valid-for-12-months\/#breadcrumb"},"inLanguage":"fr-FR","potentialAction":[{"@type":"ReadAction","target":["https:\/\/wifi.se\/fr\/product\/100-gb-sim-mobile-broadband-5g-for-sweden-valid-for-12-months\/"]}]},{"@type":"ImageObject","inLanguage":"fr-FR","@id":"https:\/\/wifi.se\/fr\/product\/100-gb-sim-mobile-broadband-5g-for-sweden-valid-for-12-months\/#primaryimage","url":"https:\/\/wifi.se\/fr\/wp-content\/uploads\/sites\/8\/2024\/02\/Sverige100GB.png","contentUrl":"https:\/\/wifi.se\/fr\/wp-content\/uploads\/sites\/8\/2024\/02\/Sverige100GB.png","width":1024,"height":768},{"@type":"BreadcrumbList","@id":"https:\/\/wifi.se\/fr\/product\/100-gb-sim-mobile-broadband-5g-for-sweden-valid-for-12-months\/#breadcrumb","itemListElement":[{"@type":"ListItem","position":1,"name":"Hem","item":"https:\/\/wifi.se\/fr\/"},{"@type":"ListItem","position":2,"name":"BOUTIQUE","item":"https:\/\/wifi.se\/fr\/butik\/"},{"@type":"ListItem","position":3,"name":"CARTE SIM 100 Go 5G HAUT D\u00c9BIT MOBILE POUR LA SU\u00c8DE \u2013 VALABLE 12 MOIS"}]},{"@type":"WebSite","@id":"https:\/\/wifi.se\/fr\/#website","url":"https:\/\/wifi.se\/fr\/","name":"WIFI.SE\/FR","description":"INTERNET PARTOUT","potentialAction":[{"@type":"SearchAction","target":{"@type":"EntryPoint","urlTemplate":"https:\/\/wifi.se\/fr\/?s={search_term_string}"},"query-input":{"@type":"PropertyValueSpecification","valueRequired":true,"valueName":"search_term_string"}}],"inLanguage":"fr-FR"}]}},"_links":{"self":[{"href":"https:\/\/wifi.se\/fr\/wp-json\/wp\/v2\/product\/24324","targetHints":{"allow":["GET"]}}],"collection":[{"href":"https:\/\/wifi.se\/fr\/wp-json\/wp\/v2\/product"}],"about":[{"href":"https:\/\/wifi.se\/fr\/wp-json\/wp\/v2\/types\/product"}],"wp:featuredmedia":[{"embeddable":true,"href":"https:\/\/wifi.se\/fr\/wp-json\/wp\/v2\/media\/26335"}],"wp:attachment":[{"href":"https:\/\/wifi.se\/fr\/wp-json\/wp\/v2\/media?parent=24324"}],"wp:term":[{"taxonomy":"product_brand","embeddable":true,"href":"https:\/\/wifi.se\/fr\/wp-json\/wp\/v2\/product_brand?post=24324"},{"taxonomy":"product_cat","embeddable":true,"href":"https:\/\/wifi.se\/fr\/wp-json\/wp\/v2\/product_cat?post=24324"},{"taxonomy":"product_tag","embeddable":true,"href":"https:\/\/wifi.se\/fr\/wp-json\/wp\/v2\/product_tag?post=24324"}],"curies":[{"name":"wp","href":"https:\/\/api.w.org\/{rel}","templated":true}]}}