{"id":22462,"date":"2023-08-17T14:43:03","date_gmt":"2023-08-17T12:43:03","guid":{"rendered":"https:\/\/wifi.se\/?post_type=product&#038;p=22462"},"modified":"2025-04-09T07:24:01","modified_gmt":"2025-04-09T05:24:01","slug":"5g-router-for-motorhome-camper-caravan-boat-with-complete-cable-package-and-patch-antennas-without-sim","status":"publish","type":"product","link":"https:\/\/wifi.se\/fr\/product\/5g-router-for-motorhome-camper-caravan-boat-with-complete-cable-package-and-patch-antennas-without-sim\/","title":{"rendered":"Routeur 5G pour camping-car \/ caravane \/ bateau avec pack de c\u00e2bles complet et antennes patch \u2013 Sans SIM"},"content":{"rendered":"<div>Le WiFi Performance 5G offre une connectivit\u00e9 s\u00e9curis\u00e9e et des fonctionnalit\u00e9s de s\u00e9curit\u00e9 avanc\u00e9es. Il prend en charge diverses connexions VPN, un pare-feu avanc\u00e9 et diff\u00e9rents types de protocoles de chiffrement. Il utilise le m\u00eame logiciel que tous les autres routeurs et passerelles de Teltonika Networks : RutOS (un syst\u00e8me d&#8217;exploitation Linux bas\u00e9 sur OpenWrt). Avec deux modems LTE utilis\u00e9s simultan\u00e9ment, ce routeur offre plus de fonctionnalit\u00e9s que les autres routeurs. Il inclut des fonctionnalit\u00e9s telles que le VLAN, les services de positionnement, la prise en charge des protocoles de services distants, des fonctionnalit\u00e9s de s\u00e9curit\u00e9 avanc\u00e9es comme le pare-feu et la prise en charge de plusieurs services VPN.<\/div>\n<div><\/div>\n<div>Le routeur offre une large plage de tension (9-50 VDC) et dispose d&#8217;une connexion robuste pour le connecteur d&#8217;alimentation. L&#8217;alimentation peut \u00eatre effectu\u00e9e via l&#8217;adaptateur secteur fourni ou via PoE passif sur le port LAN 1.<\/div>\n<div><\/div>\n<div>Le WiFi Performance 5G est un routeur capable d&#8217;offrir des d\u00e9bits tr\u00e8s \u00e9lev\u00e9s avec la 5G jusqu&#8217;\u00e0 3,3 Gb\/s et une connexion Internet sans fil rapide avec le WiFi 5 (jusqu&#8217;\u00e0 867 Mb\/s). La communication via 5G et deux cartes SIM, combin\u00e9e \u00e0 cinq ports Gigabit Ethernet et au Wi-Fi bi-bande, permet un transfert de donn\u00e9es fiable avec une latence extr\u00eamement faible.<\/div>\n<div><\/div>\n<div>Prise en charge de la 5G (SA\/NSA)<\/div>\n<div>Commutateur Gigabit \u00e0 cinq ports<\/div>\n<div>802.11ac (jusqu&#8217;\u00e0 867 Mbit\/s)<\/div>\n<div>GPS<\/div>\n<p>&nbsp;<\/p>\n","protected":false},"excerpt":{"rendered":"<p>5G Router for Motorhome \/ Camper \/ Caravan \/ Boat with Full Cable Kit and Patch Antennas \u2013 Without SIM<\/p>\n<p>New 5G router with custom-made patch antennas for 5G and WiFi 6 technology \u2013 For those who want the best but don&#8217;t want to drill holes in the roof!<\/p>\n<p>The router is developed where high demands are placed on versatility, durability, reliability, and low power consumption. This makes it perfectly suited for a motorhome, boat, vacation home, or camping. It is made in a solid aluminum exterior casing and can handle operating temperatures from an incredible -40 to 75 \u00baC.<\/p>\n<p>This 5G router is one of the most powerful and reliable routers on the market. It is a router for those who have the highest demands and want the sharpest technology available. It is very fast with gigabit networking, dual WiFi, which provides enormous speeds. It cannot be compared with home-use routers.<\/p>\n<p>Special package with cable kit and patch antennas<\/p>\n<p>We have created a special package for this router. It includes a full cable kit consisting of a 230V cable, a 12V cable connected directly to the battery, and a 12V cable connected directly to the cigarette lighter. All to make the installation easier. Additionally, there are special 5G patch antennas so you can use the router before setting up a roof antenna, or if you don\u2019t want to drill holes in the roof, plus two patch antennas for WiFi 6 MHz. No extra knowledge is required to use this router. Just plug it in, and you&#8217;ll have internet in less than a minute.<\/p>\n<p><strong>This package includes:<\/strong><\/p>\n<p>\u2013 Router Wifi Extreme 5G router (Manufactured in Europe)<\/p>\n<p>\u2013 Four 5G patch antennas<\/p>\n<p>\u2013 Two WiFi patch antennas WiFi 6 MHz<\/p>\n<p>\u2013 12V power cable for installation to battery<\/p>\n<p>\u2013 12V power cable for easy installation (cigarette lighter)<\/p>\n<p>\u2013 230V power cable<\/p>\n<p>\u2013 Strong Velcro straps, 4 pieces from Wurth for wall mounting<\/p>\n<p>\u2013 Unlocked for roaming &#8211; No settings needed for the router to work abroad<\/p>\n<p>\u2013 5x Gigabit network ports<\/p>\n<p>\u2013 Dual-band WiFi (WiFi speed is three times faster than a regular router)<\/p>\n<p>\u2013 Four hard antennas included as standard for 4G and WiFi<\/p>\n<p>\u2013 Equipped with GPS and GPS antenna included<\/p>\n<p>\u2013 Rugged design with a temperature range from -40 to 75 degrees<\/p>\n<p>\u2013 Delivered tested and ready. Power it up, and the router will be connected in less than a minute<\/p>\n<p>\u2013 Dual SIM card slots<\/p>\n<p>\u2013 Operating voltage: 9-50 V (DC)<\/p>\n<p>\u2013 Power consumption: 16 W<\/p>\n<p>\u2013 Dimensions: 115x95x44 mm<\/p>\n<p>\u2013 Weight: 456 grams<\/p>\n<p>\u2013 Simplified special functions for router settings as a customer of WiFi.se<\/p>\n<p>The Future of Connectivity with Our 5G Router and New SIM<\/p>\n<p>In a world where connectivity means everything, we take pride in offering more than just a product \u2013 we offer a comprehensive solution. When you choose to buy your 5G router from us, you get not just a device; you get an experience that is unique in the market. We stand out due to our superior customer support, available via phone and email, always ready to assist you whenever you need help. Our remote control feature revolutionizes the way you handle technical challenges by allowing our technicians to solve problems remotely, directly in your device, no matter where you are in the world.<\/p>\n<p>We complement our technical expertise with an intuitive application that opens the door to additional services and features directly from your router. This app makes it easier than ever to customize and improve your connection experience.<\/p>\n<p>For us, it\u2019s not just about selling products; it\u2019s about offering a solution that works wherever you are in Sweden or Europe. Our ambition is to offer you the best products with the most reliable service so that your digital experience is always at the forefront. Welcome to the future of connectivity \u2013 where freedom meets reliability.<\/p>\n<p>In addition to our hardware, we also offer customized SIM card solutions. Choose between SIM cards optimized for Sweden or roaming SIM cards for use across Europe, with generous data packages up to 400GB per month. This means you can travel through Europe with peace of mind, knowing you&#8217;re always connected.<\/p>\n","protected":false},"featured_media":32131,"template":"","meta":{"_acf_changed":false},"product_brand":[],"product_cat":[464,254,378],"product_tag":[247,245,66,40],"class_list":{"0":"post-22462","1":"product","2":"type-product","3":"status-publish","4":"has-post-thumbnail","6":"product_cat-router","7":"product_cat-5g-routerpaket-utan-sim-kort","8":"product_cat-wifi-performance-5g","9":"product_tag-eu-ess","10":"product_tag-roaming","11":"product_tag-router","12":"product_tag-wifi","13":"product_shipping_class-sim-kort-med-router","15":"first","16":"instock","17":"taxable","18":"shipping-taxable","19":"purchasable","20":"product-type-simple"},"bundled_by":[],"bundle_stock_status":"instock","bundle_stock_quantity":null,"bundle_virtual":false,"bundle_layout":"","bundle_add_to_cart_form_location":"","bundle_editable_in_cart":false,"bundle_sold_individually_context":"","bundle_item_grouping":"","bundle_min_size":"","bundle_max_size":"","bundle_price":[],"bundled_items":[],"bundle_sell_ids":[],"acf":{"accounting_number":"1940","accounting_number_kopiera2":"2611","accounting_number_kopiera3":"3018","accounting_number_kopiera4":"3520","accounting_number_kopiera5":"1510","accounting_number_kopiera6":"1511"},"yoast_head":"<!-- This site is optimized with the Yoast SEO plugin v27.1.1 - https:\/\/yoast.com\/product\/yoast-seo-wordpress\/ -->\n<title>Wifi Performance 5G med fullt kabelpaket och 5G takantenn \u2013 Utan SiM<\/title>\n<meta name=\"description\" content=\"Ny 5G router med egentillverkad takantenn \u2013 F\u00f6r dig som vill ha det b\u00e4sta. Den nya routern \u00e4r tillverkad av Teltonika, men modifierad av Wifi.se f\u00f6r att erbjuda b\u00e4sta prestanda. M\u00e4tresultaten f\u00f6r routern med denna antenn \u00e4r otroliga, det \u00e4r inte ovanligt att man f\u00e5r nerladdning p\u00e5 \u00f6ver 400 Mbit\/sek.\" \/>\n<meta name=\"robots\" content=\"index, follow, max-snippet:-1, max-image-preview:large, max-video-preview:-1\" \/>\n<link rel=\"canonical\" href=\"https:\/\/wifi.se\/fr\/product\/5g-router-for-motorhome-camper-caravan-boat-with-complete-cable-package-and-patch-antennas-without-sim\/\" \/>\n<meta property=\"og:locale\" content=\"fr_FR\" \/>\n<meta property=\"og:type\" content=\"article\" \/>\n<meta property=\"og:title\" content=\"Wifi Performance 5G med fullt kabelpaket och 5G takantenn \u2013 Utan SiM\" \/>\n<meta property=\"og:description\" content=\"Ny 5G router med egentillverkad takantenn \u2013 F\u00f6r dig som vill ha det b\u00e4sta. Den nya routern \u00e4r tillverkad av Teltonika, men modifierad av Wifi.se f\u00f6r att erbjuda b\u00e4sta prestanda. M\u00e4tresultaten f\u00f6r routern med denna antenn \u00e4r otroliga, det \u00e4r inte ovanligt att man f\u00e5r nerladdning p\u00e5 \u00f6ver 400 Mbit\/sek.\" \/>\n<meta property=\"og:url\" content=\"https:\/\/wifi.se\/fr\/product\/5g-router-for-motorhome-camper-caravan-boat-with-complete-cable-package-and-patch-antennas-without-sim\/\" \/>\n<meta property=\"og:site_name\" content=\"WIFI.SE\/FR\" \/>\n<meta property=\"article:modified_time\" content=\"2025-04-09T05:24:01+00:00\" \/>\n<meta property=\"og:image\" content=\"https:\/\/wifi.se\/fr\/wp-content\/uploads\/sites\/8\/2023\/08\/5gAntenn.jpg\" \/>\n\t<meta property=\"og:image:width\" content=\"800\" \/>\n\t<meta property=\"og:image:height\" content=\"800\" \/>\n\t<meta property=\"og:image:type\" content=\"image\/jpeg\" \/>\n<meta name=\"twitter:card\" content=\"summary_large_image\" \/>\n<meta name=\"twitter:label1\" content=\"Dur\u00e9e de lecture estim\u00e9e\" \/>\n\t<meta name=\"twitter:data1\" content=\"2 minutes\" \/>\n<script type=\"application\/ld+json\" class=\"yoast-schema-graph\">{\"@context\":\"https:\/\/schema.org\",\"@graph\":[{\"@type\":\"WebPage\",\"@id\":\"https:\/\/wifi.se\/fr\/product\/5g-router-for-motorhome-camper-caravan-boat-with-complete-cable-package-and-patch-antennas-without-sim\/\",\"url\":\"https:\/\/wifi.se\/fr\/product\/5g-router-for-motorhome-camper-caravan-boat-with-complete-cable-package-and-patch-antennas-without-sim\/\",\"name\":\"Wifi Performance 5G med fullt kabelpaket och 5G takantenn \u2013 Utan SiM\",\"isPartOf\":{\"@id\":\"https:\/\/wifi.se\/fr\/#website\"},\"primaryImageOfPage\":{\"@id\":\"https:\/\/wifi.se\/fr\/product\/5g-router-for-motorhome-camper-caravan-boat-with-complete-cable-package-and-patch-antennas-without-sim\/#primaryimage\"},\"image\":{\"@id\":\"https:\/\/wifi.se\/fr\/product\/5g-router-for-motorhome-camper-caravan-boat-with-complete-cable-package-and-patch-antennas-without-sim\/#primaryimage\"},\"thumbnailUrl\":\"https:\/\/wifi.se\/fr\/wp-content\/uploads\/sites\/8\/2023\/08\/5gAntenn.jpg\",\"datePublished\":\"2023-08-17T12:43:03+00:00\",\"dateModified\":\"2025-04-09T05:24:01+00:00\",\"description\":\"Ny 5G router med egentillverkad takantenn \u2013 F\u00f6r dig som vill ha det b\u00e4sta. Den nya routern \u00e4r tillverkad av Teltonika, men modifierad av Wifi.se f\u00f6r att erbjuda b\u00e4sta prestanda. M\u00e4tresultaten f\u00f6r routern med denna antenn \u00e4r otroliga, det \u00e4r inte ovanligt att man f\u00e5r nerladdning p\u00e5 \u00f6ver 400 Mbit\/sek.\",\"breadcrumb\":{\"@id\":\"https:\/\/wifi.se\/fr\/product\/5g-router-for-motorhome-camper-caravan-boat-with-complete-cable-package-and-patch-antennas-without-sim\/#breadcrumb\"},\"inLanguage\":\"fr-FR\",\"potentialAction\":[{\"@type\":\"ReadAction\",\"target\":[\"https:\/\/wifi.se\/fr\/product\/5g-router-for-motorhome-camper-caravan-boat-with-complete-cable-package-and-patch-antennas-without-sim\/\"]}]},{\"@type\":\"ImageObject\",\"inLanguage\":\"fr-FR\",\"@id\":\"https:\/\/wifi.se\/fr\/product\/5g-router-for-motorhome-camper-caravan-boat-with-complete-cable-package-and-patch-antennas-without-sim\/#primaryimage\",\"url\":\"https:\/\/wifi.se\/fr\/wp-content\/uploads\/sites\/8\/2023\/08\/5gAntenn.jpg\",\"contentUrl\":\"https:\/\/wifi.se\/fr\/wp-content\/uploads\/sites\/8\/2023\/08\/5gAntenn.jpg\",\"width\":800,\"height\":800},{\"@type\":\"BreadcrumbList\",\"@id\":\"https:\/\/wifi.se\/fr\/product\/5g-router-for-motorhome-camper-caravan-boat-with-complete-cable-package-and-patch-antennas-without-sim\/#breadcrumb\",\"itemListElement\":[{\"@type\":\"ListItem\",\"position\":1,\"name\":\"Hem\",\"item\":\"https:\/\/wifi.se\/fr\/\"},{\"@type\":\"ListItem\",\"position\":2,\"name\":\"BOUTIQUE\",\"item\":\"https:\/\/wifi.se\/fr\/butik\/\"},{\"@type\":\"ListItem\",\"position\":3,\"name\":\"Routeur 5G pour camping-car \/ caravane \/ bateau avec pack de c\u00e2bles complet et antennes patch \u2013 Sans SIM\"}]},{\"@type\":\"WebSite\",\"@id\":\"https:\/\/wifi.se\/fr\/#website\",\"url\":\"https:\/\/wifi.se\/fr\/\",\"name\":\"WIFI.SE\/FR\",\"description\":\"INTERNET PARTOUT\",\"potentialAction\":[{\"@type\":\"SearchAction\",\"target\":{\"@type\":\"EntryPoint\",\"urlTemplate\":\"https:\/\/wifi.se\/fr\/?s={search_term_string}\"},\"query-input\":{\"@type\":\"PropertyValueSpecification\",\"valueRequired\":true,\"valueName\":\"search_term_string\"}}],\"inLanguage\":\"fr-FR\"}]}<\/script>\n<!-- \/ Yoast SEO plugin. -->","yoast_head_json":{"title":"Wifi Performance 5G med fullt kabelpaket och 5G takantenn \u2013 Utan SiM","description":"Ny 5G router med egentillverkad takantenn \u2013 F\u00f6r dig som vill ha det b\u00e4sta. Den nya routern \u00e4r tillverkad av Teltonika, men modifierad av Wifi.se f\u00f6r att erbjuda b\u00e4sta prestanda. M\u00e4tresultaten f\u00f6r routern med denna antenn \u00e4r otroliga, det \u00e4r inte ovanligt att man f\u00e5r nerladdning p\u00e5 \u00f6ver 400 Mbit\/sek.","robots":{"index":"index","follow":"follow","max-snippet":"max-snippet:-1","max-image-preview":"max-image-preview:large","max-video-preview":"max-video-preview:-1"},"canonical":"https:\/\/wifi.se\/fr\/product\/5g-router-for-motorhome-camper-caravan-boat-with-complete-cable-package-and-patch-antennas-without-sim\/","og_locale":"fr_FR","og_type":"article","og_title":"Wifi Performance 5G med fullt kabelpaket och 5G takantenn \u2013 Utan SiM","og_description":"Ny 5G router med egentillverkad takantenn \u2013 F\u00f6r dig som vill ha det b\u00e4sta. Den nya routern \u00e4r tillverkad av Teltonika, men modifierad av Wifi.se f\u00f6r att erbjuda b\u00e4sta prestanda. M\u00e4tresultaten f\u00f6r routern med denna antenn \u00e4r otroliga, det \u00e4r inte ovanligt att man f\u00e5r nerladdning p\u00e5 \u00f6ver 400 Mbit\/sek.","og_url":"https:\/\/wifi.se\/fr\/product\/5g-router-for-motorhome-camper-caravan-boat-with-complete-cable-package-and-patch-antennas-without-sim\/","og_site_name":"WIFI.SE\/FR","article_modified_time":"2025-04-09T05:24:01+00:00","og_image":[{"width":800,"height":800,"url":"https:\/\/wifi.se\/fr\/wp-content\/uploads\/sites\/8\/2023\/08\/5gAntenn.jpg","type":"image\/jpeg"}],"twitter_card":"summary_large_image","twitter_misc":{"Dur\u00e9e de lecture estim\u00e9e":"2 minutes"},"schema":{"@context":"https:\/\/schema.org","@graph":[{"@type":"WebPage","@id":"https:\/\/wifi.se\/fr\/product\/5g-router-for-motorhome-camper-caravan-boat-with-complete-cable-package-and-patch-antennas-without-sim\/","url":"https:\/\/wifi.se\/fr\/product\/5g-router-for-motorhome-camper-caravan-boat-with-complete-cable-package-and-patch-antennas-without-sim\/","name":"Wifi Performance 5G med fullt kabelpaket och 5G takantenn \u2013 Utan SiM","isPartOf":{"@id":"https:\/\/wifi.se\/fr\/#website"},"primaryImageOfPage":{"@id":"https:\/\/wifi.se\/fr\/product\/5g-router-for-motorhome-camper-caravan-boat-with-complete-cable-package-and-patch-antennas-without-sim\/#primaryimage"},"image":{"@id":"https:\/\/wifi.se\/fr\/product\/5g-router-for-motorhome-camper-caravan-boat-with-complete-cable-package-and-patch-antennas-without-sim\/#primaryimage"},"thumbnailUrl":"https:\/\/wifi.se\/fr\/wp-content\/uploads\/sites\/8\/2023\/08\/5gAntenn.jpg","datePublished":"2023-08-17T12:43:03+00:00","dateModified":"2025-04-09T05:24:01+00:00","description":"Ny 5G router med egentillverkad takantenn \u2013 F\u00f6r dig som vill ha det b\u00e4sta. Den nya routern \u00e4r tillverkad av Teltonika, men modifierad av Wifi.se f\u00f6r att erbjuda b\u00e4sta prestanda. M\u00e4tresultaten f\u00f6r routern med denna antenn \u00e4r otroliga, det \u00e4r inte ovanligt att man f\u00e5r nerladdning p\u00e5 \u00f6ver 400 Mbit\/sek.","breadcrumb":{"@id":"https:\/\/wifi.se\/fr\/product\/5g-router-for-motorhome-camper-caravan-boat-with-complete-cable-package-and-patch-antennas-without-sim\/#breadcrumb"},"inLanguage":"fr-FR","potentialAction":[{"@type":"ReadAction","target":["https:\/\/wifi.se\/fr\/product\/5g-router-for-motorhome-camper-caravan-boat-with-complete-cable-package-and-patch-antennas-without-sim\/"]}]},{"@type":"ImageObject","inLanguage":"fr-FR","@id":"https:\/\/wifi.se\/fr\/product\/5g-router-for-motorhome-camper-caravan-boat-with-complete-cable-package-and-patch-antennas-without-sim\/#primaryimage","url":"https:\/\/wifi.se\/fr\/wp-content\/uploads\/sites\/8\/2023\/08\/5gAntenn.jpg","contentUrl":"https:\/\/wifi.se\/fr\/wp-content\/uploads\/sites\/8\/2023\/08\/5gAntenn.jpg","width":800,"height":800},{"@type":"BreadcrumbList","@id":"https:\/\/wifi.se\/fr\/product\/5g-router-for-motorhome-camper-caravan-boat-with-complete-cable-package-and-patch-antennas-without-sim\/#breadcrumb","itemListElement":[{"@type":"ListItem","position":1,"name":"Hem","item":"https:\/\/wifi.se\/fr\/"},{"@type":"ListItem","position":2,"name":"BOUTIQUE","item":"https:\/\/wifi.se\/fr\/butik\/"},{"@type":"ListItem","position":3,"name":"Routeur 5G pour camping-car \/ caravane \/ bateau avec pack de c\u00e2bles complet et antennes patch \u2013 Sans SIM"}]},{"@type":"WebSite","@id":"https:\/\/wifi.se\/fr\/#website","url":"https:\/\/wifi.se\/fr\/","name":"WIFI.SE\/FR","description":"INTERNET PARTOUT","potentialAction":[{"@type":"SearchAction","target":{"@type":"EntryPoint","urlTemplate":"https:\/\/wifi.se\/fr\/?s={search_term_string}"},"query-input":{"@type":"PropertyValueSpecification","valueRequired":true,"valueName":"search_term_string"}}],"inLanguage":"fr-FR"}]}},"_links":{"self":[{"href":"https:\/\/wifi.se\/fr\/wp-json\/wp\/v2\/product\/22462","targetHints":{"allow":["GET"]}}],"collection":[{"href":"https:\/\/wifi.se\/fr\/wp-json\/wp\/v2\/product"}],"about":[{"href":"https:\/\/wifi.se\/fr\/wp-json\/wp\/v2\/types\/product"}],"wp:featuredmedia":[{"embeddable":true,"href":"https:\/\/wifi.se\/fr\/wp-json\/wp\/v2\/media\/32131"}],"wp:attachment":[{"href":"https:\/\/wifi.se\/fr\/wp-json\/wp\/v2\/media?parent=22462"}],"wp:term":[{"taxonomy":"product_brand","embeddable":true,"href":"https:\/\/wifi.se\/fr\/wp-json\/wp\/v2\/product_brand?post=22462"},{"taxonomy":"product_cat","embeddable":true,"href":"https:\/\/wifi.se\/fr\/wp-json\/wp\/v2\/product_cat?post=22462"},{"taxonomy":"product_tag","embeddable":true,"href":"https:\/\/wifi.se\/fr\/wp-json\/wp\/v2\/product_tag?post=22462"}],"curies":[{"name":"wp","href":"https:\/\/api.w.org\/{rel}","templated":true}]}}