{"id":21908,"date":"2023-07-21T10:41:46","date_gmt":"2023-07-21T08:41:46","guid":{"rendered":"https:\/\/wifi.se\/?post_type=product&#038;p=21908"},"modified":"2025-04-09T08:01:24","modified_gmt":"2025-04-09T06:01:24","slug":"5g-roof-antenna-for-5g-router-7-cables-4-lte-cables-2-wifi-cables-1-gps-cable","status":"publish","type":"product","link":"https:\/\/wifi.se\/fr\/product\/5g-roof-antenna-for-5g-router-7-cables-4-lte-cables-2-wifi-cables-1-gps-cable\/","title":{"rendered":"Antenne de toit 5G pour routeur 5G &#8211; 7 c\u00e2bles\u00a0: 4 c\u00e2bles LTE, 2 c\u00e2bles Wi-Fi, 1 c\u00e2ble GPS"},"content":{"rendered":"<div class=\"\">\n<div class=\"\">\n<div class=\"\">\n<div>L&#8217;antenne mesure 19 centim\u00e8tres de diam\u00e8tre et 5 centim\u00e8tres de haut, ce qui lui conf\u00e8re une grande puissance. La vis mesure d\u00e9sormais 60 millim\u00e8tres (auparavant 40 millim\u00e8tres). Consultez le sch\u00e9ma ci-dessous.<\/div>\n<div><\/div>\n<div>Vous pouvez voir ici comment Micke installe l&#8217;antenne et \u00e0 quoi elle ressemble sur le toit.<\/div>\n<div><\/div>\n<div>Une antenne MIMO omnidirectionnelle 5G compatible avec toutes les bandes passantes mobiles (2G\/3G\/4G\/5G), sp\u00e9cialement d\u00e9velopp\u00e9e par nos soins pour une r\u00e9ception et un d\u00e9bit optimaux. Cette antenne est \u00e9quip\u00e9e de 6 c\u00e2bles : 4 c\u00e2bles LTE se connectant directement au routeur (5G), 4 c\u00e2bles LTE et 2 c\u00e2bles Wi-Fi pour une perte de signal minimale. Vous b\u00e9n\u00e9ficiez du Wi-Fi \u00e0 l&#8217;int\u00e9rieur du v\u00e9hicule et jusqu&#8217;\u00e0 50 m\u00e8tres \u00e0 l&#8217;ext\u00e9rieur. Les \u00e9l\u00e9ments de l&#8217;antenne sont tr\u00e8s puissants et offrent un gain de 10 dBi. Une antenne incroyablement robuste, \u00e9galement certifi\u00e9e IP 68.<\/div>\n<div><\/div>\n<div>L&#8217;antenne mesure 19 centim\u00e8tres de diam\u00e8tre et 5 centim\u00e8tres de haut, ce qui lui conf\u00e8re une grande puissance. La vis mesure 60 millim\u00e8tres. Voir le sch\u00e9ma ci-joint.<\/div>\n<div><\/div>\n<div>L&#8217;antenne est \u00e9quip\u00e9e de six c\u00e2bles : quatre c\u00e2bles 5G et deux c\u00e2bles Wi-Fi. Les r\u00e9sultats de mesure obtenus avec le routeur \u00e9quip\u00e9 de cette antenne sont exceptionnels ; il n&#8217;est pas rare d&#8217;obtenir des vitesses de t\u00e9l\u00e9chargement sup\u00e9rieures \u00e0 400 Mbit\/s.<\/div>\n<div><\/div>\n<div>\u00c0 notre avis, c&#8217;est la meilleure antenne que vous puissiez acheter pour un routeur 5G.<\/div>\n<\/div>\n<\/div>\n<\/div>\n<div><img loading=\"lazy\" decoding=\"async\" class=\"alignnone size-full wp-image-21915\" src=\"https:\/\/wifi.se\/wp-content\/uploads\/2023\/07\/5G-antenn-drawing-6cables-scaled.jpg\" alt=\"\" width=\"2560\" height=\"1809\" srcset=\"https:\/\/wifi.se\/fr\/wp-content\/uploads\/sites\/8\/2023\/07\/5G-antenn-drawing-6cables-scaled.jpg 2560w, https:\/\/wifi.se\/fr\/wp-content\/uploads\/sites\/8\/2023\/07\/5G-antenn-drawing-6cables-scaled-510x360.jpg 510w, https:\/\/wifi.se\/fr\/wp-content\/uploads\/sites\/8\/2023\/07\/5G-antenn-drawing-6cables-scaled-64x45.jpg 64w, https:\/\/wifi.se\/fr\/wp-content\/uploads\/sites\/8\/2023\/07\/5G-antenn-drawing-6cables-300x212.jpg 300w, https:\/\/wifi.se\/fr\/wp-content\/uploads\/sites\/8\/2023\/07\/5G-antenn-drawing-6cables-1024x724.jpg 1024w, https:\/\/wifi.se\/fr\/wp-content\/uploads\/sites\/8\/2023\/07\/5G-antenn-drawing-6cables-768x543.jpg 768w, https:\/\/wifi.se\/fr\/wp-content\/uploads\/sites\/8\/2023\/07\/5G-antenn-drawing-6cables-1536x1086.jpg 1536w, https:\/\/wifi.se\/fr\/wp-content\/uploads\/sites\/8\/2023\/07\/5G-antenn-drawing-6cables-2048x1447.jpg 2048w, https:\/\/wifi.se\/fr\/wp-content\/uploads\/sites\/8\/2023\/07\/5G-antenn-drawing-6cables-200x141.jpg 200w, https:\/\/wifi.se\/fr\/wp-content\/uploads\/sites\/8\/2023\/07\/5G-antenn-drawing-6cables-400x283.jpg 400w, https:\/\/wifi.se\/fr\/wp-content\/uploads\/sites\/8\/2023\/07\/5G-antenn-drawing-6cables-600x424.jpg 600w, https:\/\/wifi.se\/fr\/wp-content\/uploads\/sites\/8\/2023\/07\/5G-antenn-drawing-6cables-800x565.jpg 800w, https:\/\/wifi.se\/fr\/wp-content\/uploads\/sites\/8\/2023\/07\/5G-antenn-drawing-6cables-1200x848.jpg 1200w\" sizes=\"auto, (max-width: 2560px) 100vw, 2560px\" \/><\/div>\n","protected":false},"excerpt":{"rendered":"<div class=\"\">\n<div class=\"\">\n<div>Antenne de toit omnidirectionnelle 5G compatible avec tous les r\u00e9seaux mobiles (2G\/3G\/4G\/5G), sp\u00e9cialement d\u00e9velopp\u00e9e par nos soins pour une r\u00e9ception et un d\u00e9bit optimaux.<\/div>\n<div><\/div>\n<div>Cette antenne est \u00e9quip\u00e9e de 7 c\u00e2bles : 4 c\u00e2bles LTE, 2 c\u00e2bles Wi-Fi et 1 c\u00e2ble GPS. Vous b\u00e9n\u00e9ficiez du Wi-Fi \u00e0 l&#8217;int\u00e9rieur du v\u00e9hicule et jusqu&#8217;\u00e0 50 m\u00e8tres \u00e0 l&#8217;ext\u00e9rieur. Les \u00e9l\u00e9ments de l&#8217;antenne sont tr\u00e8s puissants et offrent un gain de 10 dBi. Cette antenne incroyablement robuste est \u00e9galement certifi\u00e9e IP 68.<\/div>\n<\/div>\n<\/div>\n","protected":false},"featured_media":30273,"template":"","meta":{"_acf_changed":false},"product_brand":[],"product_cat":[165,470],"product_tag":[167,400,454],"class_list":{"0":"post-21908","1":"product","2":"type-product","3":"status-publish","4":"has-post-thumbnail","6":"product_cat-antenner","7":"product_cat-roof-antennas","8":"product_tag-antenn","9":"product_tag-takantenn-5g","10":"product_tag-wifipro","11":"product_shipping_class-sim-kort-med-router","13":"first","14":"instock","15":"taxable","16":"shipping-taxable","17":"purchasable","18":"product-type-simple"},"bundled_by":[],"bundle_stock_status":"instock","bundle_stock_quantity":null,"bundle_virtual":false,"bundle_layout":"","bundle_add_to_cart_form_location":"","bundle_editable_in_cart":false,"bundle_sold_individually_context":"","bundle_item_grouping":"","bundle_min_size":"","bundle_max_size":"","bundle_price":[],"bundled_items":[],"bundle_sell_ids":[],"acf":{"accounting_number":"","accounting_number_kopiera2":"","accounting_number_kopiera3":"","accounting_number_kopiera4":"","accounting_number_kopiera5":"","accounting_number_kopiera6":""},"yoast_head":"<!-- This site is optimized with the Yoast SEO plugin v27.1.1 - https:\/\/yoast.com\/product\/yoast-seo-wordpress\/ -->\n<title>Antenne de toit 5G pour routeur 5G - 7 c\u00e2bles\u00a0: 4 c\u00e2bles LTE, 2 c\u00e2bles Wi-Fi, 1 c\u00e2ble GPS - WIFI.SE\/FR<\/title>\n<meta name=\"description\" content=\"En 5G rundstr\u00e5lande takantenn som fungerar f\u00f6r alla mobila bandbredder, 2G\/3G\/4G\/5G speciellt framtagen av Wifi.se f\u00f6r optimal mottagning och h\u00f6g hastighet.\" \/>\n<meta name=\"robots\" content=\"index, follow, max-snippet:-1, max-image-preview:large, max-video-preview:-1\" \/>\n<link rel=\"canonical\" href=\"https:\/\/wifi.se\/fr\/product\/5g-roof-antenna-for-5g-router-7-cables-4-lte-cables-2-wifi-cables-1-gps-cable\/\" \/>\n<meta property=\"og:locale\" content=\"fr_FR\" \/>\n<meta property=\"og:type\" content=\"article\" \/>\n<meta property=\"og:title\" content=\"Antenne de toit 5G pour routeur 5G - 7 c\u00e2bles\u00a0: 4 c\u00e2bles LTE, 2 c\u00e2bles Wi-Fi, 1 c\u00e2ble GPS - WIFI.SE\/FR\" \/>\n<meta property=\"og:description\" content=\"En 5G rundstr\u00e5lande takantenn som fungerar f\u00f6r alla mobila bandbredder, 2G\/3G\/4G\/5G speciellt framtagen av Wifi.se f\u00f6r optimal mottagning och h\u00f6g hastighet.\" \/>\n<meta property=\"og:url\" content=\"https:\/\/wifi.se\/fr\/product\/5g-roof-antenna-for-5g-router-7-cables-4-lte-cables-2-wifi-cables-1-gps-cable\/\" \/>\n<meta property=\"og:site_name\" content=\"WIFI.SE\/FR\" \/>\n<meta property=\"article:modified_time\" content=\"2025-04-09T06:01:24+00:00\" \/>\n<meta property=\"og:image\" content=\"https:\/\/wifi.se\/fr\/wp-content\/uploads\/sites\/8\/2023\/07\/tak002.jpg\" \/>\n\t<meta property=\"og:image:width\" content=\"800\" \/>\n\t<meta property=\"og:image:height\" content=\"800\" \/>\n\t<meta property=\"og:image:type\" content=\"image\/jpeg\" \/>\n<meta name=\"twitter:card\" content=\"summary_large_image\" \/>\n<meta name=\"twitter:label1\" content=\"Dur\u00e9e de lecture estim\u00e9e\" \/>\n\t<meta name=\"twitter:data1\" content=\"2 minutes\" \/>\n<script type=\"application\/ld+json\" class=\"yoast-schema-graph\">{\"@context\":\"https:\/\/schema.org\",\"@graph\":[{\"@type\":\"WebPage\",\"@id\":\"https:\/\/wifi.se\/fr\/product\/5g-roof-antenna-for-5g-router-7-cables-4-lte-cables-2-wifi-cables-1-gps-cable\/\",\"url\":\"https:\/\/wifi.se\/fr\/product\/5g-roof-antenna-for-5g-router-7-cables-4-lte-cables-2-wifi-cables-1-gps-cable\/\",\"name\":\"Antenne de toit 5G pour routeur 5G - 7 c\u00e2bles\u00a0: 4 c\u00e2bles LTE, 2 c\u00e2bles Wi-Fi, 1 c\u00e2ble GPS - WIFI.SE\/FR\",\"isPartOf\":{\"@id\":\"https:\/\/wifi.se\/fr\/#website\"},\"primaryImageOfPage\":{\"@id\":\"https:\/\/wifi.se\/fr\/product\/5g-roof-antenna-for-5g-router-7-cables-4-lte-cables-2-wifi-cables-1-gps-cable\/#primaryimage\"},\"image\":{\"@id\":\"https:\/\/wifi.se\/fr\/product\/5g-roof-antenna-for-5g-router-7-cables-4-lte-cables-2-wifi-cables-1-gps-cable\/#primaryimage\"},\"thumbnailUrl\":\"https:\/\/wifi.se\/fr\/wp-content\/uploads\/sites\/8\/2023\/07\/tak002.jpg\",\"datePublished\":\"2023-07-21T08:41:46+00:00\",\"dateModified\":\"2025-04-09T06:01:24+00:00\",\"description\":\"En 5G rundstr\u00e5lande takantenn som fungerar f\u00f6r alla mobila bandbredder, 2G\/3G\/4G\/5G speciellt framtagen av Wifi.se f\u00f6r optimal mottagning och h\u00f6g hastighet.\",\"breadcrumb\":{\"@id\":\"https:\/\/wifi.se\/fr\/product\/5g-roof-antenna-for-5g-router-7-cables-4-lte-cables-2-wifi-cables-1-gps-cable\/#breadcrumb\"},\"inLanguage\":\"fr-FR\",\"potentialAction\":[{\"@type\":\"ReadAction\",\"target\":[\"https:\/\/wifi.se\/fr\/product\/5g-roof-antenna-for-5g-router-7-cables-4-lte-cables-2-wifi-cables-1-gps-cable\/\"]}]},{\"@type\":\"ImageObject\",\"inLanguage\":\"fr-FR\",\"@id\":\"https:\/\/wifi.se\/fr\/product\/5g-roof-antenna-for-5g-router-7-cables-4-lte-cables-2-wifi-cables-1-gps-cable\/#primaryimage\",\"url\":\"https:\/\/wifi.se\/fr\/wp-content\/uploads\/sites\/8\/2023\/07\/tak002.jpg\",\"contentUrl\":\"https:\/\/wifi.se\/fr\/wp-content\/uploads\/sites\/8\/2023\/07\/tak002.jpg\",\"width\":800,\"height\":800,\"caption\":\"5G takantenn\"},{\"@type\":\"BreadcrumbList\",\"@id\":\"https:\/\/wifi.se\/fr\/product\/5g-roof-antenna-for-5g-router-7-cables-4-lte-cables-2-wifi-cables-1-gps-cable\/#breadcrumb\",\"itemListElement\":[{\"@type\":\"ListItem\",\"position\":1,\"name\":\"Hem\",\"item\":\"https:\/\/wifi.se\/fr\/\"},{\"@type\":\"ListItem\",\"position\":2,\"name\":\"BOUTIQUE\",\"item\":\"https:\/\/wifi.se\/fr\/butik\/\"},{\"@type\":\"ListItem\",\"position\":3,\"name\":\"Antenne de toit 5G pour routeur 5G &#8211; 7 c\u00e2bles\u00a0: 4 c\u00e2bles LTE, 2 c\u00e2bles Wi-Fi, 1 c\u00e2ble GPS\"}]},{\"@type\":\"WebSite\",\"@id\":\"https:\/\/wifi.se\/fr\/#website\",\"url\":\"https:\/\/wifi.se\/fr\/\",\"name\":\"WIFI.SE\/FR\",\"description\":\"INTERNET PARTOUT\",\"potentialAction\":[{\"@type\":\"SearchAction\",\"target\":{\"@type\":\"EntryPoint\",\"urlTemplate\":\"https:\/\/wifi.se\/fr\/?s={search_term_string}\"},\"query-input\":{\"@type\":\"PropertyValueSpecification\",\"valueRequired\":true,\"valueName\":\"search_term_string\"}}],\"inLanguage\":\"fr-FR\"}]}<\/script>\n<!-- \/ Yoast SEO plugin. -->","yoast_head_json":{"title":"Antenne de toit 5G pour routeur 5G - 7 c\u00e2bles\u00a0: 4 c\u00e2bles LTE, 2 c\u00e2bles Wi-Fi, 1 c\u00e2ble GPS - WIFI.SE\/FR","description":"En 5G rundstr\u00e5lande takantenn som fungerar f\u00f6r alla mobila bandbredder, 2G\/3G\/4G\/5G speciellt framtagen av Wifi.se f\u00f6r optimal mottagning och h\u00f6g hastighet.","robots":{"index":"index","follow":"follow","max-snippet":"max-snippet:-1","max-image-preview":"max-image-preview:large","max-video-preview":"max-video-preview:-1"},"canonical":"https:\/\/wifi.se\/fr\/product\/5g-roof-antenna-for-5g-router-7-cables-4-lte-cables-2-wifi-cables-1-gps-cable\/","og_locale":"fr_FR","og_type":"article","og_title":"Antenne de toit 5G pour routeur 5G - 7 c\u00e2bles\u00a0: 4 c\u00e2bles LTE, 2 c\u00e2bles Wi-Fi, 1 c\u00e2ble GPS - WIFI.SE\/FR","og_description":"En 5G rundstr\u00e5lande takantenn som fungerar f\u00f6r alla mobila bandbredder, 2G\/3G\/4G\/5G speciellt framtagen av Wifi.se f\u00f6r optimal mottagning och h\u00f6g hastighet.","og_url":"https:\/\/wifi.se\/fr\/product\/5g-roof-antenna-for-5g-router-7-cables-4-lte-cables-2-wifi-cables-1-gps-cable\/","og_site_name":"WIFI.SE\/FR","article_modified_time":"2025-04-09T06:01:24+00:00","og_image":[{"width":800,"height":800,"url":"https:\/\/wifi.se\/fr\/wp-content\/uploads\/sites\/8\/2023\/07\/tak002.jpg","type":"image\/jpeg"}],"twitter_card":"summary_large_image","twitter_misc":{"Dur\u00e9e de lecture estim\u00e9e":"2 minutes"},"schema":{"@context":"https:\/\/schema.org","@graph":[{"@type":"WebPage","@id":"https:\/\/wifi.se\/fr\/product\/5g-roof-antenna-for-5g-router-7-cables-4-lte-cables-2-wifi-cables-1-gps-cable\/","url":"https:\/\/wifi.se\/fr\/product\/5g-roof-antenna-for-5g-router-7-cables-4-lte-cables-2-wifi-cables-1-gps-cable\/","name":"Antenne de toit 5G pour routeur 5G - 7 c\u00e2bles\u00a0: 4 c\u00e2bles LTE, 2 c\u00e2bles Wi-Fi, 1 c\u00e2ble GPS - WIFI.SE\/FR","isPartOf":{"@id":"https:\/\/wifi.se\/fr\/#website"},"primaryImageOfPage":{"@id":"https:\/\/wifi.se\/fr\/product\/5g-roof-antenna-for-5g-router-7-cables-4-lte-cables-2-wifi-cables-1-gps-cable\/#primaryimage"},"image":{"@id":"https:\/\/wifi.se\/fr\/product\/5g-roof-antenna-for-5g-router-7-cables-4-lte-cables-2-wifi-cables-1-gps-cable\/#primaryimage"},"thumbnailUrl":"https:\/\/wifi.se\/fr\/wp-content\/uploads\/sites\/8\/2023\/07\/tak002.jpg","datePublished":"2023-07-21T08:41:46+00:00","dateModified":"2025-04-09T06:01:24+00:00","description":"En 5G rundstr\u00e5lande takantenn som fungerar f\u00f6r alla mobila bandbredder, 2G\/3G\/4G\/5G speciellt framtagen av Wifi.se f\u00f6r optimal mottagning och h\u00f6g hastighet.","breadcrumb":{"@id":"https:\/\/wifi.se\/fr\/product\/5g-roof-antenna-for-5g-router-7-cables-4-lte-cables-2-wifi-cables-1-gps-cable\/#breadcrumb"},"inLanguage":"fr-FR","potentialAction":[{"@type":"ReadAction","target":["https:\/\/wifi.se\/fr\/product\/5g-roof-antenna-for-5g-router-7-cables-4-lte-cables-2-wifi-cables-1-gps-cable\/"]}]},{"@type":"ImageObject","inLanguage":"fr-FR","@id":"https:\/\/wifi.se\/fr\/product\/5g-roof-antenna-for-5g-router-7-cables-4-lte-cables-2-wifi-cables-1-gps-cable\/#primaryimage","url":"https:\/\/wifi.se\/fr\/wp-content\/uploads\/sites\/8\/2023\/07\/tak002.jpg","contentUrl":"https:\/\/wifi.se\/fr\/wp-content\/uploads\/sites\/8\/2023\/07\/tak002.jpg","width":800,"height":800,"caption":"5G takantenn"},{"@type":"BreadcrumbList","@id":"https:\/\/wifi.se\/fr\/product\/5g-roof-antenna-for-5g-router-7-cables-4-lte-cables-2-wifi-cables-1-gps-cable\/#breadcrumb","itemListElement":[{"@type":"ListItem","position":1,"name":"Hem","item":"https:\/\/wifi.se\/fr\/"},{"@type":"ListItem","position":2,"name":"BOUTIQUE","item":"https:\/\/wifi.se\/fr\/butik\/"},{"@type":"ListItem","position":3,"name":"Antenne de toit 5G pour routeur 5G &#8211; 7 c\u00e2bles\u00a0: 4 c\u00e2bles LTE, 2 c\u00e2bles Wi-Fi, 1 c\u00e2ble GPS"}]},{"@type":"WebSite","@id":"https:\/\/wifi.se\/fr\/#website","url":"https:\/\/wifi.se\/fr\/","name":"WIFI.SE\/FR","description":"INTERNET PARTOUT","potentialAction":[{"@type":"SearchAction","target":{"@type":"EntryPoint","urlTemplate":"https:\/\/wifi.se\/fr\/?s={search_term_string}"},"query-input":{"@type":"PropertyValueSpecification","valueRequired":true,"valueName":"search_term_string"}}],"inLanguage":"fr-FR"}]}},"_links":{"self":[{"href":"https:\/\/wifi.se\/fr\/wp-json\/wp\/v2\/product\/21908","targetHints":{"allow":["GET"]}}],"collection":[{"href":"https:\/\/wifi.se\/fr\/wp-json\/wp\/v2\/product"}],"about":[{"href":"https:\/\/wifi.se\/fr\/wp-json\/wp\/v2\/types\/product"}],"wp:featuredmedia":[{"embeddable":true,"href":"https:\/\/wifi.se\/fr\/wp-json\/wp\/v2\/media\/30273"}],"wp:attachment":[{"href":"https:\/\/wifi.se\/fr\/wp-json\/wp\/v2\/media?parent=21908"}],"wp:term":[{"taxonomy":"product_brand","embeddable":true,"href":"https:\/\/wifi.se\/fr\/wp-json\/wp\/v2\/product_brand?post=21908"},{"taxonomy":"product_cat","embeddable":true,"href":"https:\/\/wifi.se\/fr\/wp-json\/wp\/v2\/product_cat?post=21908"},{"taxonomy":"product_tag","embeddable":true,"href":"https:\/\/wifi.se\/fr\/wp-json\/wp\/v2\/product_tag?post=21908"}],"curies":[{"name":"wp","href":"https:\/\/api.w.org\/{rel}","templated":true}]}}