{"id":20822,"date":"2023-05-29T02:15:52","date_gmt":"2023-05-29T00:15:52","guid":{"rendered":"https:\/\/wifi.se\/?post_type=product&#038;p=20822"},"modified":"2025-04-09T08:03:21","modified_gmt":"2025-04-09T06:03:21","slug":"5g-router-for-rv","status":"publish","type":"product","link":"https:\/\/wifi.se\/fr\/product\/5g-router-for-rv\/","title":{"rendered":"Routeur 5G pour camping-car \/ caravane \/ bateau avec kit de c\u00e2blage complet et antenne de toit 5G avec WiFi int\u00e9gr\u00e9"},"content":{"rendered":"<div class=\"\">\n<div class=\"\">\n<div class=\"\">Vous pouvez visionner une vid\u00e9o montrant le routeur et l&#8217;antenne, et comment Micke les installe.<\/div>\n<p>&nbsp;<\/p>\n<\/div>\n<div class=\"\">Ce routeur a \u00e9t\u00e9 d\u00e9velopp\u00e9 pour r\u00e9pondre \u00e0 des exigences \u00e9lev\u00e9es en mati\u00e8re de polyvalence, de durabilit\u00e9, de fiabilit\u00e9 et de faible consommation d&#8217;\u00e9nergie. Il est donc parfaitement adapt\u00e9, par exemple, aux camping-cars, aux bateaux, aux maisons de vacances ou au camping. Sa coque ext\u00e9rieure en aluminium robuste lui permet de supporter des temp\u00e9ratures de fonctionnement allant de -40 \u00e0 75 \u00b0C.<\/div>\n<div class=\"\">Ce routeur 5G est l&#8217;un des plus puissants et des plus fiables du march\u00e9. Il est id\u00e9al pour les plus exigeants et qui recherchent le meilleur. Tr\u00e8s rapide gr\u00e2ce \u00e0 son r\u00e9seau gigabit et son double Wi-Fi, il offre un d\u00e9bit exceptionnel. Il est incomparable aux routeurs domestiques.<\/div>\n<p>&nbsp; <\/p>\n<div class=\"\"><strong>Pack sp\u00e9cial avec kit de c\u00e2blage et antenne de toit<\/strong><\/div>\n<div class=\"\">Nous avons con\u00e7u un pack sp\u00e9cial pour ce routeur. Il comprend un kit de c\u00e2blage complet comprenant un c\u00e2ble 230 V, un c\u00e2ble 12 V directement connect\u00e9 \u00e0 la batterie et un c\u00e2ble 12 V connect\u00e9 \u00e0 l&#8217;allume-cigare. Tout cela pour faciliter l&#8217;installation. Aucune connaissance particuli\u00e8re n&#8217;est requise pour utiliser ce routeur. Il suffit de le brancher et vous aurez Internet en moins d&#8217;une minute.<\/div>\n<div class=\"\"><strong>Antenne de toit<\/strong><\/div>\n<div class=\"\">Ce pack comprend une antenne MIMO omnidirectionnelle 5G compatible avec toutes les bandes passantes mobiles (2G\/3G\/4G\/5G) et quasiment compatible avec la 6G. Sp\u00e9cialement d\u00e9velopp\u00e9e par nos soins pour une r\u00e9ception et un d\u00e9bit optimaux. Cette antenne est \u00e9quip\u00e9e de 6 c\u00e2bles\u00a0: 4 c\u00e2bles LTE se connectant directement au routeur (5G), 4 c\u00e2bles LTE et 2 c\u00e2bles Wi-Fi pour une perte de signal minimale. Vous b\u00e9n\u00e9ficiez du Wi-Fi \u00e0 l&#8217;int\u00e9rieur du v\u00e9hicule et jusqu&#8217;\u00e0 50\u00a0m\u00e8tres \u00e0 l&#8217;ext\u00e9rieur. Les \u00e9l\u00e9ments de l&#8217;antenne sont tr\u00e8s puissants et offrent une amplification de 10\u00a0dBi. Cette antenne incroyablement robuste est \u00e9galement certifi\u00e9e IP\u00a068. L&#8217;antenne mesure 19\u00a0cm de diam\u00e8tre et 5\u00a0cm de haut, et gr\u00e2ce \u00e0 sa taille, elle est dot\u00e9e d&#8217;\u00e9l\u00e9ments tr\u00e8s puissants. L&#8217;antenne est dot\u00e9e d&#8217;une longueur de vis de 60\u00a0mm, id\u00e9ale pour l&#8217;installation. (Auparavant, nous utilisions des vis de 40\u00a0mm, mais d\u00e9sormais, toutes les vis font 60\u00a0mm). Voir le sch\u00e9ma ci-joint.<\/div>\n<div class=\"\">Contenu du coffret\u00a0:<\/div>\n<ul>\n<li>Routeur Wifi Extreme 5G<\/li>\n<li>Antenne de toit 5G avec gain de 10\u00a0dBi<\/li>\n<li>C\u00e2ble d&#8217;alimentation 12\u00a0V pour l&#8217;installation sur la batterie<\/li>\n<li>C\u00e2ble d&#8217;alimentation 12\u00a0V pour une installation facile (prise allume-cigare)<\/li>\n<li>C\u00e2ble d&#8217;alimentation 230\u00a0V<\/li>\n<li>Quatre sangles Velcro robustes W\u00fcrth pour la fixation murale<\/li>\n<li>D\u00e9verrouill\u00e9 pour l&#8217;itin\u00e9rance\u00a0: aucun r\u00e9glage requis pour le fonctionnement du routeur \u00e0 l&#8217;\u00e9tranger<\/li>\n<li>5 ports Ethernet Gigabit<\/li>\n<li>Wi-Fi double bande (vitesse Wi-Fi trois fois sup\u00e9rieure \u00e0 celle d&#8217;un routeur classique)<\/li>\n<li>Quatre antennes fixes incluses de s\u00e9rie pour la 4G et le Wi-Fi<\/li>\n<li>\u00c9quip\u00e9 d&#8217;un GPS et d&#8217;une antenne GPS<\/li>\n<li>Conception robuste avec protection contre la temp\u00e9rature Plage de temp\u00e9ratures de -40 \u00e0 75 degr\u00e9s<\/li>\n<li>Livr\u00e9 test\u00e9 et pr\u00eat \u00e0 l&#8217;emploi. Branchez-le et le routeur est op\u00e9rationnel en moins d&#8217;une minute.<\/li>\n<li>Deux emplacements pour carte SIM<\/li>\n<li>Tension de fonctionnement\u00a0: 9-50\u00a0V (CC)<\/li>\n<li>Consommation\u00a0: 16\u00a0W<\/li>\n<li>Dimensions\u00a0: 115\u00a0x\u00a095\u00a0x\u00a044\u00a0mm<\/li>\n<li>Poids\u00a0: 456\u00a0grammes<\/li>\n<li>Fonctions sp\u00e9ciales simplifi\u00e9es pour les param\u00e8tres du routeur en tant que client Wifi.se<\/li>\n<\/ul>\n<div class=\"\"><strong>L&#8217;avenir de la connectivit\u00e9 avec notre routeur 5G et nos nouvelles cartes SIM<\/strong><\/div>\n<div class=\"\">Dans un monde o\u00f9 la connectivit\u00e9 est primordiale, nous sommes fiers d&#8217;offrir bien plus qu&#8217;un simple produit\u00a0: nous proposons une solution compl\u00e8te. En choisissant notre routeur 5G, vous b\u00e9n\u00e9ficiez non seulement d&#8217;un appareil, mais aussi d&#8217;une exp\u00e9rience unique sur le march\u00e9. Nous nous distinguons par notre service client de qualit\u00e9 sup\u00e9rieure, disponible par t\u00e9l\u00e9phone et par e-mail, pour vous apporter l&#8217;aide dont vous avez besoin, quand vous en avez besoin. Notre fonction de contr\u00f4le \u00e0 distance r\u00e9volutionne votre fa\u00e7on de g\u00e9rer les probl\u00e8mes techniques en permettant \u00e0 nos techniciens de r\u00e9soudre les probl\u00e8mes \u00e0 distance, directement sur votre appareil, o\u00f9 que vous soyez dans le monde.<\/div>\n<div class=\"\">Notre gamme comprend non seulement un routeur 5G, mais aussi une antenne de toit d\u00e9velopp\u00e9e par nos soins, qui \u00e9tablit une nouvelle norme en mati\u00e8re de vitesse et de fiabilit\u00e9. Sa capacit\u00e9 in\u00e9gal\u00e9e en r\u00e9ception et en transmission garantit une connexion fiable, comparable \u00e0 celle de la fibre optique, \u00e0 l&#8217;int\u00e9rieur comme \u00e0 l&#8217;ext\u00e9rieur de votre domicile.<\/div>\n<div class=\"\">Nous compl\u00e9tons notre expertise technique par une application intuitive qui vous ouvre la voie \u00e0 des services et fonctionnalit\u00e9s suppl\u00e9mentaires directement depuis votre routeur. Cette application simplifie plus que jamais la personnalisation et l&#8217;optimisation de votre connexion.<\/div>\n<div class=\"\">Chez nous, il ne s&#8217;agit pas seulement de vendre des produits\u00a0; il s&#8217;agit de vous proposer une solution adapt\u00e9e \u00e0 vos besoins, o\u00f9 que vous soyez en Su\u00e8de ou en Europe. Notre ambition est de vous offrir les meilleurs produits avec le service le plus fiable, afin que votre exp\u00e9rience num\u00e9rique soit toujours au premier plan. Bienvenue dans le futur de la connectivit\u00e9, o\u00f9 libert\u00e9 et fiabilit\u00e9 se rencontrent.<\/div>\n<div class=\"\">En plus de notre mat\u00e9riel, nous proposons \u00e9galement des solutions de cartes SIM personnalis\u00e9es. Choisissez entre des cartes SIM optimis\u00e9es pour la Su\u00e8de ou des cartes SIM d&#8217;itin\u00e9rance pour une utilisation en Europe, avec des forfaits de donn\u00e9es g\u00e9n\u00e9reux jusqu&#8217;\u00e0 400 Go par mois. Voyagez ainsi en Europe en toute s\u00e9r\u00e9nit\u00e9, en sachant que vous \u00eates toujours connect\u00e9.<\/div>\n<p><a href=\"https:\/\/wifi.se\/manual-router-wifi-performance-5g\/\"><strong>Consultez notre manuel<\/strong><\/a><\/p>\n<\/div>\n","protected":false},"excerpt":{"rendered":"<p><strong>Performances Wi-Fi 5G. Le routeur id\u00e9al pour les propri\u00e9taires de camping-car, de caravane ou de bateau qui recherchent le meilleur.<\/strong><\/p>\n<p>Nouveau routeur 5G avec antenne de toit sur mesure\u00a0: pour ceux qui recherchent le syst\u00e8me le plus rapide et le plus stable du march\u00e9.<\/p>\n<p>Wifi.se a d\u00e9velopp\u00e9 un nouveau routeur 5G avec antenne de toit. Certifi\u00e9e IP68, cette antenne r\u00e9pond aux normes de qualit\u00e9 les plus strictes et est sp\u00e9cialement con\u00e7ue pour ce routeur.<\/p>\n<p>L&#8217;antenne 5G est compos\u00e9e de six c\u00e2bles\u00a0: quatre c\u00e2bles 5G et deux c\u00e2bles Wi-Fi. Les performances du routeur \u00e9quip\u00e9 de cette antenne sont incroyables\u00a0; il n&#8217;est pas rare d&#8217;atteindre des vitesses de t\u00e9l\u00e9chargement sup\u00e9rieures \u00e0 400\u00a0Mbit\/s en Wi-Fi.<\/p>\n<p>Carte SIM non incluse\u00a0!<\/p>\n","protected":false},"featured_media":32130,"template":"","meta":{"_acf_changed":false},"product_brand":[],"product_cat":[464,438],"product_tag":[290,247,245,66,40],"class_list":{"0":"post-20822","1":"product","2":"type-product","3":"status-publish","4":"has-post-thumbnail","6":"product_cat-router","7":"product_cat-5g-router-med-5g-takantenn","8":"product_tag-100-gb","9":"product_tag-eu-ess","10":"product_tag-roaming","11":"product_tag-router","12":"product_tag-wifi","13":"product_shipping_class-sim-kort-med-router","15":"first","16":"instock","17":"taxable","18":"shipping-taxable","19":"purchasable","20":"product-type-simple"},"bundled_by":[],"bundle_stock_status":"instock","bundle_stock_quantity":null,"bundle_virtual":false,"bundle_layout":"","bundle_add_to_cart_form_location":"","bundle_editable_in_cart":false,"bundle_sold_individually_context":"","bundle_item_grouping":"","bundle_min_size":"","bundle_max_size":"","bundle_price":[],"bundled_items":[],"bundle_sell_ids":[],"acf":{"accounting_number":"1940","accounting_number_kopiera2":"2611","accounting_number_kopiera3":"3520","accounting_number_kopiera4":"3011","accounting_number_kopiera5":"1510","accounting_number_kopiera6":"1511"},"yoast_head":"<!-- This site is optimized with the Yoast SEO plugin v27.1.1 - https:\/\/yoast.com\/product\/yoast-seo-wordpress\/ -->\n<title>5G Router Wifi Performance med fullt kabelpaket och 5G takantenn med Wifi \u2013 Utan SiM<\/title>\n<meta name=\"description\" content=\"Ny 5G router med egentillverkad takantenn \u2013 F\u00f6r dig som vill ha det snabbaste och mest stabila system som g\u00e5r att k\u00f6pa. M\u00e4tresultaten f\u00f6r routern med denna antenn \u00e4r otroliga, det \u00e4r inte ovanligt att man f\u00e5r nerladdning p\u00e5 \u00f6ver 400 Mbit\/sek.\" \/>\n<meta name=\"robots\" content=\"index, follow, max-snippet:-1, max-image-preview:large, max-video-preview:-1\" \/>\n<link rel=\"canonical\" href=\"https:\/\/wifi.se\/fr\/product\/5g-router-for-rv\/\" \/>\n<meta property=\"og:locale\" content=\"fr_FR\" \/>\n<meta property=\"og:type\" content=\"article\" \/>\n<meta property=\"og:title\" content=\"5G Router Wifi Performance med fullt kabelpaket och 5G takantenn med Wifi \u2013 Utan SiM\" \/>\n<meta property=\"og:description\" content=\"Ny 5G router med egentillverkad takantenn \u2013 F\u00f6r dig som vill ha det snabbaste och mest stabila system som g\u00e5r att k\u00f6pa. M\u00e4tresultaten f\u00f6r routern med denna antenn \u00e4r otroliga, det \u00e4r inte ovanligt att man f\u00e5r nerladdning p\u00e5 \u00f6ver 400 Mbit\/sek.\" \/>\n<meta property=\"og:url\" content=\"https:\/\/wifi.se\/fr\/product\/5g-router-for-rv\/\" \/>\n<meta property=\"og:site_name\" content=\"WIFI.SE\/FR\" \/>\n<meta property=\"article:modified_time\" content=\"2025-04-09T06:03:21+00:00\" \/>\n<meta property=\"og:image\" content=\"https:\/\/wifi.se\/fr\/wp-content\/uploads\/sites\/8\/2023\/05\/routerpake.jpg\" \/>\n\t<meta property=\"og:image:width\" content=\"800\" \/>\n\t<meta property=\"og:image:height\" content=\"800\" \/>\n\t<meta property=\"og:image:type\" content=\"image\/jpeg\" \/>\n<meta name=\"twitter:card\" content=\"summary_large_image\" \/>\n<meta name=\"twitter:label1\" content=\"Dur\u00e9e de lecture estim\u00e9e\" \/>\n\t<meta name=\"twitter:data1\" content=\"5 minutes\" \/>\n<script type=\"application\/ld+json\" class=\"yoast-schema-graph\">{\"@context\":\"https:\/\/schema.org\",\"@graph\":[{\"@type\":\"WebPage\",\"@id\":\"https:\/\/wifi.se\/fr\/product\/5g-router-for-rv\/\",\"url\":\"https:\/\/wifi.se\/fr\/product\/5g-router-for-rv\/\",\"name\":\"5G Router Wifi Performance med fullt kabelpaket och 5G takantenn med Wifi \u2013 Utan SiM\",\"isPartOf\":{\"@id\":\"https:\/\/wifi.se\/fr\/#website\"},\"primaryImageOfPage\":{\"@id\":\"https:\/\/wifi.se\/fr\/product\/5g-router-for-rv\/#primaryimage\"},\"image\":{\"@id\":\"https:\/\/wifi.se\/fr\/product\/5g-router-for-rv\/#primaryimage\"},\"thumbnailUrl\":\"https:\/\/wifi.se\/fr\/wp-content\/uploads\/sites\/8\/2023\/05\/routerpake.jpg\",\"datePublished\":\"2023-05-29T00:15:52+00:00\",\"dateModified\":\"2025-04-09T06:03:21+00:00\",\"description\":\"Ny 5G router med egentillverkad takantenn \u2013 F\u00f6r dig som vill ha det snabbaste och mest stabila system som g\u00e5r att k\u00f6pa. M\u00e4tresultaten f\u00f6r routern med denna antenn \u00e4r otroliga, det \u00e4r inte ovanligt att man f\u00e5r nerladdning p\u00e5 \u00f6ver 400 Mbit\/sek.\",\"breadcrumb\":{\"@id\":\"https:\/\/wifi.se\/fr\/product\/5g-router-for-rv\/#breadcrumb\"},\"inLanguage\":\"fr-FR\",\"potentialAction\":[{\"@type\":\"ReadAction\",\"target\":[\"https:\/\/wifi.se\/fr\/product\/5g-router-for-rv\/\"]}]},{\"@type\":\"ImageObject\",\"inLanguage\":\"fr-FR\",\"@id\":\"https:\/\/wifi.se\/fr\/product\/5g-router-for-rv\/#primaryimage\",\"url\":\"https:\/\/wifi.se\/fr\/wp-content\/uploads\/sites\/8\/2023\/05\/routerpake.jpg\",\"contentUrl\":\"https:\/\/wifi.se\/fr\/wp-content\/uploads\/sites\/8\/2023\/05\/routerpake.jpg\",\"width\":800,\"height\":800},{\"@type\":\"BreadcrumbList\",\"@id\":\"https:\/\/wifi.se\/fr\/product\/5g-router-for-rv\/#breadcrumb\",\"itemListElement\":[{\"@type\":\"ListItem\",\"position\":1,\"name\":\"Hem\",\"item\":\"https:\/\/wifi.se\/fr\/\"},{\"@type\":\"ListItem\",\"position\":2,\"name\":\"BOUTIQUE\",\"item\":\"https:\/\/wifi.se\/fr\/butik\/\"},{\"@type\":\"ListItem\",\"position\":3,\"name\":\"Routeur 5G pour camping-car \/ caravane \/ bateau avec kit de c\u00e2blage complet et antenne de toit 5G avec WiFi int\u00e9gr\u00e9\"}]},{\"@type\":\"WebSite\",\"@id\":\"https:\/\/wifi.se\/fr\/#website\",\"url\":\"https:\/\/wifi.se\/fr\/\",\"name\":\"WIFI.SE\/FR\",\"description\":\"INTERNET PARTOUT\",\"potentialAction\":[{\"@type\":\"SearchAction\",\"target\":{\"@type\":\"EntryPoint\",\"urlTemplate\":\"https:\/\/wifi.se\/fr\/?s={search_term_string}\"},\"query-input\":{\"@type\":\"PropertyValueSpecification\",\"valueRequired\":true,\"valueName\":\"search_term_string\"}}],\"inLanguage\":\"fr-FR\"}]}<\/script>\n<!-- \/ Yoast SEO plugin. -->","yoast_head_json":{"title":"5G Router Wifi Performance med fullt kabelpaket och 5G takantenn med Wifi \u2013 Utan SiM","description":"Ny 5G router med egentillverkad takantenn \u2013 F\u00f6r dig som vill ha det snabbaste och mest stabila system som g\u00e5r att k\u00f6pa. M\u00e4tresultaten f\u00f6r routern med denna antenn \u00e4r otroliga, det \u00e4r inte ovanligt att man f\u00e5r nerladdning p\u00e5 \u00f6ver 400 Mbit\/sek.","robots":{"index":"index","follow":"follow","max-snippet":"max-snippet:-1","max-image-preview":"max-image-preview:large","max-video-preview":"max-video-preview:-1"},"canonical":"https:\/\/wifi.se\/fr\/product\/5g-router-for-rv\/","og_locale":"fr_FR","og_type":"article","og_title":"5G Router Wifi Performance med fullt kabelpaket och 5G takantenn med Wifi \u2013 Utan SiM","og_description":"Ny 5G router med egentillverkad takantenn \u2013 F\u00f6r dig som vill ha det snabbaste och mest stabila system som g\u00e5r att k\u00f6pa. M\u00e4tresultaten f\u00f6r routern med denna antenn \u00e4r otroliga, det \u00e4r inte ovanligt att man f\u00e5r nerladdning p\u00e5 \u00f6ver 400 Mbit\/sek.","og_url":"https:\/\/wifi.se\/fr\/product\/5g-router-for-rv\/","og_site_name":"WIFI.SE\/FR","article_modified_time":"2025-04-09T06:03:21+00:00","og_image":[{"width":800,"height":800,"url":"https:\/\/wifi.se\/fr\/wp-content\/uploads\/sites\/8\/2023\/05\/routerpake.jpg","type":"image\/jpeg"}],"twitter_card":"summary_large_image","twitter_misc":{"Dur\u00e9e de lecture estim\u00e9e":"5 minutes"},"schema":{"@context":"https:\/\/schema.org","@graph":[{"@type":"WebPage","@id":"https:\/\/wifi.se\/fr\/product\/5g-router-for-rv\/","url":"https:\/\/wifi.se\/fr\/product\/5g-router-for-rv\/","name":"5G Router Wifi Performance med fullt kabelpaket och 5G takantenn med Wifi \u2013 Utan SiM","isPartOf":{"@id":"https:\/\/wifi.se\/fr\/#website"},"primaryImageOfPage":{"@id":"https:\/\/wifi.se\/fr\/product\/5g-router-for-rv\/#primaryimage"},"image":{"@id":"https:\/\/wifi.se\/fr\/product\/5g-router-for-rv\/#primaryimage"},"thumbnailUrl":"https:\/\/wifi.se\/fr\/wp-content\/uploads\/sites\/8\/2023\/05\/routerpake.jpg","datePublished":"2023-05-29T00:15:52+00:00","dateModified":"2025-04-09T06:03:21+00:00","description":"Ny 5G router med egentillverkad takantenn \u2013 F\u00f6r dig som vill ha det snabbaste och mest stabila system som g\u00e5r att k\u00f6pa. M\u00e4tresultaten f\u00f6r routern med denna antenn \u00e4r otroliga, det \u00e4r inte ovanligt att man f\u00e5r nerladdning p\u00e5 \u00f6ver 400 Mbit\/sek.","breadcrumb":{"@id":"https:\/\/wifi.se\/fr\/product\/5g-router-for-rv\/#breadcrumb"},"inLanguage":"fr-FR","potentialAction":[{"@type":"ReadAction","target":["https:\/\/wifi.se\/fr\/product\/5g-router-for-rv\/"]}]},{"@type":"ImageObject","inLanguage":"fr-FR","@id":"https:\/\/wifi.se\/fr\/product\/5g-router-for-rv\/#primaryimage","url":"https:\/\/wifi.se\/fr\/wp-content\/uploads\/sites\/8\/2023\/05\/routerpake.jpg","contentUrl":"https:\/\/wifi.se\/fr\/wp-content\/uploads\/sites\/8\/2023\/05\/routerpake.jpg","width":800,"height":800},{"@type":"BreadcrumbList","@id":"https:\/\/wifi.se\/fr\/product\/5g-router-for-rv\/#breadcrumb","itemListElement":[{"@type":"ListItem","position":1,"name":"Hem","item":"https:\/\/wifi.se\/fr\/"},{"@type":"ListItem","position":2,"name":"BOUTIQUE","item":"https:\/\/wifi.se\/fr\/butik\/"},{"@type":"ListItem","position":3,"name":"Routeur 5G pour camping-car \/ caravane \/ bateau avec kit de c\u00e2blage complet et antenne de toit 5G avec WiFi int\u00e9gr\u00e9"}]},{"@type":"WebSite","@id":"https:\/\/wifi.se\/fr\/#website","url":"https:\/\/wifi.se\/fr\/","name":"WIFI.SE\/FR","description":"INTERNET PARTOUT","potentialAction":[{"@type":"SearchAction","target":{"@type":"EntryPoint","urlTemplate":"https:\/\/wifi.se\/fr\/?s={search_term_string}"},"query-input":{"@type":"PropertyValueSpecification","valueRequired":true,"valueName":"search_term_string"}}],"inLanguage":"fr-FR"}]}},"_links":{"self":[{"href":"https:\/\/wifi.se\/fr\/wp-json\/wp\/v2\/product\/20822","targetHints":{"allow":["GET"]}}],"collection":[{"href":"https:\/\/wifi.se\/fr\/wp-json\/wp\/v2\/product"}],"about":[{"href":"https:\/\/wifi.se\/fr\/wp-json\/wp\/v2\/types\/product"}],"wp:featuredmedia":[{"embeddable":true,"href":"https:\/\/wifi.se\/fr\/wp-json\/wp\/v2\/media\/32130"}],"wp:attachment":[{"href":"https:\/\/wifi.se\/fr\/wp-json\/wp\/v2\/media?parent=20822"}],"wp:term":[{"taxonomy":"product_brand","embeddable":true,"href":"https:\/\/wifi.se\/fr\/wp-json\/wp\/v2\/product_brand?post=20822"},{"taxonomy":"product_cat","embeddable":true,"href":"https:\/\/wifi.se\/fr\/wp-json\/wp\/v2\/product_cat?post=20822"},{"taxonomy":"product_tag","embeddable":true,"href":"https:\/\/wifi.se\/fr\/wp-json\/wp\/v2\/product_tag?post=20822"}],"curies":[{"name":"wp","href":"https:\/\/api.w.org\/{rel}","templated":true}]}}