{"id":19630,"date":"2023-03-11T09:00:08","date_gmt":"2023-03-11T07:00:08","guid":{"rendered":"https:\/\/wifi.se\/?post_type=product&#038;p=19630"},"modified":"2025-04-09T08:06:44","modified_gmt":"2025-04-09T06:06:44","slug":"chromecast-tv-adapter-for-usb-google-streamer-tv-via-12-volt-works-with-tv-usb","status":"publish","type":"product","link":"https:\/\/wifi.se\/fr\/product\/chromecast-tv-adapter-for-usb-google-streamer-tv-via-12-volt-works-with-tv-usb\/","title":{"rendered":"Adaptateur TV Chromecast pour USB \u2013 Google Streamer TV via 12 volts, fonctionne avec TV USB"},"content":{"rendered":"<p>ADAPTATEUR TV CHROMECAST POUR USB &#8211; ALIMENTATION CHROMECAST VIA 12 VOLTS PAR LE PORT USB DU T\u00c9L\u00c9VISEUR (COMPATIBLE AVEC LE NOUVEAU GOOGLE STREAMER TV)<\/p>\n<p>Cet adaptateur TV intelligent pour Chromecast vous permet d&#8217;alimenter votre Chromecast via le port USB de votre t\u00e9l\u00e9viseur ou un autre port USB plut\u00f4t qu&#8217;une prise 230 volts. L&#8217;installation est plus propre et la solution est plus simple, surtout si votre t\u00e9l\u00e9viseur est fix\u00e9 au mur et qu&#8217;il est difficile d&#8217;acc\u00e9der \u00e0 une prise de courant.<\/p>\n<p>Caract\u00e9ristiques\u00a0:<\/p>\n<p>Compatible avec tous les mod\u00e8les de Chromecast.<br \/>\nSe connecte au port USB du t\u00e9l\u00e9viseur ou \u00e0 un autre port USB pour alimenter le Chromecast.<br \/>\nPlus besoin de prise murale suppl\u00e9mentaire.<br \/>\nId\u00e9al pour une installation sur un t\u00e9l\u00e9viseur fix\u00e9 au mur.<br \/>\nPour d\u00e9couvrir son fonctionnement, regardez la vid\u00e9o suivante\u00a0:<\/p>\n<p><iframe loading=\"lazy\" title=\"TITTA HUR V\u00c5R NYA CHROMECAST USB ADAPTER FUNGERAR\" width=\"1020\" height=\"574\" src=\"https:\/\/www.youtube.com\/embed\/98zdsnEN86c?feature=oembed\" frameborder=\"0\" allow=\"accelerometer; autoplay; clipboard-write; encrypted-media; gyroscope; picture-in-picture; web-share\" referrerpolicy=\"strict-origin-when-cross-origin\" allowfullscreen><\/iframe><\/p>\n<p>Il suffit de le charger pendant 60\u00a0minutes, et plus jamais. Ce produit brevet\u00e9 est incroyablement efficace. Il est livr\u00e9 charg\u00e9 et pr\u00eat \u00e0 l&#8217;emploi, mais nous recommandons toujours de le charger une fois avant la premi\u00e8re utilisation. Une seule charge suffit et il re\u00e7oit ensuite suffisamment d&#8217;\u00e9nergie pour rester charg\u00e9 via le port USB du t\u00e9l\u00e9viseur.<\/p>\n<p>Le Chromecast TV n\u00e9cessite 1,5\u00a0A pour fonctionner. En branchant notre adaptateur sur le port USB du t\u00e9l\u00e9viseur, m\u00eame un port ne d\u00e9livrant que 0,5\u00a0A assurera une diffusion parfaite.<\/p>\n<p>Si le port USB de votre t\u00e9l\u00e9viseur ne fournit pas suffisamment de courant, vous pouvez utiliser un autre chargeur USB branch\u00e9 sur 12\u00a0V. Autrement dit, vous pouvez \u00e9galement connecter cet adaptateur Chromecast \u00e0 12\u00a0V via un adaptateur USB.<\/p>\n<ul>\n<li>Plus besoin de prise secteur<\/li>\n<li>Chargez une seule fois (60 minutes recommand\u00e9es)<\/li>\n<li>Adaptateur Chromecast se connectant directement \u00e0 votre t\u00e9l\u00e9viseur par USB<\/li>\n<li>Compatibilit\u00e9 universelle avec tous les ports USB aliment\u00e9s<\/li>\n<li>Compatible avec tous les mod\u00e8les de Chromecast, y compris Chromecast TV et les anciennes versions.<\/li>\n<\/ul>\n<p>REGARDEZ MICKE \u00ab\u00a0THE HUB\u00a0\u00bb TESTANT NOTRE ADAPTATEUR CHROMECAST<\/p>\n<p><iframe loading=\"lazy\" title=\"Chromecast.Litiumbatteri &amp; Inverter\" width=\"1020\" height=\"574\" src=\"https:\/\/www.youtube.com\/embed\/b6FeUqSQuKU?feature=oembed\" frameborder=\"0\" allow=\"accelerometer; autoplay; clipboard-write; encrypted-media; gyroscope; picture-in-picture; web-share\" referrerpolicy=\"strict-origin-when-cross-origin\" allowfullscreen><\/iframe><\/p>\n","protected":false},"excerpt":{"rendered":"<p><strong>ADAPTATEUR TV CHROMECAST POUR USB &#8211; CHROMECAST VIA 12 VOLTS FONCTIONNE AVEC LE PORT USB DU T\u00c9L\u00c9VISEUR<\/strong><\/p>\n<ul>\n<li>Plus besoin de prise secteur<\/li>\n<li>Compatibilit\u00e9 universelle avec tous les ports USB aliment\u00e9s<\/li>\n<li>Conception brevet\u00e9e<\/li>\n<li>Compatible avec tous les appareils Chromecast, tels que Chromecast TV et tous les anciens mod\u00e8les de Chromecast.<\/li>\n<li>Se recharge une seule fois\u00a0: 60 minutes suffisent.<\/li>\n<\/ul>\n<p><a href=\"https:\/\/wifi.se\/produkt\/adapter-for-chromecast-for-tvns-usb-uttag\/\" target=\"_blank\" rel=\"noopener\">En savoir plus sur Husbil &amp; Avis sur Husvagn &#8211; Cliquez ici<\/a><\/p>\n<p><a href=\"https:\/\/alltomhusbilen.se\/senaste-chromecast-gor-din-tv-smartare\/\" target=\"_blank\" rel=\"noopener\">Lire l&#8217;avis sur Alltomhusbilen.se ici &#8211; Cliquez ici<\/a><\/p>\n","protected":false},"featured_media":30285,"template":"","meta":{"_acf_changed":false},"product_brand":[],"product_cat":[466,74,465],"product_tag":[417],"class_list":{"0":"post-19630","1":"product","2":"type-product","3":"status-publish","4":"has-post-thumbnail","6":"product_cat-google-chromecast-adapter","7":"product_cat-stromkablar","8":"product_cat-accessories","9":"product_tag-chromecast","10":"product_shipping_class-tillbehor","12":"first","13":"instock","14":"taxable","15":"shipping-taxable","16":"purchasable","17":"product-type-simple"},"bundled_by":[],"bundle_stock_status":"instock","bundle_stock_quantity":null,"bundle_virtual":false,"bundle_layout":"","bundle_add_to_cart_form_location":"","bundle_editable_in_cart":false,"bundle_sold_individually_context":"","bundle_item_grouping":"","bundle_min_size":"","bundle_max_size":"","bundle_price":[],"bundled_items":[],"bundle_sell_ids":[],"acf":{"accounting_number":"1940","accounting_number_kopiera2":"2611","accounting_number_kopiera3":"3017","accounting_number_kopiera4":"3520","accounting_number_kopiera5":"1510","accounting_number_kopiera6":"1511"},"yoast_head":"<!-- This site is optimized with the Yoast SEO plugin v27.1.1 - https:\/\/yoast.com\/product\/yoast-seo-wordpress\/ -->\n<title>Adaptateur TV Chromecast pour USB \u2013 Google Streamer TV via 12 volts, fonctionne avec TV USB - WIFI.SE\/FR<\/title>\n<meta name=\"description\" content=\"This smart adapter for the new Chromecast TV allows you to power your Chromecast using your TV&#039;s USB port or a 12-volt USB device.\" \/>\n<meta name=\"robots\" content=\"index, follow, max-snippet:-1, max-image-preview:large, max-video-preview:-1\" \/>\n<link rel=\"canonical\" href=\"https:\/\/wifi.se\/fr\/product\/chromecast-tv-adapter-for-usb-google-streamer-tv-via-12-volt-works-with-tv-usb\/\" \/>\n<meta property=\"og:locale\" content=\"fr_FR\" \/>\n<meta property=\"og:type\" content=\"article\" \/>\n<meta property=\"og:title\" content=\"Adaptateur TV Chromecast pour USB \u2013 Google Streamer TV via 12 volts, fonctionne avec TV USB - WIFI.SE\/FR\" \/>\n<meta property=\"og:description\" content=\"This smart adapter for the new Chromecast TV allows you to power your Chromecast using your TV&#039;s USB port or a 12-volt USB device.\" \/>\n<meta property=\"og:url\" content=\"https:\/\/wifi.se\/fr\/product\/chromecast-tv-adapter-for-usb-google-streamer-tv-via-12-volt-works-with-tv-usb\/\" \/>\n<meta property=\"og:site_name\" content=\"WIFI.SE\/FR\" \/>\n<meta property=\"article:modified_time\" content=\"2025-04-09T06:06:44+00:00\" \/>\n<meta property=\"og:image\" content=\"https:\/\/wifi.se\/fr\/wp-content\/uploads\/sites\/8\/2023\/03\/adapter02.jpg\" \/>\n\t<meta property=\"og:image:width\" content=\"800\" \/>\n\t<meta property=\"og:image:height\" content=\"800\" \/>\n\t<meta property=\"og:image:type\" content=\"image\/jpeg\" \/>\n<meta name=\"twitter:card\" content=\"summary_large_image\" \/>\n<meta name=\"twitter:label1\" content=\"Dur\u00e9e de lecture estim\u00e9e\" \/>\n\t<meta name=\"twitter:data1\" content=\"2 minutes\" \/>\n<script type=\"application\/ld+json\" class=\"yoast-schema-graph\">{\"@context\":\"https:\/\/schema.org\",\"@graph\":[{\"@type\":\"WebPage\",\"@id\":\"https:\/\/wifi.se\/fr\/product\/chromecast-tv-adapter-for-usb-google-streamer-tv-via-12-volt-works-with-tv-usb\/\",\"url\":\"https:\/\/wifi.se\/fr\/product\/chromecast-tv-adapter-for-usb-google-streamer-tv-via-12-volt-works-with-tv-usb\/\",\"name\":\"Adaptateur TV Chromecast pour USB \u2013 Google Streamer TV via 12 volts, fonctionne avec TV USB - WIFI.SE\/FR\",\"isPartOf\":{\"@id\":\"https:\/\/wifi.se\/fr\/#website\"},\"primaryImageOfPage\":{\"@id\":\"https:\/\/wifi.se\/fr\/product\/chromecast-tv-adapter-for-usb-google-streamer-tv-via-12-volt-works-with-tv-usb\/#primaryimage\"},\"image\":{\"@id\":\"https:\/\/wifi.se\/fr\/product\/chromecast-tv-adapter-for-usb-google-streamer-tv-via-12-volt-works-with-tv-usb\/#primaryimage\"},\"thumbnailUrl\":\"https:\/\/wifi.se\/fr\/wp-content\/uploads\/sites\/8\/2023\/03\/adapter02.jpg\",\"datePublished\":\"2023-03-11T07:00:08+00:00\",\"dateModified\":\"2025-04-09T06:06:44+00:00\",\"description\":\"This smart adapter for the new Chromecast TV allows you to power your Chromecast using your TV's USB port or a 12-volt USB device.\",\"breadcrumb\":{\"@id\":\"https:\/\/wifi.se\/fr\/product\/chromecast-tv-adapter-for-usb-google-streamer-tv-via-12-volt-works-with-tv-usb\/#breadcrumb\"},\"inLanguage\":\"fr-FR\",\"potentialAction\":[{\"@type\":\"ReadAction\",\"target\":[\"https:\/\/wifi.se\/fr\/product\/chromecast-tv-adapter-for-usb-google-streamer-tv-via-12-volt-works-with-tv-usb\/\"]}]},{\"@type\":\"ImageObject\",\"inLanguage\":\"fr-FR\",\"@id\":\"https:\/\/wifi.se\/fr\/product\/chromecast-tv-adapter-for-usb-google-streamer-tv-via-12-volt-works-with-tv-usb\/#primaryimage\",\"url\":\"https:\/\/wifi.se\/fr\/wp-content\/uploads\/sites\/8\/2023\/03\/adapter02.jpg\",\"contentUrl\":\"https:\/\/wifi.se\/fr\/wp-content\/uploads\/sites\/8\/2023\/03\/adapter02.jpg\",\"width\":800,\"height\":800,\"caption\":\"Adapter f\u00f6r Chromecast\"},{\"@type\":\"BreadcrumbList\",\"@id\":\"https:\/\/wifi.se\/fr\/product\/chromecast-tv-adapter-for-usb-google-streamer-tv-via-12-volt-works-with-tv-usb\/#breadcrumb\",\"itemListElement\":[{\"@type\":\"ListItem\",\"position\":1,\"name\":\"Hem\",\"item\":\"https:\/\/wifi.se\/fr\/\"},{\"@type\":\"ListItem\",\"position\":2,\"name\":\"BOUTIQUE\",\"item\":\"https:\/\/wifi.se\/fr\/butik\/\"},{\"@type\":\"ListItem\",\"position\":3,\"name\":\"Adaptateur TV Chromecast pour USB \u2013 Google Streamer TV via 12 volts, fonctionne avec TV USB\"}]},{\"@type\":\"WebSite\",\"@id\":\"https:\/\/wifi.se\/fr\/#website\",\"url\":\"https:\/\/wifi.se\/fr\/\",\"name\":\"WIFI.SE\/FR\",\"description\":\"INTERNET PARTOUT\",\"potentialAction\":[{\"@type\":\"SearchAction\",\"target\":{\"@type\":\"EntryPoint\",\"urlTemplate\":\"https:\/\/wifi.se\/fr\/?s={search_term_string}\"},\"query-input\":{\"@type\":\"PropertyValueSpecification\",\"valueRequired\":true,\"valueName\":\"search_term_string\"}}],\"inLanguage\":\"fr-FR\"}]}<\/script>\n<!-- \/ Yoast SEO plugin. -->","yoast_head_json":{"title":"Adaptateur TV Chromecast pour USB \u2013 Google Streamer TV via 12 volts, fonctionne avec TV USB - WIFI.SE\/FR","description":"This smart adapter for the new Chromecast TV allows you to power your Chromecast using your TV's USB port or a 12-volt USB device.","robots":{"index":"index","follow":"follow","max-snippet":"max-snippet:-1","max-image-preview":"max-image-preview:large","max-video-preview":"max-video-preview:-1"},"canonical":"https:\/\/wifi.se\/fr\/product\/chromecast-tv-adapter-for-usb-google-streamer-tv-via-12-volt-works-with-tv-usb\/","og_locale":"fr_FR","og_type":"article","og_title":"Adaptateur TV Chromecast pour USB \u2013 Google Streamer TV via 12 volts, fonctionne avec TV USB - WIFI.SE\/FR","og_description":"This smart adapter for the new Chromecast TV allows you to power your Chromecast using your TV's USB port or a 12-volt USB device.","og_url":"https:\/\/wifi.se\/fr\/product\/chromecast-tv-adapter-for-usb-google-streamer-tv-via-12-volt-works-with-tv-usb\/","og_site_name":"WIFI.SE\/FR","article_modified_time":"2025-04-09T06:06:44+00:00","og_image":[{"width":800,"height":800,"url":"https:\/\/wifi.se\/fr\/wp-content\/uploads\/sites\/8\/2023\/03\/adapter02.jpg","type":"image\/jpeg"}],"twitter_card":"summary_large_image","twitter_misc":{"Dur\u00e9e de lecture estim\u00e9e":"2 minutes"},"schema":{"@context":"https:\/\/schema.org","@graph":[{"@type":"WebPage","@id":"https:\/\/wifi.se\/fr\/product\/chromecast-tv-adapter-for-usb-google-streamer-tv-via-12-volt-works-with-tv-usb\/","url":"https:\/\/wifi.se\/fr\/product\/chromecast-tv-adapter-for-usb-google-streamer-tv-via-12-volt-works-with-tv-usb\/","name":"Adaptateur TV Chromecast pour USB \u2013 Google Streamer TV via 12 volts, fonctionne avec TV USB - WIFI.SE\/FR","isPartOf":{"@id":"https:\/\/wifi.se\/fr\/#website"},"primaryImageOfPage":{"@id":"https:\/\/wifi.se\/fr\/product\/chromecast-tv-adapter-for-usb-google-streamer-tv-via-12-volt-works-with-tv-usb\/#primaryimage"},"image":{"@id":"https:\/\/wifi.se\/fr\/product\/chromecast-tv-adapter-for-usb-google-streamer-tv-via-12-volt-works-with-tv-usb\/#primaryimage"},"thumbnailUrl":"https:\/\/wifi.se\/fr\/wp-content\/uploads\/sites\/8\/2023\/03\/adapter02.jpg","datePublished":"2023-03-11T07:00:08+00:00","dateModified":"2025-04-09T06:06:44+00:00","description":"This smart adapter for the new Chromecast TV allows you to power your Chromecast using your TV's USB port or a 12-volt USB device.","breadcrumb":{"@id":"https:\/\/wifi.se\/fr\/product\/chromecast-tv-adapter-for-usb-google-streamer-tv-via-12-volt-works-with-tv-usb\/#breadcrumb"},"inLanguage":"fr-FR","potentialAction":[{"@type":"ReadAction","target":["https:\/\/wifi.se\/fr\/product\/chromecast-tv-adapter-for-usb-google-streamer-tv-via-12-volt-works-with-tv-usb\/"]}]},{"@type":"ImageObject","inLanguage":"fr-FR","@id":"https:\/\/wifi.se\/fr\/product\/chromecast-tv-adapter-for-usb-google-streamer-tv-via-12-volt-works-with-tv-usb\/#primaryimage","url":"https:\/\/wifi.se\/fr\/wp-content\/uploads\/sites\/8\/2023\/03\/adapter02.jpg","contentUrl":"https:\/\/wifi.se\/fr\/wp-content\/uploads\/sites\/8\/2023\/03\/adapter02.jpg","width":800,"height":800,"caption":"Adapter f\u00f6r Chromecast"},{"@type":"BreadcrumbList","@id":"https:\/\/wifi.se\/fr\/product\/chromecast-tv-adapter-for-usb-google-streamer-tv-via-12-volt-works-with-tv-usb\/#breadcrumb","itemListElement":[{"@type":"ListItem","position":1,"name":"Hem","item":"https:\/\/wifi.se\/fr\/"},{"@type":"ListItem","position":2,"name":"BOUTIQUE","item":"https:\/\/wifi.se\/fr\/butik\/"},{"@type":"ListItem","position":3,"name":"Adaptateur TV Chromecast pour USB \u2013 Google Streamer TV via 12 volts, fonctionne avec TV USB"}]},{"@type":"WebSite","@id":"https:\/\/wifi.se\/fr\/#website","url":"https:\/\/wifi.se\/fr\/","name":"WIFI.SE\/FR","description":"INTERNET PARTOUT","potentialAction":[{"@type":"SearchAction","target":{"@type":"EntryPoint","urlTemplate":"https:\/\/wifi.se\/fr\/?s={search_term_string}"},"query-input":{"@type":"PropertyValueSpecification","valueRequired":true,"valueName":"search_term_string"}}],"inLanguage":"fr-FR"}]}},"_links":{"self":[{"href":"https:\/\/wifi.se\/fr\/wp-json\/wp\/v2\/product\/19630","targetHints":{"allow":["GET"]}}],"collection":[{"href":"https:\/\/wifi.se\/fr\/wp-json\/wp\/v2\/product"}],"about":[{"href":"https:\/\/wifi.se\/fr\/wp-json\/wp\/v2\/types\/product"}],"wp:featuredmedia":[{"embeddable":true,"href":"https:\/\/wifi.se\/fr\/wp-json\/wp\/v2\/media\/30285"}],"wp:attachment":[{"href":"https:\/\/wifi.se\/fr\/wp-json\/wp\/v2\/media?parent=19630"}],"wp:term":[{"taxonomy":"product_brand","embeddable":true,"href":"https:\/\/wifi.se\/fr\/wp-json\/wp\/v2\/product_brand?post=19630"},{"taxonomy":"product_cat","embeddable":true,"href":"https:\/\/wifi.se\/fr\/wp-json\/wp\/v2\/product_cat?post=19630"},{"taxonomy":"product_tag","embeddable":true,"href":"https:\/\/wifi.se\/fr\/wp-json\/wp\/v2\/product_tag?post=19630"}],"curies":[{"name":"wp","href":"https:\/\/api.w.org\/{rel}","templated":true}]}}