{"id":19627,"date":"2023-03-11T08:52:37","date_gmt":"2023-03-11T06:52:37","guid":{"rendered":"https:\/\/wifi.se\/?post_type=product&#038;p=19627"},"modified":"2025-04-11T16:59:34","modified_gmt":"2025-04-11T14:59:34","slug":"apple-tv-adapter-for-usb-12-volt","status":"publish","type":"product","link":"https:\/\/wifi.se\/fr\/product\/apple-tv-adapter-for-usb-12-volt\/","title":{"rendered":"Adaptateur Apple TV pour USB \/ 12 volts &#8211; Nouvelle version"},"content":{"rendered":"<p><strong>NOUVEL ADAPTATEUR APPLE TV COMPATIBLE AVEC TOUS LES MOD\u00c8LES<\/strong>.<\/p>\n<p>Si vous poss\u00e9dez une Apple TV et que vous l&#8217;utilisez avec un \u00e9cran ou un t\u00e9l\u00e9viseur, vous aurez in\u00e9vitablement besoin de deux c\u00e2bles pour connecter le d\u00e9codeur num\u00e9rique\u00a0: un c\u00e2ble d&#8217;alimentation pour la prise secteur et un c\u00e2ble HDMI pour les signaux vid\u00e9o et audio. Cela peut entra\u00eener une installation peu esth\u00e9tique, surtout avec les t\u00e9l\u00e9viseurs muraux.<\/p>\n<p>Cet adaptateur vous permet d&#8217;utiliser le port USB de votre t\u00e9l\u00e9viseur au lieu de la prise 230\u00a0V.<\/p>\n<p>Le c\u00e2ble d&#8217;alimentation USB se connecte au port secteur de l&#8217;Apple TV, puis directement \u00e0 n&#8217;importe quel port USB du t\u00e9l\u00e9viseur ou du moniteur pour l&#8217;alimenter. Le port USB doit fournir 900\u00a0mA, une tension prise en charge par la plupart des t\u00e9l\u00e9viseurs modernes.<\/p>\n<p>Compatible avec tous les mod\u00e8les d&#8217;Apple TV\u00a0!<\/p>\n","protected":false},"excerpt":{"rendered":"<p><strong>NOUVELLE VERSION DE L&#8217;ADAPTATEUR USB POUR APPLE TV DISPONIBLE, COMPATIBLE AVEC TOUS LES MOD\u00c8LES\u00a0!<\/strong><\/p>\n<p>Cet adaptateur USB pour Apple TV, compatible 12\u00a0volts, vous permet d&#8217;alimenter votre Apple TV via le port USB de votre t\u00e9l\u00e9viseur ou un autre port USB au lieu d&#8217;utiliser une prise 230\u00a0volts. Vous pouvez \u00e9galement alimenter votre Apple TV via une prise USB 12\u00a0volts.<\/p>\n<p>Si le port USB de votre t\u00e9l\u00e9viseur ne fournit pas l&#8217;amp\u00e9rage requis, vous pouvez utiliser un autre chargeur USB connect\u00e9 au 12\u00a0volts. Autrement dit, vous pouvez \u00e9galement connecter cet adaptateur Apple TV au 12\u00a0volts via un adaptateur USB.<\/p>\n<p>L&#8217;adaptateur secteur se branche sur le port secteur de l&#8217;Apple TV, puis directement sur n&#8217;importe quel port USB. Le port USB doit fournir 900\u00a0mA, une intensit\u00e9 prise en charge par la plupart des t\u00e9l\u00e9viseurs modernes.<\/p>\n<p><strong>FONCTIONNE D\u00c9SORMAIS AVEC TOUS LES MOD\u00c8LES\u00a0!<\/strong><\/p>\n<p><strong>REMARQUE\u00a0: N&#8217;OUBLIEZ PAS DE CHARGER L&#8217;ADAPTATEUR PENDANT 6\u00a0HEURES AVANT LA PREMI\u00c8RE UTILISATION.<\/strong><\/p>\n","protected":false},"featured_media":30929,"template":"","meta":{"_acf_changed":false},"product_brand":[],"product_cat":[467,74,465],"product_tag":[],"class_list":{"0":"post-19627","1":"product","2":"type-product","3":"status-publish","4":"has-post-thumbnail","6":"product_cat-apple-tv-usb-adapter","7":"product_cat-stromkablar","8":"product_cat-accessories","9":"product_shipping_class-tillbehor","11":"first","12":"instock","13":"taxable","14":"shipping-taxable","15":"purchasable","16":"product-type-simple"},"bundled_by":[],"bundle_stock_status":"instock","bundle_stock_quantity":null,"bundle_virtual":false,"bundle_layout":"","bundle_add_to_cart_form_location":"","bundle_editable_in_cart":false,"bundle_sold_individually_context":"","bundle_item_grouping":"","bundle_min_size":"","bundle_max_size":"","bundle_price":[],"bundled_items":[],"bundle_sell_ids":[],"acf":{"accounting_number":"1940","accounting_number_kopiera2":"2611","accounting_number_kopiera3":"3017","accounting_number_kopiera4":"3520","accounting_number_kopiera5":"1510","accounting_number_kopiera6":"1511"},"yoast_head":"<!-- This site is optimized with the Yoast SEO plugin v27.1.1 - https:\/\/yoast.com\/product\/yoast-seo-wordpress\/ -->\n<title>Adaptateur Apple TV pour USB \/ 12 volts - Nouvelle version - WIFI.SE\/FR<\/title>\n<meta name=\"description\" content=\"APPPLE TV ADAPTER USB\/12 VOLT F\u00d6R F\u00d6R TVN:S USB UTTAG. DU BEH\u00d6VER INTE APPLE TV 12 VOLT ELLER 230 VOLT.\" \/>\n<meta name=\"robots\" content=\"index, follow, max-snippet:-1, max-image-preview:large, max-video-preview:-1\" \/>\n<link rel=\"canonical\" href=\"https:\/\/wifi.se\/fr\/product\/apple-tv-adapter-for-usb-12-volt\/\" \/>\n<meta property=\"og:locale\" content=\"fr_FR\" \/>\n<meta property=\"og:type\" content=\"article\" \/>\n<meta property=\"og:title\" content=\"Adaptateur Apple TV pour USB \/ 12 volts - Nouvelle version - WIFI.SE\/FR\" \/>\n<meta property=\"og:description\" content=\"APPPLE TV ADAPTER USB\/12 VOLT F\u00d6R F\u00d6R TVN:S USB UTTAG. DU BEH\u00d6VER INTE APPLE TV 12 VOLT ELLER 230 VOLT.\" \/>\n<meta property=\"og:url\" content=\"https:\/\/wifi.se\/fr\/product\/apple-tv-adapter-for-usb-12-volt\/\" \/>\n<meta property=\"og:site_name\" content=\"WIFI.SE\/FR\" \/>\n<meta property=\"article:modified_time\" content=\"2025-04-11T14:59:34+00:00\" \/>\n<meta property=\"og:image\" content=\"https:\/\/wifi.se\/fr\/wp-content\/uploads\/sites\/8\/2023\/03\/apple01.jpg\" \/>\n\t<meta property=\"og:image:width\" content=\"800\" \/>\n\t<meta property=\"og:image:height\" content=\"800\" \/>\n\t<meta property=\"og:image:type\" content=\"image\/jpeg\" \/>\n<meta name=\"twitter:card\" content=\"summary_large_image\" \/>\n<meta name=\"twitter:label1\" content=\"Dur\u00e9e de lecture estim\u00e9e\" \/>\n\t<meta name=\"twitter:data1\" content=\"1 minute\" \/>\n<script type=\"application\/ld+json\" class=\"yoast-schema-graph\">{\"@context\":\"https:\/\/schema.org\",\"@graph\":[{\"@type\":\"WebPage\",\"@id\":\"https:\/\/wifi.se\/fr\/product\/apple-tv-adapter-for-usb-12-volt\/\",\"url\":\"https:\/\/wifi.se\/fr\/product\/apple-tv-adapter-for-usb-12-volt\/\",\"name\":\"Adaptateur Apple TV pour USB \/ 12 volts - Nouvelle version - WIFI.SE\/FR\",\"isPartOf\":{\"@id\":\"https:\/\/wifi.se\/fr\/#website\"},\"primaryImageOfPage\":{\"@id\":\"https:\/\/wifi.se\/fr\/product\/apple-tv-adapter-for-usb-12-volt\/#primaryimage\"},\"image\":{\"@id\":\"https:\/\/wifi.se\/fr\/product\/apple-tv-adapter-for-usb-12-volt\/#primaryimage\"},\"thumbnailUrl\":\"https:\/\/wifi.se\/fr\/wp-content\/uploads\/sites\/8\/2023\/03\/apple01.jpg\",\"datePublished\":\"2023-03-11T06:52:37+00:00\",\"dateModified\":\"2025-04-11T14:59:34+00:00\",\"description\":\"APPPLE TV ADAPTER USB\/12 VOLT F\u00d6R F\u00d6R TVN:S USB UTTAG. DU BEH\u00d6VER INTE APPLE TV 12 VOLT ELLER 230 VOLT.\",\"breadcrumb\":{\"@id\":\"https:\/\/wifi.se\/fr\/product\/apple-tv-adapter-for-usb-12-volt\/#breadcrumb\"},\"inLanguage\":\"fr-FR\",\"potentialAction\":[{\"@type\":\"ReadAction\",\"target\":[\"https:\/\/wifi.se\/fr\/product\/apple-tv-adapter-for-usb-12-volt\/\"]}]},{\"@type\":\"ImageObject\",\"inLanguage\":\"fr-FR\",\"@id\":\"https:\/\/wifi.se\/fr\/product\/apple-tv-adapter-for-usb-12-volt\/#primaryimage\",\"url\":\"https:\/\/wifi.se\/fr\/wp-content\/uploads\/sites\/8\/2023\/03\/apple01.jpg\",\"contentUrl\":\"https:\/\/wifi.se\/fr\/wp-content\/uploads\/sites\/8\/2023\/03\/apple01.jpg\",\"width\":800,\"height\":800},{\"@type\":\"BreadcrumbList\",\"@id\":\"https:\/\/wifi.se\/fr\/product\/apple-tv-adapter-for-usb-12-volt\/#breadcrumb\",\"itemListElement\":[{\"@type\":\"ListItem\",\"position\":1,\"name\":\"Hem\",\"item\":\"https:\/\/wifi.se\/fr\/\"},{\"@type\":\"ListItem\",\"position\":2,\"name\":\"BOUTIQUE\",\"item\":\"https:\/\/wifi.se\/fr\/butik\/\"},{\"@type\":\"ListItem\",\"position\":3,\"name\":\"Adaptateur Apple TV pour USB \/ 12 volts &#8211; Nouvelle version\"}]},{\"@type\":\"WebSite\",\"@id\":\"https:\/\/wifi.se\/fr\/#website\",\"url\":\"https:\/\/wifi.se\/fr\/\",\"name\":\"WIFI.SE\/FR\",\"description\":\"INTERNET PARTOUT\",\"potentialAction\":[{\"@type\":\"SearchAction\",\"target\":{\"@type\":\"EntryPoint\",\"urlTemplate\":\"https:\/\/wifi.se\/fr\/?s={search_term_string}\"},\"query-input\":{\"@type\":\"PropertyValueSpecification\",\"valueRequired\":true,\"valueName\":\"search_term_string\"}}],\"inLanguage\":\"fr-FR\"}]}<\/script>\n<!-- \/ Yoast SEO plugin. -->","yoast_head_json":{"title":"Adaptateur Apple TV pour USB \/ 12 volts - Nouvelle version - WIFI.SE\/FR","description":"APPPLE TV ADAPTER USB\/12 VOLT F\u00d6R F\u00d6R TVN:S USB UTTAG. DU BEH\u00d6VER INTE APPLE TV 12 VOLT ELLER 230 VOLT.","robots":{"index":"index","follow":"follow","max-snippet":"max-snippet:-1","max-image-preview":"max-image-preview:large","max-video-preview":"max-video-preview:-1"},"canonical":"https:\/\/wifi.se\/fr\/product\/apple-tv-adapter-for-usb-12-volt\/","og_locale":"fr_FR","og_type":"article","og_title":"Adaptateur Apple TV pour USB \/ 12 volts - Nouvelle version - WIFI.SE\/FR","og_description":"APPPLE TV ADAPTER USB\/12 VOLT F\u00d6R F\u00d6R TVN:S USB UTTAG. DU BEH\u00d6VER INTE APPLE TV 12 VOLT ELLER 230 VOLT.","og_url":"https:\/\/wifi.se\/fr\/product\/apple-tv-adapter-for-usb-12-volt\/","og_site_name":"WIFI.SE\/FR","article_modified_time":"2025-04-11T14:59:34+00:00","og_image":[{"width":800,"height":800,"url":"https:\/\/wifi.se\/fr\/wp-content\/uploads\/sites\/8\/2023\/03\/apple01.jpg","type":"image\/jpeg"}],"twitter_card":"summary_large_image","twitter_misc":{"Dur\u00e9e de lecture estim\u00e9e":"1 minute"},"schema":{"@context":"https:\/\/schema.org","@graph":[{"@type":"WebPage","@id":"https:\/\/wifi.se\/fr\/product\/apple-tv-adapter-for-usb-12-volt\/","url":"https:\/\/wifi.se\/fr\/product\/apple-tv-adapter-for-usb-12-volt\/","name":"Adaptateur Apple TV pour USB \/ 12 volts - Nouvelle version - WIFI.SE\/FR","isPartOf":{"@id":"https:\/\/wifi.se\/fr\/#website"},"primaryImageOfPage":{"@id":"https:\/\/wifi.se\/fr\/product\/apple-tv-adapter-for-usb-12-volt\/#primaryimage"},"image":{"@id":"https:\/\/wifi.se\/fr\/product\/apple-tv-adapter-for-usb-12-volt\/#primaryimage"},"thumbnailUrl":"https:\/\/wifi.se\/fr\/wp-content\/uploads\/sites\/8\/2023\/03\/apple01.jpg","datePublished":"2023-03-11T06:52:37+00:00","dateModified":"2025-04-11T14:59:34+00:00","description":"APPPLE TV ADAPTER USB\/12 VOLT F\u00d6R F\u00d6R TVN:S USB UTTAG. DU BEH\u00d6VER INTE APPLE TV 12 VOLT ELLER 230 VOLT.","breadcrumb":{"@id":"https:\/\/wifi.se\/fr\/product\/apple-tv-adapter-for-usb-12-volt\/#breadcrumb"},"inLanguage":"fr-FR","potentialAction":[{"@type":"ReadAction","target":["https:\/\/wifi.se\/fr\/product\/apple-tv-adapter-for-usb-12-volt\/"]}]},{"@type":"ImageObject","inLanguage":"fr-FR","@id":"https:\/\/wifi.se\/fr\/product\/apple-tv-adapter-for-usb-12-volt\/#primaryimage","url":"https:\/\/wifi.se\/fr\/wp-content\/uploads\/sites\/8\/2023\/03\/apple01.jpg","contentUrl":"https:\/\/wifi.se\/fr\/wp-content\/uploads\/sites\/8\/2023\/03\/apple01.jpg","width":800,"height":800},{"@type":"BreadcrumbList","@id":"https:\/\/wifi.se\/fr\/product\/apple-tv-adapter-for-usb-12-volt\/#breadcrumb","itemListElement":[{"@type":"ListItem","position":1,"name":"Hem","item":"https:\/\/wifi.se\/fr\/"},{"@type":"ListItem","position":2,"name":"BOUTIQUE","item":"https:\/\/wifi.se\/fr\/butik\/"},{"@type":"ListItem","position":3,"name":"Adaptateur Apple TV pour USB \/ 12 volts &#8211; Nouvelle version"}]},{"@type":"WebSite","@id":"https:\/\/wifi.se\/fr\/#website","url":"https:\/\/wifi.se\/fr\/","name":"WIFI.SE\/FR","description":"INTERNET PARTOUT","potentialAction":[{"@type":"SearchAction","target":{"@type":"EntryPoint","urlTemplate":"https:\/\/wifi.se\/fr\/?s={search_term_string}"},"query-input":{"@type":"PropertyValueSpecification","valueRequired":true,"valueName":"search_term_string"}}],"inLanguage":"fr-FR"}]}},"_links":{"self":[{"href":"https:\/\/wifi.se\/fr\/wp-json\/wp\/v2\/product\/19627","targetHints":{"allow":["GET"]}}],"collection":[{"href":"https:\/\/wifi.se\/fr\/wp-json\/wp\/v2\/product"}],"about":[{"href":"https:\/\/wifi.se\/fr\/wp-json\/wp\/v2\/types\/product"}],"wp:featuredmedia":[{"embeddable":true,"href":"https:\/\/wifi.se\/fr\/wp-json\/wp\/v2\/media\/30929"}],"wp:attachment":[{"href":"https:\/\/wifi.se\/fr\/wp-json\/wp\/v2\/media?parent=19627"}],"wp:term":[{"taxonomy":"product_brand","embeddable":true,"href":"https:\/\/wifi.se\/fr\/wp-json\/wp\/v2\/product_brand?post=19627"},{"taxonomy":"product_cat","embeddable":true,"href":"https:\/\/wifi.se\/fr\/wp-json\/wp\/v2\/product_cat?post=19627"},{"taxonomy":"product_tag","embeddable":true,"href":"https:\/\/wifi.se\/fr\/wp-json\/wp\/v2\/product_tag?post=19627"}],"curies":[{"name":"wp","href":"https:\/\/api.w.org\/{rel}","templated":true}]}}