{"id":19626,"date":"2021-03-11T01:18:32","date_gmt":"2021-03-10T23:18:32","guid":{"rendered":"https:\/\/wifi.se\/?post_type=product&#038;p=19626"},"modified":"2025-04-09T08:04:06","modified_gmt":"2025-04-09T06:04:06","slug":"self-adhesive-5g-antenna-patch-antenna-3g-4g-5g-sma-male","status":"publish","type":"product","link":"https:\/\/wifi.se\/fr\/product\/self-adhesive-5g-antenna-patch-antenna-3g-4g-5g-sma-male\/","title":{"rendered":"Antenne patch autocollante 5G 3G\/4G\/5G &#8211; SMA m\u00e2le"},"content":{"rendered":"<p>Cette antenne patch autocollante est neuve et compatible avec le r\u00e9seau 5G. Elle est \u00e9galement compatible avec les r\u00e9seaux 3G et 4G. Elle offre une bande de fr\u00e9quences tr\u00e8s large et une excellente amplification du signal.<\/p>\n<p>ANTENNE AUTOCOLLANTE AVEC C\u00c2BLE DE 2,5 M<br \/>\nCette antenne discr\u00e8te et autocollante est dot\u00e9e d&#8217;un c\u00e2ble de 2,5 m\u00e8tres et d&#8217;un connecteur SMA m\u00e2le. Elle est sp\u00e9cialement con\u00e7ue pour la 5G, une technologie peu courante pour ce type d&#8217;antenne. Elle peut \u00eatre install\u00e9e en int\u00e9rieur comme en ext\u00e9rieur et se fixe rapidement au support pour une installation discr\u00e8te. Il est conseill\u00e9 de la fixer d&#8217;abord sans serrer pour obtenir l&#8217;effet souhait\u00e9 avant de la fixer d\u00e9finitivement.<\/p>\n<p>Nous recommandons cette antenne 5G \u00e0 tous ceux qui souhaitent l&#8217;utiliser en int\u00e9rieur avec leur routeur.<\/p>\n","protected":false},"excerpt":{"rendered":"<p>Antenne 5G autocollante, prim\u00e9e pour tous les r\u00e9seaux mobiles. Adh\u00e8re \u00e0 la plupart des surfaces. Livr\u00e9e avec un c\u00e2ble de 2,5 m\u00e8tres et un connecteur SMA m\u00e2le, elle a remport\u00e9 le prix \u00ab\u00a0Best in Test\u00a0\u00bb lors du test d&#8217;antennes 4G de \u00ab\u00a0PC f\u00f6r alla\u00a0\u00bb. Elle prend \u00e9galement en charge la 5G et offre une vitesse incroyable. (Notez que vous aurez besoin de deux antennes par routeur.) Facile \u00e0 dissimuler, elle est recommand\u00e9e pour les v\u00e9hicules et les bateaux.<\/p>\n","protected":false},"featured_media":30281,"template":"","meta":{"_acf_changed":false},"product_brand":[],"product_cat":[165,258],"product_tag":[167,243,352],"class_list":{"0":"post-19626","1":"product","2":"type-product","3":"status-publish","4":"has-post-thumbnail","6":"product_cat-antenner","7":"product_cat-patchantenn","8":"product_tag-antenn","9":"product_tag-patchantenn","10":"product_tag-white_week","11":"product_shipping_class-antenner","13":"first","14":"instock","15":"taxable","16":"shipping-taxable","17":"purchasable","18":"product-type-simple"},"bundled_by":[],"bundle_stock_status":"instock","bundle_stock_quantity":null,"bundle_virtual":false,"bundle_layout":"","bundle_add_to_cart_form_location":"","bundle_editable_in_cart":false,"bundle_sold_individually_context":"","bundle_item_grouping":"","bundle_min_size":"","bundle_max_size":"","bundle_price":[],"bundled_items":[],"bundle_sell_ids":[],"acf":{"accounting_number":"1940","accounting_number_kopiera2":"2611","accounting_number_kopiera3":"3014","accounting_number_kopiera4":"3520","accounting_number_kopiera5":"1510","accounting_number_kopiera6":"1511"},"yoast_head":"<!-- This site is optimized with the Yoast SEO plugin v27.1.1 - https:\/\/yoast.com\/product\/yoast-seo-wordpress\/ -->\n<title>Self-adhesive antenna \/ patch antenna 3G\/4G\/5G - SMA Male<\/title>\n<meta name=\"description\" content=\"Self-adhesive antenna \/ patch antenna 5G - SMA Male. A brand new self-adhesive antenna for all frequencies, including 5G network support.\" \/>\n<meta name=\"robots\" content=\"index, follow, max-snippet:-1, max-image-preview:large, max-video-preview:-1\" \/>\n<link rel=\"canonical\" href=\"https:\/\/wifi.se\/fr\/product\/self-adhesive-5g-antenna-patch-antenna-3g-4g-5g-sma-male\/\" \/>\n<meta property=\"og:locale\" content=\"fr_FR\" \/>\n<meta property=\"og:type\" content=\"article\" \/>\n<meta property=\"og:title\" content=\"Self-adhesive antenna \/ patch antenna 3G\/4G\/5G - SMA Male\" \/>\n<meta property=\"og:description\" content=\"Self-adhesive antenna \/ patch antenna 5G - SMA Male. A brand new self-adhesive antenna for all frequencies, including 5G network support.\" \/>\n<meta property=\"og:url\" content=\"https:\/\/wifi.se\/fr\/product\/self-adhesive-5g-antenna-patch-antenna-3g-4g-5g-sma-male\/\" \/>\n<meta property=\"og:site_name\" content=\"WIFI.SE\/FR\" \/>\n<meta property=\"article:modified_time\" content=\"2025-04-09T06:04:06+00:00\" \/>\n<meta property=\"og:image\" content=\"https:\/\/wifi.se\/fr\/wp-content\/uploads\/sites\/8\/2021\/03\/patch_hon01.jpg\" \/>\n\t<meta property=\"og:image:width\" content=\"800\" \/>\n\t<meta property=\"og:image:height\" content=\"800\" \/>\n\t<meta property=\"og:image:type\" content=\"image\/jpeg\" \/>\n<meta name=\"twitter:card\" content=\"summary_large_image\" \/>\n<meta name=\"twitter:label1\" content=\"Dur\u00e9e de lecture estim\u00e9e\" \/>\n\t<meta name=\"twitter:data1\" content=\"1 minute\" \/>\n<script type=\"application\/ld+json\" class=\"yoast-schema-graph\">{\"@context\":\"https:\/\/schema.org\",\"@graph\":[{\"@type\":\"WebPage\",\"@id\":\"https:\/\/wifi.se\/fr\/product\/self-adhesive-5g-antenna-patch-antenna-3g-4g-5g-sma-male\/\",\"url\":\"https:\/\/wifi.se\/fr\/product\/self-adhesive-5g-antenna-patch-antenna-3g-4g-5g-sma-male\/\",\"name\":\"Self-adhesive antenna \/ patch antenna 3G\/4G\/5G - SMA Male\",\"isPartOf\":{\"@id\":\"https:\/\/wifi.se\/fr\/#website\"},\"primaryImageOfPage\":{\"@id\":\"https:\/\/wifi.se\/fr\/product\/self-adhesive-5g-antenna-patch-antenna-3g-4g-5g-sma-male\/#primaryimage\"},\"image\":{\"@id\":\"https:\/\/wifi.se\/fr\/product\/self-adhesive-5g-antenna-patch-antenna-3g-4g-5g-sma-male\/#primaryimage\"},\"thumbnailUrl\":\"https:\/\/wifi.se\/fr\/wp-content\/uploads\/sites\/8\/2021\/03\/patch_hon01.jpg\",\"datePublished\":\"2021-03-10T23:18:32+00:00\",\"dateModified\":\"2025-04-09T06:04:06+00:00\",\"description\":\"Self-adhesive antenna \/ patch antenna 5G - SMA Male. A brand new self-adhesive antenna for all frequencies, including 5G network support.\",\"breadcrumb\":{\"@id\":\"https:\/\/wifi.se\/fr\/product\/self-adhesive-5g-antenna-patch-antenna-3g-4g-5g-sma-male\/#breadcrumb\"},\"inLanguage\":\"fr-FR\",\"potentialAction\":[{\"@type\":\"ReadAction\",\"target\":[\"https:\/\/wifi.se\/fr\/product\/self-adhesive-5g-antenna-patch-antenna-3g-4g-5g-sma-male\/\"]}]},{\"@type\":\"ImageObject\",\"inLanguage\":\"fr-FR\",\"@id\":\"https:\/\/wifi.se\/fr\/product\/self-adhesive-5g-antenna-patch-antenna-3g-4g-5g-sma-male\/#primaryimage\",\"url\":\"https:\/\/wifi.se\/fr\/wp-content\/uploads\/sites\/8\/2021\/03\/patch_hon01.jpg\",\"contentUrl\":\"https:\/\/wifi.se\/fr\/wp-content\/uploads\/sites\/8\/2021\/03\/patch_hon01.jpg\",\"width\":800,\"height\":800,\"caption\":\"PATCHANTENN 3G\/4G\/5G \u2013 SMA HANE\"},{\"@type\":\"BreadcrumbList\",\"@id\":\"https:\/\/wifi.se\/fr\/product\/self-adhesive-5g-antenna-patch-antenna-3g-4g-5g-sma-male\/#breadcrumb\",\"itemListElement\":[{\"@type\":\"ListItem\",\"position\":1,\"name\":\"Hem\",\"item\":\"https:\/\/wifi.se\/fr\/\"},{\"@type\":\"ListItem\",\"position\":2,\"name\":\"BOUTIQUE\",\"item\":\"https:\/\/wifi.se\/fr\/butik\/\"},{\"@type\":\"ListItem\",\"position\":3,\"name\":\"Antenne patch autocollante 5G 3G\/4G\/5G &#8211; SMA m\u00e2le\"}]},{\"@type\":\"WebSite\",\"@id\":\"https:\/\/wifi.se\/fr\/#website\",\"url\":\"https:\/\/wifi.se\/fr\/\",\"name\":\"WIFI.SE\/FR\",\"description\":\"INTERNET PARTOUT\",\"potentialAction\":[{\"@type\":\"SearchAction\",\"target\":{\"@type\":\"EntryPoint\",\"urlTemplate\":\"https:\/\/wifi.se\/fr\/?s={search_term_string}\"},\"query-input\":{\"@type\":\"PropertyValueSpecification\",\"valueRequired\":true,\"valueName\":\"search_term_string\"}}],\"inLanguage\":\"fr-FR\"}]}<\/script>\n<!-- \/ Yoast SEO plugin. -->","yoast_head_json":{"title":"Self-adhesive antenna \/ patch antenna 3G\/4G\/5G - SMA Male","description":"Self-adhesive antenna \/ patch antenna 5G - SMA Male. A brand new self-adhesive antenna for all frequencies, including 5G network support.","robots":{"index":"index","follow":"follow","max-snippet":"max-snippet:-1","max-image-preview":"max-image-preview:large","max-video-preview":"max-video-preview:-1"},"canonical":"https:\/\/wifi.se\/fr\/product\/self-adhesive-5g-antenna-patch-antenna-3g-4g-5g-sma-male\/","og_locale":"fr_FR","og_type":"article","og_title":"Self-adhesive antenna \/ patch antenna 3G\/4G\/5G - SMA Male","og_description":"Self-adhesive antenna \/ patch antenna 5G - SMA Male. A brand new self-adhesive antenna for all frequencies, including 5G network support.","og_url":"https:\/\/wifi.se\/fr\/product\/self-adhesive-5g-antenna-patch-antenna-3g-4g-5g-sma-male\/","og_site_name":"WIFI.SE\/FR","article_modified_time":"2025-04-09T06:04:06+00:00","og_image":[{"width":800,"height":800,"url":"https:\/\/wifi.se\/fr\/wp-content\/uploads\/sites\/8\/2021\/03\/patch_hon01.jpg","type":"image\/jpeg"}],"twitter_card":"summary_large_image","twitter_misc":{"Dur\u00e9e de lecture estim\u00e9e":"1 minute"},"schema":{"@context":"https:\/\/schema.org","@graph":[{"@type":"WebPage","@id":"https:\/\/wifi.se\/fr\/product\/self-adhesive-5g-antenna-patch-antenna-3g-4g-5g-sma-male\/","url":"https:\/\/wifi.se\/fr\/product\/self-adhesive-5g-antenna-patch-antenna-3g-4g-5g-sma-male\/","name":"Self-adhesive antenna \/ patch antenna 3G\/4G\/5G - SMA Male","isPartOf":{"@id":"https:\/\/wifi.se\/fr\/#website"},"primaryImageOfPage":{"@id":"https:\/\/wifi.se\/fr\/product\/self-adhesive-5g-antenna-patch-antenna-3g-4g-5g-sma-male\/#primaryimage"},"image":{"@id":"https:\/\/wifi.se\/fr\/product\/self-adhesive-5g-antenna-patch-antenna-3g-4g-5g-sma-male\/#primaryimage"},"thumbnailUrl":"https:\/\/wifi.se\/fr\/wp-content\/uploads\/sites\/8\/2021\/03\/patch_hon01.jpg","datePublished":"2021-03-10T23:18:32+00:00","dateModified":"2025-04-09T06:04:06+00:00","description":"Self-adhesive antenna \/ patch antenna 5G - SMA Male. A brand new self-adhesive antenna for all frequencies, including 5G network support.","breadcrumb":{"@id":"https:\/\/wifi.se\/fr\/product\/self-adhesive-5g-antenna-patch-antenna-3g-4g-5g-sma-male\/#breadcrumb"},"inLanguage":"fr-FR","potentialAction":[{"@type":"ReadAction","target":["https:\/\/wifi.se\/fr\/product\/self-adhesive-5g-antenna-patch-antenna-3g-4g-5g-sma-male\/"]}]},{"@type":"ImageObject","inLanguage":"fr-FR","@id":"https:\/\/wifi.se\/fr\/product\/self-adhesive-5g-antenna-patch-antenna-3g-4g-5g-sma-male\/#primaryimage","url":"https:\/\/wifi.se\/fr\/wp-content\/uploads\/sites\/8\/2021\/03\/patch_hon01.jpg","contentUrl":"https:\/\/wifi.se\/fr\/wp-content\/uploads\/sites\/8\/2021\/03\/patch_hon01.jpg","width":800,"height":800,"caption":"PATCHANTENN 3G\/4G\/5G \u2013 SMA HANE"},{"@type":"BreadcrumbList","@id":"https:\/\/wifi.se\/fr\/product\/self-adhesive-5g-antenna-patch-antenna-3g-4g-5g-sma-male\/#breadcrumb","itemListElement":[{"@type":"ListItem","position":1,"name":"Hem","item":"https:\/\/wifi.se\/fr\/"},{"@type":"ListItem","position":2,"name":"BOUTIQUE","item":"https:\/\/wifi.se\/fr\/butik\/"},{"@type":"ListItem","position":3,"name":"Antenne patch autocollante 5G 3G\/4G\/5G &#8211; SMA m\u00e2le"}]},{"@type":"WebSite","@id":"https:\/\/wifi.se\/fr\/#website","url":"https:\/\/wifi.se\/fr\/","name":"WIFI.SE\/FR","description":"INTERNET PARTOUT","potentialAction":[{"@type":"SearchAction","target":{"@type":"EntryPoint","urlTemplate":"https:\/\/wifi.se\/fr\/?s={search_term_string}"},"query-input":{"@type":"PropertyValueSpecification","valueRequired":true,"valueName":"search_term_string"}}],"inLanguage":"fr-FR"}]}},"_links":{"self":[{"href":"https:\/\/wifi.se\/fr\/wp-json\/wp\/v2\/product\/19626","targetHints":{"allow":["GET"]}}],"collection":[{"href":"https:\/\/wifi.se\/fr\/wp-json\/wp\/v2\/product"}],"about":[{"href":"https:\/\/wifi.se\/fr\/wp-json\/wp\/v2\/types\/product"}],"wp:featuredmedia":[{"embeddable":true,"href":"https:\/\/wifi.se\/fr\/wp-json\/wp\/v2\/media\/30281"}],"wp:attachment":[{"href":"https:\/\/wifi.se\/fr\/wp-json\/wp\/v2\/media?parent=19626"}],"wp:term":[{"taxonomy":"product_brand","embeddable":true,"href":"https:\/\/wifi.se\/fr\/wp-json\/wp\/v2\/product_brand?post=19626"},{"taxonomy":"product_cat","embeddable":true,"href":"https:\/\/wifi.se\/fr\/wp-json\/wp\/v2\/product_cat?post=19626"},{"taxonomy":"product_tag","embeddable":true,"href":"https:\/\/wifi.se\/fr\/wp-json\/wp\/v2\/product_tag?post=19626"}],"curies":[{"name":"wp","href":"https:\/\/api.w.org\/{rel}","templated":true}]}}