{"id":16789,"date":"2022-05-11T22:44:55","date_gmt":"2022-05-11T20:44:55","guid":{"rendered":"https:\/\/wifi.se\/?post_type=product&#038;p=16789"},"modified":"2025-04-09T08:09:39","modified_gmt":"2025-04-09T06:09:39","slug":"5g-roof-antenna-for-permanent-mounting-on-rv-caravan-2g-3g-4g-5g-2-cables","status":"publish","type":"product","link":"https:\/\/wifi.se\/fr\/product\/5g-roof-antenna-for-permanent-mounting-on-rv-caravan-2g-3g-4g-5g-2-cables\/","title":{"rendered":"Antenne de toit 5G pour montage permanent sur camping-car\/caravane (2G\/3G\/4G\/5G) \u2013 2 c\u00e2bles"},"content":{"rendered":"<p>Cette antenne MIMO omnidirectionnelle 5G fonctionne sur toutes les bandes passantes mobiles\u00a0: 2G\/3G\/4G\/5G. Elle a \u00e9t\u00e9 sp\u00e9cialement con\u00e7ue pour les camping-cars et les caravanes.<\/p>\n<p>Cette antenne est \u00e9quip\u00e9e de deux c\u00e2bles, dont deux LTE, qui se connectent directement au routeur.<\/p>\n<p>Certifi\u00e9e IP68, elle est donc parfaitement \u00e9tanche, une caract\u00e9ristique rare. Elle peut \u00eatre enti\u00e8rement immerg\u00e9e tout en offrant un excellent fonctionnement. Tr\u00e8s robuste, elle r\u00e9siste \u00e0 la chaleur comme au froid.<\/p>\n<p>Compatible avec les r\u00e9seaux 5G, elle n&#8217;a pas besoin d&#8217;\u00eatre remplac\u00e9e lors de la mise \u00e0 niveau vers un routeur 5G.<\/p>\n<p>Avec cette antenne, vous avez l&#8217;assurance d&#8217;une excellente connexion Internet.<\/p>\n<p>L&#8217;antenne est livr\u00e9e avec une vis traversante en plastique de 80\u00a0mm, que vous pouvez facilement couper \u00e0 la longueur souhait\u00e9e. L&#8217;antenne mesure 13\u00a0cm de diam\u00e8tre et 5\u00a0cm de haut.<\/p>\n<p>Cette antenne est le choix id\u00e9al pour tous les propri\u00e9taires de camping-cars ou de caravanes qui recherchent le meilleur.<\/p>\n<p>CARACT\u00c9RISTIQUES<\/p>\n<p>GAMME DE FR\u00c9QUENCES\u00a0:<\/p>\n<p>2600~6000\u00a0MHz (2G\/3G\/4G\/5G)<\/p>\n<p>Imp\u00e9dance\u00a0:<br \/>\n50\u00a0Ohms<\/p>\n<p>GAIN (dBi)\u00a0:<br \/>\nAntenne 5G\u00a0: 8\u00a0dBi<\/p>\n<p>C\u00e2bles\u00a0:<br \/>\nLMR 200 pour LTE<\/p>\n<p>Connecteurs SMA<\/p>\n<p>Dimensions (mm)\u00a0:<br \/>\n130\u00a0mm<\/p>\n<p>Plage de temp\u00e9ratures (haute et basse)\u00a0:<br \/>\n-40\u00a0\u00b0C~+85\u00a0\u00b0C<\/p>\n<p>Enti\u00e8rement \u00e9tanche, certifi\u00e9 IP68.<\/p>\n<p><img loading=\"lazy\" decoding=\"async\" class=\"alignnone size-full wp-image-16807\" src=\"https:\/\/wifi.se\/wp-content\/uploads\/2022\/05\/5G-2-in-1-Antenna-80MM-screw-installation.jpeg\" alt=\"\" width=\"1243\" height=\"961\" srcset=\"https:\/\/wifi.se\/fr\/wp-content\/uploads\/sites\/8\/2022\/05\/5G-2-in-1-Antenna-80MM-screw-installation.jpeg 1243w, https:\/\/wifi.se\/fr\/wp-content\/uploads\/sites\/8\/2022\/05\/5G-2-in-1-Antenna-80MM-screw-installation-510x394.jpeg 510w, https:\/\/wifi.se\/fr\/wp-content\/uploads\/sites\/8\/2022\/05\/5G-2-in-1-Antenna-80MM-screw-installation-64x49.jpeg 64w, https:\/\/wifi.se\/fr\/wp-content\/uploads\/sites\/8\/2022\/05\/5G-2-in-1-Antenna-80MM-screw-installation-300x232.jpeg 300w, https:\/\/wifi.se\/fr\/wp-content\/uploads\/sites\/8\/2022\/05\/5G-2-in-1-Antenna-80MM-screw-installation-1024x792.jpeg 1024w, https:\/\/wifi.se\/fr\/wp-content\/uploads\/sites\/8\/2022\/05\/5G-2-in-1-Antenna-80MM-screw-installation-768x594.jpeg 768w, https:\/\/wifi.se\/fr\/wp-content\/uploads\/sites\/8\/2022\/05\/5G-2-in-1-Antenna-80MM-screw-installation-200x155.jpeg 200w, https:\/\/wifi.se\/fr\/wp-content\/uploads\/sites\/8\/2022\/05\/5G-2-in-1-Antenna-80MM-screw-installation-400x309.jpeg 400w, https:\/\/wifi.se\/fr\/wp-content\/uploads\/sites\/8\/2022\/05\/5G-2-in-1-Antenna-80MM-screw-installation-600x464.jpeg 600w, https:\/\/wifi.se\/fr\/wp-content\/uploads\/sites\/8\/2022\/05\/5G-2-in-1-Antenna-80MM-screw-installation-800x619.jpeg 800w, https:\/\/wifi.se\/fr\/wp-content\/uploads\/sites\/8\/2022\/05\/5G-2-in-1-Antenna-80MM-screw-installation-1200x928.jpeg 1200w, https:\/\/wifi.se\/fr\/wp-content\/uploads\/sites\/8\/2022\/05\/5G-2-in-1-Antenna-80MM-screw-installation-500x387.jpeg 500w, https:\/\/wifi.se\/fr\/wp-content\/uploads\/sites\/8\/2022\/05\/5G-2-in-1-Antenna-80MM-screw-installation-700x541.jpeg 700w\" sizes=\"auto, (max-width: 1243px) 100vw, 1243px\" \/><\/p>\n<p>&nbsp;<\/p>\n","protected":false},"excerpt":{"rendered":"<p>Cette antenne de toit MIMO omnidirectionnelle 5G est compatible avec toutes les bandes passantes mobiles (2G\/3G\/4G\/5G). Elle a \u00e9t\u00e9 sp\u00e9cialement con\u00e7ue pour les camping-cars et les caravanes.<\/p>\n<p>Cette antenne est \u00e9quip\u00e9e de deux c\u00e2bles, dont deux LTE, qui se connectent directement \u00e0 la prise antenne du routeur (SMA m\u00e2le).<\/p>\n<p>Certifi\u00e9e IP68, elle est totalement \u00e9tanche, contrairement \u00e0 d&#8217;autres antennes. Elle peut \u00eatre enti\u00e8rement immerg\u00e9e tout en offrant d&#8217;excellentes performances. Tr\u00e8s robuste, elle r\u00e9siste \u00e0 la chaleur comme au froid, du climat ensoleill\u00e9 de l&#8217;Espagne aux hivers rigoureux du nord de la Su\u00e8de.<\/p>\n<p>Compatible avec le r\u00e9seau 5G, l&#8217;antenne n&#8217;a pas besoin d&#8217;\u00eatre remplac\u00e9e si vous optez pour un routeur 5G.<\/p>\n<p>Vous b\u00e9n\u00e9ficiez ainsi d&#8217;une connexion Internet fiable.<\/p>\n<p>L&#8217;antenne est livr\u00e9e avec une vis traversante en plastique de 80 mm, facile \u00e0 couper \u00e0 la longueur souhait\u00e9e. L&#8217;antenne mesure 13 centim\u00e8tres de diam\u00e8tre et 5 centim\u00e8tres de haut.<\/p>\n<p>Cette antenne est le choix optimal pour vous si vous avez un camping-car ou une caravane et que vous voulez le meilleur.<\/p>\n","protected":false},"featured_media":16794,"template":"","meta":{"_acf_changed":false},"product_brand":[],"product_cat":[165,470],"product_tag":[249,167,352],"class_list":{"0":"post-16789","1":"product","2":"type-product","3":"status-publish","4":"has-post-thumbnail","6":"product_cat-antenner","7":"product_cat-roof-antennas","8":"product_tag-4g-antenn","9":"product_tag-antenn","10":"product_tag-white_week","11":"product_shipping_class-sim-kort-med-router","13":"first","14":"instock","15":"taxable","16":"shipping-taxable","17":"purchasable","18":"product-type-simple"},"bundled_by":[],"bundle_stock_status":"instock","bundle_stock_quantity":null,"bundle_virtual":false,"bundle_layout":"","bundle_add_to_cart_form_location":"","bundle_editable_in_cart":false,"bundle_sold_individually_context":"","bundle_item_grouping":"","bundle_min_size":"","bundle_max_size":"","bundle_price":[],"bundled_items":[],"bundle_sell_ids":[],"acf":{"accounting_number":"1940","accounting_number_kopiera2":"2611","accounting_number_kopiera3":"3014","accounting_number_kopiera4":"3520","accounting_number_kopiera5":"1510","accounting_number_kopiera6":"1511"},"yoast_head":"<!-- This site is optimized with the Yoast SEO plugin v27.1.1 - https:\/\/yoast.com\/product\/yoast-seo-wordpress\/ -->\n<title>5G Roof Antenna for Permanent Mounting on RV\/Caravan \u2013 2 Cables<\/title>\n<meta name=\"description\" content=\"This 5G MIMO roof antenna (works for all mobile bandwidths. If you install this antenna, you won&#039;t need to replace it if you later upgrade to a 5G router.\" \/>\n<meta name=\"robots\" content=\"index, follow, max-snippet:-1, max-image-preview:large, max-video-preview:-1\" \/>\n<link rel=\"canonical\" href=\"https:\/\/wifi.se\/fr\/product\/5g-roof-antenna-for-permanent-mounting-on-rv-caravan-2g-3g-4g-5g-2-cables\/\" \/>\n<meta property=\"og:locale\" content=\"fr_FR\" \/>\n<meta property=\"og:type\" content=\"article\" \/>\n<meta property=\"og:title\" content=\"5G Roof Antenna for Permanent Mounting on RV\/Caravan \u2013 2 Cables\" \/>\n<meta property=\"og:description\" content=\"This 5G MIMO roof antenna (works for all mobile bandwidths. If you install this antenna, you won&#039;t need to replace it if you later upgrade to a 5G router.\" \/>\n<meta property=\"og:url\" content=\"https:\/\/wifi.se\/fr\/product\/5g-roof-antenna-for-permanent-mounting-on-rv-caravan-2g-3g-4g-5g-2-cables\/\" \/>\n<meta property=\"og:site_name\" content=\"WIFI.SE\/FR\" \/>\n<meta property=\"article:modified_time\" content=\"2025-04-09T06:09:39+00:00\" \/>\n<meta property=\"og:image\" content=\"https:\/\/wifi.se\/fr\/wp-content\/uploads\/sites\/8\/2022\/05\/antenn01.png\" \/>\n\t<meta property=\"og:image:width\" content=\"800\" \/>\n\t<meta property=\"og:image:height\" content=\"600\" \/>\n\t<meta property=\"og:image:type\" content=\"image\/png\" \/>\n<meta name=\"twitter:card\" content=\"summary_large_image\" \/>\n<meta name=\"twitter:label1\" content=\"Dur\u00e9e de lecture estim\u00e9e\" \/>\n\t<meta name=\"twitter:data1\" content=\"2 minutes\" \/>\n<script type=\"application\/ld+json\" class=\"yoast-schema-graph\">{\"@context\":\"https:\/\/schema.org\",\"@graph\":[{\"@type\":\"WebPage\",\"@id\":\"https:\/\/wifi.se\/fr\/product\/5g-roof-antenna-for-permanent-mounting-on-rv-caravan-2g-3g-4g-5g-2-cables\/\",\"url\":\"https:\/\/wifi.se\/fr\/product\/5g-roof-antenna-for-permanent-mounting-on-rv-caravan-2g-3g-4g-5g-2-cables\/\",\"name\":\"5G Roof Antenna for Permanent Mounting on RV\/Caravan \u2013 2 Cables\",\"isPartOf\":{\"@id\":\"https:\/\/wifi.se\/fr\/#website\"},\"primaryImageOfPage\":{\"@id\":\"https:\/\/wifi.se\/fr\/product\/5g-roof-antenna-for-permanent-mounting-on-rv-caravan-2g-3g-4g-5g-2-cables\/#primaryimage\"},\"image\":{\"@id\":\"https:\/\/wifi.se\/fr\/product\/5g-roof-antenna-for-permanent-mounting-on-rv-caravan-2g-3g-4g-5g-2-cables\/#primaryimage\"},\"thumbnailUrl\":\"https:\/\/wifi.se\/fr\/wp-content\/uploads\/sites\/8\/2022\/05\/antenn01.png\",\"datePublished\":\"2022-05-11T20:44:55+00:00\",\"dateModified\":\"2025-04-09T06:09:39+00:00\",\"description\":\"This 5G MIMO roof antenna (works for all mobile bandwidths. If you install this antenna, you won't need to replace it if you later upgrade to a 5G router.\",\"breadcrumb\":{\"@id\":\"https:\/\/wifi.se\/fr\/product\/5g-roof-antenna-for-permanent-mounting-on-rv-caravan-2g-3g-4g-5g-2-cables\/#breadcrumb\"},\"inLanguage\":\"fr-FR\",\"potentialAction\":[{\"@type\":\"ReadAction\",\"target\":[\"https:\/\/wifi.se\/fr\/product\/5g-roof-antenna-for-permanent-mounting-on-rv-caravan-2g-3g-4g-5g-2-cables\/\"]}]},{\"@type\":\"ImageObject\",\"inLanguage\":\"fr-FR\",\"@id\":\"https:\/\/wifi.se\/fr\/product\/5g-roof-antenna-for-permanent-mounting-on-rv-caravan-2g-3g-4g-5g-2-cables\/#primaryimage\",\"url\":\"https:\/\/wifi.se\/fr\/wp-content\/uploads\/sites\/8\/2022\/05\/antenn01.png\",\"contentUrl\":\"https:\/\/wifi.se\/fr\/wp-content\/uploads\/sites\/8\/2022\/05\/antenn01.png\",\"width\":800,\"height\":600},{\"@type\":\"BreadcrumbList\",\"@id\":\"https:\/\/wifi.se\/fr\/product\/5g-roof-antenna-for-permanent-mounting-on-rv-caravan-2g-3g-4g-5g-2-cables\/#breadcrumb\",\"itemListElement\":[{\"@type\":\"ListItem\",\"position\":1,\"name\":\"Hem\",\"item\":\"https:\/\/wifi.se\/fr\/\"},{\"@type\":\"ListItem\",\"position\":2,\"name\":\"BOUTIQUE\",\"item\":\"https:\/\/wifi.se\/fr\/butik\/\"},{\"@type\":\"ListItem\",\"position\":3,\"name\":\"Antenne de toit 5G pour montage permanent sur camping-car\/caravane (2G\/3G\/4G\/5G) \u2013 2 c\u00e2bles\"}]},{\"@type\":\"WebSite\",\"@id\":\"https:\/\/wifi.se\/fr\/#website\",\"url\":\"https:\/\/wifi.se\/fr\/\",\"name\":\"WIFI.SE\/FR\",\"description\":\"INTERNET PARTOUT\",\"potentialAction\":[{\"@type\":\"SearchAction\",\"target\":{\"@type\":\"EntryPoint\",\"urlTemplate\":\"https:\/\/wifi.se\/fr\/?s={search_term_string}\"},\"query-input\":{\"@type\":\"PropertyValueSpecification\",\"valueRequired\":true,\"valueName\":\"search_term_string\"}}],\"inLanguage\":\"fr-FR\"}]}<\/script>\n<!-- \/ Yoast SEO plugin. -->","yoast_head_json":{"title":"5G Roof Antenna for Permanent Mounting on RV\/Caravan \u2013 2 Cables","description":"This 5G MIMO roof antenna (works for all mobile bandwidths. If you install this antenna, you won't need to replace it if you later upgrade to a 5G router.","robots":{"index":"index","follow":"follow","max-snippet":"max-snippet:-1","max-image-preview":"max-image-preview:large","max-video-preview":"max-video-preview:-1"},"canonical":"https:\/\/wifi.se\/fr\/product\/5g-roof-antenna-for-permanent-mounting-on-rv-caravan-2g-3g-4g-5g-2-cables\/","og_locale":"fr_FR","og_type":"article","og_title":"5G Roof Antenna for Permanent Mounting on RV\/Caravan \u2013 2 Cables","og_description":"This 5G MIMO roof antenna (works for all mobile bandwidths. If you install this antenna, you won't need to replace it if you later upgrade to a 5G router.","og_url":"https:\/\/wifi.se\/fr\/product\/5g-roof-antenna-for-permanent-mounting-on-rv-caravan-2g-3g-4g-5g-2-cables\/","og_site_name":"WIFI.SE\/FR","article_modified_time":"2025-04-09T06:09:39+00:00","og_image":[{"width":800,"height":600,"url":"https:\/\/wifi.se\/fr\/wp-content\/uploads\/sites\/8\/2022\/05\/antenn01.png","type":"image\/png"}],"twitter_card":"summary_large_image","twitter_misc":{"Dur\u00e9e de lecture estim\u00e9e":"2 minutes"},"schema":{"@context":"https:\/\/schema.org","@graph":[{"@type":"WebPage","@id":"https:\/\/wifi.se\/fr\/product\/5g-roof-antenna-for-permanent-mounting-on-rv-caravan-2g-3g-4g-5g-2-cables\/","url":"https:\/\/wifi.se\/fr\/product\/5g-roof-antenna-for-permanent-mounting-on-rv-caravan-2g-3g-4g-5g-2-cables\/","name":"5G Roof Antenna for Permanent Mounting on RV\/Caravan \u2013 2 Cables","isPartOf":{"@id":"https:\/\/wifi.se\/fr\/#website"},"primaryImageOfPage":{"@id":"https:\/\/wifi.se\/fr\/product\/5g-roof-antenna-for-permanent-mounting-on-rv-caravan-2g-3g-4g-5g-2-cables\/#primaryimage"},"image":{"@id":"https:\/\/wifi.se\/fr\/product\/5g-roof-antenna-for-permanent-mounting-on-rv-caravan-2g-3g-4g-5g-2-cables\/#primaryimage"},"thumbnailUrl":"https:\/\/wifi.se\/fr\/wp-content\/uploads\/sites\/8\/2022\/05\/antenn01.png","datePublished":"2022-05-11T20:44:55+00:00","dateModified":"2025-04-09T06:09:39+00:00","description":"This 5G MIMO roof antenna (works for all mobile bandwidths. If you install this antenna, you won't need to replace it if you later upgrade to a 5G router.","breadcrumb":{"@id":"https:\/\/wifi.se\/fr\/product\/5g-roof-antenna-for-permanent-mounting-on-rv-caravan-2g-3g-4g-5g-2-cables\/#breadcrumb"},"inLanguage":"fr-FR","potentialAction":[{"@type":"ReadAction","target":["https:\/\/wifi.se\/fr\/product\/5g-roof-antenna-for-permanent-mounting-on-rv-caravan-2g-3g-4g-5g-2-cables\/"]}]},{"@type":"ImageObject","inLanguage":"fr-FR","@id":"https:\/\/wifi.se\/fr\/product\/5g-roof-antenna-for-permanent-mounting-on-rv-caravan-2g-3g-4g-5g-2-cables\/#primaryimage","url":"https:\/\/wifi.se\/fr\/wp-content\/uploads\/sites\/8\/2022\/05\/antenn01.png","contentUrl":"https:\/\/wifi.se\/fr\/wp-content\/uploads\/sites\/8\/2022\/05\/antenn01.png","width":800,"height":600},{"@type":"BreadcrumbList","@id":"https:\/\/wifi.se\/fr\/product\/5g-roof-antenna-for-permanent-mounting-on-rv-caravan-2g-3g-4g-5g-2-cables\/#breadcrumb","itemListElement":[{"@type":"ListItem","position":1,"name":"Hem","item":"https:\/\/wifi.se\/fr\/"},{"@type":"ListItem","position":2,"name":"BOUTIQUE","item":"https:\/\/wifi.se\/fr\/butik\/"},{"@type":"ListItem","position":3,"name":"Antenne de toit 5G pour montage permanent sur camping-car\/caravane (2G\/3G\/4G\/5G) \u2013 2 c\u00e2bles"}]},{"@type":"WebSite","@id":"https:\/\/wifi.se\/fr\/#website","url":"https:\/\/wifi.se\/fr\/","name":"WIFI.SE\/FR","description":"INTERNET PARTOUT","potentialAction":[{"@type":"SearchAction","target":{"@type":"EntryPoint","urlTemplate":"https:\/\/wifi.se\/fr\/?s={search_term_string}"},"query-input":{"@type":"PropertyValueSpecification","valueRequired":true,"valueName":"search_term_string"}}],"inLanguage":"fr-FR"}]}},"_links":{"self":[{"href":"https:\/\/wifi.se\/fr\/wp-json\/wp\/v2\/product\/16789","targetHints":{"allow":["GET"]}}],"collection":[{"href":"https:\/\/wifi.se\/fr\/wp-json\/wp\/v2\/product"}],"about":[{"href":"https:\/\/wifi.se\/fr\/wp-json\/wp\/v2\/types\/product"}],"wp:featuredmedia":[{"embeddable":true,"href":"https:\/\/wifi.se\/fr\/wp-json\/wp\/v2\/media\/16794"}],"wp:attachment":[{"href":"https:\/\/wifi.se\/fr\/wp-json\/wp\/v2\/media?parent=16789"}],"wp:term":[{"taxonomy":"product_brand","embeddable":true,"href":"https:\/\/wifi.se\/fr\/wp-json\/wp\/v2\/product_brand?post=16789"},{"taxonomy":"product_cat","embeddable":true,"href":"https:\/\/wifi.se\/fr\/wp-json\/wp\/v2\/product_cat?post=16789"},{"taxonomy":"product_tag","embeddable":true,"href":"https:\/\/wifi.se\/fr\/wp-json\/wp\/v2\/product_tag?post=16789"}],"curies":[{"name":"wp","href":"https:\/\/api.w.org\/{rel}","templated":true}]}}