{"id":16787,"date":"2022-05-11T22:29:34","date_gmt":"2022-05-11T20:29:34","guid":{"rendered":"https:\/\/wifi.se\/?post_type=product&#038;p=16787"},"modified":"2025-04-09T08:10:28","modified_gmt":"2025-04-09T06:10:28","slug":"5g-roof-antenna-for-permanent-mounting-on-motorhome-caravan","status":"publish","type":"product","link":"https:\/\/wifi.se\/fr\/product\/5g-roof-antenna-for-permanent-mounting-on-motorhome-caravan\/","title":{"rendered":"Antenne de toit 5G pour montage permanent sur camping-car\/caravane (2G\/3G\/4G\/5G) &#8211; 4 c\u00e2bles"},"content":{"rendered":"<p>Cette antenne MIMO omnidirectionnelle 5G est compatible avec toutes les bandes de fr\u00e9quences mobiles\u00a0: 2G\/3G\/4G\/5G. Elle a \u00e9t\u00e9 sp\u00e9cialement d\u00e9velopp\u00e9e pour les camping-cars et les caravanes.<\/p>\n<p>Cette antenne est \u00e9quip\u00e9e de 4 c\u00e2bles\u00a0: 2 c\u00e2bles LTE et 2 c\u00e2bles Wi-Fi, qui se connectent directement au routeur.<\/p>\n<p>Certifi\u00e9e IP68, elle est donc totalement \u00e9tanche, contrairement \u00e0 d&#8217;autres antennes. Elle peut \u00eatre enti\u00e8rement immerg\u00e9e tout en offrant d&#8217;excellentes performances. Tr\u00e8s robuste, elle r\u00e9siste \u00e0 la chaleur comme au froid.<\/p>\n<p>Compatible avec la 5G, elle n&#8217;a pas besoin d&#8217;\u00eatre remplac\u00e9e si vous passez \u00e0 un routeur 5G.<\/p>\n<p>Avec cette antenne, vous avez l&#8217;assurance d&#8217;une bonne connexion Internet.<\/p>\n<p>L&#8217;antenne est livr\u00e9e avec une vis traversante en plastique de 80\u00a0mm, que vous pouvez facilement couper \u00e0 la longueur souhait\u00e9e. L&#8217;antenne mesure 13\u00a0cm de diam\u00e8tre et 5\u00a0cm de haut.<\/p>\n<p>Cette antenne est la solution id\u00e9ale pour ceux qui poss\u00e8dent un camping-car ou une caravane et recherchent le meilleur.<\/p>\n<p>CARACT\u00c9RISTIQUES<\/p>\n<p>Gamme de fr\u00e9quences\u00a0:<\/p>\n<p>2600~6000\u00a0MHz (2G\/3G\/4G\/5G)<br \/>\nImp\u00e9dance\u00a0:<\/p>\n<p>50\u00a0Ohms<br \/>\nGain (dBi)\u00a0:<\/p>\n<p>Antenne 5G\u00a0: 8\u00a0dBi<br \/>\nC\u00e2bles\u00a0:<\/p>\n<p>LMR 200 pour LTE<br \/>\nLMR 100 pour Wi-Fi<br \/>\nConnecteurs SMA<\/p>\n<p>Dimensions (mm)\u00a0:<\/p>\n<p>130\u00a0\u00d7 130\u00a0\u00d7 50\u00a0mm<br \/>\nTemp\u00e9rature de fonctionnement (haute et basse)\u00a0:<\/p>\n<p>-40\u00a0\u00d7 +85\u00a0\u00b0C<br \/>\n\u00c9tanch\u00e9it\u00e9 totale (norme IP68)<\/p>\n<p><img loading=\"lazy\" decoding=\"async\" class=\"alignnone size-full wp-image-16808\" src=\"https:\/\/wifi.se\/wp-content\/uploads\/2022\/05\/4-in-1-Antenna-80MM-screw-installation-nn.jpeg\" alt=\"\" width=\"1243\" height=\"961\" srcset=\"https:\/\/wifi.se\/fr\/wp-content\/uploads\/sites\/8\/2022\/05\/4-in-1-Antenna-80MM-screw-installation-nn.jpeg 1243w, https:\/\/wifi.se\/fr\/wp-content\/uploads\/sites\/8\/2022\/05\/4-in-1-Antenna-80MM-screw-installation-nn-510x394.jpeg 510w, https:\/\/wifi.se\/fr\/wp-content\/uploads\/sites\/8\/2022\/05\/4-in-1-Antenna-80MM-screw-installation-nn-64x49.jpeg 64w, https:\/\/wifi.se\/fr\/wp-content\/uploads\/sites\/8\/2022\/05\/4-in-1-Antenna-80MM-screw-installation-nn-300x232.jpeg 300w, https:\/\/wifi.se\/fr\/wp-content\/uploads\/sites\/8\/2022\/05\/4-in-1-Antenna-80MM-screw-installation-nn-1024x792.jpeg 1024w, https:\/\/wifi.se\/fr\/wp-content\/uploads\/sites\/8\/2022\/05\/4-in-1-Antenna-80MM-screw-installation-nn-768x594.jpeg 768w, https:\/\/wifi.se\/fr\/wp-content\/uploads\/sites\/8\/2022\/05\/4-in-1-Antenna-80MM-screw-installation-nn-200x155.jpeg 200w, https:\/\/wifi.se\/fr\/wp-content\/uploads\/sites\/8\/2022\/05\/4-in-1-Antenna-80MM-screw-installation-nn-400x309.jpeg 400w, https:\/\/wifi.se\/fr\/wp-content\/uploads\/sites\/8\/2022\/05\/4-in-1-Antenna-80MM-screw-installation-nn-600x464.jpeg 600w, https:\/\/wifi.se\/fr\/wp-content\/uploads\/sites\/8\/2022\/05\/4-in-1-Antenna-80MM-screw-installation-nn-800x619.jpeg 800w, https:\/\/wifi.se\/fr\/wp-content\/uploads\/sites\/8\/2022\/05\/4-in-1-Antenna-80MM-screw-installation-nn-1200x928.jpeg 1200w, https:\/\/wifi.se\/fr\/wp-content\/uploads\/sites\/8\/2022\/05\/4-in-1-Antenna-80MM-screw-installation-nn-500x387.jpeg 500w, https:\/\/wifi.se\/fr\/wp-content\/uploads\/sites\/8\/2022\/05\/4-in-1-Antenna-80MM-screw-installation-nn-700x541.jpeg 700w\" sizes=\"auto, (max-width: 1243px) 100vw, 1243px\" \/><\/p>\n<p>&nbsp;<\/p>\n","protected":false},"excerpt":{"rendered":"<p>Cette antenne MIMO omnidirectionnelle 5G est compatible avec toutes les bandes passantes mobiles (2G\/3G\/4G\/5G). Elle a \u00e9t\u00e9 sp\u00e9cialement d\u00e9velopp\u00e9e pour les camping-cars et les caravanes.<\/p>\n<p>Cette antenne est \u00e9quip\u00e9e de 4 c\u00e2bles\u00a0: 2 LTE et 2 Wi-Fi, qui se connectent directement au routeur.<\/p>\n<p>Certifi\u00e9e IP68, elle est donc totalement \u00e9tanche, contrairement \u00e0 d&#8217;autres antennes. Elle peut \u00eatre compl\u00e8tement immerg\u00e9e et fonctionner parfaitement. Tr\u00e8s robuste, elle r\u00e9siste \u00e0 la chaleur comme au froid, du climat ensoleill\u00e9 de l&#8217;Espagne aux hivers nordiques.<\/p>\n<p>Compatible avec les r\u00e9seaux 5G, l&#8217;antenne n&#8217;a pas besoin d&#8217;\u00eatre remplac\u00e9e lors de la mise \u00e0 niveau vers un routeur 5G.<\/p>\n<p>Avec cette antenne, vous avez l&#8217;assurance d&#8217;une connexion internet fiable.<\/p>\n<p>L&#8217;antenne est livr\u00e9e avec une vis traversante en plastique de 80\u00a0mm, que vous pouvez facilement couper \u00e0 la longueur souhait\u00e9e. L&#8217;antenne mesure 13\u00a0cm de diam\u00e8tre et 5\u00a0cm de haut.<\/p>\n<p>Cette antenne est le choix optimal pour toute personne poss\u00e9dant un camping-car ou une caravane et souhaitant le meilleur.<\/p>\n","protected":false},"featured_media":30294,"template":"","meta":{"_acf_changed":false},"product_brand":[],"product_cat":[165,470],"product_tag":[249,167,352],"class_list":{"0":"post-16787","1":"product","2":"type-product","3":"status-publish","4":"has-post-thumbnail","6":"product_cat-antenner","7":"product_cat-roof-antennas","8":"product_tag-4g-antenn","9":"product_tag-antenn","10":"product_tag-white_week","11":"product_shipping_class-sim-kort-med-router","13":"first","14":"instock","15":"taxable","16":"shipping-taxable","17":"purchasable","18":"product-type-simple"},"bundled_by":[],"bundle_stock_status":"instock","bundle_stock_quantity":null,"bundle_virtual":false,"bundle_layout":"","bundle_add_to_cart_form_location":"","bundle_editable_in_cart":false,"bundle_sold_individually_context":"","bundle_item_grouping":"","bundle_min_size":"","bundle_max_size":"","bundle_price":[],"bundled_items":[],"bundle_sell_ids":[],"acf":{"accounting_number":"1940","accounting_number_kopiera2":"2611","accounting_number_kopiera3":"3014","accounting_number_kopiera4":"3520","accounting_number_kopiera5":"1510","accounting_number_kopiera6":"1511"},"yoast_head":"<!-- This site is optimized with the Yoast SEO plugin v27.1.1 - https:\/\/yoast.com\/product\/yoast-seo-wordpress\/ -->\n<title>Roof Antenna for Permanent Mounting on Motorhomes\/Caravans<\/title>\n<meta name=\"description\" content=\"This 5G roof antenna works for all mobile bandwidths, including 2G, 3G, 4G, and 5G. It&#039;s an incredibly good antenna if you always want the best possible coverage.\" \/>\n<meta name=\"robots\" content=\"index, follow, max-snippet:-1, max-image-preview:large, max-video-preview:-1\" \/>\n<link rel=\"canonical\" href=\"https:\/\/wifi.se\/fr\/product\/5g-roof-antenna-for-permanent-mounting-on-motorhome-caravan\/\" \/>\n<meta property=\"og:locale\" content=\"fr_FR\" \/>\n<meta property=\"og:type\" content=\"article\" \/>\n<meta property=\"og:title\" content=\"Roof Antenna for Permanent Mounting on Motorhomes\/Caravans\" \/>\n<meta property=\"og:description\" content=\"This 5G roof antenna works for all mobile bandwidths, including 2G, 3G, 4G, and 5G. It&#039;s an incredibly good antenna if you always want the best possible coverage.\" \/>\n<meta property=\"og:url\" content=\"https:\/\/wifi.se\/fr\/product\/5g-roof-antenna-for-permanent-mounting-on-motorhome-caravan\/\" \/>\n<meta property=\"og:site_name\" content=\"WIFI.SE\/FR\" \/>\n<meta property=\"article:modified_time\" content=\"2025-04-09T06:10:28+00:00\" \/>\n<meta property=\"og:image\" content=\"https:\/\/wifi.se\/fr\/wp-content\/uploads\/sites\/8\/2022\/07\/PUCK01.jpg\" \/>\n\t<meta property=\"og:image:width\" content=\"800\" \/>\n\t<meta property=\"og:image:height\" content=\"800\" \/>\n\t<meta property=\"og:image:type\" content=\"image\/jpeg\" \/>\n<meta name=\"twitter:card\" content=\"summary_large_image\" \/>\n<meta name=\"twitter:label1\" content=\"Dur\u00e9e de lecture estim\u00e9e\" \/>\n\t<meta name=\"twitter:data1\" content=\"2 minutes\" \/>\n<script type=\"application\/ld+json\" class=\"yoast-schema-graph\">{\"@context\":\"https:\/\/schema.org\",\"@graph\":[{\"@type\":\"WebPage\",\"@id\":\"https:\/\/wifi.se\/fr\/product\/5g-roof-antenna-for-permanent-mounting-on-motorhome-caravan\/\",\"url\":\"https:\/\/wifi.se\/fr\/product\/5g-roof-antenna-for-permanent-mounting-on-motorhome-caravan\/\",\"name\":\"Roof Antenna for Permanent Mounting on Motorhomes\/Caravans\",\"isPartOf\":{\"@id\":\"https:\/\/wifi.se\/fr\/#website\"},\"primaryImageOfPage\":{\"@id\":\"https:\/\/wifi.se\/fr\/product\/5g-roof-antenna-for-permanent-mounting-on-motorhome-caravan\/#primaryimage\"},\"image\":{\"@id\":\"https:\/\/wifi.se\/fr\/product\/5g-roof-antenna-for-permanent-mounting-on-motorhome-caravan\/#primaryimage\"},\"thumbnailUrl\":\"https:\/\/wifi.se\/fr\/wp-content\/uploads\/sites\/8\/2022\/07\/PUCK01.jpg\",\"datePublished\":\"2022-05-11T20:29:34+00:00\",\"dateModified\":\"2025-04-09T06:10:28+00:00\",\"description\":\"This 5G roof antenna works for all mobile bandwidths, including 2G, 3G, 4G, and 5G. It's an incredibly good antenna if you always want the best possible coverage.\",\"breadcrumb\":{\"@id\":\"https:\/\/wifi.se\/fr\/product\/5g-roof-antenna-for-permanent-mounting-on-motorhome-caravan\/#breadcrumb\"},\"inLanguage\":\"fr-FR\",\"potentialAction\":[{\"@type\":\"ReadAction\",\"target\":[\"https:\/\/wifi.se\/fr\/product\/5g-roof-antenna-for-permanent-mounting-on-motorhome-caravan\/\"]}]},{\"@type\":\"ImageObject\",\"inLanguage\":\"fr-FR\",\"@id\":\"https:\/\/wifi.se\/fr\/product\/5g-roof-antenna-for-permanent-mounting-on-motorhome-caravan\/#primaryimage\",\"url\":\"https:\/\/wifi.se\/fr\/wp-content\/uploads\/sites\/8\/2022\/07\/PUCK01.jpg\",\"contentUrl\":\"https:\/\/wifi.se\/fr\/wp-content\/uploads\/sites\/8\/2022\/07\/PUCK01.jpg\",\"width\":800,\"height\":800,\"caption\":\"5G takantenn platt f\u00f6r fast montering p\u00e5 husbil\/husvagn (2G\/3G\/4G\/5G) 4 Kablar\"},{\"@type\":\"BreadcrumbList\",\"@id\":\"https:\/\/wifi.se\/fr\/product\/5g-roof-antenna-for-permanent-mounting-on-motorhome-caravan\/#breadcrumb\",\"itemListElement\":[{\"@type\":\"ListItem\",\"position\":1,\"name\":\"Hem\",\"item\":\"https:\/\/wifi.se\/fr\/\"},{\"@type\":\"ListItem\",\"position\":2,\"name\":\"BOUTIQUE\",\"item\":\"https:\/\/wifi.se\/fr\/butik\/\"},{\"@type\":\"ListItem\",\"position\":3,\"name\":\"Antenne de toit 5G pour montage permanent sur camping-car\/caravane (2G\/3G\/4G\/5G) &#8211; 4 c\u00e2bles\"}]},{\"@type\":\"WebSite\",\"@id\":\"https:\/\/wifi.se\/fr\/#website\",\"url\":\"https:\/\/wifi.se\/fr\/\",\"name\":\"WIFI.SE\/FR\",\"description\":\"INTERNET PARTOUT\",\"potentialAction\":[{\"@type\":\"SearchAction\",\"target\":{\"@type\":\"EntryPoint\",\"urlTemplate\":\"https:\/\/wifi.se\/fr\/?s={search_term_string}\"},\"query-input\":{\"@type\":\"PropertyValueSpecification\",\"valueRequired\":true,\"valueName\":\"search_term_string\"}}],\"inLanguage\":\"fr-FR\"}]}<\/script>\n<!-- \/ Yoast SEO plugin. -->","yoast_head_json":{"title":"Roof Antenna for Permanent Mounting on Motorhomes\/Caravans","description":"This 5G roof antenna works for all mobile bandwidths, including 2G, 3G, 4G, and 5G. It's an incredibly good antenna if you always want the best possible coverage.","robots":{"index":"index","follow":"follow","max-snippet":"max-snippet:-1","max-image-preview":"max-image-preview:large","max-video-preview":"max-video-preview:-1"},"canonical":"https:\/\/wifi.se\/fr\/product\/5g-roof-antenna-for-permanent-mounting-on-motorhome-caravan\/","og_locale":"fr_FR","og_type":"article","og_title":"Roof Antenna for Permanent Mounting on Motorhomes\/Caravans","og_description":"This 5G roof antenna works for all mobile bandwidths, including 2G, 3G, 4G, and 5G. It's an incredibly good antenna if you always want the best possible coverage.","og_url":"https:\/\/wifi.se\/fr\/product\/5g-roof-antenna-for-permanent-mounting-on-motorhome-caravan\/","og_site_name":"WIFI.SE\/FR","article_modified_time":"2025-04-09T06:10:28+00:00","og_image":[{"width":800,"height":800,"url":"https:\/\/wifi.se\/fr\/wp-content\/uploads\/sites\/8\/2022\/07\/PUCK01.jpg","type":"image\/jpeg"}],"twitter_card":"summary_large_image","twitter_misc":{"Dur\u00e9e de lecture estim\u00e9e":"2 minutes"},"schema":{"@context":"https:\/\/schema.org","@graph":[{"@type":"WebPage","@id":"https:\/\/wifi.se\/fr\/product\/5g-roof-antenna-for-permanent-mounting-on-motorhome-caravan\/","url":"https:\/\/wifi.se\/fr\/product\/5g-roof-antenna-for-permanent-mounting-on-motorhome-caravan\/","name":"Roof Antenna for Permanent Mounting on Motorhomes\/Caravans","isPartOf":{"@id":"https:\/\/wifi.se\/fr\/#website"},"primaryImageOfPage":{"@id":"https:\/\/wifi.se\/fr\/product\/5g-roof-antenna-for-permanent-mounting-on-motorhome-caravan\/#primaryimage"},"image":{"@id":"https:\/\/wifi.se\/fr\/product\/5g-roof-antenna-for-permanent-mounting-on-motorhome-caravan\/#primaryimage"},"thumbnailUrl":"https:\/\/wifi.se\/fr\/wp-content\/uploads\/sites\/8\/2022\/07\/PUCK01.jpg","datePublished":"2022-05-11T20:29:34+00:00","dateModified":"2025-04-09T06:10:28+00:00","description":"This 5G roof antenna works for all mobile bandwidths, including 2G, 3G, 4G, and 5G. It's an incredibly good antenna if you always want the best possible coverage.","breadcrumb":{"@id":"https:\/\/wifi.se\/fr\/product\/5g-roof-antenna-for-permanent-mounting-on-motorhome-caravan\/#breadcrumb"},"inLanguage":"fr-FR","potentialAction":[{"@type":"ReadAction","target":["https:\/\/wifi.se\/fr\/product\/5g-roof-antenna-for-permanent-mounting-on-motorhome-caravan\/"]}]},{"@type":"ImageObject","inLanguage":"fr-FR","@id":"https:\/\/wifi.se\/fr\/product\/5g-roof-antenna-for-permanent-mounting-on-motorhome-caravan\/#primaryimage","url":"https:\/\/wifi.se\/fr\/wp-content\/uploads\/sites\/8\/2022\/07\/PUCK01.jpg","contentUrl":"https:\/\/wifi.se\/fr\/wp-content\/uploads\/sites\/8\/2022\/07\/PUCK01.jpg","width":800,"height":800,"caption":"5G takantenn platt f\u00f6r fast montering p\u00e5 husbil\/husvagn (2G\/3G\/4G\/5G) 4 Kablar"},{"@type":"BreadcrumbList","@id":"https:\/\/wifi.se\/fr\/product\/5g-roof-antenna-for-permanent-mounting-on-motorhome-caravan\/#breadcrumb","itemListElement":[{"@type":"ListItem","position":1,"name":"Hem","item":"https:\/\/wifi.se\/fr\/"},{"@type":"ListItem","position":2,"name":"BOUTIQUE","item":"https:\/\/wifi.se\/fr\/butik\/"},{"@type":"ListItem","position":3,"name":"Antenne de toit 5G pour montage permanent sur camping-car\/caravane (2G\/3G\/4G\/5G) &#8211; 4 c\u00e2bles"}]},{"@type":"WebSite","@id":"https:\/\/wifi.se\/fr\/#website","url":"https:\/\/wifi.se\/fr\/","name":"WIFI.SE\/FR","description":"INTERNET PARTOUT","potentialAction":[{"@type":"SearchAction","target":{"@type":"EntryPoint","urlTemplate":"https:\/\/wifi.se\/fr\/?s={search_term_string}"},"query-input":{"@type":"PropertyValueSpecification","valueRequired":true,"valueName":"search_term_string"}}],"inLanguage":"fr-FR"}]}},"_links":{"self":[{"href":"https:\/\/wifi.se\/fr\/wp-json\/wp\/v2\/product\/16787","targetHints":{"allow":["GET"]}}],"collection":[{"href":"https:\/\/wifi.se\/fr\/wp-json\/wp\/v2\/product"}],"about":[{"href":"https:\/\/wifi.se\/fr\/wp-json\/wp\/v2\/types\/product"}],"wp:featuredmedia":[{"embeddable":true,"href":"https:\/\/wifi.se\/fr\/wp-json\/wp\/v2\/media\/30294"}],"wp:attachment":[{"href":"https:\/\/wifi.se\/fr\/wp-json\/wp\/v2\/media?parent=16787"}],"wp:term":[{"taxonomy":"product_brand","embeddable":true,"href":"https:\/\/wifi.se\/fr\/wp-json\/wp\/v2\/product_brand?post=16787"},{"taxonomy":"product_cat","embeddable":true,"href":"https:\/\/wifi.se\/fr\/wp-json\/wp\/v2\/product_cat?post=16787"},{"taxonomy":"product_tag","embeddable":true,"href":"https:\/\/wifi.se\/fr\/wp-json\/wp\/v2\/product_tag?post=16787"}],"curies":[{"name":"wp","href":"https:\/\/api.w.org\/{rel}","templated":true}]}}