{"id":14514,"date":"2021-08-24T21:24:00","date_gmt":"2021-08-24T19:24:00","guid":{"rendered":"https:\/\/wifi.se\/?post_type=product&#038;p=14514"},"modified":"2025-04-09T08:11:13","modified_gmt":"2025-04-09T06:11:13","slug":"5g-flat-roof-antenna-for-permanent-installation-on-motorhomes-caravans-2g-3g-4g-5g-2-cables","status":"publish","type":"product","link":"https:\/\/wifi.se\/fr\/product\/5g-flat-roof-antenna-for-permanent-installation-on-motorhomes-caravans-2g-3g-4g-5g-2-cables\/","title":{"rendered":"95 \/ 5,000 Antenne de toit plat 5G pour installation permanente sur camping-cars\/caravanes (2G\/3G\/4G\/5G) &#8211; 2 c\u00e2bles"},"content":{"rendered":"<p>Cette antenne MIMO omnidirectionnelle 5G est compatible avec toutes les bandes passantes mobiles (2G\/3G\/4G\/5G). Elle est sp\u00e9cialement con\u00e7ue pour les camping-cars et les caravanes.<\/p>\n<p>Cette antenne est \u00e9quip\u00e9e de deux c\u00e2bles LTE qui se connectent directement au routeur. (Si vous poss\u00e9dez un RUT 850, vous aurez besoin de deux c\u00e2bles reliant le connecteur SMA femelle au connecteur Fakra D.) Vous la trouverez dans notre boutique en ligne.<\/p>\n<p>Certifi\u00e9e IP68, l&#8217;antenne est totalement \u00e9tanche, contrairement \u00e0 d&#8217;autres antennes. Elle peut \u00eatre enti\u00e8rement immerg\u00e9e et fonctionner parfaitement. Tr\u00e8s robuste, elle r\u00e9siste \u00e0 la chaleur comme au froid.<\/p>\n<p>Compatible avec le r\u00e9seau 5G, l&#8217;antenne n&#8217;a pas besoin d&#8217;\u00eatre remplac\u00e9e lors de la mise \u00e0 niveau vers un routeur 5G.<\/p>\n<p>Avec cette antenne, vous avez la garantie d&#8217;une connexion internet de qualit\u00e9.<\/p>\n<p>L&#8217;antenne est livr\u00e9e avec un adh\u00e9sif 3M Super Tape\/Autocollant. Cependant, comme toutes les surfaces ne sont pas toujours lisses, nous recommandons de coller l&#8217;antenne en plus. L&#8217;antenne mesure 13 cm de diam\u00e8tre et 5 cm de hauteur.<\/p>\n<p>Cette antenne est id\u00e9ale pour les propri\u00e9taires de camping-cars ou de caravanes qui recherchent le meilleur.<\/p>\n<p>CARACT\u00c9RISTIQUES<\/p>\n<p>GAMME DE FR\u00c9QUENCES\u00a0:<br \/>\n2\u00a0*\u00a0600\u00a0~\u00a06\u00a0000\u00a0MHz (2G\/3G\/4G\/5G)<\/p>\n<p>Imp\u00e9dance\u00a0:<br \/>\n50\u00a0Ohms<\/p>\n<p>GAIN (dBi)\u00a0:<br \/>\nAntenne 5G\u00a0: 8\u00a0dBi<\/p>\n<p>C\u00e2bles\u00a0:<br \/>\nLMR 200<\/p>\n<p>Connecteurs SMA<\/p>\n<p>Dimensions (mm)\u00a0:<br \/>\n130\u00a0~\u00a0130\u00a0cm<\/p>\n<p>Plage de temp\u00e9ratures (haute\/basse)\u00a0:<br \/>\n-40\u00a0~\u00a0+85\u00a0\u00b0C<\/p>\n<p>\u00c9tanch\u00e9it\u00e9, certifi\u00e9e IP68.<\/p>\n<p><img loading=\"lazy\" decoding=\"async\" class=\"alignnone size-full wp-image-16816\" src=\"https:\/\/wifi.se\/wp-content\/uploads\/2021\/08\/2_02.jpeg\" alt=\"\" width=\"1242\" height=\"960\" srcset=\"https:\/\/wifi.se\/fr\/wp-content\/uploads\/sites\/8\/2021\/08\/2_02.jpeg 1242w, https:\/\/wifi.se\/fr\/wp-content\/uploads\/sites\/8\/2021\/08\/2_02-510x394.jpeg 510w, https:\/\/wifi.se\/fr\/wp-content\/uploads\/sites\/8\/2021\/08\/2_02-64x49.jpeg 64w, https:\/\/wifi.se\/fr\/wp-content\/uploads\/sites\/8\/2021\/08\/2_02-300x232.jpeg 300w, https:\/\/wifi.se\/fr\/wp-content\/uploads\/sites\/8\/2021\/08\/2_02-1024x791.jpeg 1024w, https:\/\/wifi.se\/fr\/wp-content\/uploads\/sites\/8\/2021\/08\/2_02-768x594.jpeg 768w, https:\/\/wifi.se\/fr\/wp-content\/uploads\/sites\/8\/2021\/08\/2_02-200x155.jpeg 200w, https:\/\/wifi.se\/fr\/wp-content\/uploads\/sites\/8\/2021\/08\/2_02-400x309.jpeg 400w, https:\/\/wifi.se\/fr\/wp-content\/uploads\/sites\/8\/2021\/08\/2_02-600x464.jpeg 600w, https:\/\/wifi.se\/fr\/wp-content\/uploads\/sites\/8\/2021\/08\/2_02-800x618.jpeg 800w, https:\/\/wifi.se\/fr\/wp-content\/uploads\/sites\/8\/2021\/08\/2_02-1200x928.jpeg 1200w, https:\/\/wifi.se\/fr\/wp-content\/uploads\/sites\/8\/2021\/08\/2_02-500x386.jpeg 500w, https:\/\/wifi.se\/fr\/wp-content\/uploads\/sites\/8\/2021\/08\/2_02-700x541.jpeg 700w\" sizes=\"auto, (max-width: 1242px) 100vw, 1242px\" \/><\/p>\n<p>&nbsp;<\/p>\n","protected":false},"excerpt":{"rendered":"<p>Cette antenne de toit omnidirectionnelle 5G est compatible avec toutes les bandes passantes mobiles\u00a0: 2G\/3G\/4G\/5G. Sp\u00e9cialement con\u00e7ue pour les camping-cars et les caravanes, elle se monte \u00e0 plat, le c\u00e2ble sortant verticalement sur le c\u00f4t\u00e9.<\/p>\n<p>Cette antenne est \u00e9quip\u00e9e de deux c\u00e2bles 4G\/5G qui se connectent directement au routeur.<\/p>\n<p>Certifi\u00e9e IP68, elle est donc totalement \u00e9tanche, contrairement \u00e0 d&#8217;autres antennes. Elle peut \u00eatre enti\u00e8rement immerg\u00e9e et fonctionner parfaitement. Tr\u00e8s robuste, elle r\u00e9siste \u00e0 la chaleur comme au froid, du climat ensoleill\u00e9 de l&#8217;Espagne aux hivers nordiques.<\/p>\n<p>Compatible avec le r\u00e9seau 5G, l&#8217;antenne n&#8217;a pas besoin d&#8217;\u00eatre remplac\u00e9e lors du passage \u00e0 un routeur 5G.<\/p>\n<p>L&#8217;antenne est fournie avec du ruban adh\u00e9sif 3M Super Tape\/Pad adh\u00e9sif. Cependant, les surfaces n&#8217;\u00e9tant pas toujours lisses, nous recommandons de coller l&#8217;antenne. L&#8217;antenne mesure 13\u00a0cm de diam\u00e8tre et 5\u00a0cm de haut.<\/p>\n<p>Cette antenne est le choix optimal pour vous qui poss\u00e9dez un camping-car ou une caravane et qui souhaitez le meilleur.<\/p>\n","protected":false},"featured_media":30295,"template":"","meta":{"_acf_changed":false},"product_brand":[],"product_cat":[165],"product_tag":[249,167],"class_list":{"0":"post-14514","1":"product","2":"type-product","3":"status-publish","4":"has-post-thumbnail","6":"product_cat-antenner","7":"product_tag-4g-antenn","8":"product_tag-antenn","9":"product_shipping_class-sim-kort-med-router","11":"first","12":"instock","13":"taxable","14":"shipping-taxable","15":"purchasable","16":"product-type-simple"},"bundled_by":[],"bundle_stock_status":"instock","bundle_stock_quantity":null,"bundle_virtual":false,"bundle_layout":"","bundle_add_to_cart_form_location":"","bundle_editable_in_cart":false,"bundle_sold_individually_context":"","bundle_item_grouping":"","bundle_min_size":"","bundle_max_size":"","bundle_price":[],"bundled_items":[],"bundle_sell_ids":[],"acf":{"accounting_number":"1940","accounting_number_kopiera2":"2611","accounting_number_kopiera3":"3014","accounting_number_kopiera4":"3520","accounting_number_kopiera5":"1510","accounting_number_kopiera6":"1511"},"yoast_head":"<!-- This site is optimized with the Yoast SEO plugin v27.1.1 - https:\/\/yoast.com\/product\/yoast-seo-wordpress\/ -->\n<title>5G flat roof antenna for installation on motorhomes\/caravans<\/title>\n<meta name=\"description\" content=\"This 5G roof antenna works for all mobile bandwidths, including 2G\/3G\/4G\/5G. For those who always want a good connection. Flat mounting with two cables.\" \/>\n<meta name=\"robots\" content=\"index, follow, max-snippet:-1, max-image-preview:large, max-video-preview:-1\" \/>\n<link rel=\"canonical\" href=\"https:\/\/wifi.se\/fr\/product\/5g-flat-roof-antenna-for-permanent-installation-on-motorhomes-caravans-2g-3g-4g-5g-2-cables\/\" \/>\n<meta property=\"og:locale\" content=\"fr_FR\" \/>\n<meta property=\"og:type\" content=\"article\" \/>\n<meta property=\"og:title\" content=\"5G flat roof antenna for installation on motorhomes\/caravans\" \/>\n<meta property=\"og:description\" content=\"This 5G roof antenna works for all mobile bandwidths, including 2G\/3G\/4G\/5G. For those who always want a good connection. Flat mounting with two cables.\" \/>\n<meta property=\"og:url\" content=\"https:\/\/wifi.se\/fr\/product\/5g-flat-roof-antenna-for-permanent-installation-on-motorhomes-caravans-2g-3g-4g-5g-2-cables\/\" \/>\n<meta property=\"og:site_name\" content=\"WIFI.SE\/FR\" \/>\n<meta property=\"article:modified_time\" content=\"2025-04-09T06:11:13+00:00\" \/>\n<meta property=\"og:image\" content=\"https:\/\/wifi.se\/fr\/wp-content\/uploads\/sites\/8\/2022\/07\/puck2.jpg\" \/>\n\t<meta property=\"og:image:width\" content=\"800\" \/>\n\t<meta property=\"og:image:height\" content=\"800\" \/>\n\t<meta property=\"og:image:type\" content=\"image\/jpeg\" \/>\n<meta name=\"twitter:card\" content=\"summary_large_image\" \/>\n<meta name=\"twitter:label1\" content=\"Dur\u00e9e de lecture estim\u00e9e\" \/>\n\t<meta name=\"twitter:data1\" content=\"2 minutes\" \/>\n<script type=\"application\/ld+json\" class=\"yoast-schema-graph\">{\"@context\":\"https:\/\/schema.org\",\"@graph\":[{\"@type\":\"WebPage\",\"@id\":\"https:\/\/wifi.se\/fr\/product\/5g-flat-roof-antenna-for-permanent-installation-on-motorhomes-caravans-2g-3g-4g-5g-2-cables\/\",\"url\":\"https:\/\/wifi.se\/fr\/product\/5g-flat-roof-antenna-for-permanent-installation-on-motorhomes-caravans-2g-3g-4g-5g-2-cables\/\",\"name\":\"5G flat roof antenna for installation on motorhomes\/caravans\",\"isPartOf\":{\"@id\":\"https:\/\/wifi.se\/fr\/#website\"},\"primaryImageOfPage\":{\"@id\":\"https:\/\/wifi.se\/fr\/product\/5g-flat-roof-antenna-for-permanent-installation-on-motorhomes-caravans-2g-3g-4g-5g-2-cables\/#primaryimage\"},\"image\":{\"@id\":\"https:\/\/wifi.se\/fr\/product\/5g-flat-roof-antenna-for-permanent-installation-on-motorhomes-caravans-2g-3g-4g-5g-2-cables\/#primaryimage\"},\"thumbnailUrl\":\"https:\/\/wifi.se\/fr\/wp-content\/uploads\/sites\/8\/2022\/07\/puck2.jpg\",\"datePublished\":\"2021-08-24T19:24:00+00:00\",\"dateModified\":\"2025-04-09T06:11:13+00:00\",\"description\":\"This 5G roof antenna works for all mobile bandwidths, including 2G\/3G\/4G\/5G. For those who always want a good connection. Flat mounting with two cables.\",\"breadcrumb\":{\"@id\":\"https:\/\/wifi.se\/fr\/product\/5g-flat-roof-antenna-for-permanent-installation-on-motorhomes-caravans-2g-3g-4g-5g-2-cables\/#breadcrumb\"},\"inLanguage\":\"fr-FR\",\"potentialAction\":[{\"@type\":\"ReadAction\",\"target\":[\"https:\/\/wifi.se\/fr\/product\/5g-flat-roof-antenna-for-permanent-installation-on-motorhomes-caravans-2g-3g-4g-5g-2-cables\/\"]}]},{\"@type\":\"ImageObject\",\"inLanguage\":\"fr-FR\",\"@id\":\"https:\/\/wifi.se\/fr\/product\/5g-flat-roof-antenna-for-permanent-installation-on-motorhomes-caravans-2g-3g-4g-5g-2-cables\/#primaryimage\",\"url\":\"https:\/\/wifi.se\/fr\/wp-content\/uploads\/sites\/8\/2022\/07\/puck2.jpg\",\"contentUrl\":\"https:\/\/wifi.se\/fr\/wp-content\/uploads\/sites\/8\/2022\/07\/puck2.jpg\",\"width\":800,\"height\":800,\"caption\":\"5G takantenn platt f\u00f6r fast montering p\u00e5 husbil\/husvagn (2G\/3G\/4G\/5G) 4 Kablar\"},{\"@type\":\"BreadcrumbList\",\"@id\":\"https:\/\/wifi.se\/fr\/product\/5g-flat-roof-antenna-for-permanent-installation-on-motorhomes-caravans-2g-3g-4g-5g-2-cables\/#breadcrumb\",\"itemListElement\":[{\"@type\":\"ListItem\",\"position\":1,\"name\":\"Hem\",\"item\":\"https:\/\/wifi.se\/fr\/\"},{\"@type\":\"ListItem\",\"position\":2,\"name\":\"BOUTIQUE\",\"item\":\"https:\/\/wifi.se\/fr\/butik\/\"},{\"@type\":\"ListItem\",\"position\":3,\"name\":\"95 \/ 5,000 Antenne de toit plat 5G pour installation permanente sur camping-cars\/caravanes (2G\/3G\/4G\/5G) &#8211; 2 c\u00e2bles\"}]},{\"@type\":\"WebSite\",\"@id\":\"https:\/\/wifi.se\/fr\/#website\",\"url\":\"https:\/\/wifi.se\/fr\/\",\"name\":\"WIFI.SE\/FR\",\"description\":\"INTERNET PARTOUT\",\"potentialAction\":[{\"@type\":\"SearchAction\",\"target\":{\"@type\":\"EntryPoint\",\"urlTemplate\":\"https:\/\/wifi.se\/fr\/?s={search_term_string}\"},\"query-input\":{\"@type\":\"PropertyValueSpecification\",\"valueRequired\":true,\"valueName\":\"search_term_string\"}}],\"inLanguage\":\"fr-FR\"}]}<\/script>\n<!-- \/ Yoast SEO plugin. -->","yoast_head_json":{"title":"5G flat roof antenna for installation on motorhomes\/caravans","description":"This 5G roof antenna works for all mobile bandwidths, including 2G\/3G\/4G\/5G. For those who always want a good connection. Flat mounting with two cables.","robots":{"index":"index","follow":"follow","max-snippet":"max-snippet:-1","max-image-preview":"max-image-preview:large","max-video-preview":"max-video-preview:-1"},"canonical":"https:\/\/wifi.se\/fr\/product\/5g-flat-roof-antenna-for-permanent-installation-on-motorhomes-caravans-2g-3g-4g-5g-2-cables\/","og_locale":"fr_FR","og_type":"article","og_title":"5G flat roof antenna for installation on motorhomes\/caravans","og_description":"This 5G roof antenna works for all mobile bandwidths, including 2G\/3G\/4G\/5G. For those who always want a good connection. Flat mounting with two cables.","og_url":"https:\/\/wifi.se\/fr\/product\/5g-flat-roof-antenna-for-permanent-installation-on-motorhomes-caravans-2g-3g-4g-5g-2-cables\/","og_site_name":"WIFI.SE\/FR","article_modified_time":"2025-04-09T06:11:13+00:00","og_image":[{"width":800,"height":800,"url":"https:\/\/wifi.se\/fr\/wp-content\/uploads\/sites\/8\/2022\/07\/puck2.jpg","type":"image\/jpeg"}],"twitter_card":"summary_large_image","twitter_misc":{"Dur\u00e9e de lecture estim\u00e9e":"2 minutes"},"schema":{"@context":"https:\/\/schema.org","@graph":[{"@type":"WebPage","@id":"https:\/\/wifi.se\/fr\/product\/5g-flat-roof-antenna-for-permanent-installation-on-motorhomes-caravans-2g-3g-4g-5g-2-cables\/","url":"https:\/\/wifi.se\/fr\/product\/5g-flat-roof-antenna-for-permanent-installation-on-motorhomes-caravans-2g-3g-4g-5g-2-cables\/","name":"5G flat roof antenna for installation on motorhomes\/caravans","isPartOf":{"@id":"https:\/\/wifi.se\/fr\/#website"},"primaryImageOfPage":{"@id":"https:\/\/wifi.se\/fr\/product\/5g-flat-roof-antenna-for-permanent-installation-on-motorhomes-caravans-2g-3g-4g-5g-2-cables\/#primaryimage"},"image":{"@id":"https:\/\/wifi.se\/fr\/product\/5g-flat-roof-antenna-for-permanent-installation-on-motorhomes-caravans-2g-3g-4g-5g-2-cables\/#primaryimage"},"thumbnailUrl":"https:\/\/wifi.se\/fr\/wp-content\/uploads\/sites\/8\/2022\/07\/puck2.jpg","datePublished":"2021-08-24T19:24:00+00:00","dateModified":"2025-04-09T06:11:13+00:00","description":"This 5G roof antenna works for all mobile bandwidths, including 2G\/3G\/4G\/5G. For those who always want a good connection. Flat mounting with two cables.","breadcrumb":{"@id":"https:\/\/wifi.se\/fr\/product\/5g-flat-roof-antenna-for-permanent-installation-on-motorhomes-caravans-2g-3g-4g-5g-2-cables\/#breadcrumb"},"inLanguage":"fr-FR","potentialAction":[{"@type":"ReadAction","target":["https:\/\/wifi.se\/fr\/product\/5g-flat-roof-antenna-for-permanent-installation-on-motorhomes-caravans-2g-3g-4g-5g-2-cables\/"]}]},{"@type":"ImageObject","inLanguage":"fr-FR","@id":"https:\/\/wifi.se\/fr\/product\/5g-flat-roof-antenna-for-permanent-installation-on-motorhomes-caravans-2g-3g-4g-5g-2-cables\/#primaryimage","url":"https:\/\/wifi.se\/fr\/wp-content\/uploads\/sites\/8\/2022\/07\/puck2.jpg","contentUrl":"https:\/\/wifi.se\/fr\/wp-content\/uploads\/sites\/8\/2022\/07\/puck2.jpg","width":800,"height":800,"caption":"5G takantenn platt f\u00f6r fast montering p\u00e5 husbil\/husvagn (2G\/3G\/4G\/5G) 4 Kablar"},{"@type":"BreadcrumbList","@id":"https:\/\/wifi.se\/fr\/product\/5g-flat-roof-antenna-for-permanent-installation-on-motorhomes-caravans-2g-3g-4g-5g-2-cables\/#breadcrumb","itemListElement":[{"@type":"ListItem","position":1,"name":"Hem","item":"https:\/\/wifi.se\/fr\/"},{"@type":"ListItem","position":2,"name":"BOUTIQUE","item":"https:\/\/wifi.se\/fr\/butik\/"},{"@type":"ListItem","position":3,"name":"95 \/ 5,000 Antenne de toit plat 5G pour installation permanente sur camping-cars\/caravanes (2G\/3G\/4G\/5G) &#8211; 2 c\u00e2bles"}]},{"@type":"WebSite","@id":"https:\/\/wifi.se\/fr\/#website","url":"https:\/\/wifi.se\/fr\/","name":"WIFI.SE\/FR","description":"INTERNET PARTOUT","potentialAction":[{"@type":"SearchAction","target":{"@type":"EntryPoint","urlTemplate":"https:\/\/wifi.se\/fr\/?s={search_term_string}"},"query-input":{"@type":"PropertyValueSpecification","valueRequired":true,"valueName":"search_term_string"}}],"inLanguage":"fr-FR"}]}},"_links":{"self":[{"href":"https:\/\/wifi.se\/fr\/wp-json\/wp\/v2\/product\/14514","targetHints":{"allow":["GET"]}}],"collection":[{"href":"https:\/\/wifi.se\/fr\/wp-json\/wp\/v2\/product"}],"about":[{"href":"https:\/\/wifi.se\/fr\/wp-json\/wp\/v2\/types\/product"}],"wp:featuredmedia":[{"embeddable":true,"href":"https:\/\/wifi.se\/fr\/wp-json\/wp\/v2\/media\/30295"}],"wp:attachment":[{"href":"https:\/\/wifi.se\/fr\/wp-json\/wp\/v2\/media?parent=14514"}],"wp:term":[{"taxonomy":"product_brand","embeddable":true,"href":"https:\/\/wifi.se\/fr\/wp-json\/wp\/v2\/product_brand?post=14514"},{"taxonomy":"product_cat","embeddable":true,"href":"https:\/\/wifi.se\/fr\/wp-json\/wp\/v2\/product_cat?post=14514"},{"taxonomy":"product_tag","embeddable":true,"href":"https:\/\/wifi.se\/fr\/wp-json\/wp\/v2\/product_tag?post=14514"}],"curies":[{"name":"wp","href":"https:\/\/api.w.org\/{rel}","templated":true}]}}