{"id":13328,"date":"2021-04-29T21:10:04","date_gmt":"2021-04-29T19:10:04","guid":{"rendered":"https:\/\/wifi.se\/?post_type=product&#038;p=13328"},"modified":"2025-04-09T08:05:49","modified_gmt":"2025-04-09T06:05:49","slug":"self-adhesive-antenna-patch-antenna-for-wifi-rp-sma-connector","status":"publish","type":"product","link":"https:\/\/wifi.se\/fr\/product\/self-adhesive-antenna-patch-antenna-for-wifi-rp-sma-connector\/","title":{"rendered":"Antenne autocollante \/ Antenne patch pour WiFi &#8211; Connecteur RP SMA"},"content":{"rendered":"<p>Cette antenne patch autocollante est con\u00e7ue pour amplifier le signal Wi-Fi. Elle est dot\u00e9e d&#8217;un connecteur SMA m\u00e2le invers\u00e9. Elle offre une large plage de fr\u00e9quences et une excellente amplification.<\/p>\n<p>ANTENNE AUTOCOLLANTE AVEC C\u00c2BLE DE 2,5 M. Cette antenne discr\u00e8te et autocollante est dot\u00e9e d&#8217;un c\u00e2ble de 2,5 m et d&#8217;un connecteur SMA m\u00e2le invers\u00e9. Elle est donc compatible avec les routeurs \u00e9quip\u00e9s d&#8217;antennes Wi-Fi externes. Elle prend en charge sept bandes de fr\u00e9quences et fonctionne avec tous les r\u00e9seaux\u00a0: GSM, GPRS, 3G, Wi-Fi et 4G. Elle peut \u00eatre install\u00e9e \u00e0 l&#8217;int\u00e9rieur comme \u00e0 l&#8217;ext\u00e9rieur et adh\u00e8re rapidement \u00e0 la surface pour une installation discr\u00e8te. Il est conseill\u00e9 de fixer l&#8217;antenne sans serrer avant de la fixer d\u00e9finitivement afin de garantir l&#8217;effet souhait\u00e9.<\/p>\n","protected":false},"excerpt":{"rendered":"<p>Cette antenne patch autocollante est con\u00e7ue pour am\u00e9liorer le signal Wi-Fi. Elle est dot\u00e9e d&#8217;un connecteur SMA m\u00e2le invers\u00e9 (RP, qui s&#8217;adapte au port Wi-Fi du routeur). Elle offre une tr\u00e8s large gamme de fr\u00e9quences et une excellente amplification.<\/p>\n<p>ANTENNE AUTOCOLLANTE AVEC C\u00c2BLE DE 2,5 M. Cette antenne discr\u00e8te et autocollante est dot\u00e9e d&#8217;un c\u00e2ble de 2,5 m et d&#8217;un connecteur SMA m\u00e2le invers\u00e9, ce qui la rend compatible avec les routeurs \u00e9quip\u00e9s d&#8217;antennes Wi-Fi externes. Elle prend en charge sept bandes de fr\u00e9quences et fonctionne avec tous les r\u00e9seaux\u00a0: GSM, GPRS, 3G, Wi-Fi et 4G. Elle peut \u00eatre install\u00e9e \u00e0 l&#8217;int\u00e9rieur comme \u00e0 l&#8217;ext\u00e9rieur, adh\u00e8re rapidement \u00e0 la surface et offre une installation discr\u00e8te. Il est conseill\u00e9 de fixer l&#8217;antenne sans serrer avant de la fixer d\u00e9finitivement pour garantir l&#8217;effet souhait\u00e9.<\/p>\n<p>(Notez que deux antennes sont n\u00e9cessaires pour chaque routeur). Elle est tr\u00e8s facile \u00e0 dissimuler et est fortement recommand\u00e9e pour les v\u00e9hicules et les bateaux.<\/p>\n","protected":false},"featured_media":30277,"template":"","meta":{"_acf_changed":false},"product_brand":[],"product_cat":[165,258],"product_tag":[167,243,352],"class_list":{"0":"post-13328","1":"product","2":"type-product","3":"status-publish","4":"has-post-thumbnail","6":"product_cat-antenner","7":"product_cat-patchantenn","8":"product_tag-antenn","9":"product_tag-patchantenn","10":"product_tag-white_week","11":"product_shipping_class-antenner","13":"first","14":"instock","15":"taxable","16":"shipping-taxable","17":"purchasable","18":"product-type-simple"},"bundled_by":[],"bundle_stock_status":"instock","bundle_stock_quantity":null,"bundle_virtual":false,"bundle_layout":"","bundle_add_to_cart_form_location":"","bundle_editable_in_cart":false,"bundle_sold_individually_context":"","bundle_item_grouping":"","bundle_min_size":"","bundle_max_size":"","bundle_price":[],"bundled_items":[],"bundle_sell_ids":[],"acf":{"accounting_number":"1940","accounting_number_kopiera2":"2611","accounting_number_kopiera3":"3014","accounting_number_kopiera4":"3520","accounting_number_kopiera5":"1510","accounting_number_kopiera6":"1511"},"yoast_head":"<!-- This site is optimized with the Yoast SEO plugin v27.1.1 - https:\/\/yoast.com\/product\/yoast-seo-wordpress\/ -->\n<title>Self-adhesive antenna<\/title>\n<meta name=\"robots\" content=\"index, follow, max-snippet:-1, max-image-preview:large, max-video-preview:-1\" \/>\n<link rel=\"canonical\" href=\"https:\/\/wifi.se\/fr\/product\/self-adhesive-antenna-patch-antenna-for-wifi-rp-sma-connector\/\" \/>\n<meta property=\"og:locale\" content=\"fr_FR\" \/>\n<meta property=\"og:type\" content=\"article\" \/>\n<meta property=\"og:title\" content=\"Self-adhesive antenna\" \/>\n<meta property=\"og:description\" content=\"Cette antenne patch autocollante est con\u00e7ue pour am\u00e9liorer le signal Wi-Fi. Elle est dot\u00e9e d&#039;un connecteur SMA m\u00e2le invers\u00e9 (RP, qui s&#039;adapte au port Wi-Fi du routeur). Elle offre une tr\u00e8s large gamme de fr\u00e9quences et une excellente amplification.  ANTENNE AUTOCOLLANTE AVEC C\u00c2BLE DE 2,5 M. Cette antenne discr\u00e8te et autocollante est dot\u00e9e d&#039;un c\u00e2ble de 2,5 m et d&#039;un connecteur SMA m\u00e2le invers\u00e9, ce qui la rend compatible avec les routeurs \u00e9quip\u00e9s d&#039;antennes Wi-Fi externes. Elle prend en charge sept bandes de fr\u00e9quences et fonctionne avec tous les r\u00e9seaux\u00a0: GSM, GPRS, 3G, Wi-Fi et 4G. Elle peut \u00eatre install\u00e9e \u00e0 l&#039;int\u00e9rieur comme \u00e0 l&#039;ext\u00e9rieur, adh\u00e8re rapidement \u00e0 la surface et offre une installation discr\u00e8te. Il est conseill\u00e9 de fixer l&#039;antenne sans serrer avant de la fixer d\u00e9finitivement pour garantir l&#039;effet souhait\u00e9.  (Notez que deux antennes sont n\u00e9cessaires pour chaque routeur). Elle est tr\u00e8s facile \u00e0 dissimuler et est fortement recommand\u00e9e pour les v\u00e9hicules et les bateaux.\" \/>\n<meta property=\"og:url\" content=\"https:\/\/wifi.se\/fr\/product\/self-adhesive-antenna-patch-antenna-for-wifi-rp-sma-connector\/\" \/>\n<meta property=\"og:site_name\" content=\"WIFI.SE\/FR\" \/>\n<meta property=\"article:modified_time\" content=\"2025-04-09T06:05:49+00:00\" \/>\n<meta property=\"og:image\" content=\"https:\/\/wifi.se\/fr\/wp-content\/uploads\/sites\/8\/2021\/04\/patch_sma2.jpg\" \/>\n\t<meta property=\"og:image:width\" content=\"800\" \/>\n\t<meta property=\"og:image:height\" content=\"800\" \/>\n\t<meta property=\"og:image:type\" content=\"image\/jpeg\" \/>\n<meta name=\"twitter:card\" content=\"summary_large_image\" \/>\n<meta name=\"twitter:label1\" content=\"Dur\u00e9e de lecture estim\u00e9e\" \/>\n\t<meta name=\"twitter:data1\" content=\"1 minute\" \/>\n<script type=\"application\/ld+json\" class=\"yoast-schema-graph\">{\"@context\":\"https:\/\/schema.org\",\"@graph\":[{\"@type\":\"WebPage\",\"@id\":\"https:\/\/wifi.se\/fr\/product\/self-adhesive-antenna-patch-antenna-for-wifi-rp-sma-connector\/\",\"url\":\"https:\/\/wifi.se\/fr\/product\/self-adhesive-antenna-patch-antenna-for-wifi-rp-sma-connector\/\",\"name\":\"Self-adhesive antenna\",\"isPartOf\":{\"@id\":\"https:\/\/wifi.se\/fr\/#website\"},\"primaryImageOfPage\":{\"@id\":\"https:\/\/wifi.se\/fr\/product\/self-adhesive-antenna-patch-antenna-for-wifi-rp-sma-connector\/#primaryimage\"},\"image\":{\"@id\":\"https:\/\/wifi.se\/fr\/product\/self-adhesive-antenna-patch-antenna-for-wifi-rp-sma-connector\/#primaryimage\"},\"thumbnailUrl\":\"https:\/\/wifi.se\/fr\/wp-content\/uploads\/sites\/8\/2021\/04\/patch_sma2.jpg\",\"datePublished\":\"2021-04-29T19:10:04+00:00\",\"dateModified\":\"2025-04-09T06:05:49+00:00\",\"breadcrumb\":{\"@id\":\"https:\/\/wifi.se\/fr\/product\/self-adhesive-antenna-patch-antenna-for-wifi-rp-sma-connector\/#breadcrumb\"},\"inLanguage\":\"fr-FR\",\"potentialAction\":[{\"@type\":\"ReadAction\",\"target\":[\"https:\/\/wifi.se\/fr\/product\/self-adhesive-antenna-patch-antenna-for-wifi-rp-sma-connector\/\"]}]},{\"@type\":\"ImageObject\",\"inLanguage\":\"fr-FR\",\"@id\":\"https:\/\/wifi.se\/fr\/product\/self-adhesive-antenna-patch-antenna-for-wifi-rp-sma-connector\/#primaryimage\",\"url\":\"https:\/\/wifi.se\/fr\/wp-content\/uploads\/sites\/8\/2021\/04\/patch_sma2.jpg\",\"contentUrl\":\"https:\/\/wifi.se\/fr\/wp-content\/uploads\/sites\/8\/2021\/04\/patch_sma2.jpg\",\"width\":800,\"height\":800,\"caption\":\"SJ\u00c4LVH\u00c4FTANDE ANTENN \/ PATCHANTENN F\u00d6R WIFI \u2013 RP SMA KONTAKT\"},{\"@type\":\"BreadcrumbList\",\"@id\":\"https:\/\/wifi.se\/fr\/product\/self-adhesive-antenna-patch-antenna-for-wifi-rp-sma-connector\/#breadcrumb\",\"itemListElement\":[{\"@type\":\"ListItem\",\"position\":1,\"name\":\"Hem\",\"item\":\"https:\/\/wifi.se\/fr\/\"},{\"@type\":\"ListItem\",\"position\":2,\"name\":\"BOUTIQUE\",\"item\":\"https:\/\/wifi.se\/fr\/butik\/\"},{\"@type\":\"ListItem\",\"position\":3,\"name\":\"Antenne autocollante \/ Antenne patch pour WiFi &#8211; Connecteur RP SMA\"}]},{\"@type\":\"WebSite\",\"@id\":\"https:\/\/wifi.se\/fr\/#website\",\"url\":\"https:\/\/wifi.se\/fr\/\",\"name\":\"WIFI.SE\/FR\",\"description\":\"INTERNET PARTOUT\",\"potentialAction\":[{\"@type\":\"SearchAction\",\"target\":{\"@type\":\"EntryPoint\",\"urlTemplate\":\"https:\/\/wifi.se\/fr\/?s={search_term_string}\"},\"query-input\":{\"@type\":\"PropertyValueSpecification\",\"valueRequired\":true,\"valueName\":\"search_term_string\"}}],\"inLanguage\":\"fr-FR\"}]}<\/script>\n<!-- \/ Yoast SEO plugin. -->","yoast_head_json":{"title":"Self-adhesive antenna","robots":{"index":"index","follow":"follow","max-snippet":"max-snippet:-1","max-image-preview":"max-image-preview:large","max-video-preview":"max-video-preview:-1"},"canonical":"https:\/\/wifi.se\/fr\/product\/self-adhesive-antenna-patch-antenna-for-wifi-rp-sma-connector\/","og_locale":"fr_FR","og_type":"article","og_title":"Self-adhesive antenna","og_description":"Cette antenne patch autocollante est con\u00e7ue pour am\u00e9liorer le signal Wi-Fi. Elle est dot\u00e9e d'un connecteur SMA m\u00e2le invers\u00e9 (RP, qui s'adapte au port Wi-Fi du routeur). Elle offre une tr\u00e8s large gamme de fr\u00e9quences et une excellente amplification.  ANTENNE AUTOCOLLANTE AVEC C\u00c2BLE DE 2,5 M. Cette antenne discr\u00e8te et autocollante est dot\u00e9e d'un c\u00e2ble de 2,5 m et d'un connecteur SMA m\u00e2le invers\u00e9, ce qui la rend compatible avec les routeurs \u00e9quip\u00e9s d'antennes Wi-Fi externes. Elle prend en charge sept bandes de fr\u00e9quences et fonctionne avec tous les r\u00e9seaux\u00a0: GSM, GPRS, 3G, Wi-Fi et 4G. Elle peut \u00eatre install\u00e9e \u00e0 l'int\u00e9rieur comme \u00e0 l'ext\u00e9rieur, adh\u00e8re rapidement \u00e0 la surface et offre une installation discr\u00e8te. Il est conseill\u00e9 de fixer l'antenne sans serrer avant de la fixer d\u00e9finitivement pour garantir l'effet souhait\u00e9.  (Notez que deux antennes sont n\u00e9cessaires pour chaque routeur). Elle est tr\u00e8s facile \u00e0 dissimuler et est fortement recommand\u00e9e pour les v\u00e9hicules et les bateaux.","og_url":"https:\/\/wifi.se\/fr\/product\/self-adhesive-antenna-patch-antenna-for-wifi-rp-sma-connector\/","og_site_name":"WIFI.SE\/FR","article_modified_time":"2025-04-09T06:05:49+00:00","og_image":[{"width":800,"height":800,"url":"https:\/\/wifi.se\/fr\/wp-content\/uploads\/sites\/8\/2021\/04\/patch_sma2.jpg","type":"image\/jpeg"}],"twitter_card":"summary_large_image","twitter_misc":{"Dur\u00e9e de lecture estim\u00e9e":"1 minute"},"schema":{"@context":"https:\/\/schema.org","@graph":[{"@type":"WebPage","@id":"https:\/\/wifi.se\/fr\/product\/self-adhesive-antenna-patch-antenna-for-wifi-rp-sma-connector\/","url":"https:\/\/wifi.se\/fr\/product\/self-adhesive-antenna-patch-antenna-for-wifi-rp-sma-connector\/","name":"Self-adhesive antenna","isPartOf":{"@id":"https:\/\/wifi.se\/fr\/#website"},"primaryImageOfPage":{"@id":"https:\/\/wifi.se\/fr\/product\/self-adhesive-antenna-patch-antenna-for-wifi-rp-sma-connector\/#primaryimage"},"image":{"@id":"https:\/\/wifi.se\/fr\/product\/self-adhesive-antenna-patch-antenna-for-wifi-rp-sma-connector\/#primaryimage"},"thumbnailUrl":"https:\/\/wifi.se\/fr\/wp-content\/uploads\/sites\/8\/2021\/04\/patch_sma2.jpg","datePublished":"2021-04-29T19:10:04+00:00","dateModified":"2025-04-09T06:05:49+00:00","breadcrumb":{"@id":"https:\/\/wifi.se\/fr\/product\/self-adhesive-antenna-patch-antenna-for-wifi-rp-sma-connector\/#breadcrumb"},"inLanguage":"fr-FR","potentialAction":[{"@type":"ReadAction","target":["https:\/\/wifi.se\/fr\/product\/self-adhesive-antenna-patch-antenna-for-wifi-rp-sma-connector\/"]}]},{"@type":"ImageObject","inLanguage":"fr-FR","@id":"https:\/\/wifi.se\/fr\/product\/self-adhesive-antenna-patch-antenna-for-wifi-rp-sma-connector\/#primaryimage","url":"https:\/\/wifi.se\/fr\/wp-content\/uploads\/sites\/8\/2021\/04\/patch_sma2.jpg","contentUrl":"https:\/\/wifi.se\/fr\/wp-content\/uploads\/sites\/8\/2021\/04\/patch_sma2.jpg","width":800,"height":800,"caption":"SJ\u00c4LVH\u00c4FTANDE ANTENN \/ PATCHANTENN F\u00d6R WIFI \u2013 RP SMA KONTAKT"},{"@type":"BreadcrumbList","@id":"https:\/\/wifi.se\/fr\/product\/self-adhesive-antenna-patch-antenna-for-wifi-rp-sma-connector\/#breadcrumb","itemListElement":[{"@type":"ListItem","position":1,"name":"Hem","item":"https:\/\/wifi.se\/fr\/"},{"@type":"ListItem","position":2,"name":"BOUTIQUE","item":"https:\/\/wifi.se\/fr\/butik\/"},{"@type":"ListItem","position":3,"name":"Antenne autocollante \/ Antenne patch pour WiFi &#8211; Connecteur RP SMA"}]},{"@type":"WebSite","@id":"https:\/\/wifi.se\/fr\/#website","url":"https:\/\/wifi.se\/fr\/","name":"WIFI.SE\/FR","description":"INTERNET PARTOUT","potentialAction":[{"@type":"SearchAction","target":{"@type":"EntryPoint","urlTemplate":"https:\/\/wifi.se\/fr\/?s={search_term_string}"},"query-input":{"@type":"PropertyValueSpecification","valueRequired":true,"valueName":"search_term_string"}}],"inLanguage":"fr-FR"}]}},"_links":{"self":[{"href":"https:\/\/wifi.se\/fr\/wp-json\/wp\/v2\/product\/13328","targetHints":{"allow":["GET"]}}],"collection":[{"href":"https:\/\/wifi.se\/fr\/wp-json\/wp\/v2\/product"}],"about":[{"href":"https:\/\/wifi.se\/fr\/wp-json\/wp\/v2\/types\/product"}],"wp:featuredmedia":[{"embeddable":true,"href":"https:\/\/wifi.se\/fr\/wp-json\/wp\/v2\/media\/30277"}],"wp:attachment":[{"href":"https:\/\/wifi.se\/fr\/wp-json\/wp\/v2\/media?parent=13328"}],"wp:term":[{"taxonomy":"product_brand","embeddable":true,"href":"https:\/\/wifi.se\/fr\/wp-json\/wp\/v2\/product_brand?post=13328"},{"taxonomy":"product_cat","embeddable":true,"href":"https:\/\/wifi.se\/fr\/wp-json\/wp\/v2\/product_cat?post=13328"},{"taxonomy":"product_tag","embeddable":true,"href":"https:\/\/wifi.se\/fr\/wp-json\/wp\/v2\/product_tag?post=13328"}],"curies":[{"name":"wp","href":"https:\/\/api.w.org\/{rel}","templated":true}]}}