{"id":1182,"date":"2019-09-13T06:31:02","date_gmt":"2019-09-13T04:31:02","guid":{"rendered":"https:\/\/wifi.se\/?post_type=product&#038;p=1182"},"modified":"2025-04-09T08:16:58","modified_gmt":"2025-04-09T06:16:58","slug":"12-volt-power-cable-for-teltonika-vehicle-connection","status":"publish","type":"product","link":"https:\/\/wifi.se\/fr\/product\/12-volt-power-cable-for-teltonika-vehicle-connection\/","title":{"rendered":"C\u00e2ble d&#8217;alimentation 12 volts pour Teltonika &#8211; Connexion v\u00e9hicule."},"content":{"rendered":"<p>C\u00e2ble d&#8217;alimentation 12 V pour Teltonika, avec c\u00e2ble de 1,5 m\u00e8tre pour branchement v\u00e9hicule. Bloc d&#8217;alimentation UE avec connecteur 4 broches.<\/p>\n<p>Compatible avec les routeurs Teltonika\u00a0: RUT230, RUT240, RUT850, RUT950, RUT955.<\/p>\n","protected":false},"excerpt":{"rendered":"<p>C\u00e2ble d&#8217;alimentation 12 V pour Teltonika, avec c\u00e2ble de 1,5 m\u00e8tre pour branchement au v\u00e9hicule. Bloc d&#8217;alimentation UE avec connecteur 4 broches. Compatible avec les routeurs Teltonika RUT230, RUT240, RUT850, RUT950 et RUT955.<\/p>\n","protected":false},"featured_media":30225,"template":"","meta":{"_acf_changed":false},"product_brand":[],"product_cat":[74],"product_tag":[77],"class_list":{"0":"post-1182","1":"product","2":"type-product","3":"status-publish","4":"has-post-thumbnail","6":"product_cat-stromkablar","7":"product_tag-stromforsorjning","8":"product_shipping_class-tillbehor","10":"first","11":"instock","12":"taxable","13":"shipping-taxable","14":"purchasable","15":"product-type-simple"},"bundled_by":[],"bundle_stock_status":"instock","bundle_stock_quantity":null,"bundle_virtual":false,"bundle_layout":"","bundle_add_to_cart_form_location":"","bundle_editable_in_cart":false,"bundle_sold_individually_context":"","bundle_item_grouping":"","bundle_min_size":"","bundle_max_size":"","bundle_price":[],"bundled_items":[],"bundle_sell_ids":[],"acf":{"accounting_number":"1940","accounting_number_kopiera2":"2611","accounting_number_kopiera3":"3016","accounting_number_kopiera4":"3520","accounting_number_kopiera5":"1510","accounting_number_kopiera6":"1511"},"yoast_head":"<!-- This site is optimized with the Yoast SEO plugin v27.1.1 - https:\/\/yoast.com\/product\/yoast-seo-wordpress\/ -->\n<title>12 Volt power cable for Teltonika<\/title>\n<meta name=\"description\" content=\"12 Volt power cable for Teltonika with 1.5 meter cable for vehicle connection. EU power supply with 4-pin connector. Compatible with all Teltonika models.\" \/>\n<meta name=\"robots\" content=\"index, follow, max-snippet:-1, max-image-preview:large, max-video-preview:-1\" \/>\n<link rel=\"canonical\" href=\"https:\/\/wifi.se\/fr\/product\/12-volt-power-cable-for-teltonika-vehicle-connection\/\" \/>\n<meta property=\"og:locale\" content=\"fr_FR\" \/>\n<meta property=\"og:type\" content=\"article\" \/>\n<meta property=\"og:title\" content=\"12 Volt power cable for Teltonika\" \/>\n<meta property=\"og:description\" content=\"12 Volt power cable for Teltonika with 1.5 meter cable for vehicle connection. EU power supply with 4-pin connector. Compatible with all Teltonika models.\" \/>\n<meta property=\"og:url\" content=\"https:\/\/wifi.se\/fr\/product\/12-volt-power-cable-for-teltonika-vehicle-connection\/\" \/>\n<meta property=\"og:site_name\" content=\"WIFI.SE\/FR\" \/>\n<meta property=\"article:modified_time\" content=\"2025-04-09T06:16:58+00:00\" \/>\n<meta property=\"og:image\" content=\"https:\/\/wifi.se\/fr\/wp-content\/uploads\/sites\/8\/2019\/09\/cigg01.jpg\" \/>\n\t<meta property=\"og:image:width\" content=\"800\" \/>\n\t<meta property=\"og:image:height\" content=\"800\" \/>\n\t<meta property=\"og:image:type\" content=\"image\/jpeg\" \/>\n<meta name=\"twitter:card\" content=\"summary_large_image\" \/>\n<meta name=\"twitter:label1\" content=\"Dur\u00e9e de lecture estim\u00e9e\" \/>\n\t<meta name=\"twitter:data1\" content=\"1 minute\" \/>\n<script type=\"application\/ld+json\" class=\"yoast-schema-graph\">{\"@context\":\"https:\/\/schema.org\",\"@graph\":[{\"@type\":\"WebPage\",\"@id\":\"https:\/\/wifi.se\/fr\/product\/12-volt-power-cable-for-teltonika-vehicle-connection\/\",\"url\":\"https:\/\/wifi.se\/fr\/product\/12-volt-power-cable-for-teltonika-vehicle-connection\/\",\"name\":\"12 Volt power cable for Teltonika\",\"isPartOf\":{\"@id\":\"https:\/\/wifi.se\/fr\/#website\"},\"primaryImageOfPage\":{\"@id\":\"https:\/\/wifi.se\/fr\/product\/12-volt-power-cable-for-teltonika-vehicle-connection\/#primaryimage\"},\"image\":{\"@id\":\"https:\/\/wifi.se\/fr\/product\/12-volt-power-cable-for-teltonika-vehicle-connection\/#primaryimage\"},\"thumbnailUrl\":\"https:\/\/wifi.se\/fr\/wp-content\/uploads\/sites\/8\/2019\/09\/cigg01.jpg\",\"datePublished\":\"2019-09-13T04:31:02+00:00\",\"dateModified\":\"2025-04-09T06:16:58+00:00\",\"description\":\"12 Volt power cable for Teltonika with 1.5 meter cable for vehicle connection. EU power supply with 4-pin connector. Compatible with all Teltonika models.\",\"breadcrumb\":{\"@id\":\"https:\/\/wifi.se\/fr\/product\/12-volt-power-cable-for-teltonika-vehicle-connection\/#breadcrumb\"},\"inLanguage\":\"fr-FR\",\"potentialAction\":[{\"@type\":\"ReadAction\",\"target\":[\"https:\/\/wifi.se\/fr\/product\/12-volt-power-cable-for-teltonika-vehicle-connection\/\"]}]},{\"@type\":\"ImageObject\",\"inLanguage\":\"fr-FR\",\"@id\":\"https:\/\/wifi.se\/fr\/product\/12-volt-power-cable-for-teltonika-vehicle-connection\/#primaryimage\",\"url\":\"https:\/\/wifi.se\/fr\/wp-content\/uploads\/sites\/8\/2019\/09\/cigg01.jpg\",\"contentUrl\":\"https:\/\/wifi.se\/fr\/wp-content\/uploads\/sites\/8\/2019\/09\/cigg01.jpg\",\"width\":800,\"height\":800,\"caption\":\"Str\u00f6mkabel 12 volt\"},{\"@type\":\"BreadcrumbList\",\"@id\":\"https:\/\/wifi.se\/fr\/product\/12-volt-power-cable-for-teltonika-vehicle-connection\/#breadcrumb\",\"itemListElement\":[{\"@type\":\"ListItem\",\"position\":1,\"name\":\"Hem\",\"item\":\"https:\/\/wifi.se\/fr\/\"},{\"@type\":\"ListItem\",\"position\":2,\"name\":\"BOUTIQUE\",\"item\":\"https:\/\/wifi.se\/fr\/butik\/\"},{\"@type\":\"ListItem\",\"position\":3,\"name\":\"C\u00e2ble d&#8217;alimentation 12 volts pour Teltonika &#8211; Connexion v\u00e9hicule.\"}]},{\"@type\":\"WebSite\",\"@id\":\"https:\/\/wifi.se\/fr\/#website\",\"url\":\"https:\/\/wifi.se\/fr\/\",\"name\":\"WIFI.SE\/FR\",\"description\":\"INTERNET PARTOUT\",\"potentialAction\":[{\"@type\":\"SearchAction\",\"target\":{\"@type\":\"EntryPoint\",\"urlTemplate\":\"https:\/\/wifi.se\/fr\/?s={search_term_string}\"},\"query-input\":{\"@type\":\"PropertyValueSpecification\",\"valueRequired\":true,\"valueName\":\"search_term_string\"}}],\"inLanguage\":\"fr-FR\"}]}<\/script>\n<!-- \/ Yoast SEO plugin. -->","yoast_head_json":{"title":"12 Volt power cable for Teltonika","description":"12 Volt power cable for Teltonika with 1.5 meter cable for vehicle connection. EU power supply with 4-pin connector. Compatible with all Teltonika models.","robots":{"index":"index","follow":"follow","max-snippet":"max-snippet:-1","max-image-preview":"max-image-preview:large","max-video-preview":"max-video-preview:-1"},"canonical":"https:\/\/wifi.se\/fr\/product\/12-volt-power-cable-for-teltonika-vehicle-connection\/","og_locale":"fr_FR","og_type":"article","og_title":"12 Volt power cable for Teltonika","og_description":"12 Volt power cable for Teltonika with 1.5 meter cable for vehicle connection. EU power supply with 4-pin connector. Compatible with all Teltonika models.","og_url":"https:\/\/wifi.se\/fr\/product\/12-volt-power-cable-for-teltonika-vehicle-connection\/","og_site_name":"WIFI.SE\/FR","article_modified_time":"2025-04-09T06:16:58+00:00","og_image":[{"width":800,"height":800,"url":"https:\/\/wifi.se\/fr\/wp-content\/uploads\/sites\/8\/2019\/09\/cigg01.jpg","type":"image\/jpeg"}],"twitter_card":"summary_large_image","twitter_misc":{"Dur\u00e9e de lecture estim\u00e9e":"1 minute"},"schema":{"@context":"https:\/\/schema.org","@graph":[{"@type":"WebPage","@id":"https:\/\/wifi.se\/fr\/product\/12-volt-power-cable-for-teltonika-vehicle-connection\/","url":"https:\/\/wifi.se\/fr\/product\/12-volt-power-cable-for-teltonika-vehicle-connection\/","name":"12 Volt power cable for Teltonika","isPartOf":{"@id":"https:\/\/wifi.se\/fr\/#website"},"primaryImageOfPage":{"@id":"https:\/\/wifi.se\/fr\/product\/12-volt-power-cable-for-teltonika-vehicle-connection\/#primaryimage"},"image":{"@id":"https:\/\/wifi.se\/fr\/product\/12-volt-power-cable-for-teltonika-vehicle-connection\/#primaryimage"},"thumbnailUrl":"https:\/\/wifi.se\/fr\/wp-content\/uploads\/sites\/8\/2019\/09\/cigg01.jpg","datePublished":"2019-09-13T04:31:02+00:00","dateModified":"2025-04-09T06:16:58+00:00","description":"12 Volt power cable for Teltonika with 1.5 meter cable for vehicle connection. EU power supply with 4-pin connector. Compatible with all Teltonika models.","breadcrumb":{"@id":"https:\/\/wifi.se\/fr\/product\/12-volt-power-cable-for-teltonika-vehicle-connection\/#breadcrumb"},"inLanguage":"fr-FR","potentialAction":[{"@type":"ReadAction","target":["https:\/\/wifi.se\/fr\/product\/12-volt-power-cable-for-teltonika-vehicle-connection\/"]}]},{"@type":"ImageObject","inLanguage":"fr-FR","@id":"https:\/\/wifi.se\/fr\/product\/12-volt-power-cable-for-teltonika-vehicle-connection\/#primaryimage","url":"https:\/\/wifi.se\/fr\/wp-content\/uploads\/sites\/8\/2019\/09\/cigg01.jpg","contentUrl":"https:\/\/wifi.se\/fr\/wp-content\/uploads\/sites\/8\/2019\/09\/cigg01.jpg","width":800,"height":800,"caption":"Str\u00f6mkabel 12 volt"},{"@type":"BreadcrumbList","@id":"https:\/\/wifi.se\/fr\/product\/12-volt-power-cable-for-teltonika-vehicle-connection\/#breadcrumb","itemListElement":[{"@type":"ListItem","position":1,"name":"Hem","item":"https:\/\/wifi.se\/fr\/"},{"@type":"ListItem","position":2,"name":"BOUTIQUE","item":"https:\/\/wifi.se\/fr\/butik\/"},{"@type":"ListItem","position":3,"name":"C\u00e2ble d&#8217;alimentation 12 volts pour Teltonika &#8211; Connexion v\u00e9hicule."}]},{"@type":"WebSite","@id":"https:\/\/wifi.se\/fr\/#website","url":"https:\/\/wifi.se\/fr\/","name":"WIFI.SE\/FR","description":"INTERNET PARTOUT","potentialAction":[{"@type":"SearchAction","target":{"@type":"EntryPoint","urlTemplate":"https:\/\/wifi.se\/fr\/?s={search_term_string}"},"query-input":{"@type":"PropertyValueSpecification","valueRequired":true,"valueName":"search_term_string"}}],"inLanguage":"fr-FR"}]}},"_links":{"self":[{"href":"https:\/\/wifi.se\/fr\/wp-json\/wp\/v2\/product\/1182","targetHints":{"allow":["GET"]}}],"collection":[{"href":"https:\/\/wifi.se\/fr\/wp-json\/wp\/v2\/product"}],"about":[{"href":"https:\/\/wifi.se\/fr\/wp-json\/wp\/v2\/types\/product"}],"wp:featuredmedia":[{"embeddable":true,"href":"https:\/\/wifi.se\/fr\/wp-json\/wp\/v2\/media\/30225"}],"wp:attachment":[{"href":"https:\/\/wifi.se\/fr\/wp-json\/wp\/v2\/media?parent=1182"}],"wp:term":[{"taxonomy":"product_brand","embeddable":true,"href":"https:\/\/wifi.se\/fr\/wp-json\/wp\/v2\/product_brand?post=1182"},{"taxonomy":"product_cat","embeddable":true,"href":"https:\/\/wifi.se\/fr\/wp-json\/wp\/v2\/product_cat?post=1182"},{"taxonomy":"product_tag","embeddable":true,"href":"https:\/\/wifi.se\/fr\/wp-json\/wp\/v2\/product_tag?post=1182"}],"curies":[{"name":"wp","href":"https:\/\/api.w.org\/{rel}","templated":true}]}}