{"id":9463,"date":"2020-07-15T09:57:33","date_gmt":"2020-07-15T09:57:33","guid":{"rendered":"https:\/\/wifi.se\/?page_id=9463"},"modified":"2025-04-08T23:26:54","modified_gmt":"2025-04-08T21:26:54","slug":"top-up-data-wifi-se","status":"publish","type":"page","link":"https:\/\/wifi.se\/fr\/top-up-data-wifi-se\/","title":{"rendered":"Recharge de donn\u00e9es &#8211; Wifi.se"},"content":{"rendered":"\r\n\n\t<section class=\"section\" id=\"section_904468996\">\n\t\t<div class=\"section-bg fill\" >\n\t\t\t\t\t\t\t\t\t\n\t\t\t\n\n\t\t<\/div>\n\n\t\t\n\n\t\t<div class=\"section-content relative\">\n\t\t\t\r\n\r\n<div class=\"row\"  id=\"row-816510693\">\r\n\r\n\n\t<div id=\"col-1442539110\" class=\"col small-12 large-12\"  >\n\t\t\t\t<div class=\"col-inner\"  >\n\t\t\t\n\t\t\t\r\n\r\n<h1>DATA TOP-UP &#8211; NOW ALSO IN 5G<\/h1>\r\n<p>The Sweden cards are valid for 365 days from the top-up date and only work in Sweden. You can choose between 100GB, 500GB, and 1000GB.<\/p>\r\n<p>You can top up your data on <a href=\"https:\/\/my.wifi.se\/\">My Pages<\/a>.<\/p>\r\n<p>\u00a0<\/p>\r\n\r\n\t\t<\/div>\n\t\t\t\t\t<\/div>\n\n\t\r\n\r\n<\/div>\r\n<div class=\"row\"  id=\"row-1370118373\">\r\n\r\n\n\t<div id=\"col-169081585\" class=\"col small-12 large-12\"  >\n\t\t\t\t<div class=\"col-inner\"  >\n\t\t\t\n\t\t\t\r\n\r\n\t\n  \n    <div class=\"row large-columns-3 medium-columns- small-columns-1 row-small slider row-slider slider-nav-reveal slider-nav-push\"  data-flickity-options='{&quot;imagesLoaded&quot;: true, &quot;groupCells&quot;: &quot;100%&quot;, &quot;dragThreshold&quot; : 5, &quot;cellAlign&quot;: &quot;left&quot;,&quot;wrapAround&quot;: true,&quot;prevNextButtons&quot;: true,&quot;percentPosition&quot;: true,&quot;pageDots&quot;: false, &quot;rightToLeft&quot;: false, &quot;autoPlay&quot; : false}' >\n\n  <\/div>\r\n\r\n\r\n\t\t<\/div>\n\t\t\t\t\t<\/div>\n\n\t\r\n\r\n<\/div>\r\n<div class=\"row\"  id=\"row-508018441\">\r\n\r\n\n\t<div id=\"col-1132528004\" class=\"col small-12 large-12\"  >\n\t\t\t\t<div class=\"col-inner\"  >\n\t\t\t\n\t\t\t\r\n\r\n<h2>FOR THOSE WHO SPEND A LOT OF TIME ABROAD<\/h2>\r\n<p><span style=\"font-size: 14.4px;\">If you are going on a longer stay abroad, you should use our new roaming SIM cards, which are valid throughout the EU, as well as the UK and Norway. <\/span><span style=\"font-size: 14.4px;\">These new roaming SIM cards are monthly cards and come with 200GB or 400GB per month.<\/span>\u00a0<\/p>\r\n<p>If you are traveling to Spain, choose the Spain Special. You get 200GB of roaming plus 200GB in Spain per month. You order the cards for the duration you need them. You can choose between 1-6 months.<\/p>\r\n\r\n\t\t<\/div>\n\t\t\t\t\t<\/div>\n\n\t\r\n\r\n<\/div>\r\n<div class=\"row\"  id=\"row-740315969\">\r\n\r\n\n\t<div id=\"col-1822594719\" class=\"col medium-4 small-12 large-4\"  >\n\t\t\t\t<div class=\"col-inner\"  >\n\t\t\t\n\t\t\t\r\n\r\n\t\n  \n    <div class=\"row large-columns-1 medium-columns- small-columns-1 row-small slider row-slider slider-nav-reveal slider-nav-push\"  data-flickity-options='{&quot;imagesLoaded&quot;: true, &quot;groupCells&quot;: &quot;100%&quot;, &quot;dragThreshold&quot; : 5, &quot;cellAlign&quot;: &quot;left&quot;,&quot;wrapAround&quot;: true,&quot;prevNextButtons&quot;: true,&quot;percentPosition&quot;: true,&quot;pageDots&quot;: false, &quot;rightToLeft&quot;: false, &quot;autoPlay&quot; : false}' >\n\n  \n\t     <div class=\"product-small col has-hover product type-product post-22640 status-publish first instock product_cat-sim-kort product_cat-sim-roaming-europa product_tag-400-gb product_tag-europa-sim has-post-thumbnail taxable shipping-taxable purchasable product-type-simple\">\n\t<div class=\"col-inner\">\n\t\n<div class=\"badge-container absolute left top z-1\">\n\n<\/div>\n\t<div class=\"product-small box \">\n\t\t<div class=\"box-image\">\n\t\t\t<div class=\"image-fade_in_back\">\n\t\t\t\t<a href=\"https:\/\/wifi.se\/fr\/product\/sim-de-roaming-europe-avec-400-go-de-donnees-5g-a-pleine-vitesse-sans-limites-quotidiennes-activez-quand-vous-le-souhaitez\/\">\n\t\t\t\t\t<img loading=\"lazy\" decoding=\"async\" width=\"300\" height=\"300\" src=\"https:\/\/wifi.se\/fr\/wp-content\/uploads\/sites\/8\/2024\/02\/sim400_Fr01-300x300.png\" class=\"attachment-woocommerce_thumbnail size-woocommerce_thumbnail\" alt=\"SIM de roaming Europe avec 400 Go de donn\u00e9es. 5G \u00e0 pleine vitesse, sans limites quotidiennes, activez quand vous le souhaitez.\" srcset=\"https:\/\/wifi.se\/fr\/wp-content\/uploads\/sites\/8\/2024\/02\/sim400_Fr01-300x300.png 300w, https:\/\/wifi.se\/fr\/wp-content\/uploads\/sites\/8\/2024\/02\/sim400_Fr01-150x150.png 150w, https:\/\/wifi.se\/fr\/wp-content\/uploads\/sites\/8\/2024\/02\/sim400_Fr01-768x768.png 768w, https:\/\/wifi.se\/fr\/wp-content\/uploads\/sites\/8\/2024\/02\/sim400_Fr01-600x600.png 600w, https:\/\/wifi.se\/fr\/wp-content\/uploads\/sites\/8\/2024\/02\/sim400_Fr01-100x100.png 100w, https:\/\/wifi.se\/fr\/wp-content\/uploads\/sites\/8\/2024\/02\/sim400_Fr01-50x50.png 50w, https:\/\/wifi.se\/fr\/wp-content\/uploads\/sites\/8\/2024\/02\/sim400_Fr01-64x64.png 64w, https:\/\/wifi.se\/fr\/wp-content\/uploads\/sites\/8\/2024\/02\/sim400_Fr01.png 800w\" sizes=\"auto, (max-width: 300px) 100vw, 300px\" \/><img loading=\"lazy\" decoding=\"async\" width=\"300\" height=\"300\" src=\"https:\/\/wifi.se\/fr\/wp-content\/uploads\/sites\/8\/2024\/02\/sim400GB_FR-300x300.png\" class=\"show-on-hover absolute fill hide-for-small back-image\" alt=\"Alternative view of SIM de roaming Europe avec 400 Go de donn\u00e9es. 5G \u00e0 pleine vitesse, sans limites quotidiennes, activez quand vous le souhaitez.\" aria-hidden=\"true\" srcset=\"https:\/\/wifi.se\/fr\/wp-content\/uploads\/sites\/8\/2024\/02\/sim400GB_FR-300x300.png 300w, https:\/\/wifi.se\/fr\/wp-content\/uploads\/sites\/8\/2024\/02\/sim400GB_FR-150x150.png 150w, https:\/\/wifi.se\/fr\/wp-content\/uploads\/sites\/8\/2024\/02\/sim400GB_FR-768x768.png 768w, https:\/\/wifi.se\/fr\/wp-content\/uploads\/sites\/8\/2024\/02\/sim400GB_FR-600x600.png 600w, https:\/\/wifi.se\/fr\/wp-content\/uploads\/sites\/8\/2024\/02\/sim400GB_FR-100x100.png 100w, https:\/\/wifi.se\/fr\/wp-content\/uploads\/sites\/8\/2024\/02\/sim400GB_FR-50x50.png 50w, https:\/\/wifi.se\/fr\/wp-content\/uploads\/sites\/8\/2024\/02\/sim400GB_FR-64x64.png 64w, https:\/\/wifi.se\/fr\/wp-content\/uploads\/sites\/8\/2024\/02\/sim400GB_FR.png 800w\" sizes=\"auto, (max-width: 300px) 100vw, 300px\" \/>\t\t\t\t<\/a>\n\t\t\t<\/div>\n\t\t\t<div class=\"image-tools is-small top right show-on-hover\">\n\t\t\t\t\t\t\t<\/div>\n\t\t\t<div class=\"image-tools is-small hide-for-small bottom left show-on-hover\">\n\t\t\t\t\t\t\t<\/div>\n\t\t\t<div class=\"image-tools grid-tools text-center hide-for-small bottom hover-slide-in show-on-hover\">\n\t\t\t\t\t\t\t<\/div>\n\t\t\t\t\t<\/div>\n\n\t\t<div class=\"box-text box-text-products text-center grid-style-2\">\n\t\t\t<div class=\"title-wrapper\"><p class=\"name product-title woocommerce-loop-product__title\"><a href=\"https:\/\/wifi.se\/fr\/product\/sim-de-roaming-europe-avec-400-go-de-donnees-5g-a-pleine-vitesse-sans-limites-quotidiennes-activez-quand-vous-le-souhaitez\/\" class=\"woocommerce-LoopProduct-link woocommerce-loop-product__link\">SIM de roaming Europe avec 400 Go de donn\u00e9es. 5G \u00e0 pleine vitesse, sans limites quotidiennes, activez quand vous le souhaitez.<\/a><\/p><\/div><div class=\"price-wrapper\">\n\t<span class=\"price\"><span class=\"woocommerce-Price-amount amount\"><bdi>10,00&nbsp;<span class=\"woocommerce-Price-currencySymbol\">&euro;<\/span><\/bdi><\/span> <small class=\"woocommerce-price-suffix\">inc. tax<\/small><\/span>\n<\/div><div class=\"add-to-cart-button\"><a href=\"\/fr\/wp-json\/wp\/v2\/pages\/9463?add-to-cart=22640\" aria-describedby=\"woocommerce_loop_add_to_cart_link_describedby_22640\" data-quantity=\"1\" class=\"primary is-small mb-0 button product_type_simple add_to_cart_button ajax_add_to_cart is-outline\" data-product_id=\"22640\" data-product_sku=\"\" aria-label=\"Ajouter au panier\u00a0: &ldquo;SIM de roaming Europe avec 400 Go de donn\u00e9es. 5G \u00e0 pleine vitesse, sans limites quotidiennes, activez quand vous le souhaitez.&rdquo;\" rel=\"nofollow\" data-success_message=\"\u00ab\u00a0SIM de roaming Europe avec 400 Go de donn\u00e9es. 5G \u00e0 pleine vitesse, sans limites quotidiennes, activez quand vous le souhaitez.\u00a0\u00bb a \u00e9t\u00e9 ajout\u00e9 \u00e0 votre panier\">Ajouter au panier<\/a><\/div>\t<span id=\"woocommerce_loop_add_to_cart_link_describedby_22640\" class=\"screen-reader-text\">\n\t\t\t<\/span>\n\t\t<\/div>\n\t<\/div>\n\t\t<\/div>\n<\/div><\/div>\r\n\r\n\r\n\t\t<\/div>\n\t\t\t\t\t<\/div>\n\n\t\r\n\r\n<\/div>\r\n\r\n\t\t<\/div>\n\n\t\t\n<style>\n#section_904468996 {\n  padding-top: 45px;\n  padding-bottom: 45px;\n}\n<\/style>\n\t<\/section>\n\t\r\n\r\n\r\n","protected":false},"excerpt":{"rendered":"","protected":false},"author":1,"featured_media":0,"parent":0,"menu_order":0,"comment_status":"closed","ping_status":"closed","template":"","meta":{"_acf_changed":false,"footnotes":""},"class_list":["post-9463","page","type-page","status-publish","hentry"],"acf":[],"yoast_head":"<!-- This site is optimized with the Yoast SEO plugin v27.1.1 - https:\/\/yoast.com\/product\/yoast-seo-wordpress\/ -->\n<title>Top up data - Wifi.se<\/title>\n<meta name=\"description\" content=\"Our routers are manufactured in Europe and are of the highest quality for vehicles, boats, and homes. We offer more models than those displayed on the website. All products are tested for Sweden&#039;s harsh climate.\" \/>\n<meta name=\"robots\" content=\"index, follow, max-snippet:-1, max-image-preview:large, max-video-preview:-1\" \/>\n<link rel=\"canonical\" href=\"https:\/\/wifi.se\/fr\/top-up-data-wifi-se\/\" \/>\n<meta property=\"og:locale\" content=\"fr_FR\" \/>\n<meta property=\"og:type\" content=\"article\" \/>\n<meta property=\"og:title\" content=\"Top up data - Wifi.se\" \/>\n<meta property=\"og:description\" content=\"Our routers are manufactured in Europe and are of the highest quality for vehicles, boats, and homes. We offer more models than those displayed on the website. All products are tested for Sweden&#039;s harsh climate.\" \/>\n<meta property=\"og:url\" content=\"https:\/\/wifi.se\/fr\/top-up-data-wifi-se\/\" \/>\n<meta property=\"og:site_name\" content=\"WIFI.SE\/FR\" \/>\n<meta property=\"article:modified_time\" content=\"2025-04-08T21:26:54+00:00\" \/>\n<meta name=\"twitter:card\" content=\"summary_large_image\" \/>\n<meta name=\"twitter:label1\" content=\"Dur\u00e9e de lecture estim\u00e9e\" \/>\n\t<meta name=\"twitter:data1\" content=\"1 minute\" \/>\n<script type=\"application\/ld+json\" class=\"yoast-schema-graph\">{\"@context\":\"https:\/\/schema.org\",\"@graph\":[{\"@type\":\"WebPage\",\"@id\":\"https:\/\/wifi.se\/fr\/top-up-data-wifi-se\/\",\"url\":\"https:\/\/wifi.se\/fr\/top-up-data-wifi-se\/\",\"name\":\"Top up data - Wifi.se\",\"isPartOf\":{\"@id\":\"https:\/\/wifi.se\/fr\/#website\"},\"datePublished\":\"2020-07-15T09:57:33+00:00\",\"dateModified\":\"2025-04-08T21:26:54+00:00\",\"description\":\"Our routers are manufactured in Europe and are of the highest quality for vehicles, boats, and homes. We offer more models than those displayed on the website. All products are tested for Sweden's harsh climate.\",\"breadcrumb\":{\"@id\":\"https:\/\/wifi.se\/fr\/top-up-data-wifi-se\/#breadcrumb\"},\"inLanguage\":\"fr-FR\",\"potentialAction\":[{\"@type\":\"ReadAction\",\"target\":[\"https:\/\/wifi.se\/fr\/top-up-data-wifi-se\/\"]}]},{\"@type\":\"BreadcrumbList\",\"@id\":\"https:\/\/wifi.se\/fr\/top-up-data-wifi-se\/#breadcrumb\",\"itemListElement\":[{\"@type\":\"ListItem\",\"position\":1,\"name\":\"Hem\",\"item\":\"https:\/\/wifi.se\/fr\/\"},{\"@type\":\"ListItem\",\"position\":2,\"name\":\"Recharge de donn\u00e9es &#8211; Wifi.se\"}]},{\"@type\":\"WebSite\",\"@id\":\"https:\/\/wifi.se\/fr\/#website\",\"url\":\"https:\/\/wifi.se\/fr\/\",\"name\":\"WIFI.SE\/FR\",\"description\":\"INTERNET PARTOUT\",\"potentialAction\":[{\"@type\":\"SearchAction\",\"target\":{\"@type\":\"EntryPoint\",\"urlTemplate\":\"https:\/\/wifi.se\/fr\/?s={search_term_string}\"},\"query-input\":{\"@type\":\"PropertyValueSpecification\",\"valueRequired\":true,\"valueName\":\"search_term_string\"}}],\"inLanguage\":\"fr-FR\"}]}<\/script>\n<!-- \/ Yoast SEO plugin. -->","yoast_head_json":{"title":"Top up data - Wifi.se","description":"Our routers are manufactured in Europe and are of the highest quality for vehicles, boats, and homes. We offer more models than those displayed on the website. All products are tested for Sweden's harsh climate.","robots":{"index":"index","follow":"follow","max-snippet":"max-snippet:-1","max-image-preview":"max-image-preview:large","max-video-preview":"max-video-preview:-1"},"canonical":"https:\/\/wifi.se\/fr\/top-up-data-wifi-se\/","og_locale":"fr_FR","og_type":"article","og_title":"Top up data - Wifi.se","og_description":"Our routers are manufactured in Europe and are of the highest quality for vehicles, boats, and homes. We offer more models than those displayed on the website. All products are tested for Sweden's harsh climate.","og_url":"https:\/\/wifi.se\/fr\/top-up-data-wifi-se\/","og_site_name":"WIFI.SE\/FR","article_modified_time":"2025-04-08T21:26:54+00:00","twitter_card":"summary_large_image","twitter_misc":{"Dur\u00e9e de lecture estim\u00e9e":"1 minute"},"schema":{"@context":"https:\/\/schema.org","@graph":[{"@type":"WebPage","@id":"https:\/\/wifi.se\/fr\/top-up-data-wifi-se\/","url":"https:\/\/wifi.se\/fr\/top-up-data-wifi-se\/","name":"Top up data - Wifi.se","isPartOf":{"@id":"https:\/\/wifi.se\/fr\/#website"},"datePublished":"2020-07-15T09:57:33+00:00","dateModified":"2025-04-08T21:26:54+00:00","description":"Our routers are manufactured in Europe and are of the highest quality for vehicles, boats, and homes. We offer more models than those displayed on the website. All products are tested for Sweden's harsh climate.","breadcrumb":{"@id":"https:\/\/wifi.se\/fr\/top-up-data-wifi-se\/#breadcrumb"},"inLanguage":"fr-FR","potentialAction":[{"@type":"ReadAction","target":["https:\/\/wifi.se\/fr\/top-up-data-wifi-se\/"]}]},{"@type":"BreadcrumbList","@id":"https:\/\/wifi.se\/fr\/top-up-data-wifi-se\/#breadcrumb","itemListElement":[{"@type":"ListItem","position":1,"name":"Hem","item":"https:\/\/wifi.se\/fr\/"},{"@type":"ListItem","position":2,"name":"Recharge de donn\u00e9es &#8211; Wifi.se"}]},{"@type":"WebSite","@id":"https:\/\/wifi.se\/fr\/#website","url":"https:\/\/wifi.se\/fr\/","name":"WIFI.SE\/FR","description":"INTERNET PARTOUT","potentialAction":[{"@type":"SearchAction","target":{"@type":"EntryPoint","urlTemplate":"https:\/\/wifi.se\/fr\/?s={search_term_string}"},"query-input":{"@type":"PropertyValueSpecification","valueRequired":true,"valueName":"search_term_string"}}],"inLanguage":"fr-FR"}]}},"_links":{"self":[{"href":"https:\/\/wifi.se\/fr\/wp-json\/wp\/v2\/pages\/9463","targetHints":{"allow":["GET"]}}],"collection":[{"href":"https:\/\/wifi.se\/fr\/wp-json\/wp\/v2\/pages"}],"about":[{"href":"https:\/\/wifi.se\/fr\/wp-json\/wp\/v2\/types\/page"}],"author":[{"embeddable":true,"href":"https:\/\/wifi.se\/fr\/wp-json\/wp\/v2\/users\/1"}],"replies":[{"embeddable":true,"href":"https:\/\/wifi.se\/fr\/wp-json\/wp\/v2\/comments?post=9463"}],"version-history":[{"count":12,"href":"https:\/\/wifi.se\/fr\/wp-json\/wp\/v2\/pages\/9463\/revisions"}],"predecessor-version":[{"id":32256,"href":"https:\/\/wifi.se\/fr\/wp-json\/wp\/v2\/pages\/9463\/revisions\/32256"}],"wp:attachment":[{"href":"https:\/\/wifi.se\/fr\/wp-json\/wp\/v2\/media?parent=9463"}],"curies":[{"name":"wp","href":"https:\/\/api.w.org\/{rel}","templated":true}]}}