{"id":851,"date":"2019-09-05T18:29:08","date_gmt":"2019-09-05T18:29:08","guid":{"rendered":"https:\/\/wifi.se\/?page_id=851"},"modified":"2025-04-09T11:14:35","modified_gmt":"2025-04-09T09:14:35","slug":"activate-sim","status":"publish","type":"page","link":"https:\/\/wifi.se\/fr\/activate-sim\/","title":{"rendered":"ACTIVER LA SIM"},"content":{"rendered":"\n\t<section class=\"section\" id=\"section_1715737822\">\n\t\t<div class=\"section-bg fill\" >\n\t\t\t\t\t\t\t\t\t\n\t\t\t\n\n\t\t<\/div>\n\n\t\t\n\n\t\t<div class=\"section-content relative\">\n\t\t\t\n<div class=\"row\"  id=\"row-704832611\">\n\n\t<div id=\"col-1204958155\" class=\"col small-12 large-12\"  >\n\t\t\t\t<div class=\"col-inner\"  >\n\t\t\t\n\t\t\t\n\t<div id=\"text-1212698500\" class=\"text\">\n\t\t\n<h1>ACTIVEZ VOTRE CARTE SIM EUROPE<\/h1>\n\t\t\n<style>\n#text-1212698500 {\n  text-align: center;\n}\n<\/style>\n\t<\/div>\n\t\n\t\t<\/div>\n\t\t\t\t\t<\/div>\n\n\t\n<\/div>\n<div class=\"row\"  id=\"row-1654467205\">\n\n\t<div id=\"col-1480504384\" class=\"col medium-6 small-12 large-6\"  >\n\t\t\t\t<div class=\"col-inner\"  >\n\t\t\t\n\t<div class=\"is-border\"\n\t\tstyle=\"border-color:rgb(0, 0, 0);border-radius:10px;border-width:1px 1px 1px 1px;\">\n\t<\/div>\n\t\t\t\n<p>\u00a0<\/p>\n<p>Activez votre carte SIM ici. Connectez-vous \u00e0 Mes Pages en cliquant <strong><a href=\"https:\/\/mywifise.com\/\"><span style=\"text-decoration: underline;\">ici.<\/span><\/a><\/strong><\/p>\n<p>Choisissez entre 200 Go ou 400 Go par mois, ou l&#8217;offre sp\u00e9ciale Espagne. S\u00e9lectionnez ensuite la dur\u00e9e d&#8217;utilisation de votre carte SIM (1 \u00e0 6 mois).<span class=\"Apple-converted-space\">&nbsp;<\/span><\/p>\n<p>Si vous souhaitez continuer \u00e0 utiliser votre carte alors que la dur\u00e9e s\u00e9lectionn\u00e9e approche de sa fin, vous pouvez prolonger votre abonnement. Cette op\u00e9ration doit \u00eatre effectu\u00e9e au plus tard 4 jours avant la fin de votre dur\u00e9e. Vous pouvez ajouter des mois suppl\u00e9mentaires via Mes Pages.<\/p>\n<p>La carte se d\u00e9sactivera automatiquement \u00e0 la fin de la dur\u00e9e s\u00e9lectionn\u00e9e\u00a0; vous n&#8217;avez donc pas besoin de nous contacter pour la d\u00e9sactiver.<\/p>\n<a href=\"https:\/\/my.wifi.se\/login?next=\/\" class=\"button primary https:\/\/mywifise.com\/\" >\n\t\t<span>Activer la carte SIM<\/span>\n\t<\/a>\n\n\t\t<\/div>\n\t\t\t\t\n<style>\n#col-1480504384 > .col-inner {\n  padding: 15px 15px 15px 15px;\n}\n<\/style>\n\t<\/div>\n\n\t\n\n\t<div id=\"col-2070830294\" class=\"col medium-6 small-12 large-6\"  >\n\t\t\t\t<div class=\"col-inner\"  >\n\t\t\t\n\t\t\t\n\t<div class=\"img has-hover x md-x lg-x y md-y lg-y\" id=\"image_1700426216\">\n\t\t\t\t\t\t\t\t<div class=\"img-inner dark\" >\n\t\t\t<img loading=\"lazy\" decoding=\"async\" width=\"1200\" height=\"848\" src=\"https:\/\/wifi.se\/fr\/wp-content\/uploads\/sites\/8\/2023\/10\/Projekt1-kopiera.jpg\" class=\"attachment-original size-original\" alt=\"SIM-tips f\u00f6r Europaresan\" srcset=\"https:\/\/wifi.se\/fr\/wp-content\/uploads\/sites\/8\/2023\/10\/Projekt1-kopiera.jpg 1200w, https:\/\/wifi.se\/fr\/wp-content\/uploads\/sites\/8\/2023\/10\/Projekt1-kopiera-510x360.jpg 510w, https:\/\/wifi.se\/fr\/wp-content\/uploads\/sites\/8\/2023\/10\/Projekt1-kopiera-64x45.jpg 64w, https:\/\/wifi.se\/fr\/wp-content\/uploads\/sites\/8\/2023\/10\/Projekt1-kopiera-300x212.jpg 300w, https:\/\/wifi.se\/fr\/wp-content\/uploads\/sites\/8\/2023\/10\/Projekt1-kopiera-1024x724.jpg 1024w, https:\/\/wifi.se\/fr\/wp-content\/uploads\/sites\/8\/2023\/10\/Projekt1-kopiera-768x543.jpg 768w, https:\/\/wifi.se\/fr\/wp-content\/uploads\/sites\/8\/2023\/10\/Projekt1-kopiera-200x141.jpg 200w, https:\/\/wifi.se\/fr\/wp-content\/uploads\/sites\/8\/2023\/10\/Projekt1-kopiera-400x283.jpg 400w, https:\/\/wifi.se\/fr\/wp-content\/uploads\/sites\/8\/2023\/10\/Projekt1-kopiera-600x424.jpg 600w, https:\/\/wifi.se\/fr\/wp-content\/uploads\/sites\/8\/2023\/10\/Projekt1-kopiera-800x565.jpg 800w\" sizes=\"auto, (max-width: 1200px) 100vw, 1200px\" \/>\t\t\t\t\t\t\n\t\t\t\t\t<\/div>\n\t\t\t\t\t\t\t\t\n<style>\n#image_1700426216 {\n  width: 100%;\n}\n<\/style>\n\t<\/div>\n\t\n\t\t<\/div>\n\t\t\t\t\t<\/div>\n\n\t\n<\/div>\n\t\t<\/div>\n\n\t\t\n<style>\n#section_1715737822 {\n  padding-top: 30px;\n  padding-bottom: 30px;\n}\n<\/style>\n\t<\/section>\n\t\n","protected":false},"excerpt":{"rendered":"","protected":false},"author":1,"featured_media":0,"parent":0,"menu_order":0,"comment_status":"closed","ping_status":"closed","template":"","meta":{"_acf_changed":false,"footnotes":""},"class_list":["post-851","page","type-page","status-publish","hentry"],"acf":[],"yoast_head":"<!-- This site is optimized with the Yoast SEO plugin v27.1.1 - https:\/\/yoast.com\/product\/yoast-seo-wordpress\/ -->\n<title>Activate your SIM - Wifi.se<\/title>\n<meta name=\"description\" content=\"Wifi.se offers a unique broadband solution for boats, cars, motorhomes, caravans, and vacation homes, which also replaces satellite dishes and TV antennas. Just as convenient as at home.\" \/>\n<meta name=\"robots\" content=\"index, follow, max-snippet:-1, max-image-preview:large, max-video-preview:-1\" \/>\n<link rel=\"canonical\" href=\"https:\/\/wifi.se\/fr\/activate-sim\/\" \/>\n<meta property=\"og:locale\" content=\"fr_FR\" \/>\n<meta property=\"og:type\" content=\"article\" \/>\n<meta property=\"og:title\" content=\"Activate your SIM - Wifi.se\" \/>\n<meta property=\"og:description\" content=\"Wifi.se offers a unique broadband solution for boats, cars, motorhomes, caravans, and vacation homes, which also replaces satellite dishes and TV antennas. Just as convenient as at home.\" \/>\n<meta property=\"og:url\" content=\"https:\/\/wifi.se\/fr\/activate-sim\/\" \/>\n<meta property=\"og:site_name\" content=\"WIFI.SE\/FR\" \/>\n<meta property=\"article:modified_time\" content=\"2025-04-09T09:14:35+00:00\" \/>\n<meta name=\"twitter:card\" content=\"summary_large_image\" \/>\n<meta name=\"twitter:label1\" content=\"Dur\u00e9e de lecture estim\u00e9e\" \/>\n\t<meta name=\"twitter:data1\" content=\"1 minute\" \/>\n<script type=\"application\/ld+json\" class=\"yoast-schema-graph\">{\"@context\":\"https:\/\/schema.org\",\"@graph\":[{\"@type\":\"WebPage\",\"@id\":\"https:\/\/wifi.se\/fr\/activate-sim\/\",\"url\":\"https:\/\/wifi.se\/fr\/activate-sim\/\",\"name\":\"Activate your SIM - Wifi.se\",\"isPartOf\":{\"@id\":\"https:\/\/wifi.se\/fr\/#website\"},\"datePublished\":\"2019-09-05T18:29:08+00:00\",\"dateModified\":\"2025-04-09T09:14:35+00:00\",\"description\":\"Wifi.se offers a unique broadband solution for boats, cars, motorhomes, caravans, and vacation homes, which also replaces satellite dishes and TV antennas. Just as convenient as at home.\",\"breadcrumb\":{\"@id\":\"https:\/\/wifi.se\/fr\/activate-sim\/#breadcrumb\"},\"inLanguage\":\"fr-FR\",\"potentialAction\":[{\"@type\":\"ReadAction\",\"target\":[\"https:\/\/wifi.se\/fr\/activate-sim\/\"]}]},{\"@type\":\"BreadcrumbList\",\"@id\":\"https:\/\/wifi.se\/fr\/activate-sim\/#breadcrumb\",\"itemListElement\":[{\"@type\":\"ListItem\",\"position\":1,\"name\":\"Hem\",\"item\":\"https:\/\/wifi.se\/fr\/\"},{\"@type\":\"ListItem\",\"position\":2,\"name\":\"ACTIVER LA SIM\"}]},{\"@type\":\"WebSite\",\"@id\":\"https:\/\/wifi.se\/fr\/#website\",\"url\":\"https:\/\/wifi.se\/fr\/\",\"name\":\"WIFI.SE\/FR\",\"description\":\"INTERNET PARTOUT\",\"potentialAction\":[{\"@type\":\"SearchAction\",\"target\":{\"@type\":\"EntryPoint\",\"urlTemplate\":\"https:\/\/wifi.se\/fr\/?s={search_term_string}\"},\"query-input\":{\"@type\":\"PropertyValueSpecification\",\"valueRequired\":true,\"valueName\":\"search_term_string\"}}],\"inLanguage\":\"fr-FR\"}]}<\/script>\n<!-- \/ Yoast SEO plugin. -->","yoast_head_json":{"title":"Activate your SIM - Wifi.se","description":"Wifi.se offers a unique broadband solution for boats, cars, motorhomes, caravans, and vacation homes, which also replaces satellite dishes and TV antennas. Just as convenient as at home.","robots":{"index":"index","follow":"follow","max-snippet":"max-snippet:-1","max-image-preview":"max-image-preview:large","max-video-preview":"max-video-preview:-1"},"canonical":"https:\/\/wifi.se\/fr\/activate-sim\/","og_locale":"fr_FR","og_type":"article","og_title":"Activate your SIM - Wifi.se","og_description":"Wifi.se offers a unique broadband solution for boats, cars, motorhomes, caravans, and vacation homes, which also replaces satellite dishes and TV antennas. Just as convenient as at home.","og_url":"https:\/\/wifi.se\/fr\/activate-sim\/","og_site_name":"WIFI.SE\/FR","article_modified_time":"2025-04-09T09:14:35+00:00","twitter_card":"summary_large_image","twitter_misc":{"Dur\u00e9e de lecture estim\u00e9e":"1 minute"},"schema":{"@context":"https:\/\/schema.org","@graph":[{"@type":"WebPage","@id":"https:\/\/wifi.se\/fr\/activate-sim\/","url":"https:\/\/wifi.se\/fr\/activate-sim\/","name":"Activate your SIM - Wifi.se","isPartOf":{"@id":"https:\/\/wifi.se\/fr\/#website"},"datePublished":"2019-09-05T18:29:08+00:00","dateModified":"2025-04-09T09:14:35+00:00","description":"Wifi.se offers a unique broadband solution for boats, cars, motorhomes, caravans, and vacation homes, which also replaces satellite dishes and TV antennas. Just as convenient as at home.","breadcrumb":{"@id":"https:\/\/wifi.se\/fr\/activate-sim\/#breadcrumb"},"inLanguage":"fr-FR","potentialAction":[{"@type":"ReadAction","target":["https:\/\/wifi.se\/fr\/activate-sim\/"]}]},{"@type":"BreadcrumbList","@id":"https:\/\/wifi.se\/fr\/activate-sim\/#breadcrumb","itemListElement":[{"@type":"ListItem","position":1,"name":"Hem","item":"https:\/\/wifi.se\/fr\/"},{"@type":"ListItem","position":2,"name":"ACTIVER LA SIM"}]},{"@type":"WebSite","@id":"https:\/\/wifi.se\/fr\/#website","url":"https:\/\/wifi.se\/fr\/","name":"WIFI.SE\/FR","description":"INTERNET PARTOUT","potentialAction":[{"@type":"SearchAction","target":{"@type":"EntryPoint","urlTemplate":"https:\/\/wifi.se\/fr\/?s={search_term_string}"},"query-input":{"@type":"PropertyValueSpecification","valueRequired":true,"valueName":"search_term_string"}}],"inLanguage":"fr-FR"}]}},"_links":{"self":[{"href":"https:\/\/wifi.se\/fr\/wp-json\/wp\/v2\/pages\/851","targetHints":{"allow":["GET"]}}],"collection":[{"href":"https:\/\/wifi.se\/fr\/wp-json\/wp\/v2\/pages"}],"about":[{"href":"https:\/\/wifi.se\/fr\/wp-json\/wp\/v2\/types\/page"}],"author":[{"embeddable":true,"href":"https:\/\/wifi.se\/fr\/wp-json\/wp\/v2\/users\/1"}],"replies":[{"embeddable":true,"href":"https:\/\/wifi.se\/fr\/wp-json\/wp\/v2\/comments?post=851"}],"version-history":[{"count":10,"href":"https:\/\/wifi.se\/fr\/wp-json\/wp\/v2\/pages\/851\/revisions"}],"predecessor-version":[{"id":32406,"href":"https:\/\/wifi.se\/fr\/wp-json\/wp\/v2\/pages\/851\/revisions\/32406"}],"wp:attachment":[{"href":"https:\/\/wifi.se\/fr\/wp-json\/wp\/v2\/media?parent=851"}],"curies":[{"name":"wp","href":"https:\/\/api.w.org\/{rel}","templated":true}]}}