{"id":493,"date":"2019-08-31T08:57:09","date_gmt":"2019-08-31T08:57:09","guid":{"rendered":"https:\/\/wifi.se\/?page_id=493"},"modified":"2025-04-08T23:32:33","modified_gmt":"2025-04-08T21:32:33","slug":"about-us","status":"publish","type":"page","link":"https:\/\/wifi.se\/fr\/about-us\/","title":{"rendered":"\u00c0 propos de wifi.se"},"content":{"rendered":"\n\t<section class=\"section\" id=\"section_1065353736\">\n\t\t<div class=\"section-bg fill\" >\n\t\t\t\t\t\t\t\t\t\n\t\t\t\n\n\t\t<\/div>\n\n\t\t\n\n\t\t<div class=\"section-content relative\">\n\t\t\t\n<div class=\"row\"  id=\"row-1915492514\">\n\n\t<div id=\"col-1292484477\" class=\"col small-12 large-12\"  >\n\t\t\t\t<div class=\"col-inner\"  >\n\t\t\t\n\t\t\t\n<h1>\u00c0 propos de nous<\/h1>\n<p>Chez <strong>WiFi.se<\/strong>, nous sommes des innovateurs et des leaders du secteur des t\u00e9l\u00e9communications, sp\u00e9cialis\u00e9s dans les produits et services technologiques hautes performances adapt\u00e9s aux voyageurs modernes. Notre mission est de fournir des solutions innovantes qui garantissent une connectivit\u00e9 fluide, o\u00f9 que vous soyez en Europe.<\/p>\n\t\t<\/div>\n\t\t\t\t\t<\/div>\n\n\t\n<\/div>\n<div class=\"row\"  id=\"row-1116445775\">\n\n\t<div id=\"col-914814479\" class=\"col small-12 large-12\"  >\n\t\t\t\t<div class=\"col-inner\"  >\n\t\t\t\n\t\t\t\n<div class=\"row\"  id=\"row-399695857\">\n\n\t<div id=\"col-640142832\" class=\"col small-12 large-12\"  >\n\t\t\t\t<div class=\"col-inner\"  >\n\t\t\t\n\t\t\t\n<div class=\"is-divider divider clearfix\" style=\"max-width:100%;height:1px;\"><\/div>\n\t\t<\/div>\n\t\t\t\t\t<\/div>\n\n\t\n<\/div>\n<\/p>\n<h2>Nous sommes fiers de concevoir et de fabriquer notre propre gamme de produits de haute qualit\u00e9, notamment\u00a0:<\/h2>\n\t<div id=\"gap-1221528435\" class=\"gap-element clearfix\" style=\"display:block; height:auto;\">\n\t\t\n<style>\n#gap-1221528435 {\n  padding-top: 30px;\n}\n<\/style>\n\t<\/div>\n\t\n\t\t<\/div>\n\t\t\t\t\t<\/div>\n\n\t\n<\/div>\n<div class=\"row\"  id=\"row-1213169491\">\n\n\t<div id=\"col-1661731147\" class=\"col medium-6 small-12 large-6\"  >\n\t\t\t\t<div class=\"col-inner\"  >\n\t\t\t\n\t\t\t\n<div class=\"row\"  id=\"row-1427879001\">\n\n\t<div id=\"col-2099648256\" class=\"col small-12 large-12\"  >\n\t\t\t\t<div class=\"col-inner\"  >\n\t\t\t\n\t\t\t\n\n\t\t<div class=\"icon-box featured-box icon-box-left text-left\"  >\n\t\t\t\t\t<div class=\"icon-box-img\" style=\"width: 20px\">\n\t\t\t\t<div class=\"icon\">\n\t\t\t\t\t<div class=\"icon-inner\" >\n\t\t\t\t\t\t<?xml version=\"1.0\" encoding=\"UTF-8\"?> <svg xmlns=\"http:\/\/www.w3.org\/2000\/svg\" viewBox=\"0 0 448 512\"><path fill=\"#286092\" d=\"M443.3 100.7c6.2 6.2 6.2 16.4 0 22.6l-272 272c-6.2 6.2-16.4 6.2-22.6 0l-144-144c-6.2-6.2-6.2-16.4 0-22.6s16.4-6.2 22.6 0L160 361.4 420.7 100.7c6.2-6.2 16.4-6.2 22.6 0z\"><\/path><\/svg> \t\t\t\t\t<\/div>\n\t\t\t\t<\/div>\n\t\t\t<\/div>\n\t\t\t\t<div class=\"icon-box-text last-reset\">\n\t\t\t\t\t\t\t\t\t\n<p><strong>Routeurs personnalis\u00e9s\u00a0:<\/strong> Con\u00e7us pour la vitesse, la s\u00e9curit\u00e9 et la fiabilit\u00e9, nos routeurs sont con\u00e7us pour r\u00e9pondre aux exigences du monde connect\u00e9 d&#8217;aujourd&#8217;hui, que vous soyez \u00e0 la maison, au bureau ou en d\u00e9placement.<\/p>\n\t\t<\/div>\n\t<\/div>\n\t\n\t\n\t<div id=\"gap-1265063126\" class=\"gap-element clearfix\" style=\"display:block; height:auto;\">\n\t\t\n<style>\n#gap-1265063126 {\n  padding-top: 15px;\n}\n<\/style>\n\t<\/div>\n\t\n\n\t\t<div class=\"icon-box featured-box icon-box-left text-left\"  >\n\t\t\t\t\t<div class=\"icon-box-img\" style=\"width: 20px\">\n\t\t\t\t<div class=\"icon\">\n\t\t\t\t\t<div class=\"icon-inner\" >\n\t\t\t\t\t\t<?xml version=\"1.0\" encoding=\"UTF-8\"?> <svg xmlns=\"http:\/\/www.w3.org\/2000\/svg\" viewBox=\"0 0 448 512\"><path fill=\"#286092\" d=\"M443.3 100.7c6.2 6.2 6.2 16.4 0 22.6l-272 272c-6.2 6.2-16.4 6.2-22.6 0l-144-144c-6.2-6.2-6.2-16.4 0-22.6s16.4-6.2 22.6 0L160 361.4 420.7 100.7c6.2-6.2 16.4-6.2 22.6 0z\"><\/path><\/svg> \t\t\t\t\t<\/div>\n\t\t\t\t<\/div>\n\t\t\t<\/div>\n\t\t\t\t<div class=\"icon-box-text last-reset\">\n\t\t\t\t\t\t\t\t\t\n<p><strong>Antennes avanc\u00e9es\u00a0:<\/strong> Nos antennes sont con\u00e7ues pour offrir une puissance et une clart\u00e9 de signal sup\u00e9rieures, vous permettant de rester connect\u00e9 m\u00eame dans des environnements difficiles.<\/p>\n\t\t<\/div>\n\t<\/div>\n\t\n\t\n\t<div id=\"gap-265217020\" class=\"gap-element clearfix\" style=\"display:block; height:auto;\">\n\t\t\n<style>\n#gap-265217020 {\n  padding-top: 15px;\n}\n<\/style>\n\t<\/div>\n\t\n\n\t\t<div class=\"icon-box featured-box icon-box-left text-left\"  >\n\t\t\t\t\t<div class=\"icon-box-img\" style=\"width: 20px\">\n\t\t\t\t<div class=\"icon\">\n\t\t\t\t\t<div class=\"icon-inner\" >\n\t\t\t\t\t\t<?xml version=\"1.0\" encoding=\"UTF-8\"?> <svg xmlns=\"http:\/\/www.w3.org\/2000\/svg\" viewBox=\"0 0 448 512\"><path fill=\"#286092\" d=\"M443.3 100.7c6.2 6.2 6.2 16.4 0 22.6l-272 272c-6.2 6.2-16.4 6.2-22.6 0l-144-144c-6.2-6.2-6.2-16.4 0-22.6s16.4-6.2 22.6 0L160 361.4 420.7 100.7c6.2-6.2 16.4-6.2 22.6 0z\"><\/path><\/svg> \t\t\t\t\t<\/div>\n\t\t\t\t<\/div>\n\t\t\t<\/div>\n\t\t\t\t<div class=\"icon-box-text last-reset\">\n\t\t\t\t\t\t\t\t\t\n<p><strong>C\u00e2bles haut de gamme et adaptateurs sp\u00e9cialement con\u00e7us\u00a0:<\/strong> Nos c\u00e2bles haut de gamme sont con\u00e7us pour durer, offrant une durabilit\u00e9 et des performances exceptionnelles, ce qui en fait le compagnon id\u00e9al de tous vos appareils \u00e9lectroniques. Nous sommes \u00e9galement sp\u00e9cialis\u00e9s dans les c\u00e2bles et adaptateurs avanc\u00e9s con\u00e7us pour les voyageurs qui n&#8217;ont pas besoin de 230\u00a0volts. Parmi nos produits uniques, citons un adaptateur Chromecast sp\u00e9cialement con\u00e7u, d\u00e9velopp\u00e9 en collaboration avec Mission aux \u00c9tats-Unis, et un adaptateur pour Apple TV qui fonctionne directement avec le t\u00e9l\u00e9viseur.<\/p>\n\t\t<\/div>\n\t<\/div>\n\t\n\t\n\t<div id=\"gap-406526947\" class=\"gap-element clearfix\" style=\"display:block; height:auto;\">\n\t\t\n<style>\n#gap-406526947 {\n  padding-top: 15px;\n}\n<\/style>\n\t<\/div>\n\t\n\n\t\t<div class=\"icon-box featured-box icon-box-left text-left\"  >\n\t\t\t\t\t<div class=\"icon-box-img\" style=\"width: 20px\">\n\t\t\t\t<div class=\"icon\">\n\t\t\t\t\t<div class=\"icon-inner\" >\n\t\t\t\t\t\t<?xml version=\"1.0\" encoding=\"UTF-8\"?> <svg xmlns=\"http:\/\/www.w3.org\/2000\/svg\" viewBox=\"0 0 448 512\"><path fill=\"#286092\" d=\"M443.3 100.7c6.2 6.2 6.2 16.4 0 22.6l-272 272c-6.2 6.2-16.4 6.2-22.6 0l-144-144c-6.2-6.2-6.2-16.4 0-22.6s16.4-6.2 22.6 0L160 361.4 420.7 100.7c6.2-6.2 16.4-6.2 22.6 0z\"><\/path><\/svg> \t\t\t\t\t<\/div>\n\t\t\t\t<\/div>\n\t\t\t<\/div>\n\t\t\t\t<div class=\"icon-box-text last-reset\">\n\t\t\t\t\t\t\t\t\t\n<p><strong>Port USB\u00a0:<\/strong> Ces produits sont sp\u00e9cialement con\u00e7us pour offrir une exp\u00e9rience utilisateur am\u00e9lior\u00e9e sans n\u00e9cessiter de sources d&#8217;alimentation externes.<\/p>\n\t\t<\/div>\n\t<\/div>\n\t\n\t\n\t\t<\/div>\n\t\t\t\t\t<\/div>\n\n\t\n<\/div>\n<p>Tous nos produits sont d\u00e9velopp\u00e9s selon les normes de qualit\u00e9 les plus strictes, garantissant ainsi \u00e0 nos clients le meilleur.<\/p>\n\t\t<\/div>\n\t\t\t\t\n<style>\n#col-1661731147 > .col-inner {\n  margin: -25px 0px 0px 0px;\n}\n<\/style>\n\t<\/div>\n\n\t\n\n\t<div id=\"col-1767094916\" class=\"col medium-6 small-12 large-6\"  >\n\t\t\t\t<div class=\"col-inner\"  >\n\t\t\t\n\t\t\t\n<div class=\"row\"  id=\"row-673620601\">\n\n\t<div id=\"col-1453784756\" class=\"col small-12 large-12\"  >\n\t\t\t\t<div class=\"col-inner\"  >\n\t\t\t\n\t\t\t\n\n  <div class=\"banner has-hover\" id=\"banner-1901447661\">\n          <div class=\"banner-inner fill\">\n        <div class=\"banner-bg fill\" >\n            <img loading=\"lazy\" decoding=\"async\" width=\"1200\" height=\"800\" src=\"https:\/\/wifi.se\/fr\/wp-content\/uploads\/sites\/8\/2024\/09\/01_01.jpg\" class=\"bg attachment-original size-original\" alt=\"5G takantenn f\u00f6r 5G router\" \/>                                    \n                    <\/div>\n\t\t\n        <div class=\"banner-layers container\">\n            <div class=\"fill banner-link\"><\/div>            \n   <div id=\"text-box-499322924\" class=\"text-box banner-layer x50 md-x50 lg-x50 y50 md-y50 lg-y50 res-text\">\n                                <div class=\"text-box-content text dark\">\n              \n              <div class=\"text-inner text-center\">\n                  \n              <\/div>\n           <\/div>\n                            \n<style>\n#text-box-499322924 {\n  width: 60%;\n}\n#text-box-499322924 .text-box-content {\n  font-size: 100%;\n}\n@media (min-width:550px) {\n  #text-box-499322924 {\n    width: 60%;\n  }\n}\n<\/style>\n    <\/div>\n \n        <\/div>\n      <\/div>\n\n            \n<style>\n#banner-1901447661 {\n  padding-top: 375px;\n}\n@media (min-width:550px) {\n  #banner-1901447661 {\n    padding-top: 641px;\n  }\n}\n<\/style>\n  <\/div>\n\n\n\t\t<\/div>\n\t\t\t\t\n<style>\n#col-1453784756 > .col-inner {\n  margin: -25px 0px 0px 0px;\n}\n<\/style>\n\t<\/div>\n\n\t\n<\/div>\n\t\t<\/div>\n\t\t\t\t\t<\/div>\n\n\t\n<\/div>\n\t\t<\/div>\n\n\t\t\n<style>\n#section_1065353736 {\n  padding-top: 30px;\n  padding-bottom: 30px;\n}\n<\/style>\n\t<\/section>\n\t\n\n\t<section class=\"section bg_gradient\" id=\"section_2013435160\">\n\t\t<div class=\"section-bg fill\" >\n\t\t\t\t\t\t\t\t\t\n\t\t\t\n\n\t\t<\/div>\n\n\t\t\n\n\t\t<div class=\"section-content relative\">\n\t\t\t\n<div class=\"row row-large\"  id=\"row-1738094021\">\n\n\t<div id=\"col-661349818\" class=\"col medium-7 small-12 large-7\"  >\n\t\t\t\t<div class=\"col-inner\"  >\n\t\t\t\n\t\t\t\n\t<div id=\"text-4288624104\" class=\"text\">\n\t\t\n<h3>Distributeur exclusif et revendeur agr\u00e9\u00e9<\/h3>\n<p>Nous sommes le distributeur exclusif et le seul revendeur agr\u00e9\u00e9 de l&#8217;adaptateur Chromecast en Europe. Cela signifie que nous disposons des droits exclusifs de distribution de ce produit sur tous les march\u00e9s europ\u00e9ens.<\/p>\n<p>Aujourd&#8217;hui, notre adaptateur Chromecast est vendu par des revendeurs renomm\u00e9s tels que Clas Ohlson, Teknikproffset et Campingvaruhuset. Ce ne sont l\u00e0 que quelques-uns des revendeurs s\u00e9lectionn\u00e9s, mais notre adaptateur est d\u00e9j\u00e0 un best-seller en Su\u00e8de et en Europe.<\/p>\n<p>Que vous soyez distributeur, revendeur ou d\u00e9taillant, vous devez acheter vos adaptateurs Chromecast directement aupr\u00e8s de nous pour garantir l&#8217;authenticit\u00e9, la qualit\u00e9 et une assistance compl\u00e8te du fabricant. Notre accord exclusif vous garantit des produits authentiques avec un acc\u00e8s complet au service client et \u00e0 la garantie.<\/p>\n<p>Pour des opportunit\u00e9s de partenariat ou pour devenir revendeur, veuillez contacter notre \u00e9quipe commerciale.<\/p>\n\t\t\n<style>\n#text-4288624104 {\n  color: rgb(255,255,255);\n}\n#text-4288624104 > * {\n  color: rgb(255,255,255);\n}\n<\/style>\n\t<\/div>\n\t\n<div class=\"row\"  id=\"row-683817789\">\n\n\t<div id=\"col-1748929531\" class=\"col small-12 large-12\"  >\n\t\t\t\t<div class=\"col-inner\"  >\n\t\t\t\n\t\t\t\n<a href=\"https:\/\/wifi.se\/en\/product-category\/router\/\" class=\"button white\" >\n\t\t<span>Afficher les produits<\/span>\n\t<\/a>\n\n\t\t<\/div>\n\t\t\t\t\t<\/div>\n\n\t\n<\/div>\n\t\t<\/div>\n\t\t\t\t\t<\/div>\n\n\t\n\n\t<div id=\"col-939877187\" class=\"col medium-4 small-12 large-4\"  >\n\t\t\t\t<div class=\"col-inner text-left\" style=\"background-color:rgb(255,255,255);\" >\n\t\t\t\n\t<div class=\"is-border\"\n\t\tstyle=\"border-color:rgb(0, 0, 0);border-radius:10px;border-width:1px 1px 1px 1px;\">\n\t<\/div>\n\t\t\t\n\n\t\t<div class=\"icon-box featured-box icon-box-center text-center\"  >\n\t\t\t\t\t<div class=\"icon-box-img\" style=\"width: 60px\">\n\t\t\t\t<div class=\"icon\">\n\t\t\t\t\t<div class=\"icon-inner\" >\n\t\t\t\t\t\t\t\t\t\t\t<\/div>\n\t\t\t\t<\/div>\n\t\t\t<\/div>\n\t\t\t\t<div class=\"icon-box-text last-reset\">\n\t\t\t\t\t\t\t\t\t\n\t<div id=\"text-114008587\" class=\"text\">\n\t\t\n<h4>Would you like to partner with us?<\/h4>\n<p>Or do you have something exciting to present? Contact us, and we&#8217;ll guide you in the right direction!<\/p>\n<p>\u00a0<\/p>\n<h4>Envie d&#8217;un partenariat\u00a0?<\/h4>\n<p>Vous avez un projet passionnant \u00e0 pr\u00e9senter\u00a0? Contactez-nous et nous vous guiderons dans la bonne direction\u00a0!<\/p>\n\t\t\n<style>\n#text-114008587 {\n  text-align: center;\n}\n<\/style>\n\t<\/div>\n\t\n\t<div id=\"gap-804785233\" class=\"gap-element clearfix\" style=\"display:block; height:auto;\">\n\t\t\n<style>\n#gap-804785233 {\n  padding-top: 30px;\n}\n<\/style>\n\t<\/div>\n\t\n<a href=\"https:\/\/wifi.se\/en\/retail\/\" class=\"button primary\" >\n\t\t<span>Contactez-nous<\/span>\n\t<\/a>\n\n\t\t<\/div>\n\t<\/div>\n\t\n\t\n\t\t<\/div>\n\t\t\t\t\n<style>\n#col-939877187 > .col-inner {\n  padding: 15px 15px 15px 15px;\n  border-radius: 10px;\n}\n<\/style>\n\t<\/div>\n\n\t\n<\/div>\n\t\t<\/div>\n\n\t\t\n<style>\n#section_2013435160 {\n  padding-top: 76px;\n  padding-bottom: 76px;\n}\n<\/style>\n\t<\/section>\n\t\n\n\t<section class=\"section\" id=\"section_1909899173\">\n\t\t<div class=\"section-bg fill\" >\n\t\t\t\t\t\t\t\t\t\n\t\t\t\n\n\t\t<\/div>\n\n\t\t\n\n\t\t<div class=\"section-content relative\">\n\t\t\t\n<div class=\"row\"  id=\"row-2036933914\">\n\n\t<div id=\"col-1237634491\" class=\"col medium-6 small-12 large-6\"  >\n\t\t\t\t<div class=\"col-inner\"  >\n\t\t\t\n\t\t\t\n<h2>Le futur est l\u00e0 avec notre eSIM<\/h2>\n<p>Chez WiFi.se, nous sommes \u00e0 la pointe de la connectivit\u00e9 mobile nouvelle g\u00e9n\u00e9ration gr\u00e2ce \u00e0 nos offres eSIM. Alors que le monde \u00e9volue vers des solutions plus fluides et plus flexibles, nous sommes fiers de proposer une eSIM offrant un confort in\u00e9gal\u00e9 et des forfaits de donn\u00e9es performants aux voyageurs europ\u00e9ens.<\/p>\n\n\t\t<div class=\"icon-box featured-box icon-box-left text-left\"  >\n\t\t\t\t\t<div class=\"icon-box-img\" style=\"width: 20px\">\n\t\t\t\t<div class=\"icon\">\n\t\t\t\t\t<div class=\"icon-inner\" >\n\t\t\t\t\t\t<?xml version=\"1.0\" encoding=\"UTF-8\"?> <svg xmlns=\"http:\/\/www.w3.org\/2000\/svg\" viewBox=\"0 0 448 512\"><path fill=\"#286092\" d=\"M443.3 100.7c6.2 6.2 6.2 16.4 0 22.6l-272 272c-6.2 6.2-16.4 6.2-22.6 0l-144-144c-6.2-6.2-6.2-16.4 0-22.6s16.4-6.2 22.6 0L160 361.4 420.7 100.7c6.2-6.2 16.4-6.2 22.6 0z\"><\/path><\/svg> \t\t\t\t\t<\/div>\n\t\t\t\t<\/div>\n\t\t\t<\/div>\n\t\t\t\t<div class=\"icon-box-text last-reset\">\n\t\t\t\t\t\t\t\t\t\n<p><strong>Qu&#8217;est-ce qu&#8217;une eSIM\u00a0?<\/strong> Une eSIM (carte SIM int\u00e9gr\u00e9e) est une carte SIM num\u00e9rique int\u00e9gr\u00e9e directement \u00e0 votre appareil mobile. Contrairement aux cartes SIM physiques traditionnelles, une eSIM peut \u00eatre activ\u00e9e \u00e0 distance, ce qui vous permet de changer de r\u00e9seau mobile et de forfait de donn\u00e9es sans avoir \u00e0 ins\u00e9rer une nouvelle carte. Un simple QR code suffit pour activer votre eSIM et profiter d&#8217;une connectivit\u00e9 instantan\u00e9e.<\/p>\n\t\t<\/div>\n\t<\/div>\n\t\n\t\n\t<div id=\"gap-1901346537\" class=\"gap-element clearfix\" style=\"display:block; height:auto;\">\n\t\t\n<style>\n#gap-1901346537 {\n  padding-top: 15px;\n}\n<\/style>\n\t<\/div>\n\t\n\n\t\t<div class=\"icon-box featured-box icon-box-left text-left\"  >\n\t\t\t\t\t<div class=\"icon-box-img\" style=\"width: 20px\">\n\t\t\t\t<div class=\"icon\">\n\t\t\t\t\t<div class=\"icon-inner\" >\n\t\t\t\t\t\t<?xml version=\"1.0\" encoding=\"UTF-8\"?> <svg xmlns=\"http:\/\/www.w3.org\/2000\/svg\" viewBox=\"0 0 448 512\"><path fill=\"#286092\" d=\"M443.3 100.7c6.2 6.2 6.2 16.4 0 22.6l-272 272c-6.2 6.2-16.4 6.2-22.6 0l-144-144c-6.2-6.2-6.2-16.4 0-22.6s16.4-6.2 22.6 0L160 361.4 420.7 100.7c6.2-6.2 16.4-6.2 22.6 0z\"><\/path><\/svg> \t\t\t\t\t<\/div>\n\t\t\t\t<\/div>\n\t\t\t<\/div>\n\t\t\t\t<div class=\"icon-box-text last-reset\">\n\t\t\t\t\t\t\t\t\t\n<p><strong>Notre eSIM pour l&#8217;Europe\u00a0:<\/strong> Notre eSIM est connect\u00e9e \u00e0 nos forfaits SIM d&#8217;itin\u00e9rance sp\u00e9cialis\u00e9s et offre les m\u00eames forfaits de donn\u00e9es g\u00e9n\u00e9reux de 200\u00a0Go et 400\u00a0Go par mois. C&#8217;est la solution id\u00e9ale pour ceux qui ont besoin de donn\u00e9es fiables et haut d\u00e9bit lors de leurs d\u00e9placements en Europe. Que vous voyagiez pour le travail, que vous exploriez l&#8217;Europe en camping-car ou que vous traversiez fr\u00e9quemment les fronti\u00e8res, notre eSIM offre une flexibilit\u00e9 optimale. Activez-la instantan\u00e9ment gr\u00e2ce \u00e0 un QR code et profitez de vos donn\u00e9es mobiles avec une navigation quasi illimit\u00e9e.<\/p>\n\t\t<\/div>\n\t<\/div>\n\t\n\t\n\t\t<\/div>\n\t\t\t\t\t<\/div>\n\n\t\n\n\t<div id=\"col-688887351\" class=\"col medium-6 small-12 large-6\"  >\n\t\t\t\t<div class=\"col-inner\"  >\n\t\t\t\n\t\t\t\n\n  <div class=\"banner has-hover\" id=\"banner-877348927\">\n          <div class=\"banner-inner fill\">\n        <div class=\"banner-bg fill\" >\n            <img loading=\"lazy\" decoding=\"async\" width=\"1000\" height=\"1000\" src=\"https:\/\/wifi.se\/fr\/wp-content\/uploads\/sites\/8\/2024\/08\/eSIM.jpg\" class=\"bg attachment-original size-original\" alt=\"eSIM\" \/>                                    \n                    <\/div>\n\t\t\n        <div class=\"banner-layers container\">\n            <div class=\"fill banner-link\"><\/div>            \n   <div id=\"text-box-1076243363\" class=\"text-box banner-layer x50 md-x50 lg-x50 y50 md-y50 lg-y50 res-text\">\n                                <div class=\"text-box-content text dark\">\n              \n              <div class=\"text-inner text-center\">\n                  \n              <\/div>\n           <\/div>\n                            \n<style>\n#text-box-1076243363 {\n  width: 60%;\n}\n#text-box-1076243363 .text-box-content {\n  font-size: 100%;\n}\n@media (min-width:550px) {\n  #text-box-1076243363 {\n    width: 60%;\n  }\n}\n<\/style>\n    <\/div>\n \n        <\/div>\n      <\/div>\n\n            \n<style>\n#banner-877348927 {\n  padding-top: 548px;\n}\n<\/style>\n  <\/div>\n\n\n\t\t<\/div>\n\t\t\t\t\t<\/div>\n\n\t\n<\/div>\n<div class=\"row\"  id=\"row-1095730668\">\n\n\t<div id=\"col-933464820\" class=\"col medium-6 small-12 large-6\"  >\n\t\t\t\t<div class=\"col-inner\"  >\n\t\t\t\n\t\t\t\n<p>La technologie eSIM repr\u00e9sente l&#8217;avenir de la connectivit\u00e9 mobile, offrant une commodit\u00e9 et une flexibilit\u00e9 exceptionnelles. En \u00e9liminant le besoin de carte SIM physique, l&#8217;eSIM ouvre un tout nouveau monde de possibilit\u00e9s. Plus besoin d&#8217;adresse physique ni d&#8217;attendre la livraison d&#8217;une carte\u00a0: il vous suffit de scanner un QR code envoy\u00e9 directement par e-mail. En quelques secondes, vous \u00eates connect\u00e9, o\u00f9 que vous soyez.<\/p>\n\t\t<\/div>\n\t\t\t\t\t<\/div>\n\n\t\n\n\t<div id=\"col-1698430390\" class=\"col medium-6 small-12 large-6\"  >\n\t\t\t\t<div class=\"col-inner\"  >\n\t\t\t\n\t\t\t\n<p>C&#8217;est pourquoi nos cartes SIM d&#8217;itin\u00e9rance sont la solution id\u00e9ale pour les voyageurs qui ont besoin de donn\u00e9es mobiles importantes. Sp\u00e9cialement con\u00e7ues pour la technologie eSIM, elles offrent une exp\u00e9rience utilisateur exceptionnelle avec des forfaits de donn\u00e9es \u00e9lev\u00e9s et une navigation quasiment illimit\u00e9e dans toute l&#8217;Europe. Avec les solutions eSIM de WiFi.se, vous \u00eates toujours pr\u00eat pour votre prochaine aventure, o\u00f9 que vous soyez dans le monde.<\/p>\n\t\t<\/div>\n\t\t\t\t\t<\/div>\n\n\t\n<\/div>\n<div class=\"row\"  id=\"row-1905164049\">\n\n\t<div id=\"col-1576517028\" class=\"col small-12 large-12\"  >\n\t\t\t\t<div class=\"col-inner\"  >\n\t\t\t\n\t\t\t\n<h2>R\u00e9sum\u00e9<\/h2>\n<p>Chez WiFi.se, nous sommes fiers d&#8217;\u00eatre un acteur majeur du secteur des t\u00e9l\u00e9communications et nous attachons une grande importance \u00e0 la fourniture de produits innovants et de haute qualit\u00e9 r\u00e9pondant aux besoins des voyageurs d&#8217;aujourd&#8217;hui. Qu&#8217;il s&#8217;agisse de nos routeurs sur mesure, de nos antennes, de nos c\u00e2bles haut de gamme ou de nos adaptateurs uniques pour Chromecast et Apple TV, nous nous effor\u00e7ons constamment de proposer des solutions qui simplifient la vie de nos clients et les rendent plus connect\u00e9s.<\/p>\n<p>Nous nous engageons \u00e9galement \u00e0 offrir des services mobiles haut de gamme gr\u00e2ce \u00e0 nos cartes SIM et solutions eSIM sp\u00e9cialis\u00e9es, con\u00e7ues pour offrir une flexibilit\u00e9 et une commodit\u00e9 maximales, o\u00f9 que vous soyez dans le monde.<\/p>\n<p>Pour en savoir plus sur nos produits ou services, ou pour devenir revendeur et partenaire, n&#8217;h\u00e9sitez pas \u00e0 nous contacter. Si vous \u00eates int\u00e9ress\u00e9 par nos activit\u00e9s internationales, o\u00f9 nous collaborons avec plus de 35 op\u00e9rateurs dans le monde, vous pouvez \u00e9galement nous contacter par e-mail \u00e0 l&#8217;adresse info@wifi.se. Dites-nous qui vous \u00eates et ce dont vous avez besoin, et nous veillerons \u00e0 ce que vous soyez mis en relation avec le service et la personne appropri\u00e9s.<\/p>\n<p>Chez WiFi.se, nous sommes toujours ouverts \u00e0 de nouveaux partenariats prometteurs et nous avons h\u00e2te de vous lire. Contactez-nous \u00e0 l&#8217;adresse info@wifi.se.<\/p>\n\t\t<\/div>\n\t\t\t\t\t<\/div>\n\n\t\n<\/div>\n<div class=\"row\"  id=\"row-393822208\">\n\n\n\t<div id=\"col-1064640755\" class=\"col small-12 large-12\"  >\n\t\t\t\t<div class=\"col-inner\"  >\n\t\t\t\n\t\t\t\n\n\n\n<!-- TrustBox widget - Slider -->\n<div class=\"trustpilot-widget\" data-locale=\"sv-SE\" data-template-id=\"54ad5defc6454f065c28af8b\" data-businessunit-id=\"5de41f5dea571100015ba917\" data-style-height=\"240px\" data-style-width=\"100%\" data-theme=\"light\" data-stars=\"4,5\" data-review-languages=\"sv\">\n  <a href=\"https:\/\/se.trustpilot.com\/review\/wifi.se\" target=\"_blank\" rel=\"noopener\">Trustpilot<\/a>\n<\/div>\n<!-- End TrustBox widget -->\n\n\n\t\t<\/div>\n\t\t\t\t\t<\/div>\n\n\t\n\n<\/div>\n\t\t<\/div>\n\n\t\t\n<style>\n#section_1909899173 {\n  padding-top: 100px;\n  padding-bottom: 100px;\n}\n<\/style>\n\t<\/section>\n\t\n","protected":false},"excerpt":{"rendered":"","protected":false},"author":1,"featured_media":0,"parent":0,"menu_order":0,"comment_status":"closed","ping_status":"closed","template":"","meta":{"_acf_changed":false,"footnotes":""},"class_list":["post-493","page","type-page","status-publish","hentry"],"acf":[],"yoast_head":"<!-- This site is optimized with the Yoast SEO plugin v27.1.1 - https:\/\/yoast.com\/product\/yoast-seo-wordpress\/ -->\n<title>About us - Wifi.se<\/title>\n<meta name=\"robots\" content=\"index, follow, max-snippet:-1, max-image-preview:large, max-video-preview:-1\" \/>\n<link rel=\"canonical\" href=\"https:\/\/wifi.se\/fr\/about-us\/\" \/>\n<meta property=\"og:locale\" content=\"fr_FR\" \/>\n<meta property=\"og:type\" content=\"article\" \/>\n<meta property=\"og:title\" content=\"About us - Wifi.se\" \/>\n<meta property=\"og:url\" content=\"https:\/\/wifi.se\/fr\/about-us\/\" \/>\n<meta property=\"og:site_name\" content=\"WIFI.SE\/FR\" \/>\n<meta property=\"article:modified_time\" content=\"2025-04-08T21:32:33+00:00\" \/>\n<meta name=\"twitter:card\" content=\"summary_large_image\" \/>\n<meta name=\"twitter:label1\" content=\"Dur\u00e9e de lecture estim\u00e9e\" \/>\n\t<meta name=\"twitter:data1\" content=\"6 minutes\" \/>\n<script type=\"application\/ld+json\" class=\"yoast-schema-graph\">{\"@context\":\"https:\/\/schema.org\",\"@graph\":[{\"@type\":\"WebPage\",\"@id\":\"https:\/\/wifi.se\/fr\/about-us\/\",\"url\":\"https:\/\/wifi.se\/fr\/about-us\/\",\"name\":\"About us - Wifi.se\",\"isPartOf\":{\"@id\":\"https:\/\/wifi.se\/fr\/#website\"},\"datePublished\":\"2019-08-31T08:57:09+00:00\",\"dateModified\":\"2025-04-08T21:32:33+00:00\",\"breadcrumb\":{\"@id\":\"https:\/\/wifi.se\/fr\/about-us\/#breadcrumb\"},\"inLanguage\":\"fr-FR\",\"potentialAction\":[{\"@type\":\"ReadAction\",\"target\":[\"https:\/\/wifi.se\/fr\/about-us\/\"]}]},{\"@type\":\"BreadcrumbList\",\"@id\":\"https:\/\/wifi.se\/fr\/about-us\/#breadcrumb\",\"itemListElement\":[{\"@type\":\"ListItem\",\"position\":1,\"name\":\"Hem\",\"item\":\"https:\/\/wifi.se\/fr\/\"},{\"@type\":\"ListItem\",\"position\":2,\"name\":\"\u00c0 propos de wifi.se\"}]},{\"@type\":\"WebSite\",\"@id\":\"https:\/\/wifi.se\/fr\/#website\",\"url\":\"https:\/\/wifi.se\/fr\/\",\"name\":\"WIFI.SE\/FR\",\"description\":\"INTERNET PARTOUT\",\"potentialAction\":[{\"@type\":\"SearchAction\",\"target\":{\"@type\":\"EntryPoint\",\"urlTemplate\":\"https:\/\/wifi.se\/fr\/?s={search_term_string}\"},\"query-input\":{\"@type\":\"PropertyValueSpecification\",\"valueRequired\":true,\"valueName\":\"search_term_string\"}}],\"inLanguage\":\"fr-FR\"}]}<\/script>\n<!-- \/ Yoast SEO plugin. -->","yoast_head_json":{"title":"About us - Wifi.se","robots":{"index":"index","follow":"follow","max-snippet":"max-snippet:-1","max-image-preview":"max-image-preview:large","max-video-preview":"max-video-preview:-1"},"canonical":"https:\/\/wifi.se\/fr\/about-us\/","og_locale":"fr_FR","og_type":"article","og_title":"About us - Wifi.se","og_url":"https:\/\/wifi.se\/fr\/about-us\/","og_site_name":"WIFI.SE\/FR","article_modified_time":"2025-04-08T21:32:33+00:00","twitter_card":"summary_large_image","twitter_misc":{"Dur\u00e9e de lecture estim\u00e9e":"6 minutes"},"schema":{"@context":"https:\/\/schema.org","@graph":[{"@type":"WebPage","@id":"https:\/\/wifi.se\/fr\/about-us\/","url":"https:\/\/wifi.se\/fr\/about-us\/","name":"About us - Wifi.se","isPartOf":{"@id":"https:\/\/wifi.se\/fr\/#website"},"datePublished":"2019-08-31T08:57:09+00:00","dateModified":"2025-04-08T21:32:33+00:00","breadcrumb":{"@id":"https:\/\/wifi.se\/fr\/about-us\/#breadcrumb"},"inLanguage":"fr-FR","potentialAction":[{"@type":"ReadAction","target":["https:\/\/wifi.se\/fr\/about-us\/"]}]},{"@type":"BreadcrumbList","@id":"https:\/\/wifi.se\/fr\/about-us\/#breadcrumb","itemListElement":[{"@type":"ListItem","position":1,"name":"Hem","item":"https:\/\/wifi.se\/fr\/"},{"@type":"ListItem","position":2,"name":"\u00c0 propos de wifi.se"}]},{"@type":"WebSite","@id":"https:\/\/wifi.se\/fr\/#website","url":"https:\/\/wifi.se\/fr\/","name":"WIFI.SE\/FR","description":"INTERNET PARTOUT","potentialAction":[{"@type":"SearchAction","target":{"@type":"EntryPoint","urlTemplate":"https:\/\/wifi.se\/fr\/?s={search_term_string}"},"query-input":{"@type":"PropertyValueSpecification","valueRequired":true,"valueName":"search_term_string"}}],"inLanguage":"fr-FR"}]}},"_links":{"self":[{"href":"https:\/\/wifi.se\/fr\/wp-json\/wp\/v2\/pages\/493","targetHints":{"allow":["GET"]}}],"collection":[{"href":"https:\/\/wifi.se\/fr\/wp-json\/wp\/v2\/pages"}],"about":[{"href":"https:\/\/wifi.se\/fr\/wp-json\/wp\/v2\/types\/page"}],"author":[{"embeddable":true,"href":"https:\/\/wifi.se\/fr\/wp-json\/wp\/v2\/users\/1"}],"replies":[{"embeddable":true,"href":"https:\/\/wifi.se\/fr\/wp-json\/wp\/v2\/comments?post=493"}],"version-history":[{"count":17,"href":"https:\/\/wifi.se\/fr\/wp-json\/wp\/v2\/pages\/493\/revisions"}],"predecessor-version":[{"id":32264,"href":"https:\/\/wifi.se\/fr\/wp-json\/wp\/v2\/pages\/493\/revisions\/32264"}],"wp:attachment":[{"href":"https:\/\/wifi.se\/fr\/wp-json\/wp\/v2\/media?parent=493"}],"curies":[{"name":"wp","href":"https:\/\/api.w.org\/{rel}","templated":true}]}}