{"id":486,"date":"2019-08-30T18:38:34","date_gmt":"2019-08-30T18:38:34","guid":{"rendered":"https:\/\/wifi.se\/?page_id=486"},"modified":"2025-04-08T23:23:01","modified_gmt":"2025-04-08T21:23:01","slug":"cookiepolicy","status":"publish","type":"page","link":"https:\/\/wifi.se\/fr\/cookiepolicy\/","title":{"rendered":"POLITIQUE DE COOKIES"},"content":{"rendered":"<div id=\"pageSection_0\" class=\"tsWrap--Background--RightTop--NoRepeat--Contain none tsPageSection-Wrapper tsPageSection-Wrapper--NoSpecialCase tsPaddingLeft--None tsPaddingRight--None\" data-background-optimizer=\"\" data-image-small=\"\" data-image-large=\"\/dam\/jcr:6130819e-56a4-4e97-abcf-2958e874cb31\/Informa_PebbleHero_1680x550.png\" data-page-section=\"\" data-youtube-start-time=\"0\">\n<div class=\"tsWrapInner tsPaddingLeft--None tsPaddingRight--None tsWrap--Background--CenterBottom--NoRepeat--Contain tsPaddingBottom--None background-color_transparent\">\n<div class=\"tsWrapInner tsPageSection-Body\">\n<div class=\"disc-textarea disc-textarea_columnify\">\n<div class=\"disc-textarea__column disc-textarea__column_width-66\">\n<h1>Politique relative aux cookies<\/h1>\n<p><strong>Sur nos sites web, nous utilisons des cookies et d&#8217;autres technologies similaires. Ces cookies collectent des informations sur votre utilisation de nos sites web et stockent ces donn\u00e9es sur votre appareil. Nous les utilisons pour garantir le bon fonctionnement et la convivialit\u00e9 de nos sites web, pour am\u00e9liorer votre exp\u00e9rience utilisateur et pour vous proposer des offres pertinentes.<\/strong><\/p>\n<div><strong>Votre consentement est requis.<\/strong><\/div>\n<div>\u00a0<\/div>\n<div>Vous pouvez d\u00e9cider d&#8217;accepter ou non les cookies sur votre appareil. Votre consentement est requis pour l&#8217;utilisation de tous les cookies, \u00e0 l&#8217;exception de ceux n\u00e9cessaires \u00e0 l&#8217;activation du service que vous avez sp\u00e9cifiquement demand\u00e9 en tant qu&#8217;utilisateur.<\/div>\n<div>\u00a0<\/div>\n<div>Vous donnez votre consentement en continuant \u00e0 utiliser nos sites web. Si vous n&#8217;acceptez pas notre utilisation des cookies, ou si vous avez pr\u00e9c\u00e9demment accept\u00e9 et chang\u00e9 d&#8217;avis, vous pouvez modifier vos param\u00e8tres de cookies \u00e0 tout moment. Nous vous recommandons de lire notre politique relative aux cookies avant de faire votre choix. Vous y trouverez \u00e9galement des informations sur la mani\u00e8re de modifier facilement vos param\u00e8tres.<\/div>\n<div>\u00a0<\/div>\n<div><strong>Que sont les cookies ?<\/strong><\/div>\n<div>\u00a0<\/div>\n<div>Un cookie est un petit fichier texte enregistr\u00e9 dans votre navigateur lorsque vous vous connectez \u00e0 un site web. Certains types de cookies sont n\u00e9cessaires au bon fonctionnement et \u00e0 la convivialit\u00e9 de nos sites web. D&#8217;autres types de cookies sont utilis\u00e9s pour collecter des informations sur vos activit\u00e9s lorsque vous visitez nos sites web.<\/div>\n<\/div>\n<\/div>\n<\/div>\n<\/div>\n<\/div>\n<div id=\"pageSection_019\" class=\"tsWrap--Background--CenterBottom--NoRepeat--Contain none tsPageSection-Wrapper tsPageSection-Wrapper--NoSpecialCase tsPaddingLeft--None tsPaddingRight--None background-color_transparent\" data-page-section=\"\" data-youtube-start-time=\"0\">\n<div class=\"tsWrapInner tsPaddingLeft--None tsPaddingRight--None tsWrap--Background--CenterBottom--NoRepeat--Contain tsPaddingBottom--None background-color_transparent\">\n<div class=\"tsWrapInner tsPageSection-Body\">\n<div class=\"disc-textarea disc-textarea_columnify\">\n<div class=\"disc-textarea__column disc-textarea__column_width-66\">\n<div><strong><\/p>\n<p>Utilisation des cookies<\/strong><\/div>\n<div>\u00a0<\/div>\n<div>Nous souhaitons que nos sites web se souviennent de vous et vous reconnaissent afin d&#8217;optimiser votre exp\u00e9rience utilisateur. Cela nous permet de r\u00e9cup\u00e9rer automatiquement vos pr\u00e9f\u00e9rences enregistr\u00e9es et vos param\u00e8tres de saisie (tels que la langue), vous faisant gagner du temps et facilitant votre navigation. Nous souhaitons \u00e9galement savoir quelles pages vous consultez sur nos sites web afin d&#8217;en savoir plus sur vous et de vous proposer un contenu personnalis\u00e9 en fonction de vos centres d&#8217;int\u00e9r\u00eat et de vos besoins.<\/div>\n<div>\u00a0<\/div>\n<div>En r\u00e9sum\u00e9, nous souhaitons rendre nos sites web et nos services en ligne plus conviviaux, comprendre comment nos sites web sont utilis\u00e9s et am\u00e9liorer nos services.<\/div>\n<div>\u00a0<\/div>\n<div><strong>Les sites web se souviendront de vous et vous reconna\u00eetront :<\/strong><\/div>\n<div>\u00a0<\/div>\n<div>Temporairement, jusqu&#8217;\u00e0 ce que vous fermiez votre navigateur (cela utilise des cookies de session).<\/div>\n<div>Permanentement, jusqu&#8217;\u00e0 ce que vous modifiiez les param\u00e8tres de votre navigateur, supprimiez les cookies ou ajustiez vos param\u00e8tres de cookies (cela utilise des cookies permanents).<\/div>\n<div>\u00a0<\/div>\n<div>Lorsque nous faisons r\u00e9f\u00e9rence aux cookies dans la pr\u00e9sente politique, nous incluons \u00e9galement d&#8217;autres technologies similaires qui collectent et stockent des informations dans votre navigateur de mani\u00e8re similaire aux cookies.<\/div>\n<\/div>\n<\/div>\n<\/div>\n<\/div>\n<\/div>\n","protected":false},"excerpt":{"rendered":"<p>Politique relative aux cookies Sur nos sites web, nous utilisons des cookies et d&#8217;autres technologies similaires. Ces cookies collectent des informations sur votre utilisation de nos sites web et stockent ces donn\u00e9es sur votre appareil. Nous les utilisons pour garantir le bon fonctionnement et la convivialit\u00e9 de nos sites web, pour am\u00e9liorer votre exp\u00e9rience utilisateur [&#8230;]\n","protected":false},"author":1,"featured_media":0,"parent":0,"menu_order":0,"comment_status":"closed","ping_status":"closed","template":"","meta":{"_acf_changed":false,"footnotes":""},"class_list":["post-486","page","type-page","status-publish","hentry"],"acf":[],"yoast_head":"<!-- This site is optimized with the Yoast SEO plugin v27.1.1 - https:\/\/yoast.com\/product\/yoast-seo-wordpress\/ -->\n<title>COOKIE POLICY - WIfi.se<\/title>\n<meta name=\"robots\" content=\"index, follow, max-snippet:-1, max-image-preview:large, max-video-preview:-1\" \/>\n<link rel=\"canonical\" href=\"https:\/\/wifi.se\/fr\/cookiepolicy\/\" \/>\n<meta property=\"og:locale\" content=\"fr_FR\" \/>\n<meta property=\"og:type\" content=\"article\" \/>\n<meta property=\"og:title\" content=\"COOKIE POLICY - WIfi.se\" \/>\n<meta property=\"og:description\" content=\"Politique relative aux cookies Sur nos sites web, nous utilisons des cookies et d&#8217;autres technologies similaires. Ces cookies collectent des informations sur votre utilisation de nos sites web et stockent ces donn\u00e9es sur votre appareil. Nous les utilisons pour garantir le bon fonctionnement et la convivialit\u00e9 de nos sites web, pour am\u00e9liorer votre exp\u00e9rience utilisateur [...]\" \/>\n<meta property=\"og:url\" content=\"https:\/\/wifi.se\/fr\/cookiepolicy\/\" \/>\n<meta property=\"og:site_name\" content=\"WIFI.SE\/FR\" \/>\n<meta property=\"article:modified_time\" content=\"2025-04-08T21:23:01+00:00\" \/>\n<meta name=\"twitter:card\" content=\"summary_large_image\" \/>\n<meta name=\"twitter:label1\" content=\"Dur\u00e9e de lecture estim\u00e9e\" \/>\n\t<meta name=\"twitter:data1\" content=\"6 minutes\" \/>\n<script type=\"application\/ld+json\" class=\"yoast-schema-graph\">{\"@context\":\"https:\/\/schema.org\",\"@graph\":[{\"@type\":\"WebPage\",\"@id\":\"https:\/\/wifi.se\/fr\/cookiepolicy\/\",\"url\":\"https:\/\/wifi.se\/fr\/cookiepolicy\/\",\"name\":\"COOKIE POLICY - WIfi.se\",\"isPartOf\":{\"@id\":\"https:\/\/wifi.se\/fr\/#website\"},\"datePublished\":\"2019-08-30T18:38:34+00:00\",\"dateModified\":\"2025-04-08T21:23:01+00:00\",\"breadcrumb\":{\"@id\":\"https:\/\/wifi.se\/fr\/cookiepolicy\/#breadcrumb\"},\"inLanguage\":\"fr-FR\",\"potentialAction\":[{\"@type\":\"ReadAction\",\"target\":[\"https:\/\/wifi.se\/fr\/cookiepolicy\/\"]}]},{\"@type\":\"BreadcrumbList\",\"@id\":\"https:\/\/wifi.se\/fr\/cookiepolicy\/#breadcrumb\",\"itemListElement\":[{\"@type\":\"ListItem\",\"position\":1,\"name\":\"Hem\",\"item\":\"https:\/\/wifi.se\/fr\/\"},{\"@type\":\"ListItem\",\"position\":2,\"name\":\"POLITIQUE DE COOKIES\"}]},{\"@type\":\"WebSite\",\"@id\":\"https:\/\/wifi.se\/fr\/#website\",\"url\":\"https:\/\/wifi.se\/fr\/\",\"name\":\"WIFI.SE\/FR\",\"description\":\"INTERNET PARTOUT\",\"potentialAction\":[{\"@type\":\"SearchAction\",\"target\":{\"@type\":\"EntryPoint\",\"urlTemplate\":\"https:\/\/wifi.se\/fr\/?s={search_term_string}\"},\"query-input\":{\"@type\":\"PropertyValueSpecification\",\"valueRequired\":true,\"valueName\":\"search_term_string\"}}],\"inLanguage\":\"fr-FR\"}]}<\/script>\n<!-- \/ Yoast SEO plugin. -->","yoast_head_json":{"title":"COOKIE POLICY - WIfi.se","robots":{"index":"index","follow":"follow","max-snippet":"max-snippet:-1","max-image-preview":"max-image-preview:large","max-video-preview":"max-video-preview:-1"},"canonical":"https:\/\/wifi.se\/fr\/cookiepolicy\/","og_locale":"fr_FR","og_type":"article","og_title":"COOKIE POLICY - WIfi.se","og_description":"Politique relative aux cookies Sur nos sites web, nous utilisons des cookies et d&#8217;autres technologies similaires. Ces cookies collectent des informations sur votre utilisation de nos sites web et stockent ces donn\u00e9es sur votre appareil. Nous les utilisons pour garantir le bon fonctionnement et la convivialit\u00e9 de nos sites web, pour am\u00e9liorer votre exp\u00e9rience utilisateur [...]","og_url":"https:\/\/wifi.se\/fr\/cookiepolicy\/","og_site_name":"WIFI.SE\/FR","article_modified_time":"2025-04-08T21:23:01+00:00","twitter_card":"summary_large_image","twitter_misc":{"Dur\u00e9e de lecture estim\u00e9e":"6 minutes"},"schema":{"@context":"https:\/\/schema.org","@graph":[{"@type":"WebPage","@id":"https:\/\/wifi.se\/fr\/cookiepolicy\/","url":"https:\/\/wifi.se\/fr\/cookiepolicy\/","name":"COOKIE POLICY - WIfi.se","isPartOf":{"@id":"https:\/\/wifi.se\/fr\/#website"},"datePublished":"2019-08-30T18:38:34+00:00","dateModified":"2025-04-08T21:23:01+00:00","breadcrumb":{"@id":"https:\/\/wifi.se\/fr\/cookiepolicy\/#breadcrumb"},"inLanguage":"fr-FR","potentialAction":[{"@type":"ReadAction","target":["https:\/\/wifi.se\/fr\/cookiepolicy\/"]}]},{"@type":"BreadcrumbList","@id":"https:\/\/wifi.se\/fr\/cookiepolicy\/#breadcrumb","itemListElement":[{"@type":"ListItem","position":1,"name":"Hem","item":"https:\/\/wifi.se\/fr\/"},{"@type":"ListItem","position":2,"name":"POLITIQUE DE COOKIES"}]},{"@type":"WebSite","@id":"https:\/\/wifi.se\/fr\/#website","url":"https:\/\/wifi.se\/fr\/","name":"WIFI.SE\/FR","description":"INTERNET PARTOUT","potentialAction":[{"@type":"SearchAction","target":{"@type":"EntryPoint","urlTemplate":"https:\/\/wifi.se\/fr\/?s={search_term_string}"},"query-input":{"@type":"PropertyValueSpecification","valueRequired":true,"valueName":"search_term_string"}}],"inLanguage":"fr-FR"}]}},"_links":{"self":[{"href":"https:\/\/wifi.se\/fr\/wp-json\/wp\/v2\/pages\/486","targetHints":{"allow":["GET"]}}],"collection":[{"href":"https:\/\/wifi.se\/fr\/wp-json\/wp\/v2\/pages"}],"about":[{"href":"https:\/\/wifi.se\/fr\/wp-json\/wp\/v2\/types\/page"}],"author":[{"embeddable":true,"href":"https:\/\/wifi.se\/fr\/wp-json\/wp\/v2\/users\/1"}],"replies":[{"embeddable":true,"href":"https:\/\/wifi.se\/fr\/wp-json\/wp\/v2\/comments?post=486"}],"version-history":[{"count":6,"href":"https:\/\/wifi.se\/fr\/wp-json\/wp\/v2\/pages\/486\/revisions"}],"predecessor-version":[{"id":32248,"href":"https:\/\/wifi.se\/fr\/wp-json\/wp\/v2\/pages\/486\/revisions\/32248"}],"wp:attachment":[{"href":"https:\/\/wifi.se\/fr\/wp-json\/wp\/v2\/media?parent=486"}],"curies":[{"name":"wp","href":"https:\/\/api.w.org\/{rel}","templated":true}]}}