{"id":4347,"date":"2019-12-05T14:51:13","date_gmt":"2019-12-05T14:51:13","guid":{"rendered":"https:\/\/wifi.se\/?page_id=4347"},"modified":"2025-04-09T10:30:42","modified_gmt":"2025-04-09T08:30:42","slug":"press-kit","status":"publish","type":"page","link":"https:\/\/wifi.se\/fr\/press-kit\/","title":{"rendered":"DOSSIER DE PRESSE"},"content":{"rendered":"\n\t<section class=\"section gradient\" id=\"section_741050266\">\n\t\t<div class=\"section-bg fill\" >\n\t\t\t\t\t\t\t\t\t\n\t\t\t\n\n\t\t<\/div>\n\n\t\t\n\n\t\t<div class=\"section-content relative\">\n\t\t\t\n<div class=\"row align-center\"  id=\"row-802999420\">\n\n\t<div id=\"col-1302178354\" class=\"col small-12 large-12\"  >\n\t\t\t\t<div class=\"col-inner\"  >\n\t\t\t\n\t\t\t\n\t<div id=\"text-780559253\" class=\"text\">\n\t\t\n<h1>Logos<\/h1>\n<p>Vous trouverez ici nos logos dans diff\u00e9rents formats. N&#8217;h\u00e9sitez pas \u00e0 nous contacter pour toute autre demande.<\/p>\n\t\t\n<style>\n#text-780559253 {\n  text-align: center;\n  color: rgb(255,255,255);\n}\n#text-780559253 > * {\n  color: rgb(255,255,255);\n}\n<\/style>\n\t<\/div>\n\t\n<div class=\"row align-center\"  id=\"row-1556953299\">\n\n\t<div id=\"col-450956046\" class=\"col medium-3 small-12 large-3\"  >\n\t\t\t\t<div class=\"col-inner text-center\"  >\n\t\t\t\n\t\t\t\n<a href=\"https:\/\/wifi.se\/wp-content\/uploads\/2019\/12\/wifi.se_LOGO.pdf\" class=\"button white\" >\n\t\t<span>T\u00e9l\u00e9charger le logo wifi.se (pdf)<\/span>\n\t<\/a>\n\n\t\t<\/div>\n\t\t\t\t\t<\/div>\n\n\t\n<\/div>\n\t\t<\/div>\n\t\t\t\t\t<\/div>\n\n\t\n<\/div>\n\t\t<\/div>\n\n\t\t\n<style>\n#section_741050266 {\n  padding-top: 30px;\n  padding-bottom: 30px;\n}\n<\/style>\n\t<\/section>\n\t\n","protected":false},"excerpt":{"rendered":"","protected":false},"author":1,"featured_media":0,"parent":0,"menu_order":0,"comment_status":"closed","ping_status":"closed","template":"page-blank.php","meta":{"_acf_changed":false,"footnotes":""},"class_list":["post-4347","page","type-page","status-publish","hentry"],"acf":[],"yoast_head":"<!-- This site is optimized with the Yoast SEO plugin v27.1.1 - https:\/\/yoast.com\/product\/yoast-seo-wordpress\/ -->\n<title>PRESS KIT - Wifi.se<\/title>\n<meta name=\"description\" content=\"Wifi.se offers a unique broadband solution for boats, cars, motorhomes, caravans, and holiday homes. Just as easy as at home, but you only pay for the data you use.\" \/>\n<meta name=\"robots\" content=\"index, follow, max-snippet:-1, max-image-preview:large, max-video-preview:-1\" \/>\n<link rel=\"canonical\" href=\"https:\/\/wifi.se\/fr\/press-kit\/\" \/>\n<meta property=\"og:locale\" content=\"fr_FR\" \/>\n<meta property=\"og:type\" content=\"article\" \/>\n<meta property=\"og:title\" content=\"PRESS KIT - Wifi.se\" \/>\n<meta property=\"og:description\" content=\"Wifi.se offers a unique broadband solution for boats, cars, motorhomes, caravans, and holiday homes. Just as easy as at home, but you only pay for the data you use.\" \/>\n<meta property=\"og:url\" content=\"https:\/\/wifi.se\/fr\/press-kit\/\" \/>\n<meta property=\"og:site_name\" content=\"WIFI.SE\/FR\" \/>\n<meta property=\"article:modified_time\" content=\"2025-04-09T08:30:42+00:00\" \/>\n<meta name=\"twitter:card\" content=\"summary_large_image\" \/>\n<meta name=\"twitter:label1\" content=\"Dur\u00e9e de lecture estim\u00e9e\" \/>\n\t<meta name=\"twitter:data1\" content=\"1 minute\" \/>\n<script type=\"application\/ld+json\" class=\"yoast-schema-graph\">{\"@context\":\"https:\/\/schema.org\",\"@graph\":[{\"@type\":\"WebPage\",\"@id\":\"https:\/\/wifi.se\/fr\/press-kit\/\",\"url\":\"https:\/\/wifi.se\/fr\/press-kit\/\",\"name\":\"PRESS KIT - Wifi.se\",\"isPartOf\":{\"@id\":\"https:\/\/wifi.se\/fr\/#website\"},\"datePublished\":\"2019-12-05T14:51:13+00:00\",\"dateModified\":\"2025-04-09T08:30:42+00:00\",\"description\":\"Wifi.se offers a unique broadband solution for boats, cars, motorhomes, caravans, and holiday homes. Just as easy as at home, but you only pay for the data you use.\",\"breadcrumb\":{\"@id\":\"https:\/\/wifi.se\/fr\/press-kit\/#breadcrumb\"},\"inLanguage\":\"fr-FR\",\"potentialAction\":[{\"@type\":\"ReadAction\",\"target\":[\"https:\/\/wifi.se\/fr\/press-kit\/\"]}]},{\"@type\":\"BreadcrumbList\",\"@id\":\"https:\/\/wifi.se\/fr\/press-kit\/#breadcrumb\",\"itemListElement\":[{\"@type\":\"ListItem\",\"position\":1,\"name\":\"Hem\",\"item\":\"https:\/\/wifi.se\/fr\/\"},{\"@type\":\"ListItem\",\"position\":2,\"name\":\"DOSSIER DE PRESSE\"}]},{\"@type\":\"WebSite\",\"@id\":\"https:\/\/wifi.se\/fr\/#website\",\"url\":\"https:\/\/wifi.se\/fr\/\",\"name\":\"WIFI.SE\/FR\",\"description\":\"INTERNET PARTOUT\",\"potentialAction\":[{\"@type\":\"SearchAction\",\"target\":{\"@type\":\"EntryPoint\",\"urlTemplate\":\"https:\/\/wifi.se\/fr\/?s={search_term_string}\"},\"query-input\":{\"@type\":\"PropertyValueSpecification\",\"valueRequired\":true,\"valueName\":\"search_term_string\"}}],\"inLanguage\":\"fr-FR\"}]}<\/script>\n<!-- \/ Yoast SEO plugin. -->","yoast_head_json":{"title":"PRESS KIT - Wifi.se","description":"Wifi.se offers a unique broadband solution for boats, cars, motorhomes, caravans, and holiday homes. Just as easy as at home, but you only pay for the data you use.","robots":{"index":"index","follow":"follow","max-snippet":"max-snippet:-1","max-image-preview":"max-image-preview:large","max-video-preview":"max-video-preview:-1"},"canonical":"https:\/\/wifi.se\/fr\/press-kit\/","og_locale":"fr_FR","og_type":"article","og_title":"PRESS KIT - Wifi.se","og_description":"Wifi.se offers a unique broadband solution for boats, cars, motorhomes, caravans, and holiday homes. Just as easy as at home, but you only pay for the data you use.","og_url":"https:\/\/wifi.se\/fr\/press-kit\/","og_site_name":"WIFI.SE\/FR","article_modified_time":"2025-04-09T08:30:42+00:00","twitter_card":"summary_large_image","twitter_misc":{"Dur\u00e9e de lecture estim\u00e9e":"1 minute"},"schema":{"@context":"https:\/\/schema.org","@graph":[{"@type":"WebPage","@id":"https:\/\/wifi.se\/fr\/press-kit\/","url":"https:\/\/wifi.se\/fr\/press-kit\/","name":"PRESS KIT - Wifi.se","isPartOf":{"@id":"https:\/\/wifi.se\/fr\/#website"},"datePublished":"2019-12-05T14:51:13+00:00","dateModified":"2025-04-09T08:30:42+00:00","description":"Wifi.se offers a unique broadband solution for boats, cars, motorhomes, caravans, and holiday homes. Just as easy as at home, but you only pay for the data you use.","breadcrumb":{"@id":"https:\/\/wifi.se\/fr\/press-kit\/#breadcrumb"},"inLanguage":"fr-FR","potentialAction":[{"@type":"ReadAction","target":["https:\/\/wifi.se\/fr\/press-kit\/"]}]},{"@type":"BreadcrumbList","@id":"https:\/\/wifi.se\/fr\/press-kit\/#breadcrumb","itemListElement":[{"@type":"ListItem","position":1,"name":"Hem","item":"https:\/\/wifi.se\/fr\/"},{"@type":"ListItem","position":2,"name":"DOSSIER DE PRESSE"}]},{"@type":"WebSite","@id":"https:\/\/wifi.se\/fr\/#website","url":"https:\/\/wifi.se\/fr\/","name":"WIFI.SE\/FR","description":"INTERNET PARTOUT","potentialAction":[{"@type":"SearchAction","target":{"@type":"EntryPoint","urlTemplate":"https:\/\/wifi.se\/fr\/?s={search_term_string}"},"query-input":{"@type":"PropertyValueSpecification","valueRequired":true,"valueName":"search_term_string"}}],"inLanguage":"fr-FR"}]}},"_links":{"self":[{"href":"https:\/\/wifi.se\/fr\/wp-json\/wp\/v2\/pages\/4347","targetHints":{"allow":["GET"]}}],"collection":[{"href":"https:\/\/wifi.se\/fr\/wp-json\/wp\/v2\/pages"}],"about":[{"href":"https:\/\/wifi.se\/fr\/wp-json\/wp\/v2\/types\/page"}],"author":[{"embeddable":true,"href":"https:\/\/wifi.se\/fr\/wp-json\/wp\/v2\/users\/1"}],"replies":[{"embeddable":true,"href":"https:\/\/wifi.se\/fr\/wp-json\/wp\/v2\/comments?post=4347"}],"version-history":[{"count":5,"href":"https:\/\/wifi.se\/fr\/wp-json\/wp\/v2\/pages\/4347\/revisions"}],"predecessor-version":[{"id":32402,"href":"https:\/\/wifi.se\/fr\/wp-json\/wp\/v2\/pages\/4347\/revisions\/32402"}],"wp:attachment":[{"href":"https:\/\/wifi.se\/fr\/wp-json\/wp\/v2\/media?parent=4347"}],"curies":[{"name":"wp","href":"https:\/\/api.w.org\/{rel}","templated":true}]}}