{"id":30007,"date":"2024-09-24T12:02:45","date_gmt":"2024-09-24T10:02:45","guid":{"rendered":"https:\/\/wifi.se\/?page_id=30007"},"modified":"2024-12-13T09:58:27","modified_gmt":"2024-12-13T07:58:27","slug":"portable-5g-router","status":"publish","type":"page","link":"https:\/\/wifi.se\/fr\/portable-5g-router\/","title":{"rendered":"Portable 5G Router"},"content":{"rendered":"\r\n\n  <div class=\"banner has-hover\" id=\"banner-1969309549\">\n          <div class=\"banner-inner fill\">\n        <div class=\"banner-bg fill\" >\n            <img loading=\"lazy\" decoding=\"async\" width=\"1920\" height=\"705\" src=\"https:\/\/wifi.se\/fr\/wp-content\/uploads\/sites\/8\/2024\/08\/bg_hybrid3.jpg\" class=\"bg attachment-original size-original\" alt=\"Ny 5G-router med egentillverkad takantenn \u2013 F\u00f6r dig som vill ha det snabbaste och stabilaste systemet som g\u00e5r att k\u00f6pa. Caravan Router har tagit fram en ny 5G-router med tillh\u00f6rande takantenn. Antennen \u00e4r IP68-certifierad vilket inneb\u00e4r att den \u00e4r av h\u00f6gsta kvalitet och \u00e4r speciellt anpassad f\u00f6r denna router. 5G-antennen har totalt sex kablar, fyra 5G-kablar och tv\u00e5 WiFi-kablar. M\u00e4tresultaten f\u00f6r routern med denna antenn \u00e4r otroliga, det \u00e4r inte ovanligt att man f\u00e5r nedladdningar p\u00e5 \u00f6ver 400 Mbit\/sek via Wifi.\" \/>                        <div class=\"overlay\"><\/div>            \n                    <\/div>\n\t\t\n        <div class=\"banner-layers container\">\n            <div class=\"fill banner-link\"><\/div>            \r\n\r\n   <div id=\"text-box-917655831\" class=\"text-box banner-layer x50 md-x50 lg-x50 y30 md-y30 lg-y35 res-text\">\n                                <div class=\"text-box-content text dark\">\n              \n              <div class=\"text-inner text-center\">\n                  \r\n\r\n<h1>5G Hybrid Traveller Router.<\/h1>\r\n\r\n<div class=\"row\"  id=\"row-556840841\">\r\n\r\n\n\t<div id=\"col-1595566938\" class=\"col medium-3 small-12 large-3\"  >\n\t\t\t\t<div class=\"col-inner\"  >\n\t\t\t\n\t\t\t\r\n\r\n\t<div class=\"img has-hover x md-x lg-x y md-y lg-y\" id=\"image_140730883\">\n\t\t\t\t\t\t\t\t<div class=\"img-inner dark\" >\n\t\t\t\t\t\t\t\t\t\n\t\t\t\t\t<\/div>\n\t\t\t\t\t\t\t\t\n<style>\n#image_140730883 {\n  width: 100%;\n}\n<\/style>\n\t<\/div>\n\t\r\n\r\n\r\n\t\t<\/div>\n\t\t\t\t\t<\/div>\n\n\t\r\n\r\n<\/div>\r\n\r\n              <\/div>\n           <\/div>\n                            \n<style>\n#text-box-917655831 {\n  width: 85%;\n}\n#text-box-917655831 .text-box-content {\n  font-size: 100%;\n}\n@media (min-width:550px) {\n  #text-box-917655831 {\n    width: 51%;\n  }\n}\n@media (min-width:850px) {\n  #text-box-917655831 {\n    width: 49%;\n  }\n}\n<\/style>\n    <\/div>\n \r\n\r\n        <\/div>\n      <\/div>\n\n            \n<style>\n#banner-1969309549 {\n  padding-top: 450px;\n}\n#banner-1969309549 .overlay {\n  background-color: rgba(0, 0, 0, 0.314);\n}\n#banner-1969309549 .banner-bg img {\n  object-position: 0% 91%;\n}\n@media (min-width:550px) {\n  #banner-1969309549 {\n    padding-top: 690px;\n  }\n}\n<\/style>\n  <\/div>\n\n\r\n\r\n\r\n<div class=\"scrolling-text-container\">\r\n    <div class=\"scrolling-text-inner\" style=\"--marquee-speed: 110s; --direction:scroll-left\" role=\"marquee\">\r\n        <div class=\"scrolling-text\">\r\n            <div class=\"scrolling-text-item\">Autumn&#8217;s New Arrival! Ultra-fast 5G Portable Router<\/div>\r\n            <div class=\"scrolling-text-item\">Autumn&#8217;s New Arrival! Ultra-fast 5G Portable Router<\/div>\r\n            <div class=\"scrolling-text-item\">Autumn&#8217;s New Arrival! Ultra-fast 5G Portable Router<\/div>\r\n            <div class=\"scrolling-text-item\">Autumn&#8217;s New Arrival! Ultra-fast 5G Portable Router<\/div>\r\n            <div class=\"scrolling-text-item\">Autumn&#8217;s New Arrival! Ultra-fast 5G Portable Router<\/div>\r\n            <div class=\"scrolling-text-item\">Autumn&#8217;s New Arrival! Ultra-fast 5G Portable Router<\/div>\r\n            <div class=\"scrolling-text-item\">Autumn&#8217;s New Arrival! Ultra-fast 5G Portable Router<\/div>\r\n            <div class=\"scrolling-text-item\">Autumn&#8217;s New Arrival! Ultra-fast 5G Portable Router<\/div>\r\n            <div class=\"scrolling-text-item\">Autumn&#8217;s New Arrival! Ultra-fast 5G Portable Router<\/div>\r\n            <div class=\"scrolling-text-item\">Autumn&#8217;s New Arrival! Ultra-fast 5G Portable Router<\/div>\r\n            <div class=\"scrolling-text-item\">Autumn&#8217;s New Arrival! Ultra-fast 5G Portable Router<\/div>\r\n            <div class=\"scrolling-text-item\">Autumn&#8217;s New Arrival! Ultra-fast 5G Portable Router<\/div>\r\n            <div class=\"scrolling-text-item\">Autumn&#8217;s New Arrival! Ultra-fast 5G Portable Router<\/div>\r\n            <div class=\"scrolling-text-item\">Autumn&#8217;s New Arrival! Ultra-fast 5G Portable Router<\/div>\r\n            <div class=\"scrolling-text-item\">Autumn&#8217;s New Arrival! Ultra-fast 5G Portable Router<\/div>\r\n            <div class=\"scrolling-text-item\">Autumn&#8217;s New Arrival! Ultra-fast 5G Portable Router<\/div>\r\n            <div class=\"scrolling-text-item\">Autumn&#8217;s New Arrival! Ultra-fast 5G Portable Router<\/div>\r\n            <div class=\"scrolling-text-item\">Autumn&#8217;s New Arrival! Ultra-fast 5G Portable Router<\/div>\r\n            <div class=\"scrolling-text-item\">Autumn&#8217;s New Arrival! Ultra-fast 5G Portable Router<\/div>\r\n            <div class=\"scrolling-text-item\">Autumn&#8217;s New Arrival! Ultra-fast 5G Portable Router<\/div>\r\n            <!-- Add More Items Here -->\r\n        <\/div>\r\n    <\/div>\r\n<\/div>\r\n\r\n\n\t<section class=\"section\" id=\"section_1921744480\">\n\t\t<div class=\"section-bg fill\" >\n\t\t\t\t\t\t\t\t\t\n\t\t\t\n\n\t\t<\/div>\n\n\t\t\n\n\t\t<div class=\"section-content relative\">\n\t\t\t\r\n\r\n<div class=\"row\"  id=\"row-1208310810\">\r\n\r\n\n\t<div id=\"col-376871965\" class=\"col small-12 large-12\"  >\n\t\t\t\t<div class=\"col-inner\"  >\n\t\t\t\n\t\t\t\r\n\r\n\t<div id=\"text-3053611042\" class=\"text\">\n\t\t\r\n\r\n<h2>5G Hybrid Traveller<br \/>\r\n<\/h2>\r\n<p>5G Hybrid Traveller. The router for motorhomes, caravans, or boats for those who want the best. Includes 100GB SIM card for Sweden.<\/p>\r\n\r\n\t\t\n<style>\n#text-3053611042 {\n  text-align: center;\n}\n<\/style>\n\t<\/div>\n\t\r\n<div class=\"row\"  id=\"row-1133803998\">\r\n\r\n\n\t<div id=\"col-1813403399\" class=\"col medium-3 small-6 large-3\"  >\n\t\t\t\t<div class=\"col-inner\"  >\n\t\t\t\n\t\t\t\r\n\r\n\n\t\t<div class=\"icon-box featured-box icon-box-left text-left\"  >\n\t\t\t\t\t<div class=\"icon-box-img\" style=\"width: 23px\">\n\t\t\t\t<div class=\"icon\">\n\t\t\t\t\t<div class=\"icon-inner\" >\n\t\t\t\t\t\t<?xml version=\"1.0\" encoding=\"UTF-8\"?> <svg xmlns=\"http:\/\/www.w3.org\/2000\/svg\" viewBox=\"0 0 448 512\"><path fill=\"#286092\" d=\"M443.3 100.7c6.2 6.2 6.2 16.4 0 22.6l-272 272c-6.2 6.2-16.4 6.2-22.6 0l-144-144c-6.2-6.2-6.2-16.4 0-22.6s16.4-6.2 22.6 0L160 361.4 420.7 100.7c6.2-6.2 16.4-6.2 22.6 0z\"><\/path><\/svg> \t\t\t\t\t<\/div>\n\t\t\t\t<\/div>\n\t\t\t<\/div>\n\t\t\t\t<div class=\"icon-box-text last-reset\">\n\t\t\t\t\t\t\t\t\t\r\n\r\n<p><strong>6 hours battery life<\/strong><\/p>\r\n\r\n\t\t<\/div>\n\t<\/div>\n\t\n\t\r\n\r\n\t\t<\/div>\n\t\t\t\t\t<\/div>\n\n\t\r\n\n\t<div id=\"col-1368317524\" class=\"col medium-3 small-6 large-3\"  >\n\t\t\t\t<div class=\"col-inner\"  >\n\t\t\t\n\t\t\t\r\n\r\n\n\t\t<div class=\"icon-box featured-box icon-box-left text-left\"  >\n\t\t\t\t\t<div class=\"icon-box-img\" style=\"width: 23px\">\n\t\t\t\t<div class=\"icon\">\n\t\t\t\t\t<div class=\"icon-inner\" >\n\t\t\t\t\t\t<?xml version=\"1.0\" encoding=\"UTF-8\"?> <svg xmlns=\"http:\/\/www.w3.org\/2000\/svg\" viewBox=\"0 0 448 512\"><path fill=\"#286092\" d=\"M443.3 100.7c6.2 6.2 6.2 16.4 0 22.6l-272 272c-6.2 6.2-16.4 6.2-22.6 0l-144-144c-6.2-6.2-6.2-16.4 0-22.6s16.4-6.2 22.6 0L160 361.4 420.7 100.7c6.2-6.2 16.4-6.2 22.6 0z\"><\/path><\/svg> \t\t\t\t\t<\/div>\n\t\t\t\t<\/div>\n\t\t\t<\/div>\n\t\t\t\t<div class=\"icon-box-text last-reset\">\n\t\t\t\t\t\t\t\t\t\r\n\r\n<p><strong>Runs on 230v or 12v<\/strong><\/p>\r\n\r\n\t\t<\/div>\n\t<\/div>\n\t\n\t\r\n\r\n\t\t<\/div>\n\t\t\t\t\t<\/div>\n\n\t\r\n\n\t<div id=\"col-842584700\" class=\"col medium-3 small-6 large-3\"  >\n\t\t\t\t<div class=\"col-inner\"  >\n\t\t\t\n\t\t\t\r\n\r\n\n\t\t<div class=\"icon-box featured-box icon-box-left text-left\"  >\n\t\t\t\t\t<div class=\"icon-box-img\" style=\"width: 23px\">\n\t\t\t\t<div class=\"icon\">\n\t\t\t\t\t<div class=\"icon-inner\" >\n\t\t\t\t\t\t<?xml version=\"1.0\" encoding=\"UTF-8\"?> <svg xmlns=\"http:\/\/www.w3.org\/2000\/svg\" viewBox=\"0 0 448 512\"><path fill=\"#286092\" d=\"M443.3 100.7c6.2 6.2 6.2 16.4 0 22.6l-272 272c-6.2 6.2-16.4 6.2-22.6 0l-144-144c-6.2-6.2-6.2-16.4 0-22.6s16.4-6.2 22.6 0L160 361.4 420.7 100.7c6.2-6.2 16.4-6.2 22.6 0z\"><\/path><\/svg> \t\t\t\t\t<\/div>\n\t\t\t\t<\/div>\n\t\t\t<\/div>\n\t\t\t\t<div class=\"icon-box-text last-reset\">\n\t\t\t\t\t\t\t\t\t\r\n\r\n<p><strong>eSIM ready<\/strong><\/p>\r\n\r\n\r\n\t\t<\/div>\n\t<\/div>\n\t\n\t\r\n\r\n\t\t<\/div>\n\t\t\t\t\t<\/div>\n\n\t\r\n\n\t<div id=\"col-693132127\" class=\"col medium-3 small-6 large-3\"  >\n\t\t\t\t<div class=\"col-inner\"  >\n\t\t\t\n\t\t\t\r\n\r\n\n\t\t<div class=\"icon-box featured-box icon-box-left text-left\"  >\n\t\t\t\t\t<div class=\"icon-box-img\" style=\"width: 23px\">\n\t\t\t\t<div class=\"icon\">\n\t\t\t\t\t<div class=\"icon-inner\" >\n\t\t\t\t\t\t<?xml version=\"1.0\" encoding=\"UTF-8\"?> <svg xmlns=\"http:\/\/www.w3.org\/2000\/svg\" viewBox=\"0 0 448 512\"><path fill=\"#286092\" d=\"M443.3 100.7c6.2 6.2 6.2 16.4 0 22.6l-272 272c-6.2 6.2-16.4 6.2-22.6 0l-144-144c-6.2-6.2-6.2-16.4 0-22.6s16.4-6.2 22.6 0L160 361.4 420.7 100.7c6.2-6.2 16.4-6.2 22.6 0z\"><\/path><\/svg> \t\t\t\t\t<\/div>\n\t\t\t\t<\/div>\n\t\t\t<\/div>\n\t\t\t\t<div class=\"icon-box-text last-reset\">\n\t\t\t\t\t\t\t\t\t\r\n\r\n<p><strong>Fast 5G connection<\/strong><\/p>\r\n\r\n\r\n\t\t<\/div>\n\t<\/div>\n\t\n\t\r\n\r\n\t\t<\/div>\n\t\t\t\t\t<\/div>\n\n\t\r\n\r\n<\/div>\r\n<div class=\"row align-middle align-center\"  id=\"row-406499284\">\r\n\r\n\n\t<div id=\"col-1838128421\" class=\"col medium-3 small-12 large-3\"  >\n\t\t\t\t<div class=\"col-inner\"  >\n\t\t\t\n\t\t\t\r\n\r\n\t\n  \n    <div class=\"row large-columns-1 medium-columns-2 small-columns-1 row-large\" >\n  \n\t     <div class=\"product-small col has-hover product type-product post-28920 status-publish first instock product_cat-router product_cat-hybrid-traveller-5g-router product_tag-100-gb product_tag-hybrid-traveller has-post-thumbnail taxable shipping-taxable purchasable product-type-simple\">\n\t<div class=\"col-inner\">\n\t\n<div class=\"badge-container absolute left top z-1\">\n\n<\/div>\n\t<div class=\"product-small box \">\n\t\t<div class=\"box-image\">\n\t\t\t<div class=\"image-fade_in_back\">\n\t\t\t\t<a href=\"https:\/\/wifi.se\/fr\/product\/hybrid-traveller-portable-5g-router\/\">\n\t\t\t\t\t<img loading=\"lazy\" decoding=\"async\" width=\"300\" height=\"300\" src=\"https:\/\/wifi.se\/fr\/wp-content\/uploads\/sites\/8\/2024\/08\/hybrid32-300x300.jpg\" class=\"attachment-woocommerce_thumbnail size-woocommerce_thumbnail\" alt=\"Hybrid Traveller\" srcset=\"https:\/\/wifi.se\/fr\/wp-content\/uploads\/sites\/8\/2024\/08\/hybrid32-300x300.jpg 300w, https:\/\/wifi.se\/fr\/wp-content\/uploads\/sites\/8\/2024\/08\/hybrid32-100x100.jpg 100w, https:\/\/wifi.se\/fr\/wp-content\/uploads\/sites\/8\/2024\/08\/hybrid32-510x510.jpg 510w, https:\/\/wifi.se\/fr\/wp-content\/uploads\/sites\/8\/2024\/08\/hybrid32-64x64.jpg 64w, https:\/\/wifi.se\/fr\/wp-content\/uploads\/sites\/8\/2024\/08\/hybrid32-150x150.jpg 150w, https:\/\/wifi.se\/fr\/wp-content\/uploads\/sites\/8\/2024\/08\/hybrid32-768x768.jpg 768w, https:\/\/wifi.se\/fr\/wp-content\/uploads\/sites\/8\/2024\/08\/hybrid32-66x66.jpg 66w, https:\/\/wifi.se\/fr\/wp-content\/uploads\/sites\/8\/2024\/08\/hybrid32-200x200.jpg 200w, https:\/\/wifi.se\/fr\/wp-content\/uploads\/sites\/8\/2024\/08\/hybrid32-400x400.jpg 400w, https:\/\/wifi.se\/fr\/wp-content\/uploads\/sites\/8\/2024\/08\/hybrid32-600x600.jpg 600w, https:\/\/wifi.se\/fr\/wp-content\/uploads\/sites\/8\/2024\/08\/hybrid32-50x50.jpg 50w, https:\/\/wifi.se\/fr\/wp-content\/uploads\/sites\/8\/2024\/08\/hybrid32.jpg 800w\" sizes=\"auto, (max-width: 300px) 100vw, 300px\" \/><img loading=\"lazy\" decoding=\"async\" width=\"300\" height=\"300\" src=\"https:\/\/wifi.se\/fr\/wp-content\/uploads\/sites\/8\/2024\/10\/Hybrid_4-300x300.jpg\" class=\"show-on-hover absolute fill hide-for-small back-image\" alt=\"Hybrid Traveller\" aria-hidden=\"true\" srcset=\"https:\/\/wifi.se\/fr\/wp-content\/uploads\/sites\/8\/2024\/10\/Hybrid_4-300x300.jpg 300w, https:\/\/wifi.se\/fr\/wp-content\/uploads\/sites\/8\/2024\/10\/Hybrid_4-100x100.jpg 100w, https:\/\/wifi.se\/fr\/wp-content\/uploads\/sites\/8\/2024\/10\/Hybrid_4-510x510.jpg 510w, https:\/\/wifi.se\/fr\/wp-content\/uploads\/sites\/8\/2024\/10\/Hybrid_4-64x64.jpg 64w, https:\/\/wifi.se\/fr\/wp-content\/uploads\/sites\/8\/2024\/10\/Hybrid_4-150x150.jpg 150w, https:\/\/wifi.se\/fr\/wp-content\/uploads\/sites\/8\/2024\/10\/Hybrid_4-768x768.jpg 768w, https:\/\/wifi.se\/fr\/wp-content\/uploads\/sites\/8\/2024\/10\/Hybrid_4-66x66.jpg 66w, https:\/\/wifi.se\/fr\/wp-content\/uploads\/sites\/8\/2024\/10\/Hybrid_4-200x200.jpg 200w, https:\/\/wifi.se\/fr\/wp-content\/uploads\/sites\/8\/2024\/10\/Hybrid_4-400x400.jpg 400w, https:\/\/wifi.se\/fr\/wp-content\/uploads\/sites\/8\/2024\/10\/Hybrid_4-600x600.jpg 600w, https:\/\/wifi.se\/fr\/wp-content\/uploads\/sites\/8\/2024\/10\/Hybrid_4-50x50.jpg 50w, https:\/\/wifi.se\/fr\/wp-content\/uploads\/sites\/8\/2024\/10\/Hybrid_4.jpg 800w\" sizes=\"auto, (max-width: 300px) 100vw, 300px\" \/>\t\t\t\t<\/a>\n\t\t\t<\/div>\n\t\t\t<div class=\"image-tools is-small top right show-on-hover\">\n\t\t\t\t\t\t\t<\/div>\n\t\t\t<div class=\"image-tools is-small hide-for-small bottom left show-on-hover\">\n\t\t\t\t\t\t\t<\/div>\n\t\t\t<div class=\"image-tools grid-tools text-center hide-for-small bottom hover-slide-in show-on-hover\">\n\t\t\t\t\t\t\t<\/div>\n\t\t\t\t\t<\/div>\n\n\t\t<div class=\"box-text box-text-products text-center grid-style-2\">\n\t\t\t<div class=\"title-wrapper\"><p class=\"name product-title woocommerce-loop-product__title\"><a href=\"https:\/\/wifi.se\/fr\/product\/hybrid-traveller-portable-5g-router\/\" class=\"woocommerce-LoopProduct-link woocommerce-loop-product__link\">Hybrid Traveller &#8211; Routeur 5G portable avec batterie de secours pour plus de 6 heures<\/a><\/p><\/div><div class=\"price-wrapper\">\n\t<span class=\"price\"><span class=\"woocommerce-Price-amount amount\"><bdi>495,00&nbsp;<span class=\"woocommerce-Price-currencySymbol\">&euro;<\/span><\/bdi><\/span> <small class=\"woocommerce-price-suffix\">inc. tax<\/small><\/span>\n<\/div><div class=\"add-to-cart-button\"><a href=\"\/fr\/wp-json\/wp\/v2\/pages\/30007?add-to-cart=28920\" aria-describedby=\"woocommerce_loop_add_to_cart_link_describedby_28920\" data-quantity=\"1\" class=\"primary is-small mb-0 button product_type_simple add_to_cart_button ajax_add_to_cart is-outline\" data-product_id=\"28920\" data-product_sku=\"80220\" aria-label=\"Ajouter au panier\u00a0: &ldquo;Hybrid Traveller - Routeur 5G portable avec batterie de secours pour plus de 6 heures&rdquo;\" rel=\"nofollow\" data-success_message=\"\u00ab\u00a0Hybrid Traveller - Routeur 5G portable avec batterie de secours pour plus de 6 heures\u00a0\u00bb a \u00e9t\u00e9 ajout\u00e9 \u00e0 votre panier\">Ajouter au panier<\/a><\/div>\t<span id=\"woocommerce_loop_add_to_cart_link_describedby_28920\" class=\"screen-reader-text\">\n\t\t\t<\/span>\n\t\t<\/div>\n\t<\/div>\n\t\t<\/div>\n<\/div><\/div>\r\n\r\n\r\n\t\t<\/div>\n\t\t\t\t\t<\/div>\n\n\t\r\n\r\n<\/div>\r\n\r\n\t\t<\/div>\n\t\t\t\t\t<\/div>\n\n\t\r\n\r\n<\/div>\r\n\r\n\t\t<\/div>\n\n\t\t\n<style>\n#section_1921744480 {\n  padding-top: 50px;\n  padding-bottom: 50px;\n}\n@media (min-width:550px) {\n  #section_1921744480 {\n    padding-top: 80px;\n    padding-bottom: 80px;\n  }\n}\n<\/style>\n\t<\/section>\n\t\r\n\n\t<section class=\"section\" id=\"section_322718407\">\n\t\t<div class=\"section-bg fill\" >\n\t\t\t\t\t\t\t\t\t\n\t\t\t\n\n\t\t<\/div>\n\n\t\t\n\n\t\t<div class=\"section-content relative\">\n\t\t\t\r\n\r\n<div class=\"row align-middle align-center\"  id=\"row-1401384179\">\r\n\r\n\n\t<div id=\"col-1655507030\" class=\"col small-12 large-12\"  >\n\t\t\t\t<div class=\"col-inner text-center\"  >\n\t\t\t\n\t\t\t\r\n\r\n\t<div id=\"text-2601756682\" class=\"text\">\n\t\t\r\n\r\n<h3>Fast 5G Connection<\/h3>\r\n<p>\r\nExperience the lightning-fast speed of 5G technology with the 5G Hybrid Traveller. This router is designed to deliver superior internet performance, allowing you to stream, work, and stay connected without interruptions. With the power of 5G, you can enjoy seamless browsing, high-definition video conferencing, and rapid downloads, even in remote locations.<\/p>\r\n\r\n\t\t\n<style>\n#text-2601756682 {\n  text-align: center;\n}\n<\/style>\n\t<\/div>\n\t\r\n<a href=\"\/produkt\/hybrid-traveller\/\" class=\"button primary\" >\n\t\t<span>Order Our 5G Router<\/span>\n\t<\/a>\n\r\n\r\n\r\n\t\t<\/div>\n\t\t\t\t\t<\/div>\n\n\t\r\n\n\t<div id=\"col-1298850671\" class=\"col medium-1 small-12 large-1\"  >\n\t\t\t\t<div class=\"col-inner\"  >\n\t\t\t\n\t\t\t\r\n\r\n\t<div class=\"img has-hover x md-x lg-x y md-y lg-y\" id=\"image_977804797\">\n\t\t\t\t\t\t\t\t<div class=\"img-inner dark\" >\n\t\t\t\t\t\t\t\t\t\n\t\t\t\t\t<\/div>\n\t\t\t\t\t\t\t\t\n<style>\n#image_977804797 {\n  width: 100%;\n}\n<\/style>\n\t<\/div>\n\t\r\n\r\n\r\n\t\t<\/div>\n\t\t\t\t\t<\/div>\n\n\t\r\n\r\n<\/div>\r\n\r\n\t\t<\/div>\n\n\t\t\n<style>\n#section_322718407 {\n  padding-top: 30px;\n  padding-bottom: 30px;\n}\n<\/style>\n\t<\/section>\n\t\r\n\r\n\r\n","protected":false},"excerpt":{"rendered":"","protected":false},"author":1,"featured_media":0,"parent":0,"menu_order":0,"comment_status":"closed","ping_status":"closed","template":"page-blank.php","meta":{"_acf_changed":false,"footnotes":""},"class_list":["post-30007","page","type-page","status-publish","hentry"],"acf":[],"yoast_head":"<!-- This site is optimized with the Yoast SEO plugin v27.1.1 - https:\/\/yoast.com\/product\/yoast-seo-wordpress\/ -->\n<title>Portable 5G Router - WIFI.SE\/FR<\/title>\n<meta name=\"robots\" content=\"index, follow, max-snippet:-1, max-image-preview:large, max-video-preview:-1\" \/>\n<link rel=\"canonical\" href=\"https:\/\/wifi.se\/fr\/portable-5g-router\/\" \/>\n<meta property=\"og:locale\" content=\"fr_FR\" \/>\n<meta property=\"og:type\" content=\"article\" \/>\n<meta property=\"og:title\" content=\"Portable 5G Router - WIFI.SE\/FR\" \/>\n<meta property=\"og:url\" content=\"https:\/\/wifi.se\/fr\/portable-5g-router\/\" \/>\n<meta property=\"og:site_name\" content=\"WIFI.SE\/FR\" \/>\n<meta property=\"article:modified_time\" content=\"2024-12-13T07:58:27+00:00\" \/>\n<meta name=\"twitter:card\" content=\"summary_large_image\" \/>\n<meta name=\"twitter:label1\" content=\"Dur\u00e9e de lecture estim\u00e9e\" \/>\n\t<meta name=\"twitter:data1\" content=\"2 minutes\" \/>\n<script type=\"application\/ld+json\" class=\"yoast-schema-graph\">{\"@context\":\"https:\/\/schema.org\",\"@graph\":[{\"@type\":\"WebPage\",\"@id\":\"https:\/\/wifi.se\/fr\/portable-5g-router\/\",\"url\":\"https:\/\/wifi.se\/fr\/portable-5g-router\/\",\"name\":\"Portable 5G Router - WIFI.SE\/FR\",\"isPartOf\":{\"@id\":\"https:\/\/wifi.se\/fr\/#website\"},\"datePublished\":\"2024-09-24T10:02:45+00:00\",\"dateModified\":\"2024-12-13T07:58:27+00:00\",\"breadcrumb\":{\"@id\":\"https:\/\/wifi.se\/fr\/portable-5g-router\/#breadcrumb\"},\"inLanguage\":\"fr-FR\",\"potentialAction\":[{\"@type\":\"ReadAction\",\"target\":[\"https:\/\/wifi.se\/fr\/portable-5g-router\/\"]}]},{\"@type\":\"BreadcrumbList\",\"@id\":\"https:\/\/wifi.se\/fr\/portable-5g-router\/#breadcrumb\",\"itemListElement\":[{\"@type\":\"ListItem\",\"position\":1,\"name\":\"Hem\",\"item\":\"https:\/\/wifi.se\/fr\/\"},{\"@type\":\"ListItem\",\"position\":2,\"name\":\"Portable 5G Router\"}]},{\"@type\":\"WebSite\",\"@id\":\"https:\/\/wifi.se\/fr\/#website\",\"url\":\"https:\/\/wifi.se\/fr\/\",\"name\":\"WIFI.SE\/FR\",\"description\":\"INTERNET PARTOUT\",\"potentialAction\":[{\"@type\":\"SearchAction\",\"target\":{\"@type\":\"EntryPoint\",\"urlTemplate\":\"https:\/\/wifi.se\/fr\/?s={search_term_string}\"},\"query-input\":{\"@type\":\"PropertyValueSpecification\",\"valueRequired\":true,\"valueName\":\"search_term_string\"}}],\"inLanguage\":\"fr-FR\"}]}<\/script>\n<!-- \/ Yoast SEO plugin. -->","yoast_head_json":{"title":"Portable 5G Router - WIFI.SE\/FR","robots":{"index":"index","follow":"follow","max-snippet":"max-snippet:-1","max-image-preview":"max-image-preview:large","max-video-preview":"max-video-preview:-1"},"canonical":"https:\/\/wifi.se\/fr\/portable-5g-router\/","og_locale":"fr_FR","og_type":"article","og_title":"Portable 5G Router - WIFI.SE\/FR","og_url":"https:\/\/wifi.se\/fr\/portable-5g-router\/","og_site_name":"WIFI.SE\/FR","article_modified_time":"2024-12-13T07:58:27+00:00","twitter_card":"summary_large_image","twitter_misc":{"Dur\u00e9e de lecture estim\u00e9e":"2 minutes"},"schema":{"@context":"https:\/\/schema.org","@graph":[{"@type":"WebPage","@id":"https:\/\/wifi.se\/fr\/portable-5g-router\/","url":"https:\/\/wifi.se\/fr\/portable-5g-router\/","name":"Portable 5G Router - WIFI.SE\/FR","isPartOf":{"@id":"https:\/\/wifi.se\/fr\/#website"},"datePublished":"2024-09-24T10:02:45+00:00","dateModified":"2024-12-13T07:58:27+00:00","breadcrumb":{"@id":"https:\/\/wifi.se\/fr\/portable-5g-router\/#breadcrumb"},"inLanguage":"fr-FR","potentialAction":[{"@type":"ReadAction","target":["https:\/\/wifi.se\/fr\/portable-5g-router\/"]}]},{"@type":"BreadcrumbList","@id":"https:\/\/wifi.se\/fr\/portable-5g-router\/#breadcrumb","itemListElement":[{"@type":"ListItem","position":1,"name":"Hem","item":"https:\/\/wifi.se\/fr\/"},{"@type":"ListItem","position":2,"name":"Portable 5G Router"}]},{"@type":"WebSite","@id":"https:\/\/wifi.se\/fr\/#website","url":"https:\/\/wifi.se\/fr\/","name":"WIFI.SE\/FR","description":"INTERNET PARTOUT","potentialAction":[{"@type":"SearchAction","target":{"@type":"EntryPoint","urlTemplate":"https:\/\/wifi.se\/fr\/?s={search_term_string}"},"query-input":{"@type":"PropertyValueSpecification","valueRequired":true,"valueName":"search_term_string"}}],"inLanguage":"fr-FR"}]}},"_links":{"self":[{"href":"https:\/\/wifi.se\/fr\/wp-json\/wp\/v2\/pages\/30007","targetHints":{"allow":["GET"]}}],"collection":[{"href":"https:\/\/wifi.se\/fr\/wp-json\/wp\/v2\/pages"}],"about":[{"href":"https:\/\/wifi.se\/fr\/wp-json\/wp\/v2\/types\/page"}],"author":[{"embeddable":true,"href":"https:\/\/wifi.se\/fr\/wp-json\/wp\/v2\/users\/1"}],"replies":[{"embeddable":true,"href":"https:\/\/wifi.se\/fr\/wp-json\/wp\/v2\/comments?post=30007"}],"version-history":[{"count":4,"href":"https:\/\/wifi.se\/fr\/wp-json\/wp\/v2\/pages\/30007\/revisions"}],"predecessor-version":[{"id":31799,"href":"https:\/\/wifi.se\/fr\/wp-json\/wp\/v2\/pages\/30007\/revisions\/31799"}],"wp:attachment":[{"href":"https:\/\/wifi.se\/fr\/wp-json\/wp\/v2\/media?parent=30007"}],"curies":[{"name":"wp","href":"https:\/\/api.w.org\/{rel}","templated":true}]}}