{"id":29106,"date":"2024-08-18T18:13:51","date_gmt":"2024-08-18T16:13:51","guid":{"rendered":"https:\/\/wifi.se\/?page_id=29106"},"modified":"2024-10-08T15:20:03","modified_gmt":"2024-10-08T13:20:03","slug":"guida-rapida","status":"publish","type":"page","link":"https:\/\/wifi.se\/fr\/guida-rapida\/","title":{"rendered":"Guida rapida"},"content":{"rendered":"\n\n\t<section class=\"section\" id=\"section_2134015560\">\n\t\t<div class=\"section-bg fill\" >\n\t\t\t\t\t\t\t\t\t\n\t\t\t\n\n\t\t<\/div>\n\n\t\t\n\n\t\t<div class=\"section-content relative\">\n\t\t\t\n\n<div class=\"row\"  id=\"row-744263126\">\n\n\n\t<div id=\"col-1304180828\" class=\"col small-12 large-12\"  >\n\t\t\t\t<div class=\"col-inner\"  >\n\t\t\t\n\t\t\t\n\n<div class=\"container section-title-container guide_title\" ><h1 class=\"section-title section-title-center\"><b aria-hidden=\"true\"><\/b><span class=\"section-title-main\" >Guida rapida<\/span><b aria-hidden=\"true\"><\/b><\/h1><\/div>\n\n\n\t\t<\/div>\n\t\t\t\t\t<\/div>\n\n\t\n\n<\/div>\n<div class=\"row\"  id=\"row-1636746212\">\n\n\n\t<div id=\"col-685350218\" class=\"col small-12 large-12\"  >\n\t\t\t\t<div class=\"col-inner\"  >\n\t\t\t\n\t\t\t\n\n\n\n<meta charset=\"UTF-8\">\n    <meta name=\"viewport\" content=\"width=device-width, initial-scale=1.0\">\n    <title>Button Styles<\/title>\n    <style>\n        \n    <\/style>\n\n\n\n    <!-- Button with Link -->\n    <a href=\"\/hurtigstartveiledning\/\" class=\"link-button\">\n        Dansk\n    <\/a>\n<a href=\"\/schnellstartanleitung\/\" class=\"link-button\">\n        Deutsch\n    <\/a>\n <a href=\"\/quick-start-guide\/\" class=\"link-button\">\n         English\n    <\/a>\n <a href=\"\/guia-de-inicio-rapido\/\" class=\"link-button\">\n         Espa\u00f1ol\n    <\/a>\n <a href=\"\/guide-de-demarrage-rapide\/\" class=\"link-button\">\n        Fran\u00e7ais\n    <\/a>\n <a href=\"\/guida-rapida\/\" class=\"link-button-active\">\n        Italiano\n    <\/a>\n <a href=\"\/snelstartgids\/\" class=\"link-button\">\n        Nederlands\n    <\/a> <a href=\"\/hurtigstartvejledning\/\" class=\"link-button\">\n        Norsk\n    <\/a>\n\n<a href=\"\/pikaopas\/\" class=\"link-button\">\n        Suomen kielt\u00e4\n    <\/a>\n<a href=\"\/snabbstartsguide\/\" class=\"link-button\">\n        Svenska\n    <\/a>\n<a href=\"\/przewodnik-szybkiego-startu\/\" class=\"link-button\">\n        Polski\n    <\/a>\n\n\n\t\t<\/div>\n\t\t\t\t\t<\/div>\n\n\t\n\n<\/div>\n\n\t\t<\/div>\n\n\t\t\n<style>\n#section_2134015560 {\n  padding-top: 30px;\n  padding-bottom: 30px;\n}\n<\/style>\n\t<\/section>\n\t\n\n\t<section class=\"section\" id=\"section_434102628\">\n\t\t<div class=\"section-bg fill\" >\n\t\t\t\t\t\t\t\t\t\n\t\t\t\n\n\t\t<\/div>\n\n\t\t\n\n\t\t<div class=\"section-content relative\">\n\t\t\t\n\n<div class=\"row align-center\"  id=\"row-1578195965\">\n\n\n\t<div id=\"col-1298146337\" class=\"col medium-8 small-12 large-8\"  >\n\t\t\t\t<div class=\"col-inner\"  >\n\t\t\t\n\t\t\t\n\n\t<div class=\"img has-hover x md-x lg-x y md-y lg-y\" id=\"image_479697178\">\n\t\t\t\t\t\t\t\t<div class=\"img-inner dark\" >\n\t\t\t<img loading=\"lazy\" decoding=\"async\" width=\"800\" height=\"800\" src=\"https:\/\/wifi.se\/fr\/wp-content\/uploads\/sites\/8\/2024\/08\/hybrid32.jpg\" class=\"attachment-original size-original\" alt=\"Hybrid Traveller\" srcset=\"https:\/\/wifi.se\/fr\/wp-content\/uploads\/sites\/8\/2024\/08\/hybrid32.jpg 800w, https:\/\/wifi.se\/fr\/wp-content\/uploads\/sites\/8\/2024\/08\/hybrid32-300x300.jpg 300w, https:\/\/wifi.se\/fr\/wp-content\/uploads\/sites\/8\/2024\/08\/hybrid32-100x100.jpg 100w, https:\/\/wifi.se\/fr\/wp-content\/uploads\/sites\/8\/2024\/08\/hybrid32-510x510.jpg 510w, https:\/\/wifi.se\/fr\/wp-content\/uploads\/sites\/8\/2024\/08\/hybrid32-64x64.jpg 64w, https:\/\/wifi.se\/fr\/wp-content\/uploads\/sites\/8\/2024\/08\/hybrid32-150x150.jpg 150w, https:\/\/wifi.se\/fr\/wp-content\/uploads\/sites\/8\/2024\/08\/hybrid32-768x768.jpg 768w, https:\/\/wifi.se\/fr\/wp-content\/uploads\/sites\/8\/2024\/08\/hybrid32-66x66.jpg 66w, https:\/\/wifi.se\/fr\/wp-content\/uploads\/sites\/8\/2024\/08\/hybrid32-200x200.jpg 200w, https:\/\/wifi.se\/fr\/wp-content\/uploads\/sites\/8\/2024\/08\/hybrid32-400x400.jpg 400w, https:\/\/wifi.se\/fr\/wp-content\/uploads\/sites\/8\/2024\/08\/hybrid32-600x600.jpg 600w, https:\/\/wifi.se\/fr\/wp-content\/uploads\/sites\/8\/2024\/08\/hybrid32-50x50.jpg 50w\" sizes=\"auto, (max-width: 800px) 100vw, 800px\" \/>\t\t\t\t\t\t\n\t\t\t\t\t<\/div>\n\t\t\t\t\t\t\t\t\n<style>\n#image_479697178 {\n  width: 100%;\n}\n<\/style>\n\t<\/div>\n\t\n\n\n\t\t<\/div>\n\t\t\t\t\t<\/div>\n\n\t\n\n<\/div>\n\n\t\t<\/div>\n\n\t\t\n<style>\n#section_434102628 {\n  padding-top: 30px;\n  padding-bottom: 30px;\n}\n<\/style>\n\t<\/section>\n\t\n<div class=\"row\"  id=\"row-72610351\">\n\n\n\t<div id=\"col-171532761\" class=\"col small-12 large-12\"  >\n\t\t\t\t<div class=\"col-inner\"  >\n\t\t\t\n\t\t\t\n\n<p>Questo router funziona bene in qualsiasi paese in quanto non \u00e8 bloccato per il roaming. Puoi utilizzare qualsiasi scheda SIM di qualsiasi operatore. Il router pu\u00f2 essere collegato a 12V, 110V o 230V, oppure al cavo di alimentazione USB. Questo rende il router adatto sia per l\u2019uso domestico che per i viaggi.<\/p>\n<p><strong>Router 5G HybridTraveller<\/strong><\/p>\n<p>Questo router supporta le schede Nano-SIM ed \u00e8 anche preparato per la futura funzionalit\u00e0 eSIM. Puoi acquistare una scheda SIM da noi o da qualsiasi altro operatore. Il nostro router non \u00e8 bloccato a nessun operatore, permettendoti di utilizzare qualsiasi scheda SIM. Assicurati che la scheda SIM non abbia un codice PIN.<\/p>\n<p><strong>Indicatori LED<\/strong><\/p>\n<ul>\n<li>Alimentazione DC<\/li>\n<li>Porta LAN<\/li>\n<li>Porta USB-C (solo per uso di servizio di fabbricazione, non per la ricarica)<\/li>\n<li>Slot SIM<\/li>\n<li>Pulsante di reset<\/li>\n<li>Pulsante WPS<\/li>\n<li>Pulsante di accensione<\/li>\n<\/ul>\n<p><strong>Installazione<\/strong><\/p>\n<p>Fai attenzione quando inserisci la scheda SIM per assicurarti che sia correttamente allineata e inserita delicatamente. Non usare forza per inserire la scheda SIM poich\u00e9 potrebbe incastrarsi. Consulta l\u2019immagine sul router per l\u2019inserimento corretto della scheda SIM. L\u2019angolo tagliato della scheda SIM deve essere rivolto verso il basso. Pu\u00f2 essere inserita solo in un modo.<\/p>\n<p>Usa la scheda SIM corretta: Nano-SIM (la scheda SIM pi\u00f9 piccola). Inserisci delicatamente la scheda SIM nello slot fino a quando non scatta in posizione.<\/p>\n<p>Per rimuovere la scheda SIM, premi delicatamente la scheda SIM fino a quando non scatta e la scheda uscir\u00e0 automaticamente. Non inserire o rimuovere la scheda SIM mentre il router \u00e8 acceso. Questo potrebbe influenzare le prestazioni e danneggiare la scheda SIM.<\/p>\n<p>Collega l\u2019adattatore di alimentazione o il cavo USB al router. Premi il pulsante di accensione per pi\u00f9 di 3 secondi fino a quando la spia inizia a lampeggiare e il router si avvia. Quando la spia smette di lampeggiare, il router ha completato l\u2019inizializzazione e inizia a funzionare.<\/p>\n<div class=\"table-1\">\n<table style=\"height: 184px;\" width=\"1152\">\n<thead>\n<tr>\n<th align=\"left\">Indikator<\/th>\n<th align=\"left\">Descrizione<\/th>\n<th align=\"left\">Colore<\/th>\n<\/tr>\n<\/thead>\n<tbody>\n<tr>\n<td align=\"left\">Stato della rete 5G:<\/td>\n<td align=\"left\">Rete 5G connessa<\/td>\n<td align=\"left\">Verde<\/td>\n<\/tr>\n<tr>\n<td align=\"left\">&nbsp;<\/td>\n<td align=\"left\">Rete 5G non connessa<\/td>\n<td align=\"left\">Rosso<\/td>\n<\/tr>\n<tr>\n<td align=\"left\">Stato Wi-Fi:<\/td>\n<td align=\"left\">Wi-Fi funzionante<\/td>\n<td align=\"left\">Verde<\/td>\n<\/tr>\n<tr>\n<td align=\"left\">&nbsp;<\/td>\n<td align=\"left\">Wi-Fi spento<\/td>\n<td align=\"left\">Spento<\/td>\n<\/tr>\n<tr>\n<td align=\"left\">&nbsp;<\/td>\n<td align=\"left\">Funzione WPS attiva<\/td>\n<td align=\"left\">Lampeggiante verde<\/td>\n<\/tr>\n<tr>\n<td align=\"left\">Stato della porta LAN:<\/td>\n<td align=\"left\">Porta LAN funzionante<\/td>\n<td align=\"left\">Verde<\/td>\n<\/tr>\n<tr>\n<td align=\"left\">&nbsp;<\/td>\n<td align=\"left\">Porta LAN non connessa<\/td>\n<td align=\"left\">Spento<\/td>\n<\/tr>\n<tr>\n<td align=\"left\">Alimentazione:<\/td>\n<td align=\"left\">Router online<\/td>\n<td align=\"left\">Verde<\/td>\n<\/tr>\n<tr>\n<td align=\"left\">&nbsp;<\/td>\n<td align=\"left\">Router spento<\/td>\n<td align=\"left\">Spento<\/td>\n<\/tr>\n<\/tbody>\n<\/table>\n<\/div>\n<p><strong>Funzioni dei pulsanti<\/strong><\/p>\n<ul>\n<li>Pulsante di accensione<br \/>* Premi il pulsante per 3 secondi: Il router si accende<br \/>* Premi di nuovo il pulsante per 3 secondi: Il router si spegne<\/li>\n<li>Pulsante di reset<br \/>* Premi il pulsante per 3 secondi: Il router inizia a resettarsi<\/li>\n<li>Pulsante WPS<br \/>* Premi il pulsante per 3 secondi: La funzione WPS inizia a funzionare<\/li>\n<\/ul>\n<p><strong>Connessione al router<\/strong><\/p>\n<p><strong>Connessione tramite Wi-Fi<\/strong><\/p>\n<p>Collega il tuo telefono cellulare o computer al Wi-Fi del router. (Consulta l\u2019etichetta sul fondo del router per conoscere il SSID Wi-Fi e la password). Puoi anche trovare la stessa etichetta sotto la batteria.<\/p>\n<p><strong>Connessione tramite Ethernet<\/strong><\/p>\n<p>Collega il tuo computer al router con un cavo Ethernet per accedere a Internet.<\/p>\n<p><strong>Configurazione amministrativa del router \u2013 Solo per utenti esperti!<\/strong><\/p>\n<ol>\n<li>Collega il tuo telefono cellulare o computer al router con un cavo Ethernet o tramite Wi-Fi.<\/li>\n<li>Digita 192.168.8.1 nel tuo browser. Usa il nome utente e la password predefiniti. Il nome utente \u00e8 admin e la password \u00e8 admin.<\/li>\n<li>Puoi quindi modificare le impostazioni nell\u2019interfaccia di amministrazione del router. Consigliamo di mantenere le impostazioni predefinite.<\/li>\n<\/ol>\n<p><strong>FAQ<\/strong><\/p>\n<p><strong>Come ripristino le impostazioni di fabbrica?<\/strong><\/p>\n<p>Quando il router \u00e8 acceso, premi il pulsante di reset per 3 secondi fino a quando la spia inizia a lampeggiare. Dopo circa 60 secondi, la spia smette di lampeggiare, il che significa che il router ha completato il ripristino.<\/p>\n<p><strong>Cosa devo fare se ho dimenticato la password Wi-Fi o la password di accesso?<\/strong><\/p>\n<p>Ripristina il router alle impostazioni di fabbrica e usa la password Wi-Fi predefinita e le informazioni di accesso predefinite.<\/p>\n<p><strong>Cosa devo fare se il router non riesce a connettersi a Internet?<\/strong><\/p>\n<ul>\n<li>Assicurati che la scheda SIM sia inserita correttamente.<\/li>\n<li>Controlla che la tua scheda SIM sia attiva.<\/li>\n<li>Assicurati che il router sia acceso.<\/li>\n<li>Controlla che la spia di alimentazione sia accesa sul router.<\/li>\n<\/ul>\n<p><strong>Cosa devo fare se il router non riesce a connettersi alla rete 5G?<\/strong><\/p>\n<ul>\n<li>Controlla se la tua scheda SIM \u00e8 attiva.<\/li>\n<li>Assicurati che ci sia copertura mobile nella tua zona.<\/li>\n<\/ul>\n<p><strong>Come faccio a sapere se il router \u00e8 connesso a una rete 5G?<\/strong><\/p>\n<p>Se la spia 5G \u00e8 verde, la rete 5G \u00e8 connessa.<\/p>\n<p><strong>Cosa devo fare se non riesco ad accedere all\u2019interfaccia di amministrazione del router?<\/strong><\/p>\n<ul>\n<li>Assicurati che il tuo computer sia connesso al router tramite un cavo Ethernet o Wi-Fi.<\/li>\n<li>Assicurati che il tuo computer sia configurato per ottenere automaticamente un indirizzo IP e un indirizzo del server DNS.<\/li>\n<li>Riavvia il browser o prova un altro browser.<\/li>\n<li>Se il problema persiste, ripristina il router alle impostazioni di fabbrica.<\/li>\n<li>Riavvia il tuo computer.<\/li>\n<\/ul>\n\n\t\t<\/div>\n\t\t\t\t\t<\/div>\n\n\t\n\n<\/div>\n\n","protected":false},"excerpt":{"rendered":"","protected":false},"author":153,"featured_media":0,"parent":0,"menu_order":0,"comment_status":"closed","ping_status":"closed","template":"","meta":{"_acf_changed":false,"footnotes":""},"class_list":["post-29106","page","type-page","status-publish","hentry"],"acf":[],"yoast_head":"<!-- This site is optimized with the Yoast SEO plugin v27.1.1 - https:\/\/yoast.com\/product\/yoast-seo-wordpress\/ -->\n<title>Guida rapida - WIFI.SE\/FR<\/title>\n<meta name=\"robots\" content=\"index, follow, max-snippet:-1, max-image-preview:large, max-video-preview:-1\" \/>\n<link rel=\"canonical\" href=\"https:\/\/wifi.se\/fr\/guida-rapida\/\" \/>\n<meta property=\"og:locale\" content=\"fr_FR\" \/>\n<meta property=\"og:type\" content=\"article\" \/>\n<meta property=\"og:title\" content=\"Guida rapida - WIFI.SE\/FR\" \/>\n<meta property=\"og:url\" content=\"https:\/\/wifi.se\/fr\/guida-rapida\/\" \/>\n<meta property=\"og:site_name\" content=\"WIFI.SE\/FR\" \/>\n<meta property=\"article:modified_time\" content=\"2024-10-08T13:20:03+00:00\" \/>\n<meta name=\"twitter:card\" content=\"summary_large_image\" \/>\n<meta name=\"twitter:label1\" content=\"Dur\u00e9e de lecture estim\u00e9e\" \/>\n\t<meta name=\"twitter:data1\" content=\"5 minutes\" \/>\n<script type=\"application\/ld+json\" class=\"yoast-schema-graph\">{\"@context\":\"https:\/\/schema.org\",\"@graph\":[{\"@type\":\"WebPage\",\"@id\":\"https:\/\/wifi.se\/fr\/guida-rapida\/\",\"url\":\"https:\/\/wifi.se\/fr\/guida-rapida\/\",\"name\":\"Guida rapida - WIFI.SE\/FR\",\"isPartOf\":{\"@id\":\"https:\/\/wifi.se\/fr\/#website\"},\"datePublished\":\"2024-08-18T16:13:51+00:00\",\"dateModified\":\"2024-10-08T13:20:03+00:00\",\"breadcrumb\":{\"@id\":\"https:\/\/wifi.se\/fr\/guida-rapida\/#breadcrumb\"},\"inLanguage\":\"fr-FR\",\"potentialAction\":[{\"@type\":\"ReadAction\",\"target\":[\"https:\/\/wifi.se\/fr\/guida-rapida\/\"]}]},{\"@type\":\"BreadcrumbList\",\"@id\":\"https:\/\/wifi.se\/fr\/guida-rapida\/#breadcrumb\",\"itemListElement\":[{\"@type\":\"ListItem\",\"position\":1,\"name\":\"Hem\",\"item\":\"https:\/\/wifi.se\/fr\/\"},{\"@type\":\"ListItem\",\"position\":2,\"name\":\"Guida rapida\"}]},{\"@type\":\"WebSite\",\"@id\":\"https:\/\/wifi.se\/fr\/#website\",\"url\":\"https:\/\/wifi.se\/fr\/\",\"name\":\"WIFI.SE\/FR\",\"description\":\"INTERNET PARTOUT\",\"potentialAction\":[{\"@type\":\"SearchAction\",\"target\":{\"@type\":\"EntryPoint\",\"urlTemplate\":\"https:\/\/wifi.se\/fr\/?s={search_term_string}\"},\"query-input\":{\"@type\":\"PropertyValueSpecification\",\"valueRequired\":true,\"valueName\":\"search_term_string\"}}],\"inLanguage\":\"fr-FR\"}]}<\/script>\n<!-- \/ Yoast SEO plugin. -->","yoast_head_json":{"title":"Guida rapida - WIFI.SE\/FR","robots":{"index":"index","follow":"follow","max-snippet":"max-snippet:-1","max-image-preview":"max-image-preview:large","max-video-preview":"max-video-preview:-1"},"canonical":"https:\/\/wifi.se\/fr\/guida-rapida\/","og_locale":"fr_FR","og_type":"article","og_title":"Guida rapida - WIFI.SE\/FR","og_url":"https:\/\/wifi.se\/fr\/guida-rapida\/","og_site_name":"WIFI.SE\/FR","article_modified_time":"2024-10-08T13:20:03+00:00","twitter_card":"summary_large_image","twitter_misc":{"Dur\u00e9e de lecture estim\u00e9e":"5 minutes"},"schema":{"@context":"https:\/\/schema.org","@graph":[{"@type":"WebPage","@id":"https:\/\/wifi.se\/fr\/guida-rapida\/","url":"https:\/\/wifi.se\/fr\/guida-rapida\/","name":"Guida rapida - WIFI.SE\/FR","isPartOf":{"@id":"https:\/\/wifi.se\/fr\/#website"},"datePublished":"2024-08-18T16:13:51+00:00","dateModified":"2024-10-08T13:20:03+00:00","breadcrumb":{"@id":"https:\/\/wifi.se\/fr\/guida-rapida\/#breadcrumb"},"inLanguage":"fr-FR","potentialAction":[{"@type":"ReadAction","target":["https:\/\/wifi.se\/fr\/guida-rapida\/"]}]},{"@type":"BreadcrumbList","@id":"https:\/\/wifi.se\/fr\/guida-rapida\/#breadcrumb","itemListElement":[{"@type":"ListItem","position":1,"name":"Hem","item":"https:\/\/wifi.se\/fr\/"},{"@type":"ListItem","position":2,"name":"Guida rapida"}]},{"@type":"WebSite","@id":"https:\/\/wifi.se\/fr\/#website","url":"https:\/\/wifi.se\/fr\/","name":"WIFI.SE\/FR","description":"INTERNET PARTOUT","potentialAction":[{"@type":"SearchAction","target":{"@type":"EntryPoint","urlTemplate":"https:\/\/wifi.se\/fr\/?s={search_term_string}"},"query-input":{"@type":"PropertyValueSpecification","valueRequired":true,"valueName":"search_term_string"}}],"inLanguage":"fr-FR"}]}},"_links":{"self":[{"href":"https:\/\/wifi.se\/fr\/wp-json\/wp\/v2\/pages\/29106","targetHints":{"allow":["GET"]}}],"collection":[{"href":"https:\/\/wifi.se\/fr\/wp-json\/wp\/v2\/pages"}],"about":[{"href":"https:\/\/wifi.se\/fr\/wp-json\/wp\/v2\/types\/page"}],"author":[{"embeddable":true,"href":"https:\/\/wifi.se\/fr\/wp-json\/wp\/v2\/users\/153"}],"replies":[{"embeddable":true,"href":"https:\/\/wifi.se\/fr\/wp-json\/wp\/v2\/comments?post=29106"}],"version-history":[{"count":2,"href":"https:\/\/wifi.se\/fr\/wp-json\/wp\/v2\/pages\/29106\/revisions"}],"predecessor-version":[{"id":30543,"href":"https:\/\/wifi.se\/fr\/wp-json\/wp\/v2\/pages\/29106\/revisions\/30543"}],"wp:attachment":[{"href":"https:\/\/wifi.se\/fr\/wp-json\/wp\/v2\/media?parent=29106"}],"curies":[{"name":"wp","href":"https:\/\/api.w.org\/{rel}","templated":true}]}}