{"id":11906,"date":"2021-02-23T22:32:50","date_gmt":"2021-02-23T22:32:50","guid":{"rendered":"https:\/\/wifi.se\/?page_id=11906"},"modified":"2025-04-09T08:42:26","modified_gmt":"2025-04-09T06:42:26","slug":"partners","status":"publish","type":"page","link":"https:\/\/wifi.se\/fr\/partners\/","title":{"rendered":"Partenaires"},"content":{"rendered":"\n\t<section class=\"section\" id=\"section_330895586\">\n\t\t<div class=\"section-bg fill\" >\n\t\t\t\t\t\t\t\t\t\n\t\t\t\n\n\t\t<\/div>\n\n\t\t\n\n\t\t<div class=\"section-content relative\">\n\t\t\t\n<div class=\"row\"  id=\"row-1777634729\">\n\n\t<div id=\"col-926077807\" class=\"col small-12 large-12\"  >\n\t\t\t\t<div class=\"col-inner\"  >\n\t\t\t\n\t\t\t\n\t<div id=\"gap-237089227\" class=\"gap-element clearfix\" style=\"display:block; height:auto;\">\n\t\t\n<style>\n#gap-237089227 {\n  padding-top: 30px;\n}\n<\/style>\n\t<\/div>\n\t\n<h1>PARTENAIRES<\/h1>\n\t\t<\/div>\n\t\t\t\t\t<\/div>\n\n\t\n<\/div>\n\t\t<\/div>\n\n\t\t\n<style>\n#section_330895586 {\n  padding-top: 0px;\n  padding-bottom: 0px;\n}\n@media (min-width:550px) {\n  #section_330895586 {\n    padding-top: 0px;\n    padding-bottom: 0px;\n  }\n}\n<\/style>\n\t<\/section>\n\t\n\n\t<section class=\"section\" id=\"section_1122680940\">\n\t\t<div class=\"section-bg fill\" >\n\t\t\t\t\t\t\t\t\t\n\t\t\t\n\n\t\t<\/div>\n\n\t\t\n\n\t\t<div class=\"section-content relative\">\n\t\t\t\n<div class=\"row\"  id=\"row-814462392\">\n\n\t<div id=\"col-829477991\" class=\"col small-12 large-12\"  >\n\t\t\t\t<div class=\"col-inner\"  >\n\t\t\t\n\t\t\t\n\n\t\t<div class=\"tabbed-content\">\n\t\t\t\n\t\t\t<ul class=\"nav nav-outline nav-normal nav-size-large nav-left\" role=\"tablist\"><li id=\"tab-husbilsskolan\" class=\"tab active has-icon\" role=\"presentation\"><a href=\"#tab_husbilsskolan\" role=\"tab\" aria-selected=\"true\" aria-controls=\"tab_husbilsskolan\"><span>Husbilsskolan<\/span><\/a><\/li>\n<li id=\"tab-allt-om-husbilen\" class=\"tab has-icon\" role=\"presentation\"><a href=\"#tab_allt-om-husbilen\" tabindex=\"-1\" role=\"tab\" aria-selected=\"false\" aria-controls=\"tab_allt-om-husbilen\"><span>Allt om husbilen<\/span><\/a><\/li>\n<li id=\"tab-caravan-club\" class=\"tab has-icon\" role=\"presentation\"><a href=\"#tab_caravan-club\" tabindex=\"-1\" role=\"tab\" aria-selected=\"false\" aria-controls=\"tab_caravan-club\"><span>Caravan Club<\/span><\/a><\/li>\n<li id=\"tab-husbilsklubben.se\" class=\"tab has-icon\" role=\"presentation\"><a href=\"#tab_husbilsklubben.se\" tabindex=\"-1\" role=\"tab\" aria-selected=\"false\" aria-controls=\"tab_husbilsklubben.se\"><span>Husbilsklubben.se<\/span><\/a><\/li>\n<li id=\"tab-camping-key-europe\" class=\"tab has-icon\" role=\"presentation\"><a href=\"#tab_camping-key-europe\" tabindex=\"-1\" role=\"tab\" aria-selected=\"false\" aria-controls=\"tab_camping-key-europe\"><span>Camping Key Europe<\/span><\/a><\/li><\/ul><div class=\"tab-panels\"><div id=\"tab_husbilsskolan\" class=\"panel active entry-content\" role=\"tabpanel\" aria-labelledby=\"tab-husbilsskolan\">\n<div class=\"row\"  id=\"row-1664790874\">\n\n\t<div id=\"col-1526185811\" class=\"col medium-4 small-12 large-4\"  >\n\t\t\t\t<div class=\"col-inner\" style=\"background-color:#21517c;\" >\n\t\t\t\n\t\t\t\n\t<div class=\"img has-hover x md-x lg-x y md-y lg-y\" id=\"image_1785360394\">\n\t\t<a class=\"\" href=\"https:\/\/husbilsskolan.se\/\" >\t\t\t\t\t\t<div class=\"img-inner dark\" >\n\t\t\t<img loading=\"lazy\" decoding=\"async\" width=\"904\" height=\"258\" src=\"https:\/\/wifi.se\/fr\/wp-content\/uploads\/sites\/8\/2021\/02\/Picture-1.png\" class=\"attachment-original size-original\" alt=\"Husbilsskolan\" srcset=\"https:\/\/wifi.se\/fr\/wp-content\/uploads\/sites\/8\/2021\/02\/Picture-1.png 904w, https:\/\/wifi.se\/fr\/wp-content\/uploads\/sites\/8\/2021\/02\/Picture-1-510x146.png 510w, https:\/\/wifi.se\/fr\/wp-content\/uploads\/sites\/8\/2021\/02\/Picture-1-64x18.png 64w, https:\/\/wifi.se\/fr\/wp-content\/uploads\/sites\/8\/2021\/02\/Picture-1-300x86.png 300w, https:\/\/wifi.se\/fr\/wp-content\/uploads\/sites\/8\/2021\/02\/Picture-1-768x219.png 768w, https:\/\/wifi.se\/fr\/wp-content\/uploads\/sites\/8\/2021\/02\/Picture-1-200x57.png 200w, https:\/\/wifi.se\/fr\/wp-content\/uploads\/sites\/8\/2021\/02\/Picture-1-400x114.png 400w, https:\/\/wifi.se\/fr\/wp-content\/uploads\/sites\/8\/2021\/02\/Picture-1-600x171.png 600w, https:\/\/wifi.se\/fr\/wp-content\/uploads\/sites\/8\/2021\/02\/Picture-1-800x228.png 800w, https:\/\/wifi.se\/fr\/wp-content\/uploads\/sites\/8\/2021\/02\/Picture-1-500x143.png 500w, https:\/\/wifi.se\/fr\/wp-content\/uploads\/sites\/8\/2021\/02\/Picture-1-700x200.png 700w\" sizes=\"auto, (max-width: 904px) 100vw, 904px\" \/>\t\t\t\t\t\t\n\t\t\t\t\t<\/div>\n\t\t\t\t\t\t<\/a>\t\t\n<style>\n#image_1785360394 {\n  width: 100%;\n}\n<\/style>\n\t<\/div>\n\t\n\t\t<\/div>\n\t\t\t\t\n<style>\n#col-1526185811 > .col-inner {\n  padding: 10px 10px 10px 10px;\n  border-radius: 10px;\n}\n<\/style>\n\t<\/div>\n\n\t\n<\/div>\n<p>1,411 \/ 5,000<\/p>\n<p>Depuis six ans, <a href=\"https:\/\/husbilsskolan.se\/\"><span style=\"text-decoration: underline;\">Husbilsskolan<\/span><\/a> est un incontournable de certains salons du camping du pays.<br \/>Le concept est simple : des experts de la vie en camping-car sont pr\u00e9sents sur le stand pour r\u00e9pondre aux questions des visiteurs.<br \/>Il peut s&#8217;agir des diff\u00e9rences entre les camping-cars, de la charge des batteries, de la r\u00e9glementation des pays que vous souhaitez visiter, des lois, des taxes : tout ce qui peut vous interroger.<br \/>Lors des salons, nous avons constat\u00e9 que le besoin de connaissances est immense, tr\u00e8s vaste. Pour pouvoir vous aider m\u00eame en dehors des salons, nous avons d\u00e9velopp\u00e9 un service en ligne r\u00e9pondant au m\u00eame objectif.<\/p>\n<p>Vous pouvez poser une question unique ou souscrire \u00e0 un abonnement et b\u00e9n\u00e9ficier gratuitement de notre expertise pendant un an. Pour enrichir cette page d&#8217;informations utiles, nous publions des r\u00e9cits de voyage en Su\u00e8de et en Europe.<\/p>\n<p>Plus que n&#8217;importe quel r\u00e9cit de voyage !<br \/>Ces articles sont r\u00e9dig\u00e9s par des camping-caristes exp\u00e9riment\u00e9s qui ont toujours voyag\u00e9 !<br \/>Nous publierons \u00e9galement progressivement des articles techniques sur divers sujets tels que l&#8217;\u00e9lectricit\u00e9 \u00e0 bord, la plomberie et quelques articles de bricolage.<\/p>\n<p>Motorhome School est un service ind\u00e9pendant et impartial, \u00e0 votre disposition en tant que consommateur. Notre objectif est de vous aider \u00e0 profiter pleinement de votre vie en camping-car.<\/p>\n<p>Nous pouvons \u00e9galement organiser des r\u00e9unions et des s\u00e9minaires techniques.<\/p>\n<\/div>\n<div id=\"tab_allt-om-husbilen\" class=\"panel entry-content\" role=\"tabpanel\" aria-labelledby=\"tab-allt-om-husbilen\">\n<div class=\"row\"  id=\"row-1167685678\">\n\n\t<div id=\"col-814798384\" class=\"col medium-3 small-12 large-3\"  >\n\t\t\t\t<div class=\"col-inner text-left\"  >\n\t\t\t\n\t\t\t\n\t<div class=\"img has-hover x md-x lg-x y md-y lg-y\" id=\"image_1266298187\">\n\t\t<a class=\"\" href=\"https:\/\/alltomhusbilen.se\/\" >\t\t\t\t\t\t<div class=\"img-inner dark\" >\n\t\t\t<img loading=\"lazy\" decoding=\"async\" width=\"904\" height=\"606\" src=\"https:\/\/wifi.se\/fr\/wp-content\/uploads\/sites\/8\/2021\/02\/Picture2.png\" class=\"attachment-original size-original\" alt=\"\" srcset=\"https:\/\/wifi.se\/fr\/wp-content\/uploads\/sites\/8\/2021\/02\/Picture2.png 904w, https:\/\/wifi.se\/fr\/wp-content\/uploads\/sites\/8\/2021\/02\/Picture2-510x342.png 510w, https:\/\/wifi.se\/fr\/wp-content\/uploads\/sites\/8\/2021\/02\/Picture2-64x43.png 64w, https:\/\/wifi.se\/fr\/wp-content\/uploads\/sites\/8\/2021\/02\/Picture2-300x201.png 300w, https:\/\/wifi.se\/fr\/wp-content\/uploads\/sites\/8\/2021\/02\/Picture2-768x515.png 768w, https:\/\/wifi.se\/fr\/wp-content\/uploads\/sites\/8\/2021\/02\/Picture2-200x134.png 200w, https:\/\/wifi.se\/fr\/wp-content\/uploads\/sites\/8\/2021\/02\/Picture2-400x268.png 400w, https:\/\/wifi.se\/fr\/wp-content\/uploads\/sites\/8\/2021\/02\/Picture2-600x402.png 600w, https:\/\/wifi.se\/fr\/wp-content\/uploads\/sites\/8\/2021\/02\/Picture2-800x536.png 800w, https:\/\/wifi.se\/fr\/wp-content\/uploads\/sites\/8\/2021\/02\/Picture2-500x335.png 500w, https:\/\/wifi.se\/fr\/wp-content\/uploads\/sites\/8\/2021\/02\/Picture2-700x469.png 700w\" sizes=\"auto, (max-width: 904px) 100vw, 904px\" \/>\t\t\t\t\t\t\n\t\t\t\t\t<\/div>\n\t\t\t\t\t\t<\/a>\t\t\n<style>\n#image_1266298187 {\n  width: 100%;\n}\n<\/style>\n\t<\/div>\n\t\n\t\t<\/div>\n\t\t\t\t\n<style>\n#col-814798384 > .col-inner {\n  padding: 0px 0px 0px 0px;\n  border-radius: 10px;\n}\n<\/style>\n\t<\/div>\n\n\t\n<\/div>\n<p>Un concept magique et g\u00e9nial<\/p>\n<p>alltomhusbilen.se est un portail pour tous les passionn\u00e9s de camping-car. Que vous poss\u00e9diez un camping-car, que vous souhaitiez en changer, que vous pr\u00e9voyiez d&#8217;acheter votre premier camping-car ou que vous soyez simplement curieux et curieux d&#8217;en savoir plus. Tout cela gratuitement, sans abonnement ni autre contrainte.<\/p>\n<p>Nous testons des camping-cars et des \u00e9quipements neufs et d&#8217;occasion. Notre biblioth\u00e8que de tests est la plus compl\u00e8te de Su\u00e8de, accessible en un clic.<\/p>\n<p>Nous visitons \u00e9galement des salons, des usines et des lieux int\u00e9ressants, pour vous informer et vous inspirer.<\/p>\n<p>alltomhusbilen.se consacre \u00e9galement beaucoup de temps aux ateliers pour observer les r\u00e9parations, l&#8217;installation d&#8217;accessoires et les am\u00e9liorations de ch\u00e2ssis des camping-cars pour un confort de conduite accru.<\/p>\n<p>\u00c0 la t\u00eate d&#8217;alltomhusbilen.se, nous sommes motiv\u00e9s par la curiosit\u00e9 et le d\u00e9sir de partager nos connaissances. Nous poss\u00e9dons tous une vaste exp\u00e9rience des camping-cars et de leur industrie. Aucune autre \u00e9quipe \u00e9ditoriale, en ligne ou hors ligne, ne poss\u00e8de autant d&#8217;exp\u00e9rience et de connaissances collectives. Nous osons vous le promettre\u00a0!<\/p>\n<p>Nous vous souhaitons de longs et passionnants moments devant votre ordinateur, votre tablette ou votre mobile, que ce soit \u00e0 la maison ou dans votre camping-car.<\/p>\n<\/div>\n<div id=\"tab_caravan-club\" class=\"panel entry-content\" role=\"tabpanel\" aria-labelledby=\"tab-caravan-club\">\n<div class=\"row\"  id=\"row-1471391200\">\n\n\t<div id=\"col-94360237\" class=\"col medium-3 small-12 large-3\"  >\n\t\t\t\t<div class=\"col-inner text-left\"  >\n\t\t\t\n\t\t\t\n\t<div class=\"img has-hover x md-x lg-x y md-y lg-y\" id=\"image_1865263080\">\n\t\t<a class=\"\" href=\"https:\/\/caravanclub.se\/\" >\t\t\t\t\t\t<div class=\"img-inner dark\" >\n\t\t\t<img loading=\"lazy\" decoding=\"async\" width=\"270\" height=\"187\" src=\"https:\/\/wifi.se\/fr\/wp-content\/uploads\/sites\/8\/2021\/03\/caravanclub.png\" class=\"attachment-original size-original\" alt=\"\" srcset=\"https:\/\/wifi.se\/fr\/wp-content\/uploads\/sites\/8\/2021\/03\/caravanclub.png 270w, https:\/\/wifi.se\/fr\/wp-content\/uploads\/sites\/8\/2021\/03\/caravanclub-64x44.png 64w, https:\/\/wifi.se\/fr\/wp-content\/uploads\/sites\/8\/2021\/03\/caravanclub-200x139.png 200w\" sizes=\"auto, (max-width: 270px) 100vw, 270px\" \/>\t\t\t\t\t\t\n\t\t\t\t\t<\/div>\n\t\t\t\t\t\t<\/a>\t\t\n<style>\n#image_1865263080 {\n  width: 100%;\n}\n<\/style>\n\t<\/div>\n\t\n\t\t<\/div>\n\t\t\t\t\n<style>\n#col-94360237 > .col-inner {\n  padding: 0px 0px 0px 0px;\n  border-radius: 10px;\n}\n<\/style>\n\t<\/div>\n\n\t\n<\/div>\n<p>BIENVENUE AU CARAVAN CLUB DE SU\u00c8DE<\/p>\n<p>Caravan Club est une association \u00e0 but non lucratif pour tous les amoureux du camping. Fond\u00e9 en 1958, le club compte aujourd&#8217;hui plus de 28\u00a0000 familles membres. Caravan Club place la famille au c\u0153ur de ses pr\u00e9occupations, proposant des activit\u00e9s adapt\u00e9es \u00e0 chacun et \u00e0 ses besoins vari\u00e9s. Nos activit\u00e9s reposent sur des loisirs actifs et une vie en plein air avec de nombreux \u00e9v\u00e9nements, des r\u00e9unions compl\u00e8tes, des formations, des conseils techniques, et bien plus encore. Nous investissons \u00e9galement des ressources importantes dans l&#8217;am\u00e9lioration de la s\u00e9curit\u00e9 routi\u00e8re et le d\u00e9veloppement du camping. Nous sommes fortement engag\u00e9s en faveur de l&#8217;environnement, en nous concentrant sur notre propre environnement et celui des g\u00e9n\u00e9rations futures. Caravan Club est le plus grand propri\u00e9taire de campings priv\u00e9s de Su\u00e8de, avec 34 emplacements, de Vindeln dans le V\u00e4sterbotten \u00e0 Iv\u00f6n en Scanie. Le fonctionnement du club repose principalement sur le b\u00e9n\u00e9volat de ses membres, dont pr\u00e8s de 800 \u00e9lus \u00e0 divers postes, qui y consacrent des milliers d&#8217;heures.<\/p>\n<\/div>\n<div id=\"tab_husbilsklubben.se\" class=\"panel entry-content\" role=\"tabpanel\" aria-labelledby=\"tab-husbilsklubben.se\">\n<div class=\"row\"  id=\"row-1539330075\">\n\n\t<div id=\"col-1913100054\" class=\"col medium-3 small-12 large-3\"  >\n\t\t\t\t<div class=\"col-inner text-left\"  >\n\t\t\t\n\t\t\t\n\t<div class=\"img has-hover x md-x lg-x y md-y lg-y\" id=\"image_259658447\">\n\t\t<a class=\"\" href=\"https:\/\/husbilsklubben.se\/\" >\t\t\t\t\t\t<div class=\"img-inner dark\" >\n\t\t\t<img loading=\"lazy\" decoding=\"async\" width=\"373\" height=\"135\" src=\"https:\/\/wifi.se\/fr\/wp-content\/uploads\/sites\/8\/2020\/12\/husbilsklubben.png\" class=\"attachment-original size-original\" alt=\"husbilsklubben.se\" srcset=\"https:\/\/wifi.se\/fr\/wp-content\/uploads\/sites\/8\/2020\/12\/husbilsklubben.png 373w, https:\/\/wifi.se\/fr\/wp-content\/uploads\/sites\/8\/2020\/12\/husbilsklubben-64x23.png 64w, https:\/\/wifi.se\/fr\/wp-content\/uploads\/sites\/8\/2020\/12\/husbilsklubben-300x109.png 300w, https:\/\/wifi.se\/fr\/wp-content\/uploads\/sites\/8\/2020\/12\/husbilsklubben-200x72.png 200w\" sizes=\"auto, (max-width: 373px) 100vw, 373px\" \/>\t\t\t\t\t\t\n\t\t\t\t\t<\/div>\n\t\t\t\t\t\t<\/a>\t\t\n<style>\n#image_259658447 {\n  width: 100%;\n}\n<\/style>\n\t<\/div>\n\t\n\t\t<\/div>\n\t\t\t\t\n<style>\n#col-1913100054 > .col-inner {\n  padding: 0px 0px 0px 0px;\n  border-radius: 10px;\n}\n<\/style>\n\t<\/div>\n\n\t\n<\/div>\n<p>Bienvenue sur Husbilsklubben.se.<\/p>\n<p>Que vous envisagiez d&#8217;acheter un camping-car, que vous soyez un nouveau propri\u00e9taire ou un propri\u00e9taire exp\u00e9riment\u00e9, nous vous proposons un forum de partage d&#8217;exp\u00e9riences, une ambiance conviviale, des places de stationnement pour camping-cars, l&#8217;acc\u00e8s aux avantages membres et bien plus encore.<\/p>\n<p>Sans inscription, vous pouvez devenir invit\u00e9 HBK et consulter les discussions et les messages dans la partie ouverte de notre forum. Dans votre navigateur, saisissez husbilsklubben.se pour acc\u00e9der \u00e0 notre forum.<\/p>\n<p>Inscrivez-vous gratuitement en tant qu&#8217;utilisateur int\u00e9ress\u00e9 par HBK, puis publiez des messages sur des sujets li\u00e9s aux camping-cars et obtenez rapidement des r\u00e9ponses de nos quelque 15\u00a0000 membres et d&#8217;autant d&#8217;utilisateurs int\u00e9ress\u00e9s par HBK.<\/p>\n<p>Pour devenir membre HBK, vous devez payer une cotisation d&#8217;entr\u00e9e et une cotisation annuelle. L&#8217;inscription s&#8217;\u00e9l\u00e8ve \u00e0 150 SEK et la cotisation annuelle \u00e0 100 SEK, soit un total de 250 SEK la premi\u00e8re ann\u00e9e. Les ann\u00e9es suivantes, la cotisation annuelle de 100 SEK suffit.<\/p>\n<p>En tant que membre, vous avez acc\u00e8s \u00e0\u00a0:<\/p>\n<ul>\n<li>notre forum, avec plus de 85\u00a0000 fils de discussion et plus de 915\u00a0000 messages cr\u00e9\u00e9s par nos membres depuis 2006\u00a0;<\/li>\n<li>un registre de plus de 5\u00a0200 emplacements pour camping-cars et plus de 1\u00a0400 stations de vidange en Su\u00e8de et en Europe. Sur votre PC, ordinateur portable, tablette ou smartphone, s\u00e9lectionnez un lieu sur une carte pour en savoir plus, puis cliquez sur \u00ab\u00a0Naviguer ici\u00a0\u00bb pour lancer la navigation\u00a0;<\/li>\n<li>des r\u00e9unions organis\u00e9es par nos membres, notamment des \u00e9v\u00e9nements th\u00e9matiques comme les f\u00eates de la Saint-Jean, les rassemblements de harengs ferment\u00e9s, les f\u00eates de l&#8217;\u00e9crevisse, les rassemblements de camping-cars, et bien plus encore. Notre assembl\u00e9e annuelle gratuite, qui se tient pendant le week-end de l&#8217;Ascension, est notre \u00e9v\u00e9nement le plus populaire et le plus fr\u00e9quent\u00e9. Elle propose des salons du camping-car, des expositions de produits, des ventes d&#8217;occasion, des s\u00e9ances de questions-r\u00e9ponses avec le conseil d&#8217;administration de HBK, des divertissements et une ambiance conviviale pendant trois jours.<\/li>\n<li>Plus de 75 avantages r\u00e9serv\u00e9s aux membres dans des cat\u00e9gories telles que la documentation, les inspections, les ferries, la communication, l&#8217;\u00e9lectronique, les pneus, le propane, le carburant, les assurances, les parkings \u00e0 prix r\u00e9duit, les accessoires de camping-car et de camping, et l&#8217;entretien, avec des r\u00e9ductions de 10 \u00e0 25 %.<\/li>\n<li>Achat ou vente d&#8217;articles propos\u00e9s par d&#8217;autres membres, lecture de r\u00e9cits de voyage, conseils de visite et articles sur des sujets int\u00e9ressants et pertinents.<\/li>\n<li>Acc\u00e8s au groupe Husbilsklubben.se sur Facebook.<\/li>\n<\/ul>\n<\/div>\n<div id=\"tab_camping-key-europe\" class=\"panel entry-content\" role=\"tabpanel\" aria-labelledby=\"tab-camping-key-europe\">\n<div class=\"row\"  id=\"row-335258470\">\n\n\t<div id=\"col-168629177\" class=\"col medium-3 small-12 large-3\"  >\n\t\t\t\t<div class=\"col-inner text-left\"  >\n\t\t\t\n\t\t\t\n\t<div class=\"img has-hover x md-x lg-x y md-y lg-y\" id=\"image_1515618007\">\n\t\t<a class=\"\" href=\"https:\/\/www.campingkeyeurope.se\/en\" >\t\t\t\t\t\t<div class=\"img-inner dark\" >\n\t\t\t<img loading=\"lazy\" decoding=\"async\" width=\"179\" height=\"96\" src=\"https:\/\/wifi.se\/fr\/wp-content\/uploads\/sites\/8\/2021\/02\/CAMPINGlogo.png\" class=\"attachment-original size-original\" alt=\"\" srcset=\"https:\/\/wifi.se\/fr\/wp-content\/uploads\/sites\/8\/2021\/02\/CAMPINGlogo.png 179w, https:\/\/wifi.se\/fr\/wp-content\/uploads\/sites\/8\/2021\/02\/CAMPINGlogo-64x34.png 64w, https:\/\/wifi.se\/fr\/wp-content\/uploads\/sites\/8\/2021\/02\/CAMPINGlogo-177x96.png 177w\" sizes=\"auto, (max-width: 179px) 100vw, 179px\" \/>\t\t\t\t\t\t\n\t\t\t\t\t<\/div>\n\t\t\t\t\t\t<\/a>\t\t\n<style>\n#image_1515618007 {\n  width: 100%;\n}\n<\/style>\n\t<\/div>\n\t\n\t\t<\/div>\n\t\t\t\t\n<style>\n#col-168629177 > .col-inner {\n  padding: 0px 0px 0px 0px;\n  border-radius: 10px;\n}\n<\/style>\n\t<\/div>\n\n\t\n<\/div>\n<p>Camping Key Europe<\/p>\n<p>Camping Key Europe est la carte d&#8217;avantages pour tous les s\u00e9jours en camping. Fruit d&#8217;une collaboration europ\u00e9enne, Camping Key Europe compte aujourd&#8217;hui plus de 700\u00a0000 titulaires. Cette carte vous offre plus de 3\u00a0000 r\u00e9ductions sur l&#8217;h\u00e9bergement en Su\u00e8de et en Europe, une assurance accident et de nombreux avantages et offres. Depuis 2019, la carte est enti\u00e8rement num\u00e9rique et t\u00e9l\u00e9chargeable sur votre mobile.<\/p>\n<p>Pour vous, en tant que client<\/p>\n<p>Vous pouvez acheter Camping Key Europe en ligne sur <a href=\"https:\/\/www.campingkeyeurope.se\/\"><span style=\"text-decoration: underline;\">Campingkeyeurope.se<\/span><\/a> et sur de nombreux sites web de campings. Vous pouvez \u00e9galement l&#8217;acheter directement \u00e0 la r\u00e9ception de tous les campings membres de SCR Svensk Camping. D\u00e9couvrez les r\u00e9ductions su\u00e9doises et achetez votre <a href=\"https:\/\/www.campingkeyeurope.se\/\"><span style=\"text-decoration: underline;\">Camping Key Europe sur Campingkeyeurope.se.<\/span><\/a> Pour nous contacter, vous pouvez nous \u00e9crire \u00e0 campingkeyeurope@scr.se.<\/p>\n<p>Enregistrement plus rapide avec Camping Key Europe ou Camping-ID<\/p>\n<p>\u00c0 partir de 2019, les clients s&#8217;enregistrant dans les campings affili\u00e9s \u00e0 SCR Svensk Camping doivent \u00eatre munis d&#8217;un Camping-ID ou d&#8217;une Camping Key Europe. Avec ces deux cartes, vous pourrez vous enregistrer plus rapidement dans tous les campings membres de l&#8217;organisation professionnelle SCR Svensk Camping. Pr\u00e9sentez-les via l&#8217;application My Camping Key. Lors de l&#8217;enregistrement, la r\u00e9ception scanne rapidement et facilement le code QR, vous faisant gagner du temps.<\/p>\n<p>Avantages de Camping Key Europe<\/p>\n<ul>\n<li>Enregistrement et d\u00e9part plus rapides<\/li>\n<li>R\u00e9ductions sur l&#8217;h\u00e9bergement dans plus de 3\u00a0000 campings en Su\u00e8de et en Europe<\/li>\n<li>R\u00e9ductions et offres<\/li>\n<li>Assurance responsabilit\u00e9 civile internationale et accidents<\/li>\n<li>Valable dans les campings su\u00e9dois et europ\u00e9ens<\/li>\n<li>Vacances de qualit\u00e9 garanties<\/li>\n<li>Le catalogue Svensk Camping, livr\u00e9 aux foyers su\u00e9dois en f\u00e9vrier-mars de chaque ann\u00e9e<\/li>\n<\/ul>\n<p>Devenez partenaire de la carte<\/p>\n<p>En tant que partenaire de la carte, vous pouvez contacter tous les titulaires de la carte Camping Key Europe via plusieurs canaux num\u00e9riques. <a href=\"mailto:info@scr.se\"><span style=\"text-decoration: underline;\">Contactez-nous<\/span><\/a> pour plus d&#8217;informations.<\/p>\n<p>Collaboration europ\u00e9enne<\/p>\n<p>Camping Key Europe est une collaboration europ\u00e9enne entre des organisations de consommateurs et des repr\u00e9sentants de campings. Les ventes de Camping Key Europe en Su\u00e8de sont g\u00e9r\u00e9es par SCR Svensk Camping.<\/p>\n<\/div><\/div><\/div>\n\t\t<\/div>\n\t\t\t\t\t<\/div>\n\n\t\n<\/div>\n\t\t<\/div>\n\n\t\t\n<style>\n#section_1122680940 {\n  padding-top: 0px;\n  padding-bottom: 0px;\n}\n@media (min-width:550px) {\n  #section_1122680940 {\n    padding-top: 0px;\n    padding-bottom: 0px;\n  }\n}\n@media (min-width:850px) {\n  #section_1122680940 {\n    padding-top: 0px;\n    padding-bottom: 0px;\n  }\n}\n<\/style>\n\t<\/section>\n\t\n","protected":false},"excerpt":{"rendered":"","protected":false},"author":1,"featured_media":0,"parent":0,"menu_order":0,"comment_status":"closed","ping_status":"closed","template":"","meta":{"_acf_changed":false,"footnotes":""},"class_list":["post-11906","page","type-page","status-publish","hentry"],"acf":[],"yoast_head":"<!-- This site is optimized with the Yoast SEO plugin v27.1.1 - https:\/\/yoast.com\/product\/yoast-seo-wordpress\/ -->\n<title>Partners - Wifi.se<\/title>\n<meta name=\"robots\" content=\"index, follow, max-snippet:-1, max-image-preview:large, max-video-preview:-1\" \/>\n<link rel=\"canonical\" href=\"https:\/\/wifi.se\/fr\/partners\/\" \/>\n<meta property=\"og:locale\" content=\"fr_FR\" \/>\n<meta property=\"og:type\" content=\"article\" \/>\n<meta property=\"og:title\" content=\"Partners - Wifi.se\" \/>\n<meta property=\"og:url\" content=\"https:\/\/wifi.se\/fr\/partners\/\" \/>\n<meta property=\"og:site_name\" content=\"WIFI.SE\/FR\" \/>\n<meta property=\"article:modified_time\" content=\"2025-04-09T06:42:26+00:00\" \/>\n<meta name=\"twitter:card\" content=\"summary_large_image\" \/>\n<meta name=\"twitter:label1\" content=\"Dur\u00e9e de lecture estim\u00e9e\" \/>\n\t<meta name=\"twitter:data1\" content=\"8 minutes\" \/>\n<script type=\"application\/ld+json\" class=\"yoast-schema-graph\">{\"@context\":\"https:\/\/schema.org\",\"@graph\":[{\"@type\":\"WebPage\",\"@id\":\"https:\/\/wifi.se\/fr\/partners\/\",\"url\":\"https:\/\/wifi.se\/fr\/partners\/\",\"name\":\"Partners - Wifi.se\",\"isPartOf\":{\"@id\":\"https:\/\/wifi.se\/fr\/#website\"},\"datePublished\":\"2021-02-23T22:32:50+00:00\",\"dateModified\":\"2025-04-09T06:42:26+00:00\",\"breadcrumb\":{\"@id\":\"https:\/\/wifi.se\/fr\/partners\/#breadcrumb\"},\"inLanguage\":\"fr-FR\",\"potentialAction\":[{\"@type\":\"ReadAction\",\"target\":[\"https:\/\/wifi.se\/fr\/partners\/\"]}]},{\"@type\":\"BreadcrumbList\",\"@id\":\"https:\/\/wifi.se\/fr\/partners\/#breadcrumb\",\"itemListElement\":[{\"@type\":\"ListItem\",\"position\":1,\"name\":\"Hem\",\"item\":\"https:\/\/wifi.se\/fr\/\"},{\"@type\":\"ListItem\",\"position\":2,\"name\":\"Partenaires\"}]},{\"@type\":\"WebSite\",\"@id\":\"https:\/\/wifi.se\/fr\/#website\",\"url\":\"https:\/\/wifi.se\/fr\/\",\"name\":\"WIFI.SE\/FR\",\"description\":\"INTERNET PARTOUT\",\"potentialAction\":[{\"@type\":\"SearchAction\",\"target\":{\"@type\":\"EntryPoint\",\"urlTemplate\":\"https:\/\/wifi.se\/fr\/?s={search_term_string}\"},\"query-input\":{\"@type\":\"PropertyValueSpecification\",\"valueRequired\":true,\"valueName\":\"search_term_string\"}}],\"inLanguage\":\"fr-FR\"}]}<\/script>\n<!-- \/ Yoast SEO plugin. -->","yoast_head_json":{"title":"Partners - Wifi.se","robots":{"index":"index","follow":"follow","max-snippet":"max-snippet:-1","max-image-preview":"max-image-preview:large","max-video-preview":"max-video-preview:-1"},"canonical":"https:\/\/wifi.se\/fr\/partners\/","og_locale":"fr_FR","og_type":"article","og_title":"Partners - Wifi.se","og_url":"https:\/\/wifi.se\/fr\/partners\/","og_site_name":"WIFI.SE\/FR","article_modified_time":"2025-04-09T06:42:26+00:00","twitter_card":"summary_large_image","twitter_misc":{"Dur\u00e9e de lecture estim\u00e9e":"8 minutes"},"schema":{"@context":"https:\/\/schema.org","@graph":[{"@type":"WebPage","@id":"https:\/\/wifi.se\/fr\/partners\/","url":"https:\/\/wifi.se\/fr\/partners\/","name":"Partners - Wifi.se","isPartOf":{"@id":"https:\/\/wifi.se\/fr\/#website"},"datePublished":"2021-02-23T22:32:50+00:00","dateModified":"2025-04-09T06:42:26+00:00","breadcrumb":{"@id":"https:\/\/wifi.se\/fr\/partners\/#breadcrumb"},"inLanguage":"fr-FR","potentialAction":[{"@type":"ReadAction","target":["https:\/\/wifi.se\/fr\/partners\/"]}]},{"@type":"BreadcrumbList","@id":"https:\/\/wifi.se\/fr\/partners\/#breadcrumb","itemListElement":[{"@type":"ListItem","position":1,"name":"Hem","item":"https:\/\/wifi.se\/fr\/"},{"@type":"ListItem","position":2,"name":"Partenaires"}]},{"@type":"WebSite","@id":"https:\/\/wifi.se\/fr\/#website","url":"https:\/\/wifi.se\/fr\/","name":"WIFI.SE\/FR","description":"INTERNET PARTOUT","potentialAction":[{"@type":"SearchAction","target":{"@type":"EntryPoint","urlTemplate":"https:\/\/wifi.se\/fr\/?s={search_term_string}"},"query-input":{"@type":"PropertyValueSpecification","valueRequired":true,"valueName":"search_term_string"}}],"inLanguage":"fr-FR"}]}},"_links":{"self":[{"href":"https:\/\/wifi.se\/fr\/wp-json\/wp\/v2\/pages\/11906","targetHints":{"allow":["GET"]}}],"collection":[{"href":"https:\/\/wifi.se\/fr\/wp-json\/wp\/v2\/pages"}],"about":[{"href":"https:\/\/wifi.se\/fr\/wp-json\/wp\/v2\/types\/page"}],"author":[{"embeddable":true,"href":"https:\/\/wifi.se\/fr\/wp-json\/wp\/v2\/users\/1"}],"replies":[{"embeddable":true,"href":"https:\/\/wifi.se\/fr\/wp-json\/wp\/v2\/comments?post=11906"}],"version-history":[{"count":7,"href":"https:\/\/wifi.se\/fr\/wp-json\/wp\/v2\/pages\/11906\/revisions"}],"predecessor-version":[{"id":32399,"href":"https:\/\/wifi.se\/fr\/wp-json\/wp\/v2\/pages\/11906\/revisions\/32399"}],"wp:attachment":[{"href":"https:\/\/wifi.se\/fr\/wp-json\/wp\/v2\/media?parent=11906"}],"curies":[{"name":"wp","href":"https:\/\/api.w.org\/{rel}","templated":true}]}}