{"id":9757,"date":"2020-08-10T14:41:18","date_gmt":"2020-08-10T12:41:18","guid":{"rendered":"https:\/\/wifi.se\/?post_type=product&#038;p=9757"},"modified":"2025-02-24T04:24:10","modified_gmt":"2025-02-24T02:24:10","slug":"cable-de-antena-cable-de-baja-perdida-con-conectores-sma-15m","status":"publish","type":"product","link":"https:\/\/wifi.se\/es\/product\/cable-de-antena-cable-de-baja-perdida-con-conectores-sma-15m\/","title":{"rendered":"Cable de antena (cable de baja p\u00e9rdida) con conectores SMA &#8211; 15m"},"content":{"rendered":"<p class=\"p1\">Cable de antena LFK (cable de baja p\u00e9rdida) con conectores SMA macho y SMA hembra. Es un cable con muy baja p\u00e9rdida que recomendamos para conectar routers 3G, routers 4G o m\u00f3dems GSM. Este modelo est\u00e1 dise\u00f1ado para ser instalado entre el router\/m\u00f3dem y una antena externa. Tambi\u00e9n puede utilizarse para extender un cable existente. Todas las conexiones est\u00e1n selladas con tubo termorretr\u00e1ctil.<\/p>\n","protected":false},"excerpt":{"rendered":"<p class=\"p1\">Cable de antena LFK (baja p\u00e9rdida) con conectores SMA macho y SMA hembra \u2013 15 metros<\/p>\n","protected":false},"featured_media":30242,"template":"","meta":{"_acf_changed":false},"product_brand":[],"product_cat":[201],"product_tag":[239],"class_list":{"0":"post-9757","1":"product","2":"type-product","3":"status-publish","4":"has-post-thumbnail","6":"product_cat-cables","7":"product_tag-antennkabel","8":"product_shipping_class-sim-kort-med-router","10":"first","11":"instock","12":"taxable","13":"shipping-taxable","14":"purchasable","15":"product-type-simple"},"bundled_by":[],"bundle_stock_status":"instock","bundle_stock_quantity":null,"bundle_virtual":false,"bundle_layout":"","bundle_add_to_cart_form_location":"","bundle_editable_in_cart":false,"bundle_sold_individually_context":"","bundle_item_grouping":"","bundle_min_size":"","bundle_max_size":"","bundle_price":[],"bundled_items":[],"bundle_sell_ids":[],"acf":{"accounting_number":"1940","accounting_number_kopiera2":"2611","accounting_number_kopiera3":"3015","accounting_number_kopiera4":"3520","accounting_number_kopiera5":"1510","accounting_number_kopiera6":"1511"},"yoast_head":"<!-- This site is optimized with the Yoast SEO plugin v27.1.1 - https:\/\/yoast.com\/product\/yoast-seo-wordpress\/ -->\n<title>Cable de antena (baja p\u00e9rdida) con conectores SMA \u2013 15 m<\/title>\n<meta name=\"description\" content=\"Cable de antena LFK (baja p\u00e9rdida) con conectores SMA macho y SMA hembra. Cable con m\u00ednima p\u00e9rdida de se\u00f1al que recomendamos para conectar routers 3G\/4G\/5G\" \/>\n<meta name=\"robots\" content=\"index, follow, max-snippet:-1, max-image-preview:large, max-video-preview:-1\" \/>\n<link rel=\"canonical\" href=\"https:\/\/wifi.se\/es\/product\/cable-de-antena-cable-de-baja-perdida-con-conectores-sma-15m\/\" \/>\n<meta property=\"og:locale\" content=\"es_ES\" \/>\n<meta property=\"og:type\" content=\"article\" \/>\n<meta property=\"og:title\" content=\"Cable de antena (baja p\u00e9rdida) con conectores SMA \u2013 15 m\" \/>\n<meta property=\"og:description\" content=\"Cable de antena LFK (baja p\u00e9rdida) con conectores SMA macho y SMA hembra. Cable con m\u00ednima p\u00e9rdida de se\u00f1al que recomendamos para conectar routers 3G\/4G\/5G\" \/>\n<meta property=\"og:url\" content=\"https:\/\/wifi.se\/es\/product\/cable-de-antena-cable-de-baja-perdida-con-conectores-sma-15m\/\" \/>\n<meta property=\"og:site_name\" content=\"WIFI.SE\/ES\" \/>\n<meta property=\"article:modified_time\" content=\"2025-02-24T02:24:10+00:00\" \/>\n<meta property=\"og:image\" content=\"https:\/\/wifi.se\/es\/wp-content\/uploads\/sites\/5\/2020\/08\/15.jpg\" \/>\n\t<meta property=\"og:image:width\" content=\"800\" \/>\n\t<meta property=\"og:image:height\" content=\"800\" \/>\n\t<meta property=\"og:image:type\" content=\"image\/jpeg\" \/>\n<meta name=\"twitter:card\" content=\"summary_large_image\" \/>\n<meta name=\"twitter:label1\" content=\"Tiempo de lectura\" \/>\n\t<meta name=\"twitter:data1\" content=\"1 minuto\" \/>\n<script type=\"application\/ld+json\" class=\"yoast-schema-graph\">{\"@context\":\"https:\/\/schema.org\",\"@graph\":[{\"@type\":\"WebPage\",\"@id\":\"https:\/\/wifi.se\/es\/product\/cable-de-antena-cable-de-baja-perdida-con-conectores-sma-15m\/\",\"url\":\"https:\/\/wifi.se\/es\/product\/cable-de-antena-cable-de-baja-perdida-con-conectores-sma-15m\/\",\"name\":\"Cable de antena (baja p\u00e9rdida) con conectores SMA \u2013 15 m\",\"isPartOf\":{\"@id\":\"https:\/\/wifi.se\/es\/#website\"},\"primaryImageOfPage\":{\"@id\":\"https:\/\/wifi.se\/es\/product\/cable-de-antena-cable-de-baja-perdida-con-conectores-sma-15m\/#primaryimage\"},\"image\":{\"@id\":\"https:\/\/wifi.se\/es\/product\/cable-de-antena-cable-de-baja-perdida-con-conectores-sma-15m\/#primaryimage\"},\"thumbnailUrl\":\"https:\/\/wifi.se\/es\/wp-content\/uploads\/sites\/5\/2020\/08\/15.jpg\",\"datePublished\":\"2020-08-10T12:41:18+00:00\",\"dateModified\":\"2025-02-24T02:24:10+00:00\",\"description\":\"Cable de antena LFK (baja p\u00e9rdida) con conectores SMA macho y SMA hembra. Cable con m\u00ednima p\u00e9rdida de se\u00f1al que recomendamos para conectar routers 3G\/4G\/5G\",\"breadcrumb\":{\"@id\":\"https:\/\/wifi.se\/es\/product\/cable-de-antena-cable-de-baja-perdida-con-conectores-sma-15m\/#breadcrumb\"},\"inLanguage\":\"es\",\"potentialAction\":[{\"@type\":\"ReadAction\",\"target\":[\"https:\/\/wifi.se\/es\/product\/cable-de-antena-cable-de-baja-perdida-con-conectores-sma-15m\/\"]}]},{\"@type\":\"ImageObject\",\"inLanguage\":\"es\",\"@id\":\"https:\/\/wifi.se\/es\/product\/cable-de-antena-cable-de-baja-perdida-con-conectores-sma-15m\/#primaryimage\",\"url\":\"https:\/\/wifi.se\/es\/wp-content\/uploads\/sites\/5\/2020\/08\/15.jpg\",\"contentUrl\":\"https:\/\/wifi.se\/es\/wp-content\/uploads\/sites\/5\/2020\/08\/15.jpg\",\"width\":800,\"height\":800,\"caption\":\"Antennkabel (L\u00e5gf\u00f6rlustkabel) med SMA-kontakter - 15m\"},{\"@type\":\"BreadcrumbList\",\"@id\":\"https:\/\/wifi.se\/es\/product\/cable-de-antena-cable-de-baja-perdida-con-conectores-sma-15m\/#breadcrumb\",\"itemListElement\":[{\"@type\":\"ListItem\",\"position\":1,\"name\":\"Hem\",\"item\":\"https:\/\/wifi.se\/es\/\"},{\"@type\":\"ListItem\",\"position\":2,\"name\":\"Tienda\",\"item\":\"https:\/\/wifi.se\/es\/compra-en-nuestra-tienda-online\/\"},{\"@type\":\"ListItem\",\"position\":3,\"name\":\"Cable de antena (cable de baja p\u00e9rdida) con conectores SMA &#8211; 15m\"}]},{\"@type\":\"WebSite\",\"@id\":\"https:\/\/wifi.se\/es\/#website\",\"url\":\"https:\/\/wifi.se\/es\/\",\"name\":\"WIFI.SE\/ES\",\"description\":\"INTERNET EN TODAS PARTES\",\"potentialAction\":[{\"@type\":\"SearchAction\",\"target\":{\"@type\":\"EntryPoint\",\"urlTemplate\":\"https:\/\/wifi.se\/es\/?s={search_term_string}\"},\"query-input\":{\"@type\":\"PropertyValueSpecification\",\"valueRequired\":true,\"valueName\":\"search_term_string\"}}],\"inLanguage\":\"es\"}]}<\/script>\n<!-- \/ Yoast SEO plugin. -->","yoast_head_json":{"title":"Cable de antena (baja p\u00e9rdida) con conectores SMA \u2013 15 m","description":"Cable de antena LFK (baja p\u00e9rdida) con conectores SMA macho y SMA hembra. Cable con m\u00ednima p\u00e9rdida de se\u00f1al que recomendamos para conectar routers 3G\/4G\/5G","robots":{"index":"index","follow":"follow","max-snippet":"max-snippet:-1","max-image-preview":"max-image-preview:large","max-video-preview":"max-video-preview:-1"},"canonical":"https:\/\/wifi.se\/es\/product\/cable-de-antena-cable-de-baja-perdida-con-conectores-sma-15m\/","og_locale":"es_ES","og_type":"article","og_title":"Cable de antena (baja p\u00e9rdida) con conectores SMA \u2013 15 m","og_description":"Cable de antena LFK (baja p\u00e9rdida) con conectores SMA macho y SMA hembra. Cable con m\u00ednima p\u00e9rdida de se\u00f1al que recomendamos para conectar routers 3G\/4G\/5G","og_url":"https:\/\/wifi.se\/es\/product\/cable-de-antena-cable-de-baja-perdida-con-conectores-sma-15m\/","og_site_name":"WIFI.SE\/ES","article_modified_time":"2025-02-24T02:24:10+00:00","og_image":[{"width":800,"height":800,"url":"https:\/\/wifi.se\/es\/wp-content\/uploads\/sites\/5\/2020\/08\/15.jpg","type":"image\/jpeg"}],"twitter_card":"summary_large_image","twitter_misc":{"Tiempo de lectura":"1 minuto"},"schema":{"@context":"https:\/\/schema.org","@graph":[{"@type":"WebPage","@id":"https:\/\/wifi.se\/es\/product\/cable-de-antena-cable-de-baja-perdida-con-conectores-sma-15m\/","url":"https:\/\/wifi.se\/es\/product\/cable-de-antena-cable-de-baja-perdida-con-conectores-sma-15m\/","name":"Cable de antena (baja p\u00e9rdida) con conectores SMA \u2013 15 m","isPartOf":{"@id":"https:\/\/wifi.se\/es\/#website"},"primaryImageOfPage":{"@id":"https:\/\/wifi.se\/es\/product\/cable-de-antena-cable-de-baja-perdida-con-conectores-sma-15m\/#primaryimage"},"image":{"@id":"https:\/\/wifi.se\/es\/product\/cable-de-antena-cable-de-baja-perdida-con-conectores-sma-15m\/#primaryimage"},"thumbnailUrl":"https:\/\/wifi.se\/es\/wp-content\/uploads\/sites\/5\/2020\/08\/15.jpg","datePublished":"2020-08-10T12:41:18+00:00","dateModified":"2025-02-24T02:24:10+00:00","description":"Cable de antena LFK (baja p\u00e9rdida) con conectores SMA macho y SMA hembra. Cable con m\u00ednima p\u00e9rdida de se\u00f1al que recomendamos para conectar routers 3G\/4G\/5G","breadcrumb":{"@id":"https:\/\/wifi.se\/es\/product\/cable-de-antena-cable-de-baja-perdida-con-conectores-sma-15m\/#breadcrumb"},"inLanguage":"es","potentialAction":[{"@type":"ReadAction","target":["https:\/\/wifi.se\/es\/product\/cable-de-antena-cable-de-baja-perdida-con-conectores-sma-15m\/"]}]},{"@type":"ImageObject","inLanguage":"es","@id":"https:\/\/wifi.se\/es\/product\/cable-de-antena-cable-de-baja-perdida-con-conectores-sma-15m\/#primaryimage","url":"https:\/\/wifi.se\/es\/wp-content\/uploads\/sites\/5\/2020\/08\/15.jpg","contentUrl":"https:\/\/wifi.se\/es\/wp-content\/uploads\/sites\/5\/2020\/08\/15.jpg","width":800,"height":800,"caption":"Antennkabel (L\u00e5gf\u00f6rlustkabel) med SMA-kontakter - 15m"},{"@type":"BreadcrumbList","@id":"https:\/\/wifi.se\/es\/product\/cable-de-antena-cable-de-baja-perdida-con-conectores-sma-15m\/#breadcrumb","itemListElement":[{"@type":"ListItem","position":1,"name":"Hem","item":"https:\/\/wifi.se\/es\/"},{"@type":"ListItem","position":2,"name":"Tienda","item":"https:\/\/wifi.se\/es\/compra-en-nuestra-tienda-online\/"},{"@type":"ListItem","position":3,"name":"Cable de antena (cable de baja p\u00e9rdida) con conectores SMA &#8211; 15m"}]},{"@type":"WebSite","@id":"https:\/\/wifi.se\/es\/#website","url":"https:\/\/wifi.se\/es\/","name":"WIFI.SE\/ES","description":"INTERNET EN TODAS PARTES","potentialAction":[{"@type":"SearchAction","target":{"@type":"EntryPoint","urlTemplate":"https:\/\/wifi.se\/es\/?s={search_term_string}"},"query-input":{"@type":"PropertyValueSpecification","valueRequired":true,"valueName":"search_term_string"}}],"inLanguage":"es"}]}},"_links":{"self":[{"href":"https:\/\/wifi.se\/es\/wp-json\/wp\/v2\/product\/9757","targetHints":{"allow":["GET"]}}],"collection":[{"href":"https:\/\/wifi.se\/es\/wp-json\/wp\/v2\/product"}],"about":[{"href":"https:\/\/wifi.se\/es\/wp-json\/wp\/v2\/types\/product"}],"wp:featuredmedia":[{"embeddable":true,"href":"https:\/\/wifi.se\/es\/wp-json\/wp\/v2\/media\/30242"}],"wp:attachment":[{"href":"https:\/\/wifi.se\/es\/wp-json\/wp\/v2\/media?parent=9757"}],"wp:term":[{"taxonomy":"product_brand","embeddable":true,"href":"https:\/\/wifi.se\/es\/wp-json\/wp\/v2\/product_brand?post=9757"},{"taxonomy":"product_cat","embeddable":true,"href":"https:\/\/wifi.se\/es\/wp-json\/wp\/v2\/product_cat?post=9757"},{"taxonomy":"product_tag","embeddable":true,"href":"https:\/\/wifi.se\/es\/wp-json\/wp\/v2\/product_tag?post=9757"}],"curies":[{"name":"wp","href":"https:\/\/api.w.org\/{rel}","templated":true}]}}