{"id":8910,"date":"2021-04-28T15:45:14","date_gmt":"2021-04-28T13:45:14","guid":{"rendered":"https:\/\/wifi.se\/?post_type=product&#038;p=8910"},"modified":"2025-02-24T04:16:17","modified_gmt":"2025-02-24T02:16:17","slug":"antena-autoadhesiva-antena-patch-fakra","status":"publish","type":"product","link":"https:\/\/wifi.se\/es\/product\/antena-autoadhesiva-antena-patch-fakra\/","title":{"rendered":"Antena autoadhesiva \/ antena patch FAKRA"},"content":{"rendered":"<p class=\"p1\"><b>ANTENA AUTOADHESIVA CON CABLE DE 2,5 METROS<\/b><b><\/b><\/p>\n<p class=\"p3\">Antena muy discreta y autoadhesiva, con un cable de antena de 2,5 metros y conexi\u00f3n Fakra. Soporta siete bandas de frecuencia, funcionando con GSM, GPRS, 3G, WiFi y 4G. Puede instalarse tanto en interiores como en exteriores, adhiri\u00e9ndose r\u00e1pidamente a cualquier superficie para una instalaci\u00f3n discreta.<\/p>\n<p class=\"p3\"><span class=\"s1\"><b>Consejo:<\/b><\/span> Fija primero la antena temporalmente en la ubicaci\u00f3n deseada para comprobar la cobertura antes de pegarla definitivamente.<\/p>\n<p class=\"p3\">Esta antena fue galardonada con el premio <span class=\"s1\"><b>\u00abMejor en Pruebas\u00bb<\/b><\/span> (\u00abB\u00e4st i test\u00bb) cuando fue evaluada por la revista sueca <span class=\"s1\"><b>\u00abPC f\u00f6r alla\u00bb<\/b><\/span> en pruebas de antenas 4G.<\/p>\n<p class=\"p3\">Recomendamos este tipo de antena 3G y 4G para todos los routers con conexi\u00f3n Fakra.<\/p>\n","protected":false},"excerpt":{"rendered":"<p class=\"p1\"><b>ANTENA AUTOADHESIVA CON CABLE DE 2,5 METROS<\/b><b><\/b><\/p>\n<p class=\"p3\">Antena muy discreta y autoadhesiva, con un cable de antena de 2,5 metros y conexi\u00f3n Fakra. Soporta siete bandas de frecuencia, funcionando con GSM, GPRS, 3G, WiFi y 4G. Puede instalarse tanto en interiores como en exteriores, adhiri\u00e9ndose r\u00e1pidamente a cualquier superficie para una instalaci\u00f3n discreta.<\/p>\n<p class=\"p3\"><span class=\"s1\"><b>Consejo:<\/b><\/span> Fija primero la antena temporalmente en la ubicaci\u00f3n deseada para comprobar la cobertura antes de pegarla definitivamente.<\/p>\n<p class=\"p3\">Esta antena fue galardonada con el premio <span class=\"s1\"><b>\u00abMejor en Pruebas\u00bb<\/b><\/span> (\u00abB\u00e4st i test\u00bb) cuando fue evaluada por la revista sueca <span class=\"s1\"><b>\u00abPC f\u00f6r alla\u00bb<\/b><\/span> en pruebas de antenas 4G.<\/p>\n<p class=\"p3\">Recomendamos este tipo de antena 3G y 4G para todos los routers con conexi\u00f3n Fakra.<\/p>\n<p class=\"p3\">\n","protected":false},"featured_media":30278,"template":"","meta":{"_acf_changed":false},"product_brand":[],"product_cat":[165,258],"product_tag":[167,243,352],"class_list":{"0":"post-8910","1":"product","2":"type-product","3":"status-publish","4":"has-post-thumbnail","6":"product_cat-cobertura-maxima","7":"product_cat-antena-de-parche","8":"product_tag-antenn","9":"product_tag-patchantenn","10":"product_tag-white_week","11":"product_shipping_class-antenner","13":"first","14":"instock","15":"taxable","16":"shipping-taxable","17":"purchasable","18":"product-type-simple"},"bundled_by":[],"bundle_stock_status":"instock","bundle_stock_quantity":null,"bundle_virtual":false,"bundle_layout":"","bundle_add_to_cart_form_location":"","bundle_editable_in_cart":false,"bundle_sold_individually_context":"","bundle_item_grouping":"","bundle_min_size":"","bundle_max_size":"","bundle_price":[],"bundled_items":[],"bundle_sell_ids":[],"acf":{"accounting_number":"1940","accounting_number_kopiera2":"2611","accounting_number_kopiera3":"3014","accounting_number_kopiera4":"3520","accounting_number_kopiera5":"1510","accounting_number_kopiera6":"1511"},"yoast_head":"<!-- This site is optimized with the Yoast SEO plugin v27.1.1 - https:\/\/yoast.com\/product\/yoast-seo-wordpress\/ -->\n<title>SELF-ADHESIVE ANTENNA \/ PATCH ANTENNA FAKRA<\/title>\n<meta name=\"description\" content=\"Una antena autoadhesiva premiada con conexi\u00f3n Fakra. Obtuvo el premio \u00abMejor en Pruebas\u00bb (\u00abB\u00e4st i test\u00bb) cuando la revista \u00abPC f\u00f6r alla\u00bb evalu\u00f3 antenas 4G.\" \/>\n<meta name=\"robots\" content=\"index, follow, max-snippet:-1, max-image-preview:large, max-video-preview:-1\" \/>\n<link rel=\"canonical\" href=\"https:\/\/wifi.se\/es\/product\/antena-autoadhesiva-antena-patch-fakra\/\" \/>\n<meta property=\"og:locale\" content=\"es_ES\" \/>\n<meta property=\"og:type\" content=\"article\" \/>\n<meta property=\"og:title\" content=\"SELF-ADHESIVE ANTENNA \/ PATCH ANTENNA FAKRA\" \/>\n<meta property=\"og:description\" content=\"Una antena autoadhesiva premiada con conexi\u00f3n Fakra. Obtuvo el premio \u00abMejor en Pruebas\u00bb (\u00abB\u00e4st i test\u00bb) cuando la revista \u00abPC f\u00f6r alla\u00bb evalu\u00f3 antenas 4G.\" \/>\n<meta property=\"og:url\" content=\"https:\/\/wifi.se\/es\/product\/antena-autoadhesiva-antena-patch-fakra\/\" \/>\n<meta property=\"og:site_name\" content=\"WIFI.SE\/ES\" \/>\n<meta property=\"article:modified_time\" content=\"2025-02-24T02:16:17+00:00\" \/>\n<meta property=\"og:image\" content=\"https:\/\/wifi.se\/es\/wp-content\/uploads\/sites\/5\/2021\/04\/patch_fakra2.jpg\" \/>\n\t<meta property=\"og:image:width\" content=\"800\" \/>\n\t<meta property=\"og:image:height\" content=\"800\" \/>\n\t<meta property=\"og:image:type\" content=\"image\/jpeg\" \/>\n<meta name=\"twitter:card\" content=\"summary_large_image\" \/>\n<meta name=\"twitter:label1\" content=\"Tiempo de lectura\" \/>\n\t<meta name=\"twitter:data1\" content=\"1 minuto\" \/>\n<script type=\"application\/ld+json\" class=\"yoast-schema-graph\">{\"@context\":\"https:\/\/schema.org\",\"@graph\":[{\"@type\":\"WebPage\",\"@id\":\"https:\/\/wifi.se\/es\/product\/antena-autoadhesiva-antena-patch-fakra\/\",\"url\":\"https:\/\/wifi.se\/es\/product\/antena-autoadhesiva-antena-patch-fakra\/\",\"name\":\"SELF-ADHESIVE ANTENNA \/ PATCH ANTENNA FAKRA\",\"isPartOf\":{\"@id\":\"https:\/\/wifi.se\/es\/#website\"},\"primaryImageOfPage\":{\"@id\":\"https:\/\/wifi.se\/es\/product\/antena-autoadhesiva-antena-patch-fakra\/#primaryimage\"},\"image\":{\"@id\":\"https:\/\/wifi.se\/es\/product\/antena-autoadhesiva-antena-patch-fakra\/#primaryimage\"},\"thumbnailUrl\":\"https:\/\/wifi.se\/es\/wp-content\/uploads\/sites\/5\/2021\/04\/patch_fakra2.jpg\",\"datePublished\":\"2021-04-28T13:45:14+00:00\",\"dateModified\":\"2025-02-24T02:16:17+00:00\",\"description\":\"Una antena autoadhesiva premiada con conexi\u00f3n Fakra. Obtuvo el premio \u00abMejor en Pruebas\u00bb (\u00abB\u00e4st i test\u00bb) cuando la revista \u00abPC f\u00f6r alla\u00bb evalu\u00f3 antenas 4G.\",\"breadcrumb\":{\"@id\":\"https:\/\/wifi.se\/es\/product\/antena-autoadhesiva-antena-patch-fakra\/#breadcrumb\"},\"inLanguage\":\"es\",\"potentialAction\":[{\"@type\":\"ReadAction\",\"target\":[\"https:\/\/wifi.se\/es\/product\/antena-autoadhesiva-antena-patch-fakra\/\"]}]},{\"@type\":\"ImageObject\",\"inLanguage\":\"es\",\"@id\":\"https:\/\/wifi.se\/es\/product\/antena-autoadhesiva-antena-patch-fakra\/#primaryimage\",\"url\":\"https:\/\/wifi.se\/es\/wp-content\/uploads\/sites\/5\/2021\/04\/patch_fakra2.jpg\",\"contentUrl\":\"https:\/\/wifi.se\/es\/wp-content\/uploads\/sites\/5\/2021\/04\/patch_fakra2.jpg\",\"width\":800,\"height\":800,\"caption\":\"SJ\u00c4LVH\u00c4FTANDE ANTENN \/ PATCHANTENN FAKRA\"},{\"@type\":\"BreadcrumbList\",\"@id\":\"https:\/\/wifi.se\/es\/product\/antena-autoadhesiva-antena-patch-fakra\/#breadcrumb\",\"itemListElement\":[{\"@type\":\"ListItem\",\"position\":1,\"name\":\"Hem\",\"item\":\"https:\/\/wifi.se\/es\/\"},{\"@type\":\"ListItem\",\"position\":2,\"name\":\"Tienda\",\"item\":\"https:\/\/wifi.se\/es\/compra-en-nuestra-tienda-online\/\"},{\"@type\":\"ListItem\",\"position\":3,\"name\":\"Antena autoadhesiva \/ antena patch FAKRA\"}]},{\"@type\":\"WebSite\",\"@id\":\"https:\/\/wifi.se\/es\/#website\",\"url\":\"https:\/\/wifi.se\/es\/\",\"name\":\"WIFI.SE\/ES\",\"description\":\"INTERNET EN TODAS PARTES\",\"potentialAction\":[{\"@type\":\"SearchAction\",\"target\":{\"@type\":\"EntryPoint\",\"urlTemplate\":\"https:\/\/wifi.se\/es\/?s={search_term_string}\"},\"query-input\":{\"@type\":\"PropertyValueSpecification\",\"valueRequired\":true,\"valueName\":\"search_term_string\"}}],\"inLanguage\":\"es\"}]}<\/script>\n<!-- \/ Yoast SEO plugin. -->","yoast_head_json":{"title":"SELF-ADHESIVE ANTENNA \/ PATCH ANTENNA FAKRA","description":"Una antena autoadhesiva premiada con conexi\u00f3n Fakra. Obtuvo el premio \u00abMejor en Pruebas\u00bb (\u00abB\u00e4st i test\u00bb) cuando la revista \u00abPC f\u00f6r alla\u00bb evalu\u00f3 antenas 4G.","robots":{"index":"index","follow":"follow","max-snippet":"max-snippet:-1","max-image-preview":"max-image-preview:large","max-video-preview":"max-video-preview:-1"},"canonical":"https:\/\/wifi.se\/es\/product\/antena-autoadhesiva-antena-patch-fakra\/","og_locale":"es_ES","og_type":"article","og_title":"SELF-ADHESIVE ANTENNA \/ PATCH ANTENNA FAKRA","og_description":"Una antena autoadhesiva premiada con conexi\u00f3n Fakra. Obtuvo el premio \u00abMejor en Pruebas\u00bb (\u00abB\u00e4st i test\u00bb) cuando la revista \u00abPC f\u00f6r alla\u00bb evalu\u00f3 antenas 4G.","og_url":"https:\/\/wifi.se\/es\/product\/antena-autoadhesiva-antena-patch-fakra\/","og_site_name":"WIFI.SE\/ES","article_modified_time":"2025-02-24T02:16:17+00:00","og_image":[{"width":800,"height":800,"url":"https:\/\/wifi.se\/es\/wp-content\/uploads\/sites\/5\/2021\/04\/patch_fakra2.jpg","type":"image\/jpeg"}],"twitter_card":"summary_large_image","twitter_misc":{"Tiempo de lectura":"1 minuto"},"schema":{"@context":"https:\/\/schema.org","@graph":[{"@type":"WebPage","@id":"https:\/\/wifi.se\/es\/product\/antena-autoadhesiva-antena-patch-fakra\/","url":"https:\/\/wifi.se\/es\/product\/antena-autoadhesiva-antena-patch-fakra\/","name":"SELF-ADHESIVE ANTENNA \/ PATCH ANTENNA FAKRA","isPartOf":{"@id":"https:\/\/wifi.se\/es\/#website"},"primaryImageOfPage":{"@id":"https:\/\/wifi.se\/es\/product\/antena-autoadhesiva-antena-patch-fakra\/#primaryimage"},"image":{"@id":"https:\/\/wifi.se\/es\/product\/antena-autoadhesiva-antena-patch-fakra\/#primaryimage"},"thumbnailUrl":"https:\/\/wifi.se\/es\/wp-content\/uploads\/sites\/5\/2021\/04\/patch_fakra2.jpg","datePublished":"2021-04-28T13:45:14+00:00","dateModified":"2025-02-24T02:16:17+00:00","description":"Una antena autoadhesiva premiada con conexi\u00f3n Fakra. Obtuvo el premio \u00abMejor en Pruebas\u00bb (\u00abB\u00e4st i test\u00bb) cuando la revista \u00abPC f\u00f6r alla\u00bb evalu\u00f3 antenas 4G.","breadcrumb":{"@id":"https:\/\/wifi.se\/es\/product\/antena-autoadhesiva-antena-patch-fakra\/#breadcrumb"},"inLanguage":"es","potentialAction":[{"@type":"ReadAction","target":["https:\/\/wifi.se\/es\/product\/antena-autoadhesiva-antena-patch-fakra\/"]}]},{"@type":"ImageObject","inLanguage":"es","@id":"https:\/\/wifi.se\/es\/product\/antena-autoadhesiva-antena-patch-fakra\/#primaryimage","url":"https:\/\/wifi.se\/es\/wp-content\/uploads\/sites\/5\/2021\/04\/patch_fakra2.jpg","contentUrl":"https:\/\/wifi.se\/es\/wp-content\/uploads\/sites\/5\/2021\/04\/patch_fakra2.jpg","width":800,"height":800,"caption":"SJ\u00c4LVH\u00c4FTANDE ANTENN \/ PATCHANTENN FAKRA"},{"@type":"BreadcrumbList","@id":"https:\/\/wifi.se\/es\/product\/antena-autoadhesiva-antena-patch-fakra\/#breadcrumb","itemListElement":[{"@type":"ListItem","position":1,"name":"Hem","item":"https:\/\/wifi.se\/es\/"},{"@type":"ListItem","position":2,"name":"Tienda","item":"https:\/\/wifi.se\/es\/compra-en-nuestra-tienda-online\/"},{"@type":"ListItem","position":3,"name":"Antena autoadhesiva \/ antena patch FAKRA"}]},{"@type":"WebSite","@id":"https:\/\/wifi.se\/es\/#website","url":"https:\/\/wifi.se\/es\/","name":"WIFI.SE\/ES","description":"INTERNET EN TODAS PARTES","potentialAction":[{"@type":"SearchAction","target":{"@type":"EntryPoint","urlTemplate":"https:\/\/wifi.se\/es\/?s={search_term_string}"},"query-input":{"@type":"PropertyValueSpecification","valueRequired":true,"valueName":"search_term_string"}}],"inLanguage":"es"}]}},"_links":{"self":[{"href":"https:\/\/wifi.se\/es\/wp-json\/wp\/v2\/product\/8910","targetHints":{"allow":["GET"]}}],"collection":[{"href":"https:\/\/wifi.se\/es\/wp-json\/wp\/v2\/product"}],"about":[{"href":"https:\/\/wifi.se\/es\/wp-json\/wp\/v2\/types\/product"}],"wp:featuredmedia":[{"embeddable":true,"href":"https:\/\/wifi.se\/es\/wp-json\/wp\/v2\/media\/30278"}],"wp:attachment":[{"href":"https:\/\/wifi.se\/es\/wp-json\/wp\/v2\/media?parent=8910"}],"wp:term":[{"taxonomy":"product_brand","embeddable":true,"href":"https:\/\/wifi.se\/es\/wp-json\/wp\/v2\/product_brand?post=8910"},{"taxonomy":"product_cat","embeddable":true,"href":"https:\/\/wifi.se\/es\/wp-json\/wp\/v2\/product_cat?post=8910"},{"taxonomy":"product_tag","embeddable":true,"href":"https:\/\/wifi.se\/es\/wp-json\/wp\/v2\/product_tag?post=8910"}],"curies":[{"name":"wp","href":"https:\/\/api.w.org\/{rel}","templated":true}]}}