{"id":7910,"date":"2020-04-08T15:22:29","date_gmt":"2020-04-08T13:22:29","guid":{"rendered":"https:\/\/wifi.se\/?post_type=product&#038;p=7910"},"modified":"2025-02-24T04:41:20","modified_gmt":"2025-02-24T02:41:20","slug":"antena-marina-omnidireccional-5g-4g-3g-en-fibra-de-vidrio-antena-5g-robusta-para-barco","status":"publish","type":"product","link":"https:\/\/wifi.se\/es\/product\/antena-marina-omnidireccional-5g-4g-3g-en-fibra-de-vidrio-antena-5g-robusta-para-barco\/","title":{"rendered":"Antena marina omnidireccional 5G\/4G\/3G en fibra de vidrio &#8211; Antena 5G robusta para barco"},"content":{"rendered":"<p class=\"p1\"><b>ANTENA OMNIDIRECCIONAL 5G DE FIBRA DE VIDRIO PARA USO MAR\u00cdTIMO<\/b><b><\/b><\/p>\n<p class=\"p3\">Esta antena omnidireccional 5G presenta un dise\u00f1o robusto y est\u00e1 especialmente desarrollada para instalaci\u00f3n en exteriores, incluyendo aplicaciones en embarcaciones o instalaciones costeras. Tanto el elemento de la antena como el soporte est\u00e1n fabricados con pl\u00e1stico altamente resistente y abrazaderas met\u00e1licas para montaje en m\u00e1stil. Puede instalarse en m\u00e1stiles o directamente en fachadas o paredes.<\/p>\n<p class=\"p4\"><b>Especificaciones t\u00e9cnicas \u2013 Antena 5G MIMO (Wifi.se):<\/b><b><\/b><\/p>\n<p class=\"p4\"><b>Rango de frecuencias:<\/b><b><\/b><\/p>\n<p class=\"p3\">698-960 MHz, 1710-2700 MHz, 3400-3800 MHz y 3800-4200 MHz.<\/p>\n<p class=\"p4\"><b>Impedancia de entrada:<\/b><b><\/b><\/p>\n<p class=\"p3\">50 \u03a9.<\/p>\n<p class=\"p4\"><b>VSWR (Relaci\u00f3n de onda estacionaria):<\/b><b><\/b><\/p>\n<p class=\"p3\">\u22641.5.<\/p>\n<p class=\"p4\"><b>Ganancia:<\/b><b><\/b><\/p>\n<p class=\"p3\">2 \u00d7 8 dBi (MIMO).<\/p>\n<p class=\"p3\">Tipo de antena: Omnidireccional.<\/p>\n<p class=\"p4\"><b>Patr\u00f3n de radiaci\u00f3n horizontal:<\/b><b><\/b><\/p>\n<p class=\"p3\">360\u00b0.<\/p>\n<p class=\"p4\"><b>Patr\u00f3n de radiaci\u00f3n vertical:<\/b><b><\/b><\/p>\n<p class=\"p3\">30\u00b0.<\/p>\n<p class=\"p4\"><b>Polarizaci\u00f3n:<\/b><b><\/b><\/p>\n<p class=\"p3\">Vertical u horizontal.<\/p>\n<p class=\"p4\"><b>Potencia m\u00e1xima:<\/b><b><\/b><\/p>\n<p class=\"p3\">100 W.<\/p>\n<p class=\"p4\"><b>Protecci\u00f3n contra rayos:<\/b><b><\/b><\/p>\n<p class=\"p3\">Protecci\u00f3n con conexi\u00f3n a tierra (DC Ground).<\/p>\n<p class=\"p4\"><b>Material de la carcasa:<\/b><b><\/b><\/p>\n<p class=\"p3\">PVC resistente.<\/p>\n<p class=\"p4\"><b>Tipo de conexi\u00f3n:<\/b><b><\/b><\/p>\n<p class=\"p3\">2 \u00d7 conectores SMA macho.<\/p>\n<p class=\"p4\"><b>Tipo de cable:<\/b><b><\/b><\/p>\n<p class=\"p3\">Cable LMR240.<\/p>\n<p class=\"p4\"><b>Longitud del cable:<\/b><b><\/b><\/p>\n<p class=\"p3\">2 \u00d7 30 cm.<\/p>\n<p class=\"p4\"><b>Rango de temperatura de operaci\u00f3n:<\/b><b><\/b><\/p>\n<p class=\"p3\">De -40 \u2103 a +65 \u2103.<\/p>\n<p class=\"p4\"><b>Dimensiones:<\/b><b><\/b><\/p>\n<p class=\"p3\">\u03a680 \u00d7 370 mm.<\/p>\n<p class=\"p4\"><b>Peso de la antena:<\/b><b><\/b><\/p>\n<p class=\"p3\">0,9 kg.<\/p>\n<p class=\"p4\"><b>Montaje:<\/b><b><\/b><\/p>\n<p class=\"p3\">En m\u00e1stiles de di\u00e1metro entre \u03a635 y \u03a650 mm.<\/p>\n<p class=\"p4\"><b>Color:<\/b><b><\/b><\/p>\n<p class=\"p3\">Blanco.<\/p>\n<p class=\"p4\"><b>Resistencia m\u00e1xima al viento:<\/b><b><\/b><\/p>\n<p class=\"p3\">Hasta 210 km\/h.<\/p>\n<p class=\"p4\"><b>Peso del paquete:<\/b><b><\/b><\/p>\n<p class=\"p3\">1 kg (dimensiones del paquete: 40 \u00d7 11 \u00d7 11 cm).<\/p>\n","protected":false},"excerpt":{"rendered":"<p class=\"p1\">Antena profesional 5G para uso marino, para quienes buscan lo mejor. Esta antena omnidireccional es del tipo MIMO con dos conectores SMA y cubre todas las bandas 2G\/3G\/4G\/5G. Robusta, r\u00e1pida y dise\u00f1ada para ofrecer el m\u00e1ximo rendimiento en tu conexi\u00f3n, tiene un alcance de hasta 20 millas n\u00e1uticas y cuenta con certificaci\u00f3n IP67.<\/p>\n<p class=\"p1\">Con un router 4G LTE puedes alcanzar velocidades superiores a 200 Megabits por segundo, y con un router 5G hemos medido velocidades de hasta 500 Megabits por segundo.<\/p>\n<p class=\"p1\">La antena dispone de un resistente soporte de acero, principalmente dise\u00f1ado para montaje en m\u00e1stiles, aunque tambi\u00e9n puede instalarse en paredes o fachadas. Para ser una antena omnidireccional multibanda, este modelo ofrece una ganancia excepcionalmente alta y est\u00e1 fabricada con materiales de cobre que minimizan la p\u00e9rdida de se\u00f1al.<\/p>\n<p class=\"p1\">Esta antena es una clara favorita entre los propietarios de embarcaciones y est\u00e1 certificada IP67. Esta es la versi\u00f3n m\u00e1s reciente y actualizada, que ahora tambi\u00e9n incluye soporte para la banda 5G.<\/p>\n<p class=\"p1\">Ten en cuenta que los cables integrados de la antena son de 30 cm y deben complementarse con cables de extensi\u00f3n adicionales, preferiblemente cables de baja p\u00e9rdida. Puedes encontrar estos cables en nuestra tienda online en longitudes de 5, 10 y 15 metros, lo que asegurar\u00e1 una p\u00e9rdida m\u00ednima en la se\u00f1al LTE.<\/p>\n","protected":false},"featured_media":30292,"template":"","meta":{"_acf_changed":false},"product_brand":[],"product_cat":[165,469],"product_tag":[249,167],"class_list":{"0":"post-7910","1":"product","2":"type-product","3":"status-publish","4":"has-post-thumbnail","6":"product_cat-cobertura-maxima","7":"product_cat-antenas-para-barcos","8":"product_tag-4g-antenn","9":"product_tag-antenn","10":"product_shipping_class-stor-antenn","12":"first","13":"instock","14":"taxable","15":"shipping-taxable","16":"purchasable","17":"product-type-simple"},"bundled_by":[],"bundle_stock_status":"instock","bundle_stock_quantity":null,"bundle_virtual":false,"bundle_layout":"","bundle_add_to_cart_form_location":"","bundle_editable_in_cart":false,"bundle_sold_individually_context":"","bundle_item_grouping":"","bundle_min_size":"","bundle_max_size":"","bundle_price":[],"bundled_items":[],"bundle_sell_ids":[],"acf":{"accounting_number":"1940","accounting_number_kopiera2":"2611","accounting_number_kopiera3":"3014","accounting_number_kopiera4":"3520","accounting_number_kopiera5":"1510","accounting_number_kopiera6":"1511"},"yoast_head":"<!-- This site is optimized with the Yoast SEO plugin v27.1.1 - https:\/\/yoast.com\/product\/yoast-seo-wordpress\/ -->\n<title>ANTENA OMNIDIRECCIONAL 5G DE FIBRA DE VIDRIO PARA USO MARINO<\/title>\n<meta name=\"description\" content=\"Antena profesional omnidireccional 5G MIMO para uso marino con dos conectores SMA. Antena omnidireccional que cubre todas las bandas 2G\/3G\/4G\/5G.\" \/>\n<meta name=\"robots\" content=\"index, follow, max-snippet:-1, max-image-preview:large, max-video-preview:-1\" \/>\n<link rel=\"canonical\" href=\"https:\/\/wifi.se\/es\/product\/antena-marina-omnidireccional-5g-4g-3g-en-fibra-de-vidrio-antena-5g-robusta-para-barco\/\" \/>\n<meta property=\"og:locale\" content=\"es_ES\" \/>\n<meta property=\"og:type\" content=\"article\" \/>\n<meta property=\"og:title\" content=\"ANTENA OMNIDIRECCIONAL 5G DE FIBRA DE VIDRIO PARA USO MARINO\" \/>\n<meta property=\"og:description\" content=\"Antena profesional omnidireccional 5G MIMO para uso marino con dos conectores SMA. Antena omnidireccional que cubre todas las bandas 2G\/3G\/4G\/5G.\" \/>\n<meta property=\"og:url\" content=\"https:\/\/wifi.se\/es\/product\/antena-marina-omnidireccional-5g-4g-3g-en-fibra-de-vidrio-antena-5g-robusta-para-barco\/\" \/>\n<meta property=\"og:site_name\" content=\"WIFI.SE\/ES\" \/>\n<meta property=\"article:modified_time\" content=\"2025-02-24T02:41:20+00:00\" \/>\n<meta property=\"og:image\" content=\"https:\/\/wifi.se\/es\/wp-content\/uploads\/sites\/5\/2020\/04\/antenn_round.jpg\" \/>\n\t<meta property=\"og:image:width\" content=\"800\" \/>\n\t<meta property=\"og:image:height\" content=\"800\" \/>\n\t<meta property=\"og:image:type\" content=\"image\/jpeg\" \/>\n<meta name=\"twitter:card\" content=\"summary_large_image\" \/>\n<meta name=\"twitter:label1\" content=\"Tiempo de lectura\" \/>\n\t<meta name=\"twitter:data1\" content=\"2 minutos\" \/>\n<script type=\"application\/ld+json\" class=\"yoast-schema-graph\">{\"@context\":\"https:\/\/schema.org\",\"@graph\":[{\"@type\":\"WebPage\",\"@id\":\"https:\/\/wifi.se\/es\/product\/antena-marina-omnidireccional-5g-4g-3g-en-fibra-de-vidrio-antena-5g-robusta-para-barco\/\",\"url\":\"https:\/\/wifi.se\/es\/product\/antena-marina-omnidireccional-5g-4g-3g-en-fibra-de-vidrio-antena-5g-robusta-para-barco\/\",\"name\":\"ANTENA OMNIDIRECCIONAL 5G DE FIBRA DE VIDRIO PARA USO MARINO\",\"isPartOf\":{\"@id\":\"https:\/\/wifi.se\/es\/#website\"},\"primaryImageOfPage\":{\"@id\":\"https:\/\/wifi.se\/es\/product\/antena-marina-omnidireccional-5g-4g-3g-en-fibra-de-vidrio-antena-5g-robusta-para-barco\/#primaryimage\"},\"image\":{\"@id\":\"https:\/\/wifi.se\/es\/product\/antena-marina-omnidireccional-5g-4g-3g-en-fibra-de-vidrio-antena-5g-robusta-para-barco\/#primaryimage\"},\"thumbnailUrl\":\"https:\/\/wifi.se\/es\/wp-content\/uploads\/sites\/5\/2020\/04\/antenn_round.jpg\",\"datePublished\":\"2020-04-08T13:22:29+00:00\",\"dateModified\":\"2025-02-24T02:41:20+00:00\",\"description\":\"Antena profesional omnidireccional 5G MIMO para uso marino con dos conectores SMA. Antena omnidireccional que cubre todas las bandas 2G\/3G\/4G\/5G.\",\"breadcrumb\":{\"@id\":\"https:\/\/wifi.se\/es\/product\/antena-marina-omnidireccional-5g-4g-3g-en-fibra-de-vidrio-antena-5g-robusta-para-barco\/#breadcrumb\"},\"inLanguage\":\"es\",\"potentialAction\":[{\"@type\":\"ReadAction\",\"target\":[\"https:\/\/wifi.se\/es\/product\/antena-marina-omnidireccional-5g-4g-3g-en-fibra-de-vidrio-antena-5g-robusta-para-barco\/\"]}]},{\"@type\":\"ImageObject\",\"inLanguage\":\"es\",\"@id\":\"https:\/\/wifi.se\/es\/product\/antena-marina-omnidireccional-5g-4g-3g-en-fibra-de-vidrio-antena-5g-robusta-para-barco\/#primaryimage\",\"url\":\"https:\/\/wifi.se\/es\/wp-content\/uploads\/sites\/5\/2020\/04\/antenn_round.jpg\",\"contentUrl\":\"https:\/\/wifi.se\/es\/wp-content\/uploads\/sites\/5\/2020\/04\/antenn_round.jpg\",\"width\":800,\"height\":800,\"caption\":\"RUNDSTR\u00c5LANDE 5G ANTENN I GLASFIBER F\u00d6R MARINT BRUK\"},{\"@type\":\"BreadcrumbList\",\"@id\":\"https:\/\/wifi.se\/es\/product\/antena-marina-omnidireccional-5g-4g-3g-en-fibra-de-vidrio-antena-5g-robusta-para-barco\/#breadcrumb\",\"itemListElement\":[{\"@type\":\"ListItem\",\"position\":1,\"name\":\"Hem\",\"item\":\"https:\/\/wifi.se\/es\/\"},{\"@type\":\"ListItem\",\"position\":2,\"name\":\"Tienda\",\"item\":\"https:\/\/wifi.se\/es\/compra-en-nuestra-tienda-online\/\"},{\"@type\":\"ListItem\",\"position\":3,\"name\":\"Antena marina omnidireccional 5G\/4G\/3G en fibra de vidrio &#8211; Antena 5G robusta para barco\"}]},{\"@type\":\"WebSite\",\"@id\":\"https:\/\/wifi.se\/es\/#website\",\"url\":\"https:\/\/wifi.se\/es\/\",\"name\":\"WIFI.SE\/ES\",\"description\":\"INTERNET EN TODAS PARTES\",\"potentialAction\":[{\"@type\":\"SearchAction\",\"target\":{\"@type\":\"EntryPoint\",\"urlTemplate\":\"https:\/\/wifi.se\/es\/?s={search_term_string}\"},\"query-input\":{\"@type\":\"PropertyValueSpecification\",\"valueRequired\":true,\"valueName\":\"search_term_string\"}}],\"inLanguage\":\"es\"}]}<\/script>\n<!-- \/ Yoast SEO plugin. -->","yoast_head_json":{"title":"ANTENA OMNIDIRECCIONAL 5G DE FIBRA DE VIDRIO PARA USO MARINO","description":"Antena profesional omnidireccional 5G MIMO para uso marino con dos conectores SMA. Antena omnidireccional que cubre todas las bandas 2G\/3G\/4G\/5G.","robots":{"index":"index","follow":"follow","max-snippet":"max-snippet:-1","max-image-preview":"max-image-preview:large","max-video-preview":"max-video-preview:-1"},"canonical":"https:\/\/wifi.se\/es\/product\/antena-marina-omnidireccional-5g-4g-3g-en-fibra-de-vidrio-antena-5g-robusta-para-barco\/","og_locale":"es_ES","og_type":"article","og_title":"ANTENA OMNIDIRECCIONAL 5G DE FIBRA DE VIDRIO PARA USO MARINO","og_description":"Antena profesional omnidireccional 5G MIMO para uso marino con dos conectores SMA. Antena omnidireccional que cubre todas las bandas 2G\/3G\/4G\/5G.","og_url":"https:\/\/wifi.se\/es\/product\/antena-marina-omnidireccional-5g-4g-3g-en-fibra-de-vidrio-antena-5g-robusta-para-barco\/","og_site_name":"WIFI.SE\/ES","article_modified_time":"2025-02-24T02:41:20+00:00","og_image":[{"width":800,"height":800,"url":"https:\/\/wifi.se\/es\/wp-content\/uploads\/sites\/5\/2020\/04\/antenn_round.jpg","type":"image\/jpeg"}],"twitter_card":"summary_large_image","twitter_misc":{"Tiempo de lectura":"2 minutos"},"schema":{"@context":"https:\/\/schema.org","@graph":[{"@type":"WebPage","@id":"https:\/\/wifi.se\/es\/product\/antena-marina-omnidireccional-5g-4g-3g-en-fibra-de-vidrio-antena-5g-robusta-para-barco\/","url":"https:\/\/wifi.se\/es\/product\/antena-marina-omnidireccional-5g-4g-3g-en-fibra-de-vidrio-antena-5g-robusta-para-barco\/","name":"ANTENA OMNIDIRECCIONAL 5G DE FIBRA DE VIDRIO PARA USO MARINO","isPartOf":{"@id":"https:\/\/wifi.se\/es\/#website"},"primaryImageOfPage":{"@id":"https:\/\/wifi.se\/es\/product\/antena-marina-omnidireccional-5g-4g-3g-en-fibra-de-vidrio-antena-5g-robusta-para-barco\/#primaryimage"},"image":{"@id":"https:\/\/wifi.se\/es\/product\/antena-marina-omnidireccional-5g-4g-3g-en-fibra-de-vidrio-antena-5g-robusta-para-barco\/#primaryimage"},"thumbnailUrl":"https:\/\/wifi.se\/es\/wp-content\/uploads\/sites\/5\/2020\/04\/antenn_round.jpg","datePublished":"2020-04-08T13:22:29+00:00","dateModified":"2025-02-24T02:41:20+00:00","description":"Antena profesional omnidireccional 5G MIMO para uso marino con dos conectores SMA. Antena omnidireccional que cubre todas las bandas 2G\/3G\/4G\/5G.","breadcrumb":{"@id":"https:\/\/wifi.se\/es\/product\/antena-marina-omnidireccional-5g-4g-3g-en-fibra-de-vidrio-antena-5g-robusta-para-barco\/#breadcrumb"},"inLanguage":"es","potentialAction":[{"@type":"ReadAction","target":["https:\/\/wifi.se\/es\/product\/antena-marina-omnidireccional-5g-4g-3g-en-fibra-de-vidrio-antena-5g-robusta-para-barco\/"]}]},{"@type":"ImageObject","inLanguage":"es","@id":"https:\/\/wifi.se\/es\/product\/antena-marina-omnidireccional-5g-4g-3g-en-fibra-de-vidrio-antena-5g-robusta-para-barco\/#primaryimage","url":"https:\/\/wifi.se\/es\/wp-content\/uploads\/sites\/5\/2020\/04\/antenn_round.jpg","contentUrl":"https:\/\/wifi.se\/es\/wp-content\/uploads\/sites\/5\/2020\/04\/antenn_round.jpg","width":800,"height":800,"caption":"RUNDSTR\u00c5LANDE 5G ANTENN I GLASFIBER F\u00d6R MARINT BRUK"},{"@type":"BreadcrumbList","@id":"https:\/\/wifi.se\/es\/product\/antena-marina-omnidireccional-5g-4g-3g-en-fibra-de-vidrio-antena-5g-robusta-para-barco\/#breadcrumb","itemListElement":[{"@type":"ListItem","position":1,"name":"Hem","item":"https:\/\/wifi.se\/es\/"},{"@type":"ListItem","position":2,"name":"Tienda","item":"https:\/\/wifi.se\/es\/compra-en-nuestra-tienda-online\/"},{"@type":"ListItem","position":3,"name":"Antena marina omnidireccional 5G\/4G\/3G en fibra de vidrio &#8211; Antena 5G robusta para barco"}]},{"@type":"WebSite","@id":"https:\/\/wifi.se\/es\/#website","url":"https:\/\/wifi.se\/es\/","name":"WIFI.SE\/ES","description":"INTERNET EN TODAS PARTES","potentialAction":[{"@type":"SearchAction","target":{"@type":"EntryPoint","urlTemplate":"https:\/\/wifi.se\/es\/?s={search_term_string}"},"query-input":{"@type":"PropertyValueSpecification","valueRequired":true,"valueName":"search_term_string"}}],"inLanguage":"es"}]}},"_links":{"self":[{"href":"https:\/\/wifi.se\/es\/wp-json\/wp\/v2\/product\/7910","targetHints":{"allow":["GET"]}}],"collection":[{"href":"https:\/\/wifi.se\/es\/wp-json\/wp\/v2\/product"}],"about":[{"href":"https:\/\/wifi.se\/es\/wp-json\/wp\/v2\/types\/product"}],"wp:featuredmedia":[{"embeddable":true,"href":"https:\/\/wifi.se\/es\/wp-json\/wp\/v2\/media\/30292"}],"wp:attachment":[{"href":"https:\/\/wifi.se\/es\/wp-json\/wp\/v2\/media?parent=7910"}],"wp:term":[{"taxonomy":"product_brand","embeddable":true,"href":"https:\/\/wifi.se\/es\/wp-json\/wp\/v2\/product_brand?post=7910"},{"taxonomy":"product_cat","embeddable":true,"href":"https:\/\/wifi.se\/es\/wp-json\/wp\/v2\/product_cat?post=7910"},{"taxonomy":"product_tag","embeddable":true,"href":"https:\/\/wifi.se\/es\/wp-json\/wp\/v2\/product_tag?post=7910"}],"curies":[{"name":"wp","href":"https:\/\/api.w.org\/{rel}","templated":true}]}}