{"id":32825,"date":"2026-01-15T13:32:30","date_gmt":"2026-01-15T11:32:30","guid":{"rendered":"https:\/\/wifi.se\/es\/?post_type=product&#038;p=32825"},"modified":"2026-02-12T12:45:56","modified_gmt":"2026-02-12T10:45:56","slug":"sim-especial-espana-elige-entre-1-y-6-meses-total-400-gb-100-gb-para-europa-y-300-gb-para-espana","status":"publish","type":"product","link":"https:\/\/wifi.se\/es\/product\/sim-especial-espana-elige-entre-1-y-6-meses-total-400-gb-100-gb-para-europa-y-300-gb-para-espana\/","title":{"rendered":"Sim especial Espa\u00f1a \u2013 elige entre 1 y 6 meses \u2013 total 400 GB \u2013 100 GB para Europa y 300 GB para Espa\u00f1a"},"content":{"rendered":"<p data-start=\"0\" data-end=\"266\">Wifi.se ofrece una <strong data-start=\"19\" data-end=\"40\">tarjeta SIM \u00fanica<\/strong> dise\u00f1ada para clientes que pasan largas temporadas en Espa\u00f1a y tambi\u00e9n viajan por Europa. La SIM incluye <strong data-start=\"146\" data-end=\"181\">100 GB para usar en toda Europa<\/strong> m\u00e1s <strong data-start=\"186\" data-end=\"219\">300 GB exclusivos para Espa\u00f1a<\/strong>, lo que te da un total de <strong data-start=\"246\" data-end=\"265\">400 GB de datos<\/strong>.<\/p>\n<p data-start=\"268\" data-end=\"489\">Puedes usar la SIM mientras viajas por Europa y a\u00fan as\u00ed tener muchos datos disponibles cuando llegues a Espa\u00f1a. Si no usas datos durante el trayecto, tendr\u00e1s los <strong data-start=\"430\" data-end=\"473\">300 GB completos reservados para Espa\u00f1a<\/strong> cuando llegues.<\/p>\n<p data-start=\"491\" data-end=\"652\">La SIM funciona en modalidad prepago. Puedes elegir un per\u00edodo de activaci\u00f3n de <strong data-start=\"571\" data-end=\"586\">1 a 6 meses<\/strong>. La SIM no se activa cuando se env\u00eda; t\u00fa decides cu\u00e1ndo comienza.<\/p>\n<p data-start=\"654\" data-end=\"892\">Despu\u00e9s de realizar el pedido, tendr\u00e1s acceso a <strong data-start=\"702\" data-end=\"717\">Mis P\u00e1ginas<\/strong>, donde podr\u00e1s seleccionar tu plan de datos y el per\u00edodo de activaci\u00f3n. Una vez pagado el plan, tu SIM se activar\u00e1 y ser\u00e1 v\u00e1lida durante <strong data-start=\"854\" data-end=\"891\">30 d\u00edas por cada mes seleccionado<\/strong>.<\/p>\n<p data-start=\"894\" data-end=\"940\" data-is-last-node=\"\" data-is-only-node=\"\">Los precios comienzan desde <strong data-start=\"922\" data-end=\"939\">75 EUR al mes<\/strong>.<\/p>\n","protected":false},"excerpt":{"rendered":"<div class=\"flex flex-col text-sm pb-25\">\n<article class=\"text-token-text-primary w-full focus:outline-none [--shadow-height:45px] has-data-writing-block:pointer-events-none has-data-writing-block:-mt-(--shadow-height) has-data-writing-block:pt-(--shadow-height) [&amp;:has([data-writing-block])&gt;*]:pointer-events-auto scroll-mt-[calc(var(--header-height)+min(200px,max(70px,20svh)))]\" dir=\"auto\" tabindex=\"-1\" data-turn-id=\"request-WEB:7239111c-2ca4-4ae8-9f01-2d7d6808ff4c-105\" data-testid=\"conversation-turn-212\" data-scroll-anchor=\"true\" data-turn=\"assistant\">\n<div class=\"text-base my-auto mx-auto pb-10 [--thread-content-margin:--spacing(4)] @w-sm\/main:[--thread-content-margin:--spacing(6)] @w-lg\/main:[--thread-content-margin:--spacing(16)] px-(--thread-content-margin)\">\n<div class=\"[--thread-content-max-width:40rem] @w-lg\/main:[--thread-content-max-width:48rem] mx-auto max-w-(--thread-content-max-width) flex-1 group\/turn-messages focus-visible:outline-hidden relative flex w-full min-w-0 flex-col agent-turn\" tabindex=\"-1\">\n<div class=\"flex max-w-full flex-col grow\">\n<div class=\"min-h-8 text-message relative flex w-full flex-col items-end gap-2 text-start break-words whitespace-normal [.text-message+&amp;]:mt-1\" dir=\"auto\" data-message-author-role=\"assistant\" data-message-id=\"ead92ff6-205f-4f1c-b288-f8032a75cac7\" data-message-model-slug=\"gpt-5-2\">\n<div class=\"flex w-full flex-col gap-1 empty:hidden first:pt-[1px]\">\n<div class=\"markdown prose dark:prose-invert w-full break-words light markdown-new-styling\">\n<p data-start=\"0\" data-end=\"68\" data-is-last-node=\"\" data-is-only-node=\"\"><strong data-start=\"0\" data-end=\"68\" data-is-last-node=\"\" data-is-only-node=\"\">100 GB al mes en Europa + 300 GB al mes en Espa\u00f1a \u2013 total 400 GB<\/strong><\/p>\n<\/div>\n<\/div>\n<\/div>\n<\/div>\n<div class=\"mt-3 w-full empty:hidden\">\n<div class=\"text-center\"><\/div>\n<\/div>\n<\/div>\n<\/div>\n<\/article>\n<\/div>\n<div class=\"pointer-events-none h-px w-px absolute bottom-0\" aria-hidden=\"true\" data-edge=\"true\"><\/div>\n","protected":false},"featured_media":32826,"template":"","meta":{"_acf_changed":false},"product_brand":[],"product_cat":[463,472],"product_tag":[484,483],"class_list":{"0":"post-32825","1":"product","2":"type-product","3":"status-publish","4":"has-post-thumbnail","6":"product_cat-tarjetas-sim-5g","7":"product_cat-sim-5g-roaming-europa","8":"product_tag-400gbspain","9":"product_tag-especial-espana","10":"product_shipping_class-sim-kort","12":"first","13":"instock","14":"taxable","15":"shipping-taxable","16":"purchasable","17":"product-type-simple"},"bundled_by":[],"bundle_stock_status":"instock","bundle_stock_quantity":null,"bundle_virtual":false,"bundle_layout":"","bundle_add_to_cart_form_location":"","bundle_editable_in_cart":false,"bundle_sold_individually_context":"","bundle_item_grouping":"","bundle_min_size":"","bundle_max_size":"","bundle_price":[],"bundled_items":[],"bundle_sell_ids":[],"acf":{"accounting_number":"","accounting_number_kopiera2":"","accounting_number_kopiera3":"","accounting_number_kopiera4":"","accounting_number_kopiera5":"","accounting_number_kopiera6":""},"yoast_head":"<!-- This site is optimized with the Yoast SEO plugin v27.1.1 - https:\/\/yoast.com\/product\/yoast-seo-wordpress\/ -->\n<title>Sim especial Espa\u00f1a \u2013 elige entre 1 y 6 meses \u2013 total 400 GB \u2013 100 GB para Europa y 300 GB para Espa\u00f1a - WIFI.SE\/ES<\/title>\n<meta name=\"description\" content=\"Tarjeta SIM Roaming sin activar \u2013 Act\u00edvala cuando la necesites. Ideal para tu viaje. Ya no tendr\u00e1s que preocuparte por quedarte sin datos en Europa.\" \/>\n<meta name=\"robots\" content=\"index, follow, max-snippet:-1, max-image-preview:large, max-video-preview:-1\" \/>\n<link rel=\"canonical\" href=\"https:\/\/wifi.se\/es\/product\/sim-especial-espana-elige-entre-1-y-6-meses-total-400-gb-100-gb-para-europa-y-300-gb-para-espana\/\" \/>\n<meta property=\"og:locale\" content=\"es_ES\" \/>\n<meta property=\"og:type\" content=\"article\" \/>\n<meta property=\"og:title\" content=\"Sim especial Espa\u00f1a \u2013 elige entre 1 y 6 meses \u2013 total 400 GB \u2013 100 GB para Europa y 300 GB para Espa\u00f1a - WIFI.SE\/ES\" \/>\n<meta property=\"og:description\" content=\"Tarjeta SIM Roaming sin activar \u2013 Act\u00edvala cuando la necesites. Ideal para tu viaje. Ya no tendr\u00e1s que preocuparte por quedarte sin datos en Europa.\" \/>\n<meta property=\"og:url\" content=\"https:\/\/wifi.se\/es\/product\/sim-especial-espana-elige-entre-1-y-6-meses-total-400-gb-100-gb-para-europa-y-300-gb-para-espana\/\" \/>\n<meta property=\"og:site_name\" content=\"WIFI.SE\/ES\" \/>\n<meta property=\"article:modified_time\" content=\"2026-02-12T10:45:56+00:00\" \/>\n<meta property=\"og:image\" content=\"https:\/\/wifi.se\/es\/wp-content\/uploads\/sites\/5\/2026\/01\/spain_es_01.png\" \/>\n\t<meta property=\"og:image:width\" content=\"800\" \/>\n\t<meta property=\"og:image:height\" content=\"800\" \/>\n\t<meta property=\"og:image:type\" content=\"image\/png\" \/>\n<meta name=\"twitter:card\" content=\"summary_large_image\" \/>\n<meta name=\"twitter:label1\" content=\"Tiempo de lectura\" \/>\n\t<meta name=\"twitter:data1\" content=\"1 minuto\" \/>\n<script type=\"application\/ld+json\" class=\"yoast-schema-graph\">{\"@context\":\"https:\/\/schema.org\",\"@graph\":[{\"@type\":\"WebPage\",\"@id\":\"https:\/\/wifi.se\/es\/product\/sim-especial-espana-elige-entre-1-y-6-meses-total-400-gb-100-gb-para-europa-y-300-gb-para-espana\/\",\"url\":\"https:\/\/wifi.se\/es\/product\/sim-especial-espana-elige-entre-1-y-6-meses-total-400-gb-100-gb-para-europa-y-300-gb-para-espana\/\",\"name\":\"Sim especial Espa\u00f1a \u2013 elige entre 1 y 6 meses \u2013 total 400 GB \u2013 100 GB para Europa y 300 GB para Espa\u00f1a - WIFI.SE\/ES\",\"isPartOf\":{\"@id\":\"https:\/\/wifi.se\/es\/#website\"},\"primaryImageOfPage\":{\"@id\":\"https:\/\/wifi.se\/es\/product\/sim-especial-espana-elige-entre-1-y-6-meses-total-400-gb-100-gb-para-europa-y-300-gb-para-espana\/#primaryimage\"},\"image\":{\"@id\":\"https:\/\/wifi.se\/es\/product\/sim-especial-espana-elige-entre-1-y-6-meses-total-400-gb-100-gb-para-europa-y-300-gb-para-espana\/#primaryimage\"},\"thumbnailUrl\":\"https:\/\/wifi.se\/es\/wp-content\/uploads\/sites\/5\/2026\/01\/spain_es_01.png\",\"datePublished\":\"2026-01-15T11:32:30+00:00\",\"dateModified\":\"2026-02-12T10:45:56+00:00\",\"description\":\"Tarjeta SIM Roaming sin activar \u2013 Act\u00edvala cuando la necesites. Ideal para tu viaje. Ya no tendr\u00e1s que preocuparte por quedarte sin datos en Europa.\",\"breadcrumb\":{\"@id\":\"https:\/\/wifi.se\/es\/product\/sim-especial-espana-elige-entre-1-y-6-meses-total-400-gb-100-gb-para-europa-y-300-gb-para-espana\/#breadcrumb\"},\"inLanguage\":\"es\",\"potentialAction\":[{\"@type\":\"ReadAction\",\"target\":[\"https:\/\/wifi.se\/es\/product\/sim-especial-espana-elige-entre-1-y-6-meses-total-400-gb-100-gb-para-europa-y-300-gb-para-espana\/\"]}]},{\"@type\":\"ImageObject\",\"inLanguage\":\"es\",\"@id\":\"https:\/\/wifi.se\/es\/product\/sim-especial-espana-elige-entre-1-y-6-meses-total-400-gb-100-gb-para-europa-y-300-gb-para-espana\/#primaryimage\",\"url\":\"https:\/\/wifi.se\/es\/wp-content\/uploads\/sites\/5\/2026\/01\/spain_es_01.png\",\"contentUrl\":\"https:\/\/wifi.se\/es\/wp-content\/uploads\/sites\/5\/2026\/01\/spain_es_01.png\",\"width\":800,\"height\":800},{\"@type\":\"BreadcrumbList\",\"@id\":\"https:\/\/wifi.se\/es\/product\/sim-especial-espana-elige-entre-1-y-6-meses-total-400-gb-100-gb-para-europa-y-300-gb-para-espana\/#breadcrumb\",\"itemListElement\":[{\"@type\":\"ListItem\",\"position\":1,\"name\":\"Hem\",\"item\":\"https:\/\/wifi.se\/es\/\"},{\"@type\":\"ListItem\",\"position\":2,\"name\":\"Tienda\",\"item\":\"https:\/\/wifi.se\/es\/compra-en-nuestra-tienda-online\/\"},{\"@type\":\"ListItem\",\"position\":3,\"name\":\"Sim especial Espa\u00f1a \u2013 elige entre 1 y 6 meses \u2013 total 400 GB \u2013 100 GB para Europa y 300 GB para Espa\u00f1a\"}]},{\"@type\":\"WebSite\",\"@id\":\"https:\/\/wifi.se\/es\/#website\",\"url\":\"https:\/\/wifi.se\/es\/\",\"name\":\"WIFI.SE\/ES\",\"description\":\"INTERNET EN TODAS PARTES\",\"potentialAction\":[{\"@type\":\"SearchAction\",\"target\":{\"@type\":\"EntryPoint\",\"urlTemplate\":\"https:\/\/wifi.se\/es\/?s={search_term_string}\"},\"query-input\":{\"@type\":\"PropertyValueSpecification\",\"valueRequired\":true,\"valueName\":\"search_term_string\"}}],\"inLanguage\":\"es\"}]}<\/script>\n<!-- \/ Yoast SEO plugin. -->","yoast_head_json":{"title":"Sim especial Espa\u00f1a \u2013 elige entre 1 y 6 meses \u2013 total 400 GB \u2013 100 GB para Europa y 300 GB para Espa\u00f1a - WIFI.SE\/ES","description":"Tarjeta SIM Roaming sin activar \u2013 Act\u00edvala cuando la necesites. Ideal para tu viaje. Ya no tendr\u00e1s que preocuparte por quedarte sin datos en Europa.","robots":{"index":"index","follow":"follow","max-snippet":"max-snippet:-1","max-image-preview":"max-image-preview:large","max-video-preview":"max-video-preview:-1"},"canonical":"https:\/\/wifi.se\/es\/product\/sim-especial-espana-elige-entre-1-y-6-meses-total-400-gb-100-gb-para-europa-y-300-gb-para-espana\/","og_locale":"es_ES","og_type":"article","og_title":"Sim especial Espa\u00f1a \u2013 elige entre 1 y 6 meses \u2013 total 400 GB \u2013 100 GB para Europa y 300 GB para Espa\u00f1a - WIFI.SE\/ES","og_description":"Tarjeta SIM Roaming sin activar \u2013 Act\u00edvala cuando la necesites. Ideal para tu viaje. Ya no tendr\u00e1s que preocuparte por quedarte sin datos en Europa.","og_url":"https:\/\/wifi.se\/es\/product\/sim-especial-espana-elige-entre-1-y-6-meses-total-400-gb-100-gb-para-europa-y-300-gb-para-espana\/","og_site_name":"WIFI.SE\/ES","article_modified_time":"2026-02-12T10:45:56+00:00","og_image":[{"width":800,"height":800,"url":"https:\/\/wifi.se\/es\/wp-content\/uploads\/sites\/5\/2026\/01\/spain_es_01.png","type":"image\/png"}],"twitter_card":"summary_large_image","twitter_misc":{"Tiempo de lectura":"1 minuto"},"schema":{"@context":"https:\/\/schema.org","@graph":[{"@type":"WebPage","@id":"https:\/\/wifi.se\/es\/product\/sim-especial-espana-elige-entre-1-y-6-meses-total-400-gb-100-gb-para-europa-y-300-gb-para-espana\/","url":"https:\/\/wifi.se\/es\/product\/sim-especial-espana-elige-entre-1-y-6-meses-total-400-gb-100-gb-para-europa-y-300-gb-para-espana\/","name":"Sim especial Espa\u00f1a \u2013 elige entre 1 y 6 meses \u2013 total 400 GB \u2013 100 GB para Europa y 300 GB para Espa\u00f1a - WIFI.SE\/ES","isPartOf":{"@id":"https:\/\/wifi.se\/es\/#website"},"primaryImageOfPage":{"@id":"https:\/\/wifi.se\/es\/product\/sim-especial-espana-elige-entre-1-y-6-meses-total-400-gb-100-gb-para-europa-y-300-gb-para-espana\/#primaryimage"},"image":{"@id":"https:\/\/wifi.se\/es\/product\/sim-especial-espana-elige-entre-1-y-6-meses-total-400-gb-100-gb-para-europa-y-300-gb-para-espana\/#primaryimage"},"thumbnailUrl":"https:\/\/wifi.se\/es\/wp-content\/uploads\/sites\/5\/2026\/01\/spain_es_01.png","datePublished":"2026-01-15T11:32:30+00:00","dateModified":"2026-02-12T10:45:56+00:00","description":"Tarjeta SIM Roaming sin activar \u2013 Act\u00edvala cuando la necesites. Ideal para tu viaje. Ya no tendr\u00e1s que preocuparte por quedarte sin datos en Europa.","breadcrumb":{"@id":"https:\/\/wifi.se\/es\/product\/sim-especial-espana-elige-entre-1-y-6-meses-total-400-gb-100-gb-para-europa-y-300-gb-para-espana\/#breadcrumb"},"inLanguage":"es","potentialAction":[{"@type":"ReadAction","target":["https:\/\/wifi.se\/es\/product\/sim-especial-espana-elige-entre-1-y-6-meses-total-400-gb-100-gb-para-europa-y-300-gb-para-espana\/"]}]},{"@type":"ImageObject","inLanguage":"es","@id":"https:\/\/wifi.se\/es\/product\/sim-especial-espana-elige-entre-1-y-6-meses-total-400-gb-100-gb-para-europa-y-300-gb-para-espana\/#primaryimage","url":"https:\/\/wifi.se\/es\/wp-content\/uploads\/sites\/5\/2026\/01\/spain_es_01.png","contentUrl":"https:\/\/wifi.se\/es\/wp-content\/uploads\/sites\/5\/2026\/01\/spain_es_01.png","width":800,"height":800},{"@type":"BreadcrumbList","@id":"https:\/\/wifi.se\/es\/product\/sim-especial-espana-elige-entre-1-y-6-meses-total-400-gb-100-gb-para-europa-y-300-gb-para-espana\/#breadcrumb","itemListElement":[{"@type":"ListItem","position":1,"name":"Hem","item":"https:\/\/wifi.se\/es\/"},{"@type":"ListItem","position":2,"name":"Tienda","item":"https:\/\/wifi.se\/es\/compra-en-nuestra-tienda-online\/"},{"@type":"ListItem","position":3,"name":"Sim especial Espa\u00f1a \u2013 elige entre 1 y 6 meses \u2013 total 400 GB \u2013 100 GB para Europa y 300 GB para Espa\u00f1a"}]},{"@type":"WebSite","@id":"https:\/\/wifi.se\/es\/#website","url":"https:\/\/wifi.se\/es\/","name":"WIFI.SE\/ES","description":"INTERNET EN TODAS PARTES","potentialAction":[{"@type":"SearchAction","target":{"@type":"EntryPoint","urlTemplate":"https:\/\/wifi.se\/es\/?s={search_term_string}"},"query-input":{"@type":"PropertyValueSpecification","valueRequired":true,"valueName":"search_term_string"}}],"inLanguage":"es"}]}},"_links":{"self":[{"href":"https:\/\/wifi.se\/es\/wp-json\/wp\/v2\/product\/32825","targetHints":{"allow":["GET"]}}],"collection":[{"href":"https:\/\/wifi.se\/es\/wp-json\/wp\/v2\/product"}],"about":[{"href":"https:\/\/wifi.se\/es\/wp-json\/wp\/v2\/types\/product"}],"wp:featuredmedia":[{"embeddable":true,"href":"https:\/\/wifi.se\/es\/wp-json\/wp\/v2\/media\/32826"}],"wp:attachment":[{"href":"https:\/\/wifi.se\/es\/wp-json\/wp\/v2\/media?parent=32825"}],"wp:term":[{"taxonomy":"product_brand","embeddable":true,"href":"https:\/\/wifi.se\/es\/wp-json\/wp\/v2\/product_brand?post=32825"},{"taxonomy":"product_cat","embeddable":true,"href":"https:\/\/wifi.se\/es\/wp-json\/wp\/v2\/product_cat?post=32825"},{"taxonomy":"product_tag","embeddable":true,"href":"https:\/\/wifi.se\/es\/wp-json\/wp\/v2\/product_tag?post=32825"}],"curies":[{"name":"wp","href":"https:\/\/api.w.org\/{rel}","templated":true}]}}