{"id":32821,"date":"2026-01-15T13:14:38","date_gmt":"2026-01-15T11:14:38","guid":{"rendered":"https:\/\/wifi.se\/es\/?post_type=product&#038;p=32821"},"modified":"2026-02-12T12:45:42","modified_gmt":"2026-02-12T10:45:42","slug":"esim-de-400gb-especial-espana","status":"publish","type":"product","link":"https:\/\/wifi.se\/es\/product\/esim-de-400gb-especial-espana\/","title":{"rendered":"eSIM de roaming Spain Special: 100 GB de roaming m\u00e1s 300 GB en Espa\u00f1a, o 400 GB en Espa\u00f1a. 5G a m\u00e1xima velocidad, sin l\u00edmites diarios, act\u00edvalo cuando quieras."},"content":{"rendered":"<p data-start=\"0\" data-end=\"259\">Wifi.se ofrece una <strong data-start=\"19\" data-end=\"33\">eSIM \u00fanica<\/strong> dise\u00f1ada para clientes que pasan largas temporadas en Espa\u00f1a y tambi\u00e9n viajan por Europa. La eSIM incluye <strong data-start=\"140\" data-end=\"174\">100 GB para uso en toda Europa<\/strong> m\u00e1s <strong data-start=\"179\" data-end=\"212\">300 GB exclusivos para Espa\u00f1a<\/strong>, lo que te da un total de <strong data-start=\"239\" data-end=\"258\">400 GB de datos<\/strong>.<\/p>\n<p data-start=\"261\" data-end=\"483\">Puedes usar la eSIM mientras viajas por Europa y a\u00fan as\u00ed tener muchos datos disponibles cuando llegues a Espa\u00f1a. Si no usas datos durante el trayecto, los <strong data-start=\"416\" data-end=\"449\">300 GB reservados para Espa\u00f1a<\/strong> estar\u00e1n completos cuando llegues.<\/p>\n<p data-start=\"485\" data-end=\"635\">La eSIM funciona en modalidad prepago. Puedes elegir un per\u00edodo de activaci\u00f3n de <strong data-start=\"566\" data-end=\"581\">1 a 6 meses<\/strong>. La eSIM no se activa hasta que t\u00fa decidas iniciarla.<\/p>\n<p data-start=\"637\" data-end=\"965\">Despu\u00e9s de realizar el pedido, tendr\u00e1s acceso a <strong data-start=\"685\" data-end=\"700\">Mis P\u00e1ginas<\/strong>, donde podr\u00e1s elegir tu plan de datos y el per\u00edodo de activaci\u00f3n. Una vez pagado el plan, recibir\u00e1s un <strong data-start=\"804\" data-end=\"817\">c\u00f3digo QR<\/strong>. Escanea este c\u00f3digo en tu smartphone o en un router compatible con eSIM para instalar y activar la eSIM. Cada c\u00f3digo QR solo puede usarse una vez.<\/p>\n<p data-start=\"967\" data-end=\"1076\" data-is-last-node=\"\" data-is-only-node=\"\">La eSIM es v\u00e1lida por <strong data-start=\"989\" data-end=\"1026\">30 d\u00edas por cada mes seleccionado<\/strong>.<br data-start=\"1027\" data-end=\"1030\" \/>Los precios comienzan desde <strong data-start=\"1058\" data-end=\"1075\">79 EUR al mes<\/strong>.<\/p>\n","protected":false},"excerpt":{"rendered":"<p data-start=\"62\" data-end=\"190\">eSIM de roaming digital para quienes desean una conexi\u00f3n r\u00e1pida y estable dentro de la UE, as\u00ed como en el Reino Unido y Noruega.<\/p>\n<p data-start=\"192\" data-end=\"315\">Ofrece 5G a m\u00e1xima velocidad sin l\u00edmites diarios y es ideal para viajes, streaming, trabajo remoto y estancias prolongadas.<\/p>\n<p data-start=\"317\" data-end=\"544\">Al pagar <strong data-start=\"326\" data-end=\"333\">5 \u20ac<\/strong>, te registras como cliente con nosotros y obtienes acceso a <strong data-start=\"394\" data-end=\"406\">My Pages<\/strong>, tu portal personal de cliente.<br data-start=\"438\" data-end=\"441\" \/>El plan de datos y el per\u00edodo de validez se eligen y se pagan \u00fanicamente cuando realizas la activaci\u00f3n.<\/p>\n<p data-start=\"546\" data-end=\"636\" data-is-last-node=\"\" data-is-only-node=\"\">Sin compromiso y sin renovaci\u00f3n autom\u00e1tica.<br data-start=\"589\" data-end=\"592\" \/>Requiere un dispositivo compatible con eSIM.<\/p>\n","protected":false},"featured_media":32822,"template":"","meta":{"_acf_changed":false},"product_brand":[],"product_cat":[472,446],"product_tag":[484,450,483],"class_list":{"0":"post-32821","1":"product","2":"type-product","3":"status-publish","4":"has-post-thumbnail","6":"product_cat-sim-5g-roaming-europa","7":"product_cat-esim-5g","8":"product_tag-400gbspain","9":"product_tag-esim","10":"product_tag-especial-espana","12":"first","13":"instock","14":"virtual","15":"taxable","16":"purchasable","17":"product-type-simple"},"bundled_by":[],"bundle_stock_status":"instock","bundle_stock_quantity":null,"bundle_virtual":false,"bundle_layout":"","bundle_add_to_cart_form_location":"","bundle_editable_in_cart":false,"bundle_sold_individually_context":"","bundle_item_grouping":"","bundle_min_size":"","bundle_max_size":"","bundle_price":[],"bundled_items":[],"bundle_sell_ids":[],"acf":{"accounting_number":"","accounting_number_kopiera2":"","accounting_number_kopiera3":"","accounting_number_kopiera4":"","accounting_number_kopiera5":"","accounting_number_kopiera6":""},"yoast_head":"<!-- This site is optimized with the Yoast SEO plugin v27.1.1 - https:\/\/yoast.com\/product\/yoast-seo-wordpress\/ -->\n<title>eSIM de roaming Spain Special: 100 GB de roaming m\u00e1s 300 GB en Espa\u00f1a, o 400 GB en Espa\u00f1a. 5G a m\u00e1xima velocidad, sin l\u00edmites diarios, act\u00edvalo cuando quieras. - WIFI.SE\/ES<\/title>\n<meta name=\"robots\" content=\"index, follow, max-snippet:-1, max-image-preview:large, max-video-preview:-1\" \/>\n<link rel=\"canonical\" href=\"https:\/\/wifi.se\/es\/product\/esim-de-400gb-especial-espana\/\" \/>\n<meta property=\"og:locale\" content=\"es_ES\" \/>\n<meta property=\"og:type\" content=\"article\" \/>\n<meta property=\"og:title\" content=\"eSIM de roaming Spain Special: 100 GB de roaming m\u00e1s 300 GB en Espa\u00f1a, o 400 GB en Espa\u00f1a. 5G a m\u00e1xima velocidad, sin l\u00edmites diarios, act\u00edvalo cuando quieras. - WIFI.SE\/ES\" \/>\n<meta property=\"og:description\" content=\"eSIM de roaming digital para quienes desean una conexi\u00f3n r\u00e1pida y estable dentro de la UE, as\u00ed como en el Reino Unido y Noruega. Ofrece 5G a m\u00e1xima velocidad sin l\u00edmites diarios y es ideal para viajes, streaming, trabajo remoto y estancias prolongadas. Al pagar 5 \u20ac, te registras como cliente con nosotros y obtienes acceso a My Pages, tu portal personal de cliente.El plan de datos y el per\u00edodo de validez se eligen y se pagan \u00fanicamente cuando realizas la activaci\u00f3n. Sin compromiso y sin renovaci\u00f3n autom\u00e1tica.Requiere un dispositivo compatible con eSIM.\" \/>\n<meta property=\"og:url\" content=\"https:\/\/wifi.se\/es\/product\/esim-de-400gb-especial-espana\/\" \/>\n<meta property=\"og:site_name\" content=\"WIFI.SE\/ES\" \/>\n<meta property=\"article:modified_time\" content=\"2026-02-12T10:45:42+00:00\" \/>\n<meta property=\"og:image\" content=\"https:\/\/wifi.se\/es\/wp-content\/uploads\/sites\/5\/2026\/01\/eSIM_01_es.png\" \/>\n\t<meta property=\"og:image:width\" content=\"800\" \/>\n\t<meta property=\"og:image:height\" content=\"800\" \/>\n\t<meta property=\"og:image:type\" content=\"image\/png\" \/>\n<meta name=\"twitter:card\" content=\"summary_large_image\" \/>\n<meta name=\"twitter:label1\" content=\"Tiempo de lectura\" \/>\n\t<meta name=\"twitter:data1\" content=\"2 minutos\" \/>\n<script type=\"application\/ld+json\" class=\"yoast-schema-graph\">{\"@context\":\"https:\/\/schema.org\",\"@graph\":[{\"@type\":\"WebPage\",\"@id\":\"https:\/\/wifi.se\/es\/product\/esim-de-400gb-especial-espana\/\",\"url\":\"https:\/\/wifi.se\/es\/product\/esim-de-400gb-especial-espana\/\",\"name\":\"eSIM de roaming Spain Special: 100 GB de roaming m\u00e1s 300 GB en Espa\u00f1a, o 400 GB en Espa\u00f1a. 5G a m\u00e1xima velocidad, sin l\u00edmites diarios, act\u00edvalo cuando quieras. - WIFI.SE\/ES\",\"isPartOf\":{\"@id\":\"https:\/\/wifi.se\/es\/#website\"},\"primaryImageOfPage\":{\"@id\":\"https:\/\/wifi.se\/es\/product\/esim-de-400gb-especial-espana\/#primaryimage\"},\"image\":{\"@id\":\"https:\/\/wifi.se\/es\/product\/esim-de-400gb-especial-espana\/#primaryimage\"},\"thumbnailUrl\":\"https:\/\/wifi.se\/es\/wp-content\/uploads\/sites\/5\/2026\/01\/eSIM_01_es.png\",\"datePublished\":\"2026-01-15T11:14:38+00:00\",\"dateModified\":\"2026-02-12T10:45:42+00:00\",\"breadcrumb\":{\"@id\":\"https:\/\/wifi.se\/es\/product\/esim-de-400gb-especial-espana\/#breadcrumb\"},\"inLanguage\":\"es\",\"potentialAction\":[{\"@type\":\"ReadAction\",\"target\":[\"https:\/\/wifi.se\/es\/product\/esim-de-400gb-especial-espana\/\"]}]},{\"@type\":\"ImageObject\",\"inLanguage\":\"es\",\"@id\":\"https:\/\/wifi.se\/es\/product\/esim-de-400gb-especial-espana\/#primaryimage\",\"url\":\"https:\/\/wifi.se\/es\/wp-content\/uploads\/sites\/5\/2026\/01\/eSIM_01_es.png\",\"contentUrl\":\"https:\/\/wifi.se\/es\/wp-content\/uploads\/sites\/5\/2026\/01\/eSIM_01_es.png\",\"width\":800,\"height\":800,\"caption\":\"Especial Espa\u00f1a\"},{\"@type\":\"BreadcrumbList\",\"@id\":\"https:\/\/wifi.se\/es\/product\/esim-de-400gb-especial-espana\/#breadcrumb\",\"itemListElement\":[{\"@type\":\"ListItem\",\"position\":1,\"name\":\"Hem\",\"item\":\"https:\/\/wifi.se\/es\/\"},{\"@type\":\"ListItem\",\"position\":2,\"name\":\"Tienda\",\"item\":\"https:\/\/wifi.se\/es\/compra-en-nuestra-tienda-online\/\"},{\"@type\":\"ListItem\",\"position\":3,\"name\":\"eSIM de roaming Spain Special: 100 GB de roaming m\u00e1s 300 GB en Espa\u00f1a, o 400 GB en Espa\u00f1a. 5G a m\u00e1xima velocidad, sin l\u00edmites diarios, act\u00edvalo cuando quieras.\"}]},{\"@type\":\"WebSite\",\"@id\":\"https:\/\/wifi.se\/es\/#website\",\"url\":\"https:\/\/wifi.se\/es\/\",\"name\":\"WIFI.SE\/ES\",\"description\":\"INTERNET EN TODAS PARTES\",\"potentialAction\":[{\"@type\":\"SearchAction\",\"target\":{\"@type\":\"EntryPoint\",\"urlTemplate\":\"https:\/\/wifi.se\/es\/?s={search_term_string}\"},\"query-input\":{\"@type\":\"PropertyValueSpecification\",\"valueRequired\":true,\"valueName\":\"search_term_string\"}}],\"inLanguage\":\"es\"}]}<\/script>\n<!-- \/ Yoast SEO plugin. -->","yoast_head_json":{"title":"eSIM de roaming Spain Special: 100 GB de roaming m\u00e1s 300 GB en Espa\u00f1a, o 400 GB en Espa\u00f1a. 5G a m\u00e1xima velocidad, sin l\u00edmites diarios, act\u00edvalo cuando quieras. - WIFI.SE\/ES","robots":{"index":"index","follow":"follow","max-snippet":"max-snippet:-1","max-image-preview":"max-image-preview:large","max-video-preview":"max-video-preview:-1"},"canonical":"https:\/\/wifi.se\/es\/product\/esim-de-400gb-especial-espana\/","og_locale":"es_ES","og_type":"article","og_title":"eSIM de roaming Spain Special: 100 GB de roaming m\u00e1s 300 GB en Espa\u00f1a, o 400 GB en Espa\u00f1a. 5G a m\u00e1xima velocidad, sin l\u00edmites diarios, act\u00edvalo cuando quieras. - WIFI.SE\/ES","og_description":"eSIM de roaming digital para quienes desean una conexi\u00f3n r\u00e1pida y estable dentro de la UE, as\u00ed como en el Reino Unido y Noruega. Ofrece 5G a m\u00e1xima velocidad sin l\u00edmites diarios y es ideal para viajes, streaming, trabajo remoto y estancias prolongadas. Al pagar 5 \u20ac, te registras como cliente con nosotros y obtienes acceso a My Pages, tu portal personal de cliente.El plan de datos y el per\u00edodo de validez se eligen y se pagan \u00fanicamente cuando realizas la activaci\u00f3n. Sin compromiso y sin renovaci\u00f3n autom\u00e1tica.Requiere un dispositivo compatible con eSIM.","og_url":"https:\/\/wifi.se\/es\/product\/esim-de-400gb-especial-espana\/","og_site_name":"WIFI.SE\/ES","article_modified_time":"2026-02-12T10:45:42+00:00","og_image":[{"width":800,"height":800,"url":"https:\/\/wifi.se\/es\/wp-content\/uploads\/sites\/5\/2026\/01\/eSIM_01_es.png","type":"image\/png"}],"twitter_card":"summary_large_image","twitter_misc":{"Tiempo de lectura":"2 minutos"},"schema":{"@context":"https:\/\/schema.org","@graph":[{"@type":"WebPage","@id":"https:\/\/wifi.se\/es\/product\/esim-de-400gb-especial-espana\/","url":"https:\/\/wifi.se\/es\/product\/esim-de-400gb-especial-espana\/","name":"eSIM de roaming Spain Special: 100 GB de roaming m\u00e1s 300 GB en Espa\u00f1a, o 400 GB en Espa\u00f1a. 5G a m\u00e1xima velocidad, sin l\u00edmites diarios, act\u00edvalo cuando quieras. - WIFI.SE\/ES","isPartOf":{"@id":"https:\/\/wifi.se\/es\/#website"},"primaryImageOfPage":{"@id":"https:\/\/wifi.se\/es\/product\/esim-de-400gb-especial-espana\/#primaryimage"},"image":{"@id":"https:\/\/wifi.se\/es\/product\/esim-de-400gb-especial-espana\/#primaryimage"},"thumbnailUrl":"https:\/\/wifi.se\/es\/wp-content\/uploads\/sites\/5\/2026\/01\/eSIM_01_es.png","datePublished":"2026-01-15T11:14:38+00:00","dateModified":"2026-02-12T10:45:42+00:00","breadcrumb":{"@id":"https:\/\/wifi.se\/es\/product\/esim-de-400gb-especial-espana\/#breadcrumb"},"inLanguage":"es","potentialAction":[{"@type":"ReadAction","target":["https:\/\/wifi.se\/es\/product\/esim-de-400gb-especial-espana\/"]}]},{"@type":"ImageObject","inLanguage":"es","@id":"https:\/\/wifi.se\/es\/product\/esim-de-400gb-especial-espana\/#primaryimage","url":"https:\/\/wifi.se\/es\/wp-content\/uploads\/sites\/5\/2026\/01\/eSIM_01_es.png","contentUrl":"https:\/\/wifi.se\/es\/wp-content\/uploads\/sites\/5\/2026\/01\/eSIM_01_es.png","width":800,"height":800,"caption":"Especial Espa\u00f1a"},{"@type":"BreadcrumbList","@id":"https:\/\/wifi.se\/es\/product\/esim-de-400gb-especial-espana\/#breadcrumb","itemListElement":[{"@type":"ListItem","position":1,"name":"Hem","item":"https:\/\/wifi.se\/es\/"},{"@type":"ListItem","position":2,"name":"Tienda","item":"https:\/\/wifi.se\/es\/compra-en-nuestra-tienda-online\/"},{"@type":"ListItem","position":3,"name":"eSIM de roaming Spain Special: 100 GB de roaming m\u00e1s 300 GB en Espa\u00f1a, o 400 GB en Espa\u00f1a. 5G a m\u00e1xima velocidad, sin l\u00edmites diarios, act\u00edvalo cuando quieras."}]},{"@type":"WebSite","@id":"https:\/\/wifi.se\/es\/#website","url":"https:\/\/wifi.se\/es\/","name":"WIFI.SE\/ES","description":"INTERNET EN TODAS PARTES","potentialAction":[{"@type":"SearchAction","target":{"@type":"EntryPoint","urlTemplate":"https:\/\/wifi.se\/es\/?s={search_term_string}"},"query-input":{"@type":"PropertyValueSpecification","valueRequired":true,"valueName":"search_term_string"}}],"inLanguage":"es"}]}},"_links":{"self":[{"href":"https:\/\/wifi.se\/es\/wp-json\/wp\/v2\/product\/32821","targetHints":{"allow":["GET"]}}],"collection":[{"href":"https:\/\/wifi.se\/es\/wp-json\/wp\/v2\/product"}],"about":[{"href":"https:\/\/wifi.se\/es\/wp-json\/wp\/v2\/types\/product"}],"wp:featuredmedia":[{"embeddable":true,"href":"https:\/\/wifi.se\/es\/wp-json\/wp\/v2\/media\/32822"}],"wp:attachment":[{"href":"https:\/\/wifi.se\/es\/wp-json\/wp\/v2\/media?parent=32821"}],"wp:term":[{"taxonomy":"product_brand","embeddable":true,"href":"https:\/\/wifi.se\/es\/wp-json\/wp\/v2\/product_brand?post=32821"},{"taxonomy":"product_cat","embeddable":true,"href":"https:\/\/wifi.se\/es\/wp-json\/wp\/v2\/product_cat?post=32821"},{"taxonomy":"product_tag","embeddable":true,"href":"https:\/\/wifi.se\/es\/wp-json\/wp\/v2\/product_tag?post=32821"}],"curies":[{"name":"wp","href":"https:\/\/api.w.org\/{rel}","templated":true}]}}