{"id":28920,"date":"2024-08-10T16:36:23","date_gmt":"2024-08-10T14:36:23","guid":{"rendered":"https:\/\/wifi.se\/?post_type=product&#038;p=28920"},"modified":"2025-05-05T16:20:19","modified_gmt":"2025-05-05T14:20:19","slug":"hybrid-traveller-router-5g-portatil-con-bateria-de-respaldo-hasta-8-horas","status":"publish","type":"product","link":"https:\/\/wifi.se\/es\/product\/hybrid-traveller-router-5g-portatil-con-bateria-de-respaldo-hasta-8-horas\/","title":{"rendered":"Hybrid Traveller &#8211; Router 5G port\u00e1til con bater\u00eda de respaldo hasta 8 horas"},"content":{"rendered":"<div class=\"moz-text-html\" lang=\"x-unicode\">\n<div class=\"\">\n<div class=\"\"><span style=\"font-size: 20.16px;\">5G Router Hybrid Traveller \u2013 Para todos los hogares y viajeros<\/span><\/div>\n<div class=\"\">\n<p class=\"p1\">Ya sea que est\u00e9s en casa, en tu autocaravana, en tu casa de verano, de viaje o en el mar, el <span class=\"s1\"><b>5G Hybrid Traveller<\/b><\/span> es la soluci\u00f3n perfecta para una conectividad r\u00e1pida y estable.<\/p>\n<p class=\"p1\">Este router est\u00e1 dise\u00f1ado para cubrir todas tus necesidades de conexi\u00f3n, sin importar d\u00f3nde te encuentres. Gracias a su avanzada tecnolog\u00eda 5G, siempre estar\u00e1s conectado, ya sea para trabajar, ver contenido en streaming o mantenerte en contacto.<\/p>\n<hr class=\"\" \/>\n<h3 class=\"p1\">Un potente router 5G para uso port\u00e1til o instalaci\u00f3n fija<b><\/b><\/h3>\n<p class=\"p3\">El <span class=\"s1\"><b>5G Hybrid Traveller<\/b><\/span> es un router port\u00e1til con una gran ventaja: es tan potente que tambi\u00e9n puede utilizarse como un dispositivo fijo. Su dise\u00f1o compacto y resistente, combinado con una bater\u00eda integrada de 8 horas de autonom\u00eda, permite llevarlo de un lugar a otro con facilidad. Su versatilidad lo hace ideal para cualquier situaci\u00f3n.<\/p>\n<hr class=\"\" \/>\n<h3 class=\"\">Antenas integradas de alto rendimiento \u2013 Para quienes no quieren una antena de techo<b><\/b><\/h3>\n<p class=\"p3\">Uno de los mayores beneficios del <span class=\"s1\"><b>5G Hybrid Traveller<\/b><\/span> son sus potentes antenas integradas. Sus elementos de antena son tan eficientes que, en la mayor\u00eda de los casos, no ser\u00e1 necesario instalar una antena en el techo. Este router, ligeramente m\u00e1s grande que los modelos port\u00e1tiles convencionales, ofrece una se\u00f1al fuerte y una conexi\u00f3n estable incluso en zonas con cobertura limitada. Su dise\u00f1o innovador lo convierte en la opci\u00f3n perfecta para viajeros que no quieren sacrificar velocidad ni estabilidad en ning\u00fan lugar.<\/p>\n<hr class=\"\" \/>\n<h3 class=\"p1\">Conexi\u00f3n 5G ultrarr\u00e1pida en cualquier lugar<b><\/b><\/h3>\n<p class=\"p3\">Con el <span class=\"s1\"><b>5G Hybrid Traveller<\/b><\/span>, acceder\u00e1s a la \u00faltima tecnolog\u00eda 5G, lo que te permitir\u00e1 disfrutar de velocidades de conexi\u00f3n ultra r\u00e1pidas. Disfruta de streaming en alta calidad, videollamadas en HD y descargas de archivos pesados en cuesti\u00f3n de segundos, incluso en \u00e1reas remotas.<\/p>\n<hr class=\"\" \/>\n<h3 class=\"p1\">Fabricado con orgullo por nosotros<b><\/b><\/h3>\n<p class=\"p3\">El <span class=\"s1\"><b>5G Hybrid Traveller<\/b><\/span> es el resultado de nuestra dedicaci\u00f3n a la calidad y la innovaci\u00f3n. Dise\u00f1ado y fabricado por nuestro equipo, este router representa nuestro compromiso con la tecnolog\u00eda de vanguardia y las necesidades espec\u00edficas de nuestros clientes. Conf\u00eda en un producto desarrollado con experiencia, atenci\u00f3n al detalle y un profundo conocimiento de lo que realmente necesitan los viajeros.<\/p>\n<\/div>\n<\/div>\n<\/div>\n","protected":false},"excerpt":{"rendered":"<p>5G Hybrid Traveller, la \u00faltima innovaci\u00f3n en conectividad m\u00f3vil, dise\u00f1ada y fabricada por nosotros para satisfacer las demandas de los viajeros modernos. Ya sea que est\u00e9s en casa, de viaje en tu autocaravana o explorando nuevos destinos en tu caravana, este router 5G garantiza que siempre est\u00e9s conectado, sin importar a d\u00f3nde te lleve tu viaje.<\/p>\n","protected":false},"featured_media":30248,"template":"","meta":{"_acf_changed":false},"product_brand":[],"product_cat":[464,448],"product_tag":[290,452],"class_list":{"0":"post-28920","1":"product","2":"type-product","3":"status-publish","4":"has-post-thumbnail","6":"product_cat-router","7":"product_cat-router-5g-hybrid-traveller","8":"product_tag-100-gb","9":"product_tag-hybrid-traveller","10":"product_shipping_class-antenner","11":"product_shipping_class-fri-frakt","12":"product_shipping_class-pafyllning","13":"product_shipping_class-sim-kort","14":"product_shipping_class-sim-kort-med-router","15":"product_shipping_class-stor-antenn","16":"product_shipping_class-tillbehor","18":"first","19":"instock","20":"taxable","21":"shipping-taxable","22":"purchasable","23":"product-type-simple"},"bundled_by":[],"bundle_stock_status":"instock","bundle_stock_quantity":null,"bundle_virtual":false,"bundle_layout":"","bundle_add_to_cart_form_location":"","bundle_editable_in_cart":false,"bundle_sold_individually_context":"","bundle_item_grouping":"","bundle_min_size":"","bundle_max_size":"","bundle_price":[],"bundled_items":[],"bundle_sell_ids":[],"acf":{"accounting_number":"","accounting_number_kopiera2":"","accounting_number_kopiera3":"","accounting_number_kopiera4":"","accounting_number_kopiera5":"","accounting_number_kopiera6":""},"yoast_head":"<!-- This site is optimized with the Yoast SEO plugin v27.1.1 - https:\/\/yoast.com\/product\/yoast-seo-wordpress\/ -->\n<title>Hybrid Traveller - Router 5G port\u00e1til con bater\u00eda de respaldo hasta 8 horas - WIFI.SE\/ES<\/title>\n<meta name=\"description\" content=\"Hybrid Traveller - Router 5G port\u00e1til con bater\u00eda de respaldo hasta 8 horas, preparado para uso de eSIM, Ultrarr\u00e1pido gracias a que tiene WIFI 6.\" \/>\n<meta name=\"robots\" content=\"index, follow, max-snippet:-1, max-image-preview:large, max-video-preview:-1\" \/>\n<link rel=\"canonical\" href=\"https:\/\/wifi.se\/es\/product\/hybrid-traveller-router-5g-portatil-con-bateria-de-respaldo-hasta-8-horas\/\" \/>\n<meta property=\"og:locale\" content=\"es_ES\" \/>\n<meta property=\"og:type\" content=\"article\" \/>\n<meta property=\"og:title\" content=\"Hybrid Traveller - Router 5G port\u00e1til con bater\u00eda de respaldo hasta 8 horas - WIFI.SE\/ES\" \/>\n<meta property=\"og:description\" content=\"Hybrid Traveller - Router 5G port\u00e1til con bater\u00eda de respaldo hasta 8 horas, preparado para uso de eSIM, Ultrarr\u00e1pido gracias a que tiene WIFI 6.\" \/>\n<meta property=\"og:url\" content=\"https:\/\/wifi.se\/es\/product\/hybrid-traveller-router-5g-portatil-con-bateria-de-respaldo-hasta-8-horas\/\" \/>\n<meta property=\"og:site_name\" content=\"WIFI.SE\/ES\" \/>\n<meta property=\"article:modified_time\" content=\"2025-05-05T14:20:19+00:00\" \/>\n<meta property=\"og:image\" content=\"https:\/\/wifi.se\/es\/wp-content\/uploads\/sites\/5\/2024\/08\/hybrid32.jpg\" \/>\n\t<meta property=\"og:image:width\" content=\"800\" \/>\n\t<meta property=\"og:image:height\" content=\"800\" \/>\n\t<meta property=\"og:image:type\" content=\"image\/jpeg\" \/>\n<meta name=\"twitter:card\" content=\"summary_large_image\" \/>\n<meta name=\"twitter:label1\" content=\"Tiempo de lectura\" \/>\n\t<meta name=\"twitter:data1\" content=\"2 minutos\" \/>\n<script type=\"application\/ld+json\" class=\"yoast-schema-graph\">{\"@context\":\"https:\/\/schema.org\",\"@graph\":[{\"@type\":\"WebPage\",\"@id\":\"https:\/\/wifi.se\/es\/product\/hybrid-traveller-router-5g-portatil-con-bateria-de-respaldo-hasta-8-horas\/\",\"url\":\"https:\/\/wifi.se\/es\/product\/hybrid-traveller-router-5g-portatil-con-bateria-de-respaldo-hasta-8-horas\/\",\"name\":\"Hybrid Traveller - Router 5G port\u00e1til con bater\u00eda de respaldo hasta 8 horas - WIFI.SE\/ES\",\"isPartOf\":{\"@id\":\"https:\/\/wifi.se\/es\/#website\"},\"primaryImageOfPage\":{\"@id\":\"https:\/\/wifi.se\/es\/product\/hybrid-traveller-router-5g-portatil-con-bateria-de-respaldo-hasta-8-horas\/#primaryimage\"},\"image\":{\"@id\":\"https:\/\/wifi.se\/es\/product\/hybrid-traveller-router-5g-portatil-con-bateria-de-respaldo-hasta-8-horas\/#primaryimage\"},\"thumbnailUrl\":\"https:\/\/wifi.se\/es\/wp-content\/uploads\/sites\/5\/2024\/08\/hybrid32.jpg\",\"datePublished\":\"2024-08-10T14:36:23+00:00\",\"dateModified\":\"2025-05-05T14:20:19+00:00\",\"description\":\"Hybrid Traveller - Router 5G port\u00e1til con bater\u00eda de respaldo hasta 8 horas, preparado para uso de eSIM, Ultrarr\u00e1pido gracias a que tiene WIFI 6.\",\"breadcrumb\":{\"@id\":\"https:\/\/wifi.se\/es\/product\/hybrid-traveller-router-5g-portatil-con-bateria-de-respaldo-hasta-8-horas\/#breadcrumb\"},\"inLanguage\":\"es\",\"potentialAction\":[{\"@type\":\"ReadAction\",\"target\":[\"https:\/\/wifi.se\/es\/product\/hybrid-traveller-router-5g-portatil-con-bateria-de-respaldo-hasta-8-horas\/\"]}]},{\"@type\":\"ImageObject\",\"inLanguage\":\"es\",\"@id\":\"https:\/\/wifi.se\/es\/product\/hybrid-traveller-router-5g-portatil-con-bateria-de-respaldo-hasta-8-horas\/#primaryimage\",\"url\":\"https:\/\/wifi.se\/es\/wp-content\/uploads\/sites\/5\/2024\/08\/hybrid32.jpg\",\"contentUrl\":\"https:\/\/wifi.se\/es\/wp-content\/uploads\/sites\/5\/2024\/08\/hybrid32.jpg\",\"width\":800,\"height\":800,\"caption\":\"Hybrid Traveller\"},{\"@type\":\"BreadcrumbList\",\"@id\":\"https:\/\/wifi.se\/es\/product\/hybrid-traveller-router-5g-portatil-con-bateria-de-respaldo-hasta-8-horas\/#breadcrumb\",\"itemListElement\":[{\"@type\":\"ListItem\",\"position\":1,\"name\":\"Hem\",\"item\":\"https:\/\/wifi.se\/es\/\"},{\"@type\":\"ListItem\",\"position\":2,\"name\":\"Tienda\",\"item\":\"https:\/\/wifi.se\/es\/compra-en-nuestra-tienda-online\/\"},{\"@type\":\"ListItem\",\"position\":3,\"name\":\"Hybrid Traveller &#8211; Router 5G port\u00e1til con bater\u00eda de respaldo hasta 8 horas\"}]},{\"@type\":\"WebSite\",\"@id\":\"https:\/\/wifi.se\/es\/#website\",\"url\":\"https:\/\/wifi.se\/es\/\",\"name\":\"WIFI.SE\/ES\",\"description\":\"INTERNET EN TODAS PARTES\",\"potentialAction\":[{\"@type\":\"SearchAction\",\"target\":{\"@type\":\"EntryPoint\",\"urlTemplate\":\"https:\/\/wifi.se\/es\/?s={search_term_string}\"},\"query-input\":{\"@type\":\"PropertyValueSpecification\",\"valueRequired\":true,\"valueName\":\"search_term_string\"}}],\"inLanguage\":\"es\"}]}<\/script>\n<!-- \/ Yoast SEO plugin. -->","yoast_head_json":{"title":"Hybrid Traveller - Router 5G port\u00e1til con bater\u00eda de respaldo hasta 8 horas - WIFI.SE\/ES","description":"Hybrid Traveller - Router 5G port\u00e1til con bater\u00eda de respaldo hasta 8 horas, preparado para uso de eSIM, Ultrarr\u00e1pido gracias a que tiene WIFI 6.","robots":{"index":"index","follow":"follow","max-snippet":"max-snippet:-1","max-image-preview":"max-image-preview:large","max-video-preview":"max-video-preview:-1"},"canonical":"https:\/\/wifi.se\/es\/product\/hybrid-traveller-router-5g-portatil-con-bateria-de-respaldo-hasta-8-horas\/","og_locale":"es_ES","og_type":"article","og_title":"Hybrid Traveller - Router 5G port\u00e1til con bater\u00eda de respaldo hasta 8 horas - WIFI.SE\/ES","og_description":"Hybrid Traveller - Router 5G port\u00e1til con bater\u00eda de respaldo hasta 8 horas, preparado para uso de eSIM, Ultrarr\u00e1pido gracias a que tiene WIFI 6.","og_url":"https:\/\/wifi.se\/es\/product\/hybrid-traveller-router-5g-portatil-con-bateria-de-respaldo-hasta-8-horas\/","og_site_name":"WIFI.SE\/ES","article_modified_time":"2025-05-05T14:20:19+00:00","og_image":[{"width":800,"height":800,"url":"https:\/\/wifi.se\/es\/wp-content\/uploads\/sites\/5\/2024\/08\/hybrid32.jpg","type":"image\/jpeg"}],"twitter_card":"summary_large_image","twitter_misc":{"Tiempo de lectura":"2 minutos"},"schema":{"@context":"https:\/\/schema.org","@graph":[{"@type":"WebPage","@id":"https:\/\/wifi.se\/es\/product\/hybrid-traveller-router-5g-portatil-con-bateria-de-respaldo-hasta-8-horas\/","url":"https:\/\/wifi.se\/es\/product\/hybrid-traveller-router-5g-portatil-con-bateria-de-respaldo-hasta-8-horas\/","name":"Hybrid Traveller - Router 5G port\u00e1til con bater\u00eda de respaldo hasta 8 horas - WIFI.SE\/ES","isPartOf":{"@id":"https:\/\/wifi.se\/es\/#website"},"primaryImageOfPage":{"@id":"https:\/\/wifi.se\/es\/product\/hybrid-traveller-router-5g-portatil-con-bateria-de-respaldo-hasta-8-horas\/#primaryimage"},"image":{"@id":"https:\/\/wifi.se\/es\/product\/hybrid-traveller-router-5g-portatil-con-bateria-de-respaldo-hasta-8-horas\/#primaryimage"},"thumbnailUrl":"https:\/\/wifi.se\/es\/wp-content\/uploads\/sites\/5\/2024\/08\/hybrid32.jpg","datePublished":"2024-08-10T14:36:23+00:00","dateModified":"2025-05-05T14:20:19+00:00","description":"Hybrid Traveller - Router 5G port\u00e1til con bater\u00eda de respaldo hasta 8 horas, preparado para uso de eSIM, Ultrarr\u00e1pido gracias a que tiene WIFI 6.","breadcrumb":{"@id":"https:\/\/wifi.se\/es\/product\/hybrid-traveller-router-5g-portatil-con-bateria-de-respaldo-hasta-8-horas\/#breadcrumb"},"inLanguage":"es","potentialAction":[{"@type":"ReadAction","target":["https:\/\/wifi.se\/es\/product\/hybrid-traveller-router-5g-portatil-con-bateria-de-respaldo-hasta-8-horas\/"]}]},{"@type":"ImageObject","inLanguage":"es","@id":"https:\/\/wifi.se\/es\/product\/hybrid-traveller-router-5g-portatil-con-bateria-de-respaldo-hasta-8-horas\/#primaryimage","url":"https:\/\/wifi.se\/es\/wp-content\/uploads\/sites\/5\/2024\/08\/hybrid32.jpg","contentUrl":"https:\/\/wifi.se\/es\/wp-content\/uploads\/sites\/5\/2024\/08\/hybrid32.jpg","width":800,"height":800,"caption":"Hybrid Traveller"},{"@type":"BreadcrumbList","@id":"https:\/\/wifi.se\/es\/product\/hybrid-traveller-router-5g-portatil-con-bateria-de-respaldo-hasta-8-horas\/#breadcrumb","itemListElement":[{"@type":"ListItem","position":1,"name":"Hem","item":"https:\/\/wifi.se\/es\/"},{"@type":"ListItem","position":2,"name":"Tienda","item":"https:\/\/wifi.se\/es\/compra-en-nuestra-tienda-online\/"},{"@type":"ListItem","position":3,"name":"Hybrid Traveller &#8211; Router 5G port\u00e1til con bater\u00eda de respaldo hasta 8 horas"}]},{"@type":"WebSite","@id":"https:\/\/wifi.se\/es\/#website","url":"https:\/\/wifi.se\/es\/","name":"WIFI.SE\/ES","description":"INTERNET EN TODAS PARTES","potentialAction":[{"@type":"SearchAction","target":{"@type":"EntryPoint","urlTemplate":"https:\/\/wifi.se\/es\/?s={search_term_string}"},"query-input":{"@type":"PropertyValueSpecification","valueRequired":true,"valueName":"search_term_string"}}],"inLanguage":"es"}]}},"_links":{"self":[{"href":"https:\/\/wifi.se\/es\/wp-json\/wp\/v2\/product\/28920","targetHints":{"allow":["GET"]}}],"collection":[{"href":"https:\/\/wifi.se\/es\/wp-json\/wp\/v2\/product"}],"about":[{"href":"https:\/\/wifi.se\/es\/wp-json\/wp\/v2\/types\/product"}],"wp:featuredmedia":[{"embeddable":true,"href":"https:\/\/wifi.se\/es\/wp-json\/wp\/v2\/media\/30248"}],"wp:attachment":[{"href":"https:\/\/wifi.se\/es\/wp-json\/wp\/v2\/media?parent=28920"}],"wp:term":[{"taxonomy":"product_brand","embeddable":true,"href":"https:\/\/wifi.se\/es\/wp-json\/wp\/v2\/product_brand?post=28920"},{"taxonomy":"product_cat","embeddable":true,"href":"https:\/\/wifi.se\/es\/wp-json\/wp\/v2\/product_cat?post=28920"},{"taxonomy":"product_tag","embeddable":true,"href":"https:\/\/wifi.se\/es\/wp-json\/wp\/v2\/product_tag?post=28920"}],"curies":[{"name":"wp","href":"https:\/\/api.w.org\/{rel}","templated":true}]}}