{"id":27699,"date":"2024-06-28T13:15:40","date_gmt":"2024-06-28T11:15:40","guid":{"rendered":"https:\/\/wifi.se\/?post_type=product&#038;p=27699"},"modified":"2025-02-26T20:12:19","modified_gmt":"2025-02-26T18:12:19","slug":"tarjeta-sim-de-300gb-elige-entre-1-a-6-meses-europa-sim-de-roaming","status":"publish","type":"product","link":"https:\/\/wifi.se\/es\/product\/tarjeta-sim-de-300gb-elige-entre-1-a-6-meses-europa-sim-de-roaming\/","title":{"rendered":"Tarjeta SIM de 300GB \u2013 Elige entre 1 a 6 meses | Para Europa &#8211; SIM de roaming"},"content":{"rendered":"<p class=\"p1\"><b>300 GB AL MES EN EUROPA<\/b><b><\/b><\/p>\n<p class=\"p3\">Con esta <span class=\"s1\">tarjeta SIM<\/span> puedes disfrutar de <span class=\"s1\">300 GB de datos al mes<\/span> en<span class=\"s1\">\u00a0Europa<\/span>. Funciona perfectamente en pa\u00edses como <span class=\"s1\">Francia, Italia, Espa\u00f1a, Alemania<\/span>, y en <span class=\"s1\">todos los pa\u00edses de la Eurozona 1<\/span>. (Consulta nuestra secci\u00f3n de ayuda para ver la lista completa de pa\u00edses incluidos).<\/p>\n<ul>\n<li class=\"p3\">Elige entre 1 y 6 meses de duraci\u00f3n.<\/li>\n<li class=\"p3\"><span class=\"s1\" style=\"color: #555555; font-size: 14.4px;\">El SIM no viene activado<\/span><span style=\"color: #555555; font-size: 14.4px;\">, lo activas t\u00fa mismo cuando lo necesites.<\/span><\/li>\n<li class=\"p3\">El per\u00edodo de uso comienza desde la activaci\u00f3n.<\/li>\n<li class=\"p3\">M\u00e1xima cobertura en Suecia<\/li>\n<\/ul>\n<p class=\"p3\">Este SIM ofrece la mejor cobertura en <span class=\"s1\">Suecia<\/span>, ya que se conecta <span class=\"s1\">autom\u00e1ticamente a 3 operadores<\/span>: <span class=\"s1\">Telia, Tele2 y Telenor<\/span>. Esto garantiza que siempre se conecte a la torre m\u00e1s cercana, ideal para quienes viajan a zonas con cobertura limitada.<\/p>\n<p class=\"p1\"><strong>\u00danico en su clase<\/strong><\/p>\n<p class=\"p3\">No hay ninguna otra tarjeta SIM en el mercado que <span class=\"s1\">se conecte a tres redes diferentes al mismo tiempo<\/span>. \u00a1Si quieres la mejor cobertura, este es el SIM para ti!<\/p>\n","protected":false},"excerpt":{"rendered":"<p class=\"p1\">\u00a1Wifi.se lanza una tarjeta SIM \u00fanica para quienes quieren lo mejor! Con esta tarjeta SIM, puedes disfrutar de <strong>3<\/strong><span class=\"s1\"><b>00 GB de datos al mes<\/b><\/span> en Europa. Funciona perfectamente en pa\u00edses como Francia, Italia, Espa\u00f1a, Alemania, etc., as\u00ed como en todos los pa\u00edses de la Zona Euro 1. (Consulta nuestra secci\u00f3n de ayuda para ver todos los pa\u00edses que forman parte de la Zona Euro 1).<\/p>\n<p class=\"p1\">La tarjeta SIM es v\u00e1lida de <span class=\"s1\"><b>1 a 6 meses<\/b><\/span>. Puedes activar el SIM cuando lo desees, y desde esa fecha comenzar\u00e1 tu navegaci\u00f3n.<\/p>\n<p class=\"p1\">Este SIM tambi\u00e9n ofrece la mejor cobertura en Suecia, ya que se conecta autom\u00e1ticamente a <span class=\"s1\"><b>3 operadores diferentes en Suecia<\/b><\/span>: Telia, Tele2 y Telenor. As\u00ed, siempre estar\u00e1s conectado a la torre de telefon\u00eda m\u00f3vil m\u00e1s cercana. <span class=\"s1\"><b>Es decir, este es el SIM que necesitas si viajas a lugares con mala cobertura<\/b><\/span>. No hay otro SIM que se conecte a 3 operadores diferentes.<\/p>\n","protected":false},"featured_media":26422,"template":"","meta":{"_acf_changed":false},"product_brand":[],"product_cat":[32],"product_tag":[442,427,425,40],"class_list":{"0":"post-27699","1":"product","2":"type-product","3":"status-publish","4":"has-post-thumbnail","6":"product_cat-uncategorized","7":"product_tag-300-gb","8":"product_tag-5g-sim-kort-for-europa","9":"product_tag-europa-sim","10":"product_tag-wifi","11":"product_shipping_class-antenner","13":"first","14":"instock","15":"taxable","16":"shipping-taxable","17":"purchasable","18":"product-type-simple"},"bundled_by":[],"bundle_stock_status":"instock","bundle_stock_quantity":null,"bundle_virtual":false,"bundle_layout":"","bundle_add_to_cart_form_location":"","bundle_editable_in_cart":false,"bundle_sold_individually_context":"","bundle_item_grouping":"","bundle_min_size":"","bundle_max_size":"","bundle_price":[],"bundled_items":[],"bundle_sell_ids":[],"acf":{"accounting_number":"1940","accounting_number_kopiera2":"2611","accounting_number_kopiera3":"3021","accounting_number_kopiera4":"3520","accounting_number_kopiera5":"1510","accounting_number_kopiera6":"1511"},"yoast_head":"<!-- This site is optimized with the Yoast SEO plugin v27.1.1 - https:\/\/yoast.com\/product\/yoast-seo-wordpress\/ -->\n<title>Tarjeta SIM de 300GB \u2013 Elige entre 1 a 6 meses | Para Europa - SIM de roaming<\/title>\n<meta name=\"description\" content=\"TARJETA SIM 5G CON 300 GB DE ROAMING EN EUROPA. TARJETA MENSUAL, CADA MES TIENES 300 GB NUEVAS, PIDE ENTRE 1-6 MESES, VAL\u00cdDO EN TODA UE\" \/>\n<meta name=\"robots\" content=\"index, follow, max-snippet:-1, max-image-preview:large, max-video-preview:-1\" \/>\n<link rel=\"canonical\" href=\"https:\/\/wifi.se\/es\/product\/tarjeta-sim-de-300gb-elige-entre-1-a-6-meses-europa-sim-de-roaming\/\" \/>\n<meta property=\"og:locale\" content=\"es_ES\" \/>\n<meta property=\"og:type\" content=\"article\" \/>\n<meta property=\"og:title\" content=\"Tarjeta SIM de 300GB \u2013 Elige entre 1 a 6 meses | Para Europa - SIM de roaming\" \/>\n<meta property=\"og:description\" content=\"TARJETA SIM 5G CON 300 GB DE ROAMING EN EUROPA. TARJETA MENSUAL, CADA MES TIENES 300 GB NUEVAS, PIDE ENTRE 1-6 MESES, VAL\u00cdDO EN TODA UE\" \/>\n<meta property=\"og:url\" content=\"https:\/\/wifi.se\/es\/product\/tarjeta-sim-de-300gb-elige-entre-1-a-6-meses-europa-sim-de-roaming\/\" \/>\n<meta property=\"og:site_name\" content=\"WIFI.SE\/ES\" \/>\n<meta property=\"article:modified_time\" content=\"2025-02-26T18:12:19+00:00\" \/>\n<meta property=\"og:image\" content=\"https:\/\/wifi.se\/es\/wp-content\/uploads\/sites\/5\/2024\/04\/PRODUCT_200.png\" \/>\n\t<meta property=\"og:image:width\" content=\"1024\" \/>\n\t<meta property=\"og:image:height\" content=\"768\" \/>\n\t<meta property=\"og:image:type\" content=\"image\/png\" \/>\n<meta name=\"twitter:card\" content=\"summary_large_image\" \/>\n<meta name=\"twitter:label1\" content=\"Tiempo de lectura\" \/>\n\t<meta name=\"twitter:data1\" content=\"1 minuto\" \/>\n<script type=\"application\/ld+json\" class=\"yoast-schema-graph\">{\"@context\":\"https:\/\/schema.org\",\"@graph\":[{\"@type\":\"WebPage\",\"@id\":\"https:\/\/wifi.se\/es\/product\/tarjeta-sim-de-300gb-elige-entre-1-a-6-meses-europa-sim-de-roaming\/\",\"url\":\"https:\/\/wifi.se\/es\/product\/tarjeta-sim-de-300gb-elige-entre-1-a-6-meses-europa-sim-de-roaming\/\",\"name\":\"Tarjeta SIM de 300GB \u2013 Elige entre 1 a 6 meses | Para Europa - SIM de roaming\",\"isPartOf\":{\"@id\":\"https:\/\/wifi.se\/es\/#website\"},\"primaryImageOfPage\":{\"@id\":\"https:\/\/wifi.se\/es\/product\/tarjeta-sim-de-300gb-elige-entre-1-a-6-meses-europa-sim-de-roaming\/#primaryimage\"},\"image\":{\"@id\":\"https:\/\/wifi.se\/es\/product\/tarjeta-sim-de-300gb-elige-entre-1-a-6-meses-europa-sim-de-roaming\/#primaryimage\"},\"thumbnailUrl\":\"https:\/\/wifi.se\/es\/wp-content\/uploads\/sites\/5\/2024\/04\/PRODUCT_200.png\",\"datePublished\":\"2024-06-28T11:15:40+00:00\",\"dateModified\":\"2025-02-26T18:12:19+00:00\",\"description\":\"TARJETA SIM 5G CON 300 GB DE ROAMING EN EUROPA. TARJETA MENSUAL, CADA MES TIENES 300 GB NUEVAS, PIDE ENTRE 1-6 MESES, VAL\u00cdDO EN TODA UE\",\"breadcrumb\":{\"@id\":\"https:\/\/wifi.se\/es\/product\/tarjeta-sim-de-300gb-elige-entre-1-a-6-meses-europa-sim-de-roaming\/#breadcrumb\"},\"inLanguage\":\"es\",\"potentialAction\":[{\"@type\":\"ReadAction\",\"target\":[\"https:\/\/wifi.se\/es\/product\/tarjeta-sim-de-300gb-elige-entre-1-a-6-meses-europa-sim-de-roaming\/\"]}]},{\"@type\":\"ImageObject\",\"inLanguage\":\"es\",\"@id\":\"https:\/\/wifi.se\/es\/product\/tarjeta-sim-de-300gb-elige-entre-1-a-6-meses-europa-sim-de-roaming\/#primaryimage\",\"url\":\"https:\/\/wifi.se\/es\/wp-content\/uploads\/sites\/5\/2024\/04\/PRODUCT_200.png\",\"contentUrl\":\"https:\/\/wifi.se\/es\/wp-content\/uploads\/sites\/5\/2024\/04\/PRODUCT_200.png\",\"width\":1024,\"height\":768,\"caption\":\"200 GB EUROPA SIM-KORT\"},{\"@type\":\"BreadcrumbList\",\"@id\":\"https:\/\/wifi.se\/es\/product\/tarjeta-sim-de-300gb-elige-entre-1-a-6-meses-europa-sim-de-roaming\/#breadcrumb\",\"itemListElement\":[{\"@type\":\"ListItem\",\"position\":1,\"name\":\"Hem\",\"item\":\"https:\/\/wifi.se\/es\/\"},{\"@type\":\"ListItem\",\"position\":2,\"name\":\"Tienda\",\"item\":\"https:\/\/wifi.se\/es\/compra-en-nuestra-tienda-online\/\"},{\"@type\":\"ListItem\",\"position\":3,\"name\":\"Tarjeta SIM de 300GB \u2013 Elige entre 1 a 6 meses | Para Europa &#8211; SIM de roaming\"}]},{\"@type\":\"WebSite\",\"@id\":\"https:\/\/wifi.se\/es\/#website\",\"url\":\"https:\/\/wifi.se\/es\/\",\"name\":\"WIFI.SE\/ES\",\"description\":\"INTERNET EN TODAS PARTES\",\"potentialAction\":[{\"@type\":\"SearchAction\",\"target\":{\"@type\":\"EntryPoint\",\"urlTemplate\":\"https:\/\/wifi.se\/es\/?s={search_term_string}\"},\"query-input\":{\"@type\":\"PropertyValueSpecification\",\"valueRequired\":true,\"valueName\":\"search_term_string\"}}],\"inLanguage\":\"es\"}]}<\/script>\n<!-- \/ Yoast SEO plugin. -->","yoast_head_json":{"title":"Tarjeta SIM de 300GB \u2013 Elige entre 1 a 6 meses | Para Europa - SIM de roaming","description":"TARJETA SIM 5G CON 300 GB DE ROAMING EN EUROPA. TARJETA MENSUAL, CADA MES TIENES 300 GB NUEVAS, PIDE ENTRE 1-6 MESES, VAL\u00cdDO EN TODA UE","robots":{"index":"index","follow":"follow","max-snippet":"max-snippet:-1","max-image-preview":"max-image-preview:large","max-video-preview":"max-video-preview:-1"},"canonical":"https:\/\/wifi.se\/es\/product\/tarjeta-sim-de-300gb-elige-entre-1-a-6-meses-europa-sim-de-roaming\/","og_locale":"es_ES","og_type":"article","og_title":"Tarjeta SIM de 300GB \u2013 Elige entre 1 a 6 meses | Para Europa - SIM de roaming","og_description":"TARJETA SIM 5G CON 300 GB DE ROAMING EN EUROPA. TARJETA MENSUAL, CADA MES TIENES 300 GB NUEVAS, PIDE ENTRE 1-6 MESES, VAL\u00cdDO EN TODA UE","og_url":"https:\/\/wifi.se\/es\/product\/tarjeta-sim-de-300gb-elige-entre-1-a-6-meses-europa-sim-de-roaming\/","og_site_name":"WIFI.SE\/ES","article_modified_time":"2025-02-26T18:12:19+00:00","og_image":[{"width":1024,"height":768,"url":"https:\/\/wifi.se\/es\/wp-content\/uploads\/sites\/5\/2024\/04\/PRODUCT_200.png","type":"image\/png"}],"twitter_card":"summary_large_image","twitter_misc":{"Tiempo de lectura":"1 minuto"},"schema":{"@context":"https:\/\/schema.org","@graph":[{"@type":"WebPage","@id":"https:\/\/wifi.se\/es\/product\/tarjeta-sim-de-300gb-elige-entre-1-a-6-meses-europa-sim-de-roaming\/","url":"https:\/\/wifi.se\/es\/product\/tarjeta-sim-de-300gb-elige-entre-1-a-6-meses-europa-sim-de-roaming\/","name":"Tarjeta SIM de 300GB \u2013 Elige entre 1 a 6 meses | Para Europa - SIM de roaming","isPartOf":{"@id":"https:\/\/wifi.se\/es\/#website"},"primaryImageOfPage":{"@id":"https:\/\/wifi.se\/es\/product\/tarjeta-sim-de-300gb-elige-entre-1-a-6-meses-europa-sim-de-roaming\/#primaryimage"},"image":{"@id":"https:\/\/wifi.se\/es\/product\/tarjeta-sim-de-300gb-elige-entre-1-a-6-meses-europa-sim-de-roaming\/#primaryimage"},"thumbnailUrl":"https:\/\/wifi.se\/es\/wp-content\/uploads\/sites\/5\/2024\/04\/PRODUCT_200.png","datePublished":"2024-06-28T11:15:40+00:00","dateModified":"2025-02-26T18:12:19+00:00","description":"TARJETA SIM 5G CON 300 GB DE ROAMING EN EUROPA. TARJETA MENSUAL, CADA MES TIENES 300 GB NUEVAS, PIDE ENTRE 1-6 MESES, VAL\u00cdDO EN TODA UE","breadcrumb":{"@id":"https:\/\/wifi.se\/es\/product\/tarjeta-sim-de-300gb-elige-entre-1-a-6-meses-europa-sim-de-roaming\/#breadcrumb"},"inLanguage":"es","potentialAction":[{"@type":"ReadAction","target":["https:\/\/wifi.se\/es\/product\/tarjeta-sim-de-300gb-elige-entre-1-a-6-meses-europa-sim-de-roaming\/"]}]},{"@type":"ImageObject","inLanguage":"es","@id":"https:\/\/wifi.se\/es\/product\/tarjeta-sim-de-300gb-elige-entre-1-a-6-meses-europa-sim-de-roaming\/#primaryimage","url":"https:\/\/wifi.se\/es\/wp-content\/uploads\/sites\/5\/2024\/04\/PRODUCT_200.png","contentUrl":"https:\/\/wifi.se\/es\/wp-content\/uploads\/sites\/5\/2024\/04\/PRODUCT_200.png","width":1024,"height":768,"caption":"200 GB EUROPA SIM-KORT"},{"@type":"BreadcrumbList","@id":"https:\/\/wifi.se\/es\/product\/tarjeta-sim-de-300gb-elige-entre-1-a-6-meses-europa-sim-de-roaming\/#breadcrumb","itemListElement":[{"@type":"ListItem","position":1,"name":"Hem","item":"https:\/\/wifi.se\/es\/"},{"@type":"ListItem","position":2,"name":"Tienda","item":"https:\/\/wifi.se\/es\/compra-en-nuestra-tienda-online\/"},{"@type":"ListItem","position":3,"name":"Tarjeta SIM de 300GB \u2013 Elige entre 1 a 6 meses | Para Europa &#8211; SIM de roaming"}]},{"@type":"WebSite","@id":"https:\/\/wifi.se\/es\/#website","url":"https:\/\/wifi.se\/es\/","name":"WIFI.SE\/ES","description":"INTERNET EN TODAS PARTES","potentialAction":[{"@type":"SearchAction","target":{"@type":"EntryPoint","urlTemplate":"https:\/\/wifi.se\/es\/?s={search_term_string}"},"query-input":{"@type":"PropertyValueSpecification","valueRequired":true,"valueName":"search_term_string"}}],"inLanguage":"es"}]}},"_links":{"self":[{"href":"https:\/\/wifi.se\/es\/wp-json\/wp\/v2\/product\/27699","targetHints":{"allow":["GET"]}}],"collection":[{"href":"https:\/\/wifi.se\/es\/wp-json\/wp\/v2\/product"}],"about":[{"href":"https:\/\/wifi.se\/es\/wp-json\/wp\/v2\/types\/product"}],"wp:featuredmedia":[{"embeddable":true,"href":"https:\/\/wifi.se\/es\/wp-json\/wp\/v2\/media\/26422"}],"wp:attachment":[{"href":"https:\/\/wifi.se\/es\/wp-json\/wp\/v2\/media?parent=27699"}],"wp:term":[{"taxonomy":"product_brand","embeddable":true,"href":"https:\/\/wifi.se\/es\/wp-json\/wp\/v2\/product_brand?post=27699"},{"taxonomy":"product_cat","embeddable":true,"href":"https:\/\/wifi.se\/es\/wp-json\/wp\/v2\/product_cat?post=27699"},{"taxonomy":"product_tag","embeddable":true,"href":"https:\/\/wifi.se\/es\/wp-json\/wp\/v2\/product_tag?post=27699"}],"curies":[{"name":"wp","href":"https:\/\/api.w.org\/{rel}","templated":true}]}}