{"id":25530,"date":"2024-05-19T17:03:33","date_gmt":"2024-05-19T15:03:33","guid":{"rendered":"https:\/\/wifi.se\/?post_type=product&#038;p=25530"},"modified":"2025-09-26T23:35:39","modified_gmt":"2025-09-26T21:35:39","slug":"tarjeta-sim-especial-para-espana-elige-entre-1-a-6-meses-total-de-400gb-200gb-para-europa-y-200gb-en-espana","status":"publish","type":"product","link":"https:\/\/wifi.se\/es\/product\/tarjeta-sim-especial-para-espana-elige-entre-1-a-6-meses-total-de-400gb-200gb-para-europa-y-200gb-en-espana\/","title":{"rendered":"Tarjeta SIM especial para Espa\u00f1a \u2013 Elige entre 1 a 6 meses | Total de 400GB \u2013 200GB para Europa y 200GB en Espa\u00f1a"},"content":{"rendered":"<p class=\"p1\"><b>Wifi.se lanza una tarjeta SIM \u00fanica para quienes necesitan muchos datos y planean pasar mucho tiempo en Espa\u00f1a.<\/b><b><\/b><\/p>\n<p class=\"p1\"><span class=\"s1\">Esta SIM incluye <\/span>200 GB de datos en roaming en toda Europa<span class=\"s1\"> y, adem\u00e1s, <\/span>otros 200 GB exclusivos para Espa\u00f1a<span class=\"s1\">.<\/span><\/p>\n<ul>\n<li class=\"p1\">200 GB de roaming en toda Europa<\/li>\n<li class=\"p1\"><span style=\"color: #555555; font-size: 14.4px;\">200 GB adicionales solo en Espa\u00f1a<\/span><\/li>\n<li class=\"p1\"><span style=\"color: #555555; font-size: 14.4px;\">Usa los datos durante el viaje y guarda el resto para cuando llegues<\/span><\/li>\n<li class=\"p1\"><span style=\"color: #555555; font-size: 14.4px;\">Si no usas datos en el camino, tendr\u00e1s 400 GB disponibles en Espa\u00f1a<\/span><\/li>\n<li class=\"p1\"><span style=\"color: #555555; font-size: 14.4px;\">Periodo m\u00ednimo de contrataci\u00f3n de 1 a 4 meses<\/span><\/li>\n<li class=\"p1\"><span style=\"color: #555555; font-size: 14.4px;\">Activaci\u00f3n flexible: act\u00edvalo cuando quieras y dura 30 d\u00edas<\/span><\/li>\n<li class=\"p1\"><span style=\"color: #555555; font-size: 14.4px;\">Posibilidad de renovaci\u00f3n sin complicaciones<\/span><\/li>\n<\/ul>\n<p class=\"p3\">Perfecto para quienes viajan a Espa\u00f1a y quieren asegurarse de tener <span class=\"s2\">una conexi\u00f3n potente y estable<\/span> sin preocuparse por quedarse sin datos.<\/p>\n","protected":false},"excerpt":{"rendered":"<p class=\"p1\">\u00a1Wifi.se lanza una tarjeta SIM \u00fanica para los que viajan en Europa pero con un enfoque en Espa\u00f1a! Con esta tarjeta SIM, puedes disfrutar de <strong>2<\/strong><span class=\"s1\"><b>00 GB de datos al mes<\/b><\/span> en Europa y 200 m\u00e1s en Espa\u00f1a. Funciona perfectamente en pa\u00edses como Francia, Italia, Espa\u00f1a, Alemania, etc., as\u00ed como en todos los pa\u00edses de la Zona Euro 1. (Consulta nuestra secci\u00f3n de ayuda para ver todos los pa\u00edses que forman parte de la Zona Euro 1).<\/p>\n<p class=\"p1\">La tarjeta SIM es v\u00e1lida de <span class=\"s1\"><b>1 a 6 meses<\/b><\/span>. Puedes activar el SIM cuando lo desees, y desde esa fecha comenzar\u00e1 tu navegaci\u00f3n.<\/p>\n","protected":false},"featured_media":26424,"template":"","meta":{"_acf_changed":false},"product_brand":[],"product_cat":[32],"product_tag":[370,40],"class_list":{"0":"post-25530","1":"product","2":"type-product","3":"status-publish","4":"has-post-thumbnail","6":"product_cat-uncategorized","7":"product_tag-200-gb","8":"product_tag-wifi","9":"product_shipping_class-sim-kort","11":"first","12":"instock","13":"taxable","14":"shipping-taxable","15":"purchasable","16":"product-type-variable"},"bundled_by":[],"bundle_stock_status":"instock","bundle_stock_quantity":null,"bundle_virtual":false,"bundle_layout":"","bundle_add_to_cart_form_location":"","bundle_editable_in_cart":false,"bundle_sold_individually_context":"","bundle_item_grouping":"","bundle_min_size":"","bundle_max_size":"","bundle_price":[],"bundled_items":[],"bundle_sell_ids":[],"acf":{"accounting_number":"1940","accounting_number_kopiera2":"2611","accounting_number_kopiera3":"3021","accounting_number_kopiera4":"3520","accounting_number_kopiera5":"1510","accounting_number_kopiera6":"1511"},"yoast_head":"<!-- This site is optimized with the Yoast SEO plugin v27.1.1 - https:\/\/yoast.com\/product\/yoast-seo-wordpress\/ -->\n<title>Tarjeta SIM especial para Espa\u00f1a \u2013 Elige entre 1 a 6 meses | Total de 400GB \u2013 200GB para Europa y 200GB en Espa\u00f1a<\/title>\n<meta name=\"description\" content=\"TARJETA SIM CON 200GB DE ROAMING EN ESPA\u00d1A + 200GB EN EUROPA CADA MES, Ideal para viajeros y estancias largas en Espa\u00f1a, act\u00edvalo cuando lo necesites\" \/>\n<meta name=\"robots\" content=\"index, follow, max-snippet:-1, max-image-preview:large, max-video-preview:-1\" \/>\n<link rel=\"canonical\" href=\"https:\/\/wifi.se\/es\/product\/tarjeta-sim-especial-para-espana-elige-entre-1-a-6-meses-total-de-400gb-200gb-para-europa-y-200gb-en-espana\/\" \/>\n<meta property=\"og:locale\" content=\"es_ES\" \/>\n<meta property=\"og:type\" content=\"article\" \/>\n<meta property=\"og:title\" content=\"Tarjeta SIM especial para Espa\u00f1a \u2013 Elige entre 1 a 6 meses | Total de 400GB \u2013 200GB para Europa y 200GB en Espa\u00f1a\" \/>\n<meta property=\"og:description\" content=\"TARJETA SIM CON 200GB DE ROAMING EN ESPA\u00d1A + 200GB EN EUROPA CADA MES, Ideal para viajeros y estancias largas en Espa\u00f1a, act\u00edvalo cuando lo necesites\" \/>\n<meta property=\"og:url\" content=\"https:\/\/wifi.se\/es\/product\/tarjeta-sim-especial-para-espana-elige-entre-1-a-6-meses-total-de-400gb-200gb-para-europa-y-200gb-en-espana\/\" \/>\n<meta property=\"og:site_name\" content=\"WIFI.SE\/ES\" \/>\n<meta property=\"article:modified_time\" content=\"2025-09-26T21:35:39+00:00\" \/>\n<meta property=\"og:image\" content=\"https:\/\/wifi.se\/es\/wp-content\/uploads\/sites\/5\/2024\/04\/PRODUCT_SPAIN.png\" \/>\n\t<meta property=\"og:image:width\" content=\"1024\" \/>\n\t<meta property=\"og:image:height\" content=\"768\" \/>\n\t<meta property=\"og:image:type\" content=\"image\/png\" \/>\n<meta name=\"twitter:card\" content=\"summary_large_image\" \/>\n<meta name=\"twitter:label1\" content=\"Tiempo de lectura\" \/>\n\t<meta name=\"twitter:data1\" content=\"1 minuto\" \/>\n<script type=\"application\/ld+json\" class=\"yoast-schema-graph\">{\"@context\":\"https:\/\/schema.org\",\"@graph\":[{\"@type\":\"WebPage\",\"@id\":\"https:\/\/wifi.se\/es\/product\/tarjeta-sim-especial-para-espana-elige-entre-1-a-6-meses-total-de-400gb-200gb-para-europa-y-200gb-en-espana\/\",\"url\":\"https:\/\/wifi.se\/es\/product\/tarjeta-sim-especial-para-espana-elige-entre-1-a-6-meses-total-de-400gb-200gb-para-europa-y-200gb-en-espana\/\",\"name\":\"Tarjeta SIM especial para Espa\u00f1a \u2013 Elige entre 1 a 6 meses | Total de 400GB \u2013 200GB para Europa y 200GB en Espa\u00f1a\",\"isPartOf\":{\"@id\":\"https:\/\/wifi.se\/es\/#website\"},\"primaryImageOfPage\":{\"@id\":\"https:\/\/wifi.se\/es\/product\/tarjeta-sim-especial-para-espana-elige-entre-1-a-6-meses-total-de-400gb-200gb-para-europa-y-200gb-en-espana\/#primaryimage\"},\"image\":{\"@id\":\"https:\/\/wifi.se\/es\/product\/tarjeta-sim-especial-para-espana-elige-entre-1-a-6-meses-total-de-400gb-200gb-para-europa-y-200gb-en-espana\/#primaryimage\"},\"thumbnailUrl\":\"https:\/\/wifi.se\/es\/wp-content\/uploads\/sites\/5\/2024\/04\/PRODUCT_SPAIN.png\",\"datePublished\":\"2024-05-19T15:03:33+00:00\",\"dateModified\":\"2025-09-26T21:35:39+00:00\",\"description\":\"TARJETA SIM CON 200GB DE ROAMING EN ESPA\u00d1A + 200GB EN EUROPA CADA MES, Ideal para viajeros y estancias largas en Espa\u00f1a, act\u00edvalo cuando lo necesites\",\"breadcrumb\":{\"@id\":\"https:\/\/wifi.se\/es\/product\/tarjeta-sim-especial-para-espana-elige-entre-1-a-6-meses-total-de-400gb-200gb-para-europa-y-200gb-en-espana\/#breadcrumb\"},\"inLanguage\":\"es\",\"potentialAction\":[{\"@type\":\"ReadAction\",\"target\":[\"https:\/\/wifi.se\/es\/product\/tarjeta-sim-especial-para-espana-elige-entre-1-a-6-meses-total-de-400gb-200gb-para-europa-y-200gb-en-espana\/\"]}]},{\"@type\":\"ImageObject\",\"inLanguage\":\"es\",\"@id\":\"https:\/\/wifi.se\/es\/product\/tarjeta-sim-especial-para-espana-elige-entre-1-a-6-meses-total-de-400gb-200gb-para-europa-y-200gb-en-espana\/#primaryimage\",\"url\":\"https:\/\/wifi.se\/es\/wp-content\/uploads\/sites\/5\/2024\/04\/PRODUCT_SPAIN.png\",\"contentUrl\":\"https:\/\/wifi.se\/es\/wp-content\/uploads\/sites\/5\/2024\/04\/PRODUCT_SPAIN.png\",\"width\":1024,\"height\":768,\"caption\":\"400 GB SPECIAL SPAIN\"},{\"@type\":\"BreadcrumbList\",\"@id\":\"https:\/\/wifi.se\/es\/product\/tarjeta-sim-especial-para-espana-elige-entre-1-a-6-meses-total-de-400gb-200gb-para-europa-y-200gb-en-espana\/#breadcrumb\",\"itemListElement\":[{\"@type\":\"ListItem\",\"position\":1,\"name\":\"Hem\",\"item\":\"https:\/\/wifi.se\/es\/\"},{\"@type\":\"ListItem\",\"position\":2,\"name\":\"Tienda\",\"item\":\"https:\/\/wifi.se\/es\/compra-en-nuestra-tienda-online\/\"},{\"@type\":\"ListItem\",\"position\":3,\"name\":\"Tarjeta SIM especial para Espa\u00f1a \u2013 Elige entre 1 a 6 meses | Total de 400GB \u2013 200GB para Europa y 200GB en Espa\u00f1a\"}]},{\"@type\":\"WebSite\",\"@id\":\"https:\/\/wifi.se\/es\/#website\",\"url\":\"https:\/\/wifi.se\/es\/\",\"name\":\"WIFI.SE\/ES\",\"description\":\"INTERNET EN TODAS PARTES\",\"potentialAction\":[{\"@type\":\"SearchAction\",\"target\":{\"@type\":\"EntryPoint\",\"urlTemplate\":\"https:\/\/wifi.se\/es\/?s={search_term_string}\"},\"query-input\":{\"@type\":\"PropertyValueSpecification\",\"valueRequired\":true,\"valueName\":\"search_term_string\"}}],\"inLanguage\":\"es\"}]}<\/script>\n<!-- \/ Yoast SEO plugin. -->","yoast_head_json":{"title":"Tarjeta SIM especial para Espa\u00f1a \u2013 Elige entre 1 a 6 meses | Total de 400GB \u2013 200GB para Europa y 200GB en Espa\u00f1a","description":"TARJETA SIM CON 200GB DE ROAMING EN ESPA\u00d1A + 200GB EN EUROPA CADA MES, Ideal para viajeros y estancias largas en Espa\u00f1a, act\u00edvalo cuando lo necesites","robots":{"index":"index","follow":"follow","max-snippet":"max-snippet:-1","max-image-preview":"max-image-preview:large","max-video-preview":"max-video-preview:-1"},"canonical":"https:\/\/wifi.se\/es\/product\/tarjeta-sim-especial-para-espana-elige-entre-1-a-6-meses-total-de-400gb-200gb-para-europa-y-200gb-en-espana\/","og_locale":"es_ES","og_type":"article","og_title":"Tarjeta SIM especial para Espa\u00f1a \u2013 Elige entre 1 a 6 meses | Total de 400GB \u2013 200GB para Europa y 200GB en Espa\u00f1a","og_description":"TARJETA SIM CON 200GB DE ROAMING EN ESPA\u00d1A + 200GB EN EUROPA CADA MES, Ideal para viajeros y estancias largas en Espa\u00f1a, act\u00edvalo cuando lo necesites","og_url":"https:\/\/wifi.se\/es\/product\/tarjeta-sim-especial-para-espana-elige-entre-1-a-6-meses-total-de-400gb-200gb-para-europa-y-200gb-en-espana\/","og_site_name":"WIFI.SE\/ES","article_modified_time":"2025-09-26T21:35:39+00:00","og_image":[{"width":1024,"height":768,"url":"https:\/\/wifi.se\/es\/wp-content\/uploads\/sites\/5\/2024\/04\/PRODUCT_SPAIN.png","type":"image\/png"}],"twitter_card":"summary_large_image","twitter_misc":{"Tiempo de lectura":"1 minuto"},"schema":{"@context":"https:\/\/schema.org","@graph":[{"@type":"WebPage","@id":"https:\/\/wifi.se\/es\/product\/tarjeta-sim-especial-para-espana-elige-entre-1-a-6-meses-total-de-400gb-200gb-para-europa-y-200gb-en-espana\/","url":"https:\/\/wifi.se\/es\/product\/tarjeta-sim-especial-para-espana-elige-entre-1-a-6-meses-total-de-400gb-200gb-para-europa-y-200gb-en-espana\/","name":"Tarjeta SIM especial para Espa\u00f1a \u2013 Elige entre 1 a 6 meses | Total de 400GB \u2013 200GB para Europa y 200GB en Espa\u00f1a","isPartOf":{"@id":"https:\/\/wifi.se\/es\/#website"},"primaryImageOfPage":{"@id":"https:\/\/wifi.se\/es\/product\/tarjeta-sim-especial-para-espana-elige-entre-1-a-6-meses-total-de-400gb-200gb-para-europa-y-200gb-en-espana\/#primaryimage"},"image":{"@id":"https:\/\/wifi.se\/es\/product\/tarjeta-sim-especial-para-espana-elige-entre-1-a-6-meses-total-de-400gb-200gb-para-europa-y-200gb-en-espana\/#primaryimage"},"thumbnailUrl":"https:\/\/wifi.se\/es\/wp-content\/uploads\/sites\/5\/2024\/04\/PRODUCT_SPAIN.png","datePublished":"2024-05-19T15:03:33+00:00","dateModified":"2025-09-26T21:35:39+00:00","description":"TARJETA SIM CON 200GB DE ROAMING EN ESPA\u00d1A + 200GB EN EUROPA CADA MES, Ideal para viajeros y estancias largas en Espa\u00f1a, act\u00edvalo cuando lo necesites","breadcrumb":{"@id":"https:\/\/wifi.se\/es\/product\/tarjeta-sim-especial-para-espana-elige-entre-1-a-6-meses-total-de-400gb-200gb-para-europa-y-200gb-en-espana\/#breadcrumb"},"inLanguage":"es","potentialAction":[{"@type":"ReadAction","target":["https:\/\/wifi.se\/es\/product\/tarjeta-sim-especial-para-espana-elige-entre-1-a-6-meses-total-de-400gb-200gb-para-europa-y-200gb-en-espana\/"]}]},{"@type":"ImageObject","inLanguage":"es","@id":"https:\/\/wifi.se\/es\/product\/tarjeta-sim-especial-para-espana-elige-entre-1-a-6-meses-total-de-400gb-200gb-para-europa-y-200gb-en-espana\/#primaryimage","url":"https:\/\/wifi.se\/es\/wp-content\/uploads\/sites\/5\/2024\/04\/PRODUCT_SPAIN.png","contentUrl":"https:\/\/wifi.se\/es\/wp-content\/uploads\/sites\/5\/2024\/04\/PRODUCT_SPAIN.png","width":1024,"height":768,"caption":"400 GB SPECIAL SPAIN"},{"@type":"BreadcrumbList","@id":"https:\/\/wifi.se\/es\/product\/tarjeta-sim-especial-para-espana-elige-entre-1-a-6-meses-total-de-400gb-200gb-para-europa-y-200gb-en-espana\/#breadcrumb","itemListElement":[{"@type":"ListItem","position":1,"name":"Hem","item":"https:\/\/wifi.se\/es\/"},{"@type":"ListItem","position":2,"name":"Tienda","item":"https:\/\/wifi.se\/es\/compra-en-nuestra-tienda-online\/"},{"@type":"ListItem","position":3,"name":"Tarjeta SIM especial para Espa\u00f1a \u2013 Elige entre 1 a 6 meses | Total de 400GB \u2013 200GB para Europa y 200GB en Espa\u00f1a"}]},{"@type":"WebSite","@id":"https:\/\/wifi.se\/es\/#website","url":"https:\/\/wifi.se\/es\/","name":"WIFI.SE\/ES","description":"INTERNET EN TODAS PARTES","potentialAction":[{"@type":"SearchAction","target":{"@type":"EntryPoint","urlTemplate":"https:\/\/wifi.se\/es\/?s={search_term_string}"},"query-input":{"@type":"PropertyValueSpecification","valueRequired":true,"valueName":"search_term_string"}}],"inLanguage":"es"}]}},"_links":{"self":[{"href":"https:\/\/wifi.se\/es\/wp-json\/wp\/v2\/product\/25530","targetHints":{"allow":["GET"]}}],"collection":[{"href":"https:\/\/wifi.se\/es\/wp-json\/wp\/v2\/product"}],"about":[{"href":"https:\/\/wifi.se\/es\/wp-json\/wp\/v2\/types\/product"}],"wp:featuredmedia":[{"embeddable":true,"href":"https:\/\/wifi.se\/es\/wp-json\/wp\/v2\/media\/26424"}],"wp:attachment":[{"href":"https:\/\/wifi.se\/es\/wp-json\/wp\/v2\/media?parent=25530"}],"wp:term":[{"taxonomy":"product_brand","embeddable":true,"href":"https:\/\/wifi.se\/es\/wp-json\/wp\/v2\/product_brand?post=25530"},{"taxonomy":"product_cat","embeddable":true,"href":"https:\/\/wifi.se\/es\/wp-json\/wp\/v2\/product_cat?post=25530"},{"taxonomy":"product_tag","embeddable":true,"href":"https:\/\/wifi.se\/es\/wp-json\/wp\/v2\/product_tag?post=25530"}],"curies":[{"name":"wp","href":"https:\/\/api.w.org\/{rel}","templated":true}]}}