{"id":24385,"date":"2024-05-17T13:03:31","date_gmt":"2024-05-17T11:03:31","guid":{"rendered":"https:\/\/wifi.se\/?post_type=product&#038;p=24385"},"modified":"2025-09-27T00:00:41","modified_gmt":"2025-09-26T22:00:41","slug":"tarjeta-sim-de-recarga-500gb-5g-solo-para-suecia","status":"publish","type":"product","link":"https:\/\/wifi.se\/es\/product\/tarjeta-sim-de-recarga-500gb-5g-solo-para-suecia\/","title":{"rendered":"Tarjeta SIM 5G Suecia \u2013 Recarga de 500 GB"},"content":{"rendered":"<ul>\n<li class=\"p1\">Tienes 365 d\u00edas para usar tus datos<\/li>\n<li class=\"p1\"><span style=\"color: #555555; font-size: 14.4px;\">Sin costos mensuales, solo una factura al a\u00f1o<\/span><\/li>\n<li class=\"p1\"><span style=\"color: #555555; font-size: 14.4px;\">Usa la cantidad de datos que necesites, cuando quieras<\/span><\/li>\n<li class=\"p1\"><span style=\"color: #555555; font-size: 14.4px;\">Siempre el mismo precio bajo cuando necesites recargar<\/span><\/li>\n<li class=\"p1\"><span style=\"color: #555555; font-size: 14.4px;\">Mantienes el mismo SIM al recargar<\/span><\/li>\n<li class=\"p1\"><span style=\"color: #555555; font-size: 14.4px;\">Perfecto para streaming de TV y conectar a toda la familia al mismo tiempo<\/span><\/li>\n<li class=\"p1\"><span style=\"color: #555555; font-size: 14.4px;\">Pagas solo por el tiempo que est\u00e1s conectado<\/span><\/li>\n<li class=\"p1\"><span style=\"color: #555555; font-size: 14.4px;\">Nuestros SIM no tienen l\u00edmites mensuales<\/span><\/li>\n<\/ul>\n<p class=\"p1\">500 GB de datos para quienes ya tienen un router y desean complementar o ampliar su saldo.<\/p>\n","protected":false},"excerpt":{"rendered":"<p class=\"p1\"><span class=\"s1\"><b>500 GB de datos<\/b><\/span> que puedes guardar durante <span class=\"s1\"><b>365 d\u00edas<\/b><\/span>. Mantienes la misma tarjeta SIM al recargarla.<\/p>\n","protected":false},"featured_media":26432,"template":"","meta":{"_acf_changed":false},"product_brand":[],"product_cat":[463,471],"product_tag":[272,241],"class_list":{"0":"post-24385","1":"product","2":"type-product","3":"status-publish","4":"has-post-thumbnail","6":"product_cat-tarjetas-sim-5g","7":"product_cat-sim-5g-para-suecia-valido-365-dias","8":"product_tag-500-gb","9":"product_tag-pafyllning","10":"product_shipping_class-pafyllning","12":"first","13":"instock","14":"virtual","15":"taxable","16":"purchasable","17":"product-type-simple"},"bundled_by":[],"bundle_stock_status":"instock","bundle_stock_quantity":null,"bundle_virtual":false,"bundle_layout":"","bundle_add_to_cart_form_location":"","bundle_editable_in_cart":false,"bundle_sold_individually_context":"","bundle_item_grouping":"","bundle_min_size":"","bundle_max_size":"","bundle_price":[],"bundled_items":[],"bundle_sell_ids":[],"acf":{"accounting_number":"1940","accounting_number_kopiera2":"2611","accounting_number_kopiera3":"3013","accounting_number_kopiera4":"","accounting_number_kopiera5":"","accounting_number_kopiera6":""},"yoast_head":"<!-- This site is optimized with the Yoast SEO plugin v27.1.1 - https:\/\/yoast.com\/product\/yoast-seo-wordpress\/ -->\n<title>Recarga tu tarjeta SIM \u2013 500 GB<\/title>\n<meta name=\"description\" content=\"Tienes 365 d\u00edas para usar tus datos, Sin costos mensuales, solo una factura al a\u00f1o. tarjeta SIM solo para Suecia, tambi\u00e9n disponible en 100GB y 1000GB\" \/>\n<meta name=\"robots\" content=\"index, follow, max-snippet:-1, max-image-preview:large, max-video-preview:-1\" \/>\n<link rel=\"canonical\" href=\"https:\/\/wifi.se\/es\/product\/tarjeta-sim-de-recarga-500gb-5g-solo-para-suecia\/\" \/>\n<meta property=\"og:locale\" content=\"es_ES\" \/>\n<meta property=\"og:type\" content=\"article\" \/>\n<meta property=\"og:title\" content=\"Recarga tu tarjeta SIM \u2013 500 GB\" \/>\n<meta property=\"og:description\" content=\"Tienes 365 d\u00edas para usar tus datos, Sin costos mensuales, solo una factura al a\u00f1o. tarjeta SIM solo para Suecia, tambi\u00e9n disponible en 100GB y 1000GB\" \/>\n<meta property=\"og:url\" content=\"https:\/\/wifi.se\/es\/product\/tarjeta-sim-de-recarga-500gb-5g-solo-para-suecia\/\" \/>\n<meta property=\"og:site_name\" content=\"WIFI.SE\/ES\" \/>\n<meta property=\"article:modified_time\" content=\"2025-09-26T22:00:41+00:00\" \/>\n<meta property=\"og:image\" content=\"https:\/\/wifi.se\/es\/wp-content\/uploads\/sites\/5\/2024\/02\/500_REFILL.png\" \/>\n\t<meta property=\"og:image:width\" content=\"1024\" \/>\n\t<meta property=\"og:image:height\" content=\"768\" \/>\n\t<meta property=\"og:image:type\" content=\"image\/png\" \/>\n<meta name=\"twitter:card\" content=\"summary_large_image\" \/>\n<meta name=\"twitter:label1\" content=\"Tiempo de lectura\" \/>\n\t<meta name=\"twitter:data1\" content=\"1 minuto\" \/>\n<script type=\"application\/ld+json\" class=\"yoast-schema-graph\">{\"@context\":\"https:\/\/schema.org\",\"@graph\":[{\"@type\":\"WebPage\",\"@id\":\"https:\/\/wifi.se\/es\/product\/tarjeta-sim-de-recarga-500gb-5g-solo-para-suecia\/\",\"url\":\"https:\/\/wifi.se\/es\/product\/tarjeta-sim-de-recarga-500gb-5g-solo-para-suecia\/\",\"name\":\"Recarga tu tarjeta SIM \u2013 500 GB\",\"isPartOf\":{\"@id\":\"https:\/\/wifi.se\/es\/#website\"},\"primaryImageOfPage\":{\"@id\":\"https:\/\/wifi.se\/es\/product\/tarjeta-sim-de-recarga-500gb-5g-solo-para-suecia\/#primaryimage\"},\"image\":{\"@id\":\"https:\/\/wifi.se\/es\/product\/tarjeta-sim-de-recarga-500gb-5g-solo-para-suecia\/#primaryimage\"},\"thumbnailUrl\":\"https:\/\/wifi.se\/es\/wp-content\/uploads\/sites\/5\/2024\/02\/500_REFILL.png\",\"datePublished\":\"2024-05-17T11:03:31+00:00\",\"dateModified\":\"2025-09-26T22:00:41+00:00\",\"description\":\"Tienes 365 d\u00edas para usar tus datos, Sin costos mensuales, solo una factura al a\u00f1o. tarjeta SIM solo para Suecia, tambi\u00e9n disponible en 100GB y 1000GB\",\"breadcrumb\":{\"@id\":\"https:\/\/wifi.se\/es\/product\/tarjeta-sim-de-recarga-500gb-5g-solo-para-suecia\/#breadcrumb\"},\"inLanguage\":\"es\",\"potentialAction\":[{\"@type\":\"ReadAction\",\"target\":[\"https:\/\/wifi.se\/es\/product\/tarjeta-sim-de-recarga-500gb-5g-solo-para-suecia\/\"]}]},{\"@type\":\"ImageObject\",\"inLanguage\":\"es\",\"@id\":\"https:\/\/wifi.se\/es\/product\/tarjeta-sim-de-recarga-500gb-5g-solo-para-suecia\/#primaryimage\",\"url\":\"https:\/\/wifi.se\/es\/wp-content\/uploads\/sites\/5\/2024\/02\/500_REFILL.png\",\"contentUrl\":\"https:\/\/wifi.se\/es\/wp-content\/uploads\/sites\/5\/2024\/02\/500_REFILL.png\",\"width\":1024,\"height\":768,\"caption\":\"P\u00c5FYLLNING 500 GB\"},{\"@type\":\"BreadcrumbList\",\"@id\":\"https:\/\/wifi.se\/es\/product\/tarjeta-sim-de-recarga-500gb-5g-solo-para-suecia\/#breadcrumb\",\"itemListElement\":[{\"@type\":\"ListItem\",\"position\":1,\"name\":\"Hem\",\"item\":\"https:\/\/wifi.se\/es\/\"},{\"@type\":\"ListItem\",\"position\":2,\"name\":\"Tienda\",\"item\":\"https:\/\/wifi.se\/es\/compra-en-nuestra-tienda-online\/\"},{\"@type\":\"ListItem\",\"position\":3,\"name\":\"Tarjeta SIM 5G Suecia \u2013 Recarga de 500 GB\"}]},{\"@type\":\"WebSite\",\"@id\":\"https:\/\/wifi.se\/es\/#website\",\"url\":\"https:\/\/wifi.se\/es\/\",\"name\":\"WIFI.SE\/ES\",\"description\":\"INTERNET EN TODAS PARTES\",\"potentialAction\":[{\"@type\":\"SearchAction\",\"target\":{\"@type\":\"EntryPoint\",\"urlTemplate\":\"https:\/\/wifi.se\/es\/?s={search_term_string}\"},\"query-input\":{\"@type\":\"PropertyValueSpecification\",\"valueRequired\":true,\"valueName\":\"search_term_string\"}}],\"inLanguage\":\"es\"}]}<\/script>\n<!-- \/ Yoast SEO plugin. -->","yoast_head_json":{"title":"Recarga tu tarjeta SIM \u2013 500 GB","description":"Tienes 365 d\u00edas para usar tus datos, Sin costos mensuales, solo una factura al a\u00f1o. tarjeta SIM solo para Suecia, tambi\u00e9n disponible en 100GB y 1000GB","robots":{"index":"index","follow":"follow","max-snippet":"max-snippet:-1","max-image-preview":"max-image-preview:large","max-video-preview":"max-video-preview:-1"},"canonical":"https:\/\/wifi.se\/es\/product\/tarjeta-sim-de-recarga-500gb-5g-solo-para-suecia\/","og_locale":"es_ES","og_type":"article","og_title":"Recarga tu tarjeta SIM \u2013 500 GB","og_description":"Tienes 365 d\u00edas para usar tus datos, Sin costos mensuales, solo una factura al a\u00f1o. tarjeta SIM solo para Suecia, tambi\u00e9n disponible en 100GB y 1000GB","og_url":"https:\/\/wifi.se\/es\/product\/tarjeta-sim-de-recarga-500gb-5g-solo-para-suecia\/","og_site_name":"WIFI.SE\/ES","article_modified_time":"2025-09-26T22:00:41+00:00","og_image":[{"width":1024,"height":768,"url":"https:\/\/wifi.se\/es\/wp-content\/uploads\/sites\/5\/2024\/02\/500_REFILL.png","type":"image\/png"}],"twitter_card":"summary_large_image","twitter_misc":{"Tiempo de lectura":"1 minuto"},"schema":{"@context":"https:\/\/schema.org","@graph":[{"@type":"WebPage","@id":"https:\/\/wifi.se\/es\/product\/tarjeta-sim-de-recarga-500gb-5g-solo-para-suecia\/","url":"https:\/\/wifi.se\/es\/product\/tarjeta-sim-de-recarga-500gb-5g-solo-para-suecia\/","name":"Recarga tu tarjeta SIM \u2013 500 GB","isPartOf":{"@id":"https:\/\/wifi.se\/es\/#website"},"primaryImageOfPage":{"@id":"https:\/\/wifi.se\/es\/product\/tarjeta-sim-de-recarga-500gb-5g-solo-para-suecia\/#primaryimage"},"image":{"@id":"https:\/\/wifi.se\/es\/product\/tarjeta-sim-de-recarga-500gb-5g-solo-para-suecia\/#primaryimage"},"thumbnailUrl":"https:\/\/wifi.se\/es\/wp-content\/uploads\/sites\/5\/2024\/02\/500_REFILL.png","datePublished":"2024-05-17T11:03:31+00:00","dateModified":"2025-09-26T22:00:41+00:00","description":"Tienes 365 d\u00edas para usar tus datos, Sin costos mensuales, solo una factura al a\u00f1o. tarjeta SIM solo para Suecia, tambi\u00e9n disponible en 100GB y 1000GB","breadcrumb":{"@id":"https:\/\/wifi.se\/es\/product\/tarjeta-sim-de-recarga-500gb-5g-solo-para-suecia\/#breadcrumb"},"inLanguage":"es","potentialAction":[{"@type":"ReadAction","target":["https:\/\/wifi.se\/es\/product\/tarjeta-sim-de-recarga-500gb-5g-solo-para-suecia\/"]}]},{"@type":"ImageObject","inLanguage":"es","@id":"https:\/\/wifi.se\/es\/product\/tarjeta-sim-de-recarga-500gb-5g-solo-para-suecia\/#primaryimage","url":"https:\/\/wifi.se\/es\/wp-content\/uploads\/sites\/5\/2024\/02\/500_REFILL.png","contentUrl":"https:\/\/wifi.se\/es\/wp-content\/uploads\/sites\/5\/2024\/02\/500_REFILL.png","width":1024,"height":768,"caption":"P\u00c5FYLLNING 500 GB"},{"@type":"BreadcrumbList","@id":"https:\/\/wifi.se\/es\/product\/tarjeta-sim-de-recarga-500gb-5g-solo-para-suecia\/#breadcrumb","itemListElement":[{"@type":"ListItem","position":1,"name":"Hem","item":"https:\/\/wifi.se\/es\/"},{"@type":"ListItem","position":2,"name":"Tienda","item":"https:\/\/wifi.se\/es\/compra-en-nuestra-tienda-online\/"},{"@type":"ListItem","position":3,"name":"Tarjeta SIM 5G Suecia \u2013 Recarga de 500 GB"}]},{"@type":"WebSite","@id":"https:\/\/wifi.se\/es\/#website","url":"https:\/\/wifi.se\/es\/","name":"WIFI.SE\/ES","description":"INTERNET EN TODAS PARTES","potentialAction":[{"@type":"SearchAction","target":{"@type":"EntryPoint","urlTemplate":"https:\/\/wifi.se\/es\/?s={search_term_string}"},"query-input":{"@type":"PropertyValueSpecification","valueRequired":true,"valueName":"search_term_string"}}],"inLanguage":"es"}]}},"_links":{"self":[{"href":"https:\/\/wifi.se\/es\/wp-json\/wp\/v2\/product\/24385","targetHints":{"allow":["GET"]}}],"collection":[{"href":"https:\/\/wifi.se\/es\/wp-json\/wp\/v2\/product"}],"about":[{"href":"https:\/\/wifi.se\/es\/wp-json\/wp\/v2\/types\/product"}],"wp:featuredmedia":[{"embeddable":true,"href":"https:\/\/wifi.se\/es\/wp-json\/wp\/v2\/media\/26432"}],"wp:attachment":[{"href":"https:\/\/wifi.se\/es\/wp-json\/wp\/v2\/media?parent=24385"}],"wp:term":[{"taxonomy":"product_brand","embeddable":true,"href":"https:\/\/wifi.se\/es\/wp-json\/wp\/v2\/product_brand?post=24385"},{"taxonomy":"product_cat","embeddable":true,"href":"https:\/\/wifi.se\/es\/wp-json\/wp\/v2\/product_cat?post=24385"},{"taxonomy":"product_tag","embeddable":true,"href":"https:\/\/wifi.se\/es\/wp-json\/wp\/v2\/product_tag?post=24385"}],"curies":[{"name":"wp","href":"https:\/\/api.w.org\/{rel}","templated":true}]}}