{"id":24324,"date":"2024-02-13T15:23:52","date_gmt":"2024-02-13T13:23:52","guid":{"rendered":"https:\/\/wifi.se\/?post_type=product&#038;p=24324"},"modified":"2025-09-26T23:59:34","modified_gmt":"2025-09-26T21:59:34","slug":"tarjeta-sim-100gb-banda-ancha-movil-5g-en-suecia-valida-por-12-meses","status":"publish","type":"product","link":"https:\/\/wifi.se\/es\/product\/tarjeta-sim-100gb-banda-ancha-movil-5g-en-suecia-valida-por-12-meses\/","title":{"rendered":"Tarjeta SIM de 100GB para banda ancha m\u00f3vil 5G en Suecia \u2013 V\u00e1lida por 12 meses"},"content":{"rendered":"<p class=\"p1\"><b>R\u00c1PIDO, ECON\u00d3MICO Y SENCILLO<\/b><b><\/b><\/p>\n<ul>\n<li class=\"p1\">SIN PERMANENCIA NI COSTES DE CANCELACI\u00d3N<\/li>\n<li class=\"p1\"><span class=\"s1\" style=\"color: #555555; font-size: 14.4px;\">LA MEJOR <\/span>ELECCI\u00d3N PARA TU AUTOCARAVANA, CARAVANA, CASA DE VACACIONES O HOGAR<\/li>\n<li class=\"p1\">Ll\u00e9valo contigo en tus viajes cuando quieras navegar por toda Suecia<\/li>\n<li class=\"p1\">V\u00e1lido en toda Suecia<\/li>\n<li class=\"p1\">Usa tus datos como quieras durante 12 meses<\/li>\n<li class=\"p1\">Sin cuotas mensuales<\/li>\n<li class=\"p1\">Sin suscripciones ni permanencias. Sin costes adicionales<\/li>\n<li class=\"p1\">Siempre el mismo precio bajo cuando necesites recargar<\/li>\n<li class=\"p1\">Mantienes el mismo SIM al recargar<\/li>\n<li class=\"p1\">Perfecto para streaming de TV y conectar a toda la familia al mismo tiempo<\/li>\n<li class=\"p1\">Solo pagas por el tiempo que est\u00e1s conectado<\/li>\n<\/ul>\n<p class=\"p1\">\n<p class=\"p1\">Nuestros SIM no tienen l\u00edmites mensuales<\/p>\n<p class=\"p1\">F\u00e1cil de configurar y empezar a usar<\/p>\n<p class=\"p1\">Se desactiva autom\u00e1ticamente fuera de Suecia<\/p>\n<p class=\"p1\">Nunca recibir\u00e1s facturas sorpresa<b><\/b><\/p>\n<p class=\"p1\"><span class=\"s1\">\ud83d\udd39 <\/span><b>Wifi.se \u2013 Conexi\u00f3n sin complicaciones, est\u00e9s donde est\u00e9s.<\/b><\/p>\n","protected":false},"excerpt":{"rendered":"<p>Mobile Internet 5G. 100 GB data valid in Sweden. Use your data as you wish for 12 months. No subscriptions, commitment periods, or additional costs apply.<\/p>\n","protected":false},"featured_media":26335,"template":"","meta":{"_acf_changed":false},"product_brand":[],"product_cat":[463,471],"product_tag":[290,421,40],"class_list":{"0":"post-24324","1":"product","2":"type-product","3":"status-publish","4":"has-post-thumbnail","6":"product_cat-tarjetas-sim-5g","7":"product_cat-sim-5g-para-suecia-valido-365-dias","8":"product_tag-100-gb","9":"product_tag-sim","10":"product_tag-wifi","11":"product_shipping_class-pafyllning","13":"first","14":"instock","15":"taxable","16":"shipping-taxable","17":"purchasable","18":"product-type-variable"},"bundled_by":[],"bundle_stock_status":"instock","bundle_stock_quantity":null,"bundle_virtual":false,"bundle_layout":"","bundle_add_to_cart_form_location":"","bundle_editable_in_cart":false,"bundle_sold_individually_context":"","bundle_item_grouping":"","bundle_min_size":"","bundle_max_size":"","bundle_price":[],"bundled_items":[],"bundle_sell_ids":[],"acf":{"accounting_number":"1940","accounting_number_kopiera2":"2611","accounting_number_kopiera3":"3012","accounting_number_kopiera4":"3520","accounting_number_kopiera5":"1510","accounting_number_kopiera6":"1511"},"yoast_head":"<!-- This site is optimized with the Yoast SEO plugin v27.1.1 - https:\/\/yoast.com\/product\/yoast-seo-wordpress\/ -->\n<title>100 GB SIM MOBILT BREDBAND 5G F\u00d6R SVERIGE-G\u00c4LLER I 12 M\u00c5NADER<\/title>\n<meta name=\"description\" content=\"INTERNET M\u00d3VIL 5G SIN PERMANENCIA NI COSTES DE CANCELACI\u00d3N, LA MEJOR OPCI\u00d3N PARA TU AUTOCARAVANA, CARAVANA, CASA DE VACACIONES O HOGAR\" \/>\n<meta name=\"robots\" content=\"index, follow, max-snippet:-1, max-image-preview:large, max-video-preview:-1\" \/>\n<link rel=\"canonical\" href=\"https:\/\/wifi.se\/es\/product\/tarjeta-sim-100gb-banda-ancha-movil-5g-en-suecia-valida-por-12-meses\/\" \/>\n<meta property=\"og:locale\" content=\"es_ES\" \/>\n<meta property=\"og:type\" content=\"article\" \/>\n<meta property=\"og:title\" content=\"100 GB SIM MOBILT BREDBAND 5G F\u00d6R SVERIGE-G\u00c4LLER I 12 M\u00c5NADER\" \/>\n<meta property=\"og:description\" content=\"INTERNET M\u00d3VIL 5G SIN PERMANENCIA NI COSTES DE CANCELACI\u00d3N, LA MEJOR OPCI\u00d3N PARA TU AUTOCARAVANA, CARAVANA, CASA DE VACACIONES O HOGAR\" \/>\n<meta property=\"og:url\" content=\"https:\/\/wifi.se\/es\/product\/tarjeta-sim-100gb-banda-ancha-movil-5g-en-suecia-valida-por-12-meses\/\" \/>\n<meta property=\"og:site_name\" content=\"WIFI.SE\/ES\" \/>\n<meta property=\"article:modified_time\" content=\"2025-09-26T21:59:34+00:00\" \/>\n<meta property=\"og:image\" content=\"https:\/\/wifi.se\/es\/wp-content\/uploads\/sites\/5\/2024\/02\/Sverige100GB.png\" \/>\n\t<meta property=\"og:image:width\" content=\"1024\" \/>\n\t<meta property=\"og:image:height\" content=\"768\" \/>\n\t<meta property=\"og:image:type\" content=\"image\/png\" \/>\n<meta name=\"twitter:card\" content=\"summary_large_image\" \/>\n<meta name=\"twitter:label1\" content=\"Tiempo de lectura\" \/>\n\t<meta name=\"twitter:data1\" content=\"1 minuto\" \/>\n<script type=\"application\/ld+json\" class=\"yoast-schema-graph\">{\"@context\":\"https:\/\/schema.org\",\"@graph\":[{\"@type\":\"WebPage\",\"@id\":\"https:\/\/wifi.se\/es\/product\/tarjeta-sim-100gb-banda-ancha-movil-5g-en-suecia-valida-por-12-meses\/\",\"url\":\"https:\/\/wifi.se\/es\/product\/tarjeta-sim-100gb-banda-ancha-movil-5g-en-suecia-valida-por-12-meses\/\",\"name\":\"100 GB SIM MOBILT BREDBAND 5G F\u00d6R SVERIGE-G\u00c4LLER I 12 M\u00c5NADER\",\"isPartOf\":{\"@id\":\"https:\/\/wifi.se\/es\/#website\"},\"primaryImageOfPage\":{\"@id\":\"https:\/\/wifi.se\/es\/product\/tarjeta-sim-100gb-banda-ancha-movil-5g-en-suecia-valida-por-12-meses\/#primaryimage\"},\"image\":{\"@id\":\"https:\/\/wifi.se\/es\/product\/tarjeta-sim-100gb-banda-ancha-movil-5g-en-suecia-valida-por-12-meses\/#primaryimage\"},\"thumbnailUrl\":\"https:\/\/wifi.se\/es\/wp-content\/uploads\/sites\/5\/2024\/02\/Sverige100GB.png\",\"datePublished\":\"2024-02-13T13:23:52+00:00\",\"dateModified\":\"2025-09-26T21:59:34+00:00\",\"description\":\"INTERNET M\u00d3VIL 5G SIN PERMANENCIA NI COSTES DE CANCELACI\u00d3N, LA MEJOR OPCI\u00d3N PARA TU AUTOCARAVANA, CARAVANA, CASA DE VACACIONES O HOGAR\",\"breadcrumb\":{\"@id\":\"https:\/\/wifi.se\/es\/product\/tarjeta-sim-100gb-banda-ancha-movil-5g-en-suecia-valida-por-12-meses\/#breadcrumb\"},\"inLanguage\":\"es\",\"potentialAction\":[{\"@type\":\"ReadAction\",\"target\":[\"https:\/\/wifi.se\/es\/product\/tarjeta-sim-100gb-banda-ancha-movil-5g-en-suecia-valida-por-12-meses\/\"]}]},{\"@type\":\"ImageObject\",\"inLanguage\":\"es\",\"@id\":\"https:\/\/wifi.se\/es\/product\/tarjeta-sim-100gb-banda-ancha-movil-5g-en-suecia-valida-por-12-meses\/#primaryimage\",\"url\":\"https:\/\/wifi.se\/es\/wp-content\/uploads\/sites\/5\/2024\/02\/Sverige100GB.png\",\"contentUrl\":\"https:\/\/wifi.se\/es\/wp-content\/uploads\/sites\/5\/2024\/02\/Sverige100GB.png\",\"width\":1024,\"height\":768},{\"@type\":\"BreadcrumbList\",\"@id\":\"https:\/\/wifi.se\/es\/product\/tarjeta-sim-100gb-banda-ancha-movil-5g-en-suecia-valida-por-12-meses\/#breadcrumb\",\"itemListElement\":[{\"@type\":\"ListItem\",\"position\":1,\"name\":\"Hem\",\"item\":\"https:\/\/wifi.se\/es\/\"},{\"@type\":\"ListItem\",\"position\":2,\"name\":\"Tienda\",\"item\":\"https:\/\/wifi.se\/es\/compra-en-nuestra-tienda-online\/\"},{\"@type\":\"ListItem\",\"position\":3,\"name\":\"Tarjeta SIM de 100GB para banda ancha m\u00f3vil 5G en Suecia \u2013 V\u00e1lida por 12 meses\"}]},{\"@type\":\"WebSite\",\"@id\":\"https:\/\/wifi.se\/es\/#website\",\"url\":\"https:\/\/wifi.se\/es\/\",\"name\":\"WIFI.SE\/ES\",\"description\":\"INTERNET EN TODAS PARTES\",\"potentialAction\":[{\"@type\":\"SearchAction\",\"target\":{\"@type\":\"EntryPoint\",\"urlTemplate\":\"https:\/\/wifi.se\/es\/?s={search_term_string}\"},\"query-input\":{\"@type\":\"PropertyValueSpecification\",\"valueRequired\":true,\"valueName\":\"search_term_string\"}}],\"inLanguage\":\"es\"}]}<\/script>\n<!-- \/ Yoast SEO plugin. -->","yoast_head_json":{"title":"100 GB SIM MOBILT BREDBAND 5G F\u00d6R SVERIGE-G\u00c4LLER I 12 M\u00c5NADER","description":"INTERNET M\u00d3VIL 5G SIN PERMANENCIA NI COSTES DE CANCELACI\u00d3N, LA MEJOR OPCI\u00d3N PARA TU AUTOCARAVANA, CARAVANA, CASA DE VACACIONES O HOGAR","robots":{"index":"index","follow":"follow","max-snippet":"max-snippet:-1","max-image-preview":"max-image-preview:large","max-video-preview":"max-video-preview:-1"},"canonical":"https:\/\/wifi.se\/es\/product\/tarjeta-sim-100gb-banda-ancha-movil-5g-en-suecia-valida-por-12-meses\/","og_locale":"es_ES","og_type":"article","og_title":"100 GB SIM MOBILT BREDBAND 5G F\u00d6R SVERIGE-G\u00c4LLER I 12 M\u00c5NADER","og_description":"INTERNET M\u00d3VIL 5G SIN PERMANENCIA NI COSTES DE CANCELACI\u00d3N, LA MEJOR OPCI\u00d3N PARA TU AUTOCARAVANA, CARAVANA, CASA DE VACACIONES O HOGAR","og_url":"https:\/\/wifi.se\/es\/product\/tarjeta-sim-100gb-banda-ancha-movil-5g-en-suecia-valida-por-12-meses\/","og_site_name":"WIFI.SE\/ES","article_modified_time":"2025-09-26T21:59:34+00:00","og_image":[{"width":1024,"height":768,"url":"https:\/\/wifi.se\/es\/wp-content\/uploads\/sites\/5\/2024\/02\/Sverige100GB.png","type":"image\/png"}],"twitter_card":"summary_large_image","twitter_misc":{"Tiempo de lectura":"1 minuto"},"schema":{"@context":"https:\/\/schema.org","@graph":[{"@type":"WebPage","@id":"https:\/\/wifi.se\/es\/product\/tarjeta-sim-100gb-banda-ancha-movil-5g-en-suecia-valida-por-12-meses\/","url":"https:\/\/wifi.se\/es\/product\/tarjeta-sim-100gb-banda-ancha-movil-5g-en-suecia-valida-por-12-meses\/","name":"100 GB SIM MOBILT BREDBAND 5G F\u00d6R SVERIGE-G\u00c4LLER I 12 M\u00c5NADER","isPartOf":{"@id":"https:\/\/wifi.se\/es\/#website"},"primaryImageOfPage":{"@id":"https:\/\/wifi.se\/es\/product\/tarjeta-sim-100gb-banda-ancha-movil-5g-en-suecia-valida-por-12-meses\/#primaryimage"},"image":{"@id":"https:\/\/wifi.se\/es\/product\/tarjeta-sim-100gb-banda-ancha-movil-5g-en-suecia-valida-por-12-meses\/#primaryimage"},"thumbnailUrl":"https:\/\/wifi.se\/es\/wp-content\/uploads\/sites\/5\/2024\/02\/Sverige100GB.png","datePublished":"2024-02-13T13:23:52+00:00","dateModified":"2025-09-26T21:59:34+00:00","description":"INTERNET M\u00d3VIL 5G SIN PERMANENCIA NI COSTES DE CANCELACI\u00d3N, LA MEJOR OPCI\u00d3N PARA TU AUTOCARAVANA, CARAVANA, CASA DE VACACIONES O HOGAR","breadcrumb":{"@id":"https:\/\/wifi.se\/es\/product\/tarjeta-sim-100gb-banda-ancha-movil-5g-en-suecia-valida-por-12-meses\/#breadcrumb"},"inLanguage":"es","potentialAction":[{"@type":"ReadAction","target":["https:\/\/wifi.se\/es\/product\/tarjeta-sim-100gb-banda-ancha-movil-5g-en-suecia-valida-por-12-meses\/"]}]},{"@type":"ImageObject","inLanguage":"es","@id":"https:\/\/wifi.se\/es\/product\/tarjeta-sim-100gb-banda-ancha-movil-5g-en-suecia-valida-por-12-meses\/#primaryimage","url":"https:\/\/wifi.se\/es\/wp-content\/uploads\/sites\/5\/2024\/02\/Sverige100GB.png","contentUrl":"https:\/\/wifi.se\/es\/wp-content\/uploads\/sites\/5\/2024\/02\/Sverige100GB.png","width":1024,"height":768},{"@type":"BreadcrumbList","@id":"https:\/\/wifi.se\/es\/product\/tarjeta-sim-100gb-banda-ancha-movil-5g-en-suecia-valida-por-12-meses\/#breadcrumb","itemListElement":[{"@type":"ListItem","position":1,"name":"Hem","item":"https:\/\/wifi.se\/es\/"},{"@type":"ListItem","position":2,"name":"Tienda","item":"https:\/\/wifi.se\/es\/compra-en-nuestra-tienda-online\/"},{"@type":"ListItem","position":3,"name":"Tarjeta SIM de 100GB para banda ancha m\u00f3vil 5G en Suecia \u2013 V\u00e1lida por 12 meses"}]},{"@type":"WebSite","@id":"https:\/\/wifi.se\/es\/#website","url":"https:\/\/wifi.se\/es\/","name":"WIFI.SE\/ES","description":"INTERNET EN TODAS PARTES","potentialAction":[{"@type":"SearchAction","target":{"@type":"EntryPoint","urlTemplate":"https:\/\/wifi.se\/es\/?s={search_term_string}"},"query-input":{"@type":"PropertyValueSpecification","valueRequired":true,"valueName":"search_term_string"}}],"inLanguage":"es"}]}},"_links":{"self":[{"href":"https:\/\/wifi.se\/es\/wp-json\/wp\/v2\/product\/24324","targetHints":{"allow":["GET"]}}],"collection":[{"href":"https:\/\/wifi.se\/es\/wp-json\/wp\/v2\/product"}],"about":[{"href":"https:\/\/wifi.se\/es\/wp-json\/wp\/v2\/types\/product"}],"wp:featuredmedia":[{"embeddable":true,"href":"https:\/\/wifi.se\/es\/wp-json\/wp\/v2\/media\/26335"}],"wp:attachment":[{"href":"https:\/\/wifi.se\/es\/wp-json\/wp\/v2\/media?parent=24324"}],"wp:term":[{"taxonomy":"product_brand","embeddable":true,"href":"https:\/\/wifi.se\/es\/wp-json\/wp\/v2\/product_brand?post=24324"},{"taxonomy":"product_cat","embeddable":true,"href":"https:\/\/wifi.se\/es\/wp-json\/wp\/v2\/product_cat?post=24324"},{"taxonomy":"product_tag","embeddable":true,"href":"https:\/\/wifi.se\/es\/wp-json\/wp\/v2\/product_tag?post=24324"}],"curies":[{"name":"wp","href":"https:\/\/api.w.org\/{rel}","templated":true}]}}