{"id":24317,"date":"2024-02-13T15:24:13","date_gmt":"2024-02-13T13:24:13","guid":{"rendered":"https:\/\/wifi.se\/?post_type=product&#038;p=24317"},"modified":"2025-09-27T00:17:42","modified_gmt":"2025-09-26T22:17:42","slug":"tarjeta-sim-de-500gb-para-banda-ancha-movil-5g-en-suecia-valida-por-12-meses","status":"publish","type":"product","link":"https:\/\/wifi.se\/es\/product\/tarjeta-sim-de-500gb-para-banda-ancha-movil-5g-en-suecia-valida-por-12-meses\/","title":{"rendered":"Tarjeta SIM de 500GB para banda ancha m\u00f3vil 5G en Suecia \u2013 V\u00e1lida por 12 meses"},"content":{"rendered":"<p class=\"p1\"><b>R\u00c1PIDO, ECON\u00d3MICO Y SENCILLO<\/b><\/p>\n<ul>\n<li class=\"p1\">SIN SUSCRIPCIONES, PER\u00cdODOS DE PERMANENCIA NI TIEMPOS DE CANCELACI\u00d3N<\/li>\n<li class=\"p1\">UNA ELECCI\u00d3N INTELIGENTE PARA TU AUTOCARAVANA, CARAVANA, CASA DE VACACIONES O HOGAR<\/li>\n<li class=\"p1\">LL\u00c9VALO CONTIGO EN TU VIAJE Y NAVEGA EN SUECIA SIN PROBLEMAS<\/li>\n<\/ul>\n<p class=\"p1\"><strong>V\u00c1LIDO EN SUECIA<\/strong><\/p>\n<ul>\n<li class=\"p1\">USA TUS DATOS COMO QUIERAS DURANTE 12 MESES<\/li>\n<li class=\"p1\">SIN CUOTAS MENSUALES<\/li>\n<li class=\"p1\">SIN CONTRATOS, PERMANENCIAS NI COSTOS OCULTOS<\/li>\n<li class=\"p1\">MANTIENES EL MISMO SIM AL RECARGAR<\/li>\n<li class=\"p1\">IDEAL PARA STREAMING DE TV Y CONECTAR A TODA LA FAMILIA AL MISMO TIEMPO<\/li>\n<li class=\"p1\">PAGAS SOLO POR EL TIEMPO QUE EST\u00c1S CONECTADO<\/li>\n<li class=\"p1\">NUESTROS SIM NO TIENEN L\u00cdMITES MENSUALES<\/li>\n<\/ul>\n<p class=\"p1\">F\u00c1CIL DE CONFIGURAR Y USAR<\/p>\n<p class=\"p1\">SE DESACTIVA AUTOM\u00c1TICAMENTE AL SALIR DE SUECIA<\/p>\n<p class=\"p1\">NUNCA TE COBRAR\u00c1N COSTOS ADICIONALES RETROACTIVAMENTE<b><\/b><\/p>\n<p class=\"p1\"><b>Wifi.se \u2013 Tu conexi\u00f3n sin complicaciones.<\/b><\/p>\n","protected":false},"excerpt":{"rendered":"<p><strong>500 GB data valid in Sweden. Use your data as you wish for 12 months. No subscriptions, binding periods, or additional costs.<\/strong><\/p>\n<p>Mobile broadband for Sweden. No monthly fees, all data can be saved for 12 months and used freely.<\/p>\n","protected":false},"featured_media":26336,"template":"","meta":{"_acf_changed":false},"product_brand":[],"product_cat":[463,471],"product_tag":[272,421,40],"class_list":{"0":"post-24317","1":"product","2":"type-product","3":"status-publish","4":"has-post-thumbnail","6":"product_cat-tarjetas-sim-5g","7":"product_cat-sim-5g-para-suecia-valido-365-dias","8":"product_tag-500-gb","9":"product_tag-sim","10":"product_tag-wifi","11":"product_shipping_class-pafyllning","13":"first","14":"instock","15":"taxable","16":"shipping-taxable","17":"purchasable","18":"product-type-variable"},"bundled_by":[],"bundle_stock_status":"instock","bundle_stock_quantity":null,"bundle_virtual":false,"bundle_layout":"","bundle_add_to_cart_form_location":"","bundle_editable_in_cart":false,"bundle_sold_individually_context":"","bundle_item_grouping":"","bundle_min_size":"","bundle_max_size":"","bundle_price":[],"bundled_items":[],"bundle_sell_ids":[],"acf":{"accounting_number":"1940","accounting_number_kopiera2":"2611","accounting_number_kopiera3":"3012","accounting_number_kopiera4":"3520","accounting_number_kopiera5":"1510","accounting_number_kopiera6":"1511"},"yoast_head":"<!-- This site is optimized with the Yoast SEO plugin v27.1.1 - https:\/\/yoast.com\/product\/yoast-seo-wordpress\/ -->\n<title>Tarjeta SIM de 500 GB para Suecia \u2013 Guarda todos los datos no utilizados durante 12 meses<\/title>\n<meta name=\"description\" content=\"INTERNET M\u00d3VIL SIN PERMANENCIA NI TIEMPO DE CANCELACI\u00d3N, PERFECTO PARA TU AUTOCARAVANA, CARAVANA, CASA DE VACACIONES, F\u00c1CIL, SEGURO Y ECON\u00d3MICO\" \/>\n<meta name=\"robots\" content=\"index, follow, max-snippet:-1, max-image-preview:large, max-video-preview:-1\" \/>\n<link rel=\"canonical\" href=\"https:\/\/wifi.se\/es\/product\/tarjeta-sim-de-500gb-para-banda-ancha-movil-5g-en-suecia-valida-por-12-meses\/\" \/>\n<meta property=\"og:locale\" content=\"es_ES\" \/>\n<meta property=\"og:type\" content=\"article\" \/>\n<meta property=\"og:title\" content=\"Tarjeta SIM de 500 GB para Suecia \u2013 Guarda todos los datos no utilizados durante 12 meses\" \/>\n<meta property=\"og:description\" content=\"INTERNET M\u00d3VIL SIN PERMANENCIA NI TIEMPO DE CANCELACI\u00d3N, PERFECTO PARA TU AUTOCARAVANA, CARAVANA, CASA DE VACACIONES, F\u00c1CIL, SEGURO Y ECON\u00d3MICO\" \/>\n<meta property=\"og:url\" content=\"https:\/\/wifi.se\/es\/product\/tarjeta-sim-de-500gb-para-banda-ancha-movil-5g-en-suecia-valida-por-12-meses\/\" \/>\n<meta property=\"og:site_name\" content=\"WIFI.SE\/ES\" \/>\n<meta property=\"article:modified_time\" content=\"2025-09-26T22:17:42+00:00\" \/>\n<meta property=\"og:image\" content=\"https:\/\/wifi.se\/es\/wp-content\/uploads\/sites\/5\/2024\/02\/Sverige500GB.png\" \/>\n\t<meta property=\"og:image:width\" content=\"1024\" \/>\n\t<meta property=\"og:image:height\" content=\"768\" \/>\n\t<meta property=\"og:image:type\" content=\"image\/png\" \/>\n<meta name=\"twitter:card\" content=\"summary_large_image\" \/>\n<meta name=\"twitter:label1\" content=\"Tiempo de lectura\" \/>\n\t<meta name=\"twitter:data1\" content=\"1 minuto\" \/>\n<script type=\"application\/ld+json\" class=\"yoast-schema-graph\">{\"@context\":\"https:\/\/schema.org\",\"@graph\":[{\"@type\":\"WebPage\",\"@id\":\"https:\/\/wifi.se\/es\/product\/tarjeta-sim-de-500gb-para-banda-ancha-movil-5g-en-suecia-valida-por-12-meses\/\",\"url\":\"https:\/\/wifi.se\/es\/product\/tarjeta-sim-de-500gb-para-banda-ancha-movil-5g-en-suecia-valida-por-12-meses\/\",\"name\":\"Tarjeta SIM de 500 GB para Suecia \u2013 Guarda todos los datos no utilizados durante 12 meses\",\"isPartOf\":{\"@id\":\"https:\/\/wifi.se\/es\/#website\"},\"primaryImageOfPage\":{\"@id\":\"https:\/\/wifi.se\/es\/product\/tarjeta-sim-de-500gb-para-banda-ancha-movil-5g-en-suecia-valida-por-12-meses\/#primaryimage\"},\"image\":{\"@id\":\"https:\/\/wifi.se\/es\/product\/tarjeta-sim-de-500gb-para-banda-ancha-movil-5g-en-suecia-valida-por-12-meses\/#primaryimage\"},\"thumbnailUrl\":\"https:\/\/wifi.se\/es\/wp-content\/uploads\/sites\/5\/2024\/02\/Sverige500GB.png\",\"datePublished\":\"2024-02-13T13:24:13+00:00\",\"dateModified\":\"2025-09-26T22:17:42+00:00\",\"description\":\"INTERNET M\u00d3VIL SIN PERMANENCIA NI TIEMPO DE CANCELACI\u00d3N, PERFECTO PARA TU AUTOCARAVANA, CARAVANA, CASA DE VACACIONES, F\u00c1CIL, SEGURO Y ECON\u00d3MICO\",\"breadcrumb\":{\"@id\":\"https:\/\/wifi.se\/es\/product\/tarjeta-sim-de-500gb-para-banda-ancha-movil-5g-en-suecia-valida-por-12-meses\/#breadcrumb\"},\"inLanguage\":\"es\",\"potentialAction\":[{\"@type\":\"ReadAction\",\"target\":[\"https:\/\/wifi.se\/es\/product\/tarjeta-sim-de-500gb-para-banda-ancha-movil-5g-en-suecia-valida-por-12-meses\/\"]}]},{\"@type\":\"ImageObject\",\"inLanguage\":\"es\",\"@id\":\"https:\/\/wifi.se\/es\/product\/tarjeta-sim-de-500gb-para-banda-ancha-movil-5g-en-suecia-valida-por-12-meses\/#primaryimage\",\"url\":\"https:\/\/wifi.se\/es\/wp-content\/uploads\/sites\/5\/2024\/02\/Sverige500GB.png\",\"contentUrl\":\"https:\/\/wifi.se\/es\/wp-content\/uploads\/sites\/5\/2024\/02\/Sverige500GB.png\",\"width\":1024,\"height\":768},{\"@type\":\"BreadcrumbList\",\"@id\":\"https:\/\/wifi.se\/es\/product\/tarjeta-sim-de-500gb-para-banda-ancha-movil-5g-en-suecia-valida-por-12-meses\/#breadcrumb\",\"itemListElement\":[{\"@type\":\"ListItem\",\"position\":1,\"name\":\"Hem\",\"item\":\"https:\/\/wifi.se\/es\/\"},{\"@type\":\"ListItem\",\"position\":2,\"name\":\"Tienda\",\"item\":\"https:\/\/wifi.se\/es\/compra-en-nuestra-tienda-online\/\"},{\"@type\":\"ListItem\",\"position\":3,\"name\":\"Tarjeta SIM de 500GB para banda ancha m\u00f3vil 5G en Suecia \u2013 V\u00e1lida por 12 meses\"}]},{\"@type\":\"WebSite\",\"@id\":\"https:\/\/wifi.se\/es\/#website\",\"url\":\"https:\/\/wifi.se\/es\/\",\"name\":\"WIFI.SE\/ES\",\"description\":\"INTERNET EN TODAS PARTES\",\"potentialAction\":[{\"@type\":\"SearchAction\",\"target\":{\"@type\":\"EntryPoint\",\"urlTemplate\":\"https:\/\/wifi.se\/es\/?s={search_term_string}\"},\"query-input\":{\"@type\":\"PropertyValueSpecification\",\"valueRequired\":true,\"valueName\":\"search_term_string\"}}],\"inLanguage\":\"es\"}]}<\/script>\n<!-- \/ Yoast SEO plugin. -->","yoast_head_json":{"title":"Tarjeta SIM de 500 GB para Suecia \u2013 Guarda todos los datos no utilizados durante 12 meses","description":"INTERNET M\u00d3VIL SIN PERMANENCIA NI TIEMPO DE CANCELACI\u00d3N, PERFECTO PARA TU AUTOCARAVANA, CARAVANA, CASA DE VACACIONES, F\u00c1CIL, SEGURO Y ECON\u00d3MICO","robots":{"index":"index","follow":"follow","max-snippet":"max-snippet:-1","max-image-preview":"max-image-preview:large","max-video-preview":"max-video-preview:-1"},"canonical":"https:\/\/wifi.se\/es\/product\/tarjeta-sim-de-500gb-para-banda-ancha-movil-5g-en-suecia-valida-por-12-meses\/","og_locale":"es_ES","og_type":"article","og_title":"Tarjeta SIM de 500 GB para Suecia \u2013 Guarda todos los datos no utilizados durante 12 meses","og_description":"INTERNET M\u00d3VIL SIN PERMANENCIA NI TIEMPO DE CANCELACI\u00d3N, PERFECTO PARA TU AUTOCARAVANA, CARAVANA, CASA DE VACACIONES, F\u00c1CIL, SEGURO Y ECON\u00d3MICO","og_url":"https:\/\/wifi.se\/es\/product\/tarjeta-sim-de-500gb-para-banda-ancha-movil-5g-en-suecia-valida-por-12-meses\/","og_site_name":"WIFI.SE\/ES","article_modified_time":"2025-09-26T22:17:42+00:00","og_image":[{"width":1024,"height":768,"url":"https:\/\/wifi.se\/es\/wp-content\/uploads\/sites\/5\/2024\/02\/Sverige500GB.png","type":"image\/png"}],"twitter_card":"summary_large_image","twitter_misc":{"Tiempo de lectura":"1 minuto"},"schema":{"@context":"https:\/\/schema.org","@graph":[{"@type":"WebPage","@id":"https:\/\/wifi.se\/es\/product\/tarjeta-sim-de-500gb-para-banda-ancha-movil-5g-en-suecia-valida-por-12-meses\/","url":"https:\/\/wifi.se\/es\/product\/tarjeta-sim-de-500gb-para-banda-ancha-movil-5g-en-suecia-valida-por-12-meses\/","name":"Tarjeta SIM de 500 GB para Suecia \u2013 Guarda todos los datos no utilizados durante 12 meses","isPartOf":{"@id":"https:\/\/wifi.se\/es\/#website"},"primaryImageOfPage":{"@id":"https:\/\/wifi.se\/es\/product\/tarjeta-sim-de-500gb-para-banda-ancha-movil-5g-en-suecia-valida-por-12-meses\/#primaryimage"},"image":{"@id":"https:\/\/wifi.se\/es\/product\/tarjeta-sim-de-500gb-para-banda-ancha-movil-5g-en-suecia-valida-por-12-meses\/#primaryimage"},"thumbnailUrl":"https:\/\/wifi.se\/es\/wp-content\/uploads\/sites\/5\/2024\/02\/Sverige500GB.png","datePublished":"2024-02-13T13:24:13+00:00","dateModified":"2025-09-26T22:17:42+00:00","description":"INTERNET M\u00d3VIL SIN PERMANENCIA NI TIEMPO DE CANCELACI\u00d3N, PERFECTO PARA TU AUTOCARAVANA, CARAVANA, CASA DE VACACIONES, F\u00c1CIL, SEGURO Y ECON\u00d3MICO","breadcrumb":{"@id":"https:\/\/wifi.se\/es\/product\/tarjeta-sim-de-500gb-para-banda-ancha-movil-5g-en-suecia-valida-por-12-meses\/#breadcrumb"},"inLanguage":"es","potentialAction":[{"@type":"ReadAction","target":["https:\/\/wifi.se\/es\/product\/tarjeta-sim-de-500gb-para-banda-ancha-movil-5g-en-suecia-valida-por-12-meses\/"]}]},{"@type":"ImageObject","inLanguage":"es","@id":"https:\/\/wifi.se\/es\/product\/tarjeta-sim-de-500gb-para-banda-ancha-movil-5g-en-suecia-valida-por-12-meses\/#primaryimage","url":"https:\/\/wifi.se\/es\/wp-content\/uploads\/sites\/5\/2024\/02\/Sverige500GB.png","contentUrl":"https:\/\/wifi.se\/es\/wp-content\/uploads\/sites\/5\/2024\/02\/Sverige500GB.png","width":1024,"height":768},{"@type":"BreadcrumbList","@id":"https:\/\/wifi.se\/es\/product\/tarjeta-sim-de-500gb-para-banda-ancha-movil-5g-en-suecia-valida-por-12-meses\/#breadcrumb","itemListElement":[{"@type":"ListItem","position":1,"name":"Hem","item":"https:\/\/wifi.se\/es\/"},{"@type":"ListItem","position":2,"name":"Tienda","item":"https:\/\/wifi.se\/es\/compra-en-nuestra-tienda-online\/"},{"@type":"ListItem","position":3,"name":"Tarjeta SIM de 500GB para banda ancha m\u00f3vil 5G en Suecia \u2013 V\u00e1lida por 12 meses"}]},{"@type":"WebSite","@id":"https:\/\/wifi.se\/es\/#website","url":"https:\/\/wifi.se\/es\/","name":"WIFI.SE\/ES","description":"INTERNET EN TODAS PARTES","potentialAction":[{"@type":"SearchAction","target":{"@type":"EntryPoint","urlTemplate":"https:\/\/wifi.se\/es\/?s={search_term_string}"},"query-input":{"@type":"PropertyValueSpecification","valueRequired":true,"valueName":"search_term_string"}}],"inLanguage":"es"}]}},"_links":{"self":[{"href":"https:\/\/wifi.se\/es\/wp-json\/wp\/v2\/product\/24317","targetHints":{"allow":["GET"]}}],"collection":[{"href":"https:\/\/wifi.se\/es\/wp-json\/wp\/v2\/product"}],"about":[{"href":"https:\/\/wifi.se\/es\/wp-json\/wp\/v2\/types\/product"}],"wp:featuredmedia":[{"embeddable":true,"href":"https:\/\/wifi.se\/es\/wp-json\/wp\/v2\/media\/26336"}],"wp:attachment":[{"href":"https:\/\/wifi.se\/es\/wp-json\/wp\/v2\/media?parent=24317"}],"wp:term":[{"taxonomy":"product_brand","embeddable":true,"href":"https:\/\/wifi.se\/es\/wp-json\/wp\/v2\/product_brand?post=24317"},{"taxonomy":"product_cat","embeddable":true,"href":"https:\/\/wifi.se\/es\/wp-json\/wp\/v2\/product_cat?post=24317"},{"taxonomy":"product_tag","embeddable":true,"href":"https:\/\/wifi.se\/es\/wp-json\/wp\/v2\/product_tag?post=24317"}],"curies":[{"name":"wp","href":"https:\/\/api.w.org\/{rel}","templated":true}]}}