{"id":22640,"date":"2024-02-13T14:21:27","date_gmt":"2024-02-13T12:21:27","guid":{"rendered":"https:\/\/wifi.se\/?post_type=product&#038;p=22640"},"modified":"2026-01-20T10:49:49","modified_gmt":"2026-01-20T08:49:49","slug":"pide-tu-sim-de-roaming-europa-400-gb-activala-cuando-quieras","status":"publish","type":"product","link":"https:\/\/wifi.se\/es\/product\/pide-tu-sim-de-roaming-europa-400-gb-activala-cuando-quieras\/","title":{"rendered":"SIM de roaming para Europa con 400 GB de datos. 5G a m\u00e1xima velocidad, sin l\u00edmites diarios, act\u00edvalo cuando quieras."},"content":{"rendered":"<p data-start=\"0\" data-end=\"249\">Wifi.se ofrece una potente <strong data-start=\"27\" data-end=\"42\">eSIM Europa<\/strong> dise\u00f1ada para clientes que viajan por varios pa\u00edses y necesitan una gran cantidad de datos. La eSIM incluye <strong data-start=\"151\" data-end=\"170\">400 GB de datos<\/strong> que pueden utilizarse en <strong data-start=\"196\" data-end=\"248\">toda Europa, incluyendo Noruega y el Reino Unido<\/strong>.<\/p>\n<p data-start=\"251\" data-end=\"468\">Puedes usar la eSIM en cualquier lugar de Europa con una conexi\u00f3n r\u00e1pida y estable, lo que la hace ideal para estancias largas, trabajo en ruta, streaming, navegaci\u00f3n y para mantenerte conectado dondequiera que est\u00e9s.<\/p>\n<p data-start=\"470\" data-end=\"631\">La eSIM funciona en modalidad prepago. Puedes elegir un per\u00edodo de activaci\u00f3n de <strong data-start=\"551\" data-end=\"566\">1 a 6 meses<\/strong>. La eSIM no se activa al entregarse; t\u00fa decides cu\u00e1ndo comienza.<\/p>\n<p data-start=\"633\" data-end=\"966\">Despu\u00e9s de realizar el pedido, tendr\u00e1s acceso a <strong data-start=\"681\" data-end=\"696\">Mis P\u00e1ginas<\/strong>, donde podr\u00e1s seleccionar tu plan de datos y el per\u00edodo de activaci\u00f3n. Una vez pagado el plan, recibir\u00e1s un <strong data-start=\"805\" data-end=\"818\">c\u00f3digo QR<\/strong>. Escanea este c\u00f3digo en tu smartphone o en un router compatible con eSIM para instalar y activar la eSIM. Cada c\u00f3digo QR solo puede usarse una vez.<\/p>\n<p data-start=\"968\" data-end=\"1081\" data-is-last-node=\"\" data-is-only-node=\"\">La eSIM es v\u00e1lida durante <strong data-start=\"994\" data-end=\"1031\">30 d\u00edas por cada mes seleccionado<\/strong>.<br data-start=\"1032\" data-end=\"1035\" \/>Los precios comienzan desde <strong data-start=\"1063\" data-end=\"1080\">89 EUR al mes<\/strong>.<\/p>\n","protected":false},"excerpt":{"rendered":"<p data-start=\"65\" data-end=\"184\">SIM de roaming para quienes desean una conexi\u00f3n r\u00e1pida y estable dentro de la UE, as\u00ed como en el Reino Unido y Noruega.<\/p>\n<p data-start=\"186\" data-end=\"309\">Ofrece 5G a m\u00e1xima velocidad sin l\u00edmites diarios y es ideal para viajes, streaming, trabajo remoto y estancias prolongadas.<\/p>\n<p data-start=\"311\" data-end=\"560\" data-is-last-node=\"\" data-is-only-node=\"\">Al pagar <strong data-start=\"320\" data-end=\"328\">10 \u20ac<\/strong>, recibes dos tarjetas SIM de roaming y te registras como cliente con nosotros, con acceso a <strong data-start=\"421\" data-end=\"433\">My Pages<\/strong>, tu p\u00e1gina personal.<br data-start=\"454\" data-end=\"457\" \/>El plan de datos y el per\u00edodo de validez se eligen y se pagan \u00fanicamente cuando realizas la activaci\u00f3n.<\/p>\n","protected":false},"featured_media":32823,"template":"","meta":{"_acf_changed":false},"product_brand":[],"product_cat":[463,472],"product_tag":[380],"class_list":{"0":"post-22640","1":"product","2":"type-product","3":"status-publish","4":"has-post-thumbnail","6":"product_cat-tarjetas-sim-5g","7":"product_cat-sim-5g-roaming-europa","8":"product_tag-400-gb","9":"product_shipping_class-sim-kort","11":"first","12":"instock","13":"taxable","14":"shipping-taxable","15":"purchasable","16":"product-type-simple"},"bundled_by":[],"bundle_stock_status":"instock","bundle_stock_quantity":null,"bundle_virtual":false,"bundle_layout":"","bundle_add_to_cart_form_location":"","bundle_editable_in_cart":false,"bundle_sold_individually_context":"","bundle_item_grouping":"","bundle_min_size":"","bundle_max_size":"","bundle_price":[],"bundled_items":[],"bundle_sell_ids":[],"acf":{"accounting_number":"","accounting_number_kopiera2":"","accounting_number_kopiera3":"","accounting_number_kopiera4":"","accounting_number_kopiera5":"","accounting_number_kopiera6":""},"yoast_head":"<!-- This site is optimized with the Yoast SEO plugin v27.1.1 - https:\/\/yoast.com\/product\/yoast-seo-wordpress\/ -->\n<title>SIM de roaming para Europa con 400 GB de datos. 5G a m\u00e1xima velocidad, sin l\u00edmites diarios, act\u00edvalo cuando quieras. - WIFI.SE\/ES<\/title>\n<meta name=\"description\" content=\"Tarjeta SIM Roaming sin activar \u2013 Act\u00edvala cuando la necesites. Ideal para tu viaje. Ya no tendr\u00e1s que preocuparte por quedarte sin datos en Europa.\" \/>\n<meta name=\"robots\" content=\"index, follow, max-snippet:-1, max-image-preview:large, max-video-preview:-1\" \/>\n<link rel=\"canonical\" href=\"https:\/\/wifi.se\/es\/product\/pide-tu-sim-de-roaming-europa-400-gb-activala-cuando-quieras\/\" \/>\n<meta property=\"og:locale\" content=\"es_ES\" \/>\n<meta property=\"og:type\" content=\"article\" \/>\n<meta property=\"og:title\" content=\"SIM de roaming para Europa con 400 GB de datos. 5G a m\u00e1xima velocidad, sin l\u00edmites diarios, act\u00edvalo cuando quieras. - WIFI.SE\/ES\" \/>\n<meta property=\"og:description\" content=\"Tarjeta SIM Roaming sin activar \u2013 Act\u00edvala cuando la necesites. Ideal para tu viaje. Ya no tendr\u00e1s que preocuparte por quedarte sin datos en Europa.\" \/>\n<meta property=\"og:url\" content=\"https:\/\/wifi.se\/es\/product\/pide-tu-sim-de-roaming-europa-400-gb-activala-cuando-quieras\/\" \/>\n<meta property=\"og:site_name\" content=\"WIFI.SE\/ES\" \/>\n<meta property=\"article:modified_time\" content=\"2026-01-20T08:49:49+00:00\" \/>\n<meta property=\"og:image\" content=\"https:\/\/wifi.se\/es\/wp-content\/uploads\/sites\/5\/2024\/02\/400_es_01.png\" \/>\n\t<meta property=\"og:image:width\" content=\"800\" \/>\n\t<meta property=\"og:image:height\" content=\"800\" \/>\n\t<meta property=\"og:image:type\" content=\"image\/png\" \/>\n<meta name=\"twitter:card\" content=\"summary_large_image\" \/>\n<meta name=\"twitter:label1\" content=\"Tiempo de lectura\" \/>\n\t<meta name=\"twitter:data1\" content=\"2 minutos\" \/>\n<script type=\"application\/ld+json\" class=\"yoast-schema-graph\">{\"@context\":\"https:\/\/schema.org\",\"@graph\":[{\"@type\":\"WebPage\",\"@id\":\"https:\/\/wifi.se\/es\/product\/pide-tu-sim-de-roaming-europa-400-gb-activala-cuando-quieras\/\",\"url\":\"https:\/\/wifi.se\/es\/product\/pide-tu-sim-de-roaming-europa-400-gb-activala-cuando-quieras\/\",\"name\":\"SIM de roaming para Europa con 400 GB de datos. 5G a m\u00e1xima velocidad, sin l\u00edmites diarios, act\u00edvalo cuando quieras. - WIFI.SE\/ES\",\"isPartOf\":{\"@id\":\"https:\/\/wifi.se\/es\/#website\"},\"primaryImageOfPage\":{\"@id\":\"https:\/\/wifi.se\/es\/product\/pide-tu-sim-de-roaming-europa-400-gb-activala-cuando-quieras\/#primaryimage\"},\"image\":{\"@id\":\"https:\/\/wifi.se\/es\/product\/pide-tu-sim-de-roaming-europa-400-gb-activala-cuando-quieras\/#primaryimage\"},\"thumbnailUrl\":\"https:\/\/wifi.se\/es\/wp-content\/uploads\/sites\/5\/2024\/02\/400_es_01.png\",\"datePublished\":\"2024-02-13T12:21:27+00:00\",\"dateModified\":\"2026-01-20T08:49:49+00:00\",\"description\":\"Tarjeta SIM Roaming sin activar \u2013 Act\u00edvala cuando la necesites. Ideal para tu viaje. Ya no tendr\u00e1s que preocuparte por quedarte sin datos en Europa.\",\"breadcrumb\":{\"@id\":\"https:\/\/wifi.se\/es\/product\/pide-tu-sim-de-roaming-europa-400-gb-activala-cuando-quieras\/#breadcrumb\"},\"inLanguage\":\"es\",\"potentialAction\":[{\"@type\":\"ReadAction\",\"target\":[\"https:\/\/wifi.se\/es\/product\/pide-tu-sim-de-roaming-europa-400-gb-activala-cuando-quieras\/\"]}]},{\"@type\":\"ImageObject\",\"inLanguage\":\"es\",\"@id\":\"https:\/\/wifi.se\/es\/product\/pide-tu-sim-de-roaming-europa-400-gb-activala-cuando-quieras\/#primaryimage\",\"url\":\"https:\/\/wifi.se\/es\/wp-content\/uploads\/sites\/5\/2024\/02\/400_es_01.png\",\"contentUrl\":\"https:\/\/wifi.se\/es\/wp-content\/uploads\/sites\/5\/2024\/02\/400_es_01.png\",\"width\":800,\"height\":800},{\"@type\":\"BreadcrumbList\",\"@id\":\"https:\/\/wifi.se\/es\/product\/pide-tu-sim-de-roaming-europa-400-gb-activala-cuando-quieras\/#breadcrumb\",\"itemListElement\":[{\"@type\":\"ListItem\",\"position\":1,\"name\":\"Hem\",\"item\":\"https:\/\/wifi.se\/es\/\"},{\"@type\":\"ListItem\",\"position\":2,\"name\":\"Tienda\",\"item\":\"https:\/\/wifi.se\/es\/compra-en-nuestra-tienda-online\/\"},{\"@type\":\"ListItem\",\"position\":3,\"name\":\"SIM de roaming para Europa con 400 GB de datos. 5G a m\u00e1xima velocidad, sin l\u00edmites diarios, act\u00edvalo cuando quieras.\"}]},{\"@type\":\"WebSite\",\"@id\":\"https:\/\/wifi.se\/es\/#website\",\"url\":\"https:\/\/wifi.se\/es\/\",\"name\":\"WIFI.SE\/ES\",\"description\":\"INTERNET EN TODAS PARTES\",\"potentialAction\":[{\"@type\":\"SearchAction\",\"target\":{\"@type\":\"EntryPoint\",\"urlTemplate\":\"https:\/\/wifi.se\/es\/?s={search_term_string}\"},\"query-input\":{\"@type\":\"PropertyValueSpecification\",\"valueRequired\":true,\"valueName\":\"search_term_string\"}}],\"inLanguage\":\"es\"}]}<\/script>\n<!-- \/ Yoast SEO plugin. -->","yoast_head_json":{"title":"SIM de roaming para Europa con 400 GB de datos. 5G a m\u00e1xima velocidad, sin l\u00edmites diarios, act\u00edvalo cuando quieras. - WIFI.SE\/ES","description":"Tarjeta SIM Roaming sin activar \u2013 Act\u00edvala cuando la necesites. Ideal para tu viaje. Ya no tendr\u00e1s que preocuparte por quedarte sin datos en Europa.","robots":{"index":"index","follow":"follow","max-snippet":"max-snippet:-1","max-image-preview":"max-image-preview:large","max-video-preview":"max-video-preview:-1"},"canonical":"https:\/\/wifi.se\/es\/product\/pide-tu-sim-de-roaming-europa-400-gb-activala-cuando-quieras\/","og_locale":"es_ES","og_type":"article","og_title":"SIM de roaming para Europa con 400 GB de datos. 5G a m\u00e1xima velocidad, sin l\u00edmites diarios, act\u00edvalo cuando quieras. - WIFI.SE\/ES","og_description":"Tarjeta SIM Roaming sin activar \u2013 Act\u00edvala cuando la necesites. Ideal para tu viaje. Ya no tendr\u00e1s que preocuparte por quedarte sin datos en Europa.","og_url":"https:\/\/wifi.se\/es\/product\/pide-tu-sim-de-roaming-europa-400-gb-activala-cuando-quieras\/","og_site_name":"WIFI.SE\/ES","article_modified_time":"2026-01-20T08:49:49+00:00","og_image":[{"width":800,"height":800,"url":"https:\/\/wifi.se\/es\/wp-content\/uploads\/sites\/5\/2024\/02\/400_es_01.png","type":"image\/png"}],"twitter_card":"summary_large_image","twitter_misc":{"Tiempo de lectura":"2 minutos"},"schema":{"@context":"https:\/\/schema.org","@graph":[{"@type":"WebPage","@id":"https:\/\/wifi.se\/es\/product\/pide-tu-sim-de-roaming-europa-400-gb-activala-cuando-quieras\/","url":"https:\/\/wifi.se\/es\/product\/pide-tu-sim-de-roaming-europa-400-gb-activala-cuando-quieras\/","name":"SIM de roaming para Europa con 400 GB de datos. 5G a m\u00e1xima velocidad, sin l\u00edmites diarios, act\u00edvalo cuando quieras. - WIFI.SE\/ES","isPartOf":{"@id":"https:\/\/wifi.se\/es\/#website"},"primaryImageOfPage":{"@id":"https:\/\/wifi.se\/es\/product\/pide-tu-sim-de-roaming-europa-400-gb-activala-cuando-quieras\/#primaryimage"},"image":{"@id":"https:\/\/wifi.se\/es\/product\/pide-tu-sim-de-roaming-europa-400-gb-activala-cuando-quieras\/#primaryimage"},"thumbnailUrl":"https:\/\/wifi.se\/es\/wp-content\/uploads\/sites\/5\/2024\/02\/400_es_01.png","datePublished":"2024-02-13T12:21:27+00:00","dateModified":"2026-01-20T08:49:49+00:00","description":"Tarjeta SIM Roaming sin activar \u2013 Act\u00edvala cuando la necesites. Ideal para tu viaje. Ya no tendr\u00e1s que preocuparte por quedarte sin datos en Europa.","breadcrumb":{"@id":"https:\/\/wifi.se\/es\/product\/pide-tu-sim-de-roaming-europa-400-gb-activala-cuando-quieras\/#breadcrumb"},"inLanguage":"es","potentialAction":[{"@type":"ReadAction","target":["https:\/\/wifi.se\/es\/product\/pide-tu-sim-de-roaming-europa-400-gb-activala-cuando-quieras\/"]}]},{"@type":"ImageObject","inLanguage":"es","@id":"https:\/\/wifi.se\/es\/product\/pide-tu-sim-de-roaming-europa-400-gb-activala-cuando-quieras\/#primaryimage","url":"https:\/\/wifi.se\/es\/wp-content\/uploads\/sites\/5\/2024\/02\/400_es_01.png","contentUrl":"https:\/\/wifi.se\/es\/wp-content\/uploads\/sites\/5\/2024\/02\/400_es_01.png","width":800,"height":800},{"@type":"BreadcrumbList","@id":"https:\/\/wifi.se\/es\/product\/pide-tu-sim-de-roaming-europa-400-gb-activala-cuando-quieras\/#breadcrumb","itemListElement":[{"@type":"ListItem","position":1,"name":"Hem","item":"https:\/\/wifi.se\/es\/"},{"@type":"ListItem","position":2,"name":"Tienda","item":"https:\/\/wifi.se\/es\/compra-en-nuestra-tienda-online\/"},{"@type":"ListItem","position":3,"name":"SIM de roaming para Europa con 400 GB de datos. 5G a m\u00e1xima velocidad, sin l\u00edmites diarios, act\u00edvalo cuando quieras."}]},{"@type":"WebSite","@id":"https:\/\/wifi.se\/es\/#website","url":"https:\/\/wifi.se\/es\/","name":"WIFI.SE\/ES","description":"INTERNET EN TODAS PARTES","potentialAction":[{"@type":"SearchAction","target":{"@type":"EntryPoint","urlTemplate":"https:\/\/wifi.se\/es\/?s={search_term_string}"},"query-input":{"@type":"PropertyValueSpecification","valueRequired":true,"valueName":"search_term_string"}}],"inLanguage":"es"}]}},"_links":{"self":[{"href":"https:\/\/wifi.se\/es\/wp-json\/wp\/v2\/product\/22640","targetHints":{"allow":["GET"]}}],"collection":[{"href":"https:\/\/wifi.se\/es\/wp-json\/wp\/v2\/product"}],"about":[{"href":"https:\/\/wifi.se\/es\/wp-json\/wp\/v2\/types\/product"}],"wp:featuredmedia":[{"embeddable":true,"href":"https:\/\/wifi.se\/es\/wp-json\/wp\/v2\/media\/32823"}],"wp:attachment":[{"href":"https:\/\/wifi.se\/es\/wp-json\/wp\/v2\/media?parent=22640"}],"wp:term":[{"taxonomy":"product_brand","embeddable":true,"href":"https:\/\/wifi.se\/es\/wp-json\/wp\/v2\/product_brand?post=22640"},{"taxonomy":"product_cat","embeddable":true,"href":"https:\/\/wifi.se\/es\/wp-json\/wp\/v2\/product_cat?post=22640"},{"taxonomy":"product_tag","embeddable":true,"href":"https:\/\/wifi.se\/es\/wp-json\/wp\/v2\/product_tag?post=22640"}],"curies":[{"name":"wp","href":"https:\/\/api.w.org\/{rel}","templated":true}]}}