{"id":22462,"date":"2023-08-17T14:43:03","date_gmt":"2023-08-17T12:43:03","guid":{"rendered":"https:\/\/wifi.se\/?post_type=product&#038;p=22462"},"modified":"2025-02-24T03:24:26","modified_gmt":"2025-02-24T01:24:26","slug":"router-5g-para-autocaravana-camper-caravana-barco-con-paquete-completo-de-cables-y-antenas-patch-sin-tarjeta-sim","status":"publish","type":"product","link":"https:\/\/wifi.se\/es\/product\/router-5g-para-autocaravana-camper-caravana-barco-con-paquete-completo-de-cables-y-antenas-patch-sin-tarjeta-sim\/","title":{"rendered":"Router 5G para autocaravana \/ camper \/ caravana \/ barco con paquete completo de cables y antenas patch \u2013 Sin tarjeta SIM"},"content":{"rendered":"<p class=\"p1\">WiFi Performance 5G ofrece conectividad fiable y funciones avanzadas de seguridad. Admite diversas conexiones VPN, incluye una funci\u00f3n avanzada de firewall y soporte para m\u00faltiples protocolos de cifrado. WiFi Performance 5G utiliza el mismo software que todos los routers y gateways de Teltonika Networks: RutOS (un sistema operativo Linux basado en OpenWrt). Con dos m\u00f3dems LTE que funcionan simult\u00e1neamente, este router ofrece m\u00e1s funciones que otros modelos. Incluye caracter\u00edsticas como VLAN, servicios de posicionamiento, soporte para protocolos de gesti\u00f3n remota, funciones avanzadas de seguridad como firewall y soporte para m\u00faltiples servicios VPN.<\/p>\n<p class=\"p1\">El router admite un amplio rango de voltaje (9-50 VDC) y tiene una conexi\u00f3n robusta para el conector de alimentaci\u00f3n. Se puede alimentar mediante el adaptador de corriente incluido o v\u00eda PoE pasivo en el puerto LAN 1.<\/p>\n<p class=\"p1\">WiFi Performance 5G es un router capaz de alcanzar velocidades muy altas con tecnolog\u00eda 5G de hasta 3.3 Gb\/s y conexi\u00f3n inal\u00e1mbrica r\u00e1pida WiFi 5 (hasta 867 Mb\/s). La comunicaci\u00f3n a trav\u00e9s de 5G, doble tarjeta SIM, cinco puertos Gigabit Ethernet y WiFi de doble banda permite una transferencia de datos fiable y con una latencia extremadamente baja.<\/p>\n<p class=\"p3\">\u2022 Compatible con 5G (SA\/NSA)<\/p>\n<p class=\"p3\">\u2022 Switch Gigabit con cinco puertos<\/p>\n<p class=\"p3\">\u2022 WiFi est\u00e1ndar 802.11ac (hasta 867 Mbps)<\/p>\n<p class=\"p3\">\u2022 GPS integrado<\/p>\n<p class=\"p3\"><a href=\"https:\/\/wifi.se\/manual-router-med-patchantenn\/\"><strong>Lee nuestro manual<\/strong><\/a><\/p>\n","protected":false},"excerpt":{"rendered":"<p class=\"p1\"><b>Router 5G para Autocaravana \/ Camper \/ Caravana \/ Barco con Kit Completo de Cables y Antenas Patch \u2013 Sin SIM<\/b><b><\/b><\/p>\n<p class=\"p3\">Nuevo router 5G con antenas patch personalizadas para tecnolog\u00eda 5G y WiFi 6. \u00a1Ideal para quienes buscan lo mejor, pero no quieren hacer agujeros en el techo!<\/p>\n<p class=\"p3\">Este router est\u00e1 dise\u00f1ado para cubrir altas exigencias en cuanto a versatilidad, resistencia, fiabilidad y bajo consumo energ\u00e9tico, lo que lo convierte en la opci\u00f3n perfecta para autocaravanas, barcos, casas de vacaciones o camping. Est\u00e1 fabricado con una resistente carcasa exterior de aluminio, capaz de soportar temperaturas extremas de entre -40 y 75 \u00baC.<\/p>\n<p class=\"p3\">Este router 5G es uno de los m\u00e1s potentes y fiables del mercado. Es ideal para usuarios exigentes que buscan la tecnolog\u00eda m\u00e1s avanzada. Ofrece velocidades muy altas gracias a su conectividad Gigabit y WiFi dual. No se puede comparar con routers dom\u00e9sticos est\u00e1ndar.<\/p>\n<p class=\"p1\"><b>Paquete especial con kit de cables y antenas patch<\/b><b><\/b><\/p>\n<p class=\"p3\">Hemos creado un paquete especial para este router, que incluye un kit completo con cables de alimentaci\u00f3n: un cable de 230 V, un cable de 12 V directo a bater\u00eda y otro cable de 12 V para conectar directamente al encendedor del veh\u00edculo. Todo para facilitarte la instalaci\u00f3n. Adem\u00e1s, incluye antenas patch especiales para 5G, para que puedas utilizar el router antes de instalar una antena en el techo, o si prefieres evitar hacer agujeros. Tambi\u00e9n incluye dos antenas patch para WiFi 6 MHz. No necesitas conocimientos t\u00e9cnicos avanzados: simplemente ench\u00fafalo y tendr\u00e1s internet en menos de un minuto.<\/p>\n<p class=\"p1\"><b>Este paquete incluye:<\/b><b><\/b><\/p>\n<p class=\"p4\">\u2022 Router Wifi Extreme 5G (fabricado en Europa)<\/p>\n<p class=\"p4\">\u2022 Cuatro antenas patch 5G<\/p>\n<p class=\"p4\">\u2022 Dos antenas patch WiFi 6 MHz<\/p>\n<p class=\"p4\">\u2022 Cable de alimentaci\u00f3n 12 V para instalaci\u00f3n directa a bater\u00eda<\/p>\n<p class=\"p4\">\u2022 Cable de alimentaci\u00f3n 12 V para instalaci\u00f3n sencilla (encendedor del veh\u00edculo)<\/p>\n<p class=\"p4\">\u2022 Cable de alimentaci\u00f3n 230 V<\/p>\n<p class=\"p4\">\u2022 Cuatro resistentes cintas de velcro marca Wurth para montaje en pared<\/p>\n<p class=\"p4\">\u2022 Router desbloqueado para roaming \u2013 funciona en el extranjero sin necesidad de ajustes<\/p>\n<p class=\"p4\">\u2022 Cinco puertos Gigabit Ethernet<\/p>\n<p class=\"p4\">\u2022 WiFi de doble banda (velocidades WiFi tres veces m\u00e1s r\u00e1pidas que un router convencional)<\/p>\n<p class=\"p4\">\u2022 Cuatro antenas externas est\u00e1ndar incluidas para 4G y WiFi<\/p>\n<p class=\"p4\">\u2022 Equipado con GPS y antena GPS incluida<\/p>\n<p class=\"p4\">\u2022 Dise\u00f1o robusto con rango de temperatura de -40 a 75 \u00baC<\/p>\n<p class=\"p4\">\u2022 Se entrega probado y listo para funcionar. Al conectarlo, tendr\u00e1s internet en menos de un minuto<\/p>\n<p class=\"p4\">\u2022 Doble ranura para tarjetas SIM<\/p>\n<p class=\"p4\">\u2022 Voltaje de funcionamiento: 9-50 V (DC)<\/p>\n<p class=\"p4\">\u2022 Consumo de energ\u00eda: 16 W<\/p>\n<p class=\"p4\">\u2022 Dimensiones: 115 x 95 x 44 mm<\/p>\n<p class=\"p4\">\u2022 Peso: 456 gramos<\/p>\n<p class=\"p4\">\u2022 Configuraci\u00f3n simplificada con funciones especiales para clientes de WiFi.se<\/p>\n<p class=\"p1\"><b>El futuro de la conectividad con nuestro router 5G y nuestras tarjetas SIM<\/b><b><\/b><\/p>\n<p class=\"p3\">En un mundo donde la conectividad es esencial, ofrecemos mucho m\u00e1s que un producto: brindamos una soluci\u00f3n integral. Al comprar tu router 5G con nosotros, obtienes no solo un dispositivo, sino tambi\u00e9n una experiencia \u00fanica en el mercado. Nos destacamos por nuestro excelente soporte al cliente, disponible por tel\u00e9fono y correo electr\u00f3nico, siempre dispuestos a ayudarte cuando lo necesites. Adem\u00e1s, nuestra funci\u00f3n de control remoto revoluciona la gesti\u00f3n t\u00e9cnica, permitiendo que nuestros t\u00e9cnicos resuelvan cualquier incidencia directamente en tu equipo, est\u00e9s donde est\u00e9s.<\/p>\n<p class=\"p3\">Complementamos nuestra experiencia t\u00e9cnica con una aplicaci\u00f3n intuitiva que te da acceso a servicios adicionales y funcionalidades desde el mismo router. Esta app facilita m\u00e1s que nunca personalizar y mejorar tu conexi\u00f3n.<\/p>\n<p class=\"p3\">Para nosotros no se trata solo de vender productos, sino de ofrecerte una soluci\u00f3n fiable y efectiva que funcione perfectamente tanto en Suecia como en toda Europa. Nuestra ambici\u00f3n es proporcionarte los mejores productos con el servicio m\u00e1s confiable para que tu experiencia digital siempre est\u00e9 a la vanguardia. Bienvenido al futuro de la conectividad, donde la libertad y la fiabilidad van de la mano.<\/p>\n<p class=\"p3\">Adem\u00e1s del hardware, tambi\u00e9n ofrecemos soluciones personalizadas con tarjetas SIM. Elige entre tarjetas SIM optimizadas para Suecia o tarjetas SIM roaming v\u00e1lidas en toda Europa, con paquetes de datos generosos de hasta 400 GB al mes. Viaja por Europa con la tranquilidad de saber que siempre estar\u00e1s conectado.<\/p>\n","protected":false},"featured_media":32131,"template":"","meta":{"_acf_changed":false},"product_brand":[],"product_cat":[464,254,378],"product_tag":[247,245,66,40],"class_list":{"0":"post-22462","1":"product","2":"type-product","3":"status-publish","4":"has-post-thumbnail","6":"product_cat-router","7":"product_cat-paquete-de-router-5g-sin-sim","8":"product_cat-wifi-performance-5g","9":"product_tag-eu-ess","10":"product_tag-roaming","11":"product_tag-router","12":"product_tag-wifi","13":"product_shipping_class-sim-kort-med-router","15":"first","16":"instock","17":"taxable","18":"shipping-taxable","19":"purchasable","20":"product-type-simple"},"bundled_by":[],"bundle_stock_status":"instock","bundle_stock_quantity":null,"bundle_virtual":false,"bundle_layout":"","bundle_add_to_cart_form_location":"","bundle_editable_in_cart":false,"bundle_sold_individually_context":"","bundle_item_grouping":"","bundle_min_size":"","bundle_max_size":"","bundle_price":[],"bundled_items":[],"bundle_sell_ids":[],"acf":{"accounting_number":"1940","accounting_number_kopiera2":"2611","accounting_number_kopiera3":"3018","accounting_number_kopiera4":"3520","accounting_number_kopiera5":"1510","accounting_number_kopiera6":"1511"},"yoast_head":"<!-- This site is optimized with the Yoast SEO plugin v27.1.1 - https:\/\/yoast.com\/product\/yoast-seo-wordpress\/ -->\n<title>WiFi Performance 5G con kit completo de cables y antena 5G de techo \u2013 Sin SIM<\/title>\n<meta name=\"description\" content=\"Router 5G con antena de techo propia \u2013 Para ti que buscas lo mejor. Puedes conseguir velocidades de descarga superiores a 400 Mbit\/s,\" \/>\n<meta name=\"robots\" content=\"index, follow, max-snippet:-1, max-image-preview:large, max-video-preview:-1\" \/>\n<link rel=\"canonical\" href=\"https:\/\/wifi.se\/es\/product\/router-5g-para-autocaravana-camper-caravana-barco-con-paquete-completo-de-cables-y-antenas-patch-sin-tarjeta-sim\/\" \/>\n<meta property=\"og:locale\" content=\"es_ES\" \/>\n<meta property=\"og:type\" content=\"article\" \/>\n<meta property=\"og:title\" content=\"WiFi Performance 5G con kit completo de cables y antena 5G de techo \u2013 Sin SIM\" \/>\n<meta property=\"og:description\" content=\"Router 5G con antena de techo propia \u2013 Para ti que buscas lo mejor. Puedes conseguir velocidades de descarga superiores a 400 Mbit\/s,\" \/>\n<meta property=\"og:url\" content=\"https:\/\/wifi.se\/es\/product\/router-5g-para-autocaravana-camper-caravana-barco-con-paquete-completo-de-cables-y-antenas-patch-sin-tarjeta-sim\/\" \/>\n<meta property=\"og:site_name\" content=\"WIFI.SE\/ES\" \/>\n<meta property=\"article:modified_time\" content=\"2025-02-24T01:24:26+00:00\" \/>\n<meta property=\"og:image\" content=\"https:\/\/wifi.se\/es\/wp-content\/uploads\/sites\/5\/2023\/08\/5gAntenn.jpg\" \/>\n\t<meta property=\"og:image:width\" content=\"800\" \/>\n\t<meta property=\"og:image:height\" content=\"800\" \/>\n\t<meta property=\"og:image:type\" content=\"image\/jpeg\" \/>\n<meta name=\"twitter:card\" content=\"summary_large_image\" \/>\n<meta name=\"twitter:label1\" content=\"Tiempo de lectura\" \/>\n\t<meta name=\"twitter:data1\" content=\"2 minutos\" \/>\n<script type=\"application\/ld+json\" class=\"yoast-schema-graph\">{\"@context\":\"https:\/\/schema.org\",\"@graph\":[{\"@type\":\"WebPage\",\"@id\":\"https:\/\/wifi.se\/es\/product\/router-5g-para-autocaravana-camper-caravana-barco-con-paquete-completo-de-cables-y-antenas-patch-sin-tarjeta-sim\/\",\"url\":\"https:\/\/wifi.se\/es\/product\/router-5g-para-autocaravana-camper-caravana-barco-con-paquete-completo-de-cables-y-antenas-patch-sin-tarjeta-sim\/\",\"name\":\"WiFi Performance 5G con kit completo de cables y antena 5G de techo \u2013 Sin SIM\",\"isPartOf\":{\"@id\":\"https:\/\/wifi.se\/es\/#website\"},\"primaryImageOfPage\":{\"@id\":\"https:\/\/wifi.se\/es\/product\/router-5g-para-autocaravana-camper-caravana-barco-con-paquete-completo-de-cables-y-antenas-patch-sin-tarjeta-sim\/#primaryimage\"},\"image\":{\"@id\":\"https:\/\/wifi.se\/es\/product\/router-5g-para-autocaravana-camper-caravana-barco-con-paquete-completo-de-cables-y-antenas-patch-sin-tarjeta-sim\/#primaryimage\"},\"thumbnailUrl\":\"https:\/\/wifi.se\/es\/wp-content\/uploads\/sites\/5\/2023\/08\/5gAntenn.jpg\",\"datePublished\":\"2023-08-17T12:43:03+00:00\",\"dateModified\":\"2025-02-24T01:24:26+00:00\",\"description\":\"Router 5G con antena de techo propia \u2013 Para ti que buscas lo mejor. Puedes conseguir velocidades de descarga superiores a 400 Mbit\/s,\",\"breadcrumb\":{\"@id\":\"https:\/\/wifi.se\/es\/product\/router-5g-para-autocaravana-camper-caravana-barco-con-paquete-completo-de-cables-y-antenas-patch-sin-tarjeta-sim\/#breadcrumb\"},\"inLanguage\":\"es\",\"potentialAction\":[{\"@type\":\"ReadAction\",\"target\":[\"https:\/\/wifi.se\/es\/product\/router-5g-para-autocaravana-camper-caravana-barco-con-paquete-completo-de-cables-y-antenas-patch-sin-tarjeta-sim\/\"]}]},{\"@type\":\"ImageObject\",\"inLanguage\":\"es\",\"@id\":\"https:\/\/wifi.se\/es\/product\/router-5g-para-autocaravana-camper-caravana-barco-con-paquete-completo-de-cables-y-antenas-patch-sin-tarjeta-sim\/#primaryimage\",\"url\":\"https:\/\/wifi.se\/es\/wp-content\/uploads\/sites\/5\/2023\/08\/5gAntenn.jpg\",\"contentUrl\":\"https:\/\/wifi.se\/es\/wp-content\/uploads\/sites\/5\/2023\/08\/5gAntenn.jpg\",\"width\":800,\"height\":800},{\"@type\":\"BreadcrumbList\",\"@id\":\"https:\/\/wifi.se\/es\/product\/router-5g-para-autocaravana-camper-caravana-barco-con-paquete-completo-de-cables-y-antenas-patch-sin-tarjeta-sim\/#breadcrumb\",\"itemListElement\":[{\"@type\":\"ListItem\",\"position\":1,\"name\":\"Hem\",\"item\":\"https:\/\/wifi.se\/es\/\"},{\"@type\":\"ListItem\",\"position\":2,\"name\":\"Tienda\",\"item\":\"https:\/\/wifi.se\/es\/compra-en-nuestra-tienda-online\/\"},{\"@type\":\"ListItem\",\"position\":3,\"name\":\"Router 5G para autocaravana \/ camper \/ caravana \/ barco con paquete completo de cables y antenas patch \u2013 Sin tarjeta SIM\"}]},{\"@type\":\"WebSite\",\"@id\":\"https:\/\/wifi.se\/es\/#website\",\"url\":\"https:\/\/wifi.se\/es\/\",\"name\":\"WIFI.SE\/ES\",\"description\":\"INTERNET EN TODAS PARTES\",\"potentialAction\":[{\"@type\":\"SearchAction\",\"target\":{\"@type\":\"EntryPoint\",\"urlTemplate\":\"https:\/\/wifi.se\/es\/?s={search_term_string}\"},\"query-input\":{\"@type\":\"PropertyValueSpecification\",\"valueRequired\":true,\"valueName\":\"search_term_string\"}}],\"inLanguage\":\"es\"}]}<\/script>\n<!-- \/ Yoast SEO plugin. -->","yoast_head_json":{"title":"WiFi Performance 5G con kit completo de cables y antena 5G de techo \u2013 Sin SIM","description":"Router 5G con antena de techo propia \u2013 Para ti que buscas lo mejor. Puedes conseguir velocidades de descarga superiores a 400 Mbit\/s,","robots":{"index":"index","follow":"follow","max-snippet":"max-snippet:-1","max-image-preview":"max-image-preview:large","max-video-preview":"max-video-preview:-1"},"canonical":"https:\/\/wifi.se\/es\/product\/router-5g-para-autocaravana-camper-caravana-barco-con-paquete-completo-de-cables-y-antenas-patch-sin-tarjeta-sim\/","og_locale":"es_ES","og_type":"article","og_title":"WiFi Performance 5G con kit completo de cables y antena 5G de techo \u2013 Sin SIM","og_description":"Router 5G con antena de techo propia \u2013 Para ti que buscas lo mejor. Puedes conseguir velocidades de descarga superiores a 400 Mbit\/s,","og_url":"https:\/\/wifi.se\/es\/product\/router-5g-para-autocaravana-camper-caravana-barco-con-paquete-completo-de-cables-y-antenas-patch-sin-tarjeta-sim\/","og_site_name":"WIFI.SE\/ES","article_modified_time":"2025-02-24T01:24:26+00:00","og_image":[{"width":800,"height":800,"url":"https:\/\/wifi.se\/es\/wp-content\/uploads\/sites\/5\/2023\/08\/5gAntenn.jpg","type":"image\/jpeg"}],"twitter_card":"summary_large_image","twitter_misc":{"Tiempo de lectura":"2 minutos"},"schema":{"@context":"https:\/\/schema.org","@graph":[{"@type":"WebPage","@id":"https:\/\/wifi.se\/es\/product\/router-5g-para-autocaravana-camper-caravana-barco-con-paquete-completo-de-cables-y-antenas-patch-sin-tarjeta-sim\/","url":"https:\/\/wifi.se\/es\/product\/router-5g-para-autocaravana-camper-caravana-barco-con-paquete-completo-de-cables-y-antenas-patch-sin-tarjeta-sim\/","name":"WiFi Performance 5G con kit completo de cables y antena 5G de techo \u2013 Sin SIM","isPartOf":{"@id":"https:\/\/wifi.se\/es\/#website"},"primaryImageOfPage":{"@id":"https:\/\/wifi.se\/es\/product\/router-5g-para-autocaravana-camper-caravana-barco-con-paquete-completo-de-cables-y-antenas-patch-sin-tarjeta-sim\/#primaryimage"},"image":{"@id":"https:\/\/wifi.se\/es\/product\/router-5g-para-autocaravana-camper-caravana-barco-con-paquete-completo-de-cables-y-antenas-patch-sin-tarjeta-sim\/#primaryimage"},"thumbnailUrl":"https:\/\/wifi.se\/es\/wp-content\/uploads\/sites\/5\/2023\/08\/5gAntenn.jpg","datePublished":"2023-08-17T12:43:03+00:00","dateModified":"2025-02-24T01:24:26+00:00","description":"Router 5G con antena de techo propia \u2013 Para ti que buscas lo mejor. Puedes conseguir velocidades de descarga superiores a 400 Mbit\/s,","breadcrumb":{"@id":"https:\/\/wifi.se\/es\/product\/router-5g-para-autocaravana-camper-caravana-barco-con-paquete-completo-de-cables-y-antenas-patch-sin-tarjeta-sim\/#breadcrumb"},"inLanguage":"es","potentialAction":[{"@type":"ReadAction","target":["https:\/\/wifi.se\/es\/product\/router-5g-para-autocaravana-camper-caravana-barco-con-paquete-completo-de-cables-y-antenas-patch-sin-tarjeta-sim\/"]}]},{"@type":"ImageObject","inLanguage":"es","@id":"https:\/\/wifi.se\/es\/product\/router-5g-para-autocaravana-camper-caravana-barco-con-paquete-completo-de-cables-y-antenas-patch-sin-tarjeta-sim\/#primaryimage","url":"https:\/\/wifi.se\/es\/wp-content\/uploads\/sites\/5\/2023\/08\/5gAntenn.jpg","contentUrl":"https:\/\/wifi.se\/es\/wp-content\/uploads\/sites\/5\/2023\/08\/5gAntenn.jpg","width":800,"height":800},{"@type":"BreadcrumbList","@id":"https:\/\/wifi.se\/es\/product\/router-5g-para-autocaravana-camper-caravana-barco-con-paquete-completo-de-cables-y-antenas-patch-sin-tarjeta-sim\/#breadcrumb","itemListElement":[{"@type":"ListItem","position":1,"name":"Hem","item":"https:\/\/wifi.se\/es\/"},{"@type":"ListItem","position":2,"name":"Tienda","item":"https:\/\/wifi.se\/es\/compra-en-nuestra-tienda-online\/"},{"@type":"ListItem","position":3,"name":"Router 5G para autocaravana \/ camper \/ caravana \/ barco con paquete completo de cables y antenas patch \u2013 Sin tarjeta SIM"}]},{"@type":"WebSite","@id":"https:\/\/wifi.se\/es\/#website","url":"https:\/\/wifi.se\/es\/","name":"WIFI.SE\/ES","description":"INTERNET EN TODAS PARTES","potentialAction":[{"@type":"SearchAction","target":{"@type":"EntryPoint","urlTemplate":"https:\/\/wifi.se\/es\/?s={search_term_string}"},"query-input":{"@type":"PropertyValueSpecification","valueRequired":true,"valueName":"search_term_string"}}],"inLanguage":"es"}]}},"_links":{"self":[{"href":"https:\/\/wifi.se\/es\/wp-json\/wp\/v2\/product\/22462","targetHints":{"allow":["GET"]}}],"collection":[{"href":"https:\/\/wifi.se\/es\/wp-json\/wp\/v2\/product"}],"about":[{"href":"https:\/\/wifi.se\/es\/wp-json\/wp\/v2\/types\/product"}],"wp:featuredmedia":[{"embeddable":true,"href":"https:\/\/wifi.se\/es\/wp-json\/wp\/v2\/media\/32131"}],"wp:attachment":[{"href":"https:\/\/wifi.se\/es\/wp-json\/wp\/v2\/media?parent=22462"}],"wp:term":[{"taxonomy":"product_brand","embeddable":true,"href":"https:\/\/wifi.se\/es\/wp-json\/wp\/v2\/product_brand?post=22462"},{"taxonomy":"product_cat","embeddable":true,"href":"https:\/\/wifi.se\/es\/wp-json\/wp\/v2\/product_cat?post=22462"},{"taxonomy":"product_tag","embeddable":true,"href":"https:\/\/wifi.se\/es\/wp-json\/wp\/v2\/product_tag?post=22462"}],"curies":[{"name":"wp","href":"https:\/\/api.w.org\/{rel}","templated":true}]}}