{"id":21908,"date":"2023-07-21T10:41:46","date_gmt":"2023-07-21T08:41:46","guid":{"rendered":"https:\/\/wifi.se\/?post_type=product&#038;p=21908"},"modified":"2025-02-24T03:28:44","modified_gmt":"2025-02-24T01:28:44","slug":"antena-de-techo-5g-para-router-5g-7-cables-4-cables-lte-2-cables-wifi-1-cable-gps","status":"publish","type":"product","link":"https:\/\/wifi.se\/es\/product\/antena-de-techo-5g-para-router-5g-7-cables-4-cables-lte-2-cables-wifi-1-cable-gps\/","title":{"rendered":"Antena de techo 5G para router 5G &#8211; 7 cables: 4 cables LTE, 2 cables WiFi, 1 cable GPS"},"content":{"rendered":"<div class=\"\">\n<div class=\"\">\n<div class=\"\">\n<p class=\"p1\">La antena tiene un di\u00e1metro de 19 cent\u00edmetros y una altura de 5 cent\u00edmetros, y gracias a su tama\u00f1o incorpora elementos de antena muy potentes. El tornillo ahora mide 60 mil\u00edmetros (antes era de 40 mil\u00edmetros). Consulta el diagrama m\u00e1s abajo en esta p\u00e1gina.<\/p>\n<p class=\"p1\">Aqu\u00ed puedes ver c\u00f3mo Micke instala la antena y c\u00f3mo queda montada en el techo.<\/p>\n<\/div>\n<p><embed src=\"https:\/\/www.youtube.com\/watch?v=-H9FxfkSBfg&amp;t=20s\" width=\"300\" height=\"150\"><\/embed><\/p>\n<\/div>\n<div class=\"\">\n<p class=\"p1\">Una antena 5G MIMO omnidireccional que funciona con todas las frecuencias m\u00f3viles: 2G\/3G\/4G\/5G, especialmente desarrollada por nosotros para obtener una recepci\u00f3n y velocidad \u00f3ptimas. La antena est\u00e1 equipada con un total de 6 cables: cuatro cables LTE (5G) que se conectan directamente al router y dos cables WiFi, garantizando una p\u00e9rdida m\u00ednima de se\u00f1al. Disfrutar\u00e1s de WiFi en el interior del veh\u00edculo y hasta 50 metros alrededor. Sus elementos de antena son muy potentes, proporcionando una ganancia de hasta 10 dBi. Una antena incre\u00edblemente robusta, adem\u00e1s certificada IP68 (impermeable).<\/p>\n<p class=\"p1\">La antena mide 19 cent\u00edmetros de di\u00e1metro y 5 cent\u00edmetros de altura, y gracias a su tama\u00f1o, cuenta con elementos internos muy potentes. El tornillo mide 60 mil\u00edmetros. Consulta el diagrama adjunto.<\/p>\n<p class=\"p1\">Esta antena incluye un total de seis cables: cuatro cables 5G y dos cables WiFi. Los resultados obtenidos con el router y esta antena son extraordinarios; no es raro alcanzar velocidades de descarga superiores a 400 Mbit\/s.<\/p>\n<p class=\"p1\">En nuestra opini\u00f3n, esta es la mejor antena que puedes adquirir para un router 5G.<\/p>\n<\/div>\n<\/div>\n<div><img loading=\"lazy\" decoding=\"async\" class=\"alignnone size-full wp-image-21915\" src=\"https:\/\/wifi.se\/wp-content\/uploads\/2023\/07\/5G-antenn-drawing-6cables-scaled.jpg\" alt=\"\" width=\"2560\" height=\"1809\" srcset=\"https:\/\/wifi.se\/es\/wp-content\/uploads\/sites\/5\/2023\/07\/5G-antenn-drawing-6cables-scaled.jpg 2560w, https:\/\/wifi.se\/es\/wp-content\/uploads\/sites\/5\/2023\/07\/5G-antenn-drawing-6cables-scaled-510x360.jpg 510w, https:\/\/wifi.se\/es\/wp-content\/uploads\/sites\/5\/2023\/07\/5G-antenn-drawing-6cables-scaled-64x45.jpg 64w, https:\/\/wifi.se\/es\/wp-content\/uploads\/sites\/5\/2023\/07\/5G-antenn-drawing-6cables-300x212.jpg 300w, https:\/\/wifi.se\/es\/wp-content\/uploads\/sites\/5\/2023\/07\/5G-antenn-drawing-6cables-1024x724.jpg 1024w, https:\/\/wifi.se\/es\/wp-content\/uploads\/sites\/5\/2023\/07\/5G-antenn-drawing-6cables-768x543.jpg 768w, https:\/\/wifi.se\/es\/wp-content\/uploads\/sites\/5\/2023\/07\/5G-antenn-drawing-6cables-1536x1086.jpg 1536w, https:\/\/wifi.se\/es\/wp-content\/uploads\/sites\/5\/2023\/07\/5G-antenn-drawing-6cables-2048x1447.jpg 2048w, https:\/\/wifi.se\/es\/wp-content\/uploads\/sites\/5\/2023\/07\/5G-antenn-drawing-6cables-200x141.jpg 200w, https:\/\/wifi.se\/es\/wp-content\/uploads\/sites\/5\/2023\/07\/5G-antenn-drawing-6cables-400x283.jpg 400w, https:\/\/wifi.se\/es\/wp-content\/uploads\/sites\/5\/2023\/07\/5G-antenn-drawing-6cables-600x424.jpg 600w, https:\/\/wifi.se\/es\/wp-content\/uploads\/sites\/5\/2023\/07\/5G-antenn-drawing-6cables-800x565.jpg 800w, https:\/\/wifi.se\/es\/wp-content\/uploads\/sites\/5\/2023\/07\/5G-antenn-drawing-6cables-1200x848.jpg 1200w\" sizes=\"auto, (max-width: 2560px) 100vw, 2560px\" \/><\/div>\n","protected":false},"excerpt":{"rendered":"<div class=\"\">\n<div class=\"\">\n<p class=\"p1\">Una antena 5G omnidireccional de techo que funciona con todas las frecuencias m\u00f3viles: 2G\/3G\/4G\/5G, especialmente desarrollada por nosotros para ofrecer una recepci\u00f3n \u00f3ptima y m\u00e1xima velocidad.<\/p>\n<p class=\"p1\">Esta antena incluye 7 cables: 4 cables LTE, 2 cables WiFi y 1 cable GPS. Tendr\u00e1s WiFi dentro del veh\u00edculo y hasta 50 metros en el exterior. Sus potentes elementos internos proporcionan una ganancia completa de 10 dBi. Adem\u00e1s, es una antena incre\u00edblemente robusta, certificada con protecci\u00f3n IP68 (impermeable).<\/p>\n<\/div>\n<div class=\"\"><\/div>\n<\/div>\n","protected":false},"featured_media":30273,"template":"","meta":{"_acf_changed":false},"product_brand":[],"product_cat":[165,470],"product_tag":[167,400,454],"class_list":{"0":"post-21908","1":"product","2":"type-product","3":"status-publish","4":"has-post-thumbnail","6":"product_cat-cobertura-maxima","7":"product_cat-antenas-de-techo","8":"product_tag-antenn","9":"product_tag-takantenn-5g","10":"product_tag-wifipro","11":"product_shipping_class-sim-kort-med-router","13":"first","14":"instock","15":"taxable","16":"shipping-taxable","17":"purchasable","18":"product-type-simple"},"bundled_by":[],"bundle_stock_status":"instock","bundle_stock_quantity":null,"bundle_virtual":false,"bundle_layout":"","bundle_add_to_cart_form_location":"","bundle_editable_in_cart":false,"bundle_sold_individually_context":"","bundle_item_grouping":"","bundle_min_size":"","bundle_max_size":"","bundle_price":[],"bundled_items":[],"bundle_sell_ids":[],"acf":{"accounting_number":"","accounting_number_kopiera2":"","accounting_number_kopiera3":"","accounting_number_kopiera4":"","accounting_number_kopiera5":"","accounting_number_kopiera6":""},"yoast_head":"<!-- This site is optimized with the Yoast SEO plugin v27.1.1 - https:\/\/yoast.com\/product\/yoast-seo-wordpress\/ -->\n<title>Antena de techo 5G para router 5G - 7 cables: 4 cables LTE, 2 cables WiFi, 1 cable GPS - WIFI.SE\/ES<\/title>\n<meta name=\"description\" content=\"Antena 5G omnidireccional de techo que funciona con todas las frecuencias m\u00f3viles 2G\/3G\/4G\/5G,desarrollada por Wifi.se para dar una recepci\u00f3n \u00f3ptima.\" \/>\n<meta name=\"robots\" content=\"index, follow, max-snippet:-1, max-image-preview:large, max-video-preview:-1\" \/>\n<link rel=\"canonical\" href=\"https:\/\/wifi.se\/es\/product\/antena-de-techo-5g-para-router-5g-7-cables-4-cables-lte-2-cables-wifi-1-cable-gps\/\" \/>\n<meta property=\"og:locale\" content=\"es_ES\" \/>\n<meta property=\"og:type\" content=\"article\" \/>\n<meta property=\"og:title\" content=\"Antena de techo 5G para router 5G - 7 cables: 4 cables LTE, 2 cables WiFi, 1 cable GPS - WIFI.SE\/ES\" \/>\n<meta property=\"og:description\" content=\"Antena 5G omnidireccional de techo que funciona con todas las frecuencias m\u00f3viles 2G\/3G\/4G\/5G,desarrollada por Wifi.se para dar una recepci\u00f3n \u00f3ptima.\" \/>\n<meta property=\"og:url\" content=\"https:\/\/wifi.se\/es\/product\/antena-de-techo-5g-para-router-5g-7-cables-4-cables-lte-2-cables-wifi-1-cable-gps\/\" \/>\n<meta property=\"og:site_name\" content=\"WIFI.SE\/ES\" \/>\n<meta property=\"article:modified_time\" content=\"2025-02-24T01:28:44+00:00\" \/>\n<meta property=\"og:image\" content=\"https:\/\/wifi.se\/es\/wp-content\/uploads\/sites\/5\/2023\/07\/tak002.jpg\" \/>\n\t<meta property=\"og:image:width\" content=\"800\" \/>\n\t<meta property=\"og:image:height\" content=\"800\" \/>\n\t<meta property=\"og:image:type\" content=\"image\/jpeg\" \/>\n<meta name=\"twitter:card\" content=\"summary_large_image\" \/>\n<meta name=\"twitter:label1\" content=\"Tiempo de lectura\" \/>\n\t<meta name=\"twitter:data1\" content=\"2 minutos\" \/>\n<script type=\"application\/ld+json\" class=\"yoast-schema-graph\">{\"@context\":\"https:\/\/schema.org\",\"@graph\":[{\"@type\":\"WebPage\",\"@id\":\"https:\/\/wifi.se\/es\/product\/antena-de-techo-5g-para-router-5g-7-cables-4-cables-lte-2-cables-wifi-1-cable-gps\/\",\"url\":\"https:\/\/wifi.se\/es\/product\/antena-de-techo-5g-para-router-5g-7-cables-4-cables-lte-2-cables-wifi-1-cable-gps\/\",\"name\":\"Antena de techo 5G para router 5G - 7 cables: 4 cables LTE, 2 cables WiFi, 1 cable GPS - WIFI.SE\/ES\",\"isPartOf\":{\"@id\":\"https:\/\/wifi.se\/es\/#website\"},\"primaryImageOfPage\":{\"@id\":\"https:\/\/wifi.se\/es\/product\/antena-de-techo-5g-para-router-5g-7-cables-4-cables-lte-2-cables-wifi-1-cable-gps\/#primaryimage\"},\"image\":{\"@id\":\"https:\/\/wifi.se\/es\/product\/antena-de-techo-5g-para-router-5g-7-cables-4-cables-lte-2-cables-wifi-1-cable-gps\/#primaryimage\"},\"thumbnailUrl\":\"https:\/\/wifi.se\/es\/wp-content\/uploads\/sites\/5\/2023\/07\/tak002.jpg\",\"datePublished\":\"2023-07-21T08:41:46+00:00\",\"dateModified\":\"2025-02-24T01:28:44+00:00\",\"description\":\"Antena 5G omnidireccional de techo que funciona con todas las frecuencias m\u00f3viles 2G\/3G\/4G\/5G,desarrollada por Wifi.se para dar una recepci\u00f3n \u00f3ptima.\",\"breadcrumb\":{\"@id\":\"https:\/\/wifi.se\/es\/product\/antena-de-techo-5g-para-router-5g-7-cables-4-cables-lte-2-cables-wifi-1-cable-gps\/#breadcrumb\"},\"inLanguage\":\"es\",\"potentialAction\":[{\"@type\":\"ReadAction\",\"target\":[\"https:\/\/wifi.se\/es\/product\/antena-de-techo-5g-para-router-5g-7-cables-4-cables-lte-2-cables-wifi-1-cable-gps\/\"]}]},{\"@type\":\"ImageObject\",\"inLanguage\":\"es\",\"@id\":\"https:\/\/wifi.se\/es\/product\/antena-de-techo-5g-para-router-5g-7-cables-4-cables-lte-2-cables-wifi-1-cable-gps\/#primaryimage\",\"url\":\"https:\/\/wifi.se\/es\/wp-content\/uploads\/sites\/5\/2023\/07\/tak002.jpg\",\"contentUrl\":\"https:\/\/wifi.se\/es\/wp-content\/uploads\/sites\/5\/2023\/07\/tak002.jpg\",\"width\":800,\"height\":800,\"caption\":\"5G takantenn\"},{\"@type\":\"BreadcrumbList\",\"@id\":\"https:\/\/wifi.se\/es\/product\/antena-de-techo-5g-para-router-5g-7-cables-4-cables-lte-2-cables-wifi-1-cable-gps\/#breadcrumb\",\"itemListElement\":[{\"@type\":\"ListItem\",\"position\":1,\"name\":\"Hem\",\"item\":\"https:\/\/wifi.se\/es\/\"},{\"@type\":\"ListItem\",\"position\":2,\"name\":\"Tienda\",\"item\":\"https:\/\/wifi.se\/es\/compra-en-nuestra-tienda-online\/\"},{\"@type\":\"ListItem\",\"position\":3,\"name\":\"Antena de techo 5G para router 5G &#8211; 7 cables: 4 cables LTE, 2 cables WiFi, 1 cable GPS\"}]},{\"@type\":\"WebSite\",\"@id\":\"https:\/\/wifi.se\/es\/#website\",\"url\":\"https:\/\/wifi.se\/es\/\",\"name\":\"WIFI.SE\/ES\",\"description\":\"INTERNET EN TODAS PARTES\",\"potentialAction\":[{\"@type\":\"SearchAction\",\"target\":{\"@type\":\"EntryPoint\",\"urlTemplate\":\"https:\/\/wifi.se\/es\/?s={search_term_string}\"},\"query-input\":{\"@type\":\"PropertyValueSpecification\",\"valueRequired\":true,\"valueName\":\"search_term_string\"}}],\"inLanguage\":\"es\"}]}<\/script>\n<!-- \/ Yoast SEO plugin. -->","yoast_head_json":{"title":"Antena de techo 5G para router 5G - 7 cables: 4 cables LTE, 2 cables WiFi, 1 cable GPS - WIFI.SE\/ES","description":"Antena 5G omnidireccional de techo que funciona con todas las frecuencias m\u00f3viles 2G\/3G\/4G\/5G,desarrollada por Wifi.se para dar una recepci\u00f3n \u00f3ptima.","robots":{"index":"index","follow":"follow","max-snippet":"max-snippet:-1","max-image-preview":"max-image-preview:large","max-video-preview":"max-video-preview:-1"},"canonical":"https:\/\/wifi.se\/es\/product\/antena-de-techo-5g-para-router-5g-7-cables-4-cables-lte-2-cables-wifi-1-cable-gps\/","og_locale":"es_ES","og_type":"article","og_title":"Antena de techo 5G para router 5G - 7 cables: 4 cables LTE, 2 cables WiFi, 1 cable GPS - WIFI.SE\/ES","og_description":"Antena 5G omnidireccional de techo que funciona con todas las frecuencias m\u00f3viles 2G\/3G\/4G\/5G,desarrollada por Wifi.se para dar una recepci\u00f3n \u00f3ptima.","og_url":"https:\/\/wifi.se\/es\/product\/antena-de-techo-5g-para-router-5g-7-cables-4-cables-lte-2-cables-wifi-1-cable-gps\/","og_site_name":"WIFI.SE\/ES","article_modified_time":"2025-02-24T01:28:44+00:00","og_image":[{"width":800,"height":800,"url":"https:\/\/wifi.se\/es\/wp-content\/uploads\/sites\/5\/2023\/07\/tak002.jpg","type":"image\/jpeg"}],"twitter_card":"summary_large_image","twitter_misc":{"Tiempo de lectura":"2 minutos"},"schema":{"@context":"https:\/\/schema.org","@graph":[{"@type":"WebPage","@id":"https:\/\/wifi.se\/es\/product\/antena-de-techo-5g-para-router-5g-7-cables-4-cables-lte-2-cables-wifi-1-cable-gps\/","url":"https:\/\/wifi.se\/es\/product\/antena-de-techo-5g-para-router-5g-7-cables-4-cables-lte-2-cables-wifi-1-cable-gps\/","name":"Antena de techo 5G para router 5G - 7 cables: 4 cables LTE, 2 cables WiFi, 1 cable GPS - WIFI.SE\/ES","isPartOf":{"@id":"https:\/\/wifi.se\/es\/#website"},"primaryImageOfPage":{"@id":"https:\/\/wifi.se\/es\/product\/antena-de-techo-5g-para-router-5g-7-cables-4-cables-lte-2-cables-wifi-1-cable-gps\/#primaryimage"},"image":{"@id":"https:\/\/wifi.se\/es\/product\/antena-de-techo-5g-para-router-5g-7-cables-4-cables-lte-2-cables-wifi-1-cable-gps\/#primaryimage"},"thumbnailUrl":"https:\/\/wifi.se\/es\/wp-content\/uploads\/sites\/5\/2023\/07\/tak002.jpg","datePublished":"2023-07-21T08:41:46+00:00","dateModified":"2025-02-24T01:28:44+00:00","description":"Antena 5G omnidireccional de techo que funciona con todas las frecuencias m\u00f3viles 2G\/3G\/4G\/5G,desarrollada por Wifi.se para dar una recepci\u00f3n \u00f3ptima.","breadcrumb":{"@id":"https:\/\/wifi.se\/es\/product\/antena-de-techo-5g-para-router-5g-7-cables-4-cables-lte-2-cables-wifi-1-cable-gps\/#breadcrumb"},"inLanguage":"es","potentialAction":[{"@type":"ReadAction","target":["https:\/\/wifi.se\/es\/product\/antena-de-techo-5g-para-router-5g-7-cables-4-cables-lte-2-cables-wifi-1-cable-gps\/"]}]},{"@type":"ImageObject","inLanguage":"es","@id":"https:\/\/wifi.se\/es\/product\/antena-de-techo-5g-para-router-5g-7-cables-4-cables-lte-2-cables-wifi-1-cable-gps\/#primaryimage","url":"https:\/\/wifi.se\/es\/wp-content\/uploads\/sites\/5\/2023\/07\/tak002.jpg","contentUrl":"https:\/\/wifi.se\/es\/wp-content\/uploads\/sites\/5\/2023\/07\/tak002.jpg","width":800,"height":800,"caption":"5G takantenn"},{"@type":"BreadcrumbList","@id":"https:\/\/wifi.se\/es\/product\/antena-de-techo-5g-para-router-5g-7-cables-4-cables-lte-2-cables-wifi-1-cable-gps\/#breadcrumb","itemListElement":[{"@type":"ListItem","position":1,"name":"Hem","item":"https:\/\/wifi.se\/es\/"},{"@type":"ListItem","position":2,"name":"Tienda","item":"https:\/\/wifi.se\/es\/compra-en-nuestra-tienda-online\/"},{"@type":"ListItem","position":3,"name":"Antena de techo 5G para router 5G &#8211; 7 cables: 4 cables LTE, 2 cables WiFi, 1 cable GPS"}]},{"@type":"WebSite","@id":"https:\/\/wifi.se\/es\/#website","url":"https:\/\/wifi.se\/es\/","name":"WIFI.SE\/ES","description":"INTERNET EN TODAS PARTES","potentialAction":[{"@type":"SearchAction","target":{"@type":"EntryPoint","urlTemplate":"https:\/\/wifi.se\/es\/?s={search_term_string}"},"query-input":{"@type":"PropertyValueSpecification","valueRequired":true,"valueName":"search_term_string"}}],"inLanguage":"es"}]}},"_links":{"self":[{"href":"https:\/\/wifi.se\/es\/wp-json\/wp\/v2\/product\/21908","targetHints":{"allow":["GET"]}}],"collection":[{"href":"https:\/\/wifi.se\/es\/wp-json\/wp\/v2\/product"}],"about":[{"href":"https:\/\/wifi.se\/es\/wp-json\/wp\/v2\/types\/product"}],"wp:featuredmedia":[{"embeddable":true,"href":"https:\/\/wifi.se\/es\/wp-json\/wp\/v2\/media\/30273"}],"wp:attachment":[{"href":"https:\/\/wifi.se\/es\/wp-json\/wp\/v2\/media?parent=21908"}],"wp:term":[{"taxonomy":"product_brand","embeddable":true,"href":"https:\/\/wifi.se\/es\/wp-json\/wp\/v2\/product_brand?post=21908"},{"taxonomy":"product_cat","embeddable":true,"href":"https:\/\/wifi.se\/es\/wp-json\/wp\/v2\/product_cat?post=21908"},{"taxonomy":"product_tag","embeddable":true,"href":"https:\/\/wifi.se\/es\/wp-json\/wp\/v2\/product_tag?post=21908"}],"curies":[{"name":"wp","href":"https:\/\/api.w.org\/{rel}","templated":true}]}}