{"id":20822,"date":"2023-05-29T02:15:52","date_gmt":"2023-05-29T00:15:52","guid":{"rendered":"https:\/\/wifi.se\/?post_type=product&#038;p=20822"},"modified":"2025-02-24T03:33:27","modified_gmt":"2025-02-24T01:33:27","slug":"router-5g-para-autocaravana-camper-caravana-barco-con-kit-completo-de-cables-y-antena-de-techo-5g-con-wifi-integrado","status":"publish","type":"product","link":"https:\/\/wifi.se\/es\/product\/router-5g-para-autocaravana-camper-caravana-barco-con-kit-completo-de-cables-y-antena-de-techo-5g-con-wifi-integrado\/","title":{"rendered":"Router 5G para autocaravana \/ camper \/ caravana \/ barco con kit completo de cables y antena de techo 5G con WiFi integrado"},"content":{"rendered":"<div class=\"\">\n<div class=\"\">\n<div class=\"\">\n<p class=\"p1\"><strong>Puedes ver en un video c\u00f3mo se ve el router y la antena, y c\u00f3mo Micke las instala.<\/strong><\/p>\n<p class=\"p1\">El router est\u00e1 desarrollado donde se exigen altas prestaciones en cuanto a versatilidad, durabilidad, fiabilidad y bajo consumo de energ\u00eda. Esto lo hace perfectamente adecuado para, por ejemplo, <span class=\"s1\"><b>autocaravanas<\/b><\/span>, <span class=\"s1\"><b>barcos<\/b><\/span>, <span class=\"s1\"><b>casas de vacaciones<\/b><\/span> o <span class=\"s1\"><b>camping.<\/b><\/span> Est\u00e1 fabricado con una <span class=\"s1\"><b>carcasa externa de aluminio s\u00f3lido<\/b><\/span> y puede soportar temperaturas de funcionamiento desde incre\u00edbles <span class=\"s1\"><b>-40 hasta 75 \u00baC<\/b><\/span>.<\/p>\n<p class=\"p1\">Este <span class=\"s1\"><b>router 5G<\/b><\/span> es uno de los m\u00e1s potentes y fiables del mercado. Es un router para aquellos que tienen las <span class=\"s1\"><b>m\u00e1s altas exigencias<\/b><\/span> y desean lo mejor disponible. Es <span class=\"s1\"><b>muy r\u00e1pido<\/b><\/span> con <span class=\"s1\"><b>redes gigabit<\/b><\/span>, <span class=\"s1\"><b>wifi dual<\/b><\/span>, lo que proporciona <span class=\"s1\"><b>enormes velocidades<\/b><\/span>. No se puede comparar con los routers para uso dom\u00e9stico.<\/p>\n<h4 class=\"p3\"><b>Paquete especial con kit de cables y antena de techo<\/b><b><\/b><\/h4>\n<p class=\"p1\">Hemos creado un <span class=\"s1\"><b>paquete especial<\/b><\/span> para este router. Incluye un <span class=\"s1\"><b>kit de cables completo<\/b><\/span> que consta de un <span class=\"s1\"><b>cable de 230V<\/b><\/span>, un <span class=\"s1\"><b>cable de 12V conectado directamente a la bater\u00eda<\/b><\/span> y un <span class=\"s1\"><b>cable de 12V conectado a la salida de encendedor de cigarrillos.<\/b><\/span> Todo esto para facilitar la instalaci\u00f3n. No se necesita conocimiento adicional para utilizar este router. Solo conecta el router y tendr\u00e1s internet en menos de un minuto.<\/p>\n<h4 class=\"p3\"><b>Antena de techo<\/b><b><\/b><\/h4>\n<p class=\"p1\">Este paquete incluye una <span class=\"s1\"><b>antena MIMO omnidireccional 5G<\/b><\/span> que funciona para todos los anchos de banda m\u00f3viles: <span class=\"s1\"><b>2G\/3G\/4G\/5G<\/b><\/span> y es casi compatible con <span class=\"s1\"><b>6G<\/b><\/span>. Desarrollada espec\u00edficamente por nosotros para <span class=\"s1\"><b>una recepci\u00f3n y velocidad \u00f3ptimas<\/b><\/span>. Esta antena est\u00e1 equipada con <span class=\"s1\"><b>6 cables en total<\/b><\/span>. <span class=\"s1\"><b>4 cables LTE<\/b><\/span> que se conectan directamente al router (5G). Cuatro cables LTE y dos cables WiFi para una <span class=\"s1\"><b>m\u00ednima p\u00e9rdida de se\u00f1al<\/b><\/span>. Obtienes WiFi dentro del veh\u00edculo y hasta <span class=\"s1\"><b>50 metros fuera del veh\u00edculo.<\/b><\/span> Los elementos de la antena son muy potentes y proporcionan un <span class=\"s1\"><b>aumento total de 10dBi.<\/b><\/span> Una <span class=\"s1\"><b>antena incre\u00edblemente robusta<\/b><\/span> que tambi\u00e9n est\u00e1 <span class=\"s1\"><b>certificada con IP 68<\/b><\/span>. La antena tiene un di\u00e1metro de <span class=\"s1\"><b>19 cm<\/b><\/span> y una altura de <span class=\"s1\"><b>5 cm<\/b><\/span>, y debido a su tama\u00f1o, tiene <span class=\"s1\"><b>elementos de antena muy potentes<\/b><\/span>. La antena tiene un tornillo de <span class=\"s1\"><b>60 mm<\/b><\/span>, lo que es perfecto para la instalaci\u00f3n. (Anteriormente ten\u00edamos tornillos de <span class=\"s1\"><b>40 mm<\/b><\/span>, pero ahora todos los tornillos son <span class=\"s1\"><b>60 mm<\/b><\/span>). Consulta el diagrama adjunto.<\/p>\n<h4 class=\"p3\"><b>Qu\u00e9 incluye el paquete:<\/b><b><\/b><\/h4>\n<p class=\"p4\">\u2022 Router Wifi Extreme 5G<\/p>\n<p class=\"p4\">\u2022 Antena de techo 5G con un <span class=\"s1\"><b>ganancia total de 10dBi<\/b><b><\/b><\/span><\/p>\n<p class=\"p4\">\u2022 Cable de alimentaci\u00f3n de <span class=\"s1\"><b>12V<\/b><\/span> para instalaci\u00f3n a la bater\u00eda<\/p>\n<p class=\"p4\">\u2022 Cable de alimentaci\u00f3n de <span class=\"s1\"><b>12V<\/b><\/span> para instalaci\u00f3n f\u00e1cil (salida de encendedor de cigarrillos)<\/p>\n<p class=\"p4\">\u2022 Cable de alimentaci\u00f3n de <span class=\"s1\"><b>230V<\/b><b><\/b><\/span><\/p>\n<p class=\"p4\">\u2022 Cuatro <span class=\"s1\"><b>fijaciones de velcro<\/b><\/span> resistentes de Wurth para montaje en pared<\/p>\n<p class=\"p4\">\u2022 <span class=\"s1\"><b>Desbloqueado para roaming<\/b><\/span> &#8211; No se requieren configuraciones para que el router funcione en el extranjero<\/p>\n<p class=\"p5\"><span class=\"s2\">\u2022 5x puertos <\/span><b>Gigabit Ethernet<\/b><b><\/b><\/p>\n<p class=\"p4\">\u2022 WiFi <span class=\"s1\"><b>de banda dual<\/b><\/span> (la velocidad del WiFi se incrementa tres veces en comparaci\u00f3n con un router normal)<\/p>\n<p class=\"p4\">\u2022 Cuatro antenas <span class=\"s1\"><b>duras<\/b><\/span> incluidas como est\u00e1ndar para <span class=\"s1\"><b>4G<\/b><\/span> y <span class=\"s1\"><b>WiFi<\/b><b><\/b><\/span><\/p>\n<p class=\"p4\">\u2022 Equipado con <span class=\"s1\"><b>GPS<\/b><\/span> y <span class=\"s1\"><b>antena GPS<\/b><\/span> incluida<\/p>\n<p class=\"p4\">\u2022 <span class=\"s1\"><b>Dise\u00f1o robusto<\/b><\/span> con un rango de temperatura de <span class=\"s1\"><b>-40 a 75 grados<\/b><b><\/b><\/span><\/p>\n<p class=\"p4\">\u2022 <span class=\"s1\"><b>Entregado probado y listo para usar<\/b><\/span>. Con\u00e9ctalo, y el router estar\u00e1 online en menos de un minuto<\/p>\n<p class=\"p5\"><strong><span class=\"s2\">\u2022 <\/span>Ranuras de SIM dual<\/strong><\/p>\n<p class=\"p5\"><strong><span class=\"s2\">\u2022 <\/span>Voltaje de operaci\u00f3n<span class=\"s2\">: <\/span>9-50 V (CC)<\/strong><\/p>\n<p class=\"p5\"><strong><span class=\"s2\">\u2022 <\/span>Consumo de energ\u00eda<span class=\"s2\">: <\/span>16 W<\/strong><\/p>\n<p class=\"p5\"><strong><span class=\"s2\">\u2022 <\/span>Dimensiones<span class=\"s2\">: <\/span>115x95x44 mm<\/strong><\/p>\n<p class=\"p5\"><span class=\"s2\">\u2022 <\/span><b>Peso<\/b><span class=\"s2\">: <\/span><b>456 gramos<\/b><b><\/b><\/p>\n<p><b>Funciones especiales simplificadas para la configuraci\u00f3n del router como cliente de Wifi.se<\/b><b><\/b><\/p>\n<h4 class=\"p3\"><b>El futuro de la conectividad con nuestro router 5G y nuevas tarjetas SIM<\/b><b><\/b><\/h4>\n<p class=\"p1\">En un mundo donde la <span class=\"s1\"><b>conectividad lo es todo<\/b><\/span>, nos enorgullece ofrecer m\u00e1s que un producto: ofrecemos una <span class=\"s1\"><b>soluci\u00f3n completa<\/b><\/span>. Cuando eliges comprar tu router 5G con nosotros, no solo obtienes un dispositivo; obtienes una <span class=\"s1\"><b>experiencia \u00fanica en el mercado<\/b><\/span>. Nos destacamos gracias a nuestro <span class=\"s1\"><b>superior soporte al cliente<\/b><\/span>, disponible por tel\u00e9fono y correo electr\u00f3nico para ofrecerte siempre la ayuda que necesitas, cuando la necesitas. Nuestra funci\u00f3n de <span class=\"s1\"><b>control remoto<\/b><\/span>revoluciona tu forma de manejar problemas t\u00e9cnicos al permitir que nuestros t\u00e9cnicos resuelvan problemas de forma remota, directamente en tu dispositivo, sin importar en qu\u00e9 parte del mundo te encuentres.<\/p>\n<p class=\"p1\">Nuestra gama incluye no solo un router 5G, sino tambi\u00e9n una <span class=\"s1\"><b>antena de techo autodesarrollada<\/b><\/span> que establece un nuevo est\u00e1ndar de <span class=\"s1\"><b>velocidad y fiabilidad<\/b><\/span>. La <span class=\"s1\"><b>capacidad inigualable de la antena<\/b><\/span> tanto en <span class=\"s1\"><b>recepci\u00f3n<\/b><\/span> como en <span class=\"s1\"><b>transmisi\u00f3n<\/b><\/span> garantiza una <span class=\"s1\"><b>conexi\u00f3n similar a la fibra<\/b><\/span> en la que puedes confiar, tanto dentro como fuera de tu hogar.<\/p>\n<p class=\"p1\">Complementamos nuestra <span class=\"s1\"><b>experiencia t\u00e9cnica<\/b><\/span> con una <span class=\"s1\"><b>aplicaci\u00f3n intuitiva<\/b><\/span> que abre la puerta a <span class=\"s1\"><b>servicios y funciones adicionales directamente desde tu router.<\/b><\/span> Esta aplicaci\u00f3n hace que personalizar y mejorar tu experiencia de conexi\u00f3n sea m\u00e1s f\u00e1cil que nunca.<\/p>\n<p class=\"p1\">Con nosotros, no se trata solo de vender productos; se trata de ofrecer una <span class=\"s1\"><b>soluci\u00f3n que funcione<\/b><\/span> donde sea que est\u00e9s en <span class=\"s1\"><b>Suecia<\/b><\/span> o <span class=\"s1\"><b>Europa<\/b><\/span>. Nuestra ambici\u00f3n es ofrecerte los <span class=\"s1\"><b>mejores productos<\/b><\/span> con el <span class=\"s1\"><b>servicio m\u00e1s fiable<\/b><\/span> para que tu experiencia digital siempre est\u00e9 a la vanguardia. Bienvenido al futuro de la conectividad, donde la <span class=\"s1\"><b>libertad<\/b><\/span> se encuentra con la <span class=\"s1\"><b>fiabilidad<\/b><\/span>.<\/p>\n<p class=\"p1\">Adem\u00e1s de nuestro hardware, tambi\u00e9n ofrecemos <span class=\"s1\"><b>soluciones personalizadas de tarjetas SIM<\/b><\/span>. Elige entre tarjetas SIM optimizadas para <span class=\"s1\"><b>Suecia<\/b><\/span> o <span class=\"s1\"><b>tarjetas SIM de roaming<\/b><\/span> para uso en <span class=\"s1\"><b>Europa<\/b><\/span>, con generosos <span class=\"s1\"><b>paquetes de datos<\/b><\/span> de hasta <span class=\"s1\"><b>400GB al mes.<\/b><\/span> Esto significa que puedes viajar por Europa con <span class=\"s1\"><b>tranquilidad<\/b><\/span>, sabiendo siempre que est\u00e1s conectado.<\/p>\n<p><a style=\"font-size: 14.4px;\" href=\"https:\/\/wifi.se\/manual-router-wifi-performance-5g\/\"><strong>Leer nuestro manual<\/strong><\/a><\/p>\n<\/div>\n<\/div>\n<\/div>\n","protected":false},"excerpt":{"rendered":"<p class=\"p1\"><b>Wifi Performance 5G. El router ideal para tu autocaravana, camper, caravana o barco, si buscas lo mejor.<\/b><b><\/b><\/p>\n<p class=\"p3\">Nuevo router 5G con antena de techo personalizada \u2013 para el que quiere el sistema m\u00e1s r\u00e1pido y estable del mercado.<\/p>\n<p class=\"p3\">Wifi.se ha desarrollado un nuevo router 5G junto con una antena de techo especialmente dise\u00f1ada. La antena cuenta con certificaci\u00f3n IP68, garantizando la m\u00e1xima calidad y protecci\u00f3n, y est\u00e1 fabricada espec\u00edficamente para este router.<\/p>\n<p class=\"p3\">La antena 5G incluye un total de seis cables: cuatro cables para 5G y dos cables WiFi. Los resultados obtenidos con este router y su antena son incre\u00edbles; no es raro alcanzar velocidades de descarga superiores a 400 Mbit\/s a trav\u00e9s de WiFi.<\/p>\n<p class=\"p1\"><b>Tarjeta SIM no incluida.<\/b><\/p>\n","protected":false},"featured_media":32130,"template":"","meta":{"_acf_changed":false},"product_brand":[],"product_cat":[464,438],"product_tag":[290,247,245,66,40],"class_list":{"0":"post-20822","1":"product","2":"type-product","3":"status-publish","4":"has-post-thumbnail","6":"product_cat-router","7":"product_cat-router-5g-con-antena-de-techo-5g","8":"product_tag-100-gb","9":"product_tag-eu-ess","10":"product_tag-roaming","11":"product_tag-router","12":"product_tag-wifi","13":"product_shipping_class-sim-kort-med-router","15":"first","16":"instock","17":"taxable","18":"shipping-taxable","19":"purchasable","20":"product-type-simple"},"bundled_by":[],"bundle_stock_status":"instock","bundle_stock_quantity":null,"bundle_virtual":false,"bundle_layout":"","bundle_add_to_cart_form_location":"","bundle_editable_in_cart":false,"bundle_sold_individually_context":"","bundle_item_grouping":"","bundle_min_size":"","bundle_max_size":"","bundle_price":[],"bundled_items":[],"bundle_sell_ids":[],"acf":{"accounting_number":"1940","accounting_number_kopiera2":"2611","accounting_number_kopiera3":"3520","accounting_number_kopiera4":"3011","accounting_number_kopiera5":"1510","accounting_number_kopiera6":"1511"},"yoast_head":"<!-- This site is optimized with the Yoast SEO plugin v27.1.1 - https:\/\/yoast.com\/product\/yoast-seo-wordpress\/ -->\n<title>Router Wifi Performance 5G con kit completo de cables y antena 5G de techo con WiFi \u2013 Sin SIM<\/title>\n<meta name=\"description\" content=\"Router 5G con antena de techo propia - para los que quieren lo mejor. Es com\u00fan conseguir velocidades de descarga superiores a 400 Mbit\/s.\" \/>\n<meta name=\"robots\" content=\"index, follow, max-snippet:-1, max-image-preview:large, max-video-preview:-1\" \/>\n<link rel=\"canonical\" href=\"https:\/\/wifi.se\/es\/product\/router-5g-para-autocaravana-camper-caravana-barco-con-kit-completo-de-cables-y-antena-de-techo-5g-con-wifi-integrado\/\" \/>\n<meta property=\"og:locale\" content=\"es_ES\" \/>\n<meta property=\"og:type\" content=\"article\" \/>\n<meta property=\"og:title\" content=\"Router Wifi Performance 5G con kit completo de cables y antena 5G de techo con WiFi \u2013 Sin SIM\" \/>\n<meta property=\"og:description\" content=\"Router 5G con antena de techo propia - para los que quieren lo mejor. Es com\u00fan conseguir velocidades de descarga superiores a 400 Mbit\/s.\" \/>\n<meta property=\"og:url\" content=\"https:\/\/wifi.se\/es\/product\/router-5g-para-autocaravana-camper-caravana-barco-con-kit-completo-de-cables-y-antena-de-techo-5g-con-wifi-integrado\/\" \/>\n<meta property=\"og:site_name\" content=\"WIFI.SE\/ES\" \/>\n<meta property=\"article:modified_time\" content=\"2025-02-24T01:33:27+00:00\" \/>\n<meta property=\"og:image\" content=\"https:\/\/wifi.se\/es\/wp-content\/uploads\/sites\/5\/2023\/05\/routerpake.jpg\" \/>\n\t<meta property=\"og:image:width\" content=\"800\" \/>\n\t<meta property=\"og:image:height\" content=\"800\" \/>\n\t<meta property=\"og:image:type\" content=\"image\/jpeg\" \/>\n<meta name=\"twitter:card\" content=\"summary_large_image\" \/>\n<meta name=\"twitter:label1\" content=\"Tiempo de lectura\" \/>\n\t<meta name=\"twitter:data1\" content=\"5 minutos\" \/>\n<script type=\"application\/ld+json\" class=\"yoast-schema-graph\">{\"@context\":\"https:\/\/schema.org\",\"@graph\":[{\"@type\":\"WebPage\",\"@id\":\"https:\/\/wifi.se\/es\/product\/router-5g-para-autocaravana-camper-caravana-barco-con-kit-completo-de-cables-y-antena-de-techo-5g-con-wifi-integrado\/\",\"url\":\"https:\/\/wifi.se\/es\/product\/router-5g-para-autocaravana-camper-caravana-barco-con-kit-completo-de-cables-y-antena-de-techo-5g-con-wifi-integrado\/\",\"name\":\"Router Wifi Performance 5G con kit completo de cables y antena 5G de techo con WiFi \u2013 Sin SIM\",\"isPartOf\":{\"@id\":\"https:\/\/wifi.se\/es\/#website\"},\"primaryImageOfPage\":{\"@id\":\"https:\/\/wifi.se\/es\/product\/router-5g-para-autocaravana-camper-caravana-barco-con-kit-completo-de-cables-y-antena-de-techo-5g-con-wifi-integrado\/#primaryimage\"},\"image\":{\"@id\":\"https:\/\/wifi.se\/es\/product\/router-5g-para-autocaravana-camper-caravana-barco-con-kit-completo-de-cables-y-antena-de-techo-5g-con-wifi-integrado\/#primaryimage\"},\"thumbnailUrl\":\"https:\/\/wifi.se\/es\/wp-content\/uploads\/sites\/5\/2023\/05\/routerpake.jpg\",\"datePublished\":\"2023-05-29T00:15:52+00:00\",\"dateModified\":\"2025-02-24T01:33:27+00:00\",\"description\":\"Router 5G con antena de techo propia - para los que quieren lo mejor. Es com\u00fan conseguir velocidades de descarga superiores a 400 Mbit\/s.\",\"breadcrumb\":{\"@id\":\"https:\/\/wifi.se\/es\/product\/router-5g-para-autocaravana-camper-caravana-barco-con-kit-completo-de-cables-y-antena-de-techo-5g-con-wifi-integrado\/#breadcrumb\"},\"inLanguage\":\"es\",\"potentialAction\":[{\"@type\":\"ReadAction\",\"target\":[\"https:\/\/wifi.se\/es\/product\/router-5g-para-autocaravana-camper-caravana-barco-con-kit-completo-de-cables-y-antena-de-techo-5g-con-wifi-integrado\/\"]}]},{\"@type\":\"ImageObject\",\"inLanguage\":\"es\",\"@id\":\"https:\/\/wifi.se\/es\/product\/router-5g-para-autocaravana-camper-caravana-barco-con-kit-completo-de-cables-y-antena-de-techo-5g-con-wifi-integrado\/#primaryimage\",\"url\":\"https:\/\/wifi.se\/es\/wp-content\/uploads\/sites\/5\/2023\/05\/routerpake.jpg\",\"contentUrl\":\"https:\/\/wifi.se\/es\/wp-content\/uploads\/sites\/5\/2023\/05\/routerpake.jpg\",\"width\":800,\"height\":800},{\"@type\":\"BreadcrumbList\",\"@id\":\"https:\/\/wifi.se\/es\/product\/router-5g-para-autocaravana-camper-caravana-barco-con-kit-completo-de-cables-y-antena-de-techo-5g-con-wifi-integrado\/#breadcrumb\",\"itemListElement\":[{\"@type\":\"ListItem\",\"position\":1,\"name\":\"Hem\",\"item\":\"https:\/\/wifi.se\/es\/\"},{\"@type\":\"ListItem\",\"position\":2,\"name\":\"Tienda\",\"item\":\"https:\/\/wifi.se\/es\/compra-en-nuestra-tienda-online\/\"},{\"@type\":\"ListItem\",\"position\":3,\"name\":\"Router 5G para autocaravana \/ camper \/ caravana \/ barco con kit completo de cables y antena de techo 5G con WiFi integrado\"}]},{\"@type\":\"WebSite\",\"@id\":\"https:\/\/wifi.se\/es\/#website\",\"url\":\"https:\/\/wifi.se\/es\/\",\"name\":\"WIFI.SE\/ES\",\"description\":\"INTERNET EN TODAS PARTES\",\"potentialAction\":[{\"@type\":\"SearchAction\",\"target\":{\"@type\":\"EntryPoint\",\"urlTemplate\":\"https:\/\/wifi.se\/es\/?s={search_term_string}\"},\"query-input\":{\"@type\":\"PropertyValueSpecification\",\"valueRequired\":true,\"valueName\":\"search_term_string\"}}],\"inLanguage\":\"es\"}]}<\/script>\n<!-- \/ Yoast SEO plugin. -->","yoast_head_json":{"title":"Router Wifi Performance 5G con kit completo de cables y antena 5G de techo con WiFi \u2013 Sin SIM","description":"Router 5G con antena de techo propia - para los que quieren lo mejor. Es com\u00fan conseguir velocidades de descarga superiores a 400 Mbit\/s.","robots":{"index":"index","follow":"follow","max-snippet":"max-snippet:-1","max-image-preview":"max-image-preview:large","max-video-preview":"max-video-preview:-1"},"canonical":"https:\/\/wifi.se\/es\/product\/router-5g-para-autocaravana-camper-caravana-barco-con-kit-completo-de-cables-y-antena-de-techo-5g-con-wifi-integrado\/","og_locale":"es_ES","og_type":"article","og_title":"Router Wifi Performance 5G con kit completo de cables y antena 5G de techo con WiFi \u2013 Sin SIM","og_description":"Router 5G con antena de techo propia - para los que quieren lo mejor. Es com\u00fan conseguir velocidades de descarga superiores a 400 Mbit\/s.","og_url":"https:\/\/wifi.se\/es\/product\/router-5g-para-autocaravana-camper-caravana-barco-con-kit-completo-de-cables-y-antena-de-techo-5g-con-wifi-integrado\/","og_site_name":"WIFI.SE\/ES","article_modified_time":"2025-02-24T01:33:27+00:00","og_image":[{"width":800,"height":800,"url":"https:\/\/wifi.se\/es\/wp-content\/uploads\/sites\/5\/2023\/05\/routerpake.jpg","type":"image\/jpeg"}],"twitter_card":"summary_large_image","twitter_misc":{"Tiempo de lectura":"5 minutos"},"schema":{"@context":"https:\/\/schema.org","@graph":[{"@type":"WebPage","@id":"https:\/\/wifi.se\/es\/product\/router-5g-para-autocaravana-camper-caravana-barco-con-kit-completo-de-cables-y-antena-de-techo-5g-con-wifi-integrado\/","url":"https:\/\/wifi.se\/es\/product\/router-5g-para-autocaravana-camper-caravana-barco-con-kit-completo-de-cables-y-antena-de-techo-5g-con-wifi-integrado\/","name":"Router Wifi Performance 5G con kit completo de cables y antena 5G de techo con WiFi \u2013 Sin SIM","isPartOf":{"@id":"https:\/\/wifi.se\/es\/#website"},"primaryImageOfPage":{"@id":"https:\/\/wifi.se\/es\/product\/router-5g-para-autocaravana-camper-caravana-barco-con-kit-completo-de-cables-y-antena-de-techo-5g-con-wifi-integrado\/#primaryimage"},"image":{"@id":"https:\/\/wifi.se\/es\/product\/router-5g-para-autocaravana-camper-caravana-barco-con-kit-completo-de-cables-y-antena-de-techo-5g-con-wifi-integrado\/#primaryimage"},"thumbnailUrl":"https:\/\/wifi.se\/es\/wp-content\/uploads\/sites\/5\/2023\/05\/routerpake.jpg","datePublished":"2023-05-29T00:15:52+00:00","dateModified":"2025-02-24T01:33:27+00:00","description":"Router 5G con antena de techo propia - para los que quieren lo mejor. Es com\u00fan conseguir velocidades de descarga superiores a 400 Mbit\/s.","breadcrumb":{"@id":"https:\/\/wifi.se\/es\/product\/router-5g-para-autocaravana-camper-caravana-barco-con-kit-completo-de-cables-y-antena-de-techo-5g-con-wifi-integrado\/#breadcrumb"},"inLanguage":"es","potentialAction":[{"@type":"ReadAction","target":["https:\/\/wifi.se\/es\/product\/router-5g-para-autocaravana-camper-caravana-barco-con-kit-completo-de-cables-y-antena-de-techo-5g-con-wifi-integrado\/"]}]},{"@type":"ImageObject","inLanguage":"es","@id":"https:\/\/wifi.se\/es\/product\/router-5g-para-autocaravana-camper-caravana-barco-con-kit-completo-de-cables-y-antena-de-techo-5g-con-wifi-integrado\/#primaryimage","url":"https:\/\/wifi.se\/es\/wp-content\/uploads\/sites\/5\/2023\/05\/routerpake.jpg","contentUrl":"https:\/\/wifi.se\/es\/wp-content\/uploads\/sites\/5\/2023\/05\/routerpake.jpg","width":800,"height":800},{"@type":"BreadcrumbList","@id":"https:\/\/wifi.se\/es\/product\/router-5g-para-autocaravana-camper-caravana-barco-con-kit-completo-de-cables-y-antena-de-techo-5g-con-wifi-integrado\/#breadcrumb","itemListElement":[{"@type":"ListItem","position":1,"name":"Hem","item":"https:\/\/wifi.se\/es\/"},{"@type":"ListItem","position":2,"name":"Tienda","item":"https:\/\/wifi.se\/es\/compra-en-nuestra-tienda-online\/"},{"@type":"ListItem","position":3,"name":"Router 5G para autocaravana \/ camper \/ caravana \/ barco con kit completo de cables y antena de techo 5G con WiFi integrado"}]},{"@type":"WebSite","@id":"https:\/\/wifi.se\/es\/#website","url":"https:\/\/wifi.se\/es\/","name":"WIFI.SE\/ES","description":"INTERNET EN TODAS PARTES","potentialAction":[{"@type":"SearchAction","target":{"@type":"EntryPoint","urlTemplate":"https:\/\/wifi.se\/es\/?s={search_term_string}"},"query-input":{"@type":"PropertyValueSpecification","valueRequired":true,"valueName":"search_term_string"}}],"inLanguage":"es"}]}},"_links":{"self":[{"href":"https:\/\/wifi.se\/es\/wp-json\/wp\/v2\/product\/20822","targetHints":{"allow":["GET"]}}],"collection":[{"href":"https:\/\/wifi.se\/es\/wp-json\/wp\/v2\/product"}],"about":[{"href":"https:\/\/wifi.se\/es\/wp-json\/wp\/v2\/types\/product"}],"wp:featuredmedia":[{"embeddable":true,"href":"https:\/\/wifi.se\/es\/wp-json\/wp\/v2\/media\/32130"}],"wp:attachment":[{"href":"https:\/\/wifi.se\/es\/wp-json\/wp\/v2\/media?parent=20822"}],"wp:term":[{"taxonomy":"product_brand","embeddable":true,"href":"https:\/\/wifi.se\/es\/wp-json\/wp\/v2\/product_brand?post=20822"},{"taxonomy":"product_cat","embeddable":true,"href":"https:\/\/wifi.se\/es\/wp-json\/wp\/v2\/product_cat?post=20822"},{"taxonomy":"product_tag","embeddable":true,"href":"https:\/\/wifi.se\/es\/wp-json\/wp\/v2\/product_tag?post=20822"}],"curies":[{"name":"wp","href":"https:\/\/api.w.org\/{rel}","templated":true}]}}