{"id":19630,"date":"2023-03-11T09:00:08","date_gmt":"2023-03-11T07:00:08","guid":{"rendered":"https:\/\/wifi.se\/?post_type=product&#038;p=19630"},"modified":"2025-07-16T14:53:28","modified_gmt":"2025-07-16T12:53:28","slug":"adaptador-chromecast-tv-para-usb-google-streamer-tv-a-traves-de-12v-compatible-con-usb-de-tv","status":"publish","type":"product","link":"https:\/\/wifi.se\/es\/product\/adaptador-chromecast-tv-para-usb-google-streamer-tv-a-traves-de-12v-compatible-con-usb-de-tv\/","title":{"rendered":"Adaptador Chromecast TV para USB \u2013 Google Streamer TV a trav\u00e9s de 12V, compatible con USB de TV"},"content":{"rendered":"<p class=\"p1\"><b>ADAPTADOR DE CHROMECAST PARA USB &#8211; CHROMECAST A TRAV\u00c9S DE 12 VOLTIOS USANDO EL PUERTO USB DE LA TV (COMPATIBLE CON EL NUEVO GOOGLE STREAMER TV)<\/b><b><\/b><\/p>\n<p class=\"p3\">Este <span class=\"s1\"><b>adaptador inteligente para Chromecast TV<\/b><\/span> te permite alimentar tu Chromecast a trav\u00e9s del puerto USB de tu televisor o cualquier otro puerto USB, eliminando la necesidad de una toma de corriente de 230V. Esto proporciona una instalaci\u00f3n m\u00e1s limpia y una soluci\u00f3n m\u00e1s sencilla, especialmente si tienes un televisor montado en la pared, donde puede ser dif\u00edcil acceder a una toma el\u00e9ctrica.<\/p>\n<p class=\"p4\"><b>Caracter\u00edsticas:<\/b><\/p>\n<ul>\n<li class=\"p4\"><b><\/b><span class=\"s2\">Compatible con <\/span><b>todos los modelos de Chromecast y con Google Streamer<\/b><span class=\"s2\">.<\/span><\/li>\n<li class=\"p4\"><span style=\"color: #555555; font-size: 14.4px;\">Se conecta al <\/span><span class=\"s1\" style=\"color: #555555; font-size: 14.4px;\"><b>puerto USB del televisor<\/b><\/span><span style=\"color: #555555; font-size: 14.4px;\"> u otro puerto USB para alimentar el Chromecast.<\/span><\/li>\n<li class=\"p4\">Elimina la necesidad de un enchufe adicional<span class=\"s2\" style=\"color: #555555; font-size: 14.4px;\">.<\/span><\/li>\n<li class=\"p4\">Ideal para televisores montados en la pared<span class=\"s2\" style=\"color: #555555; font-size: 14.4px;\">.<\/span><\/li>\n<\/ul>\n<p class=\"p3\">Para ver c\u00f3mo funciona, puedes ver el siguiente video:<\/p>\n<p><iframe loading=\"lazy\" title=\"TITTA HUR V\u00c5R NYA CHROMECAST USB ADAPTER FUNGERAR\" width=\"1020\" height=\"574\" src=\"https:\/\/www.youtube.com\/embed\/98zdsnEN86c?feature=oembed\" frameborder=\"0\" allow=\"accelerometer; autoplay; clipboard-write; encrypted-media; gyroscope; picture-in-picture; web-share\" referrerpolicy=\"strict-origin-when-cross-origin\" allowfullscreen><\/iframe><\/p>\n<p class=\"p1\"><b>CARGA \u00daNICA Y LISTO PARA SIEMPRE \u2013 ADAPTADOR PATENTADO PARA CHROMECAST<\/b><b><\/b><\/p>\n<p class=\"p3\">Solo necesitas <span class=\"s1\">cargarlo la primera vez durante 3 horas<\/span> y luego nunca m\u00e1s. Este producto patentado es <span class=\"s1\">incre\u00edblemente eficiente<\/span>. Viene <span class=\"s1\">cargado y listo para usar<\/span>, pero siempre recomendamos <span class=\"s1\">realizar una primera carga antes del primer uso<\/span>. <span class=\"s1\">Una sola carga es suficiente<\/span>, ya que despu\u00e9s obtiene la energ\u00eda necesaria para mantenerse cargado a trav\u00e9s del puerto USB del televisor.<\/p>\n<p class=\"p4\"><b>FUNCIONA INCLUSO EN PUERTOS USB DE BAJA POTENCIA<\/b><b><\/b><\/p>\n<p class=\"p3\">El <span class=\"s1\">Chromecast TV requiere 1.5A<\/span> para funcionar correctamente. Con nuestro adaptador conectado al <span class=\"s1\">puerto USB del televisor<\/span>, incluso si este solo entrega <span class=\"s1\">0.5A<\/span>, el Chromecast funcionar\u00e1 <span class=\"s1\">perfectamente para hacer streaming sin interrupciones<\/span>.<\/p>\n<p class=\"p3\">Si el puerto USB de tu TV <span class=\"s1\">no proporciona suficiente corriente<\/span>, puedes conectarlo a <span class=\"s1\">un cargador USB de 12V<\/span>. En otras palabras, tambi\u00e9n puedes conectar este <span class=\"s1\">adaptador para Chromecast<\/span> a <span class=\"s1\">12 voltios<\/span> mediante un adaptador USB.<\/p>\n<p class=\"p4\"><b>VENTAJAS DEL ADAPTADOR CHROMECAST<\/b><b><\/b><\/p>\n<ul>\n<li class=\"p1\">Elimina la necesidad de un enchufe de corriente<span class=\"s2\">.<\/span><\/li>\n<li class=\"p1\"><span class=\"s1\" style=\"color: #555555; font-size: 14.4px;\">Carga una vez y nunca m\u00e1s<\/span><span style=\"color: #555555; font-size: 14.4px;\"> (se recomienda una carga inicial de 3 horas).<\/span><\/li>\n<li class=\"p1\"><span style=\"color: #555555; font-size: 14.4px;\">Conexi\u00f3n directa a la TV a trav\u00e9s de USB<\/span><span class=\"s2\" style=\"color: #555555; font-size: 14.4px;\">.<\/span><\/li>\n<li class=\"p1\"><span style=\"color: #555555; font-size: 14.4px;\">Compatible con todos los puertos USB con alimentaci\u00f3n<\/span><span class=\"s2\" style=\"color: #555555; font-size: 14.4px;\">.<\/span><\/li>\n<li class=\"p1\"><span style=\"color: #555555; font-size: 14.4px;\">Compatible con todos los modelos de Chromecast<\/span><span class=\"s2\" style=\"color: #555555; font-size: 14.4px;\">, incluyendo Google Streamer.<\/span><\/li>\n<\/ul>\n<p class=\"p1\"><b>\u00a1Mira a Micke \u201cThe Hub\u201d probando nuestro adaptador Chromecast!<\/b><\/p>\n<p><iframe loading=\"lazy\" title=\"Chromecast.Litiumbatteri &amp; Inverter\" width=\"1020\" height=\"574\" src=\"https:\/\/www.youtube.com\/embed\/b6FeUqSQuKU?feature=oembed\" frameborder=\"0\" allow=\"accelerometer; autoplay; clipboard-write; encrypted-media; gyroscope; picture-in-picture; web-share\" referrerpolicy=\"strict-origin-when-cross-origin\" allowfullscreen><\/iframe><\/p>\n","protected":false},"excerpt":{"rendered":"<p class=\"p1\"><b>ADAPTADOR CHROMECAST PARA TV USB \u2013 CHROMECAST CON ALIMENTACI\u00d3N DE 12 VOLTIOS COMPATIBLE CON USB DE TV<\/b><b><\/b><\/p>\n<p class=\"p3\">Olv\u00eddate de necesitar un enchufe convencional.<\/p>\n<p class=\"p3\">Compatible con todos los puertos USB alimentados.<\/p>\n<p class=\"p3\">Dise\u00f1o patentado.<\/p>\n<p class=\"p3\">Funciona con todos los dispositivos Chromecast, incluidos Chromecast TV y modelos anteriores.<\/p>\n<p class=\"p3\">Solo necesita una carga inicial: 60 minutos son suficientes.<\/p>\n<p><a href=\"https:\/\/wifi.se\/produkt\/adapter-for-chromecast-for-tvns-usb-uttag\/\" target=\"_blank\" rel=\"noopener\">Read about Husbil &amp; Husvagn&#8217;s review &#8211; click here<\/a><\/p>\n<p><a href=\"https:\/\/alltomhusbilen.se\/senaste-chromecast-gor-din-tv-smartare\/\" target=\"_blank\" rel=\"noopener\">Leer el articulo de Alltomhusbilen.se aqu\u00ed<\/a><\/p>\n","protected":false},"featured_media":30285,"template":"","meta":{"_acf_changed":false},"product_brand":[],"product_cat":[466,74,465],"product_tag":[417],"class_list":{"0":"post-19630","1":"product","2":"type-product","3":"status-publish","4":"has-post-thumbnail","6":"product_cat-adaptador-usb-para-google-chromecast-y-google-tv-streamer","7":"product_cat-cables-de-alimentacion","8":"product_cat-accesorios","9":"product_tag-chromecast","10":"product_shipping_class-tillbehor","12":"first","13":"instock","14":"taxable","15":"shipping-taxable","16":"purchasable","17":"product-type-simple"},"bundled_by":[],"bundle_stock_status":"instock","bundle_stock_quantity":null,"bundle_virtual":false,"bundle_layout":"","bundle_add_to_cart_form_location":"","bundle_editable_in_cart":false,"bundle_sold_individually_context":"","bundle_item_grouping":"","bundle_min_size":"","bundle_max_size":"","bundle_price":[],"bundled_items":[],"bundle_sell_ids":[],"acf":{"accounting_number":"1940","accounting_number_kopiera2":"2611","accounting_number_kopiera3":"3017","accounting_number_kopiera4":"3520","accounting_number_kopiera5":"1510","accounting_number_kopiera6":"1511"},"yoast_head":"<!-- This site is optimized with the Yoast SEO plugin v27.1.1 - https:\/\/yoast.com\/product\/yoast-seo-wordpress\/ -->\n<title>Adaptador Chromecast TV para USB \u2013 Google Streamer TV a trav\u00e9s de 12V, compatible con USB de TV - WIFI.SE\/ES<\/title>\n<meta name=\"description\" content=\"Este adaptador inteligente para Chromecast y Google streamer te permite alimentar tu unidad utilizando el puerto USB de tu TV o un dispositivo USB de 12v.\" \/>\n<meta name=\"robots\" content=\"index, follow, max-snippet:-1, max-image-preview:large, max-video-preview:-1\" \/>\n<link rel=\"canonical\" href=\"https:\/\/wifi.se\/es\/product\/adaptador-chromecast-tv-para-usb-google-streamer-tv-a-traves-de-12v-compatible-con-usb-de-tv\/\" \/>\n<meta property=\"og:locale\" content=\"es_ES\" \/>\n<meta property=\"og:type\" content=\"article\" \/>\n<meta property=\"og:title\" content=\"Adaptador Chromecast TV para USB \u2013 Google Streamer TV a trav\u00e9s de 12V, compatible con USB de TV - WIFI.SE\/ES\" \/>\n<meta property=\"og:description\" content=\"Este adaptador inteligente para Chromecast y Google streamer te permite alimentar tu unidad utilizando el puerto USB de tu TV o un dispositivo USB de 12v.\" \/>\n<meta property=\"og:url\" content=\"https:\/\/wifi.se\/es\/product\/adaptador-chromecast-tv-para-usb-google-streamer-tv-a-traves-de-12v-compatible-con-usb-de-tv\/\" \/>\n<meta property=\"og:site_name\" content=\"WIFI.SE\/ES\" \/>\n<meta property=\"article:modified_time\" content=\"2025-07-16T12:53:28+00:00\" \/>\n<meta property=\"og:image\" content=\"https:\/\/wifi.se\/es\/wp-content\/uploads\/sites\/5\/2023\/03\/adapter02.jpg\" \/>\n\t<meta property=\"og:image:width\" content=\"800\" \/>\n\t<meta property=\"og:image:height\" content=\"800\" \/>\n\t<meta property=\"og:image:type\" content=\"image\/jpeg\" \/>\n<meta name=\"twitter:card\" content=\"summary_large_image\" \/>\n<meta name=\"twitter:label1\" content=\"Tiempo de lectura\" \/>\n\t<meta name=\"twitter:data1\" content=\"2 minutos\" \/>\n<script type=\"application\/ld+json\" class=\"yoast-schema-graph\">{\"@context\":\"https:\/\/schema.org\",\"@graph\":[{\"@type\":\"WebPage\",\"@id\":\"https:\/\/wifi.se\/es\/product\/adaptador-chromecast-tv-para-usb-google-streamer-tv-a-traves-de-12v-compatible-con-usb-de-tv\/\",\"url\":\"https:\/\/wifi.se\/es\/product\/adaptador-chromecast-tv-para-usb-google-streamer-tv-a-traves-de-12v-compatible-con-usb-de-tv\/\",\"name\":\"Adaptador Chromecast TV para USB \u2013 Google Streamer TV a trav\u00e9s de 12V, compatible con USB de TV - WIFI.SE\/ES\",\"isPartOf\":{\"@id\":\"https:\/\/wifi.se\/es\/#website\"},\"primaryImageOfPage\":{\"@id\":\"https:\/\/wifi.se\/es\/product\/adaptador-chromecast-tv-para-usb-google-streamer-tv-a-traves-de-12v-compatible-con-usb-de-tv\/#primaryimage\"},\"image\":{\"@id\":\"https:\/\/wifi.se\/es\/product\/adaptador-chromecast-tv-para-usb-google-streamer-tv-a-traves-de-12v-compatible-con-usb-de-tv\/#primaryimage\"},\"thumbnailUrl\":\"https:\/\/wifi.se\/es\/wp-content\/uploads\/sites\/5\/2023\/03\/adapter02.jpg\",\"datePublished\":\"2023-03-11T07:00:08+00:00\",\"dateModified\":\"2025-07-16T12:53:28+00:00\",\"description\":\"Este adaptador inteligente para Chromecast y Google streamer te permite alimentar tu unidad utilizando el puerto USB de tu TV o un dispositivo USB de 12v.\",\"breadcrumb\":{\"@id\":\"https:\/\/wifi.se\/es\/product\/adaptador-chromecast-tv-para-usb-google-streamer-tv-a-traves-de-12v-compatible-con-usb-de-tv\/#breadcrumb\"},\"inLanguage\":\"es\",\"potentialAction\":[{\"@type\":\"ReadAction\",\"target\":[\"https:\/\/wifi.se\/es\/product\/adaptador-chromecast-tv-para-usb-google-streamer-tv-a-traves-de-12v-compatible-con-usb-de-tv\/\"]}]},{\"@type\":\"ImageObject\",\"inLanguage\":\"es\",\"@id\":\"https:\/\/wifi.se\/es\/product\/adaptador-chromecast-tv-para-usb-google-streamer-tv-a-traves-de-12v-compatible-con-usb-de-tv\/#primaryimage\",\"url\":\"https:\/\/wifi.se\/es\/wp-content\/uploads\/sites\/5\/2023\/03\/adapter02.jpg\",\"contentUrl\":\"https:\/\/wifi.se\/es\/wp-content\/uploads\/sites\/5\/2023\/03\/adapter02.jpg\",\"width\":800,\"height\":800,\"caption\":\"Adapter f\u00f6r Chromecast\"},{\"@type\":\"BreadcrumbList\",\"@id\":\"https:\/\/wifi.se\/es\/product\/adaptador-chromecast-tv-para-usb-google-streamer-tv-a-traves-de-12v-compatible-con-usb-de-tv\/#breadcrumb\",\"itemListElement\":[{\"@type\":\"ListItem\",\"position\":1,\"name\":\"Hem\",\"item\":\"https:\/\/wifi.se\/es\/\"},{\"@type\":\"ListItem\",\"position\":2,\"name\":\"Tienda\",\"item\":\"https:\/\/wifi.se\/es\/compra-en-nuestra-tienda-online\/\"},{\"@type\":\"ListItem\",\"position\":3,\"name\":\"Adaptador Chromecast TV para USB \u2013 Google Streamer TV a trav\u00e9s de 12V, compatible con USB de TV\"}]},{\"@type\":\"WebSite\",\"@id\":\"https:\/\/wifi.se\/es\/#website\",\"url\":\"https:\/\/wifi.se\/es\/\",\"name\":\"WIFI.SE\/ES\",\"description\":\"INTERNET EN TODAS PARTES\",\"potentialAction\":[{\"@type\":\"SearchAction\",\"target\":{\"@type\":\"EntryPoint\",\"urlTemplate\":\"https:\/\/wifi.se\/es\/?s={search_term_string}\"},\"query-input\":{\"@type\":\"PropertyValueSpecification\",\"valueRequired\":true,\"valueName\":\"search_term_string\"}}],\"inLanguage\":\"es\"}]}<\/script>\n<!-- \/ Yoast SEO plugin. -->","yoast_head_json":{"title":"Adaptador Chromecast TV para USB \u2013 Google Streamer TV a trav\u00e9s de 12V, compatible con USB de TV - WIFI.SE\/ES","description":"Este adaptador inteligente para Chromecast y Google streamer te permite alimentar tu unidad utilizando el puerto USB de tu TV o un dispositivo USB de 12v.","robots":{"index":"index","follow":"follow","max-snippet":"max-snippet:-1","max-image-preview":"max-image-preview:large","max-video-preview":"max-video-preview:-1"},"canonical":"https:\/\/wifi.se\/es\/product\/adaptador-chromecast-tv-para-usb-google-streamer-tv-a-traves-de-12v-compatible-con-usb-de-tv\/","og_locale":"es_ES","og_type":"article","og_title":"Adaptador Chromecast TV para USB \u2013 Google Streamer TV a trav\u00e9s de 12V, compatible con USB de TV - WIFI.SE\/ES","og_description":"Este adaptador inteligente para Chromecast y Google streamer te permite alimentar tu unidad utilizando el puerto USB de tu TV o un dispositivo USB de 12v.","og_url":"https:\/\/wifi.se\/es\/product\/adaptador-chromecast-tv-para-usb-google-streamer-tv-a-traves-de-12v-compatible-con-usb-de-tv\/","og_site_name":"WIFI.SE\/ES","article_modified_time":"2025-07-16T12:53:28+00:00","og_image":[{"width":800,"height":800,"url":"https:\/\/wifi.se\/es\/wp-content\/uploads\/sites\/5\/2023\/03\/adapter02.jpg","type":"image\/jpeg"}],"twitter_card":"summary_large_image","twitter_misc":{"Tiempo de lectura":"2 minutos"},"schema":{"@context":"https:\/\/schema.org","@graph":[{"@type":"WebPage","@id":"https:\/\/wifi.se\/es\/product\/adaptador-chromecast-tv-para-usb-google-streamer-tv-a-traves-de-12v-compatible-con-usb-de-tv\/","url":"https:\/\/wifi.se\/es\/product\/adaptador-chromecast-tv-para-usb-google-streamer-tv-a-traves-de-12v-compatible-con-usb-de-tv\/","name":"Adaptador Chromecast TV para USB \u2013 Google Streamer TV a trav\u00e9s de 12V, compatible con USB de TV - WIFI.SE\/ES","isPartOf":{"@id":"https:\/\/wifi.se\/es\/#website"},"primaryImageOfPage":{"@id":"https:\/\/wifi.se\/es\/product\/adaptador-chromecast-tv-para-usb-google-streamer-tv-a-traves-de-12v-compatible-con-usb-de-tv\/#primaryimage"},"image":{"@id":"https:\/\/wifi.se\/es\/product\/adaptador-chromecast-tv-para-usb-google-streamer-tv-a-traves-de-12v-compatible-con-usb-de-tv\/#primaryimage"},"thumbnailUrl":"https:\/\/wifi.se\/es\/wp-content\/uploads\/sites\/5\/2023\/03\/adapter02.jpg","datePublished":"2023-03-11T07:00:08+00:00","dateModified":"2025-07-16T12:53:28+00:00","description":"Este adaptador inteligente para Chromecast y Google streamer te permite alimentar tu unidad utilizando el puerto USB de tu TV o un dispositivo USB de 12v.","breadcrumb":{"@id":"https:\/\/wifi.se\/es\/product\/adaptador-chromecast-tv-para-usb-google-streamer-tv-a-traves-de-12v-compatible-con-usb-de-tv\/#breadcrumb"},"inLanguage":"es","potentialAction":[{"@type":"ReadAction","target":["https:\/\/wifi.se\/es\/product\/adaptador-chromecast-tv-para-usb-google-streamer-tv-a-traves-de-12v-compatible-con-usb-de-tv\/"]}]},{"@type":"ImageObject","inLanguage":"es","@id":"https:\/\/wifi.se\/es\/product\/adaptador-chromecast-tv-para-usb-google-streamer-tv-a-traves-de-12v-compatible-con-usb-de-tv\/#primaryimage","url":"https:\/\/wifi.se\/es\/wp-content\/uploads\/sites\/5\/2023\/03\/adapter02.jpg","contentUrl":"https:\/\/wifi.se\/es\/wp-content\/uploads\/sites\/5\/2023\/03\/adapter02.jpg","width":800,"height":800,"caption":"Adapter f\u00f6r Chromecast"},{"@type":"BreadcrumbList","@id":"https:\/\/wifi.se\/es\/product\/adaptador-chromecast-tv-para-usb-google-streamer-tv-a-traves-de-12v-compatible-con-usb-de-tv\/#breadcrumb","itemListElement":[{"@type":"ListItem","position":1,"name":"Hem","item":"https:\/\/wifi.se\/es\/"},{"@type":"ListItem","position":2,"name":"Tienda","item":"https:\/\/wifi.se\/es\/compra-en-nuestra-tienda-online\/"},{"@type":"ListItem","position":3,"name":"Adaptador Chromecast TV para USB \u2013 Google Streamer TV a trav\u00e9s de 12V, compatible con USB de TV"}]},{"@type":"WebSite","@id":"https:\/\/wifi.se\/es\/#website","url":"https:\/\/wifi.se\/es\/","name":"WIFI.SE\/ES","description":"INTERNET EN TODAS PARTES","potentialAction":[{"@type":"SearchAction","target":{"@type":"EntryPoint","urlTemplate":"https:\/\/wifi.se\/es\/?s={search_term_string}"},"query-input":{"@type":"PropertyValueSpecification","valueRequired":true,"valueName":"search_term_string"}}],"inLanguage":"es"}]}},"_links":{"self":[{"href":"https:\/\/wifi.se\/es\/wp-json\/wp\/v2\/product\/19630","targetHints":{"allow":["GET"]}}],"collection":[{"href":"https:\/\/wifi.se\/es\/wp-json\/wp\/v2\/product"}],"about":[{"href":"https:\/\/wifi.se\/es\/wp-json\/wp\/v2\/types\/product"}],"wp:featuredmedia":[{"embeddable":true,"href":"https:\/\/wifi.se\/es\/wp-json\/wp\/v2\/media\/30285"}],"wp:attachment":[{"href":"https:\/\/wifi.se\/es\/wp-json\/wp\/v2\/media?parent=19630"}],"wp:term":[{"taxonomy":"product_brand","embeddable":true,"href":"https:\/\/wifi.se\/es\/wp-json\/wp\/v2\/product_brand?post=19630"},{"taxonomy":"product_cat","embeddable":true,"href":"https:\/\/wifi.se\/es\/wp-json\/wp\/v2\/product_cat?post=19630"},{"taxonomy":"product_tag","embeddable":true,"href":"https:\/\/wifi.se\/es\/wp-json\/wp\/v2\/product_tag?post=19630"}],"curies":[{"name":"wp","href":"https:\/\/api.w.org\/{rel}","templated":true}]}}