{"id":19627,"date":"2023-03-11T08:52:37","date_gmt":"2023-03-11T06:52:37","guid":{"rendered":"https:\/\/wifi.se\/?post_type=product&#038;p=19627"},"modified":"2025-02-24T03:41:13","modified_gmt":"2025-02-24T01:41:13","slug":"adaptador-apple-tv-para-usb-12v-version-nueva","status":"publish","type":"product","link":"https:\/\/wifi.se\/es\/product\/adaptador-apple-tv-para-usb-12v-version-nueva\/","title":{"rendered":"Adaptador Apple TV para USB \/ 12V &#8211; Versi\u00f3n Nueva"},"content":{"rendered":"<p class=\"p1\"><b>NUEVO ADAPTADOR PARA APPLE TV COMPATIBLE CON TODOS LOS MODELOS<\/b><b><\/b><\/p>\n<p class=\"p3\">Si tienes un Apple TV conectado a una pantalla o televisi\u00f3n, normalmente necesitas dos cables: uno para la corriente y otro HDMI para audio y v\u00eddeo. Esto puede generar una instalaci\u00f3n poco est\u00e9tica, especialmente con televisores montados en la pared.<\/p>\n<p class=\"p3\">Este adaptador te permite usar el puerto USB de tu TV en lugar del enchufe convencional de 230 voltios.<\/p>\n<p class=\"p3\">El cable USB se conecta directamente al puerto de corriente del Apple TV y luego a cualquier puerto USB disponible en tu televisi\u00f3n o monitor. El puerto USB debe proporcionar al menos 900 mA, algo habitual en la mayor\u00eda de los televisores modernos.<\/p>\n<p class=\"p3\">\u00a1Funciona con todos los modelos de Apple TV!<\/p>\n","protected":false},"excerpt":{"rendered":"<p class=\"p1\"><b>\u00a1NUEVA VERSI\u00d3N DEL ADAPTADOR USB PARA APPLE TV DISPONIBLE AHORA, COMPATIBLE CON TODOS LOS MODELOS!<\/b><b><\/b><\/p>\n<p class=\"p3\">Este fant\u00e1stico adaptador USB para Apple TV, que tambi\u00e9n funciona con 12 voltios, permite alimentar tu Apple TV mediante el puerto USB del televisor u otro puerto USB disponible, evitando as\u00ed el uso de un enchufe convencional de 230 voltios. Tambi\u00e9n puedes conectar el Apple TV directamente a una toma USB de 12 voltios.<\/p>\n<p class=\"p3\">Si el puerto USB de tu televisor no proporciona el amperaje necesario, puedes usar otro cargador USB conectado directamente a 12 voltios. Es decir, puedes alimentar este adaptador Apple TV desde una conexi\u00f3n USB a 12 voltios.<\/p>\n<p class=\"p3\">El adaptador de corriente se conecta directamente al puerto de alimentaci\u00f3n del Apple TV y luego a cualquier puerto USB que proporcione al menos 900 mA (algo que admiten la mayor\u00eda de los televisores modernos).<\/p>\n<p class=\"p1\"><b>\u00a1AHORA COMPATIBLE CON TODOS LOS MODELOS!<\/b><b><\/b><\/p>\n<p class=\"p3\"><span class=\"s1\"><b>IMPORTANTE:<\/b><\/span> NO OLVIDES CARGAR EL ADAPTADOR DURANTE 6 HORAS ANTES DEL PRIMER USO.<\/p>\n","protected":false},"featured_media":30929,"template":"","meta":{"_acf_changed":false},"product_brand":[],"product_cat":[467,74,465],"product_tag":[],"class_list":{"0":"post-19627","1":"product","2":"type-product","3":"status-publish","4":"has-post-thumbnail","6":"product_cat-adaptador-usb-para-apple-tv","7":"product_cat-cables-de-alimentacion","8":"product_cat-accesorios","9":"product_shipping_class-tillbehor","11":"first","12":"instock","13":"taxable","14":"shipping-taxable","15":"purchasable","16":"product-type-simple"},"bundled_by":[],"bundle_stock_status":"instock","bundle_stock_quantity":null,"bundle_virtual":false,"bundle_layout":"","bundle_add_to_cart_form_location":"","bundle_editable_in_cart":false,"bundle_sold_individually_context":"","bundle_item_grouping":"","bundle_min_size":"","bundle_max_size":"","bundle_price":[],"bundled_items":[],"bundle_sell_ids":[],"acf":{"accounting_number":"1940","accounting_number_kopiera2":"2611","accounting_number_kopiera3":"3017","accounting_number_kopiera4":"3520","accounting_number_kopiera5":"1510","accounting_number_kopiera6":"1511"},"yoast_head":"<!-- This site is optimized with the Yoast SEO plugin v27.1.1 - https:\/\/yoast.com\/product\/yoast-seo-wordpress\/ -->\n<title>Adaptador Apple TV para USB \/ 12V - Versi\u00f3n Nueva - WIFI.SE\/ES<\/title>\n<meta name=\"description\" content=\"ADAPTADOR APPLE TV USB\/12 VOLTIOS PARA EL PUERTO USB DEL TELEVISOR. NO NECESITAS ENCHUFE DE 230V, PERFECTO PARA AUTOCARAVANAS Y BARCOS\" \/>\n<meta name=\"robots\" content=\"index, follow, max-snippet:-1, max-image-preview:large, max-video-preview:-1\" \/>\n<link rel=\"canonical\" href=\"https:\/\/wifi.se\/es\/product\/adaptador-apple-tv-para-usb-12v-version-nueva\/\" \/>\n<meta property=\"og:locale\" content=\"es_ES\" \/>\n<meta property=\"og:type\" content=\"article\" \/>\n<meta property=\"og:title\" content=\"Adaptador Apple TV para USB \/ 12V - Versi\u00f3n Nueva - WIFI.SE\/ES\" \/>\n<meta property=\"og:description\" content=\"ADAPTADOR APPLE TV USB\/12 VOLTIOS PARA EL PUERTO USB DEL TELEVISOR. NO NECESITAS ENCHUFE DE 230V, PERFECTO PARA AUTOCARAVANAS Y BARCOS\" \/>\n<meta property=\"og:url\" content=\"https:\/\/wifi.se\/es\/product\/adaptador-apple-tv-para-usb-12v-version-nueva\/\" \/>\n<meta property=\"og:site_name\" content=\"WIFI.SE\/ES\" \/>\n<meta property=\"article:modified_time\" content=\"2025-02-24T01:41:13+00:00\" \/>\n<meta property=\"og:image\" content=\"https:\/\/wifi.se\/es\/wp-content\/uploads\/sites\/5\/2023\/03\/apple01.jpg\" \/>\n\t<meta property=\"og:image:width\" content=\"800\" \/>\n\t<meta property=\"og:image:height\" content=\"800\" \/>\n\t<meta property=\"og:image:type\" content=\"image\/jpeg\" \/>\n<meta name=\"twitter:card\" content=\"summary_large_image\" \/>\n<meta name=\"twitter:label1\" content=\"Tiempo de lectura\" \/>\n\t<meta name=\"twitter:data1\" content=\"1 minuto\" \/>\n<script type=\"application\/ld+json\" class=\"yoast-schema-graph\">{\"@context\":\"https:\/\/schema.org\",\"@graph\":[{\"@type\":\"WebPage\",\"@id\":\"https:\/\/wifi.se\/es\/product\/adaptador-apple-tv-para-usb-12v-version-nueva\/\",\"url\":\"https:\/\/wifi.se\/es\/product\/adaptador-apple-tv-para-usb-12v-version-nueva\/\",\"name\":\"Adaptador Apple TV para USB \/ 12V - Versi\u00f3n Nueva - WIFI.SE\/ES\",\"isPartOf\":{\"@id\":\"https:\/\/wifi.se\/es\/#website\"},\"primaryImageOfPage\":{\"@id\":\"https:\/\/wifi.se\/es\/product\/adaptador-apple-tv-para-usb-12v-version-nueva\/#primaryimage\"},\"image\":{\"@id\":\"https:\/\/wifi.se\/es\/product\/adaptador-apple-tv-para-usb-12v-version-nueva\/#primaryimage\"},\"thumbnailUrl\":\"https:\/\/wifi.se\/es\/wp-content\/uploads\/sites\/5\/2023\/03\/apple01.jpg\",\"datePublished\":\"2023-03-11T06:52:37+00:00\",\"dateModified\":\"2025-02-24T01:41:13+00:00\",\"description\":\"ADAPTADOR APPLE TV USB\/12 VOLTIOS PARA EL PUERTO USB DEL TELEVISOR. NO NECESITAS ENCHUFE DE 230V, PERFECTO PARA AUTOCARAVANAS Y BARCOS\",\"breadcrumb\":{\"@id\":\"https:\/\/wifi.se\/es\/product\/adaptador-apple-tv-para-usb-12v-version-nueva\/#breadcrumb\"},\"inLanguage\":\"es\",\"potentialAction\":[{\"@type\":\"ReadAction\",\"target\":[\"https:\/\/wifi.se\/es\/product\/adaptador-apple-tv-para-usb-12v-version-nueva\/\"]}]},{\"@type\":\"ImageObject\",\"inLanguage\":\"es\",\"@id\":\"https:\/\/wifi.se\/es\/product\/adaptador-apple-tv-para-usb-12v-version-nueva\/#primaryimage\",\"url\":\"https:\/\/wifi.se\/es\/wp-content\/uploads\/sites\/5\/2023\/03\/apple01.jpg\",\"contentUrl\":\"https:\/\/wifi.se\/es\/wp-content\/uploads\/sites\/5\/2023\/03\/apple01.jpg\",\"width\":800,\"height\":800},{\"@type\":\"BreadcrumbList\",\"@id\":\"https:\/\/wifi.se\/es\/product\/adaptador-apple-tv-para-usb-12v-version-nueva\/#breadcrumb\",\"itemListElement\":[{\"@type\":\"ListItem\",\"position\":1,\"name\":\"Hem\",\"item\":\"https:\/\/wifi.se\/es\/\"},{\"@type\":\"ListItem\",\"position\":2,\"name\":\"Tienda\",\"item\":\"https:\/\/wifi.se\/es\/compra-en-nuestra-tienda-online\/\"},{\"@type\":\"ListItem\",\"position\":3,\"name\":\"Adaptador Apple TV para USB \/ 12V &#8211; Versi\u00f3n Nueva\"}]},{\"@type\":\"WebSite\",\"@id\":\"https:\/\/wifi.se\/es\/#website\",\"url\":\"https:\/\/wifi.se\/es\/\",\"name\":\"WIFI.SE\/ES\",\"description\":\"INTERNET EN TODAS PARTES\",\"potentialAction\":[{\"@type\":\"SearchAction\",\"target\":{\"@type\":\"EntryPoint\",\"urlTemplate\":\"https:\/\/wifi.se\/es\/?s={search_term_string}\"},\"query-input\":{\"@type\":\"PropertyValueSpecification\",\"valueRequired\":true,\"valueName\":\"search_term_string\"}}],\"inLanguage\":\"es\"}]}<\/script>\n<!-- \/ Yoast SEO plugin. -->","yoast_head_json":{"title":"Adaptador Apple TV para USB \/ 12V - Versi\u00f3n Nueva - WIFI.SE\/ES","description":"ADAPTADOR APPLE TV USB\/12 VOLTIOS PARA EL PUERTO USB DEL TELEVISOR. NO NECESITAS ENCHUFE DE 230V, PERFECTO PARA AUTOCARAVANAS Y BARCOS","robots":{"index":"index","follow":"follow","max-snippet":"max-snippet:-1","max-image-preview":"max-image-preview:large","max-video-preview":"max-video-preview:-1"},"canonical":"https:\/\/wifi.se\/es\/product\/adaptador-apple-tv-para-usb-12v-version-nueva\/","og_locale":"es_ES","og_type":"article","og_title":"Adaptador Apple TV para USB \/ 12V - Versi\u00f3n Nueva - WIFI.SE\/ES","og_description":"ADAPTADOR APPLE TV USB\/12 VOLTIOS PARA EL PUERTO USB DEL TELEVISOR. NO NECESITAS ENCHUFE DE 230V, PERFECTO PARA AUTOCARAVANAS Y BARCOS","og_url":"https:\/\/wifi.se\/es\/product\/adaptador-apple-tv-para-usb-12v-version-nueva\/","og_site_name":"WIFI.SE\/ES","article_modified_time":"2025-02-24T01:41:13+00:00","og_image":[{"width":800,"height":800,"url":"https:\/\/wifi.se\/es\/wp-content\/uploads\/sites\/5\/2023\/03\/apple01.jpg","type":"image\/jpeg"}],"twitter_card":"summary_large_image","twitter_misc":{"Tiempo de lectura":"1 minuto"},"schema":{"@context":"https:\/\/schema.org","@graph":[{"@type":"WebPage","@id":"https:\/\/wifi.se\/es\/product\/adaptador-apple-tv-para-usb-12v-version-nueva\/","url":"https:\/\/wifi.se\/es\/product\/adaptador-apple-tv-para-usb-12v-version-nueva\/","name":"Adaptador Apple TV para USB \/ 12V - Versi\u00f3n Nueva - WIFI.SE\/ES","isPartOf":{"@id":"https:\/\/wifi.se\/es\/#website"},"primaryImageOfPage":{"@id":"https:\/\/wifi.se\/es\/product\/adaptador-apple-tv-para-usb-12v-version-nueva\/#primaryimage"},"image":{"@id":"https:\/\/wifi.se\/es\/product\/adaptador-apple-tv-para-usb-12v-version-nueva\/#primaryimage"},"thumbnailUrl":"https:\/\/wifi.se\/es\/wp-content\/uploads\/sites\/5\/2023\/03\/apple01.jpg","datePublished":"2023-03-11T06:52:37+00:00","dateModified":"2025-02-24T01:41:13+00:00","description":"ADAPTADOR APPLE TV USB\/12 VOLTIOS PARA EL PUERTO USB DEL TELEVISOR. NO NECESITAS ENCHUFE DE 230V, PERFECTO PARA AUTOCARAVANAS Y BARCOS","breadcrumb":{"@id":"https:\/\/wifi.se\/es\/product\/adaptador-apple-tv-para-usb-12v-version-nueva\/#breadcrumb"},"inLanguage":"es","potentialAction":[{"@type":"ReadAction","target":["https:\/\/wifi.se\/es\/product\/adaptador-apple-tv-para-usb-12v-version-nueva\/"]}]},{"@type":"ImageObject","inLanguage":"es","@id":"https:\/\/wifi.se\/es\/product\/adaptador-apple-tv-para-usb-12v-version-nueva\/#primaryimage","url":"https:\/\/wifi.se\/es\/wp-content\/uploads\/sites\/5\/2023\/03\/apple01.jpg","contentUrl":"https:\/\/wifi.se\/es\/wp-content\/uploads\/sites\/5\/2023\/03\/apple01.jpg","width":800,"height":800},{"@type":"BreadcrumbList","@id":"https:\/\/wifi.se\/es\/product\/adaptador-apple-tv-para-usb-12v-version-nueva\/#breadcrumb","itemListElement":[{"@type":"ListItem","position":1,"name":"Hem","item":"https:\/\/wifi.se\/es\/"},{"@type":"ListItem","position":2,"name":"Tienda","item":"https:\/\/wifi.se\/es\/compra-en-nuestra-tienda-online\/"},{"@type":"ListItem","position":3,"name":"Adaptador Apple TV para USB \/ 12V &#8211; Versi\u00f3n Nueva"}]},{"@type":"WebSite","@id":"https:\/\/wifi.se\/es\/#website","url":"https:\/\/wifi.se\/es\/","name":"WIFI.SE\/ES","description":"INTERNET EN TODAS PARTES","potentialAction":[{"@type":"SearchAction","target":{"@type":"EntryPoint","urlTemplate":"https:\/\/wifi.se\/es\/?s={search_term_string}"},"query-input":{"@type":"PropertyValueSpecification","valueRequired":true,"valueName":"search_term_string"}}],"inLanguage":"es"}]}},"_links":{"self":[{"href":"https:\/\/wifi.se\/es\/wp-json\/wp\/v2\/product\/19627","targetHints":{"allow":["GET"]}}],"collection":[{"href":"https:\/\/wifi.se\/es\/wp-json\/wp\/v2\/product"}],"about":[{"href":"https:\/\/wifi.se\/es\/wp-json\/wp\/v2\/types\/product"}],"wp:featuredmedia":[{"embeddable":true,"href":"https:\/\/wifi.se\/es\/wp-json\/wp\/v2\/media\/30929"}],"wp:attachment":[{"href":"https:\/\/wifi.se\/es\/wp-json\/wp\/v2\/media?parent=19627"}],"wp:term":[{"taxonomy":"product_brand","embeddable":true,"href":"https:\/\/wifi.se\/es\/wp-json\/wp\/v2\/product_brand?post=19627"},{"taxonomy":"product_cat","embeddable":true,"href":"https:\/\/wifi.se\/es\/wp-json\/wp\/v2\/product_cat?post=19627"},{"taxonomy":"product_tag","embeddable":true,"href":"https:\/\/wifi.se\/es\/wp-json\/wp\/v2\/product_tag?post=19627"}],"curies":[{"name":"wp","href":"https:\/\/api.w.org\/{rel}","templated":true}]}}